{"id":173330,"date":"2022-09-27T15:11:09","date_gmt":"2022-09-27T14:11:09","guid":{"rendered":"https:\/\/dev.tg4.ie\/?page_id=173330"},"modified":"2022-09-27T15:11:09","modified_gmt":"2022-09-27T14:11:09","slug":"sceim-forbartha-oiliuna-sna-meain-a-reachtail-ag-tg4-udaras-na-gaeltachta-don-triu-bliain-as-a-cheile","status":"publish","type":"page","link":"https:\/\/dev.tg4.ie\/ga\/eolas\/preas\/nuacht-raitis\/2022-2\/sceim-forbartha-oiliuna-sna-meain-a-reachtail-ag-tg4-udaras-na-gaeltachta-don-triu-bliain-as-a-cheile\/","title":{"rendered":"Sc\u00e9im Forbartha Oili\u00fana sna Me\u00e1in \u00e1 re\u00e1cht\u00e1il ag TG4 &#038; \u00dadar\u00e1s na Gaeltachta don tr\u00ed\u00fa bliain as a ch\u00e9ile"},"content":{"rendered":"<p><img loading=\"lazy\" decoding=\"async\" width=\"1920\" height=\"1080\" src=\"https:\/\/tg4-docs.s3.amazonaws.com\/wp-content\/uploads\/2022\/09\/27145424\/TG4-Udaras-ATU_2022_1-1920x1080-1.jpg\" alt=\"\" class=\"alignnone size-full wp-image-173331\" srcset=\"https:\/\/tg4-docs.s3.amazonaws.com\/wp-content\/uploads\/2022\/09\/27145424\/TG4-Udaras-ATU_2022_1-1920x1080-1.jpg 1920w, https:\/\/tg4-docs.s3.amazonaws.com\/wp-content\/uploads\/2022\/09\/27145424\/TG4-Udaras-ATU_2022_1-1920x1080-1-250x141.jpg 250w, https:\/\/tg4-docs.s3.amazonaws.com\/wp-content\/uploads\/2022\/09\/27145424\/TG4-Udaras-ATU_2022_1-1920x1080-1-700x394.jpg 700w, https:\/\/tg4-docs.s3.amazonaws.com\/wp-content\/uploads\/2022\/09\/27145424\/TG4-Udaras-ATU_2022_1-1920x1080-1-252x141.jpg 252w, https:\/\/tg4-docs.s3.amazonaws.com\/wp-content\/uploads\/2022\/09\/27145424\/TG4-Udaras-ATU_2022_1-1920x1080-1-1536x864.jpg 1536w, https:\/\/tg4-docs.s3.amazonaws.com\/wp-content\/uploads\/2022\/09\/27145424\/TG4-Udaras-ATU_2022_1-1920x1080-1-120x68.jpg 120w\" sizes=\"(max-width: 1920px) 100vw, 1920px\" \/><br \/>\n&nbsp;<br \/>\nCuireadh t\u00fas leis an <strong>Sc\u00e9im Forbartha Oili\u00fana sna Me\u00e1in<\/strong>; sc\u00e9im oili\u00fana idir <strong>TG4<\/strong> agus <strong>\u00dadar\u00e1s na Gaeltachta<\/strong> inniu in Ollscoil Teicneola\u00edochta an Atlantaigh. Is \u00ed seo an tr\u00ed\u00fa bliain den sc\u00e9im a bhfuil s\u00e9 mar aidhm aici taca\u00edocht a thabhairt do chomhlachta\u00ed l\u00e9iri\u00fach\u00e1in san earn\u00e1il neamhsple\u00e1ch scileanna agus cumas fhoireann an chomhlachta a fhorbairt, agus daoine cumasacha nua a bhfuil Gaeilge acu a thabhairt ar aghaidh sa tionscal.<br \/>\n&nbsp;<br \/>\nD\u00e9anfaidh TG4 agus \u00dadar\u00e1s na Gaeltachta araon infheist\u00edocht shuntasach \u20ac160,000 sa sc\u00e9im agus t\u00e1 taca\u00edocht oili\u00fana ar f\u00e1il do na rannph\u00e1irtithe i gcomhph\u00e1irt le Gr\u00e9as\u00e1n na Me\u00e1n Skillnet, Ollscoil Teicneola\u00edochta an Atlantaigh agus CREW digital. Beidh creidi\u00faint Leibh\u00e9al 8 ar f\u00e1il i gCleachtas na Me\u00e1n ag deireadh na sc\u00e9ime.<br \/>\n&nbsp;<br \/>\nTri\u00far d\u00e9ag ar fad at\u00e1 roghnaithe don sc\u00e9im a bheidh lonnaithe i ndeich gcomhlacht \u00f3 Dh\u00fan na nGall go dt\u00ed An Rinn.<br \/>\n&nbsp;<br \/>\nD\u00fairt <strong>Alan Esslemont, Ard-Sti\u00farth\u00f3ir TG4<\/strong>: <em>\u201cT\u00e1 an-\u00e1thas orm go bhfuil TG4 agus \u00dadar\u00e1s na Gaeltachta i gcomhph\u00e1irt le ch\u00e9ile chun an sc\u00e9im seo a chur ar f\u00e1il don tr\u00ed\u00fa bliain. D\u2019\u00e9irigh go maith leis an sc\u00e9im le dh\u00e1 bhliain anuas.  T\u00e1 TG4 l\u00e1rnach san fhorbairt r\u00e9igi\u00fanach agus t\u00e1 s\u00e9 mar aidhm ag TG4 in\u00e1r bhF\u00eds Tar \u00c9is Covid earn\u00e1il na l\u00e9iritheoir\u00ed neamhsple\u00e1cha a threisi\u00fa agus bonn a chur faoin earn\u00e1il sna ceantair Ghaeltachta. Gu\u00edm gach rath ar na rannph\u00e1irtithe i mbliana agus t\u00e1im ag s\u00fail le toradh a gcuid oibre a fheice\u00e1il ar TG4 amach anseo.\u201d<\/em><br \/>\n&nbsp;<br \/>\nD\u00fairt <strong>Colm \u00d3 Coisdealbha, Pr\u00edomhfheidhmeannach Eatramhach \u00dadar\u00e1s na Gaeltachta<\/strong>: <em>\u201cIs c\u00fais \u00e1thais d\u00fainn go bhfuil an sc\u00e9im faoi l\u00e1n seoil ar\u00eds don tr\u00ed\u00fa bliain, a bhu\u00edochas sin don chomhph\u00e1irt\u00edocht idir muid f\u00e9in agus TG4. T\u00e1 blianta fada caite ag an \u00dadar\u00e1s ag obair le tionscal na me\u00e1n cruthaitheach agus is iontach an rud \u00e9 go bhfuil t\u00f3ir ar an sc\u00e9im nu\u00e1la\u00edoch bhr\u00edomhar seo agus go bhfuil sruth daoine cumasacha agus scileanna nua san earn\u00e1il closamhairc agus me\u00e1n digiteach Gaeilge in 2022 \u00e1 fhorbairt.\u201d<\/em><br \/>\n&nbsp;<br \/>\nD\u00fairt <strong>Celine Curtin, Ceann Roinne Eala\u00edon Cruthaitheach &#038; Me\u00e1in, Ollscoil Teicneola\u00edochta an Atlantaigh<\/strong> <em>\u201cIs deis iontach agus nu\u00e1lach d\u2019oili\u00fanaithe an Ch\u00e1il\u00edocht seo ag Leibh\u00e9al 8 i gCleachtas na Me\u00e1n chun blaiseadh den tionscal a fh\u00e1il agus an taith\u00ed at\u00e1 acu ar bheith ag obair i gcomhlachta\u00ed neamhsple\u00e1cha l\u00e9iri\u00fach\u00e1in a fhorbairt. T\u00e1 an chomhph\u00e1irt\u00edocht seo idir ATU, TG4, \u00dadar\u00e1s na Gaeltachta, CREW agus an tionscal ag teacht go foirfe le forbairt\u00ed i gcl\u00e1ir ATU sa Scann\u00e1na\u00edocht &#038; D\u00e9anamh Cl\u00e1r Faisn\u00e9ise agus sna Me\u00e1in Chruthaitheacha. Beidh forbairt\u00ed den scoth san earn\u00e1il mar thoradh ar an obair i gcomhar dhearfach seo ar fad.\u201d<\/em><br \/>\n&nbsp;<\/p>\n","protected":false},"excerpt":{"rendered":"<p>&nbsp; Cuireadh t\u00fas leis an Sc\u00e9im Forbartha Oili\u00fana sna Me\u00e1in; sc\u00e9im oili\u00fana idir TG4 agus \u00dadar\u00e1s na Gaeltachta inniu in Ollscoil Teicneola\u00edochta an Atlantaigh. Is \u00ed seo an tr\u00ed\u00fa bliain den sc\u00e9im a bhfuil s\u00e9 mar aidhm aici taca\u00edocht a thabhairt do chomhlachta\u00ed l\u00e9iri\u00fach\u00e1in san earn\u00e1il neamhsple\u00e1ch scileanna agus cumas fhoireann an chomhlachta a fhorbairt, [&hellip;]<\/p>\n","protected":false},"author":876,"featured_media":0,"parent":138171,"menu_order":29,"comment_status":"closed","ping_status":"closed","template":"page-templates\/template-pr.php","meta":{"_acf_changed":false,"footnotes":""},"acf":[],"yoast_head":"<!-- This site is optimized with the Yoast SEO plugin v22.6 - https:\/\/yoast.com\/wordpress\/plugins\/seo\/ -->\n<title>Sc\u00e9im Forbartha Oili\u00fana sna Me\u00e1in \u00e1 re\u00e1cht\u00e1il ag TG4 &amp; \u00dadar\u00e1s na Gaeltachta don tr\u00ed\u00fa bliain as a ch\u00e9ile | Preas R\u00e1iteas | TG4<\/title>\n<meta name=\"description\" content=\"Cuireadh t\u00fas leis an Sc\u00e9im Forbartha Oili\u00fana sna Me\u00e1in; sc\u00e9im oili\u00fana idir TG4 agus \u00dadar\u00e1s na Gaeltachta inniu in Ollscoil Teicneola\u00edochta an Atlantaigh.\" \/>\n<meta name=\"robots\" content=\"index, follow, max-snippet:-1, max-image-preview:large, max-video-preview:-1\" \/>\n<meta property=\"og:locale\" content=\"en_US\" \/>\n<meta property=\"og:type\" content=\"article\" \/>\n<meta property=\"og:title\" content=\"Sc\u00e9im Forbartha Oili\u00fana sna Me\u00e1in \u00e1 re\u00e1cht\u00e1il ag TG4 &amp; \u00dadar\u00e1s na Gaeltachta don tr\u00ed\u00fa bliain as a ch\u00e9ile | Preas R\u00e1iteas | TG4\" \/>\n<meta property=\"og:description\" content=\"Cuireadh t\u00fas leis an Sc\u00e9im Forbartha Oili\u00fana sna Me\u00e1in; sc\u00e9im oili\u00fana idir TG4 agus \u00dadar\u00e1s na Gaeltachta inniu in Ollscoil Teicneola\u00edochta an Atlantaigh.\" \/>\n<meta property=\"og:url\" content=\"https:\/\/dev.tg4.ie\/ga\/eolas\/preas\/nuacht-raitis\/2022-2\/sceim-forbartha-oiliuna-sna-meain-a-reachtail-ag-tg4-udaras-na-gaeltachta-don-triu-bliain-as-a-cheile\/\" \/>\n<meta property=\"og:site_name\" content=\"TG4\" \/>\n<meta property=\"article:publisher\" content=\"https:\/\/www.facebook.com\/TG4TV\" \/>\n<meta property=\"og:image\" content=\"https:\/\/tg4-docs.s3.amazonaws.com\/wp-content\/uploads\/2022\/09\/27145424\/TG4-Udaras-ATU_2022_1-1920x1080-1.jpg\" \/>\n\t<meta property=\"og:image:width\" content=\"1920\" \/>\n\t<meta property=\"og:image:height\" content=\"1080\" \/>\n\t<meta property=\"og:image:type\" content=\"image\/jpeg\" \/>\n<meta name=\"twitter:card\" content=\"summary_large_image\" \/>\n<meta name=\"twitter:image\" content=\"https:\/\/tg4-docs.s3.amazonaws.com\/wp-content\/uploads\/2022\/09\/27145424\/TG4-Udaras-ATU_2022_1-1920x1080-1.jpg\" \/>\n<meta name=\"twitter:site\" content=\"@TG4TV\" \/>\n<meta name=\"twitter:label1\" content=\"Est. reading time\" \/>\n\t<meta name=\"twitter:data1\" content=\"3 minutes\" \/>\n<script type=\"application\/ld+json\" class=\"yoast-schema-graph\">{\"@context\":\"https:\/\/schema.org\",\"@graph\":[{\"@type\":\"WebPage\",\"@id\":\"https:\/\/dev.tg4.ie\/ga\/eolas\/preas\/nuacht-raitis\/2022-2\/sceim-forbartha-oiliuna-sna-meain-a-reachtail-ag-tg4-udaras-na-gaeltachta-don-triu-bliain-as-a-cheile\/\",\"url\":\"https:\/\/dev.tg4.ie\/ga\/eolas\/preas\/nuacht-raitis\/2022-2\/sceim-forbartha-oiliuna-sna-meain-a-reachtail-ag-tg4-udaras-na-gaeltachta-don-triu-bliain-as-a-cheile\/\",\"name\":\"Sc\u00e9im Forbartha Oili\u00fana sna Me\u00e1in \u00e1 re\u00e1cht\u00e1il ag TG4 & \u00dadar\u00e1s na Gaeltachta don tr\u00ed\u00fa bliain as a ch\u00e9ile | Preas R\u00e1iteas | TG4\",\"isPartOf\":{\"@id\":\"https:\/\/dev.tg4.ie\/en\/#website\"},\"primaryImageOfPage\":{\"@id\":\"https:\/\/dev.tg4.ie\/ga\/eolas\/preas\/nuacht-raitis\/2022-2\/sceim-forbartha-oiliuna-sna-meain-a-reachtail-ag-tg4-udaras-na-gaeltachta-don-triu-bliain-as-a-cheile\/#primaryimage\"},\"image\":{\"@id\":\"https:\/\/dev.tg4.ie\/ga\/eolas\/preas\/nuacht-raitis\/2022-2\/sceim-forbartha-oiliuna-sna-meain-a-reachtail-ag-tg4-udaras-na-gaeltachta-don-triu-bliain-as-a-cheile\/#primaryimage\"},\"thumbnailUrl\":\"https:\/\/dev.tg4.ie\/wp-content\/uploads\/2022\/09\/TG4-Udaras-ATU_2022_1-1920x1080-1.jpg\",\"datePublished\":\"2022-09-27T14:11:09+00:00\",\"dateModified\":\"2022-09-27T14:11:09+00:00\",\"description\":\"Cuireadh t\u00fas leis an Sc\u00e9im Forbartha Oili\u00fana sna Me\u00e1in; sc\u00e9im oili\u00fana idir TG4 agus \u00dadar\u00e1s na Gaeltachta inniu in Ollscoil Teicneola\u00edochta an Atlantaigh.\",\"breadcrumb\":{\"@id\":\"https:\/\/dev.tg4.ie\/ga\/eolas\/preas\/nuacht-raitis\/2022-2\/sceim-forbartha-oiliuna-sna-meain-a-reachtail-ag-tg4-udaras-na-gaeltachta-don-triu-bliain-as-a-cheile\/#breadcrumb\"},\"inLanguage\":\"ga\",\"potentialAction\":[{\"@type\":\"ReadAction\",\"target\":[\"https:\/\/dev.tg4.ie\/ga\/eolas\/preas\/nuacht-raitis\/2022-2\/sceim-forbartha-oiliuna-sna-meain-a-reachtail-ag-tg4-udaras-na-gaeltachta-don-triu-bliain-as-a-cheile\/\"]}]},{\"@type\":\"ImageObject\",\"inLanguage\":\"ga\",\"@id\":\"https:\/\/dev.tg4.ie\/ga\/eolas\/preas\/nuacht-raitis\/2022-2\/sceim-forbartha-oiliuna-sna-meain-a-reachtail-ag-tg4-udaras-na-gaeltachta-don-triu-bliain-as-a-cheile\/#primaryimage\",\"url\":\"https:\/\/dev.tg4.ie\/wp-content\/uploads\/2022\/09\/TG4-Udaras-ATU_2022_1-1920x1080-1.jpg\",\"contentUrl\":\"https:\/\/dev.tg4.ie\/wp-content\/uploads\/2022\/09\/TG4-Udaras-ATU_2022_1-1920x1080-1.jpg\"},{\"@type\":\"BreadcrumbList\",\"@id\":\"https:\/\/dev.tg4.ie\/ga\/eolas\/preas\/nuacht-raitis\/2022-2\/sceim-forbartha-oiliuna-sna-meain-a-reachtail-ag-tg4-udaras-na-gaeltachta-don-triu-bliain-as-a-cheile\/#breadcrumb\",\"itemListElement\":[{\"@type\":\"ListItem\",\"position\":1,\"name\":\"Home\",\"item\":\"https:\/\/dev.tg4.ie\/ga\/\"},{\"@type\":\"ListItem\",\"position\":2,\"name\":\"Eolas\",\"item\":\"https:\/\/dev.tg4.ie\/ga\/eolas\/\"},{\"@type\":\"ListItem\",\"position\":3,\"name\":\"Preas\",\"item\":\"https:\/\/dev.tg4.ie\/ga\/eolas\/preas\/\"},{\"@type\":\"ListItem\",\"position\":4,\"name\":\"Nuacht R\u00e1itis\",\"item\":\"https:\/\/dev.tg4.ie\/ga\/eolas\/preas\/nuacht-raitis\/\"},{\"@type\":\"ListItem\",\"position\":5,\"name\":\"2022\",\"item\":\"https:\/\/dev.tg4.ie\/ga\/eolas\/preas\/nuacht-raitis\/2022-2\/\"},{\"@type\":\"ListItem\",\"position\":6,\"name\":\"Sc\u00e9im Forbartha Oili\u00fana sna Me\u00e1in \u00e1 re\u00e1cht\u00e1il ag TG4 &#038; \u00dadar\u00e1s na Gaeltachta don tr\u00ed\u00fa bliain as a ch\u00e9ile\"}]},{\"@type\":\"WebSite\",\"@id\":\"https:\/\/dev.tg4.ie\/en\/#website\",\"url\":\"https:\/\/dev.tg4.ie\/en\/\",\"name\":\"TG4\",\"description\":\"S\u00fail Eile\",\"potentialAction\":[{\"@type\":\"SearchAction\",\"target\":{\"@type\":\"EntryPoint\",\"urlTemplate\":\"https:\/\/dev.tg4.ie\/en\/?s={search_term_string}\"},\"query-input\":\"required name=search_term_string\"}],\"inLanguage\":\"ga\"}]}<\/script>\n<!-- \/ Yoast SEO plugin. -->","yoast_head_json":{"title":"Sc\u00e9im Forbartha Oili\u00fana sna Me\u00e1in \u00e1 re\u00e1cht\u00e1il ag TG4 & \u00dadar\u00e1s na Gaeltachta don tr\u00ed\u00fa bliain as a ch\u00e9ile | Preas R\u00e1iteas | TG4","description":"Cuireadh t\u00fas leis an Sc\u00e9im Forbartha Oili\u00fana sna Me\u00e1in; sc\u00e9im oili\u00fana idir TG4 agus \u00dadar\u00e1s na Gaeltachta inniu in Ollscoil Teicneola\u00edochta an Atlantaigh.","robots":{"index":"index","follow":"follow","max-snippet":"max-snippet:-1","max-image-preview":"max-image-preview:large","max-video-preview":"max-video-preview:-1"},"og_locale":"en_US","og_type":"article","og_title":"Sc\u00e9im Forbartha Oili\u00fana sna Me\u00e1in \u00e1 re\u00e1cht\u00e1il ag TG4 & \u00dadar\u00e1s na Gaeltachta don tr\u00ed\u00fa bliain as a ch\u00e9ile | Preas R\u00e1iteas | TG4","og_description":"Cuireadh t\u00fas leis an Sc\u00e9im Forbartha Oili\u00fana sna Me\u00e1in; sc\u00e9im oili\u00fana idir TG4 agus \u00dadar\u00e1s na Gaeltachta inniu in Ollscoil Teicneola\u00edochta an Atlantaigh.","og_url":"https:\/\/dev.tg4.ie\/ga\/eolas\/preas\/nuacht-raitis\/2022-2\/sceim-forbartha-oiliuna-sna-meain-a-reachtail-ag-tg4-udaras-na-gaeltachta-don-triu-bliain-as-a-cheile\/","og_site_name":"TG4","article_publisher":"https:\/\/www.facebook.com\/TG4TV","og_image":[{"width":1920,"height":1080,"url":"https:\/\/tg4-docs.s3.amazonaws.com\/wp-content\/uploads\/2022\/09\/27145424\/TG4-Udaras-ATU_2022_1-1920x1080-1.jpg","type":"image\/jpeg"}],"twitter_card":"summary_large_image","twitter_image":"https:\/\/tg4-docs.s3.amazonaws.com\/wp-content\/uploads\/2022\/09\/27145424\/TG4-Udaras-ATU_2022_1-1920x1080-1.jpg","twitter_site":"@TG4TV","twitter_misc":{"Est. reading time":"3 minutes"},"schema":{"@context":"https:\/\/schema.org","@graph":[{"@type":"WebPage","@id":"https:\/\/dev.tg4.ie\/ga\/eolas\/preas\/nuacht-raitis\/2022-2\/sceim-forbartha-oiliuna-sna-meain-a-reachtail-ag-tg4-udaras-na-gaeltachta-don-triu-bliain-as-a-cheile\/","url":"https:\/\/dev.tg4.ie\/ga\/eolas\/preas\/nuacht-raitis\/2022-2\/sceim-forbartha-oiliuna-sna-meain-a-reachtail-ag-tg4-udaras-na-gaeltachta-don-triu-bliain-as-a-cheile\/","name":"Sc\u00e9im Forbartha Oili\u00fana sna Me\u00e1in \u00e1 re\u00e1cht\u00e1il ag TG4 & \u00dadar\u00e1s na Gaeltachta don tr\u00ed\u00fa bliain as a ch\u00e9ile | Preas R\u00e1iteas | TG4","isPartOf":{"@id":"https:\/\/dev.tg4.ie\/en\/#website"},"primaryImageOfPage":{"@id":"https:\/\/dev.tg4.ie\/ga\/eolas\/preas\/nuacht-raitis\/2022-2\/sceim-forbartha-oiliuna-sna-meain-a-reachtail-ag-tg4-udaras-na-gaeltachta-don-triu-bliain-as-a-cheile\/#primaryimage"},"image":{"@id":"https:\/\/dev.tg4.ie\/ga\/eolas\/preas\/nuacht-raitis\/2022-2\/sceim-forbartha-oiliuna-sna-meain-a-reachtail-ag-tg4-udaras-na-gaeltachta-don-triu-bliain-as-a-cheile\/#primaryimage"},"thumbnailUrl":"https:\/\/dev.tg4.ie\/wp-content\/uploads\/2022\/09\/TG4-Udaras-ATU_2022_1-1920x1080-1.jpg","datePublished":"2022-09-27T14:11:09+00:00","dateModified":"2022-09-27T14:11:09+00:00","description":"Cuireadh t\u00fas leis an Sc\u00e9im Forbartha Oili\u00fana sna Me\u00e1in; sc\u00e9im oili\u00fana idir TG4 agus \u00dadar\u00e1s na Gaeltachta inniu in Ollscoil Teicneola\u00edochta an Atlantaigh.","breadcrumb":{"@id":"https:\/\/dev.tg4.ie\/ga\/eolas\/preas\/nuacht-raitis\/2022-2\/sceim-forbartha-oiliuna-sna-meain-a-reachtail-ag-tg4-udaras-na-gaeltachta-don-triu-bliain-as-a-cheile\/#breadcrumb"},"inLanguage":"ga","potentialAction":[{"@type":"ReadAction","target":["https:\/\/dev.tg4.ie\/ga\/eolas\/preas\/nuacht-raitis\/2022-2\/sceim-forbartha-oiliuna-sna-meain-a-reachtail-ag-tg4-udaras-na-gaeltachta-don-triu-bliain-as-a-cheile\/"]}]},{"@type":"ImageObject","inLanguage":"ga","@id":"https:\/\/dev.tg4.ie\/ga\/eolas\/preas\/nuacht-raitis\/2022-2\/sceim-forbartha-oiliuna-sna-meain-a-reachtail-ag-tg4-udaras-na-gaeltachta-don-triu-bliain-as-a-cheile\/#primaryimage","url":"https:\/\/dev.tg4.ie\/wp-content\/uploads\/2022\/09\/TG4-Udaras-ATU_2022_1-1920x1080-1.jpg","contentUrl":"https:\/\/dev.tg4.ie\/wp-content\/uploads\/2022\/09\/TG4-Udaras-ATU_2022_1-1920x1080-1.jpg"},{"@type":"BreadcrumbList","@id":"https:\/\/dev.tg4.ie\/ga\/eolas\/preas\/nuacht-raitis\/2022-2\/sceim-forbartha-oiliuna-sna-meain-a-reachtail-ag-tg4-udaras-na-gaeltachta-don-triu-bliain-as-a-cheile\/#breadcrumb","itemListElement":[{"@type":"ListItem","position":1,"name":"Home","item":"https:\/\/dev.tg4.ie\/ga\/"},{"@type":"ListItem","position":2,"name":"Eolas","item":"https:\/\/dev.tg4.ie\/ga\/eolas\/"},{"@type":"ListItem","position":3,"name":"Preas","item":"https:\/\/dev.tg4.ie\/ga\/eolas\/preas\/"},{"@type":"ListItem","position":4,"name":"Nuacht R\u00e1itis","item":"https:\/\/dev.tg4.ie\/ga\/eolas\/preas\/nuacht-raitis\/"},{"@type":"ListItem","position":5,"name":"2022","item":"https:\/\/dev.tg4.ie\/ga\/eolas\/preas\/nuacht-raitis\/2022-2\/"},{"@type":"ListItem","position":6,"name":"Sc\u00e9im Forbartha Oili\u00fana sna Me\u00e1in \u00e1 re\u00e1cht\u00e1il ag TG4 &#038; \u00dadar\u00e1s na Gaeltachta don tr\u00ed\u00fa bliain as a ch\u00e9ile"}]},{"@type":"WebSite","@id":"https:\/\/dev.tg4.ie\/en\/#website","url":"https:\/\/dev.tg4.ie\/en\/","name":"TG4","description":"S\u00fail Eile","potentialAction":[{"@type":"SearchAction","target":{"@type":"EntryPoint","urlTemplate":"https:\/\/dev.tg4.ie\/en\/?s={search_term_string}"},"query-input":"required name=search_term_string"}],"inLanguage":"ga"}]}},"_links":{"self":[{"href":"https:\/\/dev.tg4.ie\/ga\/wp-json\/wp\/v2\/pages\/173330"}],"collection":[{"href":"https:\/\/dev.tg4.ie\/ga\/wp-json\/wp\/v2\/pages"}],"about":[{"href":"https:\/\/dev.tg4.ie\/ga\/wp-json\/wp\/v2\/types\/page"}],"author":[{"embeddable":true,"href":"https:\/\/dev.tg4.ie\/ga\/wp-json\/wp\/v2\/users\/876"}],"replies":[{"embeddable":true,"href":"https:\/\/dev.tg4.ie\/ga\/wp-json\/wp\/v2\/comments?post=173330"}],"version-history":[{"count":0,"href":"https:\/\/dev.tg4.ie\/ga\/wp-json\/wp\/v2\/pages\/173330\/revisions"}],"up":[{"embeddable":true,"href":"https:\/\/dev.tg4.ie\/ga\/wp-json\/wp\/v2\/pages\/138171"}],"wp:attachment":[{"href":"https:\/\/dev.tg4.ie\/ga\/wp-json\/wp\/v2\/media?parent=173330"}],"curies":[{"name":"wp","href":"https:\/\/api.w.org\/{rel}","templated":true}]}}