{"id":173338,"date":"2022-09-27T17:18:47","date_gmt":"2022-09-27T16:18:47","guid":{"rendered":"https:\/\/dev.tg4.ie\/?page_id=173338"},"modified":"2022-09-28T12:28:07","modified_gmt":"2022-09-28T11:28:07","slug":"e7-3m-do-mhaoiniu-breise-on-rialtas-do-tg4-in-2023","status":"publish","type":"page","link":"https:\/\/dev.tg4.ie\/ga\/eolas\/preas\/nuacht-raitis\/2022-2\/e7-3m-do-mhaoiniu-breise-on-rialtas-do-tg4-in-2023\/","title":{"rendered":"\u20ac7.3m do mhaoini\u00fa breise \u00f3n rialtas do TG4 in 2023"},"content":{"rendered":"<p><img loading=\"lazy\" decoding=\"async\" width=\"1920\" height=\"1080\" src=\"https:\/\/tg4-docs.s3.amazonaws.com\/wp-content\/uploads\/2022\/09\/27170923\/Alan_Esslemont___TG4_Buisead2023_1-1920x1080-1.jpg\" alt=\"\" class=\"alignnone size-full wp-image-173339\" srcset=\"https:\/\/tg4-docs.s3.amazonaws.com\/wp-content\/uploads\/2022\/09\/27170923\/Alan_Esslemont___TG4_Buisead2023_1-1920x1080-1.jpg 1920w, https:\/\/tg4-docs.s3.amazonaws.com\/wp-content\/uploads\/2022\/09\/27170923\/Alan_Esslemont___TG4_Buisead2023_1-1920x1080-1-250x141.jpg 250w, https:\/\/tg4-docs.s3.amazonaws.com\/wp-content\/uploads\/2022\/09\/27170923\/Alan_Esslemont___TG4_Buisead2023_1-1920x1080-1-700x394.jpg 700w, https:\/\/tg4-docs.s3.amazonaws.com\/wp-content\/uploads\/2022\/09\/27170923\/Alan_Esslemont___TG4_Buisead2023_1-1920x1080-1-252x141.jpg 252w, https:\/\/tg4-docs.s3.amazonaws.com\/wp-content\/uploads\/2022\/09\/27170923\/Alan_Esslemont___TG4_Buisead2023_1-1920x1080-1-1536x864.jpg 1536w, https:\/\/tg4-docs.s3.amazonaws.com\/wp-content\/uploads\/2022\/09\/27170923\/Alan_Esslemont___TG4_Buisead2023_1-1920x1080-1-120x68.jpg 120w\" sizes=\"(max-width: 1920px) 100vw, 1920px\" \/><br \/>\n&nbsp;<br \/>\nCuireann TG4 f\u00e1ilte roimh fh\u00f3gra an rialtais sa ch\u00e1inaisn\u00e9is inniu go mbeidh \u20ac7.3m de mhaoini\u00fa breise do TG4 in 2023.<br \/>\n&nbsp;<br \/>\nD\u00fairt <strong>Ard-Sti\u00farth\u00f3ir TG4 Alan Esslemont<\/strong>, <em>&#8220;T\u00e1 m\u00e9 an-bhu\u00edoch den Aire Catherine Martin as a ceannaireacht fhadbhreathna\u00edoch mar Aire.  T\u00e1 m\u00e9 go m\u00f3r faoi chomaoin ag Ard-R\u00fana\u00ed agus oifigigh na Roinne as a dtaca\u00edocht lean\u00fanach do strait\u00e9is TG4, strait\u00e9is \u2018F\u00eds tar \u00e9is Covid\u2019 a chum Bord TG4 faoi sti\u00fair stuama iar-Chathaoirligh TG4, Si\u00fan N\u00ed Raghallaigh.<\/p>\n<p>L\u00e9ir\u00edonn an t-ard\u00fa suntasach seo i mBuis\u00e9ad TG4 muin\u00edn an Rialtais as bainist\u00edocht agus as foireann TG4 agus as an earn\u00e1il neamhsple\u00e1ch chruthaitheach a chuireann \u00e1bhar den scoth ar f\u00e1il do lucht f\u00e9achana na h\u00c9ireann.  T\u00e1 tionchar m\u00f3r ag na me\u00e1in ar theangacha mionlaigh ar fud an domhain mar go mbronnan siad st\u00e1das ar na teangacha sin. Is \u00ed f\u00eds strait\u00e9iseach TG4 n\u00e1 teacht ar acmhainn\u00ed at\u00e1 ar chomhcheim le acmhainn\u00ed S4C sa Bhreatainn Bheag agus EITB i dT\u00edr na mBascach.  Leanfar anois leis an obair chun an sprioc sin a bhaint amach.&#8221;<\/em><br \/>\n&nbsp;<\/p>\n","protected":false},"excerpt":{"rendered":"<p>&nbsp; Cuireann TG4 f\u00e1ilte roimh fh\u00f3gra an rialtais sa ch\u00e1inaisn\u00e9is inniu go mbeidh \u20ac7.3m de mhaoini\u00fa breise do TG4 in 2023. &nbsp; D\u00fairt Ard-Sti\u00farth\u00f3ir TG4 Alan Esslemont, &#8220;T\u00e1 m\u00e9 an-bhu\u00edoch den Aire Catherine Martin as a ceannaireacht fhadbhreathna\u00edoch mar Aire. T\u00e1 m\u00e9 go m\u00f3r faoi chomaoin ag Ard-R\u00fana\u00ed agus oifigigh na Roinne as a dtaca\u00edocht [&hellip;]<\/p>\n","protected":false},"author":876,"featured_media":0,"parent":138171,"menu_order":30,"comment_status":"closed","ping_status":"closed","template":"page-templates\/template-pr.php","meta":{"_acf_changed":false,"footnotes":""},"acf":[],"yoast_head":"<!-- This site is optimized with the Yoast SEO plugin v22.6 - https:\/\/yoast.com\/wordpress\/plugins\/seo\/ -->\n<title>\u20ac7.3m do mhaoini\u00fa breise \u00f3n rialtas do TG4 in 2023 | Preas R\u00e1iteas | TG4<\/title>\n<meta name=\"description\" content=\"Cuireann TG4 f\u00e1ilte roimh fh\u00f3gra an rialtais sa ch\u00e1inaisn\u00e9is inniu go mbeidh \u20ac7.3m de mhaoini\u00fa breise do TG4 in 2023.\" \/>\n<meta name=\"robots\" content=\"index, follow, max-snippet:-1, max-image-preview:large, max-video-preview:-1\" \/>\n<meta property=\"og:locale\" content=\"en_US\" \/>\n<meta property=\"og:type\" content=\"article\" \/>\n<meta property=\"og:title\" content=\"\u20ac7.3m do mhaoini\u00fa breise \u00f3n rialtas do TG4 in 2023 | Preas R\u00e1iteas | TG4\" \/>\n<meta property=\"og:description\" content=\"Cuireann TG4 f\u00e1ilte roimh fh\u00f3gra an rialtais sa ch\u00e1inaisn\u00e9is inniu go mbeidh \u20ac7.3m de mhaoini\u00fa breise do TG4 in 2023.\" \/>\n<meta property=\"og:url\" content=\"https:\/\/dev.tg4.ie\/ga\/eolas\/preas\/nuacht-raitis\/2022-2\/e7-3m-do-mhaoiniu-breise-on-rialtas-do-tg4-in-2023\/\" \/>\n<meta property=\"og:site_name\" content=\"TG4\" \/>\n<meta property=\"article:publisher\" content=\"https:\/\/www.facebook.com\/TG4TV\" \/>\n<meta property=\"article:modified_time\" content=\"2022-09-28T11:28:07+00:00\" \/>\n<meta property=\"og:image\" content=\"https:\/\/tg4-docs.s3.amazonaws.com\/wp-content\/uploads\/2022\/09\/27170923\/Alan_Esslemont___TG4_Buisead2023_1-1920x1080-1.jpg\" \/>\n\t<meta property=\"og:image:width\" content=\"1920\" \/>\n\t<meta property=\"og:image:height\" content=\"1080\" \/>\n\t<meta property=\"og:image:type\" content=\"image\/jpeg\" \/>\n<meta name=\"twitter:card\" content=\"summary_large_image\" \/>\n<meta name=\"twitter:image\" content=\"https:\/\/tg4-docs.s3.amazonaws.com\/wp-content\/uploads\/2022\/09\/27170923\/Alan_Esslemont___TG4_Buisead2023_1-1920x1080-1.jpg\" \/>\n<meta name=\"twitter:site\" content=\"@TG4TV\" \/>\n<meta name=\"twitter:label1\" content=\"Est. reading time\" \/>\n\t<meta name=\"twitter:data1\" content=\"1 minute\" \/>\n<script type=\"application\/ld+json\" class=\"yoast-schema-graph\">{\"@context\":\"https:\/\/schema.org\",\"@graph\":[{\"@type\":\"WebPage\",\"@id\":\"https:\/\/dev.tg4.ie\/ga\/eolas\/preas\/nuacht-raitis\/2022-2\/e7-3m-do-mhaoiniu-breise-on-rialtas-do-tg4-in-2023\/\",\"url\":\"https:\/\/dev.tg4.ie\/ga\/eolas\/preas\/nuacht-raitis\/2022-2\/e7-3m-do-mhaoiniu-breise-on-rialtas-do-tg4-in-2023\/\",\"name\":\"\u20ac7.3m do mhaoini\u00fa breise \u00f3n rialtas do TG4 in 2023 | Preas R\u00e1iteas | TG4\",\"isPartOf\":{\"@id\":\"https:\/\/dev.tg4.ie\/en\/#website\"},\"primaryImageOfPage\":{\"@id\":\"https:\/\/dev.tg4.ie\/ga\/eolas\/preas\/nuacht-raitis\/2022-2\/e7-3m-do-mhaoiniu-breise-on-rialtas-do-tg4-in-2023\/#primaryimage\"},\"image\":{\"@id\":\"https:\/\/dev.tg4.ie\/ga\/eolas\/preas\/nuacht-raitis\/2022-2\/e7-3m-do-mhaoiniu-breise-on-rialtas-do-tg4-in-2023\/#primaryimage\"},\"thumbnailUrl\":\"https:\/\/dev.tg4.ie\/wp-content\/uploads\/2022\/09\/Alan_Esslemont___TG4_Buisead2023_1-1920x1080-1.jpg\",\"datePublished\":\"2022-09-27T16:18:47+00:00\",\"dateModified\":\"2022-09-28T11:28:07+00:00\",\"description\":\"Cuireann TG4 f\u00e1ilte roimh fh\u00f3gra an rialtais sa ch\u00e1inaisn\u00e9is inniu go mbeidh \u20ac7.3m de mhaoini\u00fa breise do TG4 in 2023.\",\"breadcrumb\":{\"@id\":\"https:\/\/dev.tg4.ie\/ga\/eolas\/preas\/nuacht-raitis\/2022-2\/e7-3m-do-mhaoiniu-breise-on-rialtas-do-tg4-in-2023\/#breadcrumb\"},\"inLanguage\":\"ga\",\"potentialAction\":[{\"@type\":\"ReadAction\",\"target\":[\"https:\/\/dev.tg4.ie\/ga\/eolas\/preas\/nuacht-raitis\/2022-2\/e7-3m-do-mhaoiniu-breise-on-rialtas-do-tg4-in-2023\/\"]}]},{\"@type\":\"ImageObject\",\"inLanguage\":\"ga\",\"@id\":\"https:\/\/dev.tg4.ie\/ga\/eolas\/preas\/nuacht-raitis\/2022-2\/e7-3m-do-mhaoiniu-breise-on-rialtas-do-tg4-in-2023\/#primaryimage\",\"url\":\"https:\/\/dev.tg4.ie\/wp-content\/uploads\/2022\/09\/Alan_Esslemont___TG4_Buisead2023_1-1920x1080-1.jpg\",\"contentUrl\":\"https:\/\/dev.tg4.ie\/wp-content\/uploads\/2022\/09\/Alan_Esslemont___TG4_Buisead2023_1-1920x1080-1.jpg\"},{\"@type\":\"BreadcrumbList\",\"@id\":\"https:\/\/dev.tg4.ie\/ga\/eolas\/preas\/nuacht-raitis\/2022-2\/e7-3m-do-mhaoiniu-breise-on-rialtas-do-tg4-in-2023\/#breadcrumb\",\"itemListElement\":[{\"@type\":\"ListItem\",\"position\":1,\"name\":\"Home\",\"item\":\"https:\/\/dev.tg4.ie\/ga\/\"},{\"@type\":\"ListItem\",\"position\":2,\"name\":\"Eolas\",\"item\":\"https:\/\/dev.tg4.ie\/ga\/eolas\/\"},{\"@type\":\"ListItem\",\"position\":3,\"name\":\"Preas\",\"item\":\"https:\/\/dev.tg4.ie\/ga\/eolas\/preas\/\"},{\"@type\":\"ListItem\",\"position\":4,\"name\":\"Nuacht R\u00e1itis\",\"item\":\"https:\/\/dev.tg4.ie\/ga\/eolas\/preas\/nuacht-raitis\/\"},{\"@type\":\"ListItem\",\"position\":5,\"name\":\"2022\",\"item\":\"https:\/\/dev.tg4.ie\/ga\/eolas\/preas\/nuacht-raitis\/2022-2\/\"},{\"@type\":\"ListItem\",\"position\":6,\"name\":\"\u20ac7.3m do mhaoini\u00fa breise \u00f3n rialtas do TG4 in 2023\"}]},{\"@type\":\"WebSite\",\"@id\":\"https:\/\/dev.tg4.ie\/en\/#website\",\"url\":\"https:\/\/dev.tg4.ie\/en\/\",\"name\":\"TG4\",\"description\":\"S\u00fail Eile\",\"potentialAction\":[{\"@type\":\"SearchAction\",\"target\":{\"@type\":\"EntryPoint\",\"urlTemplate\":\"https:\/\/dev.tg4.ie\/en\/?s={search_term_string}\"},\"query-input\":\"required name=search_term_string\"}],\"inLanguage\":\"ga\"}]}<\/script>\n<!-- \/ Yoast SEO plugin. -->","yoast_head_json":{"title":"\u20ac7.3m do mhaoini\u00fa breise \u00f3n rialtas do TG4 in 2023 | Preas R\u00e1iteas | TG4","description":"Cuireann TG4 f\u00e1ilte roimh fh\u00f3gra an rialtais sa ch\u00e1inaisn\u00e9is inniu go mbeidh \u20ac7.3m de mhaoini\u00fa breise do TG4 in 2023.","robots":{"index":"index","follow":"follow","max-snippet":"max-snippet:-1","max-image-preview":"max-image-preview:large","max-video-preview":"max-video-preview:-1"},"og_locale":"en_US","og_type":"article","og_title":"\u20ac7.3m do mhaoini\u00fa breise \u00f3n rialtas do TG4 in 2023 | Preas R\u00e1iteas | TG4","og_description":"Cuireann TG4 f\u00e1ilte roimh fh\u00f3gra an rialtais sa ch\u00e1inaisn\u00e9is inniu go mbeidh \u20ac7.3m de mhaoini\u00fa breise do TG4 in 2023.","og_url":"https:\/\/dev.tg4.ie\/ga\/eolas\/preas\/nuacht-raitis\/2022-2\/e7-3m-do-mhaoiniu-breise-on-rialtas-do-tg4-in-2023\/","og_site_name":"TG4","article_publisher":"https:\/\/www.facebook.com\/TG4TV","article_modified_time":"2022-09-28T11:28:07+00:00","og_image":[{"width":1920,"height":1080,"url":"https:\/\/tg4-docs.s3.amazonaws.com\/wp-content\/uploads\/2022\/09\/27170923\/Alan_Esslemont___TG4_Buisead2023_1-1920x1080-1.jpg","type":"image\/jpeg"}],"twitter_card":"summary_large_image","twitter_image":"https:\/\/tg4-docs.s3.amazonaws.com\/wp-content\/uploads\/2022\/09\/27170923\/Alan_Esslemont___TG4_Buisead2023_1-1920x1080-1.jpg","twitter_site":"@TG4TV","twitter_misc":{"Est. reading time":"1 minute"},"schema":{"@context":"https:\/\/schema.org","@graph":[{"@type":"WebPage","@id":"https:\/\/dev.tg4.ie\/ga\/eolas\/preas\/nuacht-raitis\/2022-2\/e7-3m-do-mhaoiniu-breise-on-rialtas-do-tg4-in-2023\/","url":"https:\/\/dev.tg4.ie\/ga\/eolas\/preas\/nuacht-raitis\/2022-2\/e7-3m-do-mhaoiniu-breise-on-rialtas-do-tg4-in-2023\/","name":"\u20ac7.3m do mhaoini\u00fa breise \u00f3n rialtas do TG4 in 2023 | Preas R\u00e1iteas | TG4","isPartOf":{"@id":"https:\/\/dev.tg4.ie\/en\/#website"},"primaryImageOfPage":{"@id":"https:\/\/dev.tg4.ie\/ga\/eolas\/preas\/nuacht-raitis\/2022-2\/e7-3m-do-mhaoiniu-breise-on-rialtas-do-tg4-in-2023\/#primaryimage"},"image":{"@id":"https:\/\/dev.tg4.ie\/ga\/eolas\/preas\/nuacht-raitis\/2022-2\/e7-3m-do-mhaoiniu-breise-on-rialtas-do-tg4-in-2023\/#primaryimage"},"thumbnailUrl":"https:\/\/dev.tg4.ie\/wp-content\/uploads\/2022\/09\/Alan_Esslemont___TG4_Buisead2023_1-1920x1080-1.jpg","datePublished":"2022-09-27T16:18:47+00:00","dateModified":"2022-09-28T11:28:07+00:00","description":"Cuireann TG4 f\u00e1ilte roimh fh\u00f3gra an rialtais sa ch\u00e1inaisn\u00e9is inniu go mbeidh \u20ac7.3m de mhaoini\u00fa breise do TG4 in 2023.","breadcrumb":{"@id":"https:\/\/dev.tg4.ie\/ga\/eolas\/preas\/nuacht-raitis\/2022-2\/e7-3m-do-mhaoiniu-breise-on-rialtas-do-tg4-in-2023\/#breadcrumb"},"inLanguage":"ga","potentialAction":[{"@type":"ReadAction","target":["https:\/\/dev.tg4.ie\/ga\/eolas\/preas\/nuacht-raitis\/2022-2\/e7-3m-do-mhaoiniu-breise-on-rialtas-do-tg4-in-2023\/"]}]},{"@type":"ImageObject","inLanguage":"ga","@id":"https:\/\/dev.tg4.ie\/ga\/eolas\/preas\/nuacht-raitis\/2022-2\/e7-3m-do-mhaoiniu-breise-on-rialtas-do-tg4-in-2023\/#primaryimage","url":"https:\/\/dev.tg4.ie\/wp-content\/uploads\/2022\/09\/Alan_Esslemont___TG4_Buisead2023_1-1920x1080-1.jpg","contentUrl":"https:\/\/dev.tg4.ie\/wp-content\/uploads\/2022\/09\/Alan_Esslemont___TG4_Buisead2023_1-1920x1080-1.jpg"},{"@type":"BreadcrumbList","@id":"https:\/\/dev.tg4.ie\/ga\/eolas\/preas\/nuacht-raitis\/2022-2\/e7-3m-do-mhaoiniu-breise-on-rialtas-do-tg4-in-2023\/#breadcrumb","itemListElement":[{"@type":"ListItem","position":1,"name":"Home","item":"https:\/\/dev.tg4.ie\/ga\/"},{"@type":"ListItem","position":2,"name":"Eolas","item":"https:\/\/dev.tg4.ie\/ga\/eolas\/"},{"@type":"ListItem","position":3,"name":"Preas","item":"https:\/\/dev.tg4.ie\/ga\/eolas\/preas\/"},{"@type":"ListItem","position":4,"name":"Nuacht R\u00e1itis","item":"https:\/\/dev.tg4.ie\/ga\/eolas\/preas\/nuacht-raitis\/"},{"@type":"ListItem","position":5,"name":"2022","item":"https:\/\/dev.tg4.ie\/ga\/eolas\/preas\/nuacht-raitis\/2022-2\/"},{"@type":"ListItem","position":6,"name":"\u20ac7.3m do mhaoini\u00fa breise \u00f3n rialtas do TG4 in 2023"}]},{"@type":"WebSite","@id":"https:\/\/dev.tg4.ie\/en\/#website","url":"https:\/\/dev.tg4.ie\/en\/","name":"TG4","description":"S\u00fail Eile","potentialAction":[{"@type":"SearchAction","target":{"@type":"EntryPoint","urlTemplate":"https:\/\/dev.tg4.ie\/en\/?s={search_term_string}"},"query-input":"required name=search_term_string"}],"inLanguage":"ga"}]}},"_links":{"self":[{"href":"https:\/\/dev.tg4.ie\/ga\/wp-json\/wp\/v2\/pages\/173338"}],"collection":[{"href":"https:\/\/dev.tg4.ie\/ga\/wp-json\/wp\/v2\/pages"}],"about":[{"href":"https:\/\/dev.tg4.ie\/ga\/wp-json\/wp\/v2\/types\/page"}],"author":[{"embeddable":true,"href":"https:\/\/dev.tg4.ie\/ga\/wp-json\/wp\/v2\/users\/876"}],"replies":[{"embeddable":true,"href":"https:\/\/dev.tg4.ie\/ga\/wp-json\/wp\/v2\/comments?post=173338"}],"version-history":[{"count":0,"href":"https:\/\/dev.tg4.ie\/ga\/wp-json\/wp\/v2\/pages\/173338\/revisions"}],"up":[{"embeddable":true,"href":"https:\/\/dev.tg4.ie\/ga\/wp-json\/wp\/v2\/pages\/138171"}],"wp:attachment":[{"href":"https:\/\/dev.tg4.ie\/ga\/wp-json\/wp\/v2\/media?parent=173338"}],"curies":[{"name":"wp","href":"https:\/\/api.w.org\/{rel}","templated":true}]}}