{"id":173363,"date":"2022-09-28T12:26:51","date_gmt":"2022-09-28T11:26:51","guid":{"rendered":"https:\/\/dev.tg4.ie\/?page_id=173363"},"modified":"2022-09-28T12:26:51","modified_gmt":"2022-09-28T11:26:51","slug":"cead-tugtha-ag-an-aire-catherine-martin-do-chaineal-nua-cula4","status":"publish","type":"page","link":"https:\/\/dev.tg4.ie\/ga\/eolas\/preas\/nuacht-raitis\/2022-2\/cead-tugtha-ag-an-aire-catherine-martin-do-chaineal-nua-cula4\/","title":{"rendered":"Cead tugtha ag an Aire Catherine Martin do chain\u00e9al nua C\u00fala4"},"content":{"rendered":"<p><img loading=\"lazy\" decoding=\"async\" width=\"1920\" height=\"1080\" src=\"https:\/\/tg4-docs.s3.amazonaws.com\/wp-content\/uploads\/2022\/09\/28120653\/Caineal_Cula4_Niamh_Ni_Chroinin_1-1920x1080-1.jpg\" alt=\"\" class=\"alignnone size-full wp-image-173367\" srcset=\"https:\/\/tg4-docs.s3.amazonaws.com\/wp-content\/uploads\/2022\/09\/28120653\/Caineal_Cula4_Niamh_Ni_Chroinin_1-1920x1080-1.jpg 1920w, https:\/\/tg4-docs.s3.amazonaws.com\/wp-content\/uploads\/2022\/09\/28120653\/Caineal_Cula4_Niamh_Ni_Chroinin_1-1920x1080-1-250x141.jpg 250w, https:\/\/tg4-docs.s3.amazonaws.com\/wp-content\/uploads\/2022\/09\/28120653\/Caineal_Cula4_Niamh_Ni_Chroinin_1-1920x1080-1-700x394.jpg 700w, https:\/\/tg4-docs.s3.amazonaws.com\/wp-content\/uploads\/2022\/09\/28120653\/Caineal_Cula4_Niamh_Ni_Chroinin_1-1920x1080-1-252x141.jpg 252w, https:\/\/tg4-docs.s3.amazonaws.com\/wp-content\/uploads\/2022\/09\/28120653\/Caineal_Cula4_Niamh_Ni_Chroinin_1-1920x1080-1-1536x864.jpg 1536w, https:\/\/tg4-docs.s3.amazonaws.com\/wp-content\/uploads\/2022\/09\/28120653\/Caineal_Cula4_Niamh_Ni_Chroinin_1-1920x1080-1-120x68.jpg 120w\" sizes=\"(max-width: 1920px) 100vw, 1920px\" \/><br \/>\n&nbsp;<br \/>\nChuir <strong>Ard-Sti\u00farth\u00f3ir TG4, Alan Esslemont<\/strong> f\u00e1ilte roimh an sc\u00e9al ag r\u00e1, <em>&#8220;Agus muid de r\u00e9ir a ch\u00e9ile ag teacht amach as an bpaind\u00e9im agus ag tabhairt aghaidh ar gh\u00e9arch\u00e9imeanna domhanda eile, n\u00ed m\u00f3r d\u00fainn breathn\u00fa i dtreo na todhcha\u00ed agus ar an gcine\u00e1l socha\u00ed is mian linn a bhun\u00fa do na gl\u00faine at\u00e1 le teacht. N\u00ed m\u00f3r d\u00fainn smaoineamh freisin ar c\u00e9n chaoi a bhforbr\u00f3idh leana\u00ed na cumais agus an chruthaitheacht a theasta\u00edonn uathu. T\u00e1 na me\u00e1in r\u00edth\u00e1bhachtach d\u2019fhorbairt thuiscint, dearctha\u00ed agus rannph\u00e1irt\u00edocht leana\u00ed sa tsocha\u00ed. Caithfimid freastal ar leana\u00ed agus daoine \u00f3ga i sp\u00e1sanna s\u00e1bh\u00e1ilte le h\u00e1bhar iontaofa. T\u00e1 r\u00f3l ar leith ag craolt\u00f3ir\u00ed seirbh\u00edse poibl\u00ed ina leith seo ach t\u00e1 d\u00fashl\u00e1n breise roimh na me\u00e1in Ghaeilge agus iad in ioma\u00edocht le haghaidh lucht f\u00e9achana i margadh me\u00e1n domhanda agus B\u00e9arla den chuid is m\u00f3. <\/p>\n<p>T\u00e1 r\u00f3l t\u00e1bhachtach ag TG4 \u2013 agus ag na me\u00e1in Ghaeilge agus eagra\u00edochta\u00ed eala\u00edon eile \u2013 i gcur chun cinn f\u00e9ini\u00falacht agus saibhri\u00fa na bpobal Gaeilge agus i dtac\u00fa le tarchur na Gaeilge \u00f3 ghl\u00fain go gl\u00fain.  Mura dtaca\u00edtear leis na me\u00e1in Ghaeilge agus mura bhfuil siad feice\u00e1lach, so-aimsithe agus tarraingteach, t\u00e1 an baol ann go gcaillfidh siad \u00e1bharthacht, go h\u00e1irithe do lucht f\u00e9achana \u00f3g na h\u00c9ireann at\u00e1 ag f\u00e1s an\u00edos i dtimpeallacht na me\u00e1n domhanda.  Anois n\u00edos m\u00f3 n\u00e1 riamh, n\u00ed m\u00f3r do TG4 \u00e1bharthacht \u00e1bhar Gaeilge a mh\u00e9ad\u00fa agus freastal agus spreagadh a thabhairt don lucht f\u00e9achana \u00f3g a chinnfidh todhcha\u00ed na Gaeilge mar theanga phobail. Caithfimid seirbh\u00eds\u00ed TG4 do leana\u00ed a shaibhri\u00fa, caidreamh leana\u00ed le TG4 a neart\u00fa agus, leis sin, a gcaidreamh leis an nGaeilge a bhuan\u00fa.&#8221;<\/em><br \/>\n&nbsp;<\/p>\n<p>D&#8217;fh\u00f3gair TG4 in 2021 go raibh s\u00e9 i gceist cain\u00e9al saini\u00fal do ph\u00e1ist\u00ed a bhun\u00fa.  T\u00e1 daoine \u00f3ga a bhfuil Gaeilge acu ag f\u00e1s an\u00edos i dtimpeallacht na me\u00e1n domhanda, ina bhfuil an B\u00e9arla in uachtar. Tabharfaidh cain\u00e9al nua C\u00fala4 teagmh\u00e1il rialta don \u00f3ige leis an nGaeilge.  Cuireadh t\u00fas leis an obair sin in 2022 agus ceapadh Karina Feirt\u00e9ar mar Bainisteoir C\u00fala4.  Thosaigh Niamh N\u00ed Chr\u00f3in\u00edn mar l\u00e1ithreoir nua ar C\u00fala4 agus beidh s\u00ed ina ambasad\u00f3ir don \u00f3ige ar TG4. T\u00e1 s\u00e9 i gceist freisin cur leis na cl\u00e1racha a shol\u00e1thra\u00edonn an earn\u00e1il l\u00e9iri\u00fach\u00e1in a fhorbairt agus cur leis an \u00e1bhar nua sa sceideal agus ar na hard\u00e1in neamhl\u00edneacha at\u00e1 d\u00edrithe ar ph\u00e1ist\u00ed.<br \/>\n&nbsp;<\/p>\n","protected":false},"excerpt":{"rendered":"<p>&nbsp; Chuir Ard-Sti\u00farth\u00f3ir TG4, Alan Esslemont f\u00e1ilte roimh an sc\u00e9al ag r\u00e1, &#8220;Agus muid de r\u00e9ir a ch\u00e9ile ag teacht amach as an bpaind\u00e9im agus ag tabhairt aghaidh ar gh\u00e9arch\u00e9imeanna domhanda eile, n\u00ed m\u00f3r d\u00fainn breathn\u00fa i dtreo na todhcha\u00ed agus ar an gcine\u00e1l socha\u00ed is mian linn a bhun\u00fa do na gl\u00faine at\u00e1 le [&hellip;]<\/p>\n","protected":false},"author":876,"featured_media":0,"parent":138171,"menu_order":31,"comment_status":"closed","ping_status":"closed","template":"page-templates\/template-pr.php","meta":{"_acf_changed":false,"footnotes":""},"acf":[],"yoast_head":"<!-- This site is optimized with the Yoast SEO plugin v22.6 - https:\/\/yoast.com\/wordpress\/plugins\/seo\/ -->\n<title>Cead tugtha ag an Aire Catherine Martin do chain\u00e9al nua C\u00fala4 | Preas R\u00e1iteas | TG4<\/title>\n<meta name=\"description\" content=\"T\u00e1 s\u00e9 f\u00f3gartha ag an Aire Catherine Martin inniu go bhfuil cead tugtha aici do chain\u00e9al nua C\u00fala4.\" \/>\n<meta name=\"robots\" content=\"index, follow, max-snippet:-1, max-image-preview:large, max-video-preview:-1\" \/>\n<meta property=\"og:locale\" content=\"en_US\" \/>\n<meta property=\"og:type\" content=\"article\" \/>\n<meta property=\"og:title\" content=\"Cead tugtha ag an Aire Catherine Martin do chain\u00e9al nua C\u00fala4 | Preas R\u00e1iteas | TG4\" \/>\n<meta property=\"og:description\" content=\"T\u00e1 s\u00e9 f\u00f3gartha ag an Aire Catherine Martin inniu go bhfuil cead tugtha aici do chain\u00e9al nua C\u00fala4.\" \/>\n<meta property=\"og:url\" content=\"https:\/\/dev.tg4.ie\/ga\/eolas\/preas\/nuacht-raitis\/2022-2\/cead-tugtha-ag-an-aire-catherine-martin-do-chaineal-nua-cula4\/\" \/>\n<meta property=\"og:site_name\" content=\"TG4\" \/>\n<meta property=\"article:publisher\" content=\"https:\/\/www.facebook.com\/TG4TV\" \/>\n<meta property=\"og:image\" content=\"https:\/\/tg4-docs.s3.amazonaws.com\/wp-content\/uploads\/2022\/09\/28120653\/Caineal_Cula4_Niamh_Ni_Chroinin_1-1920x1080-1.jpg\" \/>\n\t<meta property=\"og:image:width\" content=\"1920\" \/>\n\t<meta property=\"og:image:height\" content=\"1080\" \/>\n\t<meta property=\"og:image:type\" content=\"image\/jpeg\" \/>\n<meta name=\"twitter:card\" content=\"summary_large_image\" \/>\n<meta name=\"twitter:image\" content=\"https:\/\/tg4-docs.s3.amazonaws.com\/wp-content\/uploads\/2022\/09\/28120653\/Caineal_Cula4_Niamh_Ni_Chroinin_1-1920x1080-1.jpg\" \/>\n<meta name=\"twitter:site\" content=\"@TG4TV\" \/>\n<meta name=\"twitter:label1\" content=\"Est. reading time\" \/>\n\t<meta name=\"twitter:data1\" content=\"2 minutes\" \/>\n<script type=\"application\/ld+json\" class=\"yoast-schema-graph\">{\"@context\":\"https:\/\/schema.org\",\"@graph\":[{\"@type\":\"WebPage\",\"@id\":\"https:\/\/dev.tg4.ie\/ga\/eolas\/preas\/nuacht-raitis\/2022-2\/cead-tugtha-ag-an-aire-catherine-martin-do-chaineal-nua-cula4\/\",\"url\":\"https:\/\/dev.tg4.ie\/ga\/eolas\/preas\/nuacht-raitis\/2022-2\/cead-tugtha-ag-an-aire-catherine-martin-do-chaineal-nua-cula4\/\",\"name\":\"Cead tugtha ag an Aire Catherine Martin do chain\u00e9al nua C\u00fala4 | Preas R\u00e1iteas | TG4\",\"isPartOf\":{\"@id\":\"https:\/\/dev.tg4.ie\/en\/#website\"},\"primaryImageOfPage\":{\"@id\":\"https:\/\/dev.tg4.ie\/ga\/eolas\/preas\/nuacht-raitis\/2022-2\/cead-tugtha-ag-an-aire-catherine-martin-do-chaineal-nua-cula4\/#primaryimage\"},\"image\":{\"@id\":\"https:\/\/dev.tg4.ie\/ga\/eolas\/preas\/nuacht-raitis\/2022-2\/cead-tugtha-ag-an-aire-catherine-martin-do-chaineal-nua-cula4\/#primaryimage\"},\"thumbnailUrl\":\"https:\/\/dev.tg4.ie\/wp-content\/uploads\/2022\/09\/Caineal_Cula4_Niamh_Ni_Chroinin_1-1920x1080-1.jpg\",\"datePublished\":\"2022-09-28T11:26:51+00:00\",\"dateModified\":\"2022-09-28T11:26:51+00:00\",\"description\":\"T\u00e1 s\u00e9 f\u00f3gartha ag an Aire Catherine Martin inniu go bhfuil cead tugtha aici do chain\u00e9al nua C\u00fala4.\",\"breadcrumb\":{\"@id\":\"https:\/\/dev.tg4.ie\/ga\/eolas\/preas\/nuacht-raitis\/2022-2\/cead-tugtha-ag-an-aire-catherine-martin-do-chaineal-nua-cula4\/#breadcrumb\"},\"inLanguage\":\"ga\",\"potentialAction\":[{\"@type\":\"ReadAction\",\"target\":[\"https:\/\/dev.tg4.ie\/ga\/eolas\/preas\/nuacht-raitis\/2022-2\/cead-tugtha-ag-an-aire-catherine-martin-do-chaineal-nua-cula4\/\"]}]},{\"@type\":\"ImageObject\",\"inLanguage\":\"ga\",\"@id\":\"https:\/\/dev.tg4.ie\/ga\/eolas\/preas\/nuacht-raitis\/2022-2\/cead-tugtha-ag-an-aire-catherine-martin-do-chaineal-nua-cula4\/#primaryimage\",\"url\":\"https:\/\/dev.tg4.ie\/wp-content\/uploads\/2022\/09\/Caineal_Cula4_Niamh_Ni_Chroinin_1-1920x1080-1.jpg\",\"contentUrl\":\"https:\/\/dev.tg4.ie\/wp-content\/uploads\/2022\/09\/Caineal_Cula4_Niamh_Ni_Chroinin_1-1920x1080-1.jpg\"},{\"@type\":\"BreadcrumbList\",\"@id\":\"https:\/\/dev.tg4.ie\/ga\/eolas\/preas\/nuacht-raitis\/2022-2\/cead-tugtha-ag-an-aire-catherine-martin-do-chaineal-nua-cula4\/#breadcrumb\",\"itemListElement\":[{\"@type\":\"ListItem\",\"position\":1,\"name\":\"Home\",\"item\":\"https:\/\/dev.tg4.ie\/ga\/\"},{\"@type\":\"ListItem\",\"position\":2,\"name\":\"Eolas\",\"item\":\"https:\/\/dev.tg4.ie\/ga\/eolas\/\"},{\"@type\":\"ListItem\",\"position\":3,\"name\":\"Preas\",\"item\":\"https:\/\/dev.tg4.ie\/ga\/eolas\/preas\/\"},{\"@type\":\"ListItem\",\"position\":4,\"name\":\"Nuacht R\u00e1itis\",\"item\":\"https:\/\/dev.tg4.ie\/ga\/eolas\/preas\/nuacht-raitis\/\"},{\"@type\":\"ListItem\",\"position\":5,\"name\":\"2022\",\"item\":\"https:\/\/dev.tg4.ie\/ga\/eolas\/preas\/nuacht-raitis\/2022-2\/\"},{\"@type\":\"ListItem\",\"position\":6,\"name\":\"Cead tugtha ag an Aire Catherine Martin do chain\u00e9al nua C\u00fala4\"}]},{\"@type\":\"WebSite\",\"@id\":\"https:\/\/dev.tg4.ie\/en\/#website\",\"url\":\"https:\/\/dev.tg4.ie\/en\/\",\"name\":\"TG4\",\"description\":\"S\u00fail Eile\",\"potentialAction\":[{\"@type\":\"SearchAction\",\"target\":{\"@type\":\"EntryPoint\",\"urlTemplate\":\"https:\/\/dev.tg4.ie\/en\/?s={search_term_string}\"},\"query-input\":\"required name=search_term_string\"}],\"inLanguage\":\"ga\"}]}<\/script>\n<!-- \/ Yoast SEO plugin. -->","yoast_head_json":{"title":"Cead tugtha ag an Aire Catherine Martin do chain\u00e9al nua C\u00fala4 | Preas R\u00e1iteas | TG4","description":"T\u00e1 s\u00e9 f\u00f3gartha ag an Aire Catherine Martin inniu go bhfuil cead tugtha aici do chain\u00e9al nua C\u00fala4.","robots":{"index":"index","follow":"follow","max-snippet":"max-snippet:-1","max-image-preview":"max-image-preview:large","max-video-preview":"max-video-preview:-1"},"og_locale":"en_US","og_type":"article","og_title":"Cead tugtha ag an Aire Catherine Martin do chain\u00e9al nua C\u00fala4 | Preas R\u00e1iteas | TG4","og_description":"T\u00e1 s\u00e9 f\u00f3gartha ag an Aire Catherine Martin inniu go bhfuil cead tugtha aici do chain\u00e9al nua C\u00fala4.","og_url":"https:\/\/dev.tg4.ie\/ga\/eolas\/preas\/nuacht-raitis\/2022-2\/cead-tugtha-ag-an-aire-catherine-martin-do-chaineal-nua-cula4\/","og_site_name":"TG4","article_publisher":"https:\/\/www.facebook.com\/TG4TV","og_image":[{"width":1920,"height":1080,"url":"https:\/\/tg4-docs.s3.amazonaws.com\/wp-content\/uploads\/2022\/09\/28120653\/Caineal_Cula4_Niamh_Ni_Chroinin_1-1920x1080-1.jpg","type":"image\/jpeg"}],"twitter_card":"summary_large_image","twitter_image":"https:\/\/tg4-docs.s3.amazonaws.com\/wp-content\/uploads\/2022\/09\/28120653\/Caineal_Cula4_Niamh_Ni_Chroinin_1-1920x1080-1.jpg","twitter_site":"@TG4TV","twitter_misc":{"Est. reading time":"2 minutes"},"schema":{"@context":"https:\/\/schema.org","@graph":[{"@type":"WebPage","@id":"https:\/\/dev.tg4.ie\/ga\/eolas\/preas\/nuacht-raitis\/2022-2\/cead-tugtha-ag-an-aire-catherine-martin-do-chaineal-nua-cula4\/","url":"https:\/\/dev.tg4.ie\/ga\/eolas\/preas\/nuacht-raitis\/2022-2\/cead-tugtha-ag-an-aire-catherine-martin-do-chaineal-nua-cula4\/","name":"Cead tugtha ag an Aire Catherine Martin do chain\u00e9al nua C\u00fala4 | Preas R\u00e1iteas | TG4","isPartOf":{"@id":"https:\/\/dev.tg4.ie\/en\/#website"},"primaryImageOfPage":{"@id":"https:\/\/dev.tg4.ie\/ga\/eolas\/preas\/nuacht-raitis\/2022-2\/cead-tugtha-ag-an-aire-catherine-martin-do-chaineal-nua-cula4\/#primaryimage"},"image":{"@id":"https:\/\/dev.tg4.ie\/ga\/eolas\/preas\/nuacht-raitis\/2022-2\/cead-tugtha-ag-an-aire-catherine-martin-do-chaineal-nua-cula4\/#primaryimage"},"thumbnailUrl":"https:\/\/dev.tg4.ie\/wp-content\/uploads\/2022\/09\/Caineal_Cula4_Niamh_Ni_Chroinin_1-1920x1080-1.jpg","datePublished":"2022-09-28T11:26:51+00:00","dateModified":"2022-09-28T11:26:51+00:00","description":"T\u00e1 s\u00e9 f\u00f3gartha ag an Aire Catherine Martin inniu go bhfuil cead tugtha aici do chain\u00e9al nua C\u00fala4.","breadcrumb":{"@id":"https:\/\/dev.tg4.ie\/ga\/eolas\/preas\/nuacht-raitis\/2022-2\/cead-tugtha-ag-an-aire-catherine-martin-do-chaineal-nua-cula4\/#breadcrumb"},"inLanguage":"ga","potentialAction":[{"@type":"ReadAction","target":["https:\/\/dev.tg4.ie\/ga\/eolas\/preas\/nuacht-raitis\/2022-2\/cead-tugtha-ag-an-aire-catherine-martin-do-chaineal-nua-cula4\/"]}]},{"@type":"ImageObject","inLanguage":"ga","@id":"https:\/\/dev.tg4.ie\/ga\/eolas\/preas\/nuacht-raitis\/2022-2\/cead-tugtha-ag-an-aire-catherine-martin-do-chaineal-nua-cula4\/#primaryimage","url":"https:\/\/dev.tg4.ie\/wp-content\/uploads\/2022\/09\/Caineal_Cula4_Niamh_Ni_Chroinin_1-1920x1080-1.jpg","contentUrl":"https:\/\/dev.tg4.ie\/wp-content\/uploads\/2022\/09\/Caineal_Cula4_Niamh_Ni_Chroinin_1-1920x1080-1.jpg"},{"@type":"BreadcrumbList","@id":"https:\/\/dev.tg4.ie\/ga\/eolas\/preas\/nuacht-raitis\/2022-2\/cead-tugtha-ag-an-aire-catherine-martin-do-chaineal-nua-cula4\/#breadcrumb","itemListElement":[{"@type":"ListItem","position":1,"name":"Home","item":"https:\/\/dev.tg4.ie\/ga\/"},{"@type":"ListItem","position":2,"name":"Eolas","item":"https:\/\/dev.tg4.ie\/ga\/eolas\/"},{"@type":"ListItem","position":3,"name":"Preas","item":"https:\/\/dev.tg4.ie\/ga\/eolas\/preas\/"},{"@type":"ListItem","position":4,"name":"Nuacht R\u00e1itis","item":"https:\/\/dev.tg4.ie\/ga\/eolas\/preas\/nuacht-raitis\/"},{"@type":"ListItem","position":5,"name":"2022","item":"https:\/\/dev.tg4.ie\/ga\/eolas\/preas\/nuacht-raitis\/2022-2\/"},{"@type":"ListItem","position":6,"name":"Cead tugtha ag an Aire Catherine Martin do chain\u00e9al nua C\u00fala4"}]},{"@type":"WebSite","@id":"https:\/\/dev.tg4.ie\/en\/#website","url":"https:\/\/dev.tg4.ie\/en\/","name":"TG4","description":"S\u00fail Eile","potentialAction":[{"@type":"SearchAction","target":{"@type":"EntryPoint","urlTemplate":"https:\/\/dev.tg4.ie\/en\/?s={search_term_string}"},"query-input":"required name=search_term_string"}],"inLanguage":"ga"}]}},"_links":{"self":[{"href":"https:\/\/dev.tg4.ie\/ga\/wp-json\/wp\/v2\/pages\/173363"}],"collection":[{"href":"https:\/\/dev.tg4.ie\/ga\/wp-json\/wp\/v2\/pages"}],"about":[{"href":"https:\/\/dev.tg4.ie\/ga\/wp-json\/wp\/v2\/types\/page"}],"author":[{"embeddable":true,"href":"https:\/\/dev.tg4.ie\/ga\/wp-json\/wp\/v2\/users\/876"}],"replies":[{"embeddable":true,"href":"https:\/\/dev.tg4.ie\/ga\/wp-json\/wp\/v2\/comments?post=173363"}],"version-history":[{"count":0,"href":"https:\/\/dev.tg4.ie\/ga\/wp-json\/wp\/v2\/pages\/173363\/revisions"}],"up":[{"embeddable":true,"href":"https:\/\/dev.tg4.ie\/ga\/wp-json\/wp\/v2\/pages\/138171"}],"wp:attachment":[{"href":"https:\/\/dev.tg4.ie\/ga\/wp-json\/wp\/v2\/media?parent=173363"}],"curies":[{"name":"wp","href":"https:\/\/api.w.org\/{rel}","templated":true}]}}