{"id":174604,"date":"2022-10-10T16:50:17","date_gmt":"2022-10-10T15:50:17","guid":{"rendered":"https:\/\/dev.tg4.ie\/?page_id=174604"},"modified":"2022-10-10T16:50:17","modified_gmt":"2022-10-10T15:50:17","slug":"e1-milliun-saothraigh-ag-an-cailin-ciuin-i-bpicturlanna-na-heireann-agus-na-riochta-aontaithe","status":"publish","type":"page","link":"https:\/\/dev.tg4.ie\/ga\/eolas\/preas\/nuacht-raitis\/2022-2\/e1-milliun-saothraigh-ag-an-cailin-ciuin-i-bpicturlanna-na-heireann-agus-na-riochta-aontaithe\/","title":{"rendered":"\u20ac1 Milli\u00fan Saothraigh ag An Cail\u00edn Ci\u00fain i bPict\u00farlanna na h\u00c9ireann agus Na R\u00edochta Aontaithe"},"content":{"rendered":"<p><img loading=\"lazy\" decoding=\"async\" width=\"1920\" height=\"1080\" src=\"https:\/\/tg4-docs.s3.amazonaws.com\/tg4-redesign-2015\/wp-content\/uploads\/2022\/02\/AnCailinCiuin_TheQuietGirl_Cait_Catherine_Clinch_2-1920x1080-1.jpg\" alt=\"\" class=\"alignnone size-full wp-image-141459\" srcset=\"https:\/\/tg4-docs.s3.amazonaws.com\/tg4-redesign-2015\/wp-content\/uploads\/2022\/02\/AnCailinCiuin_TheQuietGirl_Cait_Catherine_Clinch_2-1920x1080-1.jpg 1920w, https:\/\/tg4-docs.s3.amazonaws.com\/tg4-redesign-2015\/wp-content\/uploads\/2022\/02\/AnCailinCiuin_TheQuietGirl_Cait_Catherine_Clinch_2-1920x1080-1-250x141.jpg 250w, https:\/\/tg4-docs.s3.amazonaws.com\/tg4-redesign-2015\/wp-content\/uploads\/2022\/02\/AnCailinCiuin_TheQuietGirl_Cait_Catherine_Clinch_2-1920x1080-1-700x394.jpg 700w, https:\/\/tg4-docs.s3.amazonaws.com\/tg4-redesign-2015\/wp-content\/uploads\/2022\/02\/AnCailinCiuin_TheQuietGirl_Cait_Catherine_Clinch_2-1920x1080-1-252x141.jpg 252w, https:\/\/tg4-docs.s3.amazonaws.com\/tg4-redesign-2015\/wp-content\/uploads\/2022\/02\/AnCailinCiuin_TheQuietGirl_Cait_Catherine_Clinch_2-1920x1080-1-1536x864.jpg 1536w, https:\/\/tg4-docs.s3.amazonaws.com\/tg4-redesign-2015\/wp-content\/uploads\/2022\/02\/AnCailinCiuin_TheQuietGirl_Cait_Catherine_Clinch_2-1920x1080-1-120x68.jpg 120w\" sizes=\"(max-width: 1920px) 100vw, 1920px\" \/><br \/>\n&nbsp;<br \/>\nTar \u00e9is 22 seachtain dochreidte aige i bpicti\u00farlanna ar fud na h\u00c9ireann agus na R\u00edochta Aontaithe, t\u00e1 breis is \u20ac1 milli\u00fan saothraithe ag an scann\u00e1n An Cail\u00edn Ci\u00fain ag oifig na dtic\u00e9ad anois, \u00e9acht den scoth i gc\u00e1s scann\u00e1n neamhsple\u00e1ch. \u00d3 eis\u00edodh an scann\u00e1n m\u00ed Bealtaine seo caite, d\u2019\u00e9irigh go hiontach leis ag f\u00e9ilte idirn\u00e1isi\u00fanta scann\u00e1n, t\u00e1 sl\u00e1m gradam buaite aige agus t\u00e1 an-chion ag na l\u00e9irmheast\u00f3ir\u00ed air, le l\u00e9irmheasanna 5 r\u00e9alta faighte aige uathu ar fad. Is \u00e9 An Cail\u00edn Ci\u00fain iontr\u00e1il na h\u00c9ireann do na Oscars sa chatag\u00f3ir Pr\u00edomhscann\u00e1n Idirn\u00e1isi\u00fanta is Fearr ag 95\u00fa Gradaim bliant\u00fala an Acadaimh a bheidh ar si\u00fal go luath.<br \/>\n&nbsp;<\/p>\n<p>Is \u00e9ard a d\u00fairt <strong>Alan Esslemont, Ard-Sti\u00farth\u00f3ir TG4<\/strong>: <em>&#8220;D\u00e9anann TG4 comhghairdeas le gach duine ag Insc\u00e9al agus lena gcomhph\u00e1irtithe cruthaitheachta agus d\u00e1ileach\u00e1in as an gcloch mh\u00edle iontach seo do \u2018An Cail\u00edn Ci\u00fain\u2019 ag oifig na dtic\u00e9ad in \u00c9irinn agus sa RA. Ach go speisialta gabhaimid bu\u00edochas le Cleona agus Colm as an scann\u00e1n \u00e1lainn seo faoi theanga, faoi chi\u00fanas agus faoin ngr\u00e1 a chruth\u00fa.   Breathna\u00edtear air ar fud an domhain cheana f\u00e9in mar cheann de mh\u00f3rscann\u00e1in na h\u00c9ireann. Is dearbh\u00fa iontach \u00e9 freisin ar chaighde\u00e1n na ndaoine cumasacha a oibr\u00edonn tr\u00ed mhe\u00e1n na Gaeilge agus is ionann \u00e9 agus ardmholadh don chomhph\u00e1irt\u00edocht idir TG4, F\u00eds \u00c9ireann agus \u00dadar\u00e1s Craolach\u00e1in na h\u00c9ireann a sheol an sc\u00e9im Cine4 agus a thugann lucht na picti\u00farlainne go rialta isteach i saol nua  &#8211; saol na scann\u00e1n Gaeilge.&#8221;<\/em><br \/>\n&nbsp;<\/p>\n<p>Is ar <em>Foster<\/em>, sc\u00e9al a bhfuil ardmheas air leis an \u00fadar \u00c9ireannach Claire Keegan at\u00e1 An Cail\u00edn Ci\u00fain bunaithe. Is dr\u00e1ma c\u00e1ir\u00e9iseach \u00f3n gcro\u00ed \u00e9 maidir le teacht in aois, ina bhfiosra\u00edtear go mion a bhfuil i gceist le teaghlach, tr\u00ed sh\u00faile cail\u00edn \u00f3ig a bhfuil neamart d\u00e9anta inti. T\u00e1 an sc\u00e9al suite faoin tuath in \u00c9irinn sa bhliain 1981, agus leanann s\u00e9 C\u00e1it (Catherine Clinch) tr\u00e1th a seoltar \u00ed \u00f3na teach pl\u00f3daithe m\u00edfheidhmi\u00fail chuig gaolta i bhfad amach, chun c\u00f3na\u00ed leo don samhradh. Cuireann Eibhl\u00edn (Carrie Crowley) f\u00e1ilte mh\u00f3r chro\u00ed\u00fail roimpi, ach coinn\u00edonn a fear c\u00e9ile (Andrew Bennett) fad a sciath\u00e1in uaidh \u00ed. Diaidh ar ndiaidh, \u00e1fach, cotha\u00edtear d\u00e1imh sa teaghlach ionaid seo agus tosa\u00edonn C\u00e1it ag teacht i mbl\u00e1th faoina gc\u00faram. Ach sa teach seo at\u00e1 in ainm is a bheith ina tearmann gan r\u00fain, tugann s\u00ed an fh\u00edrinne shearbh chun solais.<\/p>\n<p>Is \u00ed Cleona N\u00ed Chrualaoi in Insc\u00e9al a l\u00e9irigh AN CAIL\u00cdN CI\u00daIN faoi sc\u00e9im mhaoinithe Cine4 do scann\u00e1n Gaeilge, i gcomhph\u00e1irt\u00edocht le TG4, F\u00eds \u00c9ireann agus \u00dadar\u00e1s Craolach\u00e1in na h\u00c9ireann (BAI). Fuair an scann\u00e1n dreasacht ch\u00e1nach Alt 481 \u00f3 Rialtas na h\u00c9ireann freisin.<br \/>\n&nbsp;<\/p>\n<p>Is \u00e9ard a d\u00fairt <strong>Nell Roddy<\/strong> agus <strong>Robert McCann Finn, Comhsti\u00farth\u00f3ir\u00ed Bainist\u00edochta Break Out Pictures<\/strong>, maidir leis an rath lean\u00fanach at\u00e1 aige: <em>&#8220;Is toradh den scoth \u00e9 agus t\u00e1 r\u00edm\u00e9ad orainn gur ghlac an lucht f\u00e9achana ar fud na h\u00c9ireann agus na R\u00edochta Aontaithe an scann\u00e1n seo chuige f\u00e9in, mar a rinneamar f\u00e9in. Is iontach an gaisce \u00e9 do scann\u00e1n ar bith breis is \u20ac1 milli\u00fan a bheith saothraithe aige, ach t\u00e1 s\u00e9 n\u00edos ionta\u00ed f\u00f3s i bhfianaise chomh deacair is at\u00e1 c\u00farsa\u00ed leis an margadh, agus \u00e9 ag \u00e9ir\u00ed n\u00edos deacra i gcaitheamh an ama. M\u00edle bu\u00edochas do gach duine a th\u00e1inig amach chun breathn\u00fa ar an scann\u00e1n speisialta seo agus do na picti\u00farlanna ar fad as an taca\u00edocht dhaingean a thug siad d\u00fainn. Comhghairdeas m\u00f3r le Colm, Cleona agus an fhoireann go l\u00e9ir a d\u2019oibrigh ar \u2018An Cail\u00edn Ci\u00fain\u2019 as an gcloch mh\u00edle shuntasach seo a bhaint amach.&#8221;<\/em><\/p>\n<p>&nbsp;<\/p>\n","protected":false},"excerpt":{"rendered":"<p>&nbsp; Tar \u00e9is 22 seachtain dochreidte aige i bpicti\u00farlanna ar fud na h\u00c9ireann agus na R\u00edochta Aontaithe, t\u00e1 breis is \u20ac1 milli\u00fan saothraithe ag an scann\u00e1n An Cail\u00edn Ci\u00fain ag oifig na dtic\u00e9ad anois, \u00e9acht den scoth i gc\u00e1s scann\u00e1n neamhsple\u00e1ch. \u00d3 eis\u00edodh an scann\u00e1n m\u00ed Bealtaine seo caite, d\u2019\u00e9irigh go hiontach leis ag f\u00e9ilte [&hellip;]<\/p>\n","protected":false},"author":876,"featured_media":0,"parent":138171,"menu_order":32,"comment_status":"closed","ping_status":"closed","template":"page-templates\/template-pr.php","meta":{"_acf_changed":false,"footnotes":""},"acf":[],"yoast_head":"<!-- This site is optimized with the Yoast SEO plugin v22.6 - https:\/\/yoast.com\/wordpress\/plugins\/seo\/ -->\n<title>\u20ac1 Milli\u00fan Saothraigh ag An Cail\u00edn Ci\u00fain i bPict\u00farlanna na h\u00c9ireann agus Na R\u00edochta Aontaithe | Preas R\u00e1iteas | TG4<\/title>\n<meta name=\"description\" content=\"Tar \u00e9is 22 seachtain dochreidte aige i bpicti\u00farlanna ar fud na h\u00c9ireann agus na R\u00edochta Aontaithe, t\u00e1 breis is \u20ac1 milli\u00fan saothraithe ag an scann\u00e1n An Cail\u00edn Ci\u00fain ag oifig na dtic\u00e9ad anois, \u00e9acht den scoth i gc\u00e1s scann\u00e1n neamhsple\u00e1ch.\" \/>\n<meta name=\"robots\" content=\"index, follow, max-snippet:-1, max-image-preview:large, max-video-preview:-1\" \/>\n<meta property=\"og:locale\" content=\"en_US\" \/>\n<meta property=\"og:type\" content=\"article\" \/>\n<meta property=\"og:title\" content=\"\u20ac1 Milli\u00fan Saothraigh ag An Cail\u00edn Ci\u00fain i bPict\u00farlanna na h\u00c9ireann agus Na R\u00edochta Aontaithe | Preas R\u00e1iteas | TG4\" \/>\n<meta property=\"og:description\" content=\"Tar \u00e9is 22 seachtain dochreidte aige i bpicti\u00farlanna ar fud na h\u00c9ireann agus na R\u00edochta Aontaithe, t\u00e1 breis is \u20ac1 milli\u00fan saothraithe ag an scann\u00e1n An Cail\u00edn Ci\u00fain ag oifig na dtic\u00e9ad anois, \u00e9acht den scoth i gc\u00e1s scann\u00e1n neamhsple\u00e1ch.\" \/>\n<meta property=\"og:url\" content=\"https:\/\/dev.tg4.ie\/ga\/eolas\/preas\/nuacht-raitis\/2022-2\/e1-milliun-saothraigh-ag-an-cailin-ciuin-i-bpicturlanna-na-heireann-agus-na-riochta-aontaithe\/\" \/>\n<meta property=\"og:site_name\" content=\"TG4\" \/>\n<meta property=\"article:publisher\" content=\"https:\/\/www.facebook.com\/TG4TV\" \/>\n<meta property=\"og:image\" content=\"https:\/\/tg4-docs.s3.amazonaws.com\/tg4-redesign-2015\/wp-content\/uploads\/2022\/02\/AnCailinCiuin_TheQuietGirl_Cait_Catherine_Clinch_2-1920x1080-1.jpg\" \/>\n\t<meta property=\"og:image:width\" content=\"1920\" \/>\n\t<meta property=\"og:image:height\" content=\"1080\" \/>\n\t<meta property=\"og:image:type\" content=\"image\/jpeg\" \/>\n<meta name=\"twitter:card\" content=\"summary_large_image\" \/>\n<meta name=\"twitter:image\" content=\"https:\/\/tg4-docs.s3.amazonaws.com\/tg4-redesign-2015\/wp-content\/uploads\/2022\/02\/AnCailinCiuin_TheQuietGirl_Cait_Catherine_Clinch_2-1920x1080-1.jpg\" \/>\n<meta name=\"twitter:site\" content=\"@TG4TV\" \/>\n<meta name=\"twitter:label1\" content=\"Est. reading time\" \/>\n\t<meta name=\"twitter:data1\" content=\"3 minutes\" \/>\n<script type=\"application\/ld+json\" class=\"yoast-schema-graph\">{\"@context\":\"https:\/\/schema.org\",\"@graph\":[{\"@type\":\"WebPage\",\"@id\":\"https:\/\/dev.tg4.ie\/ga\/eolas\/preas\/nuacht-raitis\/2022-2\/e1-milliun-saothraigh-ag-an-cailin-ciuin-i-bpicturlanna-na-heireann-agus-na-riochta-aontaithe\/\",\"url\":\"https:\/\/dev.tg4.ie\/ga\/eolas\/preas\/nuacht-raitis\/2022-2\/e1-milliun-saothraigh-ag-an-cailin-ciuin-i-bpicturlanna-na-heireann-agus-na-riochta-aontaithe\/\",\"name\":\"\u20ac1 Milli\u00fan Saothraigh ag An Cail\u00edn Ci\u00fain i bPict\u00farlanna na h\u00c9ireann agus Na R\u00edochta Aontaithe | Preas R\u00e1iteas | TG4\",\"isPartOf\":{\"@id\":\"https:\/\/dev.tg4.ie\/en\/#website\"},\"primaryImageOfPage\":{\"@id\":\"https:\/\/dev.tg4.ie\/ga\/eolas\/preas\/nuacht-raitis\/2022-2\/e1-milliun-saothraigh-ag-an-cailin-ciuin-i-bpicturlanna-na-heireann-agus-na-riochta-aontaithe\/#primaryimage\"},\"image\":{\"@id\":\"https:\/\/dev.tg4.ie\/ga\/eolas\/preas\/nuacht-raitis\/2022-2\/e1-milliun-saothraigh-ag-an-cailin-ciuin-i-bpicturlanna-na-heireann-agus-na-riochta-aontaithe\/#primaryimage\"},\"thumbnailUrl\":\"https:\/\/dev.tg4.ie\/wp-content\/uploads\/2022\/02\/AnCailinCiuin_TheQuietGirl_Cait_Catherine_Clinch_2-1920x1080-1.jpg\",\"datePublished\":\"2022-10-10T15:50:17+00:00\",\"dateModified\":\"2022-10-10T15:50:17+00:00\",\"description\":\"Tar \u00e9is 22 seachtain dochreidte aige i bpicti\u00farlanna ar fud na h\u00c9ireann agus na R\u00edochta Aontaithe, t\u00e1 breis is \u20ac1 milli\u00fan saothraithe ag an scann\u00e1n An Cail\u00edn Ci\u00fain ag oifig na dtic\u00e9ad anois, \u00e9acht den scoth i gc\u00e1s scann\u00e1n neamhsple\u00e1ch.\",\"breadcrumb\":{\"@id\":\"https:\/\/dev.tg4.ie\/ga\/eolas\/preas\/nuacht-raitis\/2022-2\/e1-milliun-saothraigh-ag-an-cailin-ciuin-i-bpicturlanna-na-heireann-agus-na-riochta-aontaithe\/#breadcrumb\"},\"inLanguage\":\"ga\",\"potentialAction\":[{\"@type\":\"ReadAction\",\"target\":[\"https:\/\/dev.tg4.ie\/ga\/eolas\/preas\/nuacht-raitis\/2022-2\/e1-milliun-saothraigh-ag-an-cailin-ciuin-i-bpicturlanna-na-heireann-agus-na-riochta-aontaithe\/\"]}]},{\"@type\":\"ImageObject\",\"inLanguage\":\"ga\",\"@id\":\"https:\/\/dev.tg4.ie\/ga\/eolas\/preas\/nuacht-raitis\/2022-2\/e1-milliun-saothraigh-ag-an-cailin-ciuin-i-bpicturlanna-na-heireann-agus-na-riochta-aontaithe\/#primaryimage\",\"url\":\"https:\/\/dev.tg4.ie\/wp-content\/uploads\/2022\/02\/AnCailinCiuin_TheQuietGirl_Cait_Catherine_Clinch_2-1920x1080-1.jpg\",\"contentUrl\":\"https:\/\/dev.tg4.ie\/wp-content\/uploads\/2022\/02\/AnCailinCiuin_TheQuietGirl_Cait_Catherine_Clinch_2-1920x1080-1.jpg\"},{\"@type\":\"BreadcrumbList\",\"@id\":\"https:\/\/dev.tg4.ie\/ga\/eolas\/preas\/nuacht-raitis\/2022-2\/e1-milliun-saothraigh-ag-an-cailin-ciuin-i-bpicturlanna-na-heireann-agus-na-riochta-aontaithe\/#breadcrumb\",\"itemListElement\":[{\"@type\":\"ListItem\",\"position\":1,\"name\":\"Home\",\"item\":\"https:\/\/dev.tg4.ie\/ga\/\"},{\"@type\":\"ListItem\",\"position\":2,\"name\":\"Eolas\",\"item\":\"https:\/\/dev.tg4.ie\/ga\/eolas\/\"},{\"@type\":\"ListItem\",\"position\":3,\"name\":\"Preas\",\"item\":\"https:\/\/dev.tg4.ie\/ga\/eolas\/preas\/\"},{\"@type\":\"ListItem\",\"position\":4,\"name\":\"Nuacht R\u00e1itis\",\"item\":\"https:\/\/dev.tg4.ie\/ga\/eolas\/preas\/nuacht-raitis\/\"},{\"@type\":\"ListItem\",\"position\":5,\"name\":\"2022\",\"item\":\"https:\/\/dev.tg4.ie\/ga\/eolas\/preas\/nuacht-raitis\/2022-2\/\"},{\"@type\":\"ListItem\",\"position\":6,\"name\":\"\u20ac1 Milli\u00fan Saothraigh ag An Cail\u00edn Ci\u00fain i bPict\u00farlanna na h\u00c9ireann agus Na R\u00edochta Aontaithe\"}]},{\"@type\":\"WebSite\",\"@id\":\"https:\/\/dev.tg4.ie\/en\/#website\",\"url\":\"https:\/\/dev.tg4.ie\/en\/\",\"name\":\"TG4\",\"description\":\"S\u00fail Eile\",\"potentialAction\":[{\"@type\":\"SearchAction\",\"target\":{\"@type\":\"EntryPoint\",\"urlTemplate\":\"https:\/\/dev.tg4.ie\/en\/?s={search_term_string}\"},\"query-input\":\"required name=search_term_string\"}],\"inLanguage\":\"ga\"}]}<\/script>\n<!-- \/ Yoast SEO plugin. -->","yoast_head_json":{"title":"\u20ac1 Milli\u00fan Saothraigh ag An Cail\u00edn Ci\u00fain i bPict\u00farlanna na h\u00c9ireann agus Na R\u00edochta Aontaithe | Preas R\u00e1iteas | TG4","description":"Tar \u00e9is 22 seachtain dochreidte aige i bpicti\u00farlanna ar fud na h\u00c9ireann agus na R\u00edochta Aontaithe, t\u00e1 breis is \u20ac1 milli\u00fan saothraithe ag an scann\u00e1n An Cail\u00edn Ci\u00fain ag oifig na dtic\u00e9ad anois, \u00e9acht den scoth i gc\u00e1s scann\u00e1n neamhsple\u00e1ch.","robots":{"index":"index","follow":"follow","max-snippet":"max-snippet:-1","max-image-preview":"max-image-preview:large","max-video-preview":"max-video-preview:-1"},"og_locale":"en_US","og_type":"article","og_title":"\u20ac1 Milli\u00fan Saothraigh ag An Cail\u00edn Ci\u00fain i bPict\u00farlanna na h\u00c9ireann agus Na R\u00edochta Aontaithe | Preas R\u00e1iteas | TG4","og_description":"Tar \u00e9is 22 seachtain dochreidte aige i bpicti\u00farlanna ar fud na h\u00c9ireann agus na R\u00edochta Aontaithe, t\u00e1 breis is \u20ac1 milli\u00fan saothraithe ag an scann\u00e1n An Cail\u00edn Ci\u00fain ag oifig na dtic\u00e9ad anois, \u00e9acht den scoth i gc\u00e1s scann\u00e1n neamhsple\u00e1ch.","og_url":"https:\/\/dev.tg4.ie\/ga\/eolas\/preas\/nuacht-raitis\/2022-2\/e1-milliun-saothraigh-ag-an-cailin-ciuin-i-bpicturlanna-na-heireann-agus-na-riochta-aontaithe\/","og_site_name":"TG4","article_publisher":"https:\/\/www.facebook.com\/TG4TV","og_image":[{"width":1920,"height":1080,"url":"https:\/\/tg4-docs.s3.amazonaws.com\/tg4-redesign-2015\/wp-content\/uploads\/2022\/02\/AnCailinCiuin_TheQuietGirl_Cait_Catherine_Clinch_2-1920x1080-1.jpg","type":"image\/jpeg"}],"twitter_card":"summary_large_image","twitter_image":"https:\/\/tg4-docs.s3.amazonaws.com\/tg4-redesign-2015\/wp-content\/uploads\/2022\/02\/AnCailinCiuin_TheQuietGirl_Cait_Catherine_Clinch_2-1920x1080-1.jpg","twitter_site":"@TG4TV","twitter_misc":{"Est. reading time":"3 minutes"},"schema":{"@context":"https:\/\/schema.org","@graph":[{"@type":"WebPage","@id":"https:\/\/dev.tg4.ie\/ga\/eolas\/preas\/nuacht-raitis\/2022-2\/e1-milliun-saothraigh-ag-an-cailin-ciuin-i-bpicturlanna-na-heireann-agus-na-riochta-aontaithe\/","url":"https:\/\/dev.tg4.ie\/ga\/eolas\/preas\/nuacht-raitis\/2022-2\/e1-milliun-saothraigh-ag-an-cailin-ciuin-i-bpicturlanna-na-heireann-agus-na-riochta-aontaithe\/","name":"\u20ac1 Milli\u00fan Saothraigh ag An Cail\u00edn Ci\u00fain i bPict\u00farlanna na h\u00c9ireann agus Na R\u00edochta Aontaithe | Preas R\u00e1iteas | TG4","isPartOf":{"@id":"https:\/\/dev.tg4.ie\/en\/#website"},"primaryImageOfPage":{"@id":"https:\/\/dev.tg4.ie\/ga\/eolas\/preas\/nuacht-raitis\/2022-2\/e1-milliun-saothraigh-ag-an-cailin-ciuin-i-bpicturlanna-na-heireann-agus-na-riochta-aontaithe\/#primaryimage"},"image":{"@id":"https:\/\/dev.tg4.ie\/ga\/eolas\/preas\/nuacht-raitis\/2022-2\/e1-milliun-saothraigh-ag-an-cailin-ciuin-i-bpicturlanna-na-heireann-agus-na-riochta-aontaithe\/#primaryimage"},"thumbnailUrl":"https:\/\/dev.tg4.ie\/wp-content\/uploads\/2022\/02\/AnCailinCiuin_TheQuietGirl_Cait_Catherine_Clinch_2-1920x1080-1.jpg","datePublished":"2022-10-10T15:50:17+00:00","dateModified":"2022-10-10T15:50:17+00:00","description":"Tar \u00e9is 22 seachtain dochreidte aige i bpicti\u00farlanna ar fud na h\u00c9ireann agus na R\u00edochta Aontaithe, t\u00e1 breis is \u20ac1 milli\u00fan saothraithe ag an scann\u00e1n An Cail\u00edn Ci\u00fain ag oifig na dtic\u00e9ad anois, \u00e9acht den scoth i gc\u00e1s scann\u00e1n neamhsple\u00e1ch.","breadcrumb":{"@id":"https:\/\/dev.tg4.ie\/ga\/eolas\/preas\/nuacht-raitis\/2022-2\/e1-milliun-saothraigh-ag-an-cailin-ciuin-i-bpicturlanna-na-heireann-agus-na-riochta-aontaithe\/#breadcrumb"},"inLanguage":"ga","potentialAction":[{"@type":"ReadAction","target":["https:\/\/dev.tg4.ie\/ga\/eolas\/preas\/nuacht-raitis\/2022-2\/e1-milliun-saothraigh-ag-an-cailin-ciuin-i-bpicturlanna-na-heireann-agus-na-riochta-aontaithe\/"]}]},{"@type":"ImageObject","inLanguage":"ga","@id":"https:\/\/dev.tg4.ie\/ga\/eolas\/preas\/nuacht-raitis\/2022-2\/e1-milliun-saothraigh-ag-an-cailin-ciuin-i-bpicturlanna-na-heireann-agus-na-riochta-aontaithe\/#primaryimage","url":"https:\/\/dev.tg4.ie\/wp-content\/uploads\/2022\/02\/AnCailinCiuin_TheQuietGirl_Cait_Catherine_Clinch_2-1920x1080-1.jpg","contentUrl":"https:\/\/dev.tg4.ie\/wp-content\/uploads\/2022\/02\/AnCailinCiuin_TheQuietGirl_Cait_Catherine_Clinch_2-1920x1080-1.jpg"},{"@type":"BreadcrumbList","@id":"https:\/\/dev.tg4.ie\/ga\/eolas\/preas\/nuacht-raitis\/2022-2\/e1-milliun-saothraigh-ag-an-cailin-ciuin-i-bpicturlanna-na-heireann-agus-na-riochta-aontaithe\/#breadcrumb","itemListElement":[{"@type":"ListItem","position":1,"name":"Home","item":"https:\/\/dev.tg4.ie\/ga\/"},{"@type":"ListItem","position":2,"name":"Eolas","item":"https:\/\/dev.tg4.ie\/ga\/eolas\/"},{"@type":"ListItem","position":3,"name":"Preas","item":"https:\/\/dev.tg4.ie\/ga\/eolas\/preas\/"},{"@type":"ListItem","position":4,"name":"Nuacht R\u00e1itis","item":"https:\/\/dev.tg4.ie\/ga\/eolas\/preas\/nuacht-raitis\/"},{"@type":"ListItem","position":5,"name":"2022","item":"https:\/\/dev.tg4.ie\/ga\/eolas\/preas\/nuacht-raitis\/2022-2\/"},{"@type":"ListItem","position":6,"name":"\u20ac1 Milli\u00fan Saothraigh ag An Cail\u00edn Ci\u00fain i bPict\u00farlanna na h\u00c9ireann agus Na R\u00edochta Aontaithe"}]},{"@type":"WebSite","@id":"https:\/\/dev.tg4.ie\/en\/#website","url":"https:\/\/dev.tg4.ie\/en\/","name":"TG4","description":"S\u00fail Eile","potentialAction":[{"@type":"SearchAction","target":{"@type":"EntryPoint","urlTemplate":"https:\/\/dev.tg4.ie\/en\/?s={search_term_string}"},"query-input":"required name=search_term_string"}],"inLanguage":"ga"}]}},"_links":{"self":[{"href":"https:\/\/dev.tg4.ie\/ga\/wp-json\/wp\/v2\/pages\/174604"}],"collection":[{"href":"https:\/\/dev.tg4.ie\/ga\/wp-json\/wp\/v2\/pages"}],"about":[{"href":"https:\/\/dev.tg4.ie\/ga\/wp-json\/wp\/v2\/types\/page"}],"author":[{"embeddable":true,"href":"https:\/\/dev.tg4.ie\/ga\/wp-json\/wp\/v2\/users\/876"}],"replies":[{"embeddable":true,"href":"https:\/\/dev.tg4.ie\/ga\/wp-json\/wp\/v2\/comments?post=174604"}],"version-history":[{"count":0,"href":"https:\/\/dev.tg4.ie\/ga\/wp-json\/wp\/v2\/pages\/174604\/revisions"}],"up":[{"embeddable":true,"href":"https:\/\/dev.tg4.ie\/ga\/wp-json\/wp\/v2\/pages\/138171"}],"wp:attachment":[{"href":"https:\/\/dev.tg4.ie\/ga\/wp-json\/wp\/v2\/media?parent=174604"}],"curies":[{"name":"wp","href":"https:\/\/api.w.org\/{rel}","templated":true}]}}