{"id":175370,"date":"2022-10-18T17:19:04","date_gmt":"2022-10-18T16:19:04","guid":{"rendered":"https:\/\/dev.tg4.ie\/?page_id=175370"},"modified":"2022-10-18T17:19:04","modified_gmt":"2022-10-18T16:19:04","slug":"deirdre-ni-choistin-ceaptha-ina-ceannaire-nuachta-agus-cursai-reatha-ag-tg4","status":"publish","type":"page","link":"https:\/\/dev.tg4.ie\/ga\/eolas\/preas\/nuacht-raitis\/2022-2\/deirdre-ni-choistin-ceaptha-ina-ceannaire-nuachta-agus-cursai-reatha-ag-tg4\/","title":{"rendered":"Deirdre N\u00ed Choist\u00edn ceaptha ina Ceannaire Nuachta agus C\u00farsa\u00ed Reatha ag TG4"},"content":{"rendered":"<p><img loading=\"lazy\" decoding=\"async\" width=\"1920\" height=\"1080\" src=\"https:\/\/tg4-docs.s3.amazonaws.com\/wp-content\/uploads\/2022\/10\/18171609\/Deirdre_Ni_Choistin_TG4.jpeg\" alt=\"\" class=\"aligncenter size-full wp-image-175371\" srcset=\"https:\/\/tg4-docs.s3.amazonaws.com\/wp-content\/uploads\/2022\/10\/18171609\/Deirdre_Ni_Choistin_TG4.jpeg 1920w, https:\/\/tg4-docs.s3.amazonaws.com\/wp-content\/uploads\/2022\/10\/18171609\/Deirdre_Ni_Choistin_TG4-250x141.jpeg 250w, https:\/\/tg4-docs.s3.amazonaws.com\/wp-content\/uploads\/2022\/10\/18171609\/Deirdre_Ni_Choistin_TG4-700x394.jpeg 700w, https:\/\/tg4-docs.s3.amazonaws.com\/wp-content\/uploads\/2022\/10\/18171609\/Deirdre_Ni_Choistin_TG4-252x141.jpeg 252w, https:\/\/tg4-docs.s3.amazonaws.com\/wp-content\/uploads\/2022\/10\/18171609\/Deirdre_Ni_Choistin_TG4-1536x864.jpeg 1536w, https:\/\/tg4-docs.s3.amazonaws.com\/wp-content\/uploads\/2022\/10\/18171609\/Deirdre_Ni_Choistin_TG4-120x68.jpeg 120w\" sizes=\"(max-width: 1920px) 100vw, 1920px\" \/><br \/>\n&nbsp;<br \/>\nF\u00e1ilt\u00edonn TG4 roimh cheapach\u00e1n Deirdre N\u00ed Choist\u00edn mar Ceannaire Nuachta agus C\u00farsa\u00ed Reatha TG4. M\u00ed I\u00fail seo caite, ghlac an rialtas le moladh a rinneadh i dtuarasc\u00e1il an Choimisi\u00fain um Thodhcha\u00ed na Me\u00e1n go mbeadh ceannas neamhsple\u00e1ch eagarth\u00f3ireachta ag TG4 ar a nuacht f\u00e9in.  F\u00f3gra\u00edodh an post Ceannaire Nuachta agus C\u00farsa\u00ed Reatha le t\u00fas a chur leis an aidhm sin a bhaint amach.<br \/>\n&nbsp;<br \/>\nAg f\u00f3gairt an ceapach\u00e1n inniu, deir <strong>Alan Esslemont, Ard-Sti\u00farth\u00f3ir TG4<\/strong>:  <em>&#8220;Mar thoradh ar chinneadh an rialtais go mbeadh ceannas neamhsple\u00e1ch eagarth\u00f3ireachta ag TG4 ar nuacht f\u00e9in, cuirim f\u00e1ilte roimh cheapach\u00e1n Deirdre N\u00ed Choist\u00edn sa r\u00f3l nua mar Ceannaire Nuachta agus C\u00farsa\u00ed Reatha TG4. T\u00e1 t\u00fas le cur ag Deirdre le f\u00eds agus strait\u00e9is nua a mh\u00fanl\u00fa do Nuacht agus C\u00farsa\u00ed Reatha TG4 ar an teilif\u00eds agus ar ard\u00e1in dhigiteacha.  Cinnteoidh \u00e1r gcumas neamhsple\u00e1ch eagarth\u00f3ireachta go mbeidh iolracht n\u00edos fearr maidir leis an gcl\u00fadach nuachta chun freastal ar lucht f\u00e9achana TG4 agus pobal na Gaeilge tr\u00ed ch\u00e9ile. Cuirfear t\u00fas le comhr\u00e1it\u00ed le RT\u00c9 go luath ionas gur f\u00e9idir le Nuacht TG4 eagarth\u00f3ireacht neamhsple\u00e1ch a bhaint amach le infheist\u00edocht chu\u00ed le tabhairt faoi.&#8221; <\/em><br \/>\n&nbsp;<br \/>\nBh\u00ed Deirdre N\u00ed Choist\u00edn ina Bainisteoir Cumars\u00e1ide TG4 \u00f3 2019.  Roimhe sin, chuir s\u00ed t\u00fas leis an ard\u00e1n ar l\u00edne MOLSC\u00c9AL in 2017.  T\u00e1 taith\u00ed fhairsing ag Deirdre mar l\u00e9iritheoir agus sti\u00farth\u00f3ir ar feadh ceithre bliana d\u00e9ag ar \u20187 L\u00e1\u2019.   Bh\u00ed r\u00f3l l\u00e1rnach aici i ngach craoladh toghch\u00e1in de chuid TG4 \u00f3 2002 ar aghaidh, le foireann Nuacht TG4 agus 7 L\u00e1.<br \/>\n&nbsp;<br \/>\nBeidh Deirdre ag dul i mbun a cuid c\u00faraim\u00ed nua go luath.<\/p>\n<p>&nbsp;<\/p>\n","protected":false},"excerpt":{"rendered":"<p>&nbsp; F\u00e1ilt\u00edonn TG4 roimh cheapach\u00e1n Deirdre N\u00ed Choist\u00edn mar Ceannaire Nuachta agus C\u00farsa\u00ed Reatha TG4. M\u00ed I\u00fail seo caite, ghlac an rialtas le moladh a rinneadh i dtuarasc\u00e1il an Choimisi\u00fain um Thodhcha\u00ed na Me\u00e1n go mbeadh ceannas neamhsple\u00e1ch eagarth\u00f3ireachta ag TG4 ar a nuacht f\u00e9in. F\u00f3gra\u00edodh an post Ceannaire Nuachta agus C\u00farsa\u00ed Reatha le t\u00fas [&hellip;]<\/p>\n","protected":false},"author":876,"featured_media":0,"parent":138171,"menu_order":33,"comment_status":"closed","ping_status":"closed","template":"page-templates\/template-pr.php","meta":{"_acf_changed":false,"footnotes":""},"acf":[],"yoast_head":"<!-- This site is optimized with the Yoast SEO plugin v22.6 - https:\/\/yoast.com\/wordpress\/plugins\/seo\/ -->\n<title>Deirdre N\u00ed Choist\u00edn ceaptha ina Ceannaire Nuachta agus C\u00farsa\u00ed Reatha ag TG4 | Preas R\u00e1iteas | TG4<\/title>\n<meta name=\"description\" content=\"F\u00e1ilt\u00edonn TG4 roimh cheapach\u00e1n Deirdre N\u00ed Choist\u00edn mar Ceannaire Nuachta agus C\u00farsa\u00ed Reatha TG4. M\u00ed I\u00fail seo caite, ghlac an rialtas le moladh a rinneadh i dtuarasc\u00e1il an Choimisi\u00fain um Thodhcha\u00ed na Me\u00e1n go mbeadh ceannas neamhsple\u00e1ch eagarth\u00f3ireachta ag TG4 ar a nuacht f\u00e9in.\" \/>\n<meta name=\"robots\" content=\"index, follow, max-snippet:-1, max-image-preview:large, max-video-preview:-1\" \/>\n<meta property=\"og:locale\" content=\"en_US\" \/>\n<meta property=\"og:type\" content=\"article\" \/>\n<meta property=\"og:title\" content=\"Deirdre N\u00ed Choist\u00edn ceaptha ina Ceannaire Nuachta agus C\u00farsa\u00ed Reatha ag TG4 | Preas R\u00e1iteas | TG4\" \/>\n<meta property=\"og:description\" content=\"F\u00e1ilt\u00edonn TG4 roimh cheapach\u00e1n Deirdre N\u00ed Choist\u00edn mar Ceannaire Nuachta agus C\u00farsa\u00ed Reatha TG4. M\u00ed I\u00fail seo caite, ghlac an rialtas le moladh a rinneadh i dtuarasc\u00e1il an Choimisi\u00fain um Thodhcha\u00ed na Me\u00e1n go mbeadh ceannas neamhsple\u00e1ch eagarth\u00f3ireachta ag TG4 ar a nuacht f\u00e9in.\" \/>\n<meta property=\"og:url\" content=\"https:\/\/dev.tg4.ie\/ga\/eolas\/preas\/nuacht-raitis\/2022-2\/deirdre-ni-choistin-ceaptha-ina-ceannaire-nuachta-agus-cursai-reatha-ag-tg4\/\" \/>\n<meta property=\"og:site_name\" content=\"TG4\" \/>\n<meta property=\"article:publisher\" content=\"https:\/\/www.facebook.com\/TG4TV\" \/>\n<meta property=\"og:image\" content=\"https:\/\/tg4-docs.s3.amazonaws.com\/wp-content\/uploads\/2022\/10\/18171609\/Deirdre_Ni_Choistin_TG4.jpeg\" \/>\n\t<meta property=\"og:image:width\" content=\"1920\" \/>\n\t<meta property=\"og:image:height\" content=\"1080\" \/>\n\t<meta property=\"og:image:type\" content=\"image\/jpeg\" \/>\n<meta name=\"twitter:card\" content=\"summary_large_image\" \/>\n<meta name=\"twitter:image\" content=\"https:\/\/tg4-docs.s3.amazonaws.com\/wp-content\/uploads\/2022\/10\/18171609\/Deirdre_Ni_Choistin_TG4.jpeg\" \/>\n<meta name=\"twitter:site\" content=\"@TG4TV\" \/>\n<meta name=\"twitter:label1\" content=\"Est. reading time\" \/>\n\t<meta name=\"twitter:data1\" content=\"2 minutes\" \/>\n<script type=\"application\/ld+json\" class=\"yoast-schema-graph\">{\"@context\":\"https:\/\/schema.org\",\"@graph\":[{\"@type\":\"WebPage\",\"@id\":\"https:\/\/dev.tg4.ie\/ga\/eolas\/preas\/nuacht-raitis\/2022-2\/deirdre-ni-choistin-ceaptha-ina-ceannaire-nuachta-agus-cursai-reatha-ag-tg4\/\",\"url\":\"https:\/\/dev.tg4.ie\/ga\/eolas\/preas\/nuacht-raitis\/2022-2\/deirdre-ni-choistin-ceaptha-ina-ceannaire-nuachta-agus-cursai-reatha-ag-tg4\/\",\"name\":\"Deirdre N\u00ed Choist\u00edn ceaptha ina Ceannaire Nuachta agus C\u00farsa\u00ed Reatha ag TG4 | Preas R\u00e1iteas | TG4\",\"isPartOf\":{\"@id\":\"https:\/\/dev.tg4.ie\/en\/#website\"},\"primaryImageOfPage\":{\"@id\":\"https:\/\/dev.tg4.ie\/ga\/eolas\/preas\/nuacht-raitis\/2022-2\/deirdre-ni-choistin-ceaptha-ina-ceannaire-nuachta-agus-cursai-reatha-ag-tg4\/#primaryimage\"},\"image\":{\"@id\":\"https:\/\/dev.tg4.ie\/ga\/eolas\/preas\/nuacht-raitis\/2022-2\/deirdre-ni-choistin-ceaptha-ina-ceannaire-nuachta-agus-cursai-reatha-ag-tg4\/#primaryimage\"},\"thumbnailUrl\":\"https:\/\/dev.tg4.ie\/wp-content\/uploads\/2022\/10\/Deirdre_Ni_Choistin_TG4.jpeg\",\"datePublished\":\"2022-10-18T16:19:04+00:00\",\"dateModified\":\"2022-10-18T16:19:04+00:00\",\"description\":\"F\u00e1ilt\u00edonn TG4 roimh cheapach\u00e1n Deirdre N\u00ed Choist\u00edn mar Ceannaire Nuachta agus C\u00farsa\u00ed Reatha TG4. M\u00ed I\u00fail seo caite, ghlac an rialtas le moladh a rinneadh i dtuarasc\u00e1il an Choimisi\u00fain um Thodhcha\u00ed na Me\u00e1n go mbeadh ceannas neamhsple\u00e1ch eagarth\u00f3ireachta ag TG4 ar a nuacht f\u00e9in.\",\"breadcrumb\":{\"@id\":\"https:\/\/dev.tg4.ie\/ga\/eolas\/preas\/nuacht-raitis\/2022-2\/deirdre-ni-choistin-ceaptha-ina-ceannaire-nuachta-agus-cursai-reatha-ag-tg4\/#breadcrumb\"},\"inLanguage\":\"ga\",\"potentialAction\":[{\"@type\":\"ReadAction\",\"target\":[\"https:\/\/dev.tg4.ie\/ga\/eolas\/preas\/nuacht-raitis\/2022-2\/deirdre-ni-choistin-ceaptha-ina-ceannaire-nuachta-agus-cursai-reatha-ag-tg4\/\"]}]},{\"@type\":\"ImageObject\",\"inLanguage\":\"ga\",\"@id\":\"https:\/\/dev.tg4.ie\/ga\/eolas\/preas\/nuacht-raitis\/2022-2\/deirdre-ni-choistin-ceaptha-ina-ceannaire-nuachta-agus-cursai-reatha-ag-tg4\/#primaryimage\",\"url\":\"https:\/\/dev.tg4.ie\/wp-content\/uploads\/2022\/10\/Deirdre_Ni_Choistin_TG4.jpeg\",\"contentUrl\":\"https:\/\/dev.tg4.ie\/wp-content\/uploads\/2022\/10\/Deirdre_Ni_Choistin_TG4.jpeg\"},{\"@type\":\"BreadcrumbList\",\"@id\":\"https:\/\/dev.tg4.ie\/ga\/eolas\/preas\/nuacht-raitis\/2022-2\/deirdre-ni-choistin-ceaptha-ina-ceannaire-nuachta-agus-cursai-reatha-ag-tg4\/#breadcrumb\",\"itemListElement\":[{\"@type\":\"ListItem\",\"position\":1,\"name\":\"Home\",\"item\":\"https:\/\/dev.tg4.ie\/ga\/\"},{\"@type\":\"ListItem\",\"position\":2,\"name\":\"Eolas\",\"item\":\"https:\/\/dev.tg4.ie\/ga\/eolas\/\"},{\"@type\":\"ListItem\",\"position\":3,\"name\":\"Preas\",\"item\":\"https:\/\/dev.tg4.ie\/ga\/eolas\/preas\/\"},{\"@type\":\"ListItem\",\"position\":4,\"name\":\"Nuacht R\u00e1itis\",\"item\":\"https:\/\/dev.tg4.ie\/ga\/eolas\/preas\/nuacht-raitis\/\"},{\"@type\":\"ListItem\",\"position\":5,\"name\":\"2022\",\"item\":\"https:\/\/dev.tg4.ie\/ga\/eolas\/preas\/nuacht-raitis\/2022-2\/\"},{\"@type\":\"ListItem\",\"position\":6,\"name\":\"Deirdre N\u00ed Choist\u00edn ceaptha ina Ceannaire Nuachta agus C\u00farsa\u00ed Reatha ag TG4\"}]},{\"@type\":\"WebSite\",\"@id\":\"https:\/\/dev.tg4.ie\/en\/#website\",\"url\":\"https:\/\/dev.tg4.ie\/en\/\",\"name\":\"TG4\",\"description\":\"S\u00fail Eile\",\"potentialAction\":[{\"@type\":\"SearchAction\",\"target\":{\"@type\":\"EntryPoint\",\"urlTemplate\":\"https:\/\/dev.tg4.ie\/en\/?s={search_term_string}\"},\"query-input\":\"required name=search_term_string\"}],\"inLanguage\":\"ga\"}]}<\/script>\n<!-- \/ Yoast SEO plugin. -->","yoast_head_json":{"title":"Deirdre N\u00ed Choist\u00edn ceaptha ina Ceannaire Nuachta agus C\u00farsa\u00ed Reatha ag TG4 | Preas R\u00e1iteas | TG4","description":"F\u00e1ilt\u00edonn TG4 roimh cheapach\u00e1n Deirdre N\u00ed Choist\u00edn mar Ceannaire Nuachta agus C\u00farsa\u00ed Reatha TG4. M\u00ed I\u00fail seo caite, ghlac an rialtas le moladh a rinneadh i dtuarasc\u00e1il an Choimisi\u00fain um Thodhcha\u00ed na Me\u00e1n go mbeadh ceannas neamhsple\u00e1ch eagarth\u00f3ireachta ag TG4 ar a nuacht f\u00e9in.","robots":{"index":"index","follow":"follow","max-snippet":"max-snippet:-1","max-image-preview":"max-image-preview:large","max-video-preview":"max-video-preview:-1"},"og_locale":"en_US","og_type":"article","og_title":"Deirdre N\u00ed Choist\u00edn ceaptha ina Ceannaire Nuachta agus C\u00farsa\u00ed Reatha ag TG4 | Preas R\u00e1iteas | TG4","og_description":"F\u00e1ilt\u00edonn TG4 roimh cheapach\u00e1n Deirdre N\u00ed Choist\u00edn mar Ceannaire Nuachta agus C\u00farsa\u00ed Reatha TG4. M\u00ed I\u00fail seo caite, ghlac an rialtas le moladh a rinneadh i dtuarasc\u00e1il an Choimisi\u00fain um Thodhcha\u00ed na Me\u00e1n go mbeadh ceannas neamhsple\u00e1ch eagarth\u00f3ireachta ag TG4 ar a nuacht f\u00e9in.","og_url":"https:\/\/dev.tg4.ie\/ga\/eolas\/preas\/nuacht-raitis\/2022-2\/deirdre-ni-choistin-ceaptha-ina-ceannaire-nuachta-agus-cursai-reatha-ag-tg4\/","og_site_name":"TG4","article_publisher":"https:\/\/www.facebook.com\/TG4TV","og_image":[{"width":1920,"height":1080,"url":"https:\/\/tg4-docs.s3.amazonaws.com\/wp-content\/uploads\/2022\/10\/18171609\/Deirdre_Ni_Choistin_TG4.jpeg","type":"image\/jpeg"}],"twitter_card":"summary_large_image","twitter_image":"https:\/\/tg4-docs.s3.amazonaws.com\/wp-content\/uploads\/2022\/10\/18171609\/Deirdre_Ni_Choistin_TG4.jpeg","twitter_site":"@TG4TV","twitter_misc":{"Est. reading time":"2 minutes"},"schema":{"@context":"https:\/\/schema.org","@graph":[{"@type":"WebPage","@id":"https:\/\/dev.tg4.ie\/ga\/eolas\/preas\/nuacht-raitis\/2022-2\/deirdre-ni-choistin-ceaptha-ina-ceannaire-nuachta-agus-cursai-reatha-ag-tg4\/","url":"https:\/\/dev.tg4.ie\/ga\/eolas\/preas\/nuacht-raitis\/2022-2\/deirdre-ni-choistin-ceaptha-ina-ceannaire-nuachta-agus-cursai-reatha-ag-tg4\/","name":"Deirdre N\u00ed Choist\u00edn ceaptha ina Ceannaire Nuachta agus C\u00farsa\u00ed Reatha ag TG4 | Preas R\u00e1iteas | TG4","isPartOf":{"@id":"https:\/\/dev.tg4.ie\/en\/#website"},"primaryImageOfPage":{"@id":"https:\/\/dev.tg4.ie\/ga\/eolas\/preas\/nuacht-raitis\/2022-2\/deirdre-ni-choistin-ceaptha-ina-ceannaire-nuachta-agus-cursai-reatha-ag-tg4\/#primaryimage"},"image":{"@id":"https:\/\/dev.tg4.ie\/ga\/eolas\/preas\/nuacht-raitis\/2022-2\/deirdre-ni-choistin-ceaptha-ina-ceannaire-nuachta-agus-cursai-reatha-ag-tg4\/#primaryimage"},"thumbnailUrl":"https:\/\/dev.tg4.ie\/wp-content\/uploads\/2022\/10\/Deirdre_Ni_Choistin_TG4.jpeg","datePublished":"2022-10-18T16:19:04+00:00","dateModified":"2022-10-18T16:19:04+00:00","description":"F\u00e1ilt\u00edonn TG4 roimh cheapach\u00e1n Deirdre N\u00ed Choist\u00edn mar Ceannaire Nuachta agus C\u00farsa\u00ed Reatha TG4. M\u00ed I\u00fail seo caite, ghlac an rialtas le moladh a rinneadh i dtuarasc\u00e1il an Choimisi\u00fain um Thodhcha\u00ed na Me\u00e1n go mbeadh ceannas neamhsple\u00e1ch eagarth\u00f3ireachta ag TG4 ar a nuacht f\u00e9in.","breadcrumb":{"@id":"https:\/\/dev.tg4.ie\/ga\/eolas\/preas\/nuacht-raitis\/2022-2\/deirdre-ni-choistin-ceaptha-ina-ceannaire-nuachta-agus-cursai-reatha-ag-tg4\/#breadcrumb"},"inLanguage":"ga","potentialAction":[{"@type":"ReadAction","target":["https:\/\/dev.tg4.ie\/ga\/eolas\/preas\/nuacht-raitis\/2022-2\/deirdre-ni-choistin-ceaptha-ina-ceannaire-nuachta-agus-cursai-reatha-ag-tg4\/"]}]},{"@type":"ImageObject","inLanguage":"ga","@id":"https:\/\/dev.tg4.ie\/ga\/eolas\/preas\/nuacht-raitis\/2022-2\/deirdre-ni-choistin-ceaptha-ina-ceannaire-nuachta-agus-cursai-reatha-ag-tg4\/#primaryimage","url":"https:\/\/dev.tg4.ie\/wp-content\/uploads\/2022\/10\/Deirdre_Ni_Choistin_TG4.jpeg","contentUrl":"https:\/\/dev.tg4.ie\/wp-content\/uploads\/2022\/10\/Deirdre_Ni_Choistin_TG4.jpeg"},{"@type":"BreadcrumbList","@id":"https:\/\/dev.tg4.ie\/ga\/eolas\/preas\/nuacht-raitis\/2022-2\/deirdre-ni-choistin-ceaptha-ina-ceannaire-nuachta-agus-cursai-reatha-ag-tg4\/#breadcrumb","itemListElement":[{"@type":"ListItem","position":1,"name":"Home","item":"https:\/\/dev.tg4.ie\/ga\/"},{"@type":"ListItem","position":2,"name":"Eolas","item":"https:\/\/dev.tg4.ie\/ga\/eolas\/"},{"@type":"ListItem","position":3,"name":"Preas","item":"https:\/\/dev.tg4.ie\/ga\/eolas\/preas\/"},{"@type":"ListItem","position":4,"name":"Nuacht R\u00e1itis","item":"https:\/\/dev.tg4.ie\/ga\/eolas\/preas\/nuacht-raitis\/"},{"@type":"ListItem","position":5,"name":"2022","item":"https:\/\/dev.tg4.ie\/ga\/eolas\/preas\/nuacht-raitis\/2022-2\/"},{"@type":"ListItem","position":6,"name":"Deirdre N\u00ed Choist\u00edn ceaptha ina Ceannaire Nuachta agus C\u00farsa\u00ed Reatha ag TG4"}]},{"@type":"WebSite","@id":"https:\/\/dev.tg4.ie\/en\/#website","url":"https:\/\/dev.tg4.ie\/en\/","name":"TG4","description":"S\u00fail Eile","potentialAction":[{"@type":"SearchAction","target":{"@type":"EntryPoint","urlTemplate":"https:\/\/dev.tg4.ie\/en\/?s={search_term_string}"},"query-input":"required name=search_term_string"}],"inLanguage":"ga"}]}},"_links":{"self":[{"href":"https:\/\/dev.tg4.ie\/ga\/wp-json\/wp\/v2\/pages\/175370"}],"collection":[{"href":"https:\/\/dev.tg4.ie\/ga\/wp-json\/wp\/v2\/pages"}],"about":[{"href":"https:\/\/dev.tg4.ie\/ga\/wp-json\/wp\/v2\/types\/page"}],"author":[{"embeddable":true,"href":"https:\/\/dev.tg4.ie\/ga\/wp-json\/wp\/v2\/users\/876"}],"replies":[{"embeddable":true,"href":"https:\/\/dev.tg4.ie\/ga\/wp-json\/wp\/v2\/comments?post=175370"}],"version-history":[{"count":0,"href":"https:\/\/dev.tg4.ie\/ga\/wp-json\/wp\/v2\/pages\/175370\/revisions"}],"up":[{"embeddable":true,"href":"https:\/\/dev.tg4.ie\/ga\/wp-json\/wp\/v2\/pages\/138171"}],"wp:attachment":[{"href":"https:\/\/dev.tg4.ie\/ga\/wp-json\/wp\/v2\/media?parent=175370"}],"curies":[{"name":"wp","href":"https:\/\/api.w.org\/{rel}","templated":true}]}}