{"id":177240,"date":"2022-11-22T15:12:19","date_gmt":"2022-11-22T15:12:19","guid":{"rendered":"https:\/\/dev.tg4.ie\/?page_id=177240"},"modified":"2022-11-22T15:12:19","modified_gmt":"2022-11-22T15:12:19","slug":"sraitheanna-nua-a-lorg-ag-tg4-do-chaineal-nua-cula4","status":"publish","type":"page","link":"https:\/\/dev.tg4.ie\/ga\/eolas\/preas\/nuacht-raitis\/2022-2\/sraitheanna-nua-a-lorg-ag-tg4-do-chaineal-nua-cula4\/","title":{"rendered":"Sraitheanna nua \u00e1 lorg ag TG4 do chain\u00e9al nua C\u00fala4"},"content":{"rendered":"<p><img loading=\"lazy\" decoding=\"async\" width=\"1920\" height=\"1080\" src=\"https:\/\/tg4-docs.s3.amazonaws.com\/wp-content\/uploads\/2022\/11\/22145516\/Cula4_Logo_Bandearg_1-1920x1080-1.jpg\" alt=\"\" class=\"alignnone size-full wp-image-177242\" srcset=\"https:\/\/tg4-docs.s3.amazonaws.com\/wp-content\/uploads\/2022\/11\/22145516\/Cula4_Logo_Bandearg_1-1920x1080-1.jpg 1920w, https:\/\/tg4-docs.s3.amazonaws.com\/wp-content\/uploads\/2022\/11\/22145516\/Cula4_Logo_Bandearg_1-1920x1080-1-250x141.jpg 250w, https:\/\/tg4-docs.s3.amazonaws.com\/wp-content\/uploads\/2022\/11\/22145516\/Cula4_Logo_Bandearg_1-1920x1080-1-700x394.jpg 700w, https:\/\/tg4-docs.s3.amazonaws.com\/wp-content\/uploads\/2022\/11\/22145516\/Cula4_Logo_Bandearg_1-1920x1080-1-252x141.jpg 252w, https:\/\/tg4-docs.s3.amazonaws.com\/wp-content\/uploads\/2022\/11\/22145516\/Cula4_Logo_Bandearg_1-1920x1080-1-1536x864.jpg 1536w, https:\/\/tg4-docs.s3.amazonaws.com\/wp-content\/uploads\/2022\/11\/22145516\/Cula4_Logo_Bandearg_1-1920x1080-1-120x68.jpg 120w\" sizes=\"(max-width: 1920px) 100vw, 1920px\" \/><br \/>\n&nbsp;<br \/>\nAg L\u00e1 na L\u00e9iritheoir\u00ed inniu, \u00f3c\u00e1id a d\u2019eagraigh TG4 don earn\u00e1il neamhsple\u00e1ch l\u00e9iri\u00fach\u00e1n, f\u00f3gra\u00edodh babhta\u00ed coimisi\u00fanaithe nua don mhaoini\u00fa breise \u20ac7.3m a cheadaigh an Rialtas do TG4 i mBuis\u00e9ad 2023. D\u2019fhreastail suas le ceithre sc\u00f3r ionada\u00ed \u00f3n earn\u00e1il l\u00e9iri\u00fach\u00e1in ar an \u00f3c\u00e1id a bh\u00ed ar si\u00fal i mBaile \u00c1tha Luain. <\/p>\n<p>T\u00e1 babhta\u00ed nua coimisi\u00fanaithe f\u00f3gartha do chain\u00e9al C\u00fala4 agus caithfear os cionn \u20ac2m ar chl\u00e1racha agus \u00e1bhar nua do ph\u00e1ist\u00ed.  T\u00e1 iarratais \u00e1 lorg ar ollsol\u00e1thar ceithre bliana d\u2019\u00e1bhar siamsa\u00edochta do ph\u00e1ist\u00ed idir 8 agus 12 bhliain d\u2019aois ina mbeidh p\u00e1ist\u00ed n\u00f3 tallann \u00f3g l\u00e1ithreoir\u00ed a mheallfaidh an lucht f\u00e9achana ar an sc\u00e1ile\u00e1n. T\u00e1 iarratais \u00e1 lorg chomh maith ar ollsol\u00e1thar do mh\u00edreanna l\u00e1ithreachais le l\u00e1ithreoir d\u00edrithe ar ph\u00e1ist\u00ed faoi dh\u00e1 bhliain d\u00e9ag d\u2019aois don chain\u00e9al. <\/p>\n<p>Ba mhaith le C\u00fala4 sraith staire do dhaoine \u00f3ga a choimisi\u00fan\u00fa a thabharfaidh l\u00e9argas don lucht f\u00e9achana ar stair na h\u00c9ireann ar bhealach sp\u00e9isi\u00fail agus siams\u00fail agus t\u00e1 smaointe \u00e1 lorg do she\u00f3 cluich\u00ed ina mbeidh scoileanna, clubanna n\u00f3 gr\u00fapa\u00ed cairde in ioma\u00edocht lena ch\u00e9ile.  <\/p>\n<p>T\u00e1 sc\u00e9imeanna eile forbartha f\u00f3gartha do thogra\u00ed dr\u00e1ma\u00edochta r\u00e9amhscoile agus dr\u00e1ma\u00edocht do ph\u00e1ist\u00ed n\u00edos sine idir 8-12 bhliain d\u2019aois, togra beochana do ph\u00e1ist\u00ed idir 8-12 bhliain d\u2019aois agus form\u00e1id siamsa\u00edochta do ph\u00e1ist\u00ed i ngach aoisghr\u00fapa. <\/p>\n<p>Chun cur le hacmhainn\u00ed foghlama do mh\u00fainteoir\u00ed agus dalta\u00ed, t\u00e1 maoini\u00fa forbartha ar f\u00e1il chun togra\u00ed oideachais uaillmhianacha a l\u00e9iri\u00fa in 2024 at\u00e1 d\u00edrithe ar an nGaeilge a chur cun cinn i scoileanna. Beifear ag d\u00edri\u00fa ar bhunscoileanna agus ar iar-bhunscoileanna, agus beidh b\u00e9im ar leith ar thac\u00fa le m\u00faineadh na Gaeilge i scoileanna nach Gaelscoileanna n\u00f3 scoileanna Gaeltachta iad.  T\u00e1 iarratais \u00e1 lorg chomh maith ar \u00e1bhar oideachais gearrfhoirme d\u00edrithe ar ph\u00e1ist\u00ed bunscoile a bheadh feili\u00fanach don su\u00edomh TG4 Foghlaim n\u00f3 le craoladh ar chain\u00e9al C\u00fala4. <\/p>\n<p>T\u00e1 iarratais \u00e1 lorg chomh maith ag TG4 \u00f3n earn\u00e1il l\u00e9iri\u00fach\u00e1n neamhsple\u00e1ch chun cl\u00e1ir aonair n\u00f3 sraitheanna a fhorbairt sna r\u00e9ims\u00ed seo a leanas \u2013 cl\u00e1racha faisn\u00e9ise n\u00f3 f\u00edorasacha a chraolfar sa phr\u00edomhsceideal, cl\u00e1racha f\u00edorasacha n\u00f3 siams\u00fala a chraolfar don chro\u00edlucht f\u00e9achana, siamsa\u00edocht fh\u00edorasach don teaghlach, ceol tradisi\u00fanta agus siamsa\u00edocht cheol nach ceol traidisi\u00fanta n\u00f3 ceol t\u00edre \u00e9, \u00e1bhar do dhaoine faoi 35 bliana agus form\u00e1id\u00ed ginear\u00e1lta. <\/p>\n<p>T\u00e1 tuilleadh eolais faoi na babhta\u00ed le f\u00e1il ar <a href=\"https:\/\/dev.tg4.ie\/coimisiuin\/\" rel=\"noopener\" target=\"_blank\">tg4.ie\/coimisiuin<\/a><\/p>\n<p>&nbsp;<\/p>\n","protected":false},"excerpt":{"rendered":"<p>&nbsp; Ag L\u00e1 na L\u00e9iritheoir\u00ed inniu, \u00f3c\u00e1id a d\u2019eagraigh TG4 don earn\u00e1il neamhsple\u00e1ch l\u00e9iri\u00fach\u00e1n, f\u00f3gra\u00edodh babhta\u00ed coimisi\u00fanaithe nua don mhaoini\u00fa breise \u20ac7.3m a cheadaigh an Rialtas do TG4 i mBuis\u00e9ad 2023. D\u2019fhreastail suas le ceithre sc\u00f3r ionada\u00ed \u00f3n earn\u00e1il l\u00e9iri\u00fach\u00e1in ar an \u00f3c\u00e1id a bh\u00ed ar si\u00fal i mBaile \u00c1tha Luain. T\u00e1 babhta\u00ed nua coimisi\u00fanaithe [&hellip;]<\/p>\n","protected":false},"author":1821,"featured_media":0,"parent":138171,"menu_order":34,"comment_status":"closed","ping_status":"closed","template":"page-templates\/template-pr.php","meta":{"_acf_changed":false,"footnotes":""},"acf":[],"yoast_head":"<!-- This site is optimized with the Yoast SEO plugin v22.6 - https:\/\/yoast.com\/wordpress\/plugins\/seo\/ -->\n<title>Sraitheanna nua \u00e1 lorg ag TG4 do chain\u00e9al nua C\u00fala4 | Preas R\u00e1iteas | TG4<\/title>\n<meta name=\"description\" content=\"Ag L\u00e1 na L\u00e9iritheoir\u00ed inniu, \u00f3c\u00e1id a d\u2019eagraigh TG4 don earn\u00e1il neamhsple\u00e1ch l\u00e9iri\u00fach\u00e1n, f\u00f3gra\u00edodh babhta\u00ed coimisi\u00fanaithe nua don mhaoini\u00fa breise \u20ac7.3m a cheadaigh an Rialtas do TG4 i mBuis\u00e9ad 2023.\" \/>\n<meta name=\"robots\" content=\"index, follow, max-snippet:-1, max-image-preview:large, max-video-preview:-1\" \/>\n<meta property=\"og:locale\" content=\"en_US\" \/>\n<meta property=\"og:type\" content=\"article\" \/>\n<meta property=\"og:title\" content=\"Sraitheanna nua \u00e1 lorg ag TG4 do chain\u00e9al nua C\u00fala4 | Preas R\u00e1iteas | TG4\" \/>\n<meta property=\"og:description\" content=\"Ag L\u00e1 na L\u00e9iritheoir\u00ed inniu, \u00f3c\u00e1id a d\u2019eagraigh TG4 don earn\u00e1il neamhsple\u00e1ch l\u00e9iri\u00fach\u00e1n, f\u00f3gra\u00edodh babhta\u00ed coimisi\u00fanaithe nua don mhaoini\u00fa breise \u20ac7.3m a cheadaigh an Rialtas do TG4 i mBuis\u00e9ad 2023.\" \/>\n<meta property=\"og:url\" content=\"https:\/\/dev.tg4.ie\/ga\/eolas\/preas\/nuacht-raitis\/2022-2\/sraitheanna-nua-a-lorg-ag-tg4-do-chaineal-nua-cula4\/\" \/>\n<meta property=\"og:site_name\" content=\"TG4\" \/>\n<meta property=\"article:publisher\" content=\"https:\/\/www.facebook.com\/TG4TV\" \/>\n<meta property=\"og:image\" content=\"https:\/\/dev.tg4.ie\/wp-content\/uploads\/2022\/11\/Cula4_Logo_Bandearg_1-1920x1080-1.jpg\" \/>\n<meta name=\"twitter:card\" content=\"summary_large_image\" \/>\n<meta name=\"twitter:site\" content=\"@TG4TV\" \/>\n<meta name=\"twitter:label1\" content=\"Est. reading time\" \/>\n\t<meta name=\"twitter:data1\" content=\"3 minutes\" \/>\n<script type=\"application\/ld+json\" class=\"yoast-schema-graph\">{\"@context\":\"https:\/\/schema.org\",\"@graph\":[{\"@type\":\"WebPage\",\"@id\":\"https:\/\/dev.tg4.ie\/ga\/eolas\/preas\/nuacht-raitis\/2022-2\/sraitheanna-nua-a-lorg-ag-tg4-do-chaineal-nua-cula4\/\",\"url\":\"https:\/\/dev.tg4.ie\/ga\/eolas\/preas\/nuacht-raitis\/2022-2\/sraitheanna-nua-a-lorg-ag-tg4-do-chaineal-nua-cula4\/\",\"name\":\"Sraitheanna nua \u00e1 lorg ag TG4 do chain\u00e9al nua C\u00fala4 | Preas R\u00e1iteas | TG4\",\"isPartOf\":{\"@id\":\"https:\/\/dev.tg4.ie\/en\/#website\"},\"primaryImageOfPage\":{\"@id\":\"https:\/\/dev.tg4.ie\/ga\/eolas\/preas\/nuacht-raitis\/2022-2\/sraitheanna-nua-a-lorg-ag-tg4-do-chaineal-nua-cula4\/#primaryimage\"},\"image\":{\"@id\":\"https:\/\/dev.tg4.ie\/ga\/eolas\/preas\/nuacht-raitis\/2022-2\/sraitheanna-nua-a-lorg-ag-tg4-do-chaineal-nua-cula4\/#primaryimage\"},\"thumbnailUrl\":\"https:\/\/dev.tg4.ie\/wp-content\/uploads\/2022\/11\/Cula4_Logo_Bandearg_1-1920x1080-1.jpg\",\"datePublished\":\"2022-11-22T15:12:19+00:00\",\"dateModified\":\"2022-11-22T15:12:19+00:00\",\"description\":\"Ag L\u00e1 na L\u00e9iritheoir\u00ed inniu, \u00f3c\u00e1id a d\u2019eagraigh TG4 don earn\u00e1il neamhsple\u00e1ch l\u00e9iri\u00fach\u00e1n, f\u00f3gra\u00edodh babhta\u00ed coimisi\u00fanaithe nua don mhaoini\u00fa breise \u20ac7.3m a cheadaigh an Rialtas do TG4 i mBuis\u00e9ad 2023.\",\"breadcrumb\":{\"@id\":\"https:\/\/dev.tg4.ie\/ga\/eolas\/preas\/nuacht-raitis\/2022-2\/sraitheanna-nua-a-lorg-ag-tg4-do-chaineal-nua-cula4\/#breadcrumb\"},\"inLanguage\":\"ga\",\"potentialAction\":[{\"@type\":\"ReadAction\",\"target\":[\"https:\/\/dev.tg4.ie\/ga\/eolas\/preas\/nuacht-raitis\/2022-2\/sraitheanna-nua-a-lorg-ag-tg4-do-chaineal-nua-cula4\/\"]}]},{\"@type\":\"ImageObject\",\"inLanguage\":\"ga\",\"@id\":\"https:\/\/dev.tg4.ie\/ga\/eolas\/preas\/nuacht-raitis\/2022-2\/sraitheanna-nua-a-lorg-ag-tg4-do-chaineal-nua-cula4\/#primaryimage\",\"url\":\"https:\/\/dev.tg4.ie\/wp-content\/uploads\/2022\/11\/Cula4_Logo_Bandearg_1-1920x1080-1.jpg\",\"contentUrl\":\"https:\/\/dev.tg4.ie\/wp-content\/uploads\/2022\/11\/Cula4_Logo_Bandearg_1-1920x1080-1.jpg\"},{\"@type\":\"BreadcrumbList\",\"@id\":\"https:\/\/dev.tg4.ie\/ga\/eolas\/preas\/nuacht-raitis\/2022-2\/sraitheanna-nua-a-lorg-ag-tg4-do-chaineal-nua-cula4\/#breadcrumb\",\"itemListElement\":[{\"@type\":\"ListItem\",\"position\":1,\"name\":\"Home\",\"item\":\"https:\/\/dev.tg4.ie\/ga\/\"},{\"@type\":\"ListItem\",\"position\":2,\"name\":\"Eolas\",\"item\":\"https:\/\/dev.tg4.ie\/ga\/eolas\/\"},{\"@type\":\"ListItem\",\"position\":3,\"name\":\"Preas\",\"item\":\"https:\/\/dev.tg4.ie\/ga\/eolas\/preas\/\"},{\"@type\":\"ListItem\",\"position\":4,\"name\":\"Nuacht R\u00e1itis\",\"item\":\"https:\/\/dev.tg4.ie\/ga\/eolas\/preas\/nuacht-raitis\/\"},{\"@type\":\"ListItem\",\"position\":5,\"name\":\"2022\",\"item\":\"https:\/\/dev.tg4.ie\/ga\/eolas\/preas\/nuacht-raitis\/2022-2\/\"},{\"@type\":\"ListItem\",\"position\":6,\"name\":\"Sraitheanna nua \u00e1 lorg ag TG4 do chain\u00e9al nua C\u00fala4\"}]},{\"@type\":\"WebSite\",\"@id\":\"https:\/\/dev.tg4.ie\/en\/#website\",\"url\":\"https:\/\/dev.tg4.ie\/en\/\",\"name\":\"TG4\",\"description\":\"S\u00fail Eile\",\"potentialAction\":[{\"@type\":\"SearchAction\",\"target\":{\"@type\":\"EntryPoint\",\"urlTemplate\":\"https:\/\/dev.tg4.ie\/en\/?s={search_term_string}\"},\"query-input\":\"required name=search_term_string\"}],\"inLanguage\":\"ga\"}]}<\/script>\n<!-- \/ Yoast SEO plugin. -->","yoast_head_json":{"title":"Sraitheanna nua \u00e1 lorg ag TG4 do chain\u00e9al nua C\u00fala4 | Preas R\u00e1iteas | TG4","description":"Ag L\u00e1 na L\u00e9iritheoir\u00ed inniu, \u00f3c\u00e1id a d\u2019eagraigh TG4 don earn\u00e1il neamhsple\u00e1ch l\u00e9iri\u00fach\u00e1n, f\u00f3gra\u00edodh babhta\u00ed coimisi\u00fanaithe nua don mhaoini\u00fa breise \u20ac7.3m a cheadaigh an Rialtas do TG4 i mBuis\u00e9ad 2023.","robots":{"index":"index","follow":"follow","max-snippet":"max-snippet:-1","max-image-preview":"max-image-preview:large","max-video-preview":"max-video-preview:-1"},"og_locale":"en_US","og_type":"article","og_title":"Sraitheanna nua \u00e1 lorg ag TG4 do chain\u00e9al nua C\u00fala4 | Preas R\u00e1iteas | TG4","og_description":"Ag L\u00e1 na L\u00e9iritheoir\u00ed inniu, \u00f3c\u00e1id a d\u2019eagraigh TG4 don earn\u00e1il neamhsple\u00e1ch l\u00e9iri\u00fach\u00e1n, f\u00f3gra\u00edodh babhta\u00ed coimisi\u00fanaithe nua don mhaoini\u00fa breise \u20ac7.3m a cheadaigh an Rialtas do TG4 i mBuis\u00e9ad 2023.","og_url":"https:\/\/dev.tg4.ie\/ga\/eolas\/preas\/nuacht-raitis\/2022-2\/sraitheanna-nua-a-lorg-ag-tg4-do-chaineal-nua-cula4\/","og_site_name":"TG4","article_publisher":"https:\/\/www.facebook.com\/TG4TV","og_image":[{"url":"https:\/\/dev.tg4.ie\/wp-content\/uploads\/2022\/11\/Cula4_Logo_Bandearg_1-1920x1080-1.jpg"}],"twitter_card":"summary_large_image","twitter_site":"@TG4TV","twitter_misc":{"Est. reading time":"3 minutes"},"schema":{"@context":"https:\/\/schema.org","@graph":[{"@type":"WebPage","@id":"https:\/\/dev.tg4.ie\/ga\/eolas\/preas\/nuacht-raitis\/2022-2\/sraitheanna-nua-a-lorg-ag-tg4-do-chaineal-nua-cula4\/","url":"https:\/\/dev.tg4.ie\/ga\/eolas\/preas\/nuacht-raitis\/2022-2\/sraitheanna-nua-a-lorg-ag-tg4-do-chaineal-nua-cula4\/","name":"Sraitheanna nua \u00e1 lorg ag TG4 do chain\u00e9al nua C\u00fala4 | Preas R\u00e1iteas | TG4","isPartOf":{"@id":"https:\/\/dev.tg4.ie\/en\/#website"},"primaryImageOfPage":{"@id":"https:\/\/dev.tg4.ie\/ga\/eolas\/preas\/nuacht-raitis\/2022-2\/sraitheanna-nua-a-lorg-ag-tg4-do-chaineal-nua-cula4\/#primaryimage"},"image":{"@id":"https:\/\/dev.tg4.ie\/ga\/eolas\/preas\/nuacht-raitis\/2022-2\/sraitheanna-nua-a-lorg-ag-tg4-do-chaineal-nua-cula4\/#primaryimage"},"thumbnailUrl":"https:\/\/dev.tg4.ie\/wp-content\/uploads\/2022\/11\/Cula4_Logo_Bandearg_1-1920x1080-1.jpg","datePublished":"2022-11-22T15:12:19+00:00","dateModified":"2022-11-22T15:12:19+00:00","description":"Ag L\u00e1 na L\u00e9iritheoir\u00ed inniu, \u00f3c\u00e1id a d\u2019eagraigh TG4 don earn\u00e1il neamhsple\u00e1ch l\u00e9iri\u00fach\u00e1n, f\u00f3gra\u00edodh babhta\u00ed coimisi\u00fanaithe nua don mhaoini\u00fa breise \u20ac7.3m a cheadaigh an Rialtas do TG4 i mBuis\u00e9ad 2023.","breadcrumb":{"@id":"https:\/\/dev.tg4.ie\/ga\/eolas\/preas\/nuacht-raitis\/2022-2\/sraitheanna-nua-a-lorg-ag-tg4-do-chaineal-nua-cula4\/#breadcrumb"},"inLanguage":"ga","potentialAction":[{"@type":"ReadAction","target":["https:\/\/dev.tg4.ie\/ga\/eolas\/preas\/nuacht-raitis\/2022-2\/sraitheanna-nua-a-lorg-ag-tg4-do-chaineal-nua-cula4\/"]}]},{"@type":"ImageObject","inLanguage":"ga","@id":"https:\/\/dev.tg4.ie\/ga\/eolas\/preas\/nuacht-raitis\/2022-2\/sraitheanna-nua-a-lorg-ag-tg4-do-chaineal-nua-cula4\/#primaryimage","url":"https:\/\/dev.tg4.ie\/wp-content\/uploads\/2022\/11\/Cula4_Logo_Bandearg_1-1920x1080-1.jpg","contentUrl":"https:\/\/dev.tg4.ie\/wp-content\/uploads\/2022\/11\/Cula4_Logo_Bandearg_1-1920x1080-1.jpg"},{"@type":"BreadcrumbList","@id":"https:\/\/dev.tg4.ie\/ga\/eolas\/preas\/nuacht-raitis\/2022-2\/sraitheanna-nua-a-lorg-ag-tg4-do-chaineal-nua-cula4\/#breadcrumb","itemListElement":[{"@type":"ListItem","position":1,"name":"Home","item":"https:\/\/dev.tg4.ie\/ga\/"},{"@type":"ListItem","position":2,"name":"Eolas","item":"https:\/\/dev.tg4.ie\/ga\/eolas\/"},{"@type":"ListItem","position":3,"name":"Preas","item":"https:\/\/dev.tg4.ie\/ga\/eolas\/preas\/"},{"@type":"ListItem","position":4,"name":"Nuacht R\u00e1itis","item":"https:\/\/dev.tg4.ie\/ga\/eolas\/preas\/nuacht-raitis\/"},{"@type":"ListItem","position":5,"name":"2022","item":"https:\/\/dev.tg4.ie\/ga\/eolas\/preas\/nuacht-raitis\/2022-2\/"},{"@type":"ListItem","position":6,"name":"Sraitheanna nua \u00e1 lorg ag TG4 do chain\u00e9al nua C\u00fala4"}]},{"@type":"WebSite","@id":"https:\/\/dev.tg4.ie\/en\/#website","url":"https:\/\/dev.tg4.ie\/en\/","name":"TG4","description":"S\u00fail Eile","potentialAction":[{"@type":"SearchAction","target":{"@type":"EntryPoint","urlTemplate":"https:\/\/dev.tg4.ie\/en\/?s={search_term_string}"},"query-input":"required name=search_term_string"}],"inLanguage":"ga"}]}},"_links":{"self":[{"href":"https:\/\/dev.tg4.ie\/ga\/wp-json\/wp\/v2\/pages\/177240"}],"collection":[{"href":"https:\/\/dev.tg4.ie\/ga\/wp-json\/wp\/v2\/pages"}],"about":[{"href":"https:\/\/dev.tg4.ie\/ga\/wp-json\/wp\/v2\/types\/page"}],"author":[{"embeddable":true,"href":"https:\/\/dev.tg4.ie\/ga\/wp-json\/wp\/v2\/users\/1821"}],"replies":[{"embeddable":true,"href":"https:\/\/dev.tg4.ie\/ga\/wp-json\/wp\/v2\/comments?post=177240"}],"version-history":[{"count":0,"href":"https:\/\/dev.tg4.ie\/ga\/wp-json\/wp\/v2\/pages\/177240\/revisions"}],"up":[{"embeddable":true,"href":"https:\/\/dev.tg4.ie\/ga\/wp-json\/wp\/v2\/pages\/138171"}],"wp:attachment":[{"href":"https:\/\/dev.tg4.ie\/ga\/wp-json\/wp\/v2\/media?parent=177240"}],"curies":[{"name":"wp","href":"https:\/\/api.w.org\/{rel}","templated":true}]}}