{"id":177782,"date":"2022-11-28T13:34:01","date_gmt":"2022-11-28T13:34:01","guid":{"rendered":"https:\/\/dev.tg4.ie\/?page_id=177782"},"modified":"2022-11-28T13:34:01","modified_gmt":"2022-11-28T13:34:01","slug":"beirt-nua-ceaptha-ag-tg4-do-chaineal-nua-cula4","status":"publish","type":"page","link":"https:\/\/dev.tg4.ie\/ga\/eolas\/preas\/nuacht-raitis\/2022-2\/beirt-nua-ceaptha-ag-tg4-do-chaineal-nua-cula4\/","title":{"rendered":"Beirt nua ceaptha ag TG4 do chaine\u00e1l nua C\u00fala4"},"content":{"rendered":"<p><img loading=\"lazy\" decoding=\"async\" width=\"1920\" height=\"1080\" src=\"https:\/\/tg4-docs.s3.amazonaws.com\/wp-content\/uploads\/2022\/11\/28132452\/Logo_Cula4_bandearg_eadrom_1-1920x1080-1.jpg\" alt=\"\" class=\"aligncenter size-full wp-image-177785\" srcset=\"https:\/\/tg4-docs.s3.amazonaws.com\/wp-content\/uploads\/2022\/11\/28132452\/Logo_Cula4_bandearg_eadrom_1-1920x1080-1.jpg 1920w, https:\/\/tg4-docs.s3.amazonaws.com\/wp-content\/uploads\/2022\/11\/28132452\/Logo_Cula4_bandearg_eadrom_1-1920x1080-1-250x141.jpg 250w, https:\/\/tg4-docs.s3.amazonaws.com\/wp-content\/uploads\/2022\/11\/28132452\/Logo_Cula4_bandearg_eadrom_1-1920x1080-1-700x394.jpg 700w, https:\/\/tg4-docs.s3.amazonaws.com\/wp-content\/uploads\/2022\/11\/28132452\/Logo_Cula4_bandearg_eadrom_1-1920x1080-1-252x141.jpg 252w, https:\/\/tg4-docs.s3.amazonaws.com\/wp-content\/uploads\/2022\/11\/28132452\/Logo_Cula4_bandearg_eadrom_1-1920x1080-1-1536x864.jpg 1536w, https:\/\/tg4-docs.s3.amazonaws.com\/wp-content\/uploads\/2022\/11\/28132452\/Logo_Cula4_bandearg_eadrom_1-1920x1080-1-120x68.jpg 120w\" sizes=\"(max-width: 1920px) 100vw, 1920px\" \/><br \/>\n&nbsp;<br \/>\nT\u00e1 \u00e1thas ar TG4 a fh\u00f3gairt go bhfuil Muireann N\u00ed Ch\u00edobh\u00e1in ceaptha ina hEagarth\u00f3ir Coimisi\u00fanaithe ar chain\u00e9al nua C\u00fala4 agus go bhfuil \u00c9ta\u00edn N\u00ed Thuairisg ceaptha ina hEagarth\u00f3ir \/ L\u00e9iritheoir ar an gcain\u00e9al nua.  <\/p>\n<p>Is craolt\u00f3ir, scr\u00edbhneoir agus l\u00e9iritheoir teilif\u00edse \u00ed Muireann N\u00ed Ch\u00edobh\u00e1in. T\u00e1 Muireann paiseanta faoi sc\u00e9alta siams\u00fala suntasacha a chumadh don aos \u00f3g.  T\u00e1 c\u00faig bliana d\u00e9ag caite aici ag obair ar chl\u00e1racha do dhaoine \u00f3ga agus ag obair go hinmhe\u00e1nach le RT\u00c9 agus TG4. Is \u00ed Muireann a chruthaigh agus a scr\u00edobh sraitheanna teilif\u00edse don \u00f3ige ar n\u00f3s:  <em>Dig In Diner<\/em> agus <em>Mr Mender and The Chummyjiggers<\/em> agus scr\u00edobh s\u00ed scripteanna do shraitheanna c\u00e1ili\u00fala idirn\u00e1isi\u00fanta ar n\u00f3s <em>Jessy and Nessy<\/em> (Amazon Prime agus Jam Media Studios), <em>Mya Go<\/em> (RT\u00c9jr agus Piranha Bar) agus <em>Berry Bees<\/em> (Atlantyca Entertainment, SLR Productions agus Telegael). <\/p>\n<p>Ainmn\u00edodh Muireann don duais \u2018Best Animation Script\u2019 don tsraith <em>Mya Go<\/em> in Zebbies na bliana seo agus ainmn\u00edodh an tsraith dhr\u00e1ma\u00edochta <em>Cereal<\/em> a chum s\u00ed do Raidi\u00f3 RT\u00c9jr do ghradaim IMRO na bliana seo freisin.  <\/p>\n<p>Is \u00fadar Gaeilge \u00ed Muireann chomh maith agus leabhair do dhaoine \u00f3ga scr\u00edofa aici ina measc <em>Sc\u00fanc agus Sm\u00fair\u00edn<\/em> (Futa Fata), <em>GIY\u2019s Know-it ALLmanac<\/em> (GIY Ireland), <em>Murphy\u2019s Law<\/em> (O\u2019Brien Press) agus sraith blocleabhar do na\u00edon\u00e1in dar teideal <em>Eoin\u00edn<\/em> (Futa Fata) faoi uain\u00edn beag gleoite agus na heachtra\u00ed a bh\u00edonn aige. Beidh beirt Eagarth\u00f3ir\u00ed Coimisi\u00fanaithe anois ag pl\u00e9 le h\u00e1bhar do C\u00fala4. Beidh Muireann ag obair i dteannta Siobh\u00e1n N\u00ed Bhr\u00e1daigh at\u00e1 ina hEagarth\u00f3ir Coimisi\u00fanaithe do dhaoine \u00f3ga chomh maith.   F\u00f3gra\u00edodh babhta\u00ed nua coimisi\u00fanaithe do chain\u00e9al C\u00fala4 n\u00edos luaithe an mh\u00ed seo agus caithfear os cionn \u20ac2m ar chl\u00e1racha nua-l\u00e9irithe don chain\u00e9al nua at\u00e1 le seoladh i Me\u00e1n F\u00f3mhair 2023.  <\/p>\n<p>T\u00e1 \u00c9ta\u00edn N\u00ed Thuairisg ag obair le TG4 \u00f3 buna\u00edodh \u00e9 i 1996. Is ag pl\u00e9 le marga\u00edocht cl\u00e1r a bh\u00edodh \u00c9ta\u00edn ag cruth\u00fa blais\u00edn\u00ed agus \u00e1bhar marga\u00edochta ilard\u00e1n. T\u00e1 lear m\u00f3r duaiseanna bainte amach aici do TG4 de bharr a cuid cruthaitheachta ina measc gradaim ag na Golden Sharks, ICAD\u2019s, Gradaim Chumars\u00e1ide an Oireachtais agus Gradaim Torc Fh\u00e9ile na Me\u00e1n Ceilteach. T\u00e1 taith\u00ed aici ar l\u00e9iri\u00fa teilif\u00edse do TG4 agus \u00ed ag feidhmi\u00fa i r\u00f3lanna \u00e9ags\u00fala ina Sti\u00farth\u00f3ir, Eagarth\u00f3ir agus L\u00e9iritheoir ar chl\u00e1racha do dhaoine \u00f3ga, cl\u00e1racha faisn\u00e9ise agus gearrscann\u00e1in.  Chaith s\u00ed tr\u00e9imhse ag obair san earn\u00e1il neamhsple\u00e1ch in Oxford i Sasana idir 2018 agus 2020. <\/p>\n<p>Chuir <strong>Bainisteoir C\u00fala4 Karina Feirt\u00e9ar<\/strong> f\u00e1ilte roimh na ceapach\u00e1in ag r\u00e1, <em>&#8220;T\u00e1 \u00e1thas an domhain orm faoi na ceapach\u00e1in seo. Is r\u00f3lanna an-t\u00e1bhachtacha iad \u00f3 thaobh an m\u00e9id at\u00e1 TG4 ag iarraidh a bhaint amach le cain\u00e9al nua C\u00fala4. T\u00e1 s\u00e9 mar fh\u00eds againn sp\u00e1s gn\u00edomhach, beomhar a chruth\u00fa d\u2019aoisghr\u00fapa \u00f3g C\u00fala4, sp\u00e1s at\u00e1 s\u00e1bh\u00e1ilte, ach cruthaitheach, spraoi\u00fail agus thar rud ar bith eile \u00e1bhartha do ph\u00e1ist\u00ed a l\u00e9iri\u00fa agus a thaispe\u00e1int ar an sc\u00e1ile\u00e1n. Cuirfidh na ceapach\u00e1in seo go m\u00f3r le cur i bhfeidhm na f\u00edse agus le forbairt\u00ed suntasacha san earn\u00e1il neamhsple\u00e1ch freisin.&#8221;<\/em><\/p>\n<p>D\u2019fh\u00f3gair TG4 in 2021 go raibh s\u00e9 i gceist cain\u00e9al ar leith do ph\u00e1ist\u00ed a bhun\u00fa agus cheadaigh an tAire Catherine Martin an cain\u00e9al i m\u00ed Mhe\u00e1n F\u00f3mhair na bliana seo. Ceapadh Karina Feirt\u00e9ar ina Bainisteoir ar C\u00fala4.  Ceapadh Niamh N\u00ed Chr\u00f3in\u00edn ina l\u00e1ithreoir ar C\u00fala4 i mbliana agus beidh s\u00ed ina hambasad\u00f3ir don \u00f3ige ar TG4.<\/p>\n<p>&nbsp;<\/p>\n","protected":false},"excerpt":{"rendered":"<p>&nbsp; T\u00e1 \u00e1thas ar TG4 a fh\u00f3gairt go bhfuil Muireann N\u00ed Ch\u00edobh\u00e1in ceaptha ina hEagarth\u00f3ir Coimisi\u00fanaithe ar chain\u00e9al nua C\u00fala4 agus go bhfuil \u00c9ta\u00edn N\u00ed Thuairisg ceaptha ina hEagarth\u00f3ir \/ L\u00e9iritheoir ar an gcain\u00e9al nua. Is craolt\u00f3ir, scr\u00edbhneoir agus l\u00e9iritheoir teilif\u00edse \u00ed Muireann N\u00ed Ch\u00edobh\u00e1in. T\u00e1 Muireann paiseanta faoi sc\u00e9alta siams\u00fala suntasacha a chumadh don [&hellip;]<\/p>\n","protected":false},"author":876,"featured_media":0,"parent":138171,"menu_order":35,"comment_status":"closed","ping_status":"closed","template":"page-templates\/template-pr.php","meta":{"_acf_changed":false,"footnotes":""},"acf":[],"yoast_head":"<!-- This site is optimized with the Yoast SEO plugin v22.6 - https:\/\/yoast.com\/wordpress\/plugins\/seo\/ -->\n<title>Beirt nua ceaptha ag TG4 do chaine\u00e1l nua C\u00fala4 | Preas R\u00e1iteas | TG4<\/title>\n<meta name=\"description\" content=\"T\u00e1 \u00e1thas ar TG4 a fh\u00f3gairt go bhfuil Muireann N\u00ed Ch\u00edobh\u00e1in ceaptha ina hEagarth\u00f3ir Coimisi\u00fanaithe ar chain\u00e9al nua C\u00fala4 agus go bhfuil \u00c9ta\u00edn N\u00ed Thuairisg ceaptha ina hEagarth\u00f3ir \/ L\u00e9iritheoir ar an gcain\u00e9al nua.\" \/>\n<meta name=\"robots\" content=\"index, follow, max-snippet:-1, max-image-preview:large, max-video-preview:-1\" \/>\n<meta property=\"og:locale\" content=\"en_US\" \/>\n<meta property=\"og:type\" content=\"article\" \/>\n<meta property=\"og:title\" content=\"Beirt nua ceaptha ag TG4 do chaine\u00e1l nua C\u00fala4 | Preas R\u00e1iteas | TG4\" \/>\n<meta property=\"og:description\" content=\"T\u00e1 \u00e1thas ar TG4 a fh\u00f3gairt go bhfuil Muireann N\u00ed Ch\u00edobh\u00e1in ceaptha ina hEagarth\u00f3ir Coimisi\u00fanaithe ar chain\u00e9al nua C\u00fala4 agus go bhfuil \u00c9ta\u00edn N\u00ed Thuairisg ceaptha ina hEagarth\u00f3ir \/ L\u00e9iritheoir ar an gcain\u00e9al nua.\" \/>\n<meta property=\"og:url\" content=\"https:\/\/dev.tg4.ie\/ga\/eolas\/preas\/nuacht-raitis\/2022-2\/beirt-nua-ceaptha-ag-tg4-do-chaineal-nua-cula4\/\" \/>\n<meta property=\"og:site_name\" content=\"TG4\" \/>\n<meta property=\"article:publisher\" content=\"https:\/\/www.facebook.com\/TG4TV\" \/>\n<meta property=\"og:image\" content=\"https:\/\/tg4-docs.s3.amazonaws.com\/wp-content\/uploads\/2022\/11\/28132452\/Logo_Cula4_bandearg_eadrom_1-1920x1080-1.jpg\" \/>\n\t<meta property=\"og:image:width\" content=\"1920\" \/>\n\t<meta property=\"og:image:height\" content=\"1080\" \/>\n\t<meta property=\"og:image:type\" content=\"image\/jpeg\" \/>\n<meta name=\"twitter:card\" content=\"summary_large_image\" \/>\n<meta name=\"twitter:image\" content=\"https:\/\/tg4-docs.s3.amazonaws.com\/wp-content\/uploads\/2022\/11\/28132452\/Logo_Cula4_bandearg_eadrom_1-1920x1080-1.jpg\" \/>\n<meta name=\"twitter:site\" content=\"@TG4TV\" \/>\n<meta name=\"twitter:label1\" content=\"Est. reading time\" \/>\n\t<meta name=\"twitter:data1\" content=\"3 minutes\" \/>\n<script type=\"application\/ld+json\" class=\"yoast-schema-graph\">{\"@context\":\"https:\/\/schema.org\",\"@graph\":[{\"@type\":\"WebPage\",\"@id\":\"https:\/\/dev.tg4.ie\/ga\/eolas\/preas\/nuacht-raitis\/2022-2\/beirt-nua-ceaptha-ag-tg4-do-chaineal-nua-cula4\/\",\"url\":\"https:\/\/dev.tg4.ie\/ga\/eolas\/preas\/nuacht-raitis\/2022-2\/beirt-nua-ceaptha-ag-tg4-do-chaineal-nua-cula4\/\",\"name\":\"Beirt nua ceaptha ag TG4 do chaine\u00e1l nua C\u00fala4 | Preas R\u00e1iteas | TG4\",\"isPartOf\":{\"@id\":\"https:\/\/dev.tg4.ie\/en\/#website\"},\"primaryImageOfPage\":{\"@id\":\"https:\/\/dev.tg4.ie\/ga\/eolas\/preas\/nuacht-raitis\/2022-2\/beirt-nua-ceaptha-ag-tg4-do-chaineal-nua-cula4\/#primaryimage\"},\"image\":{\"@id\":\"https:\/\/dev.tg4.ie\/ga\/eolas\/preas\/nuacht-raitis\/2022-2\/beirt-nua-ceaptha-ag-tg4-do-chaineal-nua-cula4\/#primaryimage\"},\"thumbnailUrl\":\"https:\/\/dev.tg4.ie\/wp-content\/uploads\/2022\/11\/Logo_Cula4_bandearg_eadrom_1-1920x1080-1.jpg\",\"datePublished\":\"2022-11-28T13:34:01+00:00\",\"dateModified\":\"2022-11-28T13:34:01+00:00\",\"description\":\"T\u00e1 \u00e1thas ar TG4 a fh\u00f3gairt go bhfuil Muireann N\u00ed Ch\u00edobh\u00e1in ceaptha ina hEagarth\u00f3ir Coimisi\u00fanaithe ar chain\u00e9al nua C\u00fala4 agus go bhfuil \u00c9ta\u00edn N\u00ed Thuairisg ceaptha ina hEagarth\u00f3ir \/ L\u00e9iritheoir ar an gcain\u00e9al nua.\",\"breadcrumb\":{\"@id\":\"https:\/\/dev.tg4.ie\/ga\/eolas\/preas\/nuacht-raitis\/2022-2\/beirt-nua-ceaptha-ag-tg4-do-chaineal-nua-cula4\/#breadcrumb\"},\"inLanguage\":\"ga\",\"potentialAction\":[{\"@type\":\"ReadAction\",\"target\":[\"https:\/\/dev.tg4.ie\/ga\/eolas\/preas\/nuacht-raitis\/2022-2\/beirt-nua-ceaptha-ag-tg4-do-chaineal-nua-cula4\/\"]}]},{\"@type\":\"ImageObject\",\"inLanguage\":\"ga\",\"@id\":\"https:\/\/dev.tg4.ie\/ga\/eolas\/preas\/nuacht-raitis\/2022-2\/beirt-nua-ceaptha-ag-tg4-do-chaineal-nua-cula4\/#primaryimage\",\"url\":\"https:\/\/dev.tg4.ie\/wp-content\/uploads\/2022\/11\/Logo_Cula4_bandearg_eadrom_1-1920x1080-1.jpg\",\"contentUrl\":\"https:\/\/dev.tg4.ie\/wp-content\/uploads\/2022\/11\/Logo_Cula4_bandearg_eadrom_1-1920x1080-1.jpg\"},{\"@type\":\"BreadcrumbList\",\"@id\":\"https:\/\/dev.tg4.ie\/ga\/eolas\/preas\/nuacht-raitis\/2022-2\/beirt-nua-ceaptha-ag-tg4-do-chaineal-nua-cula4\/#breadcrumb\",\"itemListElement\":[{\"@type\":\"ListItem\",\"position\":1,\"name\":\"Home\",\"item\":\"https:\/\/dev.tg4.ie\/ga\/\"},{\"@type\":\"ListItem\",\"position\":2,\"name\":\"Eolas\",\"item\":\"https:\/\/dev.tg4.ie\/ga\/eolas\/\"},{\"@type\":\"ListItem\",\"position\":3,\"name\":\"Preas\",\"item\":\"https:\/\/dev.tg4.ie\/ga\/eolas\/preas\/\"},{\"@type\":\"ListItem\",\"position\":4,\"name\":\"Nuacht R\u00e1itis\",\"item\":\"https:\/\/dev.tg4.ie\/ga\/eolas\/preas\/nuacht-raitis\/\"},{\"@type\":\"ListItem\",\"position\":5,\"name\":\"2022\",\"item\":\"https:\/\/dev.tg4.ie\/ga\/eolas\/preas\/nuacht-raitis\/2022-2\/\"},{\"@type\":\"ListItem\",\"position\":6,\"name\":\"Beirt nua ceaptha ag TG4 do chaine\u00e1l nua C\u00fala4\"}]},{\"@type\":\"WebSite\",\"@id\":\"https:\/\/dev.tg4.ie\/en\/#website\",\"url\":\"https:\/\/dev.tg4.ie\/en\/\",\"name\":\"TG4\",\"description\":\"S\u00fail Eile\",\"potentialAction\":[{\"@type\":\"SearchAction\",\"target\":{\"@type\":\"EntryPoint\",\"urlTemplate\":\"https:\/\/dev.tg4.ie\/en\/?s={search_term_string}\"},\"query-input\":\"required name=search_term_string\"}],\"inLanguage\":\"ga\"}]}<\/script>\n<!-- \/ Yoast SEO plugin. -->","yoast_head_json":{"title":"Beirt nua ceaptha ag TG4 do chaine\u00e1l nua C\u00fala4 | Preas R\u00e1iteas | TG4","description":"T\u00e1 \u00e1thas ar TG4 a fh\u00f3gairt go bhfuil Muireann N\u00ed Ch\u00edobh\u00e1in ceaptha ina hEagarth\u00f3ir Coimisi\u00fanaithe ar chain\u00e9al nua C\u00fala4 agus go bhfuil \u00c9ta\u00edn N\u00ed Thuairisg ceaptha ina hEagarth\u00f3ir \/ L\u00e9iritheoir ar an gcain\u00e9al nua.","robots":{"index":"index","follow":"follow","max-snippet":"max-snippet:-1","max-image-preview":"max-image-preview:large","max-video-preview":"max-video-preview:-1"},"og_locale":"en_US","og_type":"article","og_title":"Beirt nua ceaptha ag TG4 do chaine\u00e1l nua C\u00fala4 | Preas R\u00e1iteas | TG4","og_description":"T\u00e1 \u00e1thas ar TG4 a fh\u00f3gairt go bhfuil Muireann N\u00ed Ch\u00edobh\u00e1in ceaptha ina hEagarth\u00f3ir Coimisi\u00fanaithe ar chain\u00e9al nua C\u00fala4 agus go bhfuil \u00c9ta\u00edn N\u00ed Thuairisg ceaptha ina hEagarth\u00f3ir \/ L\u00e9iritheoir ar an gcain\u00e9al nua.","og_url":"https:\/\/dev.tg4.ie\/ga\/eolas\/preas\/nuacht-raitis\/2022-2\/beirt-nua-ceaptha-ag-tg4-do-chaineal-nua-cula4\/","og_site_name":"TG4","article_publisher":"https:\/\/www.facebook.com\/TG4TV","og_image":[{"width":1920,"height":1080,"url":"https:\/\/tg4-docs.s3.amazonaws.com\/wp-content\/uploads\/2022\/11\/28132452\/Logo_Cula4_bandearg_eadrom_1-1920x1080-1.jpg","type":"image\/jpeg"}],"twitter_card":"summary_large_image","twitter_image":"https:\/\/tg4-docs.s3.amazonaws.com\/wp-content\/uploads\/2022\/11\/28132452\/Logo_Cula4_bandearg_eadrom_1-1920x1080-1.jpg","twitter_site":"@TG4TV","twitter_misc":{"Est. reading time":"3 minutes"},"schema":{"@context":"https:\/\/schema.org","@graph":[{"@type":"WebPage","@id":"https:\/\/dev.tg4.ie\/ga\/eolas\/preas\/nuacht-raitis\/2022-2\/beirt-nua-ceaptha-ag-tg4-do-chaineal-nua-cula4\/","url":"https:\/\/dev.tg4.ie\/ga\/eolas\/preas\/nuacht-raitis\/2022-2\/beirt-nua-ceaptha-ag-tg4-do-chaineal-nua-cula4\/","name":"Beirt nua ceaptha ag TG4 do chaine\u00e1l nua C\u00fala4 | Preas R\u00e1iteas | TG4","isPartOf":{"@id":"https:\/\/dev.tg4.ie\/en\/#website"},"primaryImageOfPage":{"@id":"https:\/\/dev.tg4.ie\/ga\/eolas\/preas\/nuacht-raitis\/2022-2\/beirt-nua-ceaptha-ag-tg4-do-chaineal-nua-cula4\/#primaryimage"},"image":{"@id":"https:\/\/dev.tg4.ie\/ga\/eolas\/preas\/nuacht-raitis\/2022-2\/beirt-nua-ceaptha-ag-tg4-do-chaineal-nua-cula4\/#primaryimage"},"thumbnailUrl":"https:\/\/dev.tg4.ie\/wp-content\/uploads\/2022\/11\/Logo_Cula4_bandearg_eadrom_1-1920x1080-1.jpg","datePublished":"2022-11-28T13:34:01+00:00","dateModified":"2022-11-28T13:34:01+00:00","description":"T\u00e1 \u00e1thas ar TG4 a fh\u00f3gairt go bhfuil Muireann N\u00ed Ch\u00edobh\u00e1in ceaptha ina hEagarth\u00f3ir Coimisi\u00fanaithe ar chain\u00e9al nua C\u00fala4 agus go bhfuil \u00c9ta\u00edn N\u00ed Thuairisg ceaptha ina hEagarth\u00f3ir \/ L\u00e9iritheoir ar an gcain\u00e9al nua.","breadcrumb":{"@id":"https:\/\/dev.tg4.ie\/ga\/eolas\/preas\/nuacht-raitis\/2022-2\/beirt-nua-ceaptha-ag-tg4-do-chaineal-nua-cula4\/#breadcrumb"},"inLanguage":"ga","potentialAction":[{"@type":"ReadAction","target":["https:\/\/dev.tg4.ie\/ga\/eolas\/preas\/nuacht-raitis\/2022-2\/beirt-nua-ceaptha-ag-tg4-do-chaineal-nua-cula4\/"]}]},{"@type":"ImageObject","inLanguage":"ga","@id":"https:\/\/dev.tg4.ie\/ga\/eolas\/preas\/nuacht-raitis\/2022-2\/beirt-nua-ceaptha-ag-tg4-do-chaineal-nua-cula4\/#primaryimage","url":"https:\/\/dev.tg4.ie\/wp-content\/uploads\/2022\/11\/Logo_Cula4_bandearg_eadrom_1-1920x1080-1.jpg","contentUrl":"https:\/\/dev.tg4.ie\/wp-content\/uploads\/2022\/11\/Logo_Cula4_bandearg_eadrom_1-1920x1080-1.jpg"},{"@type":"BreadcrumbList","@id":"https:\/\/dev.tg4.ie\/ga\/eolas\/preas\/nuacht-raitis\/2022-2\/beirt-nua-ceaptha-ag-tg4-do-chaineal-nua-cula4\/#breadcrumb","itemListElement":[{"@type":"ListItem","position":1,"name":"Home","item":"https:\/\/dev.tg4.ie\/ga\/"},{"@type":"ListItem","position":2,"name":"Eolas","item":"https:\/\/dev.tg4.ie\/ga\/eolas\/"},{"@type":"ListItem","position":3,"name":"Preas","item":"https:\/\/dev.tg4.ie\/ga\/eolas\/preas\/"},{"@type":"ListItem","position":4,"name":"Nuacht R\u00e1itis","item":"https:\/\/dev.tg4.ie\/ga\/eolas\/preas\/nuacht-raitis\/"},{"@type":"ListItem","position":5,"name":"2022","item":"https:\/\/dev.tg4.ie\/ga\/eolas\/preas\/nuacht-raitis\/2022-2\/"},{"@type":"ListItem","position":6,"name":"Beirt nua ceaptha ag TG4 do chaine\u00e1l nua C\u00fala4"}]},{"@type":"WebSite","@id":"https:\/\/dev.tg4.ie\/en\/#website","url":"https:\/\/dev.tg4.ie\/en\/","name":"TG4","description":"S\u00fail Eile","potentialAction":[{"@type":"SearchAction","target":{"@type":"EntryPoint","urlTemplate":"https:\/\/dev.tg4.ie\/en\/?s={search_term_string}"},"query-input":"required name=search_term_string"}],"inLanguage":"ga"}]}},"_links":{"self":[{"href":"https:\/\/dev.tg4.ie\/ga\/wp-json\/wp\/v2\/pages\/177782"}],"collection":[{"href":"https:\/\/dev.tg4.ie\/ga\/wp-json\/wp\/v2\/pages"}],"about":[{"href":"https:\/\/dev.tg4.ie\/ga\/wp-json\/wp\/v2\/types\/page"}],"author":[{"embeddable":true,"href":"https:\/\/dev.tg4.ie\/ga\/wp-json\/wp\/v2\/users\/876"}],"replies":[{"embeddable":true,"href":"https:\/\/dev.tg4.ie\/ga\/wp-json\/wp\/v2\/comments?post=177782"}],"version-history":[{"count":0,"href":"https:\/\/dev.tg4.ie\/ga\/wp-json\/wp\/v2\/pages\/177782\/revisions"}],"up":[{"embeddable":true,"href":"https:\/\/dev.tg4.ie\/ga\/wp-json\/wp\/v2\/pages\/138171"}],"wp:attachment":[{"href":"https:\/\/dev.tg4.ie\/ga\/wp-json\/wp\/v2\/media?parent=177782"}],"curies":[{"name":"wp","href":"https:\/\/api.w.org\/{rel}","templated":true}]}}