{"id":178416,"date":"2022-12-05T11:57:43","date_gmt":"2022-12-05T11:57:43","guid":{"rendered":"https:\/\/dev.tg4.ie\/?page_id=178416"},"modified":"2022-12-05T11:57:43","modified_gmt":"2022-12-05T11:57:43","slug":"tg4-ardghleine-no-hd-ar-fail-do-chustaimeiri-saorview-in-eirinn","status":"publish","type":"page","link":"https:\/\/dev.tg4.ie\/ga\/eolas\/preas\/nuacht-raitis\/2022-2\/tg4-ardghleine-no-hd-ar-fail-do-chustaimeiri-saorview-in-eirinn\/","title":{"rendered":"TG4 Ardghl\u00e9ine n\u00f3 HD ar f\u00e1il do chustaim\u00e9ir\u00ed Saorview in \u00c9irinn"},"content":{"rendered":"<p><img loading=\"lazy\" decoding=\"async\" width=\"1920\" height=\"1080\" src=\"https:\/\/tg4-docs.s3.amazonaws.com\/wp-content\/uploads\/2022\/12\/05115139\/TG4HD_Saorview_1-1920x1080-1.jpg\" alt=\"\" class=\"aligncenter size-full wp-image-178417\" srcset=\"https:\/\/tg4-docs.s3.amazonaws.com\/wp-content\/uploads\/2022\/12\/05115139\/TG4HD_Saorview_1-1920x1080-1.jpg 1920w, https:\/\/tg4-docs.s3.amazonaws.com\/wp-content\/uploads\/2022\/12\/05115139\/TG4HD_Saorview_1-1920x1080-1-250x141.jpg 250w, https:\/\/tg4-docs.s3.amazonaws.com\/wp-content\/uploads\/2022\/12\/05115139\/TG4HD_Saorview_1-1920x1080-1-700x394.jpg 700w, https:\/\/tg4-docs.s3.amazonaws.com\/wp-content\/uploads\/2022\/12\/05115139\/TG4HD_Saorview_1-1920x1080-1-252x141.jpg 252w, https:\/\/tg4-docs.s3.amazonaws.com\/wp-content\/uploads\/2022\/12\/05115139\/TG4HD_Saorview_1-1920x1080-1-1536x864.jpg 1536w, https:\/\/tg4-docs.s3.amazonaws.com\/wp-content\/uploads\/2022\/12\/05115139\/TG4HD_Saorview_1-1920x1080-1-120x68.jpg 120w\" sizes=\"(max-width: 1920px) 100vw, 1920px\" \/><br \/>\n&nbsp;<br \/>\nT\u00e1 \u00e1thas ar TG4 agus Saorview a fh\u00f3gairt go mbeidh lucht f\u00e9achana teilif\u00edse Saorview in ann f\u00e9achaint ar TG4 ardghl\u00e9ine \u00f3 inniu ar aghaidh mar go bhfuil an cain\u00e9al ar f\u00e1il i HD anois ar Saorview.<\/p>\n<p>Cuirfidh TG4 HD eisp\u00e9ireas n\u00edos fearr ar f\u00e1il don lucht f\u00e9achana agus bainfear s\u00e1samh as go h\u00e1irithe agus iad ag f\u00e9achaint ar chl\u00e1racha sp\u00f3rt, imeachta\u00ed beo, scann\u00e1in, cl\u00e1racha siamsa\u00edochta agus faisn\u00e9ise ar ardchaighde\u00e1n. Is seirbh\u00eds n\u00e1isi\u00fanta teilif\u00edse saor in aisce \u00e9 Saorview.  Bh\u00ed TG4 ar f\u00e1il ar Saorview ar chaighde\u00e1n an ghn\u00e1th-phicti\u00fair (SD) \u00f3 buna\u00edodh Saorview in 2011.<\/p>\n<p>T\u00e1 rogha m\u00f3r ard\u00e1n agus gaireas ann anois don lucht f\u00e9achana ar f\u00e9idir leo f\u00e9achaint ar an teilif\u00eds. Le f\u00f3gra an lae inniu, tabharfar tuilleadh rogha do lucht f\u00e9achana TG4 mar is mian leo f\u00e9achaint ar TG4. T\u00e1 TG4 ardghl\u00e9ine ar f\u00e1il anois ar gach ard\u00e1n f\u00e9achana, lena n-\u00e1ir\u00edtear Saorview, Sky, Virgin Media, Vodafone agus Eir.<\/p>\n<p>Is \u00e9 Saorview ard\u00e1n DTT saor go haer na h\u00c9ireann agus t\u00e1 suas le 626,000 teaghlach ag baint \u00fas\u00e1id as an tseirbh\u00eds, ar tithe 198,000 d\u00edobh sin le Saorview amh\u00e1in. Is le RT\u00c9 Saorview agus is iadsan a bh\u00edonn \u00e1 bhainisti\u00fa. Is \u00e9 Saorview an branda don d\u00e1 ilphl\u00e9acs n\u00e1isi\u00fanta teilif\u00edse at\u00e1 ar RT\u00c9 a shol\u00e1thar faoin Acht Craolach\u00e1in, 2009. T\u00f3gadh agus oibr\u00edonn 2rn (fochuideachta faoi l\u00e1n\u00fain\u00e9ireacht RT\u00c9) an t-infrastrucht\u00far at\u00e1 ann chun seirbh\u00eds Saorview a tharchur.<\/p>\n<p>D\u2019fh\u00e1iltigh <strong>Ard-Sti\u00farth\u00f3ir TG4 Alan Esslemont<\/strong> roimh an bhf\u00f3gra agus d\u00fairt s\u00e9, <em>\u201cBa mhaith liom bu\u00edochas a ghabh\u00e1il leis an Aire Martin agus lena hoifigigh sa Roinn Turas\u00f3ireachta, Cult\u00fair, Eala\u00edon, Gaeltachta, Sp\u00f3irt agus Me\u00e1n as an leithdh\u00e1ileadh breise a thug siad do TG4 chun TG4 HD a chur ar f\u00e1il ar Saorview. T\u00e1 sol\u00e1thar seirbh\u00eds\u00ed HD riachtanach do mhe\u00e1in seirbh\u00edse poibl\u00ed ar ard\u00e1n saor go haer ar n\u00f3s Saorview mar go bhfuil HD anois mar ghn\u00e1thchleachtas craolach\u00e1in. T\u00e1 lucht f\u00e9achana ag s\u00fail anois le hardchaighde\u00e1n ar gach ard\u00e1n agus bainfidh lucht f\u00e9achana TG4 sult as picti\u00fair den scoth agus cl\u00e1racha ardchaighde\u00e1in a chuireann TG4 ar f\u00e1il go lean\u00fanach d\u00e1 lucht f\u00e9achana.\u201d<\/em><\/p>\n<p>D\u00fairt <strong>Bainisteoir Forbartha Gn\u00f3 Saorview, Jim Higgins<\/strong> <em>\u201cT\u00e1 \u00e1thas orainn go bhfuil TG4 ar f\u00e1il in ardghl\u00e9ine ar ard\u00e1n teilif\u00edse digit\u00ed saor go haer na h\u00c9ireann, Saorview, agus t\u00e1imid ag s\u00fail le suim an lucht f\u00e9achana i leith na forbartha seo.\u201d<\/em><\/p>\n<p>&nbsp;<\/p>\n","protected":false},"excerpt":{"rendered":"<p>&nbsp; T\u00e1 \u00e1thas ar TG4 agus Saorview a fh\u00f3gairt go mbeidh lucht f\u00e9achana teilif\u00edse Saorview in ann f\u00e9achaint ar TG4 ardghl\u00e9ine \u00f3 inniu ar aghaidh mar go bhfuil an cain\u00e9al ar f\u00e1il i HD anois ar Saorview. Cuirfidh TG4 HD eisp\u00e9ireas n\u00edos fearr ar f\u00e1il don lucht f\u00e9achana agus bainfear s\u00e1samh as go h\u00e1irithe agus [&hellip;]<\/p>\n","protected":false},"author":876,"featured_media":0,"parent":138171,"menu_order":37,"comment_status":"closed","ping_status":"closed","template":"page-templates\/template-pr.php","meta":{"_acf_changed":false,"footnotes":""},"acf":[],"yoast_head":"<!-- This site is optimized with the Yoast SEO plugin v22.6 - https:\/\/yoast.com\/wordpress\/plugins\/seo\/ -->\n<title>TG4 Ardghl\u00e9ine n\u00f3 HD ar f\u00e1il do chustaim\u00e9ir\u00ed Saorview in \u00c9irinn | Preas R\u00e1iteas | TG4<\/title>\n<meta name=\"description\" content=\"T\u00e1 \u00e1thas ar TG4 agus Saorview a fh\u00f3gairt go mbeidh lucht f\u00e9achana teilif\u00edse Saorview in ann f\u00e9achaint ar TG4 ardghl\u00e9ine \u00f3 inniu ar aghaidh mar go bhfuil an cain\u00e9al ar f\u00e1il i HD anois ar Saorview.\" \/>\n<meta name=\"robots\" content=\"index, follow, max-snippet:-1, max-image-preview:large, max-video-preview:-1\" \/>\n<meta property=\"og:locale\" content=\"en_US\" \/>\n<meta property=\"og:type\" content=\"article\" \/>\n<meta property=\"og:title\" content=\"TG4 Ardghl\u00e9ine n\u00f3 HD ar f\u00e1il do chustaim\u00e9ir\u00ed Saorview in \u00c9irinn | Preas R\u00e1iteas | TG4\" \/>\n<meta property=\"og:description\" content=\"T\u00e1 \u00e1thas ar TG4 agus Saorview a fh\u00f3gairt go mbeidh lucht f\u00e9achana teilif\u00edse Saorview in ann f\u00e9achaint ar TG4 ardghl\u00e9ine \u00f3 inniu ar aghaidh mar go bhfuil an cain\u00e9al ar f\u00e1il i HD anois ar Saorview.\" \/>\n<meta property=\"og:url\" content=\"https:\/\/dev.tg4.ie\/ga\/eolas\/preas\/nuacht-raitis\/2022-2\/tg4-ardghleine-no-hd-ar-fail-do-chustaimeiri-saorview-in-eirinn\/\" \/>\n<meta property=\"og:site_name\" content=\"TG4\" \/>\n<meta property=\"article:publisher\" content=\"https:\/\/www.facebook.com\/TG4TV\" \/>\n<meta property=\"og:image\" content=\"https:\/\/tg4-docs.s3.amazonaws.com\/wp-content\/uploads\/2022\/12\/05115139\/TG4HD_Saorview_1-1920x1080-1.jpg\" \/>\n\t<meta property=\"og:image:width\" content=\"1920\" \/>\n\t<meta property=\"og:image:height\" content=\"1080\" \/>\n\t<meta property=\"og:image:type\" content=\"image\/jpeg\" \/>\n<meta name=\"twitter:card\" content=\"summary_large_image\" \/>\n<meta name=\"twitter:image\" content=\"https:\/\/tg4-docs.s3.amazonaws.com\/wp-content\/uploads\/2022\/12\/05115139\/TG4HD_Saorview_1-1920x1080-1.jpg\" \/>\n<meta name=\"twitter:site\" content=\"@TG4TV\" \/>\n<meta name=\"twitter:label1\" content=\"Est. reading time\" \/>\n\t<meta name=\"twitter:data1\" content=\"2 minutes\" \/>\n<script type=\"application\/ld+json\" class=\"yoast-schema-graph\">{\"@context\":\"https:\/\/schema.org\",\"@graph\":[{\"@type\":\"WebPage\",\"@id\":\"https:\/\/dev.tg4.ie\/ga\/eolas\/preas\/nuacht-raitis\/2022-2\/tg4-ardghleine-no-hd-ar-fail-do-chustaimeiri-saorview-in-eirinn\/\",\"url\":\"https:\/\/dev.tg4.ie\/ga\/eolas\/preas\/nuacht-raitis\/2022-2\/tg4-ardghleine-no-hd-ar-fail-do-chustaimeiri-saorview-in-eirinn\/\",\"name\":\"TG4 Ardghl\u00e9ine n\u00f3 HD ar f\u00e1il do chustaim\u00e9ir\u00ed Saorview in \u00c9irinn | Preas R\u00e1iteas | TG4\",\"isPartOf\":{\"@id\":\"https:\/\/dev.tg4.ie\/en\/#website\"},\"primaryImageOfPage\":{\"@id\":\"https:\/\/dev.tg4.ie\/ga\/eolas\/preas\/nuacht-raitis\/2022-2\/tg4-ardghleine-no-hd-ar-fail-do-chustaimeiri-saorview-in-eirinn\/#primaryimage\"},\"image\":{\"@id\":\"https:\/\/dev.tg4.ie\/ga\/eolas\/preas\/nuacht-raitis\/2022-2\/tg4-ardghleine-no-hd-ar-fail-do-chustaimeiri-saorview-in-eirinn\/#primaryimage\"},\"thumbnailUrl\":\"https:\/\/dev.tg4.ie\/wp-content\/uploads\/2022\/12\/TG4HD_Saorview_1-1920x1080-1.jpg\",\"datePublished\":\"2022-12-05T11:57:43+00:00\",\"dateModified\":\"2022-12-05T11:57:43+00:00\",\"description\":\"T\u00e1 \u00e1thas ar TG4 agus Saorview a fh\u00f3gairt go mbeidh lucht f\u00e9achana teilif\u00edse Saorview in ann f\u00e9achaint ar TG4 ardghl\u00e9ine \u00f3 inniu ar aghaidh mar go bhfuil an cain\u00e9al ar f\u00e1il i HD anois ar Saorview.\",\"breadcrumb\":{\"@id\":\"https:\/\/dev.tg4.ie\/ga\/eolas\/preas\/nuacht-raitis\/2022-2\/tg4-ardghleine-no-hd-ar-fail-do-chustaimeiri-saorview-in-eirinn\/#breadcrumb\"},\"inLanguage\":\"ga\",\"potentialAction\":[{\"@type\":\"ReadAction\",\"target\":[\"https:\/\/dev.tg4.ie\/ga\/eolas\/preas\/nuacht-raitis\/2022-2\/tg4-ardghleine-no-hd-ar-fail-do-chustaimeiri-saorview-in-eirinn\/\"]}]},{\"@type\":\"ImageObject\",\"inLanguage\":\"ga\",\"@id\":\"https:\/\/dev.tg4.ie\/ga\/eolas\/preas\/nuacht-raitis\/2022-2\/tg4-ardghleine-no-hd-ar-fail-do-chustaimeiri-saorview-in-eirinn\/#primaryimage\",\"url\":\"https:\/\/dev.tg4.ie\/wp-content\/uploads\/2022\/12\/TG4HD_Saorview_1-1920x1080-1.jpg\",\"contentUrl\":\"https:\/\/dev.tg4.ie\/wp-content\/uploads\/2022\/12\/TG4HD_Saorview_1-1920x1080-1.jpg\"},{\"@type\":\"BreadcrumbList\",\"@id\":\"https:\/\/dev.tg4.ie\/ga\/eolas\/preas\/nuacht-raitis\/2022-2\/tg4-ardghleine-no-hd-ar-fail-do-chustaimeiri-saorview-in-eirinn\/#breadcrumb\",\"itemListElement\":[{\"@type\":\"ListItem\",\"position\":1,\"name\":\"Home\",\"item\":\"https:\/\/dev.tg4.ie\/ga\/\"},{\"@type\":\"ListItem\",\"position\":2,\"name\":\"Eolas\",\"item\":\"https:\/\/dev.tg4.ie\/ga\/eolas\/\"},{\"@type\":\"ListItem\",\"position\":3,\"name\":\"Preas\",\"item\":\"https:\/\/dev.tg4.ie\/ga\/eolas\/preas\/\"},{\"@type\":\"ListItem\",\"position\":4,\"name\":\"Nuacht R\u00e1itis\",\"item\":\"https:\/\/dev.tg4.ie\/ga\/eolas\/preas\/nuacht-raitis\/\"},{\"@type\":\"ListItem\",\"position\":5,\"name\":\"2022\",\"item\":\"https:\/\/dev.tg4.ie\/ga\/eolas\/preas\/nuacht-raitis\/2022-2\/\"},{\"@type\":\"ListItem\",\"position\":6,\"name\":\"TG4 Ardghl\u00e9ine n\u00f3 HD ar f\u00e1il do chustaim\u00e9ir\u00ed Saorview in \u00c9irinn\"}]},{\"@type\":\"WebSite\",\"@id\":\"https:\/\/dev.tg4.ie\/en\/#website\",\"url\":\"https:\/\/dev.tg4.ie\/en\/\",\"name\":\"TG4\",\"description\":\"S\u00fail Eile\",\"potentialAction\":[{\"@type\":\"SearchAction\",\"target\":{\"@type\":\"EntryPoint\",\"urlTemplate\":\"https:\/\/dev.tg4.ie\/en\/?s={search_term_string}\"},\"query-input\":\"required name=search_term_string\"}],\"inLanguage\":\"ga\"}]}<\/script>\n<!-- \/ Yoast SEO plugin. -->","yoast_head_json":{"title":"TG4 Ardghl\u00e9ine n\u00f3 HD ar f\u00e1il do chustaim\u00e9ir\u00ed Saorview in \u00c9irinn | Preas R\u00e1iteas | TG4","description":"T\u00e1 \u00e1thas ar TG4 agus Saorview a fh\u00f3gairt go mbeidh lucht f\u00e9achana teilif\u00edse Saorview in ann f\u00e9achaint ar TG4 ardghl\u00e9ine \u00f3 inniu ar aghaidh mar go bhfuil an cain\u00e9al ar f\u00e1il i HD anois ar Saorview.","robots":{"index":"index","follow":"follow","max-snippet":"max-snippet:-1","max-image-preview":"max-image-preview:large","max-video-preview":"max-video-preview:-1"},"og_locale":"en_US","og_type":"article","og_title":"TG4 Ardghl\u00e9ine n\u00f3 HD ar f\u00e1il do chustaim\u00e9ir\u00ed Saorview in \u00c9irinn | Preas R\u00e1iteas | TG4","og_description":"T\u00e1 \u00e1thas ar TG4 agus Saorview a fh\u00f3gairt go mbeidh lucht f\u00e9achana teilif\u00edse Saorview in ann f\u00e9achaint ar TG4 ardghl\u00e9ine \u00f3 inniu ar aghaidh mar go bhfuil an cain\u00e9al ar f\u00e1il i HD anois ar Saorview.","og_url":"https:\/\/dev.tg4.ie\/ga\/eolas\/preas\/nuacht-raitis\/2022-2\/tg4-ardghleine-no-hd-ar-fail-do-chustaimeiri-saorview-in-eirinn\/","og_site_name":"TG4","article_publisher":"https:\/\/www.facebook.com\/TG4TV","og_image":[{"width":1920,"height":1080,"url":"https:\/\/tg4-docs.s3.amazonaws.com\/wp-content\/uploads\/2022\/12\/05115139\/TG4HD_Saorview_1-1920x1080-1.jpg","type":"image\/jpeg"}],"twitter_card":"summary_large_image","twitter_image":"https:\/\/tg4-docs.s3.amazonaws.com\/wp-content\/uploads\/2022\/12\/05115139\/TG4HD_Saorview_1-1920x1080-1.jpg","twitter_site":"@TG4TV","twitter_misc":{"Est. reading time":"2 minutes"},"schema":{"@context":"https:\/\/schema.org","@graph":[{"@type":"WebPage","@id":"https:\/\/dev.tg4.ie\/ga\/eolas\/preas\/nuacht-raitis\/2022-2\/tg4-ardghleine-no-hd-ar-fail-do-chustaimeiri-saorview-in-eirinn\/","url":"https:\/\/dev.tg4.ie\/ga\/eolas\/preas\/nuacht-raitis\/2022-2\/tg4-ardghleine-no-hd-ar-fail-do-chustaimeiri-saorview-in-eirinn\/","name":"TG4 Ardghl\u00e9ine n\u00f3 HD ar f\u00e1il do chustaim\u00e9ir\u00ed Saorview in \u00c9irinn | Preas R\u00e1iteas | TG4","isPartOf":{"@id":"https:\/\/dev.tg4.ie\/en\/#website"},"primaryImageOfPage":{"@id":"https:\/\/dev.tg4.ie\/ga\/eolas\/preas\/nuacht-raitis\/2022-2\/tg4-ardghleine-no-hd-ar-fail-do-chustaimeiri-saorview-in-eirinn\/#primaryimage"},"image":{"@id":"https:\/\/dev.tg4.ie\/ga\/eolas\/preas\/nuacht-raitis\/2022-2\/tg4-ardghleine-no-hd-ar-fail-do-chustaimeiri-saorview-in-eirinn\/#primaryimage"},"thumbnailUrl":"https:\/\/dev.tg4.ie\/wp-content\/uploads\/2022\/12\/TG4HD_Saorview_1-1920x1080-1.jpg","datePublished":"2022-12-05T11:57:43+00:00","dateModified":"2022-12-05T11:57:43+00:00","description":"T\u00e1 \u00e1thas ar TG4 agus Saorview a fh\u00f3gairt go mbeidh lucht f\u00e9achana teilif\u00edse Saorview in ann f\u00e9achaint ar TG4 ardghl\u00e9ine \u00f3 inniu ar aghaidh mar go bhfuil an cain\u00e9al ar f\u00e1il i HD anois ar Saorview.","breadcrumb":{"@id":"https:\/\/dev.tg4.ie\/ga\/eolas\/preas\/nuacht-raitis\/2022-2\/tg4-ardghleine-no-hd-ar-fail-do-chustaimeiri-saorview-in-eirinn\/#breadcrumb"},"inLanguage":"ga","potentialAction":[{"@type":"ReadAction","target":["https:\/\/dev.tg4.ie\/ga\/eolas\/preas\/nuacht-raitis\/2022-2\/tg4-ardghleine-no-hd-ar-fail-do-chustaimeiri-saorview-in-eirinn\/"]}]},{"@type":"ImageObject","inLanguage":"ga","@id":"https:\/\/dev.tg4.ie\/ga\/eolas\/preas\/nuacht-raitis\/2022-2\/tg4-ardghleine-no-hd-ar-fail-do-chustaimeiri-saorview-in-eirinn\/#primaryimage","url":"https:\/\/dev.tg4.ie\/wp-content\/uploads\/2022\/12\/TG4HD_Saorview_1-1920x1080-1.jpg","contentUrl":"https:\/\/dev.tg4.ie\/wp-content\/uploads\/2022\/12\/TG4HD_Saorview_1-1920x1080-1.jpg"},{"@type":"BreadcrumbList","@id":"https:\/\/dev.tg4.ie\/ga\/eolas\/preas\/nuacht-raitis\/2022-2\/tg4-ardghleine-no-hd-ar-fail-do-chustaimeiri-saorview-in-eirinn\/#breadcrumb","itemListElement":[{"@type":"ListItem","position":1,"name":"Home","item":"https:\/\/dev.tg4.ie\/ga\/"},{"@type":"ListItem","position":2,"name":"Eolas","item":"https:\/\/dev.tg4.ie\/ga\/eolas\/"},{"@type":"ListItem","position":3,"name":"Preas","item":"https:\/\/dev.tg4.ie\/ga\/eolas\/preas\/"},{"@type":"ListItem","position":4,"name":"Nuacht R\u00e1itis","item":"https:\/\/dev.tg4.ie\/ga\/eolas\/preas\/nuacht-raitis\/"},{"@type":"ListItem","position":5,"name":"2022","item":"https:\/\/dev.tg4.ie\/ga\/eolas\/preas\/nuacht-raitis\/2022-2\/"},{"@type":"ListItem","position":6,"name":"TG4 Ardghl\u00e9ine n\u00f3 HD ar f\u00e1il do chustaim\u00e9ir\u00ed Saorview in \u00c9irinn"}]},{"@type":"WebSite","@id":"https:\/\/dev.tg4.ie\/en\/#website","url":"https:\/\/dev.tg4.ie\/en\/","name":"TG4","description":"S\u00fail Eile","potentialAction":[{"@type":"SearchAction","target":{"@type":"EntryPoint","urlTemplate":"https:\/\/dev.tg4.ie\/en\/?s={search_term_string}"},"query-input":"required name=search_term_string"}],"inLanguage":"ga"}]}},"_links":{"self":[{"href":"https:\/\/dev.tg4.ie\/ga\/wp-json\/wp\/v2\/pages\/178416"}],"collection":[{"href":"https:\/\/dev.tg4.ie\/ga\/wp-json\/wp\/v2\/pages"}],"about":[{"href":"https:\/\/dev.tg4.ie\/ga\/wp-json\/wp\/v2\/types\/page"}],"author":[{"embeddable":true,"href":"https:\/\/dev.tg4.ie\/ga\/wp-json\/wp\/v2\/users\/876"}],"replies":[{"embeddable":true,"href":"https:\/\/dev.tg4.ie\/ga\/wp-json\/wp\/v2\/comments?post=178416"}],"version-history":[{"count":0,"href":"https:\/\/dev.tg4.ie\/ga\/wp-json\/wp\/v2\/pages\/178416\/revisions"}],"up":[{"embeddable":true,"href":"https:\/\/dev.tg4.ie\/ga\/wp-json\/wp\/v2\/pages\/138171"}],"wp:attachment":[{"href":"https:\/\/dev.tg4.ie\/ga\/wp-json\/wp\/v2\/media?parent=178416"}],"curies":[{"name":"wp","href":"https:\/\/api.w.org\/{rel}","templated":true}]}}