{"id":178637,"date":"2022-12-12T14:23:34","date_gmt":"2022-12-12T14:23:34","guid":{"rendered":"https:\/\/dev.tg4.ie\/?page_id=178637"},"modified":"2022-12-20T15:55:11","modified_gmt":"2022-12-20T15:55:11","slug":"nollaig-faoi-shean-agus-faoi-mhaise-o-tg4","status":"publish","type":"page","link":"https:\/\/dev.tg4.ie\/ga\/eolas\/preas\/nuacht-raitis\/2022-2\/nollaig-faoi-shean-agus-faoi-mhaise-o-tg4\/","title":{"rendered":"Nollaig faoi sh\u00e9an agus faoi mhaise \u00f3 TG4"},"content":{"rendered":"<p><img loading=\"lazy\" decoding=\"async\" width=\"1920\" height=\"1080\" src=\"https:\/\/tg4-docs.s3.amazonaws.com\/wp-content\/uploads\/2022\/12\/12141535\/Failte_2023_Daithi_Doireann_1-1920x1080-1.jpg\" alt=\"\" class=\"aligncenter size-full wp-image-178640\" srcset=\"https:\/\/tg4-docs.s3.amazonaws.com\/wp-content\/uploads\/2022\/12\/12141535\/Failte_2023_Daithi_Doireann_1-1920x1080-1.jpg 1920w, https:\/\/tg4-docs.s3.amazonaws.com\/wp-content\/uploads\/2022\/12\/12141535\/Failte_2023_Daithi_Doireann_1-1920x1080-1-250x141.jpg 250w, https:\/\/tg4-docs.s3.amazonaws.com\/wp-content\/uploads\/2022\/12\/12141535\/Failte_2023_Daithi_Doireann_1-1920x1080-1-700x394.jpg 700w, https:\/\/tg4-docs.s3.amazonaws.com\/wp-content\/uploads\/2022\/12\/12141535\/Failte_2023_Daithi_Doireann_1-1920x1080-1-252x141.jpg 252w, https:\/\/tg4-docs.s3.amazonaws.com\/wp-content\/uploads\/2022\/12\/12141535\/Failte_2023_Daithi_Doireann_1-1920x1080-1-1536x864.jpg 1536w, https:\/\/tg4-docs.s3.amazonaws.com\/wp-content\/uploads\/2022\/12\/12141535\/Failte_2023_Daithi_Doireann_1-1920x1080-1-120x68.jpg 120w\" sizes=\"(max-width: 1920px) 100vw, 1920px\" \/><\/p>\n<p>Thar Nollaig ar TG4, beidh ceol, sp\u00f3rt agus spraoi le rogha do gach duine idir fhaisn\u00e9is, sp\u00f3rt, ceol agus scann\u00e1in \u00f3 O\u00edche Nollag go dt\u00ed an s\u00e9\u00fa Ean\u00e1ir.  <\/p>\n<p>Ar O\u00edche L\u00e1 Nollag, craolfar cl\u00e1r faisn\u00e9ise nua faoi duine de aisteoir\u00ed na h\u00c9ireann ab fhearr riamh Cyril Cusack sa chl\u00e1r <strong>Cyril Cusack: L\u00e1r an St\u00e1itse<\/strong>. <\/p>\n<div style=\"position:relative;padding-top:56.25%;\">\n  <iframe src=\"https:\/\/www.youtube.com\/embed\/r3njK2mZgpE\" frameborder=\"0\" allowfullscreen\n    style=\"position:absolute;top:0;left:0;width:100%;height:100%;\"><\/iframe>\n<\/div>\n<p>&nbsp;<br \/>\nCraolfar cl\u00e1r nua eile <strong>Dessie: Gl\u00f3r na B\u00f3 Finne<\/strong> ar O\u00edche L\u00e1 Nollag faoi ina nd\u00e9antar ceili\u00faradh ar cheol agus ar shaol an amhr\u00e1na\u00ed ch\u00e1ili\u00fail, Dessie O&#8217;Halloran inste ag a chol ceathrair John Halloran. <\/p>\n<div style=\"position:relative;padding-top:56.25%;\">\n  <iframe src=\"https:\/\/www.youtube.com\/embed\/U9S95YdQ7Ak\" frameborder=\"0\" allowfullscreen\n    style=\"position:absolute;top:0;left:0;width:100%;height:100%;\"><\/iframe>\n<\/div>\n<p>&nbsp;<br \/>\nCuirfidh ceolt\u00f3ir\u00ed m\u00f3ra le r\u00e1 Paul Simon, Liam Neeson, PJ Harvey, Bono, Ruth, Negga, Iarla \u00d3 Lion\u00e1ird agus Paul Brady s\u00edos ar na heachtra\u00ed t\u00e1bhachtacha a tharla i saol cruthaitheach an fhile i <strong>Paul Muldoon Laoithe &#8216;s Liric\u00ed<\/strong> a chraolfar ar an 28 Nollaig. <\/p>\n<div style=\"position:relative;padding-top:56.25%;\">\n  <iframe src=\"https:\/\/www.youtube.com\/embed\/lOVR9NyxF-U\" frameborder=\"0\" allowfullscreen\n    style=\"position:absolute;top:0;left:0;width:100%;height:100%;\"><\/iframe>\n<\/div>\n<p>&nbsp;<br \/>\nC\u00e9 gur mh\u00f3 aithne a bh\u00ed ar Percy French mar gheall ar na hamhr\u00e1in ghrinn a scr\u00edobh s\u00e9, ba shiams\u00f3ir m\u00f3r le r\u00e1, \u00fadar cumasach, file, seinnteoir bainse\u00f3 agus p\u00e9int\u00e9ir t\u00edrdhreacha den scoth a bh\u00ed ann freisin a thaistil an domhain. Tabharfar l\u00e9argas air sa chl\u00e1r <strong>Percy French: Si\u00falach Sc\u00e9alach<\/strong> ar L\u00e1 Caille. D\u00e9anfar ceili\u00faradh ar shaol Willie Clancy agus ar 50 bliain de Scoil Samhraidh Willie Clancy i Sr\u00e1id na Cathrach, Co. an Chl\u00e1ir i <strong>Willie Clancy: 50 Bliain den Cheol<\/strong> ar an 30\u00fa Nollaig. <\/p>\n<p>Beidh cuimhne agus ceili\u00faradh ar laoch sp\u00f3irt Bhaile \u00c1tha Cliath sa chl\u00e1r <strong>Anton O&#8217;Toole &#8211; Finsc\u00e9al de Shaol GAA<\/strong> ar an 29 Nollaig, a thabharfaidh l\u00e9argas ar shaol Anton O&#8217;Toole n\u00f3 an Blue Panther mar a thugta\u00ed air agus an r\u00f3l t\u00e1bhachtach a bh\u00ed aige ar fhoireann ch\u00e1ili\u00fail \u00c1tha Cliath a spreag athbheochan na peile Gaela\u00ed. <\/p>\n<div style=\"position:relative;padding-top:56.25%;\">\n  <iframe src=\"https:\/\/www.youtube.com\/embed\/6X5XHyd_HA8\" frameborder=\"0\" allowfullscreen\n    style=\"position:absolute;top:0;left:0;width:100%;height:100%;\"><\/iframe>\n<\/div>\n<p>&nbsp;<br \/>\nAr O\u00edche Chinn Bliana, cuirfidh D\u00e1ith\u00ed \u00d3 S\u00e9 agus Doireann N\u00ed Ghlac\u00e1in f\u00e1ilte roimh an mbliain nua \u00f3n Muileann i mBaile Bhuirne le John Spillane, Muireann Nic Amhlaoibh, C\u00f3r Ch\u00fail Aodha agus an Raw Bar Collective ar <strong>F\u00e1ilte 2023<\/strong>.<br \/>\n&nbsp;<br \/>\nBeidh an ch\u00e9ad chraoladh teilf\u00edse den scann\u00e1n <strong>Foscadh<\/strong> ar an 2\u00fa Eanair. Is iad D\u00f3nall \u00d3 H\u00e9ala\u00ed, Fionnuala Flaherty, Cillian \u00d3 Gairbh\u00ed agus Macdara \u00d3 Flatharta aisteoir\u00ed an scann\u00e1in seo faoi sti\u00fair Se\u00e1n Breathnach.<br \/>\n&nbsp;<br \/>\nLeanfaidh Craobh Rugba\u00ed Aontaithe ar <strong>Rugba\u00ed Beo<\/strong> ar aghaidh thar Nollaig chomh maith agus beidh craoladh beo L\u00e1 Fh\u00e9ile Stiof\u00e1in ar Mhumha v Laighin \u00f3 Ph\u00e1irc Thomond agus ar L\u00e1 Caille, tabharfaidh Uladh aghaidh ar Mhumha \u00f3 Staid Kingspan.<br \/>\n&nbsp;<br \/>\nDo na leana\u00ed an Nollaig seo, beidh leaganacha Gaeilge de na scann\u00e1in <strong>Abominable<\/strong> ar L\u00e1 Nollag, <strong>Hotel Transylvania<\/strong> ar L\u00e1 Fh\u00e9ile Stiof\u00e1in agus <strong>Smurfs: The Lost Village<\/strong> ar an 2\u00fa Ean\u00e1ir.<\/p>\n<p>&nbsp;<br \/>\n&nbsp;<\/p>\n","protected":false},"excerpt":{"rendered":"<p>Thar Nollaig ar TG4, beidh ceol, sp\u00f3rt agus spraoi le rogha do gach duine idir fhaisn\u00e9is, sp\u00f3rt, ceol agus scann\u00e1in \u00f3 O\u00edche Nollag go dt\u00ed an s\u00e9\u00fa Ean\u00e1ir. Ar O\u00edche L\u00e1 Nollag, craolfar cl\u00e1r faisn\u00e9ise nua faoi duine de aisteoir\u00ed na h\u00c9ireann ab fhearr riamh Cyril Cusack sa chl\u00e1r Cyril Cusack: L\u00e1r an St\u00e1itse. &nbsp; [&hellip;]<\/p>\n","protected":false},"author":876,"featured_media":0,"parent":138171,"menu_order":38,"comment_status":"closed","ping_status":"closed","template":"page-templates\/template-pr.php","meta":{"_acf_changed":false,"footnotes":""},"acf":[],"yoast_head":"<!-- This site is optimized with the Yoast SEO plugin v22.6 - https:\/\/yoast.com\/wordpress\/plugins\/seo\/ -->\n<title>Nollaig faoi sh\u00e9an agus faoi mhaise \u00f3 TG4 | Preas R\u00e1iteas | TG4<\/title>\n<meta name=\"description\" content=\"Thar Nollaig ar TG4, beidh ceol, sp\u00f3rt agus spraoi le rogha do gach duine idir fhaisn\u00e9is, sp\u00f3rt, ceol agus scann\u00e1in \u00f3 O\u00edche Nollag go dt\u00ed an s\u00e9\u00fa Ean\u00e1ir.\" \/>\n<meta name=\"robots\" content=\"index, follow, max-snippet:-1, max-image-preview:large, max-video-preview:-1\" \/>\n<meta property=\"og:locale\" content=\"en_US\" \/>\n<meta property=\"og:type\" content=\"article\" \/>\n<meta property=\"og:title\" content=\"Nollaig faoi sh\u00e9an agus faoi mhaise \u00f3 TG4 | Preas R\u00e1iteas | TG4\" \/>\n<meta property=\"og:description\" content=\"Thar Nollaig ar TG4, beidh ceol, sp\u00f3rt agus spraoi le rogha do gach duine idir fhaisn\u00e9is, sp\u00f3rt, ceol agus scann\u00e1in \u00f3 O\u00edche Nollag go dt\u00ed an s\u00e9\u00fa Ean\u00e1ir.\" \/>\n<meta property=\"og:url\" content=\"https:\/\/dev.tg4.ie\/ga\/eolas\/preas\/nuacht-raitis\/2022-2\/nollaig-faoi-shean-agus-faoi-mhaise-o-tg4\/\" \/>\n<meta property=\"og:site_name\" content=\"TG4\" \/>\n<meta property=\"article:publisher\" content=\"https:\/\/www.facebook.com\/TG4TV\" \/>\n<meta property=\"article:modified_time\" content=\"2022-12-20T15:55:11+00:00\" \/>\n<meta property=\"og:image\" content=\"https:\/\/tg4-docs.s3.amazonaws.com\/wp-content\/uploads\/2022\/12\/12141535\/Failte_2023_Daithi_Doireann_1-1920x1080-1.jpg\" \/>\n\t<meta property=\"og:image:width\" content=\"1920\" \/>\n\t<meta property=\"og:image:height\" content=\"1080\" \/>\n\t<meta property=\"og:image:type\" content=\"image\/jpeg\" \/>\n<meta name=\"twitter:card\" content=\"summary_large_image\" \/>\n<meta name=\"twitter:image\" content=\"https:\/\/tg4-docs.s3.amazonaws.com\/wp-content\/uploads\/2022\/12\/12141535\/Failte_2023_Daithi_Doireann_1-1920x1080-1.jpg\" \/>\n<meta name=\"twitter:site\" content=\"@TG4TV\" \/>\n<meta name=\"twitter:label1\" content=\"Est. reading time\" \/>\n\t<meta name=\"twitter:data1\" content=\"3 minutes\" \/>\n<script type=\"application\/ld+json\" class=\"yoast-schema-graph\">{\"@context\":\"https:\/\/schema.org\",\"@graph\":[{\"@type\":\"WebPage\",\"@id\":\"https:\/\/dev.tg4.ie\/ga\/eolas\/preas\/nuacht-raitis\/2022-2\/nollaig-faoi-shean-agus-faoi-mhaise-o-tg4\/\",\"url\":\"https:\/\/dev.tg4.ie\/ga\/eolas\/preas\/nuacht-raitis\/2022-2\/nollaig-faoi-shean-agus-faoi-mhaise-o-tg4\/\",\"name\":\"Nollaig faoi sh\u00e9an agus faoi mhaise \u00f3 TG4 | Preas R\u00e1iteas | TG4\",\"isPartOf\":{\"@id\":\"https:\/\/dev.tg4.ie\/en\/#website\"},\"primaryImageOfPage\":{\"@id\":\"https:\/\/dev.tg4.ie\/ga\/eolas\/preas\/nuacht-raitis\/2022-2\/nollaig-faoi-shean-agus-faoi-mhaise-o-tg4\/#primaryimage\"},\"image\":{\"@id\":\"https:\/\/dev.tg4.ie\/ga\/eolas\/preas\/nuacht-raitis\/2022-2\/nollaig-faoi-shean-agus-faoi-mhaise-o-tg4\/#primaryimage\"},\"thumbnailUrl\":\"https:\/\/dev.tg4.ie\/wp-content\/uploads\/2022\/12\/Failte_2023_Daithi_Doireann_1-1920x1080-1.jpg\",\"datePublished\":\"2022-12-12T14:23:34+00:00\",\"dateModified\":\"2022-12-20T15:55:11+00:00\",\"description\":\"Thar Nollaig ar TG4, beidh ceol, sp\u00f3rt agus spraoi le rogha do gach duine idir fhaisn\u00e9is, sp\u00f3rt, ceol agus scann\u00e1in \u00f3 O\u00edche Nollag go dt\u00ed an s\u00e9\u00fa Ean\u00e1ir.\",\"breadcrumb\":{\"@id\":\"https:\/\/dev.tg4.ie\/ga\/eolas\/preas\/nuacht-raitis\/2022-2\/nollaig-faoi-shean-agus-faoi-mhaise-o-tg4\/#breadcrumb\"},\"inLanguage\":\"ga\",\"potentialAction\":[{\"@type\":\"ReadAction\",\"target\":[\"https:\/\/dev.tg4.ie\/ga\/eolas\/preas\/nuacht-raitis\/2022-2\/nollaig-faoi-shean-agus-faoi-mhaise-o-tg4\/\"]}]},{\"@type\":\"ImageObject\",\"inLanguage\":\"ga\",\"@id\":\"https:\/\/dev.tg4.ie\/ga\/eolas\/preas\/nuacht-raitis\/2022-2\/nollaig-faoi-shean-agus-faoi-mhaise-o-tg4\/#primaryimage\",\"url\":\"https:\/\/dev.tg4.ie\/wp-content\/uploads\/2022\/12\/Failte_2023_Daithi_Doireann_1-1920x1080-1.jpg\",\"contentUrl\":\"https:\/\/dev.tg4.ie\/wp-content\/uploads\/2022\/12\/Failte_2023_Daithi_Doireann_1-1920x1080-1.jpg\"},{\"@type\":\"BreadcrumbList\",\"@id\":\"https:\/\/dev.tg4.ie\/ga\/eolas\/preas\/nuacht-raitis\/2022-2\/nollaig-faoi-shean-agus-faoi-mhaise-o-tg4\/#breadcrumb\",\"itemListElement\":[{\"@type\":\"ListItem\",\"position\":1,\"name\":\"Home\",\"item\":\"https:\/\/dev.tg4.ie\/ga\/\"},{\"@type\":\"ListItem\",\"position\":2,\"name\":\"Eolas\",\"item\":\"https:\/\/dev.tg4.ie\/ga\/eolas\/\"},{\"@type\":\"ListItem\",\"position\":3,\"name\":\"Preas\",\"item\":\"https:\/\/dev.tg4.ie\/ga\/eolas\/preas\/\"},{\"@type\":\"ListItem\",\"position\":4,\"name\":\"Nuacht R\u00e1itis\",\"item\":\"https:\/\/dev.tg4.ie\/ga\/eolas\/preas\/nuacht-raitis\/\"},{\"@type\":\"ListItem\",\"position\":5,\"name\":\"2022\",\"item\":\"https:\/\/dev.tg4.ie\/ga\/eolas\/preas\/nuacht-raitis\/2022-2\/\"},{\"@type\":\"ListItem\",\"position\":6,\"name\":\"Nollaig faoi sh\u00e9an agus faoi mhaise \u00f3 TG4\"}]},{\"@type\":\"WebSite\",\"@id\":\"https:\/\/dev.tg4.ie\/en\/#website\",\"url\":\"https:\/\/dev.tg4.ie\/en\/\",\"name\":\"TG4\",\"description\":\"S\u00fail Eile\",\"potentialAction\":[{\"@type\":\"SearchAction\",\"target\":{\"@type\":\"EntryPoint\",\"urlTemplate\":\"https:\/\/dev.tg4.ie\/en\/?s={search_term_string}\"},\"query-input\":\"required name=search_term_string\"}],\"inLanguage\":\"ga\"}]}<\/script>\n<!-- \/ Yoast SEO plugin. -->","yoast_head_json":{"title":"Nollaig faoi sh\u00e9an agus faoi mhaise \u00f3 TG4 | Preas R\u00e1iteas | TG4","description":"Thar Nollaig ar TG4, beidh ceol, sp\u00f3rt agus spraoi le rogha do gach duine idir fhaisn\u00e9is, sp\u00f3rt, ceol agus scann\u00e1in \u00f3 O\u00edche Nollag go dt\u00ed an s\u00e9\u00fa Ean\u00e1ir.","robots":{"index":"index","follow":"follow","max-snippet":"max-snippet:-1","max-image-preview":"max-image-preview:large","max-video-preview":"max-video-preview:-1"},"og_locale":"en_US","og_type":"article","og_title":"Nollaig faoi sh\u00e9an agus faoi mhaise \u00f3 TG4 | Preas R\u00e1iteas | TG4","og_description":"Thar Nollaig ar TG4, beidh ceol, sp\u00f3rt agus spraoi le rogha do gach duine idir fhaisn\u00e9is, sp\u00f3rt, ceol agus scann\u00e1in \u00f3 O\u00edche Nollag go dt\u00ed an s\u00e9\u00fa Ean\u00e1ir.","og_url":"https:\/\/dev.tg4.ie\/ga\/eolas\/preas\/nuacht-raitis\/2022-2\/nollaig-faoi-shean-agus-faoi-mhaise-o-tg4\/","og_site_name":"TG4","article_publisher":"https:\/\/www.facebook.com\/TG4TV","article_modified_time":"2022-12-20T15:55:11+00:00","og_image":[{"width":1920,"height":1080,"url":"https:\/\/tg4-docs.s3.amazonaws.com\/wp-content\/uploads\/2022\/12\/12141535\/Failte_2023_Daithi_Doireann_1-1920x1080-1.jpg","type":"image\/jpeg"}],"twitter_card":"summary_large_image","twitter_image":"https:\/\/tg4-docs.s3.amazonaws.com\/wp-content\/uploads\/2022\/12\/12141535\/Failte_2023_Daithi_Doireann_1-1920x1080-1.jpg","twitter_site":"@TG4TV","twitter_misc":{"Est. reading time":"3 minutes"},"schema":{"@context":"https:\/\/schema.org","@graph":[{"@type":"WebPage","@id":"https:\/\/dev.tg4.ie\/ga\/eolas\/preas\/nuacht-raitis\/2022-2\/nollaig-faoi-shean-agus-faoi-mhaise-o-tg4\/","url":"https:\/\/dev.tg4.ie\/ga\/eolas\/preas\/nuacht-raitis\/2022-2\/nollaig-faoi-shean-agus-faoi-mhaise-o-tg4\/","name":"Nollaig faoi sh\u00e9an agus faoi mhaise \u00f3 TG4 | Preas R\u00e1iteas | TG4","isPartOf":{"@id":"https:\/\/dev.tg4.ie\/en\/#website"},"primaryImageOfPage":{"@id":"https:\/\/dev.tg4.ie\/ga\/eolas\/preas\/nuacht-raitis\/2022-2\/nollaig-faoi-shean-agus-faoi-mhaise-o-tg4\/#primaryimage"},"image":{"@id":"https:\/\/dev.tg4.ie\/ga\/eolas\/preas\/nuacht-raitis\/2022-2\/nollaig-faoi-shean-agus-faoi-mhaise-o-tg4\/#primaryimage"},"thumbnailUrl":"https:\/\/dev.tg4.ie\/wp-content\/uploads\/2022\/12\/Failte_2023_Daithi_Doireann_1-1920x1080-1.jpg","datePublished":"2022-12-12T14:23:34+00:00","dateModified":"2022-12-20T15:55:11+00:00","description":"Thar Nollaig ar TG4, beidh ceol, sp\u00f3rt agus spraoi le rogha do gach duine idir fhaisn\u00e9is, sp\u00f3rt, ceol agus scann\u00e1in \u00f3 O\u00edche Nollag go dt\u00ed an s\u00e9\u00fa Ean\u00e1ir.","breadcrumb":{"@id":"https:\/\/dev.tg4.ie\/ga\/eolas\/preas\/nuacht-raitis\/2022-2\/nollaig-faoi-shean-agus-faoi-mhaise-o-tg4\/#breadcrumb"},"inLanguage":"ga","potentialAction":[{"@type":"ReadAction","target":["https:\/\/dev.tg4.ie\/ga\/eolas\/preas\/nuacht-raitis\/2022-2\/nollaig-faoi-shean-agus-faoi-mhaise-o-tg4\/"]}]},{"@type":"ImageObject","inLanguage":"ga","@id":"https:\/\/dev.tg4.ie\/ga\/eolas\/preas\/nuacht-raitis\/2022-2\/nollaig-faoi-shean-agus-faoi-mhaise-o-tg4\/#primaryimage","url":"https:\/\/dev.tg4.ie\/wp-content\/uploads\/2022\/12\/Failte_2023_Daithi_Doireann_1-1920x1080-1.jpg","contentUrl":"https:\/\/dev.tg4.ie\/wp-content\/uploads\/2022\/12\/Failte_2023_Daithi_Doireann_1-1920x1080-1.jpg"},{"@type":"BreadcrumbList","@id":"https:\/\/dev.tg4.ie\/ga\/eolas\/preas\/nuacht-raitis\/2022-2\/nollaig-faoi-shean-agus-faoi-mhaise-o-tg4\/#breadcrumb","itemListElement":[{"@type":"ListItem","position":1,"name":"Home","item":"https:\/\/dev.tg4.ie\/ga\/"},{"@type":"ListItem","position":2,"name":"Eolas","item":"https:\/\/dev.tg4.ie\/ga\/eolas\/"},{"@type":"ListItem","position":3,"name":"Preas","item":"https:\/\/dev.tg4.ie\/ga\/eolas\/preas\/"},{"@type":"ListItem","position":4,"name":"Nuacht R\u00e1itis","item":"https:\/\/dev.tg4.ie\/ga\/eolas\/preas\/nuacht-raitis\/"},{"@type":"ListItem","position":5,"name":"2022","item":"https:\/\/dev.tg4.ie\/ga\/eolas\/preas\/nuacht-raitis\/2022-2\/"},{"@type":"ListItem","position":6,"name":"Nollaig faoi sh\u00e9an agus faoi mhaise \u00f3 TG4"}]},{"@type":"WebSite","@id":"https:\/\/dev.tg4.ie\/en\/#website","url":"https:\/\/dev.tg4.ie\/en\/","name":"TG4","description":"S\u00fail Eile","potentialAction":[{"@type":"SearchAction","target":{"@type":"EntryPoint","urlTemplate":"https:\/\/dev.tg4.ie\/en\/?s={search_term_string}"},"query-input":"required name=search_term_string"}],"inLanguage":"ga"}]}},"_links":{"self":[{"href":"https:\/\/dev.tg4.ie\/ga\/wp-json\/wp\/v2\/pages\/178637"}],"collection":[{"href":"https:\/\/dev.tg4.ie\/ga\/wp-json\/wp\/v2\/pages"}],"about":[{"href":"https:\/\/dev.tg4.ie\/ga\/wp-json\/wp\/v2\/types\/page"}],"author":[{"embeddable":true,"href":"https:\/\/dev.tg4.ie\/ga\/wp-json\/wp\/v2\/users\/876"}],"replies":[{"embeddable":true,"href":"https:\/\/dev.tg4.ie\/ga\/wp-json\/wp\/v2\/comments?post=178637"}],"version-history":[{"count":0,"href":"https:\/\/dev.tg4.ie\/ga\/wp-json\/wp\/v2\/pages\/178637\/revisions"}],"up":[{"embeddable":true,"href":"https:\/\/dev.tg4.ie\/ga\/wp-json\/wp\/v2\/pages\/138171"}],"wp:attachment":[{"href":"https:\/\/dev.tg4.ie\/ga\/wp-json\/wp\/v2\/media?parent=178637"}],"curies":[{"name":"wp","href":"https:\/\/api.w.org\/{rel}","templated":true}]}}