{"id":178984,"date":"2022-12-19T11:09:35","date_gmt":"2022-12-19T11:09:35","guid":{"rendered":"https:\/\/dev.tg4.ie\/?page_id=178984"},"modified":"2022-12-19T11:09:35","modified_gmt":"2022-12-19T11:09:35","slug":"aine-lally-ceaptha-in-a-bainisteoir-cumarsaide-ag-tg4","status":"publish","type":"page","link":"https:\/\/dev.tg4.ie\/ga\/eolas\/preas\/nuacht-raitis\/2022-2\/aine-lally-ceaptha-in-a-bainisteoir-cumarsaide-ag-tg4\/","title":{"rendered":"\u00c1ine Lally Ceaptha in a Bainisteoir Cumars\u00e1ide ag TG4"},"content":{"rendered":"<p><img loading=\"lazy\" decoding=\"async\" width=\"1920\" height=\"1080\" src=\"https:\/\/tg4-docs.s3.amazonaws.com\/wp-content\/uploads\/2022\/12\/19110411\/Aine_Lally_1-1920x1080-1.jpg\" alt=\"\" class=\"aligncenter size-full wp-image-178985\" srcset=\"https:\/\/tg4-docs.s3.amazonaws.com\/wp-content\/uploads\/2022\/12\/19110411\/Aine_Lally_1-1920x1080-1.jpg 1920w, https:\/\/tg4-docs.s3.amazonaws.com\/wp-content\/uploads\/2022\/12\/19110411\/Aine_Lally_1-1920x1080-1-250x141.jpg 250w, https:\/\/tg4-docs.s3.amazonaws.com\/wp-content\/uploads\/2022\/12\/19110411\/Aine_Lally_1-1920x1080-1-700x394.jpg 700w, https:\/\/tg4-docs.s3.amazonaws.com\/wp-content\/uploads\/2022\/12\/19110411\/Aine_Lally_1-1920x1080-1-252x141.jpg 252w, https:\/\/tg4-docs.s3.amazonaws.com\/wp-content\/uploads\/2022\/12\/19110411\/Aine_Lally_1-1920x1080-1-1536x864.jpg 1536w, https:\/\/tg4-docs.s3.amazonaws.com\/wp-content\/uploads\/2022\/12\/19110411\/Aine_Lally_1-1920x1080-1-120x68.jpg 120w\" sizes=\"(max-width: 1920px) 100vw, 1920px\" \/><\/p>\n<p>T\u00e1 s\u00e9 f\u00f3gartha inniu go bhfuil \u00c1ine Lally ceaptha mar Bhainisteoir Cumars\u00e1ide ag TG4. T\u00e1 taith\u00ed na mblianta ag \u00c1ine mar iriseoir f\u00edse agus l\u00e9itheoir nuachta le Nuacht TG4 \/ Nuacht RT\u00c9 \u00f3 thosaigh s\u00ed leis an t-seirbh\u00eds in 1998.  Chuir s\u00ed t\u00fas lena gairm i saol na craolt\u00f3ireachta roimhe sin sa Rann\u00f3g Cumars\u00e1ide i TG4 faoi sti\u00fair Ph\u00e1dhraic U\u00ed Chiardha.<\/p>\n<p>T\u00e1 aithne ar \u00c1ine fud fad Conamara agus thar toinn as a sc\u00e9alta croi\u00fala a thugann l\u00e9argas ar phobal na Gaeltachta agus na Gaeilge.  Bh\u00ed s\u00ed ag obair ar chl\u00e1racha faisn\u00e9ise do Nuacht TG4 faoi na Gaeil agus lucht na gcurrach i mBost\u00fan, i bPittsburgh agus i Louisiana, Mheirice\u00e1.  Bh\u00ed s\u00ed in a l\u00e1ithreoir agus taighdeoir ar an tsraith siamsa\u00edochta F\u00e9ilte le hAoife N\u00ed Thuairisg agus ina dhiaidh sin le S\u00edle N\u00ed Bhraon\u00e1in.  L\u00e9irigh s\u00ed tuairisc\u00ed do Seachtain agus Nationwide ar RT\u00c9 agus chuir s\u00ed Gradam Ceoil TG4 i l\u00e1thair le P\u00e1id\u00ed \u00d3 Lion\u00e1ird in 2004. <\/p>\n<p>Is as An Spid\u00e9al i gConamara d&#8217;\u00c1ine. Is in\u00edon \u00ed leis an bhfear gn\u00f3 as Cathair na Gaillimhe M\u00e1irt\u00edn Lally agus a bhean Br\u00edd. T\u00e1 seisear dearth\u00e1ir aici; Caoimh\u00edn, P\u00e1draig, Marcus, Diarmaid, M\u00e1irt\u00edn agus D\u00f3nal.  T\u00e1 s\u00ed p\u00f3sta ar Joe Quinn as Cathair na Gaillimhe agus t\u00e1 beirt ghas\u00fair acu, Robert agus Liadh agus t\u00e1 siad ag cur f\u00fathu i gCois Fharraige. <\/p>\n<p>Chuir <strong>Sti\u00farth\u00f3ir Marga\u00edochta, Forbartha agus Comhph\u00e1irt\u00edochta TG4 L\u00eds N\u00ed Dh\u00e1laigh<\/strong> f\u00e1ilte roimh a ceapach\u00e1n ag r\u00e1, <em>&#8220;Cuirfim f\u00e1ilte mh\u00f3r roimh \u00c1ine Lally sa phost t\u00e1bhachtach seo i TG4. T\u00e1 taith\u00ed ar leith ag \u00c1ine ar phobal na Gaeilge agus Gaeltachta agus ar iriseoireacht na Gaeilge a bheidh ina chabhair mh\u00f3r di agus \u00ed ag tabhairt faoi phost an Bhainisteora Cumars\u00e1ide le TG4.  Gu\u00edm gach rath uirthi&#8221;<\/em><\/p>\n<p>Tiocfaidh \u00c1ine i gcomharba ar Dheirdre N\u00ed Choist\u00edn at\u00e1 ceaptha in Ceannaire Nuachta &#038; C\u00farsa\u00ed Reatha ag TG4. Beidh \u00c1ine ag tos\u00fa ina post nua i M\u00ed Ean\u00e1ir.<\/p>\n<p>&nbsp;<\/p>\n","protected":false},"excerpt":{"rendered":"<p>T\u00e1 s\u00e9 f\u00f3gartha inniu go bhfuil \u00c1ine Lally ceaptha mar Bhainisteoir Cumars\u00e1ide ag TG4. T\u00e1 taith\u00ed na mblianta ag \u00c1ine mar iriseoir f\u00edse agus l\u00e9itheoir nuachta le Nuacht TG4 \/ Nuacht RT\u00c9 \u00f3 thosaigh s\u00ed leis an t-seirbh\u00eds in 1998. Chuir s\u00ed t\u00fas lena gairm i saol na craolt\u00f3ireachta roimhe sin sa Rann\u00f3g Cumars\u00e1ide i [&hellip;]<\/p>\n","protected":false},"author":876,"featured_media":0,"parent":138171,"menu_order":39,"comment_status":"closed","ping_status":"closed","template":"page-templates\/template-pr.php","meta":{"_acf_changed":false,"footnotes":""},"acf":[],"yoast_head":"<!-- This site is optimized with the Yoast SEO plugin v22.6 - https:\/\/yoast.com\/wordpress\/plugins\/seo\/ -->\n<title>\u00c1ine Lally Ceaptha in a Bainisteoir Cumars\u00e1ide ag TG4 | Preas R\u00e1iteas | TG4<\/title>\n<meta name=\"description\" content=\"T\u00e1 s\u00e9 f\u00f3gartha inniu go bhfuil \u00c1ine Lally ceaptha mar Bhainisteoir Cumars\u00e1ide ag TG4. T\u00e1 taith\u00ed na mblianta ag \u00c1ine mar iriseoir f\u00edse agus l\u00e9itheoir nuachta le Nuacht TG4 \/ Nuacht RT\u00c9 \u00f3 thosaigh s\u00ed leis an t-seirbh\u00eds in 1998.\" \/>\n<meta name=\"robots\" content=\"index, follow, max-snippet:-1, max-image-preview:large, max-video-preview:-1\" \/>\n<meta property=\"og:locale\" content=\"en_US\" \/>\n<meta property=\"og:type\" content=\"article\" \/>\n<meta property=\"og:title\" content=\"\u00c1ine Lally Ceaptha in a Bainisteoir Cumars\u00e1ide ag TG4 | Preas R\u00e1iteas | TG4\" \/>\n<meta property=\"og:description\" content=\"T\u00e1 s\u00e9 f\u00f3gartha inniu go bhfuil \u00c1ine Lally ceaptha mar Bhainisteoir Cumars\u00e1ide ag TG4. T\u00e1 taith\u00ed na mblianta ag \u00c1ine mar iriseoir f\u00edse agus l\u00e9itheoir nuachta le Nuacht TG4 \/ Nuacht RT\u00c9 \u00f3 thosaigh s\u00ed leis an t-seirbh\u00eds in 1998.\" \/>\n<meta property=\"og:url\" content=\"https:\/\/dev.tg4.ie\/ga\/eolas\/preas\/nuacht-raitis\/2022-2\/aine-lally-ceaptha-in-a-bainisteoir-cumarsaide-ag-tg4\/\" \/>\n<meta property=\"og:site_name\" content=\"TG4\" \/>\n<meta property=\"article:publisher\" content=\"https:\/\/www.facebook.com\/TG4TV\" \/>\n<meta property=\"og:image\" content=\"https:\/\/tg4-docs.s3.amazonaws.com\/wp-content\/uploads\/2022\/12\/19110411\/Aine_Lally_1-1920x1080-1.jpg\" \/>\n\t<meta property=\"og:image:width\" content=\"1920\" \/>\n\t<meta property=\"og:image:height\" content=\"1080\" \/>\n\t<meta property=\"og:image:type\" content=\"image\/jpeg\" \/>\n<meta name=\"twitter:card\" content=\"summary_large_image\" \/>\n<meta name=\"twitter:image\" content=\"https:\/\/tg4-docs.s3.amazonaws.com\/wp-content\/uploads\/2022\/12\/19110411\/Aine_Lally_1-1920x1080-1.jpg\" \/>\n<meta name=\"twitter:site\" content=\"@TG4TV\" \/>\n<meta name=\"twitter:label1\" content=\"Est. reading time\" \/>\n\t<meta name=\"twitter:data1\" content=\"2 minutes\" \/>\n<script type=\"application\/ld+json\" class=\"yoast-schema-graph\">{\"@context\":\"https:\/\/schema.org\",\"@graph\":[{\"@type\":\"WebPage\",\"@id\":\"https:\/\/dev.tg4.ie\/ga\/eolas\/preas\/nuacht-raitis\/2022-2\/aine-lally-ceaptha-in-a-bainisteoir-cumarsaide-ag-tg4\/\",\"url\":\"https:\/\/dev.tg4.ie\/ga\/eolas\/preas\/nuacht-raitis\/2022-2\/aine-lally-ceaptha-in-a-bainisteoir-cumarsaide-ag-tg4\/\",\"name\":\"\u00c1ine Lally Ceaptha in a Bainisteoir Cumars\u00e1ide ag TG4 | Preas R\u00e1iteas | TG4\",\"isPartOf\":{\"@id\":\"https:\/\/dev.tg4.ie\/en\/#website\"},\"primaryImageOfPage\":{\"@id\":\"https:\/\/dev.tg4.ie\/ga\/eolas\/preas\/nuacht-raitis\/2022-2\/aine-lally-ceaptha-in-a-bainisteoir-cumarsaide-ag-tg4\/#primaryimage\"},\"image\":{\"@id\":\"https:\/\/dev.tg4.ie\/ga\/eolas\/preas\/nuacht-raitis\/2022-2\/aine-lally-ceaptha-in-a-bainisteoir-cumarsaide-ag-tg4\/#primaryimage\"},\"thumbnailUrl\":\"https:\/\/dev.tg4.ie\/wp-content\/uploads\/2022\/12\/Aine_Lally_1-1920x1080-1.jpg\",\"datePublished\":\"2022-12-19T11:09:35+00:00\",\"dateModified\":\"2022-12-19T11:09:35+00:00\",\"description\":\"T\u00e1 s\u00e9 f\u00f3gartha inniu go bhfuil \u00c1ine Lally ceaptha mar Bhainisteoir Cumars\u00e1ide ag TG4. T\u00e1 taith\u00ed na mblianta ag \u00c1ine mar iriseoir f\u00edse agus l\u00e9itheoir nuachta le Nuacht TG4 \/ Nuacht RT\u00c9 \u00f3 thosaigh s\u00ed leis an t-seirbh\u00eds in 1998.\",\"breadcrumb\":{\"@id\":\"https:\/\/dev.tg4.ie\/ga\/eolas\/preas\/nuacht-raitis\/2022-2\/aine-lally-ceaptha-in-a-bainisteoir-cumarsaide-ag-tg4\/#breadcrumb\"},\"inLanguage\":\"ga\",\"potentialAction\":[{\"@type\":\"ReadAction\",\"target\":[\"https:\/\/dev.tg4.ie\/ga\/eolas\/preas\/nuacht-raitis\/2022-2\/aine-lally-ceaptha-in-a-bainisteoir-cumarsaide-ag-tg4\/\"]}]},{\"@type\":\"ImageObject\",\"inLanguage\":\"ga\",\"@id\":\"https:\/\/dev.tg4.ie\/ga\/eolas\/preas\/nuacht-raitis\/2022-2\/aine-lally-ceaptha-in-a-bainisteoir-cumarsaide-ag-tg4\/#primaryimage\",\"url\":\"https:\/\/dev.tg4.ie\/wp-content\/uploads\/2022\/12\/Aine_Lally_1-1920x1080-1.jpg\",\"contentUrl\":\"https:\/\/dev.tg4.ie\/wp-content\/uploads\/2022\/12\/Aine_Lally_1-1920x1080-1.jpg\"},{\"@type\":\"BreadcrumbList\",\"@id\":\"https:\/\/dev.tg4.ie\/ga\/eolas\/preas\/nuacht-raitis\/2022-2\/aine-lally-ceaptha-in-a-bainisteoir-cumarsaide-ag-tg4\/#breadcrumb\",\"itemListElement\":[{\"@type\":\"ListItem\",\"position\":1,\"name\":\"Home\",\"item\":\"https:\/\/dev.tg4.ie\/ga\/\"},{\"@type\":\"ListItem\",\"position\":2,\"name\":\"Eolas\",\"item\":\"https:\/\/dev.tg4.ie\/ga\/eolas\/\"},{\"@type\":\"ListItem\",\"position\":3,\"name\":\"Preas\",\"item\":\"https:\/\/dev.tg4.ie\/ga\/eolas\/preas\/\"},{\"@type\":\"ListItem\",\"position\":4,\"name\":\"Nuacht R\u00e1itis\",\"item\":\"https:\/\/dev.tg4.ie\/ga\/eolas\/preas\/nuacht-raitis\/\"},{\"@type\":\"ListItem\",\"position\":5,\"name\":\"2022\",\"item\":\"https:\/\/dev.tg4.ie\/ga\/eolas\/preas\/nuacht-raitis\/2022-2\/\"},{\"@type\":\"ListItem\",\"position\":6,\"name\":\"\u00c1ine Lally Ceaptha in a Bainisteoir Cumars\u00e1ide ag TG4\"}]},{\"@type\":\"WebSite\",\"@id\":\"https:\/\/dev.tg4.ie\/en\/#website\",\"url\":\"https:\/\/dev.tg4.ie\/en\/\",\"name\":\"TG4\",\"description\":\"S\u00fail Eile\",\"potentialAction\":[{\"@type\":\"SearchAction\",\"target\":{\"@type\":\"EntryPoint\",\"urlTemplate\":\"https:\/\/dev.tg4.ie\/en\/?s={search_term_string}\"},\"query-input\":\"required name=search_term_string\"}],\"inLanguage\":\"ga\"}]}<\/script>\n<!-- \/ Yoast SEO plugin. -->","yoast_head_json":{"title":"\u00c1ine Lally Ceaptha in a Bainisteoir Cumars\u00e1ide ag TG4 | Preas R\u00e1iteas | TG4","description":"T\u00e1 s\u00e9 f\u00f3gartha inniu go bhfuil \u00c1ine Lally ceaptha mar Bhainisteoir Cumars\u00e1ide ag TG4. T\u00e1 taith\u00ed na mblianta ag \u00c1ine mar iriseoir f\u00edse agus l\u00e9itheoir nuachta le Nuacht TG4 \/ Nuacht RT\u00c9 \u00f3 thosaigh s\u00ed leis an t-seirbh\u00eds in 1998.","robots":{"index":"index","follow":"follow","max-snippet":"max-snippet:-1","max-image-preview":"max-image-preview:large","max-video-preview":"max-video-preview:-1"},"og_locale":"en_US","og_type":"article","og_title":"\u00c1ine Lally Ceaptha in a Bainisteoir Cumars\u00e1ide ag TG4 | Preas R\u00e1iteas | TG4","og_description":"T\u00e1 s\u00e9 f\u00f3gartha inniu go bhfuil \u00c1ine Lally ceaptha mar Bhainisteoir Cumars\u00e1ide ag TG4. T\u00e1 taith\u00ed na mblianta ag \u00c1ine mar iriseoir f\u00edse agus l\u00e9itheoir nuachta le Nuacht TG4 \/ Nuacht RT\u00c9 \u00f3 thosaigh s\u00ed leis an t-seirbh\u00eds in 1998.","og_url":"https:\/\/dev.tg4.ie\/ga\/eolas\/preas\/nuacht-raitis\/2022-2\/aine-lally-ceaptha-in-a-bainisteoir-cumarsaide-ag-tg4\/","og_site_name":"TG4","article_publisher":"https:\/\/www.facebook.com\/TG4TV","og_image":[{"width":1920,"height":1080,"url":"https:\/\/tg4-docs.s3.amazonaws.com\/wp-content\/uploads\/2022\/12\/19110411\/Aine_Lally_1-1920x1080-1.jpg","type":"image\/jpeg"}],"twitter_card":"summary_large_image","twitter_image":"https:\/\/tg4-docs.s3.amazonaws.com\/wp-content\/uploads\/2022\/12\/19110411\/Aine_Lally_1-1920x1080-1.jpg","twitter_site":"@TG4TV","twitter_misc":{"Est. reading time":"2 minutes"},"schema":{"@context":"https:\/\/schema.org","@graph":[{"@type":"WebPage","@id":"https:\/\/dev.tg4.ie\/ga\/eolas\/preas\/nuacht-raitis\/2022-2\/aine-lally-ceaptha-in-a-bainisteoir-cumarsaide-ag-tg4\/","url":"https:\/\/dev.tg4.ie\/ga\/eolas\/preas\/nuacht-raitis\/2022-2\/aine-lally-ceaptha-in-a-bainisteoir-cumarsaide-ag-tg4\/","name":"\u00c1ine Lally Ceaptha in a Bainisteoir Cumars\u00e1ide ag TG4 | Preas R\u00e1iteas | TG4","isPartOf":{"@id":"https:\/\/dev.tg4.ie\/en\/#website"},"primaryImageOfPage":{"@id":"https:\/\/dev.tg4.ie\/ga\/eolas\/preas\/nuacht-raitis\/2022-2\/aine-lally-ceaptha-in-a-bainisteoir-cumarsaide-ag-tg4\/#primaryimage"},"image":{"@id":"https:\/\/dev.tg4.ie\/ga\/eolas\/preas\/nuacht-raitis\/2022-2\/aine-lally-ceaptha-in-a-bainisteoir-cumarsaide-ag-tg4\/#primaryimage"},"thumbnailUrl":"https:\/\/dev.tg4.ie\/wp-content\/uploads\/2022\/12\/Aine_Lally_1-1920x1080-1.jpg","datePublished":"2022-12-19T11:09:35+00:00","dateModified":"2022-12-19T11:09:35+00:00","description":"T\u00e1 s\u00e9 f\u00f3gartha inniu go bhfuil \u00c1ine Lally ceaptha mar Bhainisteoir Cumars\u00e1ide ag TG4. T\u00e1 taith\u00ed na mblianta ag \u00c1ine mar iriseoir f\u00edse agus l\u00e9itheoir nuachta le Nuacht TG4 \/ Nuacht RT\u00c9 \u00f3 thosaigh s\u00ed leis an t-seirbh\u00eds in 1998.","breadcrumb":{"@id":"https:\/\/dev.tg4.ie\/ga\/eolas\/preas\/nuacht-raitis\/2022-2\/aine-lally-ceaptha-in-a-bainisteoir-cumarsaide-ag-tg4\/#breadcrumb"},"inLanguage":"ga","potentialAction":[{"@type":"ReadAction","target":["https:\/\/dev.tg4.ie\/ga\/eolas\/preas\/nuacht-raitis\/2022-2\/aine-lally-ceaptha-in-a-bainisteoir-cumarsaide-ag-tg4\/"]}]},{"@type":"ImageObject","inLanguage":"ga","@id":"https:\/\/dev.tg4.ie\/ga\/eolas\/preas\/nuacht-raitis\/2022-2\/aine-lally-ceaptha-in-a-bainisteoir-cumarsaide-ag-tg4\/#primaryimage","url":"https:\/\/dev.tg4.ie\/wp-content\/uploads\/2022\/12\/Aine_Lally_1-1920x1080-1.jpg","contentUrl":"https:\/\/dev.tg4.ie\/wp-content\/uploads\/2022\/12\/Aine_Lally_1-1920x1080-1.jpg"},{"@type":"BreadcrumbList","@id":"https:\/\/dev.tg4.ie\/ga\/eolas\/preas\/nuacht-raitis\/2022-2\/aine-lally-ceaptha-in-a-bainisteoir-cumarsaide-ag-tg4\/#breadcrumb","itemListElement":[{"@type":"ListItem","position":1,"name":"Home","item":"https:\/\/dev.tg4.ie\/ga\/"},{"@type":"ListItem","position":2,"name":"Eolas","item":"https:\/\/dev.tg4.ie\/ga\/eolas\/"},{"@type":"ListItem","position":3,"name":"Preas","item":"https:\/\/dev.tg4.ie\/ga\/eolas\/preas\/"},{"@type":"ListItem","position":4,"name":"Nuacht R\u00e1itis","item":"https:\/\/dev.tg4.ie\/ga\/eolas\/preas\/nuacht-raitis\/"},{"@type":"ListItem","position":5,"name":"2022","item":"https:\/\/dev.tg4.ie\/ga\/eolas\/preas\/nuacht-raitis\/2022-2\/"},{"@type":"ListItem","position":6,"name":"\u00c1ine Lally Ceaptha in a Bainisteoir Cumars\u00e1ide ag TG4"}]},{"@type":"WebSite","@id":"https:\/\/dev.tg4.ie\/en\/#website","url":"https:\/\/dev.tg4.ie\/en\/","name":"TG4","description":"S\u00fail Eile","potentialAction":[{"@type":"SearchAction","target":{"@type":"EntryPoint","urlTemplate":"https:\/\/dev.tg4.ie\/en\/?s={search_term_string}"},"query-input":"required name=search_term_string"}],"inLanguage":"ga"}]}},"_links":{"self":[{"href":"https:\/\/dev.tg4.ie\/ga\/wp-json\/wp\/v2\/pages\/178984"}],"collection":[{"href":"https:\/\/dev.tg4.ie\/ga\/wp-json\/wp\/v2\/pages"}],"about":[{"href":"https:\/\/dev.tg4.ie\/ga\/wp-json\/wp\/v2\/types\/page"}],"author":[{"embeddable":true,"href":"https:\/\/dev.tg4.ie\/ga\/wp-json\/wp\/v2\/users\/876"}],"replies":[{"embeddable":true,"href":"https:\/\/dev.tg4.ie\/ga\/wp-json\/wp\/v2\/comments?post=178984"}],"version-history":[{"count":0,"href":"https:\/\/dev.tg4.ie\/ga\/wp-json\/wp\/v2\/pages\/178984\/revisions"}],"up":[{"embeddable":true,"href":"https:\/\/dev.tg4.ie\/ga\/wp-json\/wp\/v2\/pages\/138171"}],"wp:attachment":[{"href":"https:\/\/dev.tg4.ie\/ga\/wp-json\/wp\/v2\/media?parent=178984"}],"curies":[{"name":"wp","href":"https:\/\/api.w.org\/{rel}","templated":true}]}}