{"id":179100,"date":"2022-12-22T11:15:10","date_gmt":"2022-12-22T11:15:10","guid":{"rendered":"https:\/\/dev.tg4.ie\/?page_id=179100"},"modified":"2022-12-22T11:15:10","modified_gmt":"2022-12-22T11:15:10","slug":"scannan-gaeilge-ar-an-ngearrliosta-den-chead-uair-riamh-don-phriomhscannan-idirnaisiunta-is-fearr-ag-na-oscars","status":"publish","type":"page","link":"https:\/\/dev.tg4.ie\/ga\/eolas\/preas\/nuacht-raitis\/2022-2\/scannan-gaeilge-ar-an-ngearrliosta-den-chead-uair-riamh-don-phriomhscannan-idirnaisiunta-is-fearr-ag-na-oscars\/","title":{"rendered":"Scann\u00e1n Gaeilge ar an ngearrliosta den ch\u00e9ad uair riamh don Phr\u00edomhscann\u00e1n Idirn\u00e1isi\u00fanta is Fearr ag na Oscars"},"content":{"rendered":"<p><img loading=\"lazy\" decoding=\"async\" width=\"1920\" height=\"1080\" src=\"https:\/\/tg4-docs.s3.amazonaws.com\/wp-content\/uploads\/2022\/12\/22110841\/Cailin_Ciuin_Gearrliosta_Oscar_1-1920x1080-1.jpg\" alt=\"\" class=\"aligncenter size-full wp-image-179101\" srcset=\"https:\/\/tg4-docs.s3.amazonaws.com\/wp-content\/uploads\/2022\/12\/22110841\/Cailin_Ciuin_Gearrliosta_Oscar_1-1920x1080-1.jpg 1920w, https:\/\/tg4-docs.s3.amazonaws.com\/wp-content\/uploads\/2022\/12\/22110841\/Cailin_Ciuin_Gearrliosta_Oscar_1-1920x1080-1-250x141.jpg 250w, https:\/\/tg4-docs.s3.amazonaws.com\/wp-content\/uploads\/2022\/12\/22110841\/Cailin_Ciuin_Gearrliosta_Oscar_1-1920x1080-1-700x394.jpg 700w, https:\/\/tg4-docs.s3.amazonaws.com\/wp-content\/uploads\/2022\/12\/22110841\/Cailin_Ciuin_Gearrliosta_Oscar_1-1920x1080-1-252x141.jpg 252w, https:\/\/tg4-docs.s3.amazonaws.com\/wp-content\/uploads\/2022\/12\/22110841\/Cailin_Ciuin_Gearrliosta_Oscar_1-1920x1080-1-1536x864.jpg 1536w, https:\/\/tg4-docs.s3.amazonaws.com\/wp-content\/uploads\/2022\/12\/22110841\/Cailin_Ciuin_Gearrliosta_Oscar_1-1920x1080-1-120x68.jpg 120w\" sizes=\"(max-width: 1920px) 100vw, 1920px\" \/><\/p>\n<p>T\u00e1 An Cail\u00edn Ci\u00fain i measc c\u00faig scann\u00e1n d\u00e9ag a f\u00f3gra\u00edodh inniu ar an ngearrliosta don chatag\u00f3ir \u2018Pr\u00edomhscann\u00e1n Idirn\u00e1isi\u00fanta is Fearr\u2019 ag na Gradaim Oscars a bheidh ar si\u00fal i M\u00e1rta 2023.  Roghnaigh IFTA an scann\u00e1n i m\u00ed L\u00fanasa d\u2019iontr\u00e1il na h\u00c9ireann don chatag\u00f3ir. \u00d3 shin i leith tugadh cuireadh do bhaill an Acadaimh p\u00e1irt a ghlacadh sa r\u00e9amhbhabhta v\u00f3t\u00e1la agus bh\u00ed orthu f\u00e9achaint ar na 15 scann\u00e1n at\u00e1 ar an ngearrliosta.<br \/>\n&nbsp;<br \/>\nSc\u00e9al Ch\u00e1it (Catherine Clinch) \u2013 cail\u00edn \u00f3g naoi mbliana d\u2019aois \u00f3 theaghlach at\u00e1 r\u00f3phl\u00f3daithe, m\u00edfheidhmi\u00fail agus a chuirtear ar shi\u00fal chun c\u00f3na\u00ed le tuismitheoir\u00ed altrama don samhradh at\u00e1 faoi chaibidil sa scann\u00e1n An Cail\u00edn Ci\u00fain. C\u00e9 go gcuireann bean an t\u00ed Eibhl\u00edn (Carrie Crowley) f\u00e1ilte chro\u00ed\u00fail roimpi, fanann fear an t\u00ed, Se\u00e1n (Andrew Bennett) amach uaithi, agus \u00edse uaidhsean, ach le himeacht ama tosa\u00edonn a gcairdeas ag neart\u00fa. Go mall, faoi ch\u00faram na gCinsealach, bl\u00e1tha\u00edonn C\u00e1it agus aims\u00edonn s\u00ed sl\u00ed \u00far bheatha. Ach sa teach seo n\u00e1r ch\u00f3ir aon r\u00fain a bheith ann, tagann s\u00ed ar aon fh\u00edrinne phianmhar amh\u00e1in.<br \/>\n&nbsp;<br \/>\nIs \u00e9 An Cail\u00edn Ci\u00fain an ch\u00e9ad fadscann\u00e1n \u00f3n scr\u00edbhneoir agus sti\u00farth\u00f3ir, Colm Bair\u00e9ad agus is \u00ed Cleona N\u00ed Chrualaoi \u00f3 Insc\u00e9al a l\u00e9irigh an scann\u00e1n.   Coimisi\u00fana\u00edodh an scann\u00e1n tr\u00ed sc\u00e9im Cine4 \u00f3 TG4, F\u00eds \u00c9ireann agus \u00dadar\u00e1s Craolach\u00e1in na h\u00c9ireann.<br \/>\n&nbsp;<br \/>\nT\u00e1 breis is \u20ac1 milli\u00fan saothraithe ag an scann\u00e1n An Cail\u00edn Ci\u00fain ag oifig na dtic\u00e9ad, \u00e9acht den scoth i gc\u00e1s scann\u00e1n Gaeilge neamhsple\u00e1ch. D\u2019\u00e9irigh go hiontach leis ag f\u00e9ilte idirn\u00e1isi\u00fanta scann\u00e1n, agus t\u00e1 sl\u00e1m gradam buaite aige \u00f3n gc\u00e9ad taispe\u00e1ntas ag Berlinale i m\u00ed Feabhra lena n-\u00e1ir\u00edtear an ch\u00e9ad scann\u00e1n \u00c9ireannach a bhfuil ainmni\u00fach\u00e1n faighte aige do scann\u00e1n is fearr na bliana ag Ciorcal L\u00e9irmheast\u00f3ir\u00ed Scann\u00e1n Bhaile \u00c1tha Cliath, gradam don Chineamatagrafa\u00edocht is Fearr ag Gradaim Scann\u00e1n na hEorpa 2022 do Kate McCullough, agus seacht ngradam IFTA agus go leor eile \u00f3 Sydney go Colorado. T\u00e1 an-chion ag na l\u00e9irmheast\u00f3ir\u00ed ar an sc\u00e1nn\u00e1n agus iad ar fad ag tabhairt 5 r\u00e9alta d\u00f3.<br \/>\n&nbsp;<br \/>\nRachaidh an scann\u00e1n ar aghaidh anois go dt\u00ed an ch\u00e9ad ch\u00e9im eile sa phr\u00f3iseas ainmni\u00fach\u00e1in \u00e1it a roghn\u00f3idh baill an Acadaimh c\u00faig scann\u00e1n \u00f3 liosta laghdaithe iomaitheoir\u00ed na catag\u00f3ire le cur ar aghaidh le bheith san ioma\u00edocht ag Oscars 2023 a bheidh ar si\u00fal ar an 12 M\u00e1rta.<br \/>\n&nbsp;<br \/>\nAg labhairt faoi roghn\u00fa an scann\u00e1in don ghearrliosta, d\u00fairt an <strong>Scr\u00edbhneoir\/Sti\u00farth\u00f3ir, Colm Bair\u00e9ad agus an L\u00e9iritheoir, Cleona N\u00ed Chrualaoi<\/strong> \u00f3 Insc\u00e9al, an comhlacht l\u00e9iri\u00fach\u00e1in at\u00e1 taobh thiar den scann\u00e1n, <em>&#8220;T\u00e1 r\u00edm\u00e9ad orainn go bhfuil An Cail\u00edn Ci\u00fain ar ghearrliosta an Acadaimh don Fhadscann\u00e1n Idirn\u00e1isi\u00fanta is Fearr agus t\u00e1imid thar a bheith br\u00f3d\u00fail as bheith ar an gc\u00e9ad scann\u00e1n Gaeilge a bhfuil s\u00e9 seo bainte amach aige. L\u00e1 stairi\u00fail do scann\u00e1in Ghaeilge! N\u00ed fh\u00e9adfaimis teacht chomh fada seo gan taca\u00edocht dhochreidte F\u00eds \u00c9ireann\/Screen Ireland, TG4, \u00dadar\u00e1s Craolach\u00e1in na h\u00c9ireann agus \u00e1r nd\u00e1ileoir\u00ed. Ba mhaith linn bu\u00edochas freisin a ghabh\u00e1il le hAcadamh Scann\u00e1n agus Teilif\u00edse na h\u00c9ireann as a dtaca\u00edocht agus a dtiomantas agus don lucht f\u00e9achana a th\u00e1inig ina sluaite chun \u00e1r scann\u00e1n a fheice\u00e1il go dt\u00ed seo.&#8221;<\/em><br \/>\n&nbsp;<br \/>\nChuir <strong>M\u00e1ire N\u00ed Chonl\u00e1in, L\u00e9iritheoir Feidhmi\u00fach\u00e1in TG4<\/strong> an scann\u00e1in f\u00e1ilte roimh an dea-sc\u00e9al ag r\u00e1: <em>&#8220;Ba mhaith liom comhghairdeas a dh\u00e9anamh le Colm, Cleona, Catherine agus an chliar agus foireann ar fad ar an nuacht iontach seo. T\u00e1 TG4 chomh br\u00f3d\u00fail as an scann\u00e1n gleoite seo. Is \u00e9 an ch\u00e9ad scann\u00e1n Gaeilge riamh a cuireadh ar ghearrliosta Oscar. Ba mhaith linn bu\u00edochas a ghlacadh le gach duine a thug taca\u00edocht d\u00f3 \u00f3 taispe\u00e1nadh ar dt\u00fas \u00e9 m\u00ed Feabhra seo caite. T\u00e1 c\u00e1il ar leith tarraingthe ag An Cail\u00edn Ci\u00fain ar scann\u00e1na\u00edocht Ghaeilge, ar chruthaitheacht na hearn\u00e1la agus ar sc\u00e9im Cine4.  Mo cheol sibh.&#8221;<\/em><br \/>\n&nbsp;<br \/>\nIs \u00e9ard a d\u00fairt <strong>Alan Esslemont Ard-Sti\u00farth\u00f3ir TG4<\/strong>, <em>&#8220;T\u00e1 l\u00fach\u00e1ir orainn an dea-sc\u00e9al seo a chloiste\u00e1il inniu agus ba mhaith liom comhghairdeas a dh\u00e9anamh le Cleona agus Colm agus le gach duine a bh\u00ed p\u00e1irteach sa scann\u00e1n An Cail\u00edn Ci\u00fain. Nuair a bhunaigh TG4 Cine4 le F\u00eds \u00c9ireann agus an BAI, ba \u00e9 an sprioc agus an fh\u00eds a bh\u00ed againn n\u00e1 Oscar a bhuachan do scann\u00e1n Gaeilge. Tugann nuacht an lae inniu d\u00f3chas d\u00fainn go mbainfear amach \u00e9 sin agus is m\u00f3r an spreagadh \u00e9 do gach duine at\u00e1 ag pl\u00e9 leis an earn\u00e1il chruthaitheach teangabhunaithe go bhfuil muid ar comhch\u00e9im leis an earn\u00e1il chruthaitheach idirn\u00e1isi\u00fanta.&#8221;<\/em><\/p>\n<p>&nbsp;<\/p>\n","protected":false},"excerpt":{"rendered":"<p>T\u00e1 An Cail\u00edn Ci\u00fain i measc c\u00faig scann\u00e1n d\u00e9ag a f\u00f3gra\u00edodh inniu ar an ngearrliosta don chatag\u00f3ir \u2018Pr\u00edomhscann\u00e1n Idirn\u00e1isi\u00fanta is Fearr\u2019 ag na Gradaim Oscars a bheidh ar si\u00fal i M\u00e1rta 2023. Roghnaigh IFTA an scann\u00e1n i m\u00ed L\u00fanasa d\u2019iontr\u00e1il na h\u00c9ireann don chatag\u00f3ir. \u00d3 shin i leith tugadh cuireadh do bhaill an Acadaimh p\u00e1irt [&hellip;]<\/p>\n","protected":false},"author":876,"featured_media":0,"parent":138171,"menu_order":40,"comment_status":"closed","ping_status":"closed","template":"page-templates\/template-pr.php","meta":{"_acf_changed":false,"footnotes":""},"acf":[],"yoast_head":"<!-- This site is optimized with the Yoast SEO plugin v22.6 - https:\/\/yoast.com\/wordpress\/plugins\/seo\/ -->\n<title>Scann\u00e1n Gaeilge ar an ngearrliosta den ch\u00e9ad uair riamh don Phr\u00edomhscann\u00e1n Idirn\u00e1isi\u00fanta is Fearr ag na Oscars | Preas R\u00e1iteas | TG4<\/title>\n<meta name=\"description\" content=\"T\u00e1 An Cail\u00edn Ci\u00fain i measc c\u00faig scann\u00e1n d\u00e9ag a f\u00f3gra\u00edodh inniu ar an ngearrliosta don chatag\u00f3ir \u2018Pr\u00edomhscann\u00e1n Idirn\u00e1isi\u00fanta is Fearr\u2019 ag na Gradaim Oscars a bheidh ar si\u00fal i M\u00e1rta 2023.\" \/>\n<meta name=\"robots\" content=\"index, follow, max-snippet:-1, max-image-preview:large, max-video-preview:-1\" \/>\n<meta property=\"og:locale\" content=\"en_US\" \/>\n<meta property=\"og:type\" content=\"article\" \/>\n<meta property=\"og:title\" content=\"Scann\u00e1n Gaeilge ar an ngearrliosta den ch\u00e9ad uair riamh don Phr\u00edomhscann\u00e1n Idirn\u00e1isi\u00fanta is Fearr ag na Oscars | Preas R\u00e1iteas | TG4\" \/>\n<meta property=\"og:description\" content=\"T\u00e1 An Cail\u00edn Ci\u00fain i measc c\u00faig scann\u00e1n d\u00e9ag a f\u00f3gra\u00edodh inniu ar an ngearrliosta don chatag\u00f3ir \u2018Pr\u00edomhscann\u00e1n Idirn\u00e1isi\u00fanta is Fearr\u2019 ag na Gradaim Oscars a bheidh ar si\u00fal i M\u00e1rta 2023.\" \/>\n<meta property=\"og:url\" content=\"https:\/\/dev.tg4.ie\/ga\/eolas\/preas\/nuacht-raitis\/2022-2\/scannan-gaeilge-ar-an-ngearrliosta-den-chead-uair-riamh-don-phriomhscannan-idirnaisiunta-is-fearr-ag-na-oscars\/\" \/>\n<meta property=\"og:site_name\" content=\"TG4\" \/>\n<meta property=\"article:publisher\" content=\"https:\/\/www.facebook.com\/TG4TV\" \/>\n<meta property=\"og:image\" content=\"https:\/\/tg4-docs.s3.amazonaws.com\/wp-content\/uploads\/2022\/12\/22110841\/Cailin_Ciuin_Gearrliosta_Oscar_1-1920x1080-1.jpg\" \/>\n\t<meta property=\"og:image:width\" content=\"1920\" \/>\n\t<meta property=\"og:image:height\" content=\"1080\" \/>\n\t<meta property=\"og:image:type\" content=\"image\/jpeg\" \/>\n<meta name=\"twitter:card\" content=\"summary_large_image\" \/>\n<meta name=\"twitter:image\" content=\"https:\/\/tg4-docs.s3.amazonaws.com\/wp-content\/uploads\/2022\/12\/22110841\/Cailin_Ciuin_Gearrliosta_Oscar_1-1920x1080-1.jpg\" \/>\n<meta name=\"twitter:site\" content=\"@TG4TV\" \/>\n<meta name=\"twitter:label1\" content=\"Est. reading time\" \/>\n\t<meta name=\"twitter:data1\" content=\"4 minutes\" \/>\n<script type=\"application\/ld+json\" class=\"yoast-schema-graph\">{\"@context\":\"https:\/\/schema.org\",\"@graph\":[{\"@type\":\"WebPage\",\"@id\":\"https:\/\/dev.tg4.ie\/ga\/eolas\/preas\/nuacht-raitis\/2022-2\/scannan-gaeilge-ar-an-ngearrliosta-den-chead-uair-riamh-don-phriomhscannan-idirnaisiunta-is-fearr-ag-na-oscars\/\",\"url\":\"https:\/\/dev.tg4.ie\/ga\/eolas\/preas\/nuacht-raitis\/2022-2\/scannan-gaeilge-ar-an-ngearrliosta-den-chead-uair-riamh-don-phriomhscannan-idirnaisiunta-is-fearr-ag-na-oscars\/\",\"name\":\"Scann\u00e1n Gaeilge ar an ngearrliosta den ch\u00e9ad uair riamh don Phr\u00edomhscann\u00e1n Idirn\u00e1isi\u00fanta is Fearr ag na Oscars | Preas R\u00e1iteas | TG4\",\"isPartOf\":{\"@id\":\"https:\/\/dev.tg4.ie\/en\/#website\"},\"primaryImageOfPage\":{\"@id\":\"https:\/\/dev.tg4.ie\/ga\/eolas\/preas\/nuacht-raitis\/2022-2\/scannan-gaeilge-ar-an-ngearrliosta-den-chead-uair-riamh-don-phriomhscannan-idirnaisiunta-is-fearr-ag-na-oscars\/#primaryimage\"},\"image\":{\"@id\":\"https:\/\/dev.tg4.ie\/ga\/eolas\/preas\/nuacht-raitis\/2022-2\/scannan-gaeilge-ar-an-ngearrliosta-den-chead-uair-riamh-don-phriomhscannan-idirnaisiunta-is-fearr-ag-na-oscars\/#primaryimage\"},\"thumbnailUrl\":\"https:\/\/dev.tg4.ie\/wp-content\/uploads\/2022\/12\/Cailin_Ciuin_Gearrliosta_Oscar_1-1920x1080-1.jpg\",\"datePublished\":\"2022-12-22T11:15:10+00:00\",\"dateModified\":\"2022-12-22T11:15:10+00:00\",\"description\":\"T\u00e1 An Cail\u00edn Ci\u00fain i measc c\u00faig scann\u00e1n d\u00e9ag a f\u00f3gra\u00edodh inniu ar an ngearrliosta don chatag\u00f3ir \u2018Pr\u00edomhscann\u00e1n Idirn\u00e1isi\u00fanta is Fearr\u2019 ag na Gradaim Oscars a bheidh ar si\u00fal i M\u00e1rta 2023.\",\"breadcrumb\":{\"@id\":\"https:\/\/dev.tg4.ie\/ga\/eolas\/preas\/nuacht-raitis\/2022-2\/scannan-gaeilge-ar-an-ngearrliosta-den-chead-uair-riamh-don-phriomhscannan-idirnaisiunta-is-fearr-ag-na-oscars\/#breadcrumb\"},\"inLanguage\":\"ga\",\"potentialAction\":[{\"@type\":\"ReadAction\",\"target\":[\"https:\/\/dev.tg4.ie\/ga\/eolas\/preas\/nuacht-raitis\/2022-2\/scannan-gaeilge-ar-an-ngearrliosta-den-chead-uair-riamh-don-phriomhscannan-idirnaisiunta-is-fearr-ag-na-oscars\/\"]}]},{\"@type\":\"ImageObject\",\"inLanguage\":\"ga\",\"@id\":\"https:\/\/dev.tg4.ie\/ga\/eolas\/preas\/nuacht-raitis\/2022-2\/scannan-gaeilge-ar-an-ngearrliosta-den-chead-uair-riamh-don-phriomhscannan-idirnaisiunta-is-fearr-ag-na-oscars\/#primaryimage\",\"url\":\"https:\/\/dev.tg4.ie\/wp-content\/uploads\/2022\/12\/Cailin_Ciuin_Gearrliosta_Oscar_1-1920x1080-1.jpg\",\"contentUrl\":\"https:\/\/dev.tg4.ie\/wp-content\/uploads\/2022\/12\/Cailin_Ciuin_Gearrliosta_Oscar_1-1920x1080-1.jpg\"},{\"@type\":\"BreadcrumbList\",\"@id\":\"https:\/\/dev.tg4.ie\/ga\/eolas\/preas\/nuacht-raitis\/2022-2\/scannan-gaeilge-ar-an-ngearrliosta-den-chead-uair-riamh-don-phriomhscannan-idirnaisiunta-is-fearr-ag-na-oscars\/#breadcrumb\",\"itemListElement\":[{\"@type\":\"ListItem\",\"position\":1,\"name\":\"Home\",\"item\":\"https:\/\/dev.tg4.ie\/ga\/\"},{\"@type\":\"ListItem\",\"position\":2,\"name\":\"Eolas\",\"item\":\"https:\/\/dev.tg4.ie\/ga\/eolas\/\"},{\"@type\":\"ListItem\",\"position\":3,\"name\":\"Preas\",\"item\":\"https:\/\/dev.tg4.ie\/ga\/eolas\/preas\/\"},{\"@type\":\"ListItem\",\"position\":4,\"name\":\"Nuacht R\u00e1itis\",\"item\":\"https:\/\/dev.tg4.ie\/ga\/eolas\/preas\/nuacht-raitis\/\"},{\"@type\":\"ListItem\",\"position\":5,\"name\":\"2022\",\"item\":\"https:\/\/dev.tg4.ie\/ga\/eolas\/preas\/nuacht-raitis\/2022-2\/\"},{\"@type\":\"ListItem\",\"position\":6,\"name\":\"Scann\u00e1n Gaeilge ar an ngearrliosta den ch\u00e9ad uair riamh don Phr\u00edomhscann\u00e1n Idirn\u00e1isi\u00fanta is Fearr ag na Oscars\"}]},{\"@type\":\"WebSite\",\"@id\":\"https:\/\/dev.tg4.ie\/en\/#website\",\"url\":\"https:\/\/dev.tg4.ie\/en\/\",\"name\":\"TG4\",\"description\":\"S\u00fail Eile\",\"potentialAction\":[{\"@type\":\"SearchAction\",\"target\":{\"@type\":\"EntryPoint\",\"urlTemplate\":\"https:\/\/dev.tg4.ie\/en\/?s={search_term_string}\"},\"query-input\":\"required name=search_term_string\"}],\"inLanguage\":\"ga\"}]}<\/script>\n<!-- \/ Yoast SEO plugin. -->","yoast_head_json":{"title":"Scann\u00e1n Gaeilge ar an ngearrliosta den ch\u00e9ad uair riamh don Phr\u00edomhscann\u00e1n Idirn\u00e1isi\u00fanta is Fearr ag na Oscars | Preas R\u00e1iteas | TG4","description":"T\u00e1 An Cail\u00edn Ci\u00fain i measc c\u00faig scann\u00e1n d\u00e9ag a f\u00f3gra\u00edodh inniu ar an ngearrliosta don chatag\u00f3ir \u2018Pr\u00edomhscann\u00e1n Idirn\u00e1isi\u00fanta is Fearr\u2019 ag na Gradaim Oscars a bheidh ar si\u00fal i M\u00e1rta 2023.","robots":{"index":"index","follow":"follow","max-snippet":"max-snippet:-1","max-image-preview":"max-image-preview:large","max-video-preview":"max-video-preview:-1"},"og_locale":"en_US","og_type":"article","og_title":"Scann\u00e1n Gaeilge ar an ngearrliosta den ch\u00e9ad uair riamh don Phr\u00edomhscann\u00e1n Idirn\u00e1isi\u00fanta is Fearr ag na Oscars | Preas R\u00e1iteas | TG4","og_description":"T\u00e1 An Cail\u00edn Ci\u00fain i measc c\u00faig scann\u00e1n d\u00e9ag a f\u00f3gra\u00edodh inniu ar an ngearrliosta don chatag\u00f3ir \u2018Pr\u00edomhscann\u00e1n Idirn\u00e1isi\u00fanta is Fearr\u2019 ag na Gradaim Oscars a bheidh ar si\u00fal i M\u00e1rta 2023.","og_url":"https:\/\/dev.tg4.ie\/ga\/eolas\/preas\/nuacht-raitis\/2022-2\/scannan-gaeilge-ar-an-ngearrliosta-den-chead-uair-riamh-don-phriomhscannan-idirnaisiunta-is-fearr-ag-na-oscars\/","og_site_name":"TG4","article_publisher":"https:\/\/www.facebook.com\/TG4TV","og_image":[{"width":1920,"height":1080,"url":"https:\/\/tg4-docs.s3.amazonaws.com\/wp-content\/uploads\/2022\/12\/22110841\/Cailin_Ciuin_Gearrliosta_Oscar_1-1920x1080-1.jpg","type":"image\/jpeg"}],"twitter_card":"summary_large_image","twitter_image":"https:\/\/tg4-docs.s3.amazonaws.com\/wp-content\/uploads\/2022\/12\/22110841\/Cailin_Ciuin_Gearrliosta_Oscar_1-1920x1080-1.jpg","twitter_site":"@TG4TV","twitter_misc":{"Est. reading time":"4 minutes"},"schema":{"@context":"https:\/\/schema.org","@graph":[{"@type":"WebPage","@id":"https:\/\/dev.tg4.ie\/ga\/eolas\/preas\/nuacht-raitis\/2022-2\/scannan-gaeilge-ar-an-ngearrliosta-den-chead-uair-riamh-don-phriomhscannan-idirnaisiunta-is-fearr-ag-na-oscars\/","url":"https:\/\/dev.tg4.ie\/ga\/eolas\/preas\/nuacht-raitis\/2022-2\/scannan-gaeilge-ar-an-ngearrliosta-den-chead-uair-riamh-don-phriomhscannan-idirnaisiunta-is-fearr-ag-na-oscars\/","name":"Scann\u00e1n Gaeilge ar an ngearrliosta den ch\u00e9ad uair riamh don Phr\u00edomhscann\u00e1n Idirn\u00e1isi\u00fanta is Fearr ag na Oscars | Preas R\u00e1iteas | TG4","isPartOf":{"@id":"https:\/\/dev.tg4.ie\/en\/#website"},"primaryImageOfPage":{"@id":"https:\/\/dev.tg4.ie\/ga\/eolas\/preas\/nuacht-raitis\/2022-2\/scannan-gaeilge-ar-an-ngearrliosta-den-chead-uair-riamh-don-phriomhscannan-idirnaisiunta-is-fearr-ag-na-oscars\/#primaryimage"},"image":{"@id":"https:\/\/dev.tg4.ie\/ga\/eolas\/preas\/nuacht-raitis\/2022-2\/scannan-gaeilge-ar-an-ngearrliosta-den-chead-uair-riamh-don-phriomhscannan-idirnaisiunta-is-fearr-ag-na-oscars\/#primaryimage"},"thumbnailUrl":"https:\/\/dev.tg4.ie\/wp-content\/uploads\/2022\/12\/Cailin_Ciuin_Gearrliosta_Oscar_1-1920x1080-1.jpg","datePublished":"2022-12-22T11:15:10+00:00","dateModified":"2022-12-22T11:15:10+00:00","description":"T\u00e1 An Cail\u00edn Ci\u00fain i measc c\u00faig scann\u00e1n d\u00e9ag a f\u00f3gra\u00edodh inniu ar an ngearrliosta don chatag\u00f3ir \u2018Pr\u00edomhscann\u00e1n Idirn\u00e1isi\u00fanta is Fearr\u2019 ag na Gradaim Oscars a bheidh ar si\u00fal i M\u00e1rta 2023.","breadcrumb":{"@id":"https:\/\/dev.tg4.ie\/ga\/eolas\/preas\/nuacht-raitis\/2022-2\/scannan-gaeilge-ar-an-ngearrliosta-den-chead-uair-riamh-don-phriomhscannan-idirnaisiunta-is-fearr-ag-na-oscars\/#breadcrumb"},"inLanguage":"ga","potentialAction":[{"@type":"ReadAction","target":["https:\/\/dev.tg4.ie\/ga\/eolas\/preas\/nuacht-raitis\/2022-2\/scannan-gaeilge-ar-an-ngearrliosta-den-chead-uair-riamh-don-phriomhscannan-idirnaisiunta-is-fearr-ag-na-oscars\/"]}]},{"@type":"ImageObject","inLanguage":"ga","@id":"https:\/\/dev.tg4.ie\/ga\/eolas\/preas\/nuacht-raitis\/2022-2\/scannan-gaeilge-ar-an-ngearrliosta-den-chead-uair-riamh-don-phriomhscannan-idirnaisiunta-is-fearr-ag-na-oscars\/#primaryimage","url":"https:\/\/dev.tg4.ie\/wp-content\/uploads\/2022\/12\/Cailin_Ciuin_Gearrliosta_Oscar_1-1920x1080-1.jpg","contentUrl":"https:\/\/dev.tg4.ie\/wp-content\/uploads\/2022\/12\/Cailin_Ciuin_Gearrliosta_Oscar_1-1920x1080-1.jpg"},{"@type":"BreadcrumbList","@id":"https:\/\/dev.tg4.ie\/ga\/eolas\/preas\/nuacht-raitis\/2022-2\/scannan-gaeilge-ar-an-ngearrliosta-den-chead-uair-riamh-don-phriomhscannan-idirnaisiunta-is-fearr-ag-na-oscars\/#breadcrumb","itemListElement":[{"@type":"ListItem","position":1,"name":"Home","item":"https:\/\/dev.tg4.ie\/ga\/"},{"@type":"ListItem","position":2,"name":"Eolas","item":"https:\/\/dev.tg4.ie\/ga\/eolas\/"},{"@type":"ListItem","position":3,"name":"Preas","item":"https:\/\/dev.tg4.ie\/ga\/eolas\/preas\/"},{"@type":"ListItem","position":4,"name":"Nuacht R\u00e1itis","item":"https:\/\/dev.tg4.ie\/ga\/eolas\/preas\/nuacht-raitis\/"},{"@type":"ListItem","position":5,"name":"2022","item":"https:\/\/dev.tg4.ie\/ga\/eolas\/preas\/nuacht-raitis\/2022-2\/"},{"@type":"ListItem","position":6,"name":"Scann\u00e1n Gaeilge ar an ngearrliosta den ch\u00e9ad uair riamh don Phr\u00edomhscann\u00e1n Idirn\u00e1isi\u00fanta is Fearr ag na Oscars"}]},{"@type":"WebSite","@id":"https:\/\/dev.tg4.ie\/en\/#website","url":"https:\/\/dev.tg4.ie\/en\/","name":"TG4","description":"S\u00fail Eile","potentialAction":[{"@type":"SearchAction","target":{"@type":"EntryPoint","urlTemplate":"https:\/\/dev.tg4.ie\/en\/?s={search_term_string}"},"query-input":"required name=search_term_string"}],"inLanguage":"ga"}]}},"_links":{"self":[{"href":"https:\/\/dev.tg4.ie\/ga\/wp-json\/wp\/v2\/pages\/179100"}],"collection":[{"href":"https:\/\/dev.tg4.ie\/ga\/wp-json\/wp\/v2\/pages"}],"about":[{"href":"https:\/\/dev.tg4.ie\/ga\/wp-json\/wp\/v2\/types\/page"}],"author":[{"embeddable":true,"href":"https:\/\/dev.tg4.ie\/ga\/wp-json\/wp\/v2\/users\/876"}],"replies":[{"embeddable":true,"href":"https:\/\/dev.tg4.ie\/ga\/wp-json\/wp\/v2\/comments?post=179100"}],"version-history":[{"count":0,"href":"https:\/\/dev.tg4.ie\/ga\/wp-json\/wp\/v2\/pages\/179100\/revisions"}],"up":[{"embeddable":true,"href":"https:\/\/dev.tg4.ie\/ga\/wp-json\/wp\/v2\/pages\/138171"}],"wp:attachment":[{"href":"https:\/\/dev.tg4.ie\/ga\/wp-json\/wp\/v2\/media?parent=179100"}],"curies":[{"name":"wp","href":"https:\/\/api.w.org\/{rel}","templated":true}]}}