{"id":180882,"date":"2023-01-09T15:51:32","date_gmt":"2023-01-09T15:51:32","guid":{"rendered":"https:\/\/dev.tg4.ie\/?page_id=180882"},"modified":"2023-01-09T16:03:45","modified_gmt":"2023-01-09T16:03:45","slug":"nollaig-ab-fhearr-o-2011","status":"publish","type":"page","link":"https:\/\/dev.tg4.ie\/ga\/eolas\/preas\/nuacht-raitis\/2023-2\/nollaig-ab-fhearr-o-2011\/","title":{"rendered":"An Nollaig ab fhearr ar TG4 \u00f3 2011"},"content":{"rendered":"<p><img loading=\"lazy\" decoding=\"async\" width=\"1920\" height=\"1080\" src=\"https:\/\/tg4-docs.s3.amazonaws.com\/wp-content\/uploads\/2023\/01\/09153941\/Failte2023.jpg\" alt=\"\" class=\"alignright size-thumbnail wp-image-181008\" srcset=\"https:\/\/tg4-docs.s3.amazonaws.com\/wp-content\/uploads\/2023\/01\/09153941\/Failte2023.jpg 1920w, https:\/\/tg4-docs.s3.amazonaws.com\/wp-content\/uploads\/2023\/01\/09153941\/Failte2023-250x141.jpg 250w, https:\/\/tg4-docs.s3.amazonaws.com\/wp-content\/uploads\/2023\/01\/09153941\/Failte2023-700x394.jpg 700w, https:\/\/tg4-docs.s3.amazonaws.com\/wp-content\/uploads\/2023\/01\/09153941\/Failte2023-252x141.jpg 252w, https:\/\/tg4-docs.s3.amazonaws.com\/wp-content\/uploads\/2023\/01\/09153941\/Failte2023-1536x864.jpg 1536w, https:\/\/tg4-docs.s3.amazonaws.com\/wp-content\/uploads\/2023\/01\/09153941\/Failte2023-120x68.jpg 120w\" sizes=\"(max-width: 1920px) 100vw, 1920px\" \/><br \/>\n&nbsp;<\/p>\n<p>Bh\u00ed an Nollaig ab fhearr ag TG4 \u00f3 bh\u00ed 2011 ann de r\u00e9ir fhigi\u00fair\u00ed f\u00e9achana \u00f3 TAM Ireland\/Nielsen.  Bh\u00ed sciar de 3.2% ag TG4 le linn na Nollag, ard\u00fa 14% ar lucht f\u00e9achana na Nollag in 2021. Bh\u00ed an sciar f\u00e9achana sa phr\u00edomham f\u00e9achana n\u00edos airde f\u00f3s ag 3.8%, m\u00e9ad\u00fa 14% freisin ar an Nollaig seo caite. Bh\u00ed TG4 sa 6\u00fa h\u00e1it i measc na gcain\u00e9al is m\u00f3 f\u00e9achana in \u00c9irinn don tr\u00e9imhse. D&#8217;fh\u00e9ach beag\u00e1n faoi bhun 2m duine (1.943m) ar an gcain\u00e9al idir O\u00edche Nollag agus L\u00e1 Caille. Ba \u00e9 L\u00e1 &#8216;le Stiof\u00e1in an l\u00e1 is airde f\u00e9achan, le sciar de 5.6%.  Bh\u00ed sciar de 3.9% ar an me\u00e1n ar L\u00e1 Caille agus 3.6% ar O\u00edche Chinn Bliana.<br \/>\n&nbsp;<br \/>\nBa \u00e9 Rugba\u00ed Beo ar L\u00e1 &#8216;le Stiof\u00e1in an cl\u00e1r ba mh\u00f3 faire. D\u2019fh\u00e9ach nach m\u00f3r leath mhilli\u00fan duine ar an gcluiche beo idir Mhumha agus Laighin. 106,200 duine ar an me\u00e1n a d\u2019fh\u00e9ach ar Rugba\u00ed Beo ar L\u00e1 Caille idir Ulaidh agus Mumha. D\u2019fh\u00e9ach 96,000 ar an me\u00e1n ar Opry le Daniel \u2013 Joe Dolan, cl\u00e1r \u00f3m\u00f3is ag Daniel O&#8217;Donnell don amhr\u00e1na\u00ed a cailleadh ar L\u00e1 &#8216;le Stiof\u00e1in 2007. 126,000 duine a bhreathnaigh ar an gcl\u00e1r faisn\u00e9ise faoin amhr\u00e1na\u00ed Dessie O\u2019Halloran, Dessie: Gl\u00f3r na B\u00f3 Finne ar L\u00e1 Nollag. D\u2019fh\u00e9ach 60,000 ar an me\u00e1n ar chl\u00e1r \u00f3m\u00f3is do Liam Reilly Bagatelle ar O\u00edche Chinn Bhliana agus 55,000 duine ar an me\u00e1n a d\u2019fh\u00e9ach ar an gcl\u00e1r faisn\u00e9ise faoin aisteoir Cyril Cusack: L\u00e1r an St\u00e1itse ar L\u00e1 Nollag.<br \/>\n&nbsp;<br \/>\nAr O\u00edche Chinn Bhliana d&#8217;fh\u00e9ach 50,000 ar an me\u00e1n ar F\u00e1ilte 2023, a bh\u00ed curtha i l\u00e1thair ag D\u00e1ith\u00ed \u00d3 S\u00e9 agus Doireann N\u00ed Ghlac\u00e1in as Baile Bh\u00fairne.<br \/>\n&nbsp;<br \/>\nD\u00fairt Ard-Sti\u00farth\u00f3ir TG4 Alan Esslemont, <em>\u201cComhghairdeas le foireann TG4 agus le l\u00e9iritheoir\u00ed san earn\u00e1il neamhsple\u00e1ch as an \u00e9acht seo thar Nollaig.   L\u00e9ir\u00edonn na figi\u00fair\u00ed f\u00e9achana seo go bhfuil \u00e9ileamh ag an bpobal f\u00e9achana ar chl\u00e1racha nua, cruthaitheacha ar ardchaighde\u00e1n agus go bhfuil aitheantas \u00e1 thabhairt ag l\u00e9irmheast\u00f3ir\u00ed agus ag an bpobal araon ar chaighde\u00e1n agus ar n\u00fa\u00e1la\u00edocht na gcl\u00e1r a chraoltar ar TG4 gach Nollaig.  Tugann s\u00e9 misneach d\u00fainn agus muid ag tabhairt aghaidh ar an mbliain nua.&#8221;<\/em><br \/>\n&nbsp;<br \/>\n&nbsp;<\/p>\n","protected":false},"excerpt":{"rendered":"<p>&nbsp; Bh\u00ed an Nollaig ab fhearr ag TG4 \u00f3 bh\u00ed 2011 ann de r\u00e9ir fhigi\u00fair\u00ed f\u00e9achana \u00f3 TAM Ireland\/Nielsen. Bh\u00ed sciar de 3.2% ag TG4 le linn na Nollag, ard\u00fa 14% ar lucht f\u00e9achana na Nollag in 2021. Bh\u00ed an sciar f\u00e9achana sa phr\u00edomham f\u00e9achana n\u00edos airde f\u00f3s ag 3.8%, m\u00e9ad\u00fa 14% freisin ar an [&hellip;]<\/p>\n","protected":false},"author":4,"featured_media":0,"parent":180840,"menu_order":0,"comment_status":"closed","ping_status":"closed","template":"page-templates\/template-pr.php","meta":{"_acf_changed":false,"footnotes":""},"acf":[],"yoast_head":"<!-- This site is optimized with the Yoast SEO plugin v22.6 - https:\/\/yoast.com\/wordpress\/plugins\/seo\/ -->\n<title>An Nollaig ab fhearr ar TG4 \u00f3 2011 | Preas R\u00e1iteas | TG4<\/title>\n<meta name=\"description\" content=\"Th\u00e1inig m\u00e9ad\u00fa 25% ar lucht f\u00e9achana TG4 thar thr\u00e9imhse na Nollag 2021 i gcompar\u00e1id le aimsir na Nollag 2020.Bh\u00ed an Nollaig ab fhearr ag TG4 \u00f3 bh\u00ed 2011 ann de r\u00e9ir fhigi\u00fair\u00ed f\u00e9achana \u00f3 TAM Ireland\/Nielsen. Bh\u00ed sciar de 3.2% ag TG4 le linn na Nollag, ard\u00fa 14% ar lucht f\u00e9achana na Nollag in 2021.\" \/>\n<meta name=\"robots\" content=\"index, follow, max-snippet:-1, max-image-preview:large, max-video-preview:-1\" \/>\n<meta property=\"og:locale\" content=\"en_US\" \/>\n<meta property=\"og:type\" content=\"article\" \/>\n<meta property=\"og:title\" content=\"An Nollaig ab fhearr ar TG4 \u00f3 2011 | Preas R\u00e1iteas | TG4\" \/>\n<meta property=\"og:description\" content=\"Th\u00e1inig m\u00e9ad\u00fa 25% ar lucht f\u00e9achana TG4 thar thr\u00e9imhse na Nollag 2021 i gcompar\u00e1id le aimsir na Nollag 2020.Bh\u00ed an Nollaig ab fhearr ag TG4 \u00f3 bh\u00ed 2011 ann de r\u00e9ir fhigi\u00fair\u00ed f\u00e9achana \u00f3 TAM Ireland\/Nielsen. Bh\u00ed sciar de 3.2% ag TG4 le linn na Nollag, ard\u00fa 14% ar lucht f\u00e9achana na Nollag in 2021.\" \/>\n<meta property=\"og:url\" content=\"https:\/\/dev.tg4.ie\/ga\/eolas\/preas\/nuacht-raitis\/2023-2\/nollaig-ab-fhearr-o-2011\/\" \/>\n<meta property=\"og:site_name\" content=\"TG4\" \/>\n<meta property=\"article:publisher\" content=\"https:\/\/www.facebook.com\/TG4TV\" \/>\n<meta property=\"article:modified_time\" content=\"2023-01-09T16:03:45+00:00\" \/>\n<meta property=\"og:image\" content=\"https:\/\/tg4-docs.s3.amazonaws.com\/wp-content\/uploads\/2023\/01\/09153941\/Failte2023.jpg\" \/>\n\t<meta property=\"og:image:width\" content=\"1920\" \/>\n\t<meta property=\"og:image:height\" content=\"1080\" \/>\n\t<meta property=\"og:image:type\" content=\"image\/jpeg\" \/>\n<meta name=\"twitter:card\" content=\"summary_large_image\" \/>\n<meta name=\"twitter:image\" content=\"https:\/\/tg4-docs.s3.amazonaws.com\/wp-content\/uploads\/2023\/01\/09154426\/Dessie-Glor-na-Bo-Finne.jpg\" \/>\n<meta name=\"twitter:site\" content=\"@TG4TV\" \/>\n<meta name=\"twitter:label1\" content=\"Est. reading time\" \/>\n\t<meta name=\"twitter:data1\" content=\"3 minutes\" \/>\n<script type=\"application\/ld+json\" class=\"yoast-schema-graph\">{\"@context\":\"https:\/\/schema.org\",\"@graph\":[{\"@type\":\"WebPage\",\"@id\":\"https:\/\/dev.tg4.ie\/ga\/eolas\/preas\/nuacht-raitis\/2023-2\/nollaig-ab-fhearr-o-2011\/\",\"url\":\"https:\/\/dev.tg4.ie\/ga\/eolas\/preas\/nuacht-raitis\/2023-2\/nollaig-ab-fhearr-o-2011\/\",\"name\":\"An Nollaig ab fhearr ar TG4 \u00f3 2011 | Preas R\u00e1iteas | TG4\",\"isPartOf\":{\"@id\":\"https:\/\/dev.tg4.ie\/en\/#website\"},\"primaryImageOfPage\":{\"@id\":\"https:\/\/dev.tg4.ie\/ga\/eolas\/preas\/nuacht-raitis\/2023-2\/nollaig-ab-fhearr-o-2011\/#primaryimage\"},\"image\":{\"@id\":\"https:\/\/dev.tg4.ie\/ga\/eolas\/preas\/nuacht-raitis\/2023-2\/nollaig-ab-fhearr-o-2011\/#primaryimage\"},\"thumbnailUrl\":\"https:\/\/dev.tg4.ie\/wp-content\/uploads\/2023\/01\/Failte2023.jpg\",\"datePublished\":\"2023-01-09T15:51:32+00:00\",\"dateModified\":\"2023-01-09T16:03:45+00:00\",\"description\":\"Th\u00e1inig m\u00e9ad\u00fa 25% ar lucht f\u00e9achana TG4 thar thr\u00e9imhse na Nollag 2021 i gcompar\u00e1id le aimsir na Nollag 2020.Bh\u00ed an Nollaig ab fhearr ag TG4 \u00f3 bh\u00ed 2011 ann de r\u00e9ir fhigi\u00fair\u00ed f\u00e9achana \u00f3 TAM Ireland\/Nielsen. Bh\u00ed sciar de 3.2% ag TG4 le linn na Nollag, ard\u00fa 14% ar lucht f\u00e9achana na Nollag in 2021.\",\"breadcrumb\":{\"@id\":\"https:\/\/dev.tg4.ie\/ga\/eolas\/preas\/nuacht-raitis\/2023-2\/nollaig-ab-fhearr-o-2011\/#breadcrumb\"},\"inLanguage\":\"ga\",\"potentialAction\":[{\"@type\":\"ReadAction\",\"target\":[\"https:\/\/dev.tg4.ie\/ga\/eolas\/preas\/nuacht-raitis\/2023-2\/nollaig-ab-fhearr-o-2011\/\"]}]},{\"@type\":\"ImageObject\",\"inLanguage\":\"ga\",\"@id\":\"https:\/\/dev.tg4.ie\/ga\/eolas\/preas\/nuacht-raitis\/2023-2\/nollaig-ab-fhearr-o-2011\/#primaryimage\",\"url\":\"https:\/\/dev.tg4.ie\/wp-content\/uploads\/2023\/01\/Failte2023.jpg\",\"contentUrl\":\"https:\/\/dev.tg4.ie\/wp-content\/uploads\/2023\/01\/Failte2023.jpg\"},{\"@type\":\"BreadcrumbList\",\"@id\":\"https:\/\/dev.tg4.ie\/ga\/eolas\/preas\/nuacht-raitis\/2023-2\/nollaig-ab-fhearr-o-2011\/#breadcrumb\",\"itemListElement\":[{\"@type\":\"ListItem\",\"position\":1,\"name\":\"Home\",\"item\":\"https:\/\/dev.tg4.ie\/ga\/\"},{\"@type\":\"ListItem\",\"position\":2,\"name\":\"Eolas\",\"item\":\"https:\/\/dev.tg4.ie\/ga\/eolas\/\"},{\"@type\":\"ListItem\",\"position\":3,\"name\":\"Preas\",\"item\":\"https:\/\/dev.tg4.ie\/ga\/eolas\/preas\/\"},{\"@type\":\"ListItem\",\"position\":4,\"name\":\"Nuacht R\u00e1itis\",\"item\":\"https:\/\/dev.tg4.ie\/ga\/eolas\/preas\/nuacht-raitis\/\"},{\"@type\":\"ListItem\",\"position\":5,\"name\":\"2023\",\"item\":\"https:\/\/dev.tg4.ie\/ga\/eolas\/preas\/nuacht-raitis\/2023-2\/\"},{\"@type\":\"ListItem\",\"position\":6,\"name\":\"An Nollaig ab fhearr ar TG4 \u00f3 2011\"}]},{\"@type\":\"WebSite\",\"@id\":\"https:\/\/dev.tg4.ie\/en\/#website\",\"url\":\"https:\/\/dev.tg4.ie\/en\/\",\"name\":\"TG4\",\"description\":\"S\u00fail Eile\",\"potentialAction\":[{\"@type\":\"SearchAction\",\"target\":{\"@type\":\"EntryPoint\",\"urlTemplate\":\"https:\/\/dev.tg4.ie\/en\/?s={search_term_string}\"},\"query-input\":\"required name=search_term_string\"}],\"inLanguage\":\"ga\"}]}<\/script>\n<!-- \/ Yoast SEO plugin. -->","yoast_head_json":{"title":"An Nollaig ab fhearr ar TG4 \u00f3 2011 | Preas R\u00e1iteas | TG4","description":"Th\u00e1inig m\u00e9ad\u00fa 25% ar lucht f\u00e9achana TG4 thar thr\u00e9imhse na Nollag 2021 i gcompar\u00e1id le aimsir na Nollag 2020.Bh\u00ed an Nollaig ab fhearr ag TG4 \u00f3 bh\u00ed 2011 ann de r\u00e9ir fhigi\u00fair\u00ed f\u00e9achana \u00f3 TAM Ireland\/Nielsen. Bh\u00ed sciar de 3.2% ag TG4 le linn na Nollag, ard\u00fa 14% ar lucht f\u00e9achana na Nollag in 2021.","robots":{"index":"index","follow":"follow","max-snippet":"max-snippet:-1","max-image-preview":"max-image-preview:large","max-video-preview":"max-video-preview:-1"},"og_locale":"en_US","og_type":"article","og_title":"An Nollaig ab fhearr ar TG4 \u00f3 2011 | Preas R\u00e1iteas | TG4","og_description":"Th\u00e1inig m\u00e9ad\u00fa 25% ar lucht f\u00e9achana TG4 thar thr\u00e9imhse na Nollag 2021 i gcompar\u00e1id le aimsir na Nollag 2020.Bh\u00ed an Nollaig ab fhearr ag TG4 \u00f3 bh\u00ed 2011 ann de r\u00e9ir fhigi\u00fair\u00ed f\u00e9achana \u00f3 TAM Ireland\/Nielsen. Bh\u00ed sciar de 3.2% ag TG4 le linn na Nollag, ard\u00fa 14% ar lucht f\u00e9achana na Nollag in 2021.","og_url":"https:\/\/dev.tg4.ie\/ga\/eolas\/preas\/nuacht-raitis\/2023-2\/nollaig-ab-fhearr-o-2011\/","og_site_name":"TG4","article_publisher":"https:\/\/www.facebook.com\/TG4TV","article_modified_time":"2023-01-09T16:03:45+00:00","og_image":[{"width":1920,"height":1080,"url":"https:\/\/tg4-docs.s3.amazonaws.com\/wp-content\/uploads\/2023\/01\/09153941\/Failte2023.jpg","type":"image\/jpeg"}],"twitter_card":"summary_large_image","twitter_image":"https:\/\/tg4-docs.s3.amazonaws.com\/wp-content\/uploads\/2023\/01\/09154426\/Dessie-Glor-na-Bo-Finne.jpg","twitter_site":"@TG4TV","twitter_misc":{"Est. reading time":"3 minutes"},"schema":{"@context":"https:\/\/schema.org","@graph":[{"@type":"WebPage","@id":"https:\/\/dev.tg4.ie\/ga\/eolas\/preas\/nuacht-raitis\/2023-2\/nollaig-ab-fhearr-o-2011\/","url":"https:\/\/dev.tg4.ie\/ga\/eolas\/preas\/nuacht-raitis\/2023-2\/nollaig-ab-fhearr-o-2011\/","name":"An Nollaig ab fhearr ar TG4 \u00f3 2011 | Preas R\u00e1iteas | TG4","isPartOf":{"@id":"https:\/\/dev.tg4.ie\/en\/#website"},"primaryImageOfPage":{"@id":"https:\/\/dev.tg4.ie\/ga\/eolas\/preas\/nuacht-raitis\/2023-2\/nollaig-ab-fhearr-o-2011\/#primaryimage"},"image":{"@id":"https:\/\/dev.tg4.ie\/ga\/eolas\/preas\/nuacht-raitis\/2023-2\/nollaig-ab-fhearr-o-2011\/#primaryimage"},"thumbnailUrl":"https:\/\/dev.tg4.ie\/wp-content\/uploads\/2023\/01\/Failte2023.jpg","datePublished":"2023-01-09T15:51:32+00:00","dateModified":"2023-01-09T16:03:45+00:00","description":"Th\u00e1inig m\u00e9ad\u00fa 25% ar lucht f\u00e9achana TG4 thar thr\u00e9imhse na Nollag 2021 i gcompar\u00e1id le aimsir na Nollag 2020.Bh\u00ed an Nollaig ab fhearr ag TG4 \u00f3 bh\u00ed 2011 ann de r\u00e9ir fhigi\u00fair\u00ed f\u00e9achana \u00f3 TAM Ireland\/Nielsen. Bh\u00ed sciar de 3.2% ag TG4 le linn na Nollag, ard\u00fa 14% ar lucht f\u00e9achana na Nollag in 2021.","breadcrumb":{"@id":"https:\/\/dev.tg4.ie\/ga\/eolas\/preas\/nuacht-raitis\/2023-2\/nollaig-ab-fhearr-o-2011\/#breadcrumb"},"inLanguage":"ga","potentialAction":[{"@type":"ReadAction","target":["https:\/\/dev.tg4.ie\/ga\/eolas\/preas\/nuacht-raitis\/2023-2\/nollaig-ab-fhearr-o-2011\/"]}]},{"@type":"ImageObject","inLanguage":"ga","@id":"https:\/\/dev.tg4.ie\/ga\/eolas\/preas\/nuacht-raitis\/2023-2\/nollaig-ab-fhearr-o-2011\/#primaryimage","url":"https:\/\/dev.tg4.ie\/wp-content\/uploads\/2023\/01\/Failte2023.jpg","contentUrl":"https:\/\/dev.tg4.ie\/wp-content\/uploads\/2023\/01\/Failte2023.jpg"},{"@type":"BreadcrumbList","@id":"https:\/\/dev.tg4.ie\/ga\/eolas\/preas\/nuacht-raitis\/2023-2\/nollaig-ab-fhearr-o-2011\/#breadcrumb","itemListElement":[{"@type":"ListItem","position":1,"name":"Home","item":"https:\/\/dev.tg4.ie\/ga\/"},{"@type":"ListItem","position":2,"name":"Eolas","item":"https:\/\/dev.tg4.ie\/ga\/eolas\/"},{"@type":"ListItem","position":3,"name":"Preas","item":"https:\/\/dev.tg4.ie\/ga\/eolas\/preas\/"},{"@type":"ListItem","position":4,"name":"Nuacht R\u00e1itis","item":"https:\/\/dev.tg4.ie\/ga\/eolas\/preas\/nuacht-raitis\/"},{"@type":"ListItem","position":5,"name":"2023","item":"https:\/\/dev.tg4.ie\/ga\/eolas\/preas\/nuacht-raitis\/2023-2\/"},{"@type":"ListItem","position":6,"name":"An Nollaig ab fhearr ar TG4 \u00f3 2011"}]},{"@type":"WebSite","@id":"https:\/\/dev.tg4.ie\/en\/#website","url":"https:\/\/dev.tg4.ie\/en\/","name":"TG4","description":"S\u00fail Eile","potentialAction":[{"@type":"SearchAction","target":{"@type":"EntryPoint","urlTemplate":"https:\/\/dev.tg4.ie\/en\/?s={search_term_string}"},"query-input":"required name=search_term_string"}],"inLanguage":"ga"}]}},"_links":{"self":[{"href":"https:\/\/dev.tg4.ie\/ga\/wp-json\/wp\/v2\/pages\/180882"}],"collection":[{"href":"https:\/\/dev.tg4.ie\/ga\/wp-json\/wp\/v2\/pages"}],"about":[{"href":"https:\/\/dev.tg4.ie\/ga\/wp-json\/wp\/v2\/types\/page"}],"author":[{"embeddable":true,"href":"https:\/\/dev.tg4.ie\/ga\/wp-json\/wp\/v2\/users\/4"}],"replies":[{"embeddable":true,"href":"https:\/\/dev.tg4.ie\/ga\/wp-json\/wp\/v2\/comments?post=180882"}],"version-history":[{"count":0,"href":"https:\/\/dev.tg4.ie\/ga\/wp-json\/wp\/v2\/pages\/180882\/revisions"}],"up":[{"embeddable":true,"href":"https:\/\/dev.tg4.ie\/ga\/wp-json\/wp\/v2\/pages\/180840"}],"wp:attachment":[{"href":"https:\/\/dev.tg4.ie\/ga\/wp-json\/wp\/v2\/media?parent=180882"}],"curies":[{"name":"wp","href":"https:\/\/api.w.org\/{rel}","templated":true}]}}