{"id":181241,"date":"2023-01-18T09:36:52","date_gmt":"2023-01-18T09:36:52","guid":{"rendered":"https:\/\/dev.tg4.ie\/?page_id=181241"},"modified":"2023-01-18T09:36:52","modified_gmt":"2023-01-18T09:36:52","slug":"sciar-tg4-meadaithe-in-2022","status":"publish","type":"page","link":"https:\/\/dev.tg4.ie\/ga\/eolas\/preas\/nuacht-raitis\/2023-2\/sciar-tg4-meadaithe-in-2022\/","title":{"rendered":"Sciar TG4 m\u00e9adaithe in 2022"},"content":{"rendered":"<p><img loading=\"lazy\" decoding=\"async\" width=\"1920\" height=\"1080\" src=\"https:\/\/tg4-docs.s3.amazonaws.com\/wp-content\/uploads\/2023\/01\/18092919\/Sciar_TG4_2022_1-1920x1080-1.jpg\" alt=\"\" class=\"aligncenter size-full wp-image-181256\" srcset=\"https:\/\/tg4-docs.s3.amazonaws.com\/wp-content\/uploads\/2023\/01\/18092919\/Sciar_TG4_2022_1-1920x1080-1.jpg 1920w, https:\/\/tg4-docs.s3.amazonaws.com\/wp-content\/uploads\/2023\/01\/18092919\/Sciar_TG4_2022_1-1920x1080-1-250x141.jpg 250w, https:\/\/tg4-docs.s3.amazonaws.com\/wp-content\/uploads\/2023\/01\/18092919\/Sciar_TG4_2022_1-1920x1080-1-700x394.jpg 700w, https:\/\/tg4-docs.s3.amazonaws.com\/wp-content\/uploads\/2023\/01\/18092919\/Sciar_TG4_2022_1-1920x1080-1-252x141.jpg 252w, https:\/\/tg4-docs.s3.amazonaws.com\/wp-content\/uploads\/2023\/01\/18092919\/Sciar_TG4_2022_1-1920x1080-1-1536x864.jpg 1536w, https:\/\/tg4-docs.s3.amazonaws.com\/wp-content\/uploads\/2023\/01\/18092919\/Sciar_TG4_2022_1-1920x1080-1-120x68.jpg 120w\" sizes=\"(max-width: 1920px) 100vw, 1920px\" \/><br \/>\n&nbsp;<\/p>\n<p>1.96% an sciar den lucht f\u00e9achana a bh\u00ed ag TG4 in 2022, an sciar is airde a bh\u00ed ag an gcain\u00e9al \u00f3n mbliain 2011. 1.8% an sciar a bh\u00ed ag TG4 in 2021.  B&#8217;ionann an sciar f\u00e9achana sa phr\u00edomh-am f\u00e9achana agus 2.15%, an sciar b\u2019airde sa phr\u00edomh-am \u00f3 2010. 2.05% an sciar a bh\u00ed an gcain\u00e9al sa phr\u00edomh-am f\u00e9achana in 2021. D\u2019fh\u00e9ach 3.654m duine n\u00f3 82% den daonra ar TG4 am \u00e9igin le linn 2022. <\/p>\n<p>Ba \u00ed m\u00ed na Nollag an mh\u00ed ab fhearr do TG4 le me\u00e1n-sciar 2.22%. Ba \u00e9 an 31 I\u00fail an l\u00e1 ab airde a bh\u00ed an sciar sa bhliain nuair a bhain s\u00e9 9.6% amach. B\u2019in \u00e9 an l\u00e1 a craoladh Cluiche Ceannais Pheil na mBan. Ba ar L\u00e1 Fh\u00e9ile Stiof\u00e1in a bh\u00ed an t-aimsi\u00fa is airde ag 858,000 duine. <\/p>\n<p>Bh\u00ed craolta\u00ed sp\u00f3rt chun tosaigh sna figi\u00fair\u00ed f\u00e9achana ar\u00eds in 2022. Ba \u00e9 <strong>GAA Beo<\/strong>, Cluiche Ceannais Peile Allianz idir Ciarra\u00ed agus Maigh Eo an cl\u00e1r ba mh\u00f3 faire sa bhliain. D&#8217;fh\u00e9ach 468,000 duine ar an gcluiche a raibh me\u00e1nlucht f\u00e9achana 228,000 duine agus sciar 30.2% aige ag an am. Ba \u00e9 Cluiche Ceannais <strong>Pheil na mBan<\/strong> idir an Mh\u00ed agus Ciarra\u00ed an dara cl\u00e1r ba mh\u00f3 a breathna\u00edodh air in 2022. Bh\u00ed me\u00e1nlucht f\u00e9achana 206,000 duine aige agus sciar 30.3%<\/p>\n<p>D\u2019fh\u00e9ach 225,000 duine agus 96,000 duine ar an me\u00e1n ar chl\u00e1r a craoladh in \u00f3m\u00f3s don amhr\u00e1na\u00ed Joe Dolan ar <strong>Opry le Daniel &#8211; \u00d3m\u00f3s Joe Dolan<\/strong>.  126,000 duine a d&#8217;fh\u00e9ach ar an gcl\u00e1r faisn\u00e9ise ba mh\u00f3 f\u00e9achana sa bhliain a craoladh L\u00e1 Nollag, <strong>Dessie: Gl\u00f3r na B\u00f3 Finne<\/strong>. Ba 86,000 duine an me\u00e1nlucht f\u00e9achana a bh\u00ed ag an gcl\u00e1r. 224,000 duine agus 70,000 duine ar an me\u00e1n a bh\u00ed ag f\u00e9achaint ar <strong>Fleadh 2022<\/strong>, cl\u00e1r a craoladh beo \u00f3 Fhleadh Cheoil na h\u00c9ireann a bh\u00ed ar si\u00fal sa Mhuileann gCearr ar an Domhnach an 7 L\u00fanasa. Ba \u00ed an ch\u00e9ad Fhleadh Cheoil \u00ed tar \u00e9is na paind\u00e9ime. <\/p>\n<p>Bh\u00ed an-t\u00f3ir ar aer agus ar an seinnteoir ar an tsraith nua shiamsa\u00edochta <strong>Contractors<\/strong> ag t\u00fas na bliana inar tugadh l\u00e9argas ar chonraitheoir\u00ed feirmeoireachta a thugann c\u00fanamh d\u2019fheirmeoir\u00ed sa tr\u00e9imhse is gn\u00f3tha\u00ed i bhf\u00e9ilire na feirmeoirechta idir Aibre\u00e1n agus Me\u00e1n F\u00f3mhair. Ba \u00e9 an cl\u00e1r is m\u00f3 \u00f3n tsraith ar breathna\u00edodh air ar an teilif\u00eds an cl\u00e1r a craoladh ar an 7 Aibre\u00e1n. 75,000 duine ar an me\u00e1n a bh\u00ed ag f\u00e9achaint ar an gcl\u00e1r sin. Ba \u00e9 <strong>Contractors<\/strong> an cl\u00e1r ba mh\u00f3 a rabhthas ag faire air ar sheinnteoir TG4 in 2022, agus bh\u00ed tr\u00ed chl\u00e1r \u00f3n tsraith sin i measc na gc\u00faig chl\u00e1r is m\u00f3 f\u00e9achana ar an seinnteoir don bhliain.  <\/p>\n<p>D&#8217;\u00e9irigh an-mhaith le sraith nua Hector, <strong>Hector &#8211; Balkans go Baltics<\/strong>. 70,000 an me\u00e1n lucht f\u00e9achana a bh\u00ed ag an gcl\u00e1r is m\u00f3 f\u00e9achana sa tsraith, a craoladh faoin mBulg\u00e1ir ar an 3 Samhain.<\/p>\n<p>Bh\u00ed os cionn 3.3 milli\u00fan amharc ar Sheinnteoir TG4 anuraidh idir amhairc bheo agus VoD, m\u00e9ad\u00fa 11% ar 2021. Ba \u00e9 an cluiche F17 idir Gaillimh agus Tiobraid \u00c1rann ar an 19 Meitheamh an craoladh beo ba mh\u00f3 a breathna\u00edodh air le breis is 33,0000 radharc. Chomh maith le tr\u00ed chl\u00e1r \u00f3n tsraith <strong>Contractors<\/strong>, bh\u00ed dh\u00e1 chl\u00e1r \u00f3n tsraith <strong>Laochra Gael<\/strong> \u2013 cl\u00e1racha Terence McNaughton agus Michael Darragh McAuley \u2013 ar na c\u00faig chl\u00e1r ba mh\u00f3 m\u00f3 a thuill lucht f\u00e9achana ar an seinnteoir. <\/p>\n<p>Th\u00e1inig m\u00e9ad\u00fa ollmh\u00f3r ar radhairc ar na me\u00e1in sh\u00f3isialta \u00f3 58m radharc in 2021 go dt\u00ed 132m radharc in 2022.<br \/>\n&nbsp;<br \/>\n&nbsp;<\/p>\n","protected":false},"excerpt":{"rendered":"<p>&nbsp; 1.96% an sciar den lucht f\u00e9achana a bh\u00ed ag TG4 in 2022, an sciar is airde a bh\u00ed ag an gcain\u00e9al \u00f3n mbliain 2011. 1.8% an sciar a bh\u00ed ag TG4 in 2021. B&#8217;ionann an sciar f\u00e9achana sa phr\u00edomh-am f\u00e9achana agus 2.15%, an sciar b\u2019airde sa phr\u00edomh-am \u00f3 2010. 2.05% an sciar a bh\u00ed [&hellip;]<\/p>\n","protected":false},"author":876,"featured_media":0,"parent":180840,"menu_order":1,"comment_status":"closed","ping_status":"closed","template":"page-templates\/template-pr.php","meta":{"_acf_changed":false,"footnotes":""},"acf":[],"yoast_head":"<!-- This site is optimized with the Yoast SEO plugin v22.6 - https:\/\/yoast.com\/wordpress\/plugins\/seo\/ -->\n<title>Sciar TG4 m\u00e9adaithe in 2022 | Preas R\u00e1iteas | TG4<\/title>\n<meta name=\"description\" content=\"1.96% an sciar den lucht f\u00e9achana a bh\u00ed ag TG4 in 2022, an sciar is airde a bh\u00ed ag an gcain\u00e9al \u00f3n mbliain 2011. 1.8% an sciar a bh\u00ed ag TG4 in 2021.\" \/>\n<meta name=\"robots\" content=\"index, follow, max-snippet:-1, max-image-preview:large, max-video-preview:-1\" \/>\n<meta property=\"og:locale\" content=\"en_US\" \/>\n<meta property=\"og:type\" content=\"article\" \/>\n<meta property=\"og:title\" content=\"Sciar TG4 m\u00e9adaithe in 2022 | Preas R\u00e1iteas | TG4\" \/>\n<meta property=\"og:description\" content=\"1.96% an sciar den lucht f\u00e9achana a bh\u00ed ag TG4 in 2022, an sciar is airde a bh\u00ed ag an gcain\u00e9al \u00f3n mbliain 2011. 1.8% an sciar a bh\u00ed ag TG4 in 2021.\" \/>\n<meta property=\"og:url\" content=\"https:\/\/dev.tg4.ie\/ga\/eolas\/preas\/nuacht-raitis\/2023-2\/sciar-tg4-meadaithe-in-2022\/\" \/>\n<meta property=\"og:site_name\" content=\"TG4\" \/>\n<meta property=\"article:publisher\" content=\"https:\/\/www.facebook.com\/TG4TV\" \/>\n<meta property=\"og:image\" content=\"https:\/\/tg4-docs.s3.amazonaws.com\/wp-content\/uploads\/2022\/08\/10162457\/Fleadh_2022-Beo_Laithreoiri_1_1920x1080.jpg\" \/>\n\t<meta property=\"og:image:width\" content=\"1920\" \/>\n\t<meta property=\"og:image:height\" content=\"1080\" \/>\n\t<meta property=\"og:image:type\" content=\"image\/jpeg\" \/>\n<meta name=\"twitter:card\" content=\"summary_large_image\" \/>\n<meta name=\"twitter:image\" content=\"https:\/\/tg4-docs.s3.amazonaws.com\/wp-content\/uploads\/2022\/08\/10162457\/Fleadh_2022-Beo_Laithreoiri_1_1920x1080.jpg\" \/>\n<meta name=\"twitter:site\" content=\"@TG4TV\" \/>\n<meta name=\"twitter:label1\" content=\"Est. reading time\" \/>\n\t<meta name=\"twitter:data1\" content=\"3 minutes\" \/>\n<script type=\"application\/ld+json\" class=\"yoast-schema-graph\">{\"@context\":\"https:\/\/schema.org\",\"@graph\":[{\"@type\":\"WebPage\",\"@id\":\"https:\/\/dev.tg4.ie\/ga\/eolas\/preas\/nuacht-raitis\/2023-2\/sciar-tg4-meadaithe-in-2022\/\",\"url\":\"https:\/\/dev.tg4.ie\/ga\/eolas\/preas\/nuacht-raitis\/2023-2\/sciar-tg4-meadaithe-in-2022\/\",\"name\":\"Sciar TG4 m\u00e9adaithe in 2022 | Preas R\u00e1iteas | TG4\",\"isPartOf\":{\"@id\":\"https:\/\/dev.tg4.ie\/en\/#website\"},\"primaryImageOfPage\":{\"@id\":\"https:\/\/dev.tg4.ie\/ga\/eolas\/preas\/nuacht-raitis\/2023-2\/sciar-tg4-meadaithe-in-2022\/#primaryimage\"},\"image\":{\"@id\":\"https:\/\/dev.tg4.ie\/ga\/eolas\/preas\/nuacht-raitis\/2023-2\/sciar-tg4-meadaithe-in-2022\/#primaryimage\"},\"thumbnailUrl\":\"https:\/\/dev.tg4.ie\/wp-content\/uploads\/2023\/01\/Sciar_TG4_2022_1-1920x1080-1.jpg\",\"datePublished\":\"2023-01-18T09:36:52+00:00\",\"dateModified\":\"2023-01-18T09:36:52+00:00\",\"description\":\"1.96% an sciar den lucht f\u00e9achana a bh\u00ed ag TG4 in 2022, an sciar is airde a bh\u00ed ag an gcain\u00e9al \u00f3n mbliain 2011. 1.8% an sciar a bh\u00ed ag TG4 in 2021.\",\"breadcrumb\":{\"@id\":\"https:\/\/dev.tg4.ie\/ga\/eolas\/preas\/nuacht-raitis\/2023-2\/sciar-tg4-meadaithe-in-2022\/#breadcrumb\"},\"inLanguage\":\"ga\",\"potentialAction\":[{\"@type\":\"ReadAction\",\"target\":[\"https:\/\/dev.tg4.ie\/ga\/eolas\/preas\/nuacht-raitis\/2023-2\/sciar-tg4-meadaithe-in-2022\/\"]}]},{\"@type\":\"ImageObject\",\"inLanguage\":\"ga\",\"@id\":\"https:\/\/dev.tg4.ie\/ga\/eolas\/preas\/nuacht-raitis\/2023-2\/sciar-tg4-meadaithe-in-2022\/#primaryimage\",\"url\":\"https:\/\/dev.tg4.ie\/wp-content\/uploads\/2023\/01\/Sciar_TG4_2022_1-1920x1080-1.jpg\",\"contentUrl\":\"https:\/\/dev.tg4.ie\/wp-content\/uploads\/2023\/01\/Sciar_TG4_2022_1-1920x1080-1.jpg\"},{\"@type\":\"BreadcrumbList\",\"@id\":\"https:\/\/dev.tg4.ie\/ga\/eolas\/preas\/nuacht-raitis\/2023-2\/sciar-tg4-meadaithe-in-2022\/#breadcrumb\",\"itemListElement\":[{\"@type\":\"ListItem\",\"position\":1,\"name\":\"Home\",\"item\":\"https:\/\/dev.tg4.ie\/ga\/\"},{\"@type\":\"ListItem\",\"position\":2,\"name\":\"Eolas\",\"item\":\"https:\/\/dev.tg4.ie\/ga\/eolas\/\"},{\"@type\":\"ListItem\",\"position\":3,\"name\":\"Preas\",\"item\":\"https:\/\/dev.tg4.ie\/ga\/eolas\/preas\/\"},{\"@type\":\"ListItem\",\"position\":4,\"name\":\"Nuacht R\u00e1itis\",\"item\":\"https:\/\/dev.tg4.ie\/ga\/eolas\/preas\/nuacht-raitis\/\"},{\"@type\":\"ListItem\",\"position\":5,\"name\":\"2023\",\"item\":\"https:\/\/dev.tg4.ie\/ga\/eolas\/preas\/nuacht-raitis\/2023-2\/\"},{\"@type\":\"ListItem\",\"position\":6,\"name\":\"Sciar TG4 m\u00e9adaithe in 2022\"}]},{\"@type\":\"WebSite\",\"@id\":\"https:\/\/dev.tg4.ie\/en\/#website\",\"url\":\"https:\/\/dev.tg4.ie\/en\/\",\"name\":\"TG4\",\"description\":\"S\u00fail Eile\",\"potentialAction\":[{\"@type\":\"SearchAction\",\"target\":{\"@type\":\"EntryPoint\",\"urlTemplate\":\"https:\/\/dev.tg4.ie\/en\/?s={search_term_string}\"},\"query-input\":\"required name=search_term_string\"}],\"inLanguage\":\"ga\"}]}<\/script>\n<!-- \/ Yoast SEO plugin. -->","yoast_head_json":{"title":"Sciar TG4 m\u00e9adaithe in 2022 | Preas R\u00e1iteas | TG4","description":"1.96% an sciar den lucht f\u00e9achana a bh\u00ed ag TG4 in 2022, an sciar is airde a bh\u00ed ag an gcain\u00e9al \u00f3n mbliain 2011. 1.8% an sciar a bh\u00ed ag TG4 in 2021.","robots":{"index":"index","follow":"follow","max-snippet":"max-snippet:-1","max-image-preview":"max-image-preview:large","max-video-preview":"max-video-preview:-1"},"og_locale":"en_US","og_type":"article","og_title":"Sciar TG4 m\u00e9adaithe in 2022 | Preas R\u00e1iteas | TG4","og_description":"1.96% an sciar den lucht f\u00e9achana a bh\u00ed ag TG4 in 2022, an sciar is airde a bh\u00ed ag an gcain\u00e9al \u00f3n mbliain 2011. 1.8% an sciar a bh\u00ed ag TG4 in 2021.","og_url":"https:\/\/dev.tg4.ie\/ga\/eolas\/preas\/nuacht-raitis\/2023-2\/sciar-tg4-meadaithe-in-2022\/","og_site_name":"TG4","article_publisher":"https:\/\/www.facebook.com\/TG4TV","og_image":[{"width":1920,"height":1080,"url":"https:\/\/tg4-docs.s3.amazonaws.com\/wp-content\/uploads\/2022\/08\/10162457\/Fleadh_2022-Beo_Laithreoiri_1_1920x1080.jpg","type":"image\/jpeg"}],"twitter_card":"summary_large_image","twitter_image":"https:\/\/tg4-docs.s3.amazonaws.com\/wp-content\/uploads\/2022\/08\/10162457\/Fleadh_2022-Beo_Laithreoiri_1_1920x1080.jpg","twitter_site":"@TG4TV","twitter_misc":{"Est. reading time":"3 minutes"},"schema":{"@context":"https:\/\/schema.org","@graph":[{"@type":"WebPage","@id":"https:\/\/dev.tg4.ie\/ga\/eolas\/preas\/nuacht-raitis\/2023-2\/sciar-tg4-meadaithe-in-2022\/","url":"https:\/\/dev.tg4.ie\/ga\/eolas\/preas\/nuacht-raitis\/2023-2\/sciar-tg4-meadaithe-in-2022\/","name":"Sciar TG4 m\u00e9adaithe in 2022 | Preas R\u00e1iteas | TG4","isPartOf":{"@id":"https:\/\/dev.tg4.ie\/en\/#website"},"primaryImageOfPage":{"@id":"https:\/\/dev.tg4.ie\/ga\/eolas\/preas\/nuacht-raitis\/2023-2\/sciar-tg4-meadaithe-in-2022\/#primaryimage"},"image":{"@id":"https:\/\/dev.tg4.ie\/ga\/eolas\/preas\/nuacht-raitis\/2023-2\/sciar-tg4-meadaithe-in-2022\/#primaryimage"},"thumbnailUrl":"https:\/\/dev.tg4.ie\/wp-content\/uploads\/2023\/01\/Sciar_TG4_2022_1-1920x1080-1.jpg","datePublished":"2023-01-18T09:36:52+00:00","dateModified":"2023-01-18T09:36:52+00:00","description":"1.96% an sciar den lucht f\u00e9achana a bh\u00ed ag TG4 in 2022, an sciar is airde a bh\u00ed ag an gcain\u00e9al \u00f3n mbliain 2011. 1.8% an sciar a bh\u00ed ag TG4 in 2021.","breadcrumb":{"@id":"https:\/\/dev.tg4.ie\/ga\/eolas\/preas\/nuacht-raitis\/2023-2\/sciar-tg4-meadaithe-in-2022\/#breadcrumb"},"inLanguage":"ga","potentialAction":[{"@type":"ReadAction","target":["https:\/\/dev.tg4.ie\/ga\/eolas\/preas\/nuacht-raitis\/2023-2\/sciar-tg4-meadaithe-in-2022\/"]}]},{"@type":"ImageObject","inLanguage":"ga","@id":"https:\/\/dev.tg4.ie\/ga\/eolas\/preas\/nuacht-raitis\/2023-2\/sciar-tg4-meadaithe-in-2022\/#primaryimage","url":"https:\/\/dev.tg4.ie\/wp-content\/uploads\/2023\/01\/Sciar_TG4_2022_1-1920x1080-1.jpg","contentUrl":"https:\/\/dev.tg4.ie\/wp-content\/uploads\/2023\/01\/Sciar_TG4_2022_1-1920x1080-1.jpg"},{"@type":"BreadcrumbList","@id":"https:\/\/dev.tg4.ie\/ga\/eolas\/preas\/nuacht-raitis\/2023-2\/sciar-tg4-meadaithe-in-2022\/#breadcrumb","itemListElement":[{"@type":"ListItem","position":1,"name":"Home","item":"https:\/\/dev.tg4.ie\/ga\/"},{"@type":"ListItem","position":2,"name":"Eolas","item":"https:\/\/dev.tg4.ie\/ga\/eolas\/"},{"@type":"ListItem","position":3,"name":"Preas","item":"https:\/\/dev.tg4.ie\/ga\/eolas\/preas\/"},{"@type":"ListItem","position":4,"name":"Nuacht R\u00e1itis","item":"https:\/\/dev.tg4.ie\/ga\/eolas\/preas\/nuacht-raitis\/"},{"@type":"ListItem","position":5,"name":"2023","item":"https:\/\/dev.tg4.ie\/ga\/eolas\/preas\/nuacht-raitis\/2023-2\/"},{"@type":"ListItem","position":6,"name":"Sciar TG4 m\u00e9adaithe in 2022"}]},{"@type":"WebSite","@id":"https:\/\/dev.tg4.ie\/en\/#website","url":"https:\/\/dev.tg4.ie\/en\/","name":"TG4","description":"S\u00fail Eile","potentialAction":[{"@type":"SearchAction","target":{"@type":"EntryPoint","urlTemplate":"https:\/\/dev.tg4.ie\/en\/?s={search_term_string}"},"query-input":"required name=search_term_string"}],"inLanguage":"ga"}]}},"_links":{"self":[{"href":"https:\/\/dev.tg4.ie\/ga\/wp-json\/wp\/v2\/pages\/181241"}],"collection":[{"href":"https:\/\/dev.tg4.ie\/ga\/wp-json\/wp\/v2\/pages"}],"about":[{"href":"https:\/\/dev.tg4.ie\/ga\/wp-json\/wp\/v2\/types\/page"}],"author":[{"embeddable":true,"href":"https:\/\/dev.tg4.ie\/ga\/wp-json\/wp\/v2\/users\/876"}],"replies":[{"embeddable":true,"href":"https:\/\/dev.tg4.ie\/ga\/wp-json\/wp\/v2\/comments?post=181241"}],"version-history":[{"count":0,"href":"https:\/\/dev.tg4.ie\/ga\/wp-json\/wp\/v2\/pages\/181241\/revisions"}],"up":[{"embeddable":true,"href":"https:\/\/dev.tg4.ie\/ga\/wp-json\/wp\/v2\/pages\/180840"}],"wp:attachment":[{"href":"https:\/\/dev.tg4.ie\/ga\/wp-json\/wp\/v2\/media?parent=181241"}],"curies":[{"name":"wp","href":"https:\/\/api.w.org\/{rel}","templated":true}]}}