{"id":181454,"date":"2023-01-20T12:39:25","date_gmt":"2023-01-20T12:39:25","guid":{"rendered":"https:\/\/dev.tg4.ie\/?page_id=181454"},"modified":"2024-03-14T12:36:30","modified_gmt":"2024-03-14T12:36:30","slug":"2023-2","status":"publish","type":"page","link":"https:\/\/dev.tg4.ie\/ga\/eolas\/gradaim\/2023-2\/","title":{"rendered":"2023"},"content":{"rendered":"<h1>2023<\/h1>\n<table>\n<thead>\n<td><strong>Cl\u00e1r \/ Duine<\/strong><\/td>\n<td><strong>Gradam<\/strong><\/td>\n<td><strong>Eagras<\/strong><\/td>\n<\/thead>\n<p><!--tbody style=\"display: flex; flex-direction: column-reverse; \"--><\/p>\n<tbody>\n<tr>\n<td>An Cail\u00edn Ci\u00fain<\/td>\n<td>Scann\u00e1n nach bhfuil i mB\u00e9arla: Ainmni\u00fach\u00e1n<\/td>\n<td>BAFTA<\/td>\n<\/tr>\n<tr>\n<td>An Cail\u00edn Ci\u00fain<\/td>\n<td>Script Scann\u00e1in C\u00f3irithe: Ainmni\u00fach\u00e1n<\/td>\n<td>BAFTA<\/td>\n<\/tr>\n<tr>\n<td>An Cail\u00edn Ci\u00fain<\/td>\n<td>Gradam Lucht F\u00e9achana<\/td>\n<td>Festival Actual, An Sp\u00e1inn<\/td>\n<\/tr>\n<tr>\n<td>An Cail\u00edn Ci\u00fain<\/td>\n<td>\u00c9acht Mh\u00f3rshuntais in Eagarth\u00f3ireacht Fuaime &#8211; Gn\u00e9 Teanga Iasachta: Ainmni\u00fach\u00e1n<\/td>\n<td>Motion Picture Sound Editors<\/td>\n<\/tr>\n<tr>\n<td>Kate McCullough, An Cail\u00edn Ci\u00fain<\/td>\n<td>Gradam Spotsolais: Ainmni\u00fach\u00e1n<\/td>\n<td>American Society of Cinematographers<\/td>\n<\/tr>\n<tr>\n<td>An Cail\u00edn Ci\u00fain<\/td>\n<td>Pr\u00edomhscann\u00e1n Idirn\u00e1isi\u00fanta is Fearr: Ainmni\u00fach\u00e1n<\/td>\n<td>Oscars 2023<\/td>\n<\/tr>\n<tr>\n<td>An Cail\u00edn Ci\u00fain<\/td>\n<td>An Scann\u00e1n Iasachta Is Fearr<\/td>\n<td>AARP Gradaim <em>Movies for Grownups<\/em><\/td>\n<\/tr>\n<tr>\n<td>An Cail\u00edn Ci\u00fain<\/td>\n<td>An Scann\u00e1n is Fearr i dTeanga Iasachta<\/td>\n<td>London Critic\u2019s Circle 2022<\/td>\n<\/tr>\n<tr>\n<td>An Cail\u00edn Ci\u00fain<\/td>\n<td>Gradam Lucht F\u00e9achana<\/td>\n<td>F\u00e9ile Scann\u00e1n Annonay, An Fhrainc<\/td>\n<\/tr>\n<tr>\n<td>An Cail\u00edn Ci\u00fain<\/td>\n<td>Gradam Gi\u00fair\u00e9<\/td>\n<td>F\u00e9ile Scann\u00e1n Annonay, An Fhrainc<\/td>\n<\/tr>\n<tr>\n<td>An Cail\u00edn Ci\u00fain<\/td>\n<td>An Gradam Oscar Wilde<\/td>\n<td>Gradaim Oscar Wilde: US-Ireland Alliance<\/td>\n<\/tr>\n<tr>\n<td>Doineann &#8211; Doubleband Films<\/td>\n<td>Dr\u00e1ma\u00edocht: Ainmni\u00fach\u00e1n<\/td>\n<td>Gradaim RTS 2023<\/td>\n<\/tr>\n<tr>\n<td>Cumasc: Seisi\u00fain sa Black Gate, Black Gate Productions<\/td>\n<td>Siamsa\u00edocht: Ainmni\u00fach\u00e1n<\/td>\n<td>Gradaim RTS 2023<\/td>\n<\/tr>\n<tr>\n<td>Cois M\u00f3ire, Cormorant Films<\/td>\n<td>Sraith Fh\u00edorasach: Ainmni\u00fach\u00e1n<\/td>\n<td>Gradaim RTS 2023<\/td>\n<\/tr>\n<tr>\n<td>An Diabhal Inti, Lagan Media Productions<\/td>\n<td>Sraith Fh\u00edorasach: Ainmni\u00fach\u00e1n<\/td>\n<td>Gradaim RTS 2023<\/td>\n<\/tr>\n<tr>\n<td>Cyril Cusack: L\u00e1r An St\u00e1itse, Dearg Films<\/td>\n<td>Cl\u00e1r F\u00edorasach: Ainmni\u00fach\u00e1n<\/td>\n<td>Gradaim RTS 2023<\/td>\n<\/tr>\n<tr>\n<td>Laochra Gael &#8211; Terence McNaughton, Nemeton TV<\/td>\n<td>Sp\u00f3rt: Buaiteoir<\/td>\n<td>Gradaim RTS 2023<\/td>\n<\/tr>\n<tr>\n<td>Anton O&#8217;Toole &#8211; Finsc\u00e9al de Shaol GAA, Bankos Tales Productions<\/td>\n<td>Sp\u00f3rt: Ainmni\u00fach\u00e1n<\/td>\n<td>Gradaim RTS 2023<\/td>\n<\/tr>\n<tr>\n<td>An Buachaill Gealgh\u00e1ireach, Imagine Media<\/td>\n<td>Sainchl\u00e1r F\u00edorasach: Ainmni\u00fach\u00e1n<\/td>\n<td>Gradaim RTS 2023<\/td>\n<\/tr>\n<tr>\n<td>Bagatelle &#8211; \u00d3m\u00f3s do Liam Reilly, Four Quadrant Films<\/td>\n<td>Siamsa\u00edocht Fh\u00edorasach: Ainmni\u00fach\u00e1n<\/td>\n<td>Gradaim RTS 2023<\/td>\n<\/tr>\n<tr>\n<td>R\u00f3ise &#038; Frank<\/td>\n<td>Scann\u00e1n is Fearr &#8211; Ainmni\u00fach\u00e1n<\/td>\n<td>IFTA 2023<\/td>\n<\/tr>\n<tr>\n<td>R\u00f3ise &#038; Frank &#8211; Rachael Moriarty &#038; Peter Murphy<\/td>\n<td>Sti\u00farth\u00f3ir &#8211; Scann\u00e1n: Ainmni\u00fach\u00e1n<\/td>\n<td>IFTA 2023<\/td>\n<\/tr>\n<tr>\n<td>R\u00f3ise &#038; Frank &#8211; Rachael Moriarty &#038; Peter Murphy<\/td>\n<td>Script &#8211; Scann\u00e1n: Ainmni\u00fach\u00e1n<\/td>\n<td>IFTA 2023<\/td>\n<\/tr>\n<tr>\n<td>R\u00f3ise &#038; Frank &#8211; Br\u00edd N\u00ed Neacht\u00e1in<\/td>\n<td>Banaisteoir is Fearr &#8211; Scann\u00e1n: Ainmni\u00fach\u00e1n<\/td>\n<td>IFTA 2023<\/td>\n<\/tr>\n<tr>\n<td>R\u00f3ise &#038; Frank &#8211; P\u00e1draig O\u2019Neill<\/td>\n<td>Dearadh L\u00e9iri\u00fach\u00e1in: Ainmni\u00fach\u00e1n<\/td>\n<td>IFTA 2023<\/td>\n<\/tr>\n<tr>\n<td>R\u00f3ise &#038; Frank &#8211; Colm Mac Con Iomaire<\/td>\n<td>Buncheol : Ainmni\u00fach\u00e1n<\/td>\n<td>IFTA 2023<\/td>\n<\/tr>\n<tr>\n<td>Tarrac &#8211; Kelly Gough<\/td>\n<td>Banaisteoir is Fearr &#8211; Scann\u00e1n: Ainmni\u00fach\u00e1n<\/td>\n<td>IFTA 2023<\/td>\n<\/tr>\n<tr>\n<td>M\u00e1ire Aoibhinn N\u00ed \u00d3g\u00e1in<\/td>\n<td>Gradam Comaoine do Bhall LM\u00c9 &#8211; Ainmni\u00fach\u00e1n<\/td>\n<td>Gradaim Litearthacht sna Me\u00e1in, \u00c9ire<\/td>\n<\/tr>\n<tr>\n<td>Ini\u00fachadh TG4 &#8211; C\u00e9ad M\u00edle F\u00e1ilte?<\/td>\n<td>Iriseoireacht Ini\u00fachta<\/td>\n<td>Circom Regional 2023<\/td>\n<\/tr>\n<tr>\n<td>TG4<\/td>\n<td>Twitter i gcomhair Branda Inmhe\u00e1nach n\u00f3 faoi sti\u00fair Gn\u00edomhaireachta &#8211; Ainmni\u00fach\u00e1n<\/td>\n<td>Sockies 2023<\/td>\n<\/tr>\n<tr>\n<td>Sp\u00f3rt TG4<\/td>\n<td>Twitter i gcomhair Branda Inmhe\u00e1nach n\u00f3 faoi sti\u00fair Gn\u00edomhaireachta &#8211; Ainmni\u00fach\u00e1n<\/td>\n<td>Sockies 2023<\/td>\n<\/tr>\n<tr>\n<td>TG4 &#8211; Fleadh Cheoil<\/td>\n<td>Feachtas TikTok &#8211; Ainmni\u00fach\u00e1n<\/td>\n<td>Sockies 2023<\/td>\n<\/tr>\n<tr>\n<td>R\u00f3ise &#038; Frank \u2013 Br\u00edd N\u00ed Neacht\u00e1in<\/td>\n<td>Banaisteoir is Fearr \u2013 Scann\u00e1n: Buaiteoir<\/td>\n<td>IFTA 2023<\/td>\n<\/tr>\n<tr>\n<td>C\u00fala4<\/td>\n<td>Gradam Marga\u00edochta as Gaeilge: Ainmni\u00fach\u00e1in<\/td>\n<td>Na Gradaim Mharga\u00edochta Uile-\u00c9ireann 2023<\/td>\n<\/tr>\n<tr>\n<td>An Cail\u00edn Ci\u00fain<\/td>\n<td>Spiorad na F\u00e9ile<\/td>\n<td>F\u00e9ile na Me\u00e1n Ceilteach 2023<\/td>\n<\/tr>\n<tr>\n<td>An Cail\u00edn Ci\u00fain<\/td>\n<td>Gradam Torc &#8211; Dr\u00e1ma Aonair<\/td>\n<td>F\u00e9ile na Me\u00e1n Ceilteach 2023<\/td>\n<\/tr>\n<tr>\n<td>An Cail\u00edn Ci\u00fain<\/td>\n<td>Gradam Edgar<\/td>\n<td>Heimat Europa Filmfestspiele 2023, Simmern, An Ghearm\u00e1in<\/td>\n<\/tr>\n<\/tbody>\n<\/table>\n<p>&nbsp;<\/p>\n<p>LYRA:<br \/>\n1.            Gradam Lucht F\u00e9achana Fh\u00e9ile Scann\u00e1n Idirn\u00e1isi\u00fanta Chorca\u00ed<\/p>\n<p>2.            F\u00e9ile Scann\u00e1n Idirn\u00e1isi\u00fanta Sheffield \u2013 Gradam Tim Hetherington<\/p>\n<p>3.            F\u00e9ile Scann\u00e1n Idirn\u00e1isi\u00fanta Giffioni na hIod\u00e1ile \u2013 Gradam Lucht F\u00e9achana \u00d3ige<\/p>\n<p>4.            Acaill, Gradam don Chl\u00e1r Faisn\u00e9ise is Fearr<\/p>\n<p>5.            Gradam don Chl\u00e1r Faisn\u00e9ise is Fearr ag F\u00e9ile Scann\u00e1n Idirn\u00e1isi\u00fanta Tel Aviv um Chearta an Duine<\/p>\n<p>6.            Docs Barcelona  &#8211; Gradam Amnesty International um Chearta an Duine don Chl\u00e1r Faisn\u00e9ise is Fearr<\/p>\n<p>7.            Gradam don Scann\u00e1n Faisn\u00e9ise don \u00d3ige is Fearr ag Millenium Docs Against Gravity, F\u00e9ile Scann\u00e1n Idirn\u00e1isi\u00fanta na Polainne<\/p>\n<p>8.            Gradam Lucht F\u00e9achana Fh\u00e9ile Scann\u00e1n Hebden Bridge<\/p>\n<p>9.            Gradam Prix Europa don Chl\u00e1r Faisn\u00e9ise Eorpach is Fearr<\/p>\n<p>10.         F\u00e9ile Scann\u00e1n Errenteria um Chearta an Duine &#8211; Gradam Lucht F\u00e9achana<\/p>\n<p>11.         Gradam Grierson don Chl\u00e1r Faisn\u00e9ise Aonair is Fearr<\/p>\n<p>12.         Gradam an Chumainn Iriseoir\u00ed Idirn\u00e1isi\u00fanta don Chl\u00e1r Faisn\u00e9ise Daonsp\u00e9ise is Fearr<\/p>\n<p>13.         Gradam Televisual Bulldog don Chl\u00e1r Faisn\u00e9ise Aonair is Fearr<\/p>\n<p>14.         Gradam RTS Eagarth\u00f3ireachta &#8211; Chloe Lambourne don Chl\u00e1r Faisn\u00e9ise Gan Script is Fearr &#8211; Lyra<\/p>\n<p>15.         Gradam Broadcast don Chl\u00e1r Faisn\u00e9ise is Fearr<\/p>\n","protected":false},"excerpt":{"rendered":"<p>2023 Cl\u00e1r \/ Duine Gradam Eagras An Cail\u00edn Ci\u00fain Scann\u00e1n nach bhfuil i mB\u00e9arla: Ainmni\u00fach\u00e1n BAFTA An Cail\u00edn Ci\u00fain Script Scann\u00e1in C\u00f3irithe: Ainmni\u00fach\u00e1n BAFTA An Cail\u00edn Ci\u00fain Gradam Lucht F\u00e9achana Festival Actual, An Sp\u00e1inn An Cail\u00edn Ci\u00fain \u00c9acht Mh\u00f3rshuntais in Eagarth\u00f3ireacht Fuaime &#8211; Gn\u00e9 Teanga Iasachta: Ainmni\u00fach\u00e1n Motion Picture Sound Editors Kate McCullough, An Cail\u00edn [&hellip;]<\/p>\n","protected":false},"author":876,"featured_media":0,"parent":1219,"menu_order":25,"comment_status":"closed","ping_status":"closed","template":"page-templates\/template-corporate.php","meta":{"_acf_changed":false,"footnotes":""},"acf":[],"yoast_head":"<!-- This site is optimized with the Yoast SEO plugin v22.6 - https:\/\/yoast.com\/wordpress\/plugins\/seo\/ -->\n<title>Gradaim 2023 | TG4<\/title>\n<meta name=\"robots\" content=\"index, follow, max-snippet:-1, max-image-preview:large, max-video-preview:-1\" \/>\n<meta property=\"og:locale\" content=\"en_US\" \/>\n<meta property=\"og:type\" content=\"article\" \/>\n<meta property=\"og:title\" content=\"Gradaim 2023 | TG4\" \/>\n<meta property=\"og:description\" content=\"2023 Cl\u00e1r \/ Duine Gradam Eagras An Cail\u00edn Ci\u00fain Scann\u00e1n nach bhfuil i mB\u00e9arla: Ainmni\u00fach\u00e1n BAFTA An Cail\u00edn Ci\u00fain Script Scann\u00e1in C\u00f3irithe: Ainmni\u00fach\u00e1n BAFTA An Cail\u00edn Ci\u00fain Gradam Lucht F\u00e9achana Festival Actual, An Sp\u00e1inn An Cail\u00edn Ci\u00fain \u00c9acht Mh\u00f3rshuntais in Eagarth\u00f3ireacht Fuaime &#8211; Gn\u00e9 Teanga Iasachta: Ainmni\u00fach\u00e1n Motion Picture Sound Editors Kate McCullough, An Cail\u00edn [&hellip;]\" \/>\n<meta property=\"og:url\" content=\"https:\/\/dev.tg4.ie\/ga\/eolas\/gradaim\/2023-2\/\" \/>\n<meta property=\"og:site_name\" content=\"TG4\" \/>\n<meta property=\"article:publisher\" content=\"https:\/\/www.facebook.com\/TG4TV\" \/>\n<meta property=\"article:modified_time\" content=\"2024-03-14T12:36:30+00:00\" \/>\n<meta property=\"og:image\" content=\"https:\/\/tg4-docs.s3.amazonaws.com\/wp-content\/uploads\/2024\/11\/18151812\/TG4_2024_corcra_teal_1-1920x1080-1.jpg\" \/>\n\t<meta property=\"og:image:width\" content=\"1920\" \/>\n\t<meta property=\"og:image:height\" content=\"1080\" \/>\n\t<meta property=\"og:image:type\" content=\"image\/jpeg\" \/>\n<meta name=\"twitter:card\" content=\"summary_large_image\" \/>\n<meta name=\"twitter:site\" content=\"@TG4TV\" \/>\n<meta name=\"twitter:label1\" content=\"Est. reading time\" \/>\n\t<meta name=\"twitter:data1\" content=\"2 minutes\" \/>\n<script type=\"application\/ld+json\" class=\"yoast-schema-graph\">{\"@context\":\"https:\/\/schema.org\",\"@graph\":[{\"@type\":\"WebPage\",\"@id\":\"https:\/\/dev.tg4.ie\/ga\/eolas\/gradaim\/2023-2\/\",\"url\":\"https:\/\/dev.tg4.ie\/ga\/eolas\/gradaim\/2023-2\/\",\"name\":\"Gradaim 2023 | TG4\",\"isPartOf\":{\"@id\":\"https:\/\/dev.tg4.ie\/en\/#website\"},\"datePublished\":\"2023-01-20T12:39:25+00:00\",\"dateModified\":\"2024-03-14T12:36:30+00:00\",\"breadcrumb\":{\"@id\":\"https:\/\/dev.tg4.ie\/ga\/eolas\/gradaim\/2023-2\/#breadcrumb\"},\"inLanguage\":\"ga\",\"potentialAction\":[{\"@type\":\"ReadAction\",\"target\":[\"https:\/\/dev.tg4.ie\/ga\/eolas\/gradaim\/2023-2\/\"]}]},{\"@type\":\"BreadcrumbList\",\"@id\":\"https:\/\/dev.tg4.ie\/ga\/eolas\/gradaim\/2023-2\/#breadcrumb\",\"itemListElement\":[{\"@type\":\"ListItem\",\"position\":1,\"name\":\"Home\",\"item\":\"https:\/\/dev.tg4.ie\/ga\/\"},{\"@type\":\"ListItem\",\"position\":2,\"name\":\"Eolas\",\"item\":\"https:\/\/dev.tg4.ie\/ga\/eolas\/\"},{\"@type\":\"ListItem\",\"position\":3,\"name\":\"Gradaim\",\"item\":\"https:\/\/dev.tg4.ie\/ga\/eolas\/gradaim\/\"},{\"@type\":\"ListItem\",\"position\":4,\"name\":\"2023\"}]},{\"@type\":\"WebSite\",\"@id\":\"https:\/\/dev.tg4.ie\/en\/#website\",\"url\":\"https:\/\/dev.tg4.ie\/en\/\",\"name\":\"TG4\",\"description\":\"S\u00fail Eile\",\"potentialAction\":[{\"@type\":\"SearchAction\",\"target\":{\"@type\":\"EntryPoint\",\"urlTemplate\":\"https:\/\/dev.tg4.ie\/en\/?s={search_term_string}\"},\"query-input\":\"required name=search_term_string\"}],\"inLanguage\":\"ga\"}]}<\/script>\n<!-- \/ Yoast SEO plugin. -->","yoast_head_json":{"title":"Gradaim 2023 | TG4","robots":{"index":"index","follow":"follow","max-snippet":"max-snippet:-1","max-image-preview":"max-image-preview:large","max-video-preview":"max-video-preview:-1"},"og_locale":"en_US","og_type":"article","og_title":"Gradaim 2023 | TG4","og_description":"2023 Cl\u00e1r \/ Duine Gradam Eagras An Cail\u00edn Ci\u00fain Scann\u00e1n nach bhfuil i mB\u00e9arla: Ainmni\u00fach\u00e1n BAFTA An Cail\u00edn Ci\u00fain Script Scann\u00e1in C\u00f3irithe: Ainmni\u00fach\u00e1n BAFTA An Cail\u00edn Ci\u00fain Gradam Lucht F\u00e9achana Festival Actual, An Sp\u00e1inn An Cail\u00edn Ci\u00fain \u00c9acht Mh\u00f3rshuntais in Eagarth\u00f3ireacht Fuaime &#8211; Gn\u00e9 Teanga Iasachta: Ainmni\u00fach\u00e1n Motion Picture Sound Editors Kate McCullough, An Cail\u00edn [&hellip;]","og_url":"https:\/\/dev.tg4.ie\/ga\/eolas\/gradaim\/2023-2\/","og_site_name":"TG4","article_publisher":"https:\/\/www.facebook.com\/TG4TV","article_modified_time":"2024-03-14T12:36:30+00:00","og_image":[{"width":1920,"height":1080,"url":"https:\/\/tg4-docs.s3.amazonaws.com\/wp-content\/uploads\/2024\/11\/18151812\/TG4_2024_corcra_teal_1-1920x1080-1.jpg","type":"image\/jpeg"}],"twitter_card":"summary_large_image","twitter_site":"@TG4TV","twitter_misc":{"Est. reading time":"2 minutes"},"schema":{"@context":"https:\/\/schema.org","@graph":[{"@type":"WebPage","@id":"https:\/\/dev.tg4.ie\/ga\/eolas\/gradaim\/2023-2\/","url":"https:\/\/dev.tg4.ie\/ga\/eolas\/gradaim\/2023-2\/","name":"Gradaim 2023 | TG4","isPartOf":{"@id":"https:\/\/dev.tg4.ie\/en\/#website"},"datePublished":"2023-01-20T12:39:25+00:00","dateModified":"2024-03-14T12:36:30+00:00","breadcrumb":{"@id":"https:\/\/dev.tg4.ie\/ga\/eolas\/gradaim\/2023-2\/#breadcrumb"},"inLanguage":"ga","potentialAction":[{"@type":"ReadAction","target":["https:\/\/dev.tg4.ie\/ga\/eolas\/gradaim\/2023-2\/"]}]},{"@type":"BreadcrumbList","@id":"https:\/\/dev.tg4.ie\/ga\/eolas\/gradaim\/2023-2\/#breadcrumb","itemListElement":[{"@type":"ListItem","position":1,"name":"Home","item":"https:\/\/dev.tg4.ie\/ga\/"},{"@type":"ListItem","position":2,"name":"Eolas","item":"https:\/\/dev.tg4.ie\/ga\/eolas\/"},{"@type":"ListItem","position":3,"name":"Gradaim","item":"https:\/\/dev.tg4.ie\/ga\/eolas\/gradaim\/"},{"@type":"ListItem","position":4,"name":"2023"}]},{"@type":"WebSite","@id":"https:\/\/dev.tg4.ie\/en\/#website","url":"https:\/\/dev.tg4.ie\/en\/","name":"TG4","description":"S\u00fail Eile","potentialAction":[{"@type":"SearchAction","target":{"@type":"EntryPoint","urlTemplate":"https:\/\/dev.tg4.ie\/en\/?s={search_term_string}"},"query-input":"required name=search_term_string"}],"inLanguage":"ga"}]}},"_links":{"self":[{"href":"https:\/\/dev.tg4.ie\/ga\/wp-json\/wp\/v2\/pages\/181454"}],"collection":[{"href":"https:\/\/dev.tg4.ie\/ga\/wp-json\/wp\/v2\/pages"}],"about":[{"href":"https:\/\/dev.tg4.ie\/ga\/wp-json\/wp\/v2\/types\/page"}],"author":[{"embeddable":true,"href":"https:\/\/dev.tg4.ie\/ga\/wp-json\/wp\/v2\/users\/876"}],"replies":[{"embeddable":true,"href":"https:\/\/dev.tg4.ie\/ga\/wp-json\/wp\/v2\/comments?post=181454"}],"version-history":[{"count":0,"href":"https:\/\/dev.tg4.ie\/ga\/wp-json\/wp\/v2\/pages\/181454\/revisions"}],"up":[{"embeddable":true,"href":"https:\/\/dev.tg4.ie\/ga\/wp-json\/wp\/v2\/pages\/1219"}],"wp:attachment":[{"href":"https:\/\/dev.tg4.ie\/ga\/wp-json\/wp\/v2\/media?parent=181454"}],"curies":[{"name":"wp","href":"https:\/\/api.w.org\/{rel}","templated":true}]}}