{"id":182745,"date":"2023-02-03T14:31:06","date_gmt":"2023-02-03T14:31:06","guid":{"rendered":"https:\/\/dev.tg4.ie\/?page_id=182745"},"modified":"2023-02-15T16:31:35","modified_gmt":"2023-02-15T16:31:35","slug":"craoltoiri-as-eirinn-as-an-mbreatain-bheag-as-an-tsin-agus-as-poblacht-na-coire-tagtha-i-gcomhar-le-cheile-le-haghaidh-comhleiriu-staideanna-idirnaisiunta","status":"publish","type":"page","link":"https:\/\/dev.tg4.ie\/ga\/eolas\/preas\/nuacht-raitis\/2023-2\/craoltoiri-as-eirinn-as-an-mbreatain-bheag-as-an-tsin-agus-as-poblacht-na-coire-tagtha-i-gcomhar-le-cheile-le-haghaidh-comhleiriu-staideanna-idirnaisiunta\/","title":{"rendered":"Craolt\u00f3ir\u00ed as \u00c9irinn, as an mBreatain Bheag, as an tS\u00edn agus as Poblacht na C\u00f3ir\u00e9 tagtha i gcomhar le ch\u00e9ile le haghaidh comhl\u00e9iri\u00fa Staideanna idirn\u00e1isi\u00fanta"},"content":{"rendered":"<p><img loading=\"lazy\" decoding=\"async\" width=\"1920\" height=\"1080\" src=\"https:\/\/tg4-docs.s3.amazonaws.com\/wp-content\/uploads\/2023\/02\/03141516\/Na_Goirt_Orga_Dara_O_Cinneide_1-1920x1080-1.jpg\" alt=\"\" class=\"aligncenter size-full wp-image-182756\" srcset=\"https:\/\/tg4-docs.s3.amazonaws.com\/wp-content\/uploads\/2023\/02\/03141516\/Na_Goirt_Orga_Dara_O_Cinneide_1-1920x1080-1.jpg 1920w, https:\/\/tg4-docs.s3.amazonaws.com\/wp-content\/uploads\/2023\/02\/03141516\/Na_Goirt_Orga_Dara_O_Cinneide_1-1920x1080-1-250x141.jpg 250w, https:\/\/tg4-docs.s3.amazonaws.com\/wp-content\/uploads\/2023\/02\/03141516\/Na_Goirt_Orga_Dara_O_Cinneide_1-1920x1080-1-700x394.jpg 700w, https:\/\/tg4-docs.s3.amazonaws.com\/wp-content\/uploads\/2023\/02\/03141516\/Na_Goirt_Orga_Dara_O_Cinneide_1-1920x1080-1-252x141.jpg 252w, https:\/\/tg4-docs.s3.amazonaws.com\/wp-content\/uploads\/2023\/02\/03141516\/Na_Goirt_Orga_Dara_O_Cinneide_1-1920x1080-1-1536x864.jpg 1536w, https:\/\/tg4-docs.s3.amazonaws.com\/wp-content\/uploads\/2023\/02\/03141516\/Na_Goirt_Orga_Dara_O_Cinneide_1-1920x1080-1-120x68.jpg 120w\" sizes=\"(max-width: 1920px) 100vw, 1920px\" \/><br \/>\n&nbsp;<\/p>\n<p>T\u00e1 craolt\u00f3ir\u00ed as \u00c9irinn, as an mBreatain Bheag, as an tS\u00edn agus as Poblacht na C\u00f3ir\u00e9 tagtha i gcomhar le ch\u00e9ile chun sraith nua a chomhl\u00e9iri\u00fa a bheidh ag d\u00edri\u00fa ar roinnt de na l\u00e1ithreacha sp\u00f3irt is fearr ar domhan<br \/>\n&nbsp;<br \/>\nIs comhl\u00e9iri\u00fa idirn\u00e1isi\u00fanta ceannr\u00f3da\u00edoch \u00e9 <strong>\u2018Stadiums\u2019<\/strong> (4&#215;60) idir an craolt\u00f3ir Gaeilge TG4, an craolt\u00f3ir Breatnaise S4C agus na comhlachta\u00ed l\u00e9iri\u00fach\u00e1in Loosehorse and Cwmni Da, agus a bhfuil taca\u00edocht faighte aige \u00f3 LIC China, Jeonju Television (JTV) agus an Korean Communications Agency (KCA). T\u00e1 taca\u00edocht faighte ag an tionscadal \u00f3 Rialtas na Breataine Bige freisin tr\u00ed Creative Wales.<br \/>\n&nbsp;<br \/>\nTugtar cuairt ar go leor de na staideanna is aitheanta ar domhan sa tsraith, lena n-\u00e1ir\u00edtear Staid Bird\u2019s Nest i mB\u00e9ising, Staid Oilimpeach Sh\u00fal, Staid Azteca i gCathair Mheicsiceo agus Anfield i Learpholl.<br \/>\n&nbsp;<br \/>\nT\u00e1 a f\u00e9ini\u00falacht f\u00e9in ag gach l\u00e1thair agus i l\u00e9iri\u00fa <strong>Stadiums<\/strong> tabharfar l\u00e9argas ar leith don lucht f\u00e9achana ar fud an domhain ar na p\u00e1l\u00e1is phaisin; idir na sc\u00e9alta stairi\u00fala agus an t-atmaisf\u00e9ar a bh\u00edonn ann ar l\u00e1 na gcluich\u00ed a bhfuil ardmheas air, an m\u00f3rchumas ailtireachta agus teicneola\u00edochta agus an t\u00e1bhacht \u00f3 thaobh an chult\u00fair at\u00e1 ag na staideanna.<br \/>\n&nbsp;<br \/>\nTabharfar <strong>Jason Mohammad: Stadiymau\u2019r Byd<\/strong> ar an leagan Breatnaise de <strong>Stadiums<\/strong> agus is \u00e9 Jason Mohammad, l\u00e1ithreoir BBC Final Score agus Pen\/Campwyr a chuirfidh an leagan Breatnaise i l\u00e1thair agus beidh Dara \u00d3 Cinn\u00e9ide, fear a bhfuil craobh CLG na h\u00c9ireann buaite c\u00faig huaire aige agus at\u00e1 anois ina chraolt\u00f3ir, ag cur an leagain Gaeilge ar TG4 i l\u00e1thair, <strong>Na Goirt \u00d3rga<\/strong>.<br \/>\n&nbsp;<br \/>\nIs \u00e9 an tionscadal seo an chuid is deireana\u00ed i sraith de chomhl\u00e9irithe idir craolt\u00f3ir\u00ed Ceilteacha agus \u00c1iseacha i ndiaidh <strong>Tide<\/strong> agus <strong>Rain: The Untold Story<\/strong> ar \u00e9irigh go maith leo:<br \/>\n&nbsp;<br \/>\nIs \u00e9ard a d\u00fairt <strong>Alan Esslemont, Ard-Sti\u00farth\u00f3ir TG4<\/strong>: <em>&#8220;T\u00e1 a fhios againn le tamall fada, ach t\u00e1 s\u00e9 thar a bheith soil\u00e9ir i bhfianaise chomh maith is a d\u2019\u00e9irigh leis \u2018An Cail\u00edn Ci\u00fain\/The Quiet Girl\u2019 ar fud an domhain, nach bhfuil an teanga ina bac ar rath idirn\u00e1isi\u00fanta a bhaint amach. T\u00e1 S4C ina eiseaml\u00e1ir do TG4 le blianta beaga anuas agus t\u00e1 \u2018Stadiums\u2019 an comhl\u00e9iri\u00fa is d\u00e9ana\u00ed ar liosta comhl\u00e9irithe f\u00edorasacha at\u00e1 ar ardchaighde\u00e1n idir TG4 agus an Bhreatain Bheag.  Is comhph\u00e1irt\u00ed margaidh idirn\u00e1isi\u00fanta strait\u00e9isigh \u00e9 S4C do TG4 de r\u00e9ir mar a oibr\u00edonn muid leis an earn\u00e1il neamhsple\u00e1ch closamhairc agus leis an bpobal cruthaitheach in \u00c9irinn chun cuideachta\u00ed sc\u00e1la rath\u00fala agus inbhuanaithe a fhorbairt.&#8221;<\/em><br \/>\n&nbsp;<br \/>\nIs \u00e9ard a d\u00fairt <strong>Llinos Wynne, Coimisin\u00e9ir F\u00edorasach S4C<\/strong>: <em>\u201cIs sraith iontach \u00e9 Stadiums agus t\u00e1 muid m\u00f3rtasach go raibh muid ag oibri\u00fa len\u00e1r gcomhph\u00e1irtithe idirn\u00e1isi\u00fanta chun l\u00e9argas neamhghn\u00e1ch a thabhairt ar chuid de na staideanna is suntasa\u00ed ar domhan. Leagtar b\u00e9im sa tsraith ar an gcumhacht dh\u00edlis a bhaineann le comhoibri\u00fa i measc an lucht f\u00e9achana i gcoitinne agus is \u00e1bhar m\u00f3r muin\u00edne \u00e9 sin sa tionscal cruthaitheachta at\u00e1 ag dul \u00f3 neart go neart anseo sa Bhreatain Bheag.\u201d<\/em><br \/>\n&nbsp;<br \/>\nIs \u00e9ard a d\u00fairt <strong>Llion Iwan, Sti\u00farth\u00f3ir Bainistithe Cwmni Da<\/strong>: <em>\u201cC\u00e9 go bhfuil an sp\u00f3rt ioma\u00edoch, tugann s\u00e9 daoine le ch\u00e9ile freisin, b\u00edodh s\u00e9 sin pobail n\u00f3 n\u00e1isi\u00fain n\u00f3 staideanna le bheith le ch\u00e9ile chun dul in ioma\u00edocht agus chun ceili\u00faradh a dh\u00e9anamh. Cuireann an smaoineamh chun sc\u00e9alta na staideanna ar fud an domhain a insint ar chumas an lucht f\u00e9achana n\u00ed hamh\u00e1in taitneamh a bhaint as an t\u00edrdhreach ach a bheith ag foghlaim faoi chruth\u00fa agus stair na staideanna. Mar dhaoine, is daoine cuideacht\u00fala muid agus b\u00edonn atmaisf\u00e9ar ar leith sna h\u00e1iteanna sin.\u201d<\/em><br \/>\n&nbsp;<br \/>\nIs \u00e9ard a d\u00fairt <strong>Cormac \u00d3 h\u00c1rgad\u00e1in, l\u00e9iritheoir sraithe in Loosehorse<\/strong>: <em>\u201cT\u00e1 i bhfad n\u00edos m\u00f3 i gceist le staideanna seachas iontais ailtireachta de chruach agus cloch, is ardeaglais\u00ed beo iad ina dtagann pobail le ch\u00e9ile chun caidreamh a dh\u00e9anamh, mar go dtugtar an-aird sna staideanna ar na laochra sp\u00f3irt. T\u00e1 an m\u00e9id sin f\u00edor is cuma m\u00e1 t\u00e1 t\u00fa ag cluiche ceannais contae i gCiarra\u00ed n\u00f3 ag Cluiche Ceannais Chorn an Domhain i gCathair Mheicsiceo.  Bh\u00ed \u00e1thas orm cuireadh a fh\u00e1il p\u00e1irt a ghlacadh sa tionscadal ar leith seo agus a bheith in \u00e9ineacht le Dara \u00d3 Cinn\u00e9ide de r\u00e9ir mar a thug seisean lucht f\u00e9achana na h\u00c9ireann ar fud an domhain chun ceili\u00faradh spreag\u00fail a dh\u00e9anamh ar an bpaisean at\u00e1 ag daoine don sp\u00f3rt.\u201d<\/em><br \/>\n&nbsp;<br \/>\nCraolfar Na Goirt \u00d3rga ar an 23 M\u00e1rta 2023 ar TG4.<br \/>\n&nbsp;<br \/>\nBeidh Jason Mohammad: Stadiymau\u2019r Byd ag tos\u00fa ar S4C ar an 5 Aibre\u00e1n 2024.<\/p>\n<p>&nbsp;<br \/>\n&nbsp;<\/p>\n","protected":false},"excerpt":{"rendered":"<p>&nbsp; T\u00e1 craolt\u00f3ir\u00ed as \u00c9irinn, as an mBreatain Bheag, as an tS\u00edn agus as Poblacht na C\u00f3ir\u00e9 tagtha i gcomhar le ch\u00e9ile chun sraith nua a chomhl\u00e9iri\u00fa a bheidh ag d\u00edri\u00fa ar roinnt de na l\u00e1ithreacha sp\u00f3irt is fearr ar domhan &nbsp; Is comhl\u00e9iri\u00fa idirn\u00e1isi\u00fanta ceannr\u00f3da\u00edoch \u00e9 \u2018Stadiums\u2019 (4&#215;60) idir an craolt\u00f3ir Gaeilge TG4, an [&hellip;]<\/p>\n","protected":false},"author":876,"featured_media":0,"parent":180840,"menu_order":3,"comment_status":"closed","ping_status":"closed","template":"page-templates\/template-pr.php","meta":{"_acf_changed":false,"footnotes":""},"acf":[],"yoast_head":"<!-- This site is optimized with the Yoast SEO plugin v22.6 - https:\/\/yoast.com\/wordpress\/plugins\/seo\/ -->\n<title>Craolt\u00f3ir\u00ed as \u00c9irinn, as an mBreatain Bheag, as an tS\u00edn agus as Poblacht na C\u00f3ir\u00e9 tagtha i gcomhar le ch\u00e9ile le haghaidh comhl\u00e9iri\u00fa Staideanna idirn\u00e1isi\u00fanta | Preas R\u00e1iteas | TG4<\/title>\n<meta name=\"description\" content=\"T\u00e1 craolt\u00f3ir\u00ed as \u00c9irinn, as an mBreatain Bheag, as an tS\u00edn agus as Poblacht na C\u00f3ir\u00e9 tagtha i gcomhar le ch\u00e9ile chun sraith nua a chomhl\u00e9iri\u00fa a bheidh ag d\u00edri\u00fa ar roinnt de na l\u00e1ithreacha sp\u00f3irt is fearr ar domhan.\" \/>\n<meta name=\"robots\" content=\"index, follow, max-snippet:-1, max-image-preview:large, max-video-preview:-1\" \/>\n<meta property=\"og:locale\" content=\"en_US\" \/>\n<meta property=\"og:type\" content=\"article\" \/>\n<meta property=\"og:title\" content=\"Craolt\u00f3ir\u00ed as \u00c9irinn, as an mBreatain Bheag, as an tS\u00edn agus as Poblacht na C\u00f3ir\u00e9 tagtha i gcomhar le ch\u00e9ile le haghaidh comhl\u00e9iri\u00fa Staideanna idirn\u00e1isi\u00fanta | Preas R\u00e1iteas | TG4\" \/>\n<meta property=\"og:description\" content=\"T\u00e1 craolt\u00f3ir\u00ed as \u00c9irinn, as an mBreatain Bheag, as an tS\u00edn agus as Poblacht na C\u00f3ir\u00e9 tagtha i gcomhar le ch\u00e9ile chun sraith nua a chomhl\u00e9iri\u00fa a bheidh ag d\u00edri\u00fa ar roinnt de na l\u00e1ithreacha sp\u00f3irt is fearr ar domhan.\" \/>\n<meta property=\"og:url\" content=\"https:\/\/dev.tg4.ie\/ga\/eolas\/preas\/nuacht-raitis\/2023-2\/craoltoiri-as-eirinn-as-an-mbreatain-bheag-as-an-tsin-agus-as-poblacht-na-coire-tagtha-i-gcomhar-le-cheile-le-haghaidh-comhleiriu-staideanna-idirnaisiunta\/\" \/>\n<meta property=\"og:site_name\" content=\"TG4\" \/>\n<meta property=\"article:publisher\" content=\"https:\/\/www.facebook.com\/TG4TV\" \/>\n<meta property=\"article:modified_time\" content=\"2023-02-15T16:31:35+00:00\" \/>\n<meta property=\"og:image\" content=\"https:\/\/tg4-docs.s3.amazonaws.com\/wp-content\/uploads\/2023\/02\/03141516\/Na_Goirt_Orga_Dara_O_Cinneide_1-1920x1080-1.jpg\" \/>\n\t<meta property=\"og:image:width\" content=\"1920\" \/>\n\t<meta property=\"og:image:height\" content=\"1080\" \/>\n\t<meta property=\"og:image:type\" content=\"image\/jpeg\" \/>\n<meta name=\"twitter:card\" content=\"summary_large_image\" \/>\n<meta name=\"twitter:image\" content=\"https:\/\/tg4-docs.s3.amazonaws.com\/wp-content\/uploads\/2023\/02\/03141516\/Na_Goirt_Orga_Dara_O_Cinneide_1-1920x1080-1.jpg\" \/>\n<meta name=\"twitter:site\" content=\"@TG4TV\" \/>\n<meta name=\"twitter:label1\" content=\"Est. reading time\" \/>\n\t<meta name=\"twitter:data1\" content=\"4 minutes\" \/>\n<script type=\"application\/ld+json\" class=\"yoast-schema-graph\">{\"@context\":\"https:\/\/schema.org\",\"@graph\":[{\"@type\":\"WebPage\",\"@id\":\"https:\/\/dev.tg4.ie\/ga\/eolas\/preas\/nuacht-raitis\/2023-2\/craoltoiri-as-eirinn-as-an-mbreatain-bheag-as-an-tsin-agus-as-poblacht-na-coire-tagtha-i-gcomhar-le-cheile-le-haghaidh-comhleiriu-staideanna-idirnaisiunta\/\",\"url\":\"https:\/\/dev.tg4.ie\/ga\/eolas\/preas\/nuacht-raitis\/2023-2\/craoltoiri-as-eirinn-as-an-mbreatain-bheag-as-an-tsin-agus-as-poblacht-na-coire-tagtha-i-gcomhar-le-cheile-le-haghaidh-comhleiriu-staideanna-idirnaisiunta\/\",\"name\":\"Craolt\u00f3ir\u00ed as \u00c9irinn, as an mBreatain Bheag, as an tS\u00edn agus as Poblacht na C\u00f3ir\u00e9 tagtha i gcomhar le ch\u00e9ile le haghaidh comhl\u00e9iri\u00fa Staideanna idirn\u00e1isi\u00fanta | Preas R\u00e1iteas | TG4\",\"isPartOf\":{\"@id\":\"https:\/\/dev.tg4.ie\/en\/#website\"},\"primaryImageOfPage\":{\"@id\":\"https:\/\/dev.tg4.ie\/ga\/eolas\/preas\/nuacht-raitis\/2023-2\/craoltoiri-as-eirinn-as-an-mbreatain-bheag-as-an-tsin-agus-as-poblacht-na-coire-tagtha-i-gcomhar-le-cheile-le-haghaidh-comhleiriu-staideanna-idirnaisiunta\/#primaryimage\"},\"image\":{\"@id\":\"https:\/\/dev.tg4.ie\/ga\/eolas\/preas\/nuacht-raitis\/2023-2\/craoltoiri-as-eirinn-as-an-mbreatain-bheag-as-an-tsin-agus-as-poblacht-na-coire-tagtha-i-gcomhar-le-cheile-le-haghaidh-comhleiriu-staideanna-idirnaisiunta\/#primaryimage\"},\"thumbnailUrl\":\"https:\/\/dev.tg4.ie\/wp-content\/uploads\/2023\/02\/Na_Goirt_Orga_Dara_O_Cinneide_1-1920x1080-1.jpg\",\"datePublished\":\"2023-02-03T14:31:06+00:00\",\"dateModified\":\"2023-02-15T16:31:35+00:00\",\"description\":\"T\u00e1 craolt\u00f3ir\u00ed as \u00c9irinn, as an mBreatain Bheag, as an tS\u00edn agus as Poblacht na C\u00f3ir\u00e9 tagtha i gcomhar le ch\u00e9ile chun sraith nua a chomhl\u00e9iri\u00fa a bheidh ag d\u00edri\u00fa ar roinnt de na l\u00e1ithreacha sp\u00f3irt is fearr ar domhan.\",\"breadcrumb\":{\"@id\":\"https:\/\/dev.tg4.ie\/ga\/eolas\/preas\/nuacht-raitis\/2023-2\/craoltoiri-as-eirinn-as-an-mbreatain-bheag-as-an-tsin-agus-as-poblacht-na-coire-tagtha-i-gcomhar-le-cheile-le-haghaidh-comhleiriu-staideanna-idirnaisiunta\/#breadcrumb\"},\"inLanguage\":\"ga\",\"potentialAction\":[{\"@type\":\"ReadAction\",\"target\":[\"https:\/\/dev.tg4.ie\/ga\/eolas\/preas\/nuacht-raitis\/2023-2\/craoltoiri-as-eirinn-as-an-mbreatain-bheag-as-an-tsin-agus-as-poblacht-na-coire-tagtha-i-gcomhar-le-cheile-le-haghaidh-comhleiriu-staideanna-idirnaisiunta\/\"]}]},{\"@type\":\"ImageObject\",\"inLanguage\":\"ga\",\"@id\":\"https:\/\/dev.tg4.ie\/ga\/eolas\/preas\/nuacht-raitis\/2023-2\/craoltoiri-as-eirinn-as-an-mbreatain-bheag-as-an-tsin-agus-as-poblacht-na-coire-tagtha-i-gcomhar-le-cheile-le-haghaidh-comhleiriu-staideanna-idirnaisiunta\/#primaryimage\",\"url\":\"https:\/\/dev.tg4.ie\/wp-content\/uploads\/2023\/02\/Na_Goirt_Orga_Dara_O_Cinneide_1-1920x1080-1.jpg\",\"contentUrl\":\"https:\/\/dev.tg4.ie\/wp-content\/uploads\/2023\/02\/Na_Goirt_Orga_Dara_O_Cinneide_1-1920x1080-1.jpg\"},{\"@type\":\"BreadcrumbList\",\"@id\":\"https:\/\/dev.tg4.ie\/ga\/eolas\/preas\/nuacht-raitis\/2023-2\/craoltoiri-as-eirinn-as-an-mbreatain-bheag-as-an-tsin-agus-as-poblacht-na-coire-tagtha-i-gcomhar-le-cheile-le-haghaidh-comhleiriu-staideanna-idirnaisiunta\/#breadcrumb\",\"itemListElement\":[{\"@type\":\"ListItem\",\"position\":1,\"name\":\"Home\",\"item\":\"https:\/\/dev.tg4.ie\/ga\/\"},{\"@type\":\"ListItem\",\"position\":2,\"name\":\"Eolas\",\"item\":\"https:\/\/dev.tg4.ie\/ga\/eolas\/\"},{\"@type\":\"ListItem\",\"position\":3,\"name\":\"Preas\",\"item\":\"https:\/\/dev.tg4.ie\/ga\/eolas\/preas\/\"},{\"@type\":\"ListItem\",\"position\":4,\"name\":\"Nuacht R\u00e1itis\",\"item\":\"https:\/\/dev.tg4.ie\/ga\/eolas\/preas\/nuacht-raitis\/\"},{\"@type\":\"ListItem\",\"position\":5,\"name\":\"2023\",\"item\":\"https:\/\/dev.tg4.ie\/ga\/eolas\/preas\/nuacht-raitis\/2023-2\/\"},{\"@type\":\"ListItem\",\"position\":6,\"name\":\"Craolt\u00f3ir\u00ed as \u00c9irinn, as an mBreatain Bheag, as an tS\u00edn agus as Poblacht na C\u00f3ir\u00e9 tagtha i gcomhar le ch\u00e9ile le haghaidh comhl\u00e9iri\u00fa Staideanna idirn\u00e1isi\u00fanta\"}]},{\"@type\":\"WebSite\",\"@id\":\"https:\/\/dev.tg4.ie\/en\/#website\",\"url\":\"https:\/\/dev.tg4.ie\/en\/\",\"name\":\"TG4\",\"description\":\"S\u00fail Eile\",\"potentialAction\":[{\"@type\":\"SearchAction\",\"target\":{\"@type\":\"EntryPoint\",\"urlTemplate\":\"https:\/\/dev.tg4.ie\/en\/?s={search_term_string}\"},\"query-input\":\"required name=search_term_string\"}],\"inLanguage\":\"ga\"}]}<\/script>\n<!-- \/ Yoast SEO plugin. -->","yoast_head_json":{"title":"Craolt\u00f3ir\u00ed as \u00c9irinn, as an mBreatain Bheag, as an tS\u00edn agus as Poblacht na C\u00f3ir\u00e9 tagtha i gcomhar le ch\u00e9ile le haghaidh comhl\u00e9iri\u00fa Staideanna idirn\u00e1isi\u00fanta | Preas R\u00e1iteas | TG4","description":"T\u00e1 craolt\u00f3ir\u00ed as \u00c9irinn, as an mBreatain Bheag, as an tS\u00edn agus as Poblacht na C\u00f3ir\u00e9 tagtha i gcomhar le ch\u00e9ile chun sraith nua a chomhl\u00e9iri\u00fa a bheidh ag d\u00edri\u00fa ar roinnt de na l\u00e1ithreacha sp\u00f3irt is fearr ar domhan.","robots":{"index":"index","follow":"follow","max-snippet":"max-snippet:-1","max-image-preview":"max-image-preview:large","max-video-preview":"max-video-preview:-1"},"og_locale":"en_US","og_type":"article","og_title":"Craolt\u00f3ir\u00ed as \u00c9irinn, as an mBreatain Bheag, as an tS\u00edn agus as Poblacht na C\u00f3ir\u00e9 tagtha i gcomhar le ch\u00e9ile le haghaidh comhl\u00e9iri\u00fa Staideanna idirn\u00e1isi\u00fanta | Preas R\u00e1iteas | TG4","og_description":"T\u00e1 craolt\u00f3ir\u00ed as \u00c9irinn, as an mBreatain Bheag, as an tS\u00edn agus as Poblacht na C\u00f3ir\u00e9 tagtha i gcomhar le ch\u00e9ile chun sraith nua a chomhl\u00e9iri\u00fa a bheidh ag d\u00edri\u00fa ar roinnt de na l\u00e1ithreacha sp\u00f3irt is fearr ar domhan.","og_url":"https:\/\/dev.tg4.ie\/ga\/eolas\/preas\/nuacht-raitis\/2023-2\/craoltoiri-as-eirinn-as-an-mbreatain-bheag-as-an-tsin-agus-as-poblacht-na-coire-tagtha-i-gcomhar-le-cheile-le-haghaidh-comhleiriu-staideanna-idirnaisiunta\/","og_site_name":"TG4","article_publisher":"https:\/\/www.facebook.com\/TG4TV","article_modified_time":"2023-02-15T16:31:35+00:00","og_image":[{"width":1920,"height":1080,"url":"https:\/\/tg4-docs.s3.amazonaws.com\/wp-content\/uploads\/2023\/02\/03141516\/Na_Goirt_Orga_Dara_O_Cinneide_1-1920x1080-1.jpg","type":"image\/jpeg"}],"twitter_card":"summary_large_image","twitter_image":"https:\/\/tg4-docs.s3.amazonaws.com\/wp-content\/uploads\/2023\/02\/03141516\/Na_Goirt_Orga_Dara_O_Cinneide_1-1920x1080-1.jpg","twitter_site":"@TG4TV","twitter_misc":{"Est. reading time":"4 minutes"},"schema":{"@context":"https:\/\/schema.org","@graph":[{"@type":"WebPage","@id":"https:\/\/dev.tg4.ie\/ga\/eolas\/preas\/nuacht-raitis\/2023-2\/craoltoiri-as-eirinn-as-an-mbreatain-bheag-as-an-tsin-agus-as-poblacht-na-coire-tagtha-i-gcomhar-le-cheile-le-haghaidh-comhleiriu-staideanna-idirnaisiunta\/","url":"https:\/\/dev.tg4.ie\/ga\/eolas\/preas\/nuacht-raitis\/2023-2\/craoltoiri-as-eirinn-as-an-mbreatain-bheag-as-an-tsin-agus-as-poblacht-na-coire-tagtha-i-gcomhar-le-cheile-le-haghaidh-comhleiriu-staideanna-idirnaisiunta\/","name":"Craolt\u00f3ir\u00ed as \u00c9irinn, as an mBreatain Bheag, as an tS\u00edn agus as Poblacht na C\u00f3ir\u00e9 tagtha i gcomhar le ch\u00e9ile le haghaidh comhl\u00e9iri\u00fa Staideanna idirn\u00e1isi\u00fanta | Preas R\u00e1iteas | TG4","isPartOf":{"@id":"https:\/\/dev.tg4.ie\/en\/#website"},"primaryImageOfPage":{"@id":"https:\/\/dev.tg4.ie\/ga\/eolas\/preas\/nuacht-raitis\/2023-2\/craoltoiri-as-eirinn-as-an-mbreatain-bheag-as-an-tsin-agus-as-poblacht-na-coire-tagtha-i-gcomhar-le-cheile-le-haghaidh-comhleiriu-staideanna-idirnaisiunta\/#primaryimage"},"image":{"@id":"https:\/\/dev.tg4.ie\/ga\/eolas\/preas\/nuacht-raitis\/2023-2\/craoltoiri-as-eirinn-as-an-mbreatain-bheag-as-an-tsin-agus-as-poblacht-na-coire-tagtha-i-gcomhar-le-cheile-le-haghaidh-comhleiriu-staideanna-idirnaisiunta\/#primaryimage"},"thumbnailUrl":"https:\/\/dev.tg4.ie\/wp-content\/uploads\/2023\/02\/Na_Goirt_Orga_Dara_O_Cinneide_1-1920x1080-1.jpg","datePublished":"2023-02-03T14:31:06+00:00","dateModified":"2023-02-15T16:31:35+00:00","description":"T\u00e1 craolt\u00f3ir\u00ed as \u00c9irinn, as an mBreatain Bheag, as an tS\u00edn agus as Poblacht na C\u00f3ir\u00e9 tagtha i gcomhar le ch\u00e9ile chun sraith nua a chomhl\u00e9iri\u00fa a bheidh ag d\u00edri\u00fa ar roinnt de na l\u00e1ithreacha sp\u00f3irt is fearr ar domhan.","breadcrumb":{"@id":"https:\/\/dev.tg4.ie\/ga\/eolas\/preas\/nuacht-raitis\/2023-2\/craoltoiri-as-eirinn-as-an-mbreatain-bheag-as-an-tsin-agus-as-poblacht-na-coire-tagtha-i-gcomhar-le-cheile-le-haghaidh-comhleiriu-staideanna-idirnaisiunta\/#breadcrumb"},"inLanguage":"ga","potentialAction":[{"@type":"ReadAction","target":["https:\/\/dev.tg4.ie\/ga\/eolas\/preas\/nuacht-raitis\/2023-2\/craoltoiri-as-eirinn-as-an-mbreatain-bheag-as-an-tsin-agus-as-poblacht-na-coire-tagtha-i-gcomhar-le-cheile-le-haghaidh-comhleiriu-staideanna-idirnaisiunta\/"]}]},{"@type":"ImageObject","inLanguage":"ga","@id":"https:\/\/dev.tg4.ie\/ga\/eolas\/preas\/nuacht-raitis\/2023-2\/craoltoiri-as-eirinn-as-an-mbreatain-bheag-as-an-tsin-agus-as-poblacht-na-coire-tagtha-i-gcomhar-le-cheile-le-haghaidh-comhleiriu-staideanna-idirnaisiunta\/#primaryimage","url":"https:\/\/dev.tg4.ie\/wp-content\/uploads\/2023\/02\/Na_Goirt_Orga_Dara_O_Cinneide_1-1920x1080-1.jpg","contentUrl":"https:\/\/dev.tg4.ie\/wp-content\/uploads\/2023\/02\/Na_Goirt_Orga_Dara_O_Cinneide_1-1920x1080-1.jpg"},{"@type":"BreadcrumbList","@id":"https:\/\/dev.tg4.ie\/ga\/eolas\/preas\/nuacht-raitis\/2023-2\/craoltoiri-as-eirinn-as-an-mbreatain-bheag-as-an-tsin-agus-as-poblacht-na-coire-tagtha-i-gcomhar-le-cheile-le-haghaidh-comhleiriu-staideanna-idirnaisiunta\/#breadcrumb","itemListElement":[{"@type":"ListItem","position":1,"name":"Home","item":"https:\/\/dev.tg4.ie\/ga\/"},{"@type":"ListItem","position":2,"name":"Eolas","item":"https:\/\/dev.tg4.ie\/ga\/eolas\/"},{"@type":"ListItem","position":3,"name":"Preas","item":"https:\/\/dev.tg4.ie\/ga\/eolas\/preas\/"},{"@type":"ListItem","position":4,"name":"Nuacht R\u00e1itis","item":"https:\/\/dev.tg4.ie\/ga\/eolas\/preas\/nuacht-raitis\/"},{"@type":"ListItem","position":5,"name":"2023","item":"https:\/\/dev.tg4.ie\/ga\/eolas\/preas\/nuacht-raitis\/2023-2\/"},{"@type":"ListItem","position":6,"name":"Craolt\u00f3ir\u00ed as \u00c9irinn, as an mBreatain Bheag, as an tS\u00edn agus as Poblacht na C\u00f3ir\u00e9 tagtha i gcomhar le ch\u00e9ile le haghaidh comhl\u00e9iri\u00fa Staideanna idirn\u00e1isi\u00fanta"}]},{"@type":"WebSite","@id":"https:\/\/dev.tg4.ie\/en\/#website","url":"https:\/\/dev.tg4.ie\/en\/","name":"TG4","description":"S\u00fail Eile","potentialAction":[{"@type":"SearchAction","target":{"@type":"EntryPoint","urlTemplate":"https:\/\/dev.tg4.ie\/en\/?s={search_term_string}"},"query-input":"required name=search_term_string"}],"inLanguage":"ga"}]}},"_links":{"self":[{"href":"https:\/\/dev.tg4.ie\/ga\/wp-json\/wp\/v2\/pages\/182745"}],"collection":[{"href":"https:\/\/dev.tg4.ie\/ga\/wp-json\/wp\/v2\/pages"}],"about":[{"href":"https:\/\/dev.tg4.ie\/ga\/wp-json\/wp\/v2\/types\/page"}],"author":[{"embeddable":true,"href":"https:\/\/dev.tg4.ie\/ga\/wp-json\/wp\/v2\/users\/876"}],"replies":[{"embeddable":true,"href":"https:\/\/dev.tg4.ie\/ga\/wp-json\/wp\/v2\/comments?post=182745"}],"version-history":[{"count":0,"href":"https:\/\/dev.tg4.ie\/ga\/wp-json\/wp\/v2\/pages\/182745\/revisions"}],"up":[{"embeddable":true,"href":"https:\/\/dev.tg4.ie\/ga\/wp-json\/wp\/v2\/pages\/180840"}],"wp:attachment":[{"href":"https:\/\/dev.tg4.ie\/ga\/wp-json\/wp\/v2\/media?parent=182745"}],"curies":[{"name":"wp","href":"https:\/\/api.w.org\/{rel}","templated":true}]}}