{"id":184068,"date":"2023-02-15T16:25:46","date_gmt":"2023-02-15T16:25:46","guid":{"rendered":"https:\/\/dev.tg4.ie\/?page_id=184068"},"modified":"2023-02-17T13:54:27","modified_gmt":"2023-02-17T13:54:27","slug":"cursa-in-iriseoireacht-do-scolairi-idirbhliana-bhliain-13-arna-reachtail-ag-ollscoil-na-gaillimhe-tg4-agus-cogg","status":"publish","type":"page","link":"https:\/\/dev.tg4.ie\/ga\/eolas\/preas\/nuacht-raitis\/2023-2\/cursa-in-iriseoireacht-do-scolairi-idirbhliana-bhliain-13-arna-reachtail-ag-ollscoil-na-gaillimhe-tg4-agus-cogg\/","title":{"rendered":"C\u00farsa in iriseoireacht do Scol\u00e1ir\u00ed Idirbhliana \/ Bhliain 13 arna re\u00e1cht\u00e1il ag Ollscoil na Gaillimhe, TG4 agus COGG"},"content":{"rendered":"<p><img loading=\"lazy\" decoding=\"async\" width=\"1920\" height=\"1080\" src=\"https:\/\/tg4-docs.s3.amazonaws.com\/wp-content\/uploads\/2023\/02\/15162359\/Iriseoiri_an_Lae_Amarach_2023-1-1920x1080-1.jpg\" alt=\"\" class=\"aligncenter size-full wp-image-184069\" srcset=\"https:\/\/tg4-docs.s3.amazonaws.com\/wp-content\/uploads\/2023\/02\/15162359\/Iriseoiri_an_Lae_Amarach_2023-1-1920x1080-1.jpg 1920w, https:\/\/tg4-docs.s3.amazonaws.com\/wp-content\/uploads\/2023\/02\/15162359\/Iriseoiri_an_Lae_Amarach_2023-1-1920x1080-1-250x141.jpg 250w, https:\/\/tg4-docs.s3.amazonaws.com\/wp-content\/uploads\/2023\/02\/15162359\/Iriseoiri_an_Lae_Amarach_2023-1-1920x1080-1-700x394.jpg 700w, https:\/\/tg4-docs.s3.amazonaws.com\/wp-content\/uploads\/2023\/02\/15162359\/Iriseoiri_an_Lae_Amarach_2023-1-1920x1080-1-252x141.jpg 252w, https:\/\/tg4-docs.s3.amazonaws.com\/wp-content\/uploads\/2023\/02\/15162359\/Iriseoiri_an_Lae_Amarach_2023-1-1920x1080-1-1536x864.jpg 1536w, https:\/\/tg4-docs.s3.amazonaws.com\/wp-content\/uploads\/2023\/02\/15162359\/Iriseoiri_an_Lae_Amarach_2023-1-1920x1080-1-120x68.jpg 120w\" sizes=\"(max-width: 1920px) 100vw, 1920px\" \/><br \/>\n&nbsp;<\/p>\n<p>Beidh deis ag scol\u00e1ir\u00ed Idirbhliana agus Bhliain 13 (Tuaisceart \u00c9ireann) tabhairt faoi ch\u00farsa iriseoireachta ar l\u00edne arna theagasc ag pl\u00far na n-iriseoir\u00ed teilif\u00edse, raidi\u00f3 agus digiteacha.<br \/>\n&nbsp;<br \/>\nDon tr\u00ed\u00fa bliain as a ch\u00e9ile, re\u00e1cht\u00e1lfaidh Ollscoil na Gaillimhe agus Nuacht RT\u00c9 agus TG4 an c\u00farsa <strong>Iriseoir\u00ed an Lae Am\u00e1rach<\/strong> le comhairle \u00f3n gComhairle um Oideachas Gaeltachta agus Gaelscola\u00edochta (COGG) agus \u00f3n Roinn Oideachais. Chl\u00e1raigh breis is 400 dalta do na ceardlanna seo anuraidh.<br \/>\n&nbsp;<br \/>\nT\u00e1 an c\u00farsa d\u00edrithe ar scol\u00e1ir\u00ed in Iar-bhunscoileanna Gaeltachta agus L\u00e1n-Ghaeilge ar fud na t\u00edre agus beidh s\u00e9 ar si\u00fal ar an ard\u00e1n Zoom \u00f3n 7-9 M\u00e1rta 2023.<br \/>\n&nbsp;<br \/>\nCuirfidh foireann \u00f3 ch\u00farsa\u00ed me\u00e1n agus cumars\u00e1ide Ollscoil na Gaillimhe agus iriseoir\u00ed RT\u00c9 at\u00e1 ag obair le TG4, RT\u00c9 Raidi\u00f3 na Gaeltachta agus a chuireann \u00e1bhar ar f\u00e1il ar ard\u00e1in dhigiteacha an c\u00farsa i l\u00e1thair ar l\u00edne. Tabharfar l\u00e9argas freisin le linn an ch\u00farsa ar ghairmeacha sna me\u00e1in.<br \/>\n&nbsp;<br \/>\nD\u00fairt <strong>an tOllamh Breand\u00e1n Mac Suibhne, Sti\u00farth\u00f3ir L\u00e9inn, Acadamh na hOllscola\u00edochta Gaeilge, Ollscoil na Gaillimhe<\/strong>: <em>&#8220;T\u00e1 gn\u00f3tha\u00ed nuachta \u2013 gn\u00f3tha\u00ed br\u00e9ag-nuachta, san \u00e1ireamh \u2013 ina n-\u00e1bhar consp\u00f3ide le c\u00fapla bliain anuas, agus aird n\u00edos m\u00f3 anois ag daoine ar fud an domhain ar th\u00e1bhacht na hiriseoireachta i socha\u00ed dhaonlathach ar bith.&#8221;<\/em><br \/>\n&nbsp;<br \/>\nAgus \u00ed ag cur f\u00e1ilte roimh an tr\u00ed\u00fa bliain den ch\u00farsa, Iriseoir\u00ed an Lae Am\u00e1rach, d\u00fairt <strong>Pr\u00edomhfheidhmeannach COGG, Jacqueline N\u00ed Fhearghusa<\/strong>, <em>&#8220;Cuirfidh an c\u00farsa seo gairm na hiriseoireachta faoi bhr\u00e1id scol\u00e1ir\u00ed na n-iar-bhunscoileanna Gaeltachta agus l\u00e1n-Ghaeilge agus cuirfidh s\u00e9 ar an eolas iad faoin t\u00e1bhacht at\u00e1 le hiriseoireacht ar ardchaighde\u00e1n agus na deiseanna at\u00e1 sna me\u00e1in d\u2019iriseoir\u00ed a bhfuil Gaeilge acu.&#8221;<\/em><br \/>\n&nbsp;<br \/>\nD\u00fairt <strong>Sti\u00farth\u00f3ir Cl\u00e1ir an MA (Cleachtas Gairmi\u00fail sna Me\u00e1in) in Ollscoil na Gaillimhe, Aodh \u00d3 Coile\u00e1in<\/strong>: <em>&#8220;Tr\u00e1th a bhfuil seirbh\u00eds\u00ed me\u00e1n closamhairc ag leagan n\u00edos m\u00f3 b\u00e9ime ar \u00e1bhar ar l\u00edne agus ar \u00e1bhar digiteach agus daoine \u00f3ga, go m\u00f3r m\u00f3r, ag baint n\u00edos m\u00f3 \u00fas\u00e1ide as ard\u00e1in roinnte f\u00edse ar \u00e9ileamh fearacht YouTube, Twitch, agus DailyMotion, t\u00e1 g\u00e1 anois n\u00edos m\u00f3 n\u00e1 riamh le hoideachas i r\u00e9imse na me\u00e1n&#8221;<\/em> a d\u00fairt Aodh \u00d3 Coile\u00e1n, Sti\u00farth\u00f3ir Cl\u00e1ir an MA (Cleachtas Gairmi\u00fail sna Me\u00e1in), Ollscoil na Gaillimhe. <em>\u201cT\u00e1 iriseoireacht chruinn, chothrom, neamhchlaonta de dh\u00edth ar phobal na h\u00c9ireann. F\u00e9achann Ollscoil na Gaillimhe, TG4, Nuacht RT\u00c9 agus an Chomhairle um Oideachas Gaeltachta agus Gaelscola\u00edochta ar an gc\u00farsa seo mar spreagadh do scol\u00e1ir\u00ed Idirbhliana agus go mb\u2019fh\u00e9idir go dtabharfaidh cuid acu faoi ghairmeacha sna me\u00e1in amach anseo.\u201d<\/em> a d\u00fairt \u00d3 Coile\u00e1in.<br \/>\n&nbsp;<br \/>\nAgus \u00ed ag f\u00e1ilti\u00fa roimh ch\u00farsa na bliana seo d\u00fairt <strong>Ceannaire \u00far Nuachta agus C\u00farsa\u00ed Reatha TG4, Deirdre N\u00ed Choist\u00edn<\/strong>, <em>\u201cT\u00e1 \u00e1thas orainn an c\u00farsa seo a bheith \u00e1 re\u00e1cht\u00e1il don tr\u00ed\u00fa bliain as a ch\u00e9ile i gcomhph\u00e1irt\u00edocht le hOllscoil na Gaillimhe. T\u00e1 an iriseoireacht Ghaeilge ina bunchloch l\u00e1rnach ag seirbh\u00eds TG4 agus is r\u00e9imse \u00ed ar mhaith linn a fhorbairt agus a spreagadh.\u201d<\/em><br \/>\n&nbsp;<br \/>\nIs f\u00e9idir cl\u00e1r\u00fa don ch\u00farsa ag an nasc seo; <a href=\"https:\/\/us06web.zoom.us\/webinar\/register\/WN_wdOJaEAwRl2P9_bA4wOnPQ\" rel=\"noopener\" target=\"_blank\">https:\/\/us06web.zoom.us\/webinar\/register\/WN_wdOJaEAwRl2P9_bA4wOnPQ<\/a><\/p>\n<p>&nbsp;<br \/>\n&nbsp;<\/p>\n","protected":false},"excerpt":{"rendered":"<p>&nbsp; Beidh deis ag scol\u00e1ir\u00ed Idirbhliana agus Bhliain 13 (Tuaisceart \u00c9ireann) tabhairt faoi ch\u00farsa iriseoireachta ar l\u00edne arna theagasc ag pl\u00far na n-iriseoir\u00ed teilif\u00edse, raidi\u00f3 agus digiteacha. &nbsp; Don tr\u00ed\u00fa bliain as a ch\u00e9ile, re\u00e1cht\u00e1lfaidh Ollscoil na Gaillimhe agus Nuacht RT\u00c9 agus TG4 an c\u00farsa Iriseoir\u00ed an Lae Am\u00e1rach le comhairle \u00f3n gComhairle um Oideachas [&hellip;]<\/p>\n","protected":false},"author":876,"featured_media":0,"parent":180840,"menu_order":4,"comment_status":"closed","ping_status":"closed","template":"page-templates\/template-pr.php","meta":{"_acf_changed":false,"footnotes":""},"acf":[],"yoast_head":"<!-- This site is optimized with the Yoast SEO plugin v22.6 - https:\/\/yoast.com\/wordpress\/plugins\/seo\/ -->\n<title>C\u00farsa in iriseoireacht do Scol\u00e1ir\u00ed Idirbhliana \/ Bhliain 13 arna re\u00e1cht\u00e1il ag Ollscoil na Gaillimhe, TG4 agus COGG | Preas R\u00e1iteas | TG4<\/title>\n<meta name=\"description\" content=\"Beidh deis ag scol\u00e1ir\u00ed Idirbhliana agus Bhliain 13 (Tuaisceart \u00c9ireann) tabhairt faoi ch\u00farsa iriseoireachta ar l\u00edne arna theagasc ag pl\u00far na n-iriseoir\u00ed teilif\u00edse, raidi\u00f3 agus digiteacha.\" \/>\n<meta name=\"robots\" content=\"index, follow, max-snippet:-1, max-image-preview:large, max-video-preview:-1\" \/>\n<meta property=\"og:locale\" content=\"en_US\" \/>\n<meta property=\"og:type\" content=\"article\" \/>\n<meta property=\"og:title\" content=\"C\u00farsa in iriseoireacht do Scol\u00e1ir\u00ed Idirbhliana \/ Bhliain 13 arna re\u00e1cht\u00e1il ag Ollscoil na Gaillimhe, TG4 agus COGG | Preas R\u00e1iteas | TG4\" \/>\n<meta property=\"og:description\" content=\"Beidh deis ag scol\u00e1ir\u00ed Idirbhliana agus Bhliain 13 (Tuaisceart \u00c9ireann) tabhairt faoi ch\u00farsa iriseoireachta ar l\u00edne arna theagasc ag pl\u00far na n-iriseoir\u00ed teilif\u00edse, raidi\u00f3 agus digiteacha.\" \/>\n<meta property=\"og:url\" content=\"https:\/\/dev.tg4.ie\/ga\/eolas\/preas\/nuacht-raitis\/2023-2\/cursa-in-iriseoireacht-do-scolairi-idirbhliana-bhliain-13-arna-reachtail-ag-ollscoil-na-gaillimhe-tg4-agus-cogg\/\" \/>\n<meta property=\"og:site_name\" content=\"TG4\" \/>\n<meta property=\"article:publisher\" content=\"https:\/\/www.facebook.com\/TG4TV\" \/>\n<meta property=\"article:modified_time\" content=\"2023-02-17T13:54:27+00:00\" \/>\n<meta property=\"og:image\" content=\"https:\/\/tg4-docs.s3.amazonaws.com\/wp-content\/uploads\/2023\/02\/15162359\/Iriseoiri_an_Lae_Amarach_2023-1-1920x1080-1.jpg\" \/>\n\t<meta property=\"og:image:width\" content=\"1920\" \/>\n\t<meta property=\"og:image:height\" content=\"1080\" \/>\n\t<meta property=\"og:image:type\" content=\"image\/jpeg\" \/>\n<meta name=\"twitter:card\" content=\"summary_large_image\" \/>\n<meta name=\"twitter:image\" content=\"https:\/\/tg4-docs.s3.amazonaws.com\/wp-content\/uploads\/2023\/02\/15162359\/Iriseoiri_an_Lae_Amarach_2023-1-1920x1080-1.jpg\" \/>\n<meta name=\"twitter:site\" content=\"@TG4TV\" \/>\n<meta name=\"twitter:label1\" content=\"Est. reading time\" \/>\n\t<meta name=\"twitter:data1\" content=\"3 minutes\" \/>\n<script type=\"application\/ld+json\" class=\"yoast-schema-graph\">{\"@context\":\"https:\/\/schema.org\",\"@graph\":[{\"@type\":\"WebPage\",\"@id\":\"https:\/\/dev.tg4.ie\/ga\/eolas\/preas\/nuacht-raitis\/2023-2\/cursa-in-iriseoireacht-do-scolairi-idirbhliana-bhliain-13-arna-reachtail-ag-ollscoil-na-gaillimhe-tg4-agus-cogg\/\",\"url\":\"https:\/\/dev.tg4.ie\/ga\/eolas\/preas\/nuacht-raitis\/2023-2\/cursa-in-iriseoireacht-do-scolairi-idirbhliana-bhliain-13-arna-reachtail-ag-ollscoil-na-gaillimhe-tg4-agus-cogg\/\",\"name\":\"C\u00farsa in iriseoireacht do Scol\u00e1ir\u00ed Idirbhliana \/ Bhliain 13 arna re\u00e1cht\u00e1il ag Ollscoil na Gaillimhe, TG4 agus COGG | Preas R\u00e1iteas | TG4\",\"isPartOf\":{\"@id\":\"https:\/\/dev.tg4.ie\/en\/#website\"},\"primaryImageOfPage\":{\"@id\":\"https:\/\/dev.tg4.ie\/ga\/eolas\/preas\/nuacht-raitis\/2023-2\/cursa-in-iriseoireacht-do-scolairi-idirbhliana-bhliain-13-arna-reachtail-ag-ollscoil-na-gaillimhe-tg4-agus-cogg\/#primaryimage\"},\"image\":{\"@id\":\"https:\/\/dev.tg4.ie\/ga\/eolas\/preas\/nuacht-raitis\/2023-2\/cursa-in-iriseoireacht-do-scolairi-idirbhliana-bhliain-13-arna-reachtail-ag-ollscoil-na-gaillimhe-tg4-agus-cogg\/#primaryimage\"},\"thumbnailUrl\":\"https:\/\/dev.tg4.ie\/wp-content\/uploads\/2023\/02\/Iriseoiri_an_Lae_Amarach_2023-1-1920x1080-1.jpg\",\"datePublished\":\"2023-02-15T16:25:46+00:00\",\"dateModified\":\"2023-02-17T13:54:27+00:00\",\"description\":\"Beidh deis ag scol\u00e1ir\u00ed Idirbhliana agus Bhliain 13 (Tuaisceart \u00c9ireann) tabhairt faoi ch\u00farsa iriseoireachta ar l\u00edne arna theagasc ag pl\u00far na n-iriseoir\u00ed teilif\u00edse, raidi\u00f3 agus digiteacha.\",\"breadcrumb\":{\"@id\":\"https:\/\/dev.tg4.ie\/ga\/eolas\/preas\/nuacht-raitis\/2023-2\/cursa-in-iriseoireacht-do-scolairi-idirbhliana-bhliain-13-arna-reachtail-ag-ollscoil-na-gaillimhe-tg4-agus-cogg\/#breadcrumb\"},\"inLanguage\":\"ga\",\"potentialAction\":[{\"@type\":\"ReadAction\",\"target\":[\"https:\/\/dev.tg4.ie\/ga\/eolas\/preas\/nuacht-raitis\/2023-2\/cursa-in-iriseoireacht-do-scolairi-idirbhliana-bhliain-13-arna-reachtail-ag-ollscoil-na-gaillimhe-tg4-agus-cogg\/\"]}]},{\"@type\":\"ImageObject\",\"inLanguage\":\"ga\",\"@id\":\"https:\/\/dev.tg4.ie\/ga\/eolas\/preas\/nuacht-raitis\/2023-2\/cursa-in-iriseoireacht-do-scolairi-idirbhliana-bhliain-13-arna-reachtail-ag-ollscoil-na-gaillimhe-tg4-agus-cogg\/#primaryimage\",\"url\":\"https:\/\/dev.tg4.ie\/wp-content\/uploads\/2023\/02\/Iriseoiri_an_Lae_Amarach_2023-1-1920x1080-1.jpg\",\"contentUrl\":\"https:\/\/dev.tg4.ie\/wp-content\/uploads\/2023\/02\/Iriseoiri_an_Lae_Amarach_2023-1-1920x1080-1.jpg\"},{\"@type\":\"BreadcrumbList\",\"@id\":\"https:\/\/dev.tg4.ie\/ga\/eolas\/preas\/nuacht-raitis\/2023-2\/cursa-in-iriseoireacht-do-scolairi-idirbhliana-bhliain-13-arna-reachtail-ag-ollscoil-na-gaillimhe-tg4-agus-cogg\/#breadcrumb\",\"itemListElement\":[{\"@type\":\"ListItem\",\"position\":1,\"name\":\"Home\",\"item\":\"https:\/\/dev.tg4.ie\/ga\/\"},{\"@type\":\"ListItem\",\"position\":2,\"name\":\"Eolas\",\"item\":\"https:\/\/dev.tg4.ie\/ga\/eolas\/\"},{\"@type\":\"ListItem\",\"position\":3,\"name\":\"Preas\",\"item\":\"https:\/\/dev.tg4.ie\/ga\/eolas\/preas\/\"},{\"@type\":\"ListItem\",\"position\":4,\"name\":\"Nuacht R\u00e1itis\",\"item\":\"https:\/\/dev.tg4.ie\/ga\/eolas\/preas\/nuacht-raitis\/\"},{\"@type\":\"ListItem\",\"position\":5,\"name\":\"2023\",\"item\":\"https:\/\/dev.tg4.ie\/ga\/eolas\/preas\/nuacht-raitis\/2023-2\/\"},{\"@type\":\"ListItem\",\"position\":6,\"name\":\"C\u00farsa in iriseoireacht do Scol\u00e1ir\u00ed Idirbhliana \/ Bhliain 13 arna re\u00e1cht\u00e1il ag Ollscoil na Gaillimhe, TG4 agus COGG\"}]},{\"@type\":\"WebSite\",\"@id\":\"https:\/\/dev.tg4.ie\/en\/#website\",\"url\":\"https:\/\/dev.tg4.ie\/en\/\",\"name\":\"TG4\",\"description\":\"S\u00fail Eile\",\"potentialAction\":[{\"@type\":\"SearchAction\",\"target\":{\"@type\":\"EntryPoint\",\"urlTemplate\":\"https:\/\/dev.tg4.ie\/en\/?s={search_term_string}\"},\"query-input\":\"required name=search_term_string\"}],\"inLanguage\":\"ga\"}]}<\/script>\n<!-- \/ Yoast SEO plugin. -->","yoast_head_json":{"title":"C\u00farsa in iriseoireacht do Scol\u00e1ir\u00ed Idirbhliana \/ Bhliain 13 arna re\u00e1cht\u00e1il ag Ollscoil na Gaillimhe, TG4 agus COGG | Preas R\u00e1iteas | TG4","description":"Beidh deis ag scol\u00e1ir\u00ed Idirbhliana agus Bhliain 13 (Tuaisceart \u00c9ireann) tabhairt faoi ch\u00farsa iriseoireachta ar l\u00edne arna theagasc ag pl\u00far na n-iriseoir\u00ed teilif\u00edse, raidi\u00f3 agus digiteacha.","robots":{"index":"index","follow":"follow","max-snippet":"max-snippet:-1","max-image-preview":"max-image-preview:large","max-video-preview":"max-video-preview:-1"},"og_locale":"en_US","og_type":"article","og_title":"C\u00farsa in iriseoireacht do Scol\u00e1ir\u00ed Idirbhliana \/ Bhliain 13 arna re\u00e1cht\u00e1il ag Ollscoil na Gaillimhe, TG4 agus COGG | Preas R\u00e1iteas | TG4","og_description":"Beidh deis ag scol\u00e1ir\u00ed Idirbhliana agus Bhliain 13 (Tuaisceart \u00c9ireann) tabhairt faoi ch\u00farsa iriseoireachta ar l\u00edne arna theagasc ag pl\u00far na n-iriseoir\u00ed teilif\u00edse, raidi\u00f3 agus digiteacha.","og_url":"https:\/\/dev.tg4.ie\/ga\/eolas\/preas\/nuacht-raitis\/2023-2\/cursa-in-iriseoireacht-do-scolairi-idirbhliana-bhliain-13-arna-reachtail-ag-ollscoil-na-gaillimhe-tg4-agus-cogg\/","og_site_name":"TG4","article_publisher":"https:\/\/www.facebook.com\/TG4TV","article_modified_time":"2023-02-17T13:54:27+00:00","og_image":[{"width":1920,"height":1080,"url":"https:\/\/tg4-docs.s3.amazonaws.com\/wp-content\/uploads\/2023\/02\/15162359\/Iriseoiri_an_Lae_Amarach_2023-1-1920x1080-1.jpg","type":"image\/jpeg"}],"twitter_card":"summary_large_image","twitter_image":"https:\/\/tg4-docs.s3.amazonaws.com\/wp-content\/uploads\/2023\/02\/15162359\/Iriseoiri_an_Lae_Amarach_2023-1-1920x1080-1.jpg","twitter_site":"@TG4TV","twitter_misc":{"Est. reading time":"3 minutes"},"schema":{"@context":"https:\/\/schema.org","@graph":[{"@type":"WebPage","@id":"https:\/\/dev.tg4.ie\/ga\/eolas\/preas\/nuacht-raitis\/2023-2\/cursa-in-iriseoireacht-do-scolairi-idirbhliana-bhliain-13-arna-reachtail-ag-ollscoil-na-gaillimhe-tg4-agus-cogg\/","url":"https:\/\/dev.tg4.ie\/ga\/eolas\/preas\/nuacht-raitis\/2023-2\/cursa-in-iriseoireacht-do-scolairi-idirbhliana-bhliain-13-arna-reachtail-ag-ollscoil-na-gaillimhe-tg4-agus-cogg\/","name":"C\u00farsa in iriseoireacht do Scol\u00e1ir\u00ed Idirbhliana \/ Bhliain 13 arna re\u00e1cht\u00e1il ag Ollscoil na Gaillimhe, TG4 agus COGG | Preas R\u00e1iteas | TG4","isPartOf":{"@id":"https:\/\/dev.tg4.ie\/en\/#website"},"primaryImageOfPage":{"@id":"https:\/\/dev.tg4.ie\/ga\/eolas\/preas\/nuacht-raitis\/2023-2\/cursa-in-iriseoireacht-do-scolairi-idirbhliana-bhliain-13-arna-reachtail-ag-ollscoil-na-gaillimhe-tg4-agus-cogg\/#primaryimage"},"image":{"@id":"https:\/\/dev.tg4.ie\/ga\/eolas\/preas\/nuacht-raitis\/2023-2\/cursa-in-iriseoireacht-do-scolairi-idirbhliana-bhliain-13-arna-reachtail-ag-ollscoil-na-gaillimhe-tg4-agus-cogg\/#primaryimage"},"thumbnailUrl":"https:\/\/dev.tg4.ie\/wp-content\/uploads\/2023\/02\/Iriseoiri_an_Lae_Amarach_2023-1-1920x1080-1.jpg","datePublished":"2023-02-15T16:25:46+00:00","dateModified":"2023-02-17T13:54:27+00:00","description":"Beidh deis ag scol\u00e1ir\u00ed Idirbhliana agus Bhliain 13 (Tuaisceart \u00c9ireann) tabhairt faoi ch\u00farsa iriseoireachta ar l\u00edne arna theagasc ag pl\u00far na n-iriseoir\u00ed teilif\u00edse, raidi\u00f3 agus digiteacha.","breadcrumb":{"@id":"https:\/\/dev.tg4.ie\/ga\/eolas\/preas\/nuacht-raitis\/2023-2\/cursa-in-iriseoireacht-do-scolairi-idirbhliana-bhliain-13-arna-reachtail-ag-ollscoil-na-gaillimhe-tg4-agus-cogg\/#breadcrumb"},"inLanguage":"ga","potentialAction":[{"@type":"ReadAction","target":["https:\/\/dev.tg4.ie\/ga\/eolas\/preas\/nuacht-raitis\/2023-2\/cursa-in-iriseoireacht-do-scolairi-idirbhliana-bhliain-13-arna-reachtail-ag-ollscoil-na-gaillimhe-tg4-agus-cogg\/"]}]},{"@type":"ImageObject","inLanguage":"ga","@id":"https:\/\/dev.tg4.ie\/ga\/eolas\/preas\/nuacht-raitis\/2023-2\/cursa-in-iriseoireacht-do-scolairi-idirbhliana-bhliain-13-arna-reachtail-ag-ollscoil-na-gaillimhe-tg4-agus-cogg\/#primaryimage","url":"https:\/\/dev.tg4.ie\/wp-content\/uploads\/2023\/02\/Iriseoiri_an_Lae_Amarach_2023-1-1920x1080-1.jpg","contentUrl":"https:\/\/dev.tg4.ie\/wp-content\/uploads\/2023\/02\/Iriseoiri_an_Lae_Amarach_2023-1-1920x1080-1.jpg"},{"@type":"BreadcrumbList","@id":"https:\/\/dev.tg4.ie\/ga\/eolas\/preas\/nuacht-raitis\/2023-2\/cursa-in-iriseoireacht-do-scolairi-idirbhliana-bhliain-13-arna-reachtail-ag-ollscoil-na-gaillimhe-tg4-agus-cogg\/#breadcrumb","itemListElement":[{"@type":"ListItem","position":1,"name":"Home","item":"https:\/\/dev.tg4.ie\/ga\/"},{"@type":"ListItem","position":2,"name":"Eolas","item":"https:\/\/dev.tg4.ie\/ga\/eolas\/"},{"@type":"ListItem","position":3,"name":"Preas","item":"https:\/\/dev.tg4.ie\/ga\/eolas\/preas\/"},{"@type":"ListItem","position":4,"name":"Nuacht R\u00e1itis","item":"https:\/\/dev.tg4.ie\/ga\/eolas\/preas\/nuacht-raitis\/"},{"@type":"ListItem","position":5,"name":"2023","item":"https:\/\/dev.tg4.ie\/ga\/eolas\/preas\/nuacht-raitis\/2023-2\/"},{"@type":"ListItem","position":6,"name":"C\u00farsa in iriseoireacht do Scol\u00e1ir\u00ed Idirbhliana \/ Bhliain 13 arna re\u00e1cht\u00e1il ag Ollscoil na Gaillimhe, TG4 agus COGG"}]},{"@type":"WebSite","@id":"https:\/\/dev.tg4.ie\/en\/#website","url":"https:\/\/dev.tg4.ie\/en\/","name":"TG4","description":"S\u00fail Eile","potentialAction":[{"@type":"SearchAction","target":{"@type":"EntryPoint","urlTemplate":"https:\/\/dev.tg4.ie\/en\/?s={search_term_string}"},"query-input":"required name=search_term_string"}],"inLanguage":"ga"}]}},"_links":{"self":[{"href":"https:\/\/dev.tg4.ie\/ga\/wp-json\/wp\/v2\/pages\/184068"}],"collection":[{"href":"https:\/\/dev.tg4.ie\/ga\/wp-json\/wp\/v2\/pages"}],"about":[{"href":"https:\/\/dev.tg4.ie\/ga\/wp-json\/wp\/v2\/types\/page"}],"author":[{"embeddable":true,"href":"https:\/\/dev.tg4.ie\/ga\/wp-json\/wp\/v2\/users\/876"}],"replies":[{"embeddable":true,"href":"https:\/\/dev.tg4.ie\/ga\/wp-json\/wp\/v2\/comments?post=184068"}],"version-history":[{"count":0,"href":"https:\/\/dev.tg4.ie\/ga\/wp-json\/wp\/v2\/pages\/184068\/revisions"}],"up":[{"embeddable":true,"href":"https:\/\/dev.tg4.ie\/ga\/wp-json\/wp\/v2\/pages\/180840"}],"wp:attachment":[{"href":"https:\/\/dev.tg4.ie\/ga\/wp-json\/wp\/v2\/media?parent=184068"}],"curies":[{"name":"wp","href":"https:\/\/api.w.org\/{rel}","templated":true}]}}