{"id":185163,"date":"2023-03-06T07:30:40","date_gmt":"2023-03-06T07:30:40","guid":{"rendered":"https:\/\/dev.tg4.ie\/?page_id=185163"},"modified":"2023-03-07T09:38:15","modified_gmt":"2023-03-07T09:38:15","slug":"9-nainmniuchan-rts","status":"publish","type":"page","link":"https:\/\/dev.tg4.ie\/ga\/eolas\/preas\/nuacht-raitis\/2023-2\/9-nainmniuchan-rts\/","title":{"rendered":"9 nAinmni\u00fach\u00e1n faighte ag TG4 do Gradaim Theilif\u00edse RTS 2023"},"content":{"rendered":"<p><img loading=\"lazy\" decoding=\"async\" width=\"1920\" height=\"1080\" src=\"https:\/\/tg4-docs.s3.amazonaws.com\/wp-content\/uploads\/2023\/03\/04140144\/RTSOcaid.jpg\" alt=\"RTS \u00d3c\u00e1id 2023\" class=\"alignright size-thumbnail wp-image-185167\" srcset=\"https:\/\/tg4-docs.s3.amazonaws.com\/wp-content\/uploads\/2023\/03\/04140144\/RTSOcaid.jpg 1920w, https:\/\/tg4-docs.s3.amazonaws.com\/wp-content\/uploads\/2023\/03\/04140144\/RTSOcaid-250x141.jpg 250w, https:\/\/tg4-docs.s3.amazonaws.com\/wp-content\/uploads\/2023\/03\/04140144\/RTSOcaid-700x394.jpg 700w, https:\/\/tg4-docs.s3.amazonaws.com\/wp-content\/uploads\/2023\/03\/04140144\/RTSOcaid-252x141.jpg 252w, https:\/\/tg4-docs.s3.amazonaws.com\/wp-content\/uploads\/2023\/03\/04140144\/RTSOcaid-1536x864.jpg 1536w, https:\/\/tg4-docs.s3.amazonaws.com\/wp-content\/uploads\/2023\/03\/04140144\/RTSOcaid-120x68.jpg 120w\" sizes=\"(max-width: 1920px) 100vw, 1920px\" \/><br \/>\n&nbsp;<\/p>\n<p>Naoi gcinn d\u2019ainmni\u00fach\u00e1in ar fad a fuair cl\u00e1ir de chuid TG4 do Ghradaim Theilif\u00edse RTS a f\u00f3gra\u00edodh inniu. Tugann na gradaim aitheantas do bharr feabhais agus gaisc\u00ed in earn\u00e1il teilif\u00edse na h\u00c9ireann.<br \/>\n&nbsp;<br \/>\n<strong>Ainmn\u00edodh na cl\u00e1ir seo de chuid TG4:<\/strong><br \/>\n<strong>Dr\u00e1ma\u00edocht:<\/strong>  Doineann, DoubleBand Films (TG4)<br \/>\n<strong>Siamsa\u00edocht:<\/strong>  Cumasc: Seisi\u00fain sa Black Gate, Black Gate Productions (TG4)<br \/>\n<strong>Sraith Fh\u00edorasach:<\/strong>  Cois M\u00f3ire, Cormorant Films (TG4)<br \/>\n<strong>Sraith Fh\u00edorasach:<\/strong>  An Diabhal Inti, Lagan Media Productions (TG4)<br \/>\n<strong>Cl\u00e1r F\u00edorasach:<\/strong>  Cyril Cusack: L\u00e1r An St\u00e1itse, Dearg Films (TG4)<br \/>\n<strong>Sp\u00f3rt:<\/strong>  Anton O&#8217;Toole &#8211; Finsc\u00e9al de Shaol GAA,  Bankos Tales Productions (TG4)<br \/>\n<strong>Sp\u00f3rt:<\/strong>  Laochra Gael &#8211; Terence McNaughton, Nemeton TV (TG4)<br \/>\n<strong>Sainchl\u00e1r F\u00edorasach:<\/strong>  An Buachaill Gealgh\u00e1ireach, Imagine Media (TG4)<br \/>\n<strong>Siamsa\u00edocht Fh\u00edorasach:<\/strong>  Bagatelle &#8211; \u00d3m\u00f3s do Liam Reilly, Four Quadrant Films (TG4)<br \/>\n&nbsp;<br \/>\nF\u00f3gr\u00f3far na buaiteoir\u00ed tr\u00e1thn\u00f3na D\u00e9 M\u00e1irt an 28 M\u00e1rta ag \u00f3c\u00e1id in \u00d3st\u00e1n an Galmont i nGaillimh.   Is iad Caitl\u00edn Nic Aoidh agus Cormac \u00d3 hEadhra a chuirfidh an \u00f3c\u00e1id i l\u00e1thair agus beidh na ceolt\u00f3ir\u00ed Mick Flannery agus Susan O\u2019Neill agus an gr\u00fapa Bl\u00e1th na h\u00d3ige ag ceol.<br \/>\n&nbsp;<br \/>\nSeo a leanas liosta ioml\u00e1n de na hainmni\u00fach\u00e1in.<br \/>\n&nbsp;<br \/>\n1 \u2013 DR\u00c1MA\u00cdOCHT | DRAMA | bu\u00edochas:Screen Ireland<br \/>\nDoineann, DoubleBand Films (TG4)<br \/>\nEvery Five Miles, Vico Films (RT\u00c9)<br \/>\nHolding, Happy Prince, Port Pictures (Virgin Media)<br \/>\nRedemption, Metropolitan Films (Virgin Media)<br \/>\nSmother, Treasure Entertainment (RT\u00c9 One)<br \/>\n&nbsp;<br \/>\n2 \u2013 SIAMSA\u00cdOCHT | ENTERTAINMENT | bu\u00edochas: Piranha<br \/>\nCallan Kicks the Year, Wonky Chair Media, (RT\u00c9)<br \/>\nCumasc: Seisi\u00fain sa Black Gate, Black Gate Productions (TG4)<br \/>\nDancing with the Stars, ShinAwiL (RT\u00c9)<br \/>\nFree Gaff, Green Inc Film &#038; Television (RT\u00c92 &#038; RT\u00c9 player)<br \/>\nThe Ultimate Irish Playlist, ShinAwiL (RT\u00c9)<br \/>\n&nbsp;<br \/>\n3 \u2013 SRAITH FH\u00cdORASACH | FACTUAL SERIES | bu\u00edochas: Egg Post Production<br \/>\nCois M\u00f3ire, Cormorant Films (TG4)<br \/>\nCrimes and Confessions (RT\u00c9)<br \/>\nAn Diabhal Inti, Lagan Media Productions (TG4)<br \/>\nGreat Lighthouses of Ireland, Inproduction TV (RT\u00c9)<br \/>\n&nbsp;<br \/>\n4 \u2013 CL\u00c1R F\u00cdORASACH | FACTUAL SINGLE | bu\u00edochas: Nemeton TV<br \/>\nCyril Cusack: L\u00e1r An St\u00e1itse, Dearg Films (TG4)<br \/>\nSpeechless, Firebrand Productions (RT\u00c9)<br \/>\nThe Ghost of Richard Harris, Bright Yellow Films, Samson Films, Groove International (Sky Arts)<br \/>\nYoung Plato, Soilsiu Films, Aisling Productions, Clin d&#8217;Oeil Films and Zadig Productions (RT\u00c9)<br \/>\n&nbsp;<br \/>\n5 \u2013 SP\u00d3RT | SPORT | bu\u00edochas: TVM<br \/>\nAnton O&#8217;Toole &#8211; Finsc\u00e9al de Shaol GAA,   Bankos Tales Productions (TG4)<br \/>\nThe Connacht Way, Motherland (RT\u00c9 One)<br \/>\nLaochra Gael &#8211; Terence McNaughton, Nemeton TV (TG4)<br \/>\nMunster Vs South Africa A (Virgin Media Television)<br \/>\nSaipan &#8211; Rebel without a Ball,  (RT\u00c9)<br \/>\n&nbsp;<br \/>\n6 \u2013 NUACHT &#038; C\u00daRSA\u00cd REATHA  | NEWS &#038; CURRENT AFFAIRS | bu\u00edochas:Camerakit.ie<br \/>\nThe Accountant, the Con, the Lies (RT\u00c9)<br \/>\nThe Death of Ashling Murphy (Virgin Media News)<br \/>\nEden Heaslip (RT\u00c9)<br \/>\nRT\u00c9 Investigates: Missing Pieces (RT\u00c9)<br \/>\nTragedy in Creeslough (Sky News)<br \/>\n&nbsp;<br \/>\n7 \u2013 BEOCHAN | ANIMATION | bu\u00edochas:Windmill Lane<br \/>\nBoy Girl Dog Cat Mouse Cheese, Kavaleer Productions, Watch Next Media, Cloud Co (RT\u00c9)<br \/>\nFia&#8217;s Fairies, Little Moon Animation (RT\u00c9jr)<br \/>\nThe Ghastly Ghoul, Dream Logic Animation Studios and Lupus Films (RT\u00c9)<br \/>\nKiva Can Do, Kavaleer Productions (RT\u00c9)<br \/>\nThe Presenter, Cardel Entertainment (RT\u00c9)<br \/>\n&nbsp;<br \/>\n8 \u2013 SAINCHL\u00c1R F\u00cdORASACH | SPECIALIST FACTUAL| bu\u00edochas:Ard\u00e1n<br \/>\nAn Buachaill Gealgh\u00e1ireach, Imagine Media (TG4)<br \/>\nFrancis Bacon, The Outsider, Mount Venus Productions (RT\u00c9)<br \/>\nIreland&#8217;s Dirty Laundry, New Decade TV (RT\u00c9 &#038; ARTE)<br \/>\nMaeve Binchy: The Magic of the Ordinary (RT\u00c9)<br \/>\nA Note for Nature, Crossing the Line Films (RT\u00c9)<br \/>\n&nbsp;<br \/>\n9 \u2013 CL\u00c1R DO PH\u00c1IST\u00cd  | CHILDREN\u2019S PROGRAMME | bu\u00edochas:IMRO<br \/>\nBlast from the Past, Firebrand Productions (RT\u00c9)<br \/>\nDizzy Deliveries, Macalla Teoranta (RT\u00c9)<br \/>\nIreland&#8217;s Future is Mine, Tamber Media &#038; Reverist (RT\u00c9)<br \/>\nThe Imagination Machine, Firebrand Productions (RT\u00c9)<br \/>\nStorybud, Kite Entertainment (RT\u00c9)<br \/>\n&nbsp;<br \/>\n10 \u2013 SIAMSA\u00cdOCHT FH\u00cdORASACH | FACTUAL ENTERTAINMENT | bu\u00edochas: Screenscene<br \/>\nBagatelle &#8211; \u00d3m\u00f3s do Liam Reilly, Four Quadrant Films (TG4)<br \/>\nGeneration Dating, Coco Content (Virgin Media)<br \/>\nGogglebox Ireland, Kite Entertainment (Virgin Media)<br \/>\nLucy Investigates, ADARE Productions   (Virgin Media One)<br \/>\nSecrets from the Showroom (RT\u00c9)<br \/>\n&nbsp;<br \/>\nIs iad TG4 a chuirfidh  o\u00edche mh\u00f3r na nGradam i l\u00e1thair i mbliana. T\u00e1 craolt\u00f3ir\u00ed \u00c9ireannacha TG4, Virgin Media, Sky agus RT\u00c9 ag tac\u00fa leis na gradaim agus t\u00e1 urra\u00edocht curtha ar f\u00e1il ag F\u00eds \u00c9ireann,  \u00dadar\u00e1s Craolach\u00e1in na h\u00c9ireann agus L\u00e9iritheoir\u00ed Sc\u00e1ile\u00e1in na h\u00c9ireann. Is iad Nemeton TV, Egg Post Production, Screenscene, Ard\u00e1n, Imro, Piranah Bar, Camerakit Ireland agus TVM a rinne urra\u00edocht ar na catag\u00f3ir\u00ed \u00e9ags\u00fala.<br \/>\n&nbsp;<br \/>\nIs f\u00e9idir tic\u00e9id don \u00f3c\u00e1id a bheidh ar si\u00fal ar an 28 M\u00e1rta in \u00d3st\u00e1n an Galmont a fh\u00e1il anseo: <a href=\"https:\/\/rts.org.uk\/civicrm\/event\/register?reset=1&#038;id=815\" rel=\"noopener\" target=\"_blank\">https:\/\/rts.org.uk\/civicrm\/event\/register?reset=1&#038;id=815<\/a><br \/>\n&nbsp;<br \/>\nTuilleadh eolais faoi RTS: <a href=\"https:\/\/rts.org.uk\/region\/republic-ireland\" rel=\"noopener\" target=\"_blank\">https:\/\/rts.org.uk\/region\/republic-ireland<\/a><br \/>\n&nbsp;<br \/>\n&nbsp;<\/p>\n","protected":false},"excerpt":{"rendered":"<p>&nbsp; Naoi gcinn d\u2019ainmni\u00fach\u00e1in ar fad a fuair cl\u00e1ir de chuid TG4 do Ghradaim Theilif\u00edse RTS a f\u00f3gra\u00edodh inniu. Tugann na gradaim aitheantas do bharr feabhais agus gaisc\u00ed in earn\u00e1il teilif\u00edse na h\u00c9ireann. &nbsp; Ainmn\u00edodh na cl\u00e1ir seo de chuid TG4: Dr\u00e1ma\u00edocht: Doineann, DoubleBand Films (TG4) Siamsa\u00edocht: Cumasc: Seisi\u00fain sa Black Gate, Black Gate Productions [&hellip;]<\/p>\n","protected":false},"author":4,"featured_media":0,"parent":180840,"menu_order":5,"comment_status":"closed","ping_status":"closed","template":"page-templates\/template-pr.php","meta":{"_acf_changed":false,"footnotes":""},"acf":[],"yoast_head":"<!-- This site is optimized with the Yoast SEO plugin v22.6 - https:\/\/yoast.com\/wordpress\/plugins\/seo\/ -->\n<title>9 nAinmni\u00fach\u00e1n faighte ag TG4 do Gradaim Theilif\u00edse RTS 2023 | Preas R\u00e1iteas | TG4<\/title>\n<meta name=\"description\" content=\"Naoi gcinn d\u2019ainmni\u00fach\u00e1in ar fad a fuair cl\u00e1ir de chuid TG4 do Ghradaim Theilif\u00edse RTS a f\u00f3gra\u00edodh inniu. Tugann na gradaim aitheantas do bharr feabhais agus gaisc\u00ed in earn\u00e1il teilif\u00edse na h\u00c9ireann.\" \/>\n<meta name=\"robots\" content=\"index, follow, max-snippet:-1, max-image-preview:large, max-video-preview:-1\" \/>\n<meta property=\"og:locale\" content=\"en_US\" \/>\n<meta property=\"og:type\" content=\"article\" \/>\n<meta property=\"og:title\" content=\"9 nAinmni\u00fach\u00e1n faighte ag TG4 do Gradaim Theilif\u00edse RTS 2023 | Preas R\u00e1iteas | TG4\" \/>\n<meta property=\"og:description\" content=\"Naoi gcinn d\u2019ainmni\u00fach\u00e1in ar fad a fuair cl\u00e1ir de chuid TG4 do Ghradaim Theilif\u00edse RTS a f\u00f3gra\u00edodh inniu. Tugann na gradaim aitheantas do bharr feabhais agus gaisc\u00ed in earn\u00e1il teilif\u00edse na h\u00c9ireann.\" \/>\n<meta property=\"og:url\" content=\"https:\/\/dev.tg4.ie\/ga\/eolas\/preas\/nuacht-raitis\/2023-2\/9-nainmniuchan-rts\/\" \/>\n<meta property=\"og:site_name\" content=\"TG4\" \/>\n<meta property=\"article:publisher\" content=\"https:\/\/www.facebook.com\/TG4TV\" \/>\n<meta property=\"article:modified_time\" content=\"2023-03-07T09:38:15+00:00\" \/>\n<meta property=\"og:image\" content=\"https:\/\/tg4-docs.s3.amazonaws.com\/wp-content\/uploads\/2023\/03\/04140144\/RTSOcaid.jpg\" \/>\n\t<meta property=\"og:image:width\" content=\"1920\" \/>\n\t<meta property=\"og:image:height\" content=\"1080\" \/>\n\t<meta property=\"og:image:type\" content=\"image\/jpeg\" \/>\n<meta name=\"twitter:card\" content=\"summary_large_image\" \/>\n<meta name=\"twitter:image\" content=\"https:\/\/tg4-docs.s3.amazonaws.com\/wp-content\/uploads\/2023\/03\/04140144\/RTSOcaid.jpg\" \/>\n<meta name=\"twitter:site\" content=\"@TG4TV\" \/>\n<meta name=\"twitter:label1\" content=\"Est. reading time\" \/>\n\t<meta name=\"twitter:data1\" content=\"4 minutes\" \/>\n<script type=\"application\/ld+json\" class=\"yoast-schema-graph\">{\"@context\":\"https:\/\/schema.org\",\"@graph\":[{\"@type\":\"WebPage\",\"@id\":\"https:\/\/dev.tg4.ie\/ga\/eolas\/preas\/nuacht-raitis\/2023-2\/9-nainmniuchan-rts\/\",\"url\":\"https:\/\/dev.tg4.ie\/ga\/eolas\/preas\/nuacht-raitis\/2023-2\/9-nainmniuchan-rts\/\",\"name\":\"9 nAinmni\u00fach\u00e1n faighte ag TG4 do Gradaim Theilif\u00edse RTS 2023 | Preas R\u00e1iteas | TG4\",\"isPartOf\":{\"@id\":\"https:\/\/dev.tg4.ie\/en\/#website\"},\"primaryImageOfPage\":{\"@id\":\"https:\/\/dev.tg4.ie\/ga\/eolas\/preas\/nuacht-raitis\/2023-2\/9-nainmniuchan-rts\/#primaryimage\"},\"image\":{\"@id\":\"https:\/\/dev.tg4.ie\/ga\/eolas\/preas\/nuacht-raitis\/2023-2\/9-nainmniuchan-rts\/#primaryimage\"},\"thumbnailUrl\":\"https:\/\/dev.tg4.ie\/wp-content\/uploads\/2023\/03\/RTSOcaid.jpg\",\"datePublished\":\"2023-03-06T07:30:40+00:00\",\"dateModified\":\"2023-03-07T09:38:15+00:00\",\"description\":\"Naoi gcinn d\u2019ainmni\u00fach\u00e1in ar fad a fuair cl\u00e1ir de chuid TG4 do Ghradaim Theilif\u00edse RTS a f\u00f3gra\u00edodh inniu. Tugann na gradaim aitheantas do bharr feabhais agus gaisc\u00ed in earn\u00e1il teilif\u00edse na h\u00c9ireann.\",\"breadcrumb\":{\"@id\":\"https:\/\/dev.tg4.ie\/ga\/eolas\/preas\/nuacht-raitis\/2023-2\/9-nainmniuchan-rts\/#breadcrumb\"},\"inLanguage\":\"ga\",\"potentialAction\":[{\"@type\":\"ReadAction\",\"target\":[\"https:\/\/dev.tg4.ie\/ga\/eolas\/preas\/nuacht-raitis\/2023-2\/9-nainmniuchan-rts\/\"]}]},{\"@type\":\"ImageObject\",\"inLanguage\":\"ga\",\"@id\":\"https:\/\/dev.tg4.ie\/ga\/eolas\/preas\/nuacht-raitis\/2023-2\/9-nainmniuchan-rts\/#primaryimage\",\"url\":\"https:\/\/dev.tg4.ie\/wp-content\/uploads\/2023\/03\/RTSOcaid.jpg\",\"contentUrl\":\"https:\/\/dev.tg4.ie\/wp-content\/uploads\/2023\/03\/RTSOcaid.jpg\"},{\"@type\":\"BreadcrumbList\",\"@id\":\"https:\/\/dev.tg4.ie\/ga\/eolas\/preas\/nuacht-raitis\/2023-2\/9-nainmniuchan-rts\/#breadcrumb\",\"itemListElement\":[{\"@type\":\"ListItem\",\"position\":1,\"name\":\"Home\",\"item\":\"https:\/\/dev.tg4.ie\/ga\/\"},{\"@type\":\"ListItem\",\"position\":2,\"name\":\"Eolas\",\"item\":\"https:\/\/dev.tg4.ie\/ga\/eolas\/\"},{\"@type\":\"ListItem\",\"position\":3,\"name\":\"Preas\",\"item\":\"https:\/\/dev.tg4.ie\/ga\/eolas\/preas\/\"},{\"@type\":\"ListItem\",\"position\":4,\"name\":\"Nuacht R\u00e1itis\",\"item\":\"https:\/\/dev.tg4.ie\/ga\/eolas\/preas\/nuacht-raitis\/\"},{\"@type\":\"ListItem\",\"position\":5,\"name\":\"2023\",\"item\":\"https:\/\/dev.tg4.ie\/ga\/eolas\/preas\/nuacht-raitis\/2023-2\/\"},{\"@type\":\"ListItem\",\"position\":6,\"name\":\"9 nAinmni\u00fach\u00e1n faighte ag TG4 do Gradaim Theilif\u00edse RTS 2023\"}]},{\"@type\":\"WebSite\",\"@id\":\"https:\/\/dev.tg4.ie\/en\/#website\",\"url\":\"https:\/\/dev.tg4.ie\/en\/\",\"name\":\"TG4\",\"description\":\"S\u00fail Eile\",\"potentialAction\":[{\"@type\":\"SearchAction\",\"target\":{\"@type\":\"EntryPoint\",\"urlTemplate\":\"https:\/\/dev.tg4.ie\/en\/?s={search_term_string}\"},\"query-input\":\"required name=search_term_string\"}],\"inLanguage\":\"ga\"}]}<\/script>\n<!-- \/ Yoast SEO plugin. -->","yoast_head_json":{"title":"9 nAinmni\u00fach\u00e1n faighte ag TG4 do Gradaim Theilif\u00edse RTS 2023 | Preas R\u00e1iteas | TG4","description":"Naoi gcinn d\u2019ainmni\u00fach\u00e1in ar fad a fuair cl\u00e1ir de chuid TG4 do Ghradaim Theilif\u00edse RTS a f\u00f3gra\u00edodh inniu. Tugann na gradaim aitheantas do bharr feabhais agus gaisc\u00ed in earn\u00e1il teilif\u00edse na h\u00c9ireann.","robots":{"index":"index","follow":"follow","max-snippet":"max-snippet:-1","max-image-preview":"max-image-preview:large","max-video-preview":"max-video-preview:-1"},"og_locale":"en_US","og_type":"article","og_title":"9 nAinmni\u00fach\u00e1n faighte ag TG4 do Gradaim Theilif\u00edse RTS 2023 | Preas R\u00e1iteas | TG4","og_description":"Naoi gcinn d\u2019ainmni\u00fach\u00e1in ar fad a fuair cl\u00e1ir de chuid TG4 do Ghradaim Theilif\u00edse RTS a f\u00f3gra\u00edodh inniu. Tugann na gradaim aitheantas do bharr feabhais agus gaisc\u00ed in earn\u00e1il teilif\u00edse na h\u00c9ireann.","og_url":"https:\/\/dev.tg4.ie\/ga\/eolas\/preas\/nuacht-raitis\/2023-2\/9-nainmniuchan-rts\/","og_site_name":"TG4","article_publisher":"https:\/\/www.facebook.com\/TG4TV","article_modified_time":"2023-03-07T09:38:15+00:00","og_image":[{"width":1920,"height":1080,"url":"https:\/\/tg4-docs.s3.amazonaws.com\/wp-content\/uploads\/2023\/03\/04140144\/RTSOcaid.jpg","type":"image\/jpeg"}],"twitter_card":"summary_large_image","twitter_image":"https:\/\/tg4-docs.s3.amazonaws.com\/wp-content\/uploads\/2023\/03\/04140144\/RTSOcaid.jpg","twitter_site":"@TG4TV","twitter_misc":{"Est. reading time":"4 minutes"},"schema":{"@context":"https:\/\/schema.org","@graph":[{"@type":"WebPage","@id":"https:\/\/dev.tg4.ie\/ga\/eolas\/preas\/nuacht-raitis\/2023-2\/9-nainmniuchan-rts\/","url":"https:\/\/dev.tg4.ie\/ga\/eolas\/preas\/nuacht-raitis\/2023-2\/9-nainmniuchan-rts\/","name":"9 nAinmni\u00fach\u00e1n faighte ag TG4 do Gradaim Theilif\u00edse RTS 2023 | Preas R\u00e1iteas | TG4","isPartOf":{"@id":"https:\/\/dev.tg4.ie\/en\/#website"},"primaryImageOfPage":{"@id":"https:\/\/dev.tg4.ie\/ga\/eolas\/preas\/nuacht-raitis\/2023-2\/9-nainmniuchan-rts\/#primaryimage"},"image":{"@id":"https:\/\/dev.tg4.ie\/ga\/eolas\/preas\/nuacht-raitis\/2023-2\/9-nainmniuchan-rts\/#primaryimage"},"thumbnailUrl":"https:\/\/dev.tg4.ie\/wp-content\/uploads\/2023\/03\/RTSOcaid.jpg","datePublished":"2023-03-06T07:30:40+00:00","dateModified":"2023-03-07T09:38:15+00:00","description":"Naoi gcinn d\u2019ainmni\u00fach\u00e1in ar fad a fuair cl\u00e1ir de chuid TG4 do Ghradaim Theilif\u00edse RTS a f\u00f3gra\u00edodh inniu. Tugann na gradaim aitheantas do bharr feabhais agus gaisc\u00ed in earn\u00e1il teilif\u00edse na h\u00c9ireann.","breadcrumb":{"@id":"https:\/\/dev.tg4.ie\/ga\/eolas\/preas\/nuacht-raitis\/2023-2\/9-nainmniuchan-rts\/#breadcrumb"},"inLanguage":"ga","potentialAction":[{"@type":"ReadAction","target":["https:\/\/dev.tg4.ie\/ga\/eolas\/preas\/nuacht-raitis\/2023-2\/9-nainmniuchan-rts\/"]}]},{"@type":"ImageObject","inLanguage":"ga","@id":"https:\/\/dev.tg4.ie\/ga\/eolas\/preas\/nuacht-raitis\/2023-2\/9-nainmniuchan-rts\/#primaryimage","url":"https:\/\/dev.tg4.ie\/wp-content\/uploads\/2023\/03\/RTSOcaid.jpg","contentUrl":"https:\/\/dev.tg4.ie\/wp-content\/uploads\/2023\/03\/RTSOcaid.jpg"},{"@type":"BreadcrumbList","@id":"https:\/\/dev.tg4.ie\/ga\/eolas\/preas\/nuacht-raitis\/2023-2\/9-nainmniuchan-rts\/#breadcrumb","itemListElement":[{"@type":"ListItem","position":1,"name":"Home","item":"https:\/\/dev.tg4.ie\/ga\/"},{"@type":"ListItem","position":2,"name":"Eolas","item":"https:\/\/dev.tg4.ie\/ga\/eolas\/"},{"@type":"ListItem","position":3,"name":"Preas","item":"https:\/\/dev.tg4.ie\/ga\/eolas\/preas\/"},{"@type":"ListItem","position":4,"name":"Nuacht R\u00e1itis","item":"https:\/\/dev.tg4.ie\/ga\/eolas\/preas\/nuacht-raitis\/"},{"@type":"ListItem","position":5,"name":"2023","item":"https:\/\/dev.tg4.ie\/ga\/eolas\/preas\/nuacht-raitis\/2023-2\/"},{"@type":"ListItem","position":6,"name":"9 nAinmni\u00fach\u00e1n faighte ag TG4 do Gradaim Theilif\u00edse RTS 2023"}]},{"@type":"WebSite","@id":"https:\/\/dev.tg4.ie\/en\/#website","url":"https:\/\/dev.tg4.ie\/en\/","name":"TG4","description":"S\u00fail Eile","potentialAction":[{"@type":"SearchAction","target":{"@type":"EntryPoint","urlTemplate":"https:\/\/dev.tg4.ie\/en\/?s={search_term_string}"},"query-input":"required name=search_term_string"}],"inLanguage":"ga"}]}},"_links":{"self":[{"href":"https:\/\/dev.tg4.ie\/ga\/wp-json\/wp\/v2\/pages\/185163"}],"collection":[{"href":"https:\/\/dev.tg4.ie\/ga\/wp-json\/wp\/v2\/pages"}],"about":[{"href":"https:\/\/dev.tg4.ie\/ga\/wp-json\/wp\/v2\/types\/page"}],"author":[{"embeddable":true,"href":"https:\/\/dev.tg4.ie\/ga\/wp-json\/wp\/v2\/users\/4"}],"replies":[{"embeddable":true,"href":"https:\/\/dev.tg4.ie\/ga\/wp-json\/wp\/v2\/comments?post=185163"}],"version-history":[{"count":0,"href":"https:\/\/dev.tg4.ie\/ga\/wp-json\/wp\/v2\/pages\/185163\/revisions"}],"up":[{"embeddable":true,"href":"https:\/\/dev.tg4.ie\/ga\/wp-json\/wp\/v2\/pages\/180840"}],"wp:attachment":[{"href":"https:\/\/dev.tg4.ie\/ga\/wp-json\/wp\/v2\/media?parent=185163"}],"curies":[{"name":"wp","href":"https:\/\/api.w.org\/{rel}","templated":true}]}}