{"id":185727,"date":"2023-03-07T10:57:45","date_gmt":"2023-03-07T10:57:45","guid":{"rendered":"https:\/\/dev.tg4.ie\/?page_id=185727"},"modified":"2023-03-07T11:01:54","modified_gmt":"2023-03-07T11:01:54","slug":"seacht-n-ainmniuchan-do-ghradaim-ifta-2023-faighte-ag-scannain-ghaeilge","status":"publish","type":"page","link":"https:\/\/dev.tg4.ie\/ga\/eolas\/preas\/nuacht-raitis\/2023-2\/seacht-n-ainmniuchan-do-ghradaim-ifta-2023-faighte-ag-scannain-ghaeilge\/","title":{"rendered":"Seacht n-Ainmni\u00fach\u00e1n do Ghradaim IFTA 2023 faighte ag scann\u00e1in Ghaeilge"},"content":{"rendered":"<p><img decoding=\"async\" src=\"https:\/\/tg4-docs.s3.amazonaws.com\/tg4-redesign-2015\/wp-content\/uploads\/2022\/03\/Roise_Frank_1-1920x1080-1.jpg\" alt=\"\" width=\"50%\" \/><img decoding=\"async\" src=\"https:\/\/tg4-docs.s3.amazonaws.com\/wp-content\/uploads\/2022\/06\/28171037\/Tarrac_1_1920x1080.jpg\" alt=\"\" width=\"50%\" \/><br \/>\n&nbsp;<br \/>\nT\u00e1 seacht n-ainmni\u00fach\u00e1n do Ghradaim IFTA 2023 faighte ag scann\u00e1in at\u00e1 maoinithe ag TG4. F\u00f3gra\u00edodh na hainmni\u00fach\u00e1in inniu.<br \/>\nS\u00e9 cinn d\u2019ainmni\u00fach\u00e1in at\u00e1 luaite do <strong>R\u00f3ise &#038; Frank<\/strong> agus t\u00e1 ainmni\u00fach\u00e1n amh\u00e1in luaite do <strong>Tarrac<\/strong>.<br \/>\nScann\u00e1in <strong>Cine4<\/strong> iad <strong>R\u00f3ise &#038; Frank<\/strong> agus <strong>Tarrac<\/strong>, ar tionscnamh \u00e9 sin idir TG4, F\u00eds \u00c9ireann agus an BAI chun fadscann\u00e1in \u00farnua Ghaeilge a fhorbairt.<br \/>\n&nbsp;<br \/>\nIs scann\u00e1n teaghlaigh \u00e9 <strong>R\u00f3ise &#038; Frank<\/strong> a bhfuil an-t\u00f3ir air ag na f\u00e9ilte \u00f3 eis\u00edodh \u00e9 anuraidh.  Ar na gradaim at\u00e1 bainte amach ag an scann\u00e1n go dt\u00ed seo, t\u00e1 Gradam Chiorcal L\u00e9irmheast\u00f3ir\u00ed Scann\u00e1n Bhaile \u00c1tha Cliath, an gradam don Ensemble is Fearr ag F\u00e9ile Scann\u00e1n Idirn\u00e1isi\u00fanta Bhaile \u00c1tha Cliath agus gradaim an Lucht F\u00e9achana ag F\u00e9ile Scann\u00e1n Idirn\u00e1isi\u00fanta Santa Barbara agus ag F\u00e9ile Scann\u00e1n Idirn\u00e1isi\u00fanta Sanoma araon. Is iad Rachael Moriarty agus Peter Murphy a scr\u00edobh agus a sti\u00fair <strong>R\u00f3ise &#038; Frank<\/strong>, agus Macalla a l\u00e9irigh an scann\u00e1n. T\u00e1 dh\u00e1 bhliain caite \u00f3 bh\u00e1saigh Frank, fear c\u00e9ile R\u00f3ise. Agus \u00ed cr\u00e1ite ag an mbriseadh cro\u00ed, t\u00e1 R\u00f3ise tar \u00e9is \u00ed f\u00e9in a scoitheadh amach \u00f3na muintir agus \u00f3n bpobal. Le teacht madra mist\u00e9ireach a bhfuil r\u00fan aige caidreamh a dh\u00e9anamh l\u00e9i, is cos\u00fail, t\u00e1 an chuma air go bhfuil athr\u00fa m\u00f3r ar na bac\u00e1in. Ach an athr\u00fa chun feabhais a bheidh ann? T\u00e1 an madra an-t\u00f3gtha leis an iom\u00e1int agus le st\u00e9ig, t\u00e1 a rogha cathaoireacha uillinne aige i dteach R\u00f3ise, agus t\u00e1 gr\u00e1in aige ar chomharsa R\u00f3ise, Donncha. Scr\u00edbhneoir\u00ed: Peter Murphy &#038; Rachael Moriarty. L\u00e9iritheoir: C\u00fa\u00e1n Mac Conghail. An Chliar: Br\u00edd N\u00ed Neachtain, Cillian \u00d3 Gairbh\u00ed, Lorcan Cranitch, Ruadh\u00e1n de Faoite, Michelle Beamish, Claire O\u2019Connor, Peadar Cox agus Deagl\u00e1n de Paor.<br \/>\n&nbsp;<br \/>\nIs dr\u00e1ma pearsanta carachtar-bhunaithe \u00e9 <strong>Tarrac<\/strong>, at\u00e1 suite i nGaeltacht Chiarra\u00ed. Filleann Aoife N\u00ed Bhraoin abhaile chun cuidi\u00fa lena hathair, Brend\u00e1n \u2018An B\u00e9ar\u2019, agus \u00e9 ag t\u00e9arnamh \u00f3 thaom cro\u00ed. R\u00e9it\u00edonn siad maith go leor lena ch\u00e9ile \u00f3 l\u00e1 go l\u00e1. De r\u00e9ir mar a thosa\u00edmid ag tochailt n\u00edos doimhne, t\u00e1 s\u00e9 soil\u00e9ir gur f\u00e1gadh go leor gan r\u00e1 eatarthu faoi bh\u00e1s mh\u00e1thair Aoife. Ba iad Declan Recks a sti\u00fair, Eugene O\u2019Brien a scr\u00edobh agus Cl\u00edona N\u00ed Bhuachalla a l\u00e9irigh an scann\u00e1n seo. \u00c1ir\u00edtear ar an gcliar Kelly Gough, Lorcan Cranitch, Kate Nic Chonaonaigh, Kate Finegan, Rachel Feeney agus Cillian \u00d3 Gairbh\u00ed.<br \/>\n&nbsp;<br \/>\nD\u00fairt <strong>Ard-Sti\u00farth\u00f3ir TG4, Alan Esslemont<\/strong>, an m\u00e9id seo a leanas: <em>\u201cComhghairdeas \u00f3 chro\u00ed le foireann R\u00f3ise &#038; Frank agus le foireann Tarrac. Is aitheantas \u00e9 an seacht n-ainmni\u00fach\u00e1n seo as an gcaighde\u00e1n at\u00e1 sna scann\u00e1in idir aisteoireacht, agus scann\u00e1na\u00edocht. Bh\u00ed scann\u00e1in Ghaeilge d\u2019ardchaighde\u00e1n le feice\u00e1il i bpicti\u00farlanna agus ag f\u00e9ilte scann\u00e1in go rialta sa bhliain 2022 agus is iontach an rud \u00e9 go bhfuil TG4 agus CINE4 l\u00e1rnach san earn\u00e1il scann\u00e1na\u00edochta in \u00c9irinn agus ar fud an domhain. Ba \u00e9 an aidhm a bh\u00ed le sc\u00e9im \u2018Cine4\u2019 scann\u00e1in Ghaeilge a chur chun cinn do phobal na Gaeilge ach i nd\u00e1ir\u00edre t\u00e1 athr\u00fa \u00f3 bhonn tagtha anois ar earn\u00e1il scann\u00e1na\u00edochta na h\u00c9ireann mar gheall uirthi. R\u00e9itigh An Cail\u00edn Ci\u00fain an bealach i dtreo Ghradam Oscar agus c\u00e1 bhfios nach mbeidh an d\u00e1 scann\u00e1n seo ag tabhairt aghaidh ar an mb\u00f3thar c\u00e9anna.\u201d<\/em><br \/>\n&nbsp;<br \/>\n&nbsp;<br \/>\n&nbsp;<\/p>\n","protected":false},"excerpt":{"rendered":"<p>&nbsp; T\u00e1 seacht n-ainmni\u00fach\u00e1n do Ghradaim IFTA 2023 faighte ag scann\u00e1in at\u00e1 maoinithe ag TG4. F\u00f3gra\u00edodh na hainmni\u00fach\u00e1in inniu. S\u00e9 cinn d\u2019ainmni\u00fach\u00e1in at\u00e1 luaite do R\u00f3ise &#038; Frank agus t\u00e1 ainmni\u00fach\u00e1n amh\u00e1in luaite do Tarrac. Scann\u00e1in Cine4 iad R\u00f3ise &#038; Frank agus Tarrac, ar tionscnamh \u00e9 sin idir TG4, F\u00eds \u00c9ireann agus an BAI chun [&hellip;]<\/p>\n","protected":false},"author":876,"featured_media":0,"parent":180840,"menu_order":7,"comment_status":"closed","ping_status":"closed","template":"page-templates\/template-pr.php","meta":{"_acf_changed":false,"footnotes":""},"acf":[],"yoast_head":"<!-- This site is optimized with the Yoast SEO plugin v22.6 - https:\/\/yoast.com\/wordpress\/plugins\/seo\/ -->\n<title>Seacht n-Ainmni\u00fach\u00e1n do Ghradaim IFTA 2023 faighte ag scann\u00e1in Ghaeilge | Preas R\u00e1iteas | TG4<\/title>\n<meta name=\"description\" content=\"T\u00e1 seacht n-ainmni\u00fach\u00e1n do Ghradaim IFTA 2023 faighte ag scann\u00e1in at\u00e1 maoinithe ag TG4. F\u00f3gra\u00edodh na hainmni\u00fach\u00e1in inniu.S\u00e9 cinn d\u2019ainmni\u00fach\u00e1in at\u00e1 luaite do R\u00f3ise &amp; Frank agus t\u00e1 ainmni\u00fach\u00e1n amh\u00e1in luaite do Tarrac.\" \/>\n<meta name=\"robots\" content=\"index, follow, max-snippet:-1, max-image-preview:large, max-video-preview:-1\" \/>\n<meta property=\"og:locale\" content=\"en_US\" \/>\n<meta property=\"og:type\" content=\"article\" \/>\n<meta property=\"og:title\" content=\"Seacht n-Ainmni\u00fach\u00e1n do Ghradaim IFTA 2023 faighte ag scann\u00e1in Ghaeilge | Preas R\u00e1iteas | TG4\" \/>\n<meta property=\"og:description\" content=\"T\u00e1 seacht n-ainmni\u00fach\u00e1n do Ghradaim IFTA 2023 faighte ag scann\u00e1in at\u00e1 maoinithe ag TG4. F\u00f3gra\u00edodh na hainmni\u00fach\u00e1in inniu.S\u00e9 cinn d\u2019ainmni\u00fach\u00e1in at\u00e1 luaite do R\u00f3ise &amp; Frank agus t\u00e1 ainmni\u00fach\u00e1n amh\u00e1in luaite do Tarrac.\" \/>\n<meta property=\"og:url\" content=\"https:\/\/dev.tg4.ie\/ga\/eolas\/preas\/nuacht-raitis\/2023-2\/seacht-n-ainmniuchan-do-ghradaim-ifta-2023-faighte-ag-scannain-ghaeilge\/\" \/>\n<meta property=\"og:site_name\" content=\"TG4\" \/>\n<meta property=\"article:publisher\" content=\"https:\/\/www.facebook.com\/TG4TV\" \/>\n<meta property=\"article:modified_time\" content=\"2023-03-07T11:01:54+00:00\" \/>\n<meta property=\"og:image\" content=\"https:\/\/tg4-docs.s3.amazonaws.com\/tg4-redesign-2015\/wp-content\/uploads\/2022\/03\/Roise_Frank_1-1920x1080-1.jpg\" \/>\n\t<meta property=\"og:image:width\" content=\"1920\" \/>\n\t<meta property=\"og:image:height\" content=\"1080\" \/>\n\t<meta property=\"og:image:type\" content=\"image\/jpeg\" \/>\n<meta name=\"twitter:card\" content=\"summary_large_image\" \/>\n<meta name=\"twitter:image\" content=\"https:\/\/tg4-docs.s3.amazonaws.com\/tg4-redesign-2015\/wp-content\/uploads\/2022\/03\/Roise_Frank_1-1920x1080-1.jpg\" \/>\n<meta name=\"twitter:site\" content=\"@TG4TV\" \/>\n<meta name=\"twitter:label1\" content=\"Est. reading time\" \/>\n\t<meta name=\"twitter:data1\" content=\"3 minutes\" \/>\n<script type=\"application\/ld+json\" class=\"yoast-schema-graph\">{\"@context\":\"https:\/\/schema.org\",\"@graph\":[{\"@type\":\"WebPage\",\"@id\":\"https:\/\/dev.tg4.ie\/ga\/eolas\/preas\/nuacht-raitis\/2023-2\/seacht-n-ainmniuchan-do-ghradaim-ifta-2023-faighte-ag-scannain-ghaeilge\/\",\"url\":\"https:\/\/dev.tg4.ie\/ga\/eolas\/preas\/nuacht-raitis\/2023-2\/seacht-n-ainmniuchan-do-ghradaim-ifta-2023-faighte-ag-scannain-ghaeilge\/\",\"name\":\"Seacht n-Ainmni\u00fach\u00e1n do Ghradaim IFTA 2023 faighte ag scann\u00e1in Ghaeilge | Preas R\u00e1iteas | TG4\",\"isPartOf\":{\"@id\":\"https:\/\/dev.tg4.ie\/en\/#website\"},\"primaryImageOfPage\":{\"@id\":\"https:\/\/dev.tg4.ie\/ga\/eolas\/preas\/nuacht-raitis\/2023-2\/seacht-n-ainmniuchan-do-ghradaim-ifta-2023-faighte-ag-scannain-ghaeilge\/#primaryimage\"},\"image\":{\"@id\":\"https:\/\/dev.tg4.ie\/ga\/eolas\/preas\/nuacht-raitis\/2023-2\/seacht-n-ainmniuchan-do-ghradaim-ifta-2023-faighte-ag-scannain-ghaeilge\/#primaryimage\"},\"thumbnailUrl\":\"https:\/\/dev.tg4.ie\/wp-content\/uploads\/2022\/03\/Roise_Frank_1-1920x1080-1.jpg\",\"datePublished\":\"2023-03-07T10:57:45+00:00\",\"dateModified\":\"2023-03-07T11:01:54+00:00\",\"description\":\"T\u00e1 seacht n-ainmni\u00fach\u00e1n do Ghradaim IFTA 2023 faighte ag scann\u00e1in at\u00e1 maoinithe ag TG4. F\u00f3gra\u00edodh na hainmni\u00fach\u00e1in inniu.S\u00e9 cinn d\u2019ainmni\u00fach\u00e1in at\u00e1 luaite do R\u00f3ise & Frank agus t\u00e1 ainmni\u00fach\u00e1n amh\u00e1in luaite do Tarrac.\",\"breadcrumb\":{\"@id\":\"https:\/\/dev.tg4.ie\/ga\/eolas\/preas\/nuacht-raitis\/2023-2\/seacht-n-ainmniuchan-do-ghradaim-ifta-2023-faighte-ag-scannain-ghaeilge\/#breadcrumb\"},\"inLanguage\":\"ga\",\"potentialAction\":[{\"@type\":\"ReadAction\",\"target\":[\"https:\/\/dev.tg4.ie\/ga\/eolas\/preas\/nuacht-raitis\/2023-2\/seacht-n-ainmniuchan-do-ghradaim-ifta-2023-faighte-ag-scannain-ghaeilge\/\"]}]},{\"@type\":\"ImageObject\",\"inLanguage\":\"ga\",\"@id\":\"https:\/\/dev.tg4.ie\/ga\/eolas\/preas\/nuacht-raitis\/2023-2\/seacht-n-ainmniuchan-do-ghradaim-ifta-2023-faighte-ag-scannain-ghaeilge\/#primaryimage\",\"url\":\"https:\/\/dev.tg4.ie\/wp-content\/uploads\/2022\/03\/Roise_Frank_1-1920x1080-1.jpg\",\"contentUrl\":\"https:\/\/dev.tg4.ie\/wp-content\/uploads\/2022\/03\/Roise_Frank_1-1920x1080-1.jpg\"},{\"@type\":\"BreadcrumbList\",\"@id\":\"https:\/\/dev.tg4.ie\/ga\/eolas\/preas\/nuacht-raitis\/2023-2\/seacht-n-ainmniuchan-do-ghradaim-ifta-2023-faighte-ag-scannain-ghaeilge\/#breadcrumb\",\"itemListElement\":[{\"@type\":\"ListItem\",\"position\":1,\"name\":\"Home\",\"item\":\"https:\/\/dev.tg4.ie\/ga\/\"},{\"@type\":\"ListItem\",\"position\":2,\"name\":\"Eolas\",\"item\":\"https:\/\/dev.tg4.ie\/ga\/eolas\/\"},{\"@type\":\"ListItem\",\"position\":3,\"name\":\"Preas\",\"item\":\"https:\/\/dev.tg4.ie\/ga\/eolas\/preas\/\"},{\"@type\":\"ListItem\",\"position\":4,\"name\":\"Nuacht R\u00e1itis\",\"item\":\"https:\/\/dev.tg4.ie\/ga\/eolas\/preas\/nuacht-raitis\/\"},{\"@type\":\"ListItem\",\"position\":5,\"name\":\"2023\",\"item\":\"https:\/\/dev.tg4.ie\/ga\/eolas\/preas\/nuacht-raitis\/2023-2\/\"},{\"@type\":\"ListItem\",\"position\":6,\"name\":\"Seacht n-Ainmni\u00fach\u00e1n do Ghradaim IFTA 2023 faighte ag scann\u00e1in Ghaeilge\"}]},{\"@type\":\"WebSite\",\"@id\":\"https:\/\/dev.tg4.ie\/en\/#website\",\"url\":\"https:\/\/dev.tg4.ie\/en\/\",\"name\":\"TG4\",\"description\":\"S\u00fail Eile\",\"potentialAction\":[{\"@type\":\"SearchAction\",\"target\":{\"@type\":\"EntryPoint\",\"urlTemplate\":\"https:\/\/dev.tg4.ie\/en\/?s={search_term_string}\"},\"query-input\":\"required name=search_term_string\"}],\"inLanguage\":\"ga\"}]}<\/script>\n<!-- \/ Yoast SEO plugin. -->","yoast_head_json":{"title":"Seacht n-Ainmni\u00fach\u00e1n do Ghradaim IFTA 2023 faighte ag scann\u00e1in Ghaeilge | Preas R\u00e1iteas | TG4","description":"T\u00e1 seacht n-ainmni\u00fach\u00e1n do Ghradaim IFTA 2023 faighte ag scann\u00e1in at\u00e1 maoinithe ag TG4. F\u00f3gra\u00edodh na hainmni\u00fach\u00e1in inniu.S\u00e9 cinn d\u2019ainmni\u00fach\u00e1in at\u00e1 luaite do R\u00f3ise & Frank agus t\u00e1 ainmni\u00fach\u00e1n amh\u00e1in luaite do Tarrac.","robots":{"index":"index","follow":"follow","max-snippet":"max-snippet:-1","max-image-preview":"max-image-preview:large","max-video-preview":"max-video-preview:-1"},"og_locale":"en_US","og_type":"article","og_title":"Seacht n-Ainmni\u00fach\u00e1n do Ghradaim IFTA 2023 faighte ag scann\u00e1in Ghaeilge | Preas R\u00e1iteas | TG4","og_description":"T\u00e1 seacht n-ainmni\u00fach\u00e1n do Ghradaim IFTA 2023 faighte ag scann\u00e1in at\u00e1 maoinithe ag TG4. F\u00f3gra\u00edodh na hainmni\u00fach\u00e1in inniu.S\u00e9 cinn d\u2019ainmni\u00fach\u00e1in at\u00e1 luaite do R\u00f3ise & Frank agus t\u00e1 ainmni\u00fach\u00e1n amh\u00e1in luaite do Tarrac.","og_url":"https:\/\/dev.tg4.ie\/ga\/eolas\/preas\/nuacht-raitis\/2023-2\/seacht-n-ainmniuchan-do-ghradaim-ifta-2023-faighte-ag-scannain-ghaeilge\/","og_site_name":"TG4","article_publisher":"https:\/\/www.facebook.com\/TG4TV","article_modified_time":"2023-03-07T11:01:54+00:00","og_image":[{"width":1920,"height":1080,"url":"https:\/\/tg4-docs.s3.amazonaws.com\/tg4-redesign-2015\/wp-content\/uploads\/2022\/03\/Roise_Frank_1-1920x1080-1.jpg","type":"image\/jpeg"}],"twitter_card":"summary_large_image","twitter_image":"https:\/\/tg4-docs.s3.amazonaws.com\/tg4-redesign-2015\/wp-content\/uploads\/2022\/03\/Roise_Frank_1-1920x1080-1.jpg","twitter_site":"@TG4TV","twitter_misc":{"Est. reading time":"3 minutes"},"schema":{"@context":"https:\/\/schema.org","@graph":[{"@type":"WebPage","@id":"https:\/\/dev.tg4.ie\/ga\/eolas\/preas\/nuacht-raitis\/2023-2\/seacht-n-ainmniuchan-do-ghradaim-ifta-2023-faighte-ag-scannain-ghaeilge\/","url":"https:\/\/dev.tg4.ie\/ga\/eolas\/preas\/nuacht-raitis\/2023-2\/seacht-n-ainmniuchan-do-ghradaim-ifta-2023-faighte-ag-scannain-ghaeilge\/","name":"Seacht n-Ainmni\u00fach\u00e1n do Ghradaim IFTA 2023 faighte ag scann\u00e1in Ghaeilge | Preas R\u00e1iteas | TG4","isPartOf":{"@id":"https:\/\/dev.tg4.ie\/en\/#website"},"primaryImageOfPage":{"@id":"https:\/\/dev.tg4.ie\/ga\/eolas\/preas\/nuacht-raitis\/2023-2\/seacht-n-ainmniuchan-do-ghradaim-ifta-2023-faighte-ag-scannain-ghaeilge\/#primaryimage"},"image":{"@id":"https:\/\/dev.tg4.ie\/ga\/eolas\/preas\/nuacht-raitis\/2023-2\/seacht-n-ainmniuchan-do-ghradaim-ifta-2023-faighte-ag-scannain-ghaeilge\/#primaryimage"},"thumbnailUrl":"https:\/\/dev.tg4.ie\/wp-content\/uploads\/2022\/03\/Roise_Frank_1-1920x1080-1.jpg","datePublished":"2023-03-07T10:57:45+00:00","dateModified":"2023-03-07T11:01:54+00:00","description":"T\u00e1 seacht n-ainmni\u00fach\u00e1n do Ghradaim IFTA 2023 faighte ag scann\u00e1in at\u00e1 maoinithe ag TG4. F\u00f3gra\u00edodh na hainmni\u00fach\u00e1in inniu.S\u00e9 cinn d\u2019ainmni\u00fach\u00e1in at\u00e1 luaite do R\u00f3ise & Frank agus t\u00e1 ainmni\u00fach\u00e1n amh\u00e1in luaite do Tarrac.","breadcrumb":{"@id":"https:\/\/dev.tg4.ie\/ga\/eolas\/preas\/nuacht-raitis\/2023-2\/seacht-n-ainmniuchan-do-ghradaim-ifta-2023-faighte-ag-scannain-ghaeilge\/#breadcrumb"},"inLanguage":"ga","potentialAction":[{"@type":"ReadAction","target":["https:\/\/dev.tg4.ie\/ga\/eolas\/preas\/nuacht-raitis\/2023-2\/seacht-n-ainmniuchan-do-ghradaim-ifta-2023-faighte-ag-scannain-ghaeilge\/"]}]},{"@type":"ImageObject","inLanguage":"ga","@id":"https:\/\/dev.tg4.ie\/ga\/eolas\/preas\/nuacht-raitis\/2023-2\/seacht-n-ainmniuchan-do-ghradaim-ifta-2023-faighte-ag-scannain-ghaeilge\/#primaryimage","url":"https:\/\/dev.tg4.ie\/wp-content\/uploads\/2022\/03\/Roise_Frank_1-1920x1080-1.jpg","contentUrl":"https:\/\/dev.tg4.ie\/wp-content\/uploads\/2022\/03\/Roise_Frank_1-1920x1080-1.jpg"},{"@type":"BreadcrumbList","@id":"https:\/\/dev.tg4.ie\/ga\/eolas\/preas\/nuacht-raitis\/2023-2\/seacht-n-ainmniuchan-do-ghradaim-ifta-2023-faighte-ag-scannain-ghaeilge\/#breadcrumb","itemListElement":[{"@type":"ListItem","position":1,"name":"Home","item":"https:\/\/dev.tg4.ie\/ga\/"},{"@type":"ListItem","position":2,"name":"Eolas","item":"https:\/\/dev.tg4.ie\/ga\/eolas\/"},{"@type":"ListItem","position":3,"name":"Preas","item":"https:\/\/dev.tg4.ie\/ga\/eolas\/preas\/"},{"@type":"ListItem","position":4,"name":"Nuacht R\u00e1itis","item":"https:\/\/dev.tg4.ie\/ga\/eolas\/preas\/nuacht-raitis\/"},{"@type":"ListItem","position":5,"name":"2023","item":"https:\/\/dev.tg4.ie\/ga\/eolas\/preas\/nuacht-raitis\/2023-2\/"},{"@type":"ListItem","position":6,"name":"Seacht n-Ainmni\u00fach\u00e1n do Ghradaim IFTA 2023 faighte ag scann\u00e1in Ghaeilge"}]},{"@type":"WebSite","@id":"https:\/\/dev.tg4.ie\/en\/#website","url":"https:\/\/dev.tg4.ie\/en\/","name":"TG4","description":"S\u00fail Eile","potentialAction":[{"@type":"SearchAction","target":{"@type":"EntryPoint","urlTemplate":"https:\/\/dev.tg4.ie\/en\/?s={search_term_string}"},"query-input":"required name=search_term_string"}],"inLanguage":"ga"}]}},"_links":{"self":[{"href":"https:\/\/dev.tg4.ie\/ga\/wp-json\/wp\/v2\/pages\/185727"}],"collection":[{"href":"https:\/\/dev.tg4.ie\/ga\/wp-json\/wp\/v2\/pages"}],"about":[{"href":"https:\/\/dev.tg4.ie\/ga\/wp-json\/wp\/v2\/types\/page"}],"author":[{"embeddable":true,"href":"https:\/\/dev.tg4.ie\/ga\/wp-json\/wp\/v2\/users\/876"}],"replies":[{"embeddable":true,"href":"https:\/\/dev.tg4.ie\/ga\/wp-json\/wp\/v2\/comments?post=185727"}],"version-history":[{"count":0,"href":"https:\/\/dev.tg4.ie\/ga\/wp-json\/wp\/v2\/pages\/185727\/revisions"}],"up":[{"embeddable":true,"href":"https:\/\/dev.tg4.ie\/ga\/wp-json\/wp\/v2\/pages\/180840"}],"wp:attachment":[{"href":"https:\/\/dev.tg4.ie\/ga\/wp-json\/wp\/v2\/media?parent=185727"}],"curies":[{"name":"wp","href":"https:\/\/api.w.org\/{rel}","templated":true}]}}