{"id":186217,"date":"2023-03-20T09:48:37","date_gmt":"2023-03-20T09:48:37","guid":{"rendered":"https:\/\/dev.tg4.ie\/?page_id=186217"},"modified":"2023-03-20T09:48:37","modified_gmt":"2023-03-20T09:48:37","slug":"se-ainmniuchan-do-chlaracha-scannan-tg4-gradaim-fheile-na-mean-ceilteach-2023","status":"publish","type":"page","link":"https:\/\/dev.tg4.ie\/ga\/eolas\/preas\/nuacht-raitis\/2023-2\/se-ainmniuchan-do-chlaracha-scannan-tg4-gradaim-fheile-na-mean-ceilteach-2023\/","title":{"rendered":"S\u00e9 Ainmni\u00fach\u00e1n do Chl\u00e1racha \/ Scann\u00e1n TG4 &#8211; Gradaim Fh\u00e9ile na Me\u00e1n Ceilteach 2023"},"content":{"rendered":"<p><img loading=\"lazy\" decoding=\"async\" width=\"1920\" height=\"1080\" src=\"https:\/\/tg4-docs.s3.amazonaws.com\/tg4-redesign-2015\/wp-content\/uploads\/2022\/02\/AnCailinCiuin_TheQuietGirl_Cait_Catherine_Clinch_1-1920x1080-1.jpg\" alt=\"\" class=\"aligncenter size-full wp-image-140596\" srcset=\"https:\/\/tg4-docs.s3.amazonaws.com\/tg4-redesign-2015\/wp-content\/uploads\/2022\/02\/AnCailinCiuin_TheQuietGirl_Cait_Catherine_Clinch_1-1920x1080-1.jpg 1920w, https:\/\/tg4-docs.s3.amazonaws.com\/tg4-redesign-2015\/wp-content\/uploads\/2022\/02\/AnCailinCiuin_TheQuietGirl_Cait_Catherine_Clinch_1-1920x1080-1-250x141.jpg 250w, https:\/\/tg4-docs.s3.amazonaws.com\/tg4-redesign-2015\/wp-content\/uploads\/2022\/02\/AnCailinCiuin_TheQuietGirl_Cait_Catherine_Clinch_1-1920x1080-1-700x394.jpg 700w, https:\/\/tg4-docs.s3.amazonaws.com\/tg4-redesign-2015\/wp-content\/uploads\/2022\/02\/AnCailinCiuin_TheQuietGirl_Cait_Catherine_Clinch_1-1920x1080-1-252x141.jpg 252w, https:\/\/tg4-docs.s3.amazonaws.com\/tg4-redesign-2015\/wp-content\/uploads\/2022\/02\/AnCailinCiuin_TheQuietGirl_Cait_Catherine_Clinch_1-1920x1080-1-1536x864.jpg 1536w, https:\/\/tg4-docs.s3.amazonaws.com\/tg4-redesign-2015\/wp-content\/uploads\/2022\/02\/AnCailinCiuin_TheQuietGirl_Cait_Catherine_Clinch_1-1920x1080-1-120x68.jpg 120w\" sizes=\"(max-width: 1920px) 100vw, 1920px\" \/><br \/>\n&nbsp;<br \/>\nF\u00f3gra\u00edodh inniu go bhfuil s\u00e9 ainmni\u00fach\u00e1n f\u00e1ighte ag cl\u00e1racha \/ scann\u00e1n TG4 i nGradaim bhliant\u00fala Barr Feabhais Torc Fh\u00e9ile na Me\u00e1n Ceilteach. \u202fT\u00e1 an scann\u00e1n <strong>An Cail\u00edn Ci\u00fain<\/strong> ainmnithe do dh\u00e1 ghradam -sin iad  Spiorad na F\u00e9ile agus Dr\u00e1ma Aonair.<br \/>\n&nbsp;<br \/>\nEagra\u00edtear F\u00e9ile na Me\u00e1n Ceilteach gach bliain in ionad \u00e9ags\u00fail sna cr\u00edocha Ceilteacha.\u202f Cuirtear iontr\u00e1lacha sna duais-aicm\u00ed \u00e9ags\u00fala faoi bhr\u00e1id ghi\u00fair\u00e9 n\u00e1isi\u00fanta ina dt\u00edr f\u00e9in ar dt\u00fas agus roghna\u00edtear an scoth astu ar ghearrliosta le dul san ioma\u00edocht ag an gcom\u00f3rtas idirn\u00e1isi\u00fanta.\u202f I mbliana beidh F\u00e9ile na Me\u00e1n Ceilteach ar bun ar an gCloch\u00e1n Liath i nD\u00fan na nGall ar 6 &#8211; 8 Meitheamh.<br \/>\n&nbsp;<br \/>\nIs iad seo a leanas na hainmni\u00fach\u00e1in at\u00e1 f\u00e1ighte ag cl\u00e1racha \/ scann\u00e1n TG4:\u202f<\/p>\n<p><strong>Spiorad na F\u00e9ile agus Dr\u00e1ma Aonair \u2013 An Cail\u00edn Ci\u00fain.<\/strong>  Ins\u00edonn <strong>An Cail\u00edn Ci\u00fain<\/strong> sc\u00e9al Ch\u00e1it (Catherine Clinch), cail\u00edn \u00f3g \u00f3 theaghlach at\u00e1 r\u00f3phl\u00f3daithe, m\u00edfheidhmi\u00fail. Cuirtear C\u00e1it chun cona\u00ed le tuismitheoir\u00ed altranna don samhradh. D\u2019ainneoin f\u00e1ilte chro\u00ed\u00fail \u00f3  Eibhl\u00edn (Carrie Crowley), d\u2019fhan fear an t\u00ed, Se\u00e1n (Andrew Bennett) amach \u00f3 Ch\u00e1it, agus is\u00e9 uaidhsean. Le himeach ama thosaigh cairdeas ag neart\u00fa eatarthu. Is \u00e9 An Cail\u00edn Ci\u00fain an ch\u00e9ad scann\u00e1n fada \u00f3n scribhneoir agus sti\u00farth\u00f3ir, Colm Bair\u00e9\u00e1d agus \u00f3n l\u00e9irtheoir, Cleona N\u00ed Chrualaoi \u00f3 Insc\u00e9al. Ag t\u00fas na seachtaine bh\u00ed ionadaithe \u00f3n scann\u00e1n An Cail\u00edn Ci\u00fain ag na Oscars i Meirice\u00e1 mar go raibh ainmi\u00fach\u00e1in f\u00e1ighte acu sa chatag\u00f3ir Scann\u00e1n Idirn\u00e1isi\u00fanta.<br \/>\n&nbsp;<br \/>\n<strong>Cl\u00e1r Faisn\u00e9ise: Se\u00e1n \u00d3 Riada Mo Sheanathair.<\/strong>  Cl\u00e1r \u00e9 seo faoi She\u00e1n \u00d3 Riada \u2013 cumad\u00f3ir agus pearsa cult\u00fair is ceannasa\u00ed na h\u00c9ireann sa 20\u00fa haois. Leathch\u00e9ad bliain i ndiaidh a bh\u00e1is i nDeireadh F\u00f3mhair na bliana 1971, shocraigh  a gharin\u00edon, an ceolt\u00f3ir agus an craolt\u00f3ir,\u202fDoireann N\u00ed Ghlac\u00e1in, tuilleadh a fh\u00e1il amach faoin bpearsa aitheanta seo.  L\u00e9irithe ag T\u00e1in Media.<br \/>\n&nbsp;<br \/>\n<strong>Faisn\u00e9is Sp\u00f3irt: Laochra Gael- Terence McNaughton.<\/strong> Sa gcl\u00e1r seo ins\u00edtear sc\u00e9al ar leith  faoi  iom\u00e1na\u00ed Aontroma, Terence McNaughton. Tugadh droch\u00edde do Terence nuair a bh\u00ed s\u00e9 ina bhuachaill \u00f3g de bharr go raibh stad ina chuid cainte. Fuair s\u00e9 faoiseamh ar ph\u00e1irc na himeartha, ach bh\u00ed saol an iom\u00e1na\u00ed f\u00edor-chrua sa Tuaisceart sna hocht\u00f3id\u00ed. De bharr go raibh c\u00e1il mh\u00f3r air ina imreoir, bh\u00ed an UDA ag iarraidh \u00e9 a mhar\u00fa. In ainneoin sin, bh\u00ed Terence i gcro\u00edl\u00e1r na foirne ar \u00e9irigh leo an toradh gan choinne is c\u00e1ili\u00fala i stair na gCluich\u00ed Gaelacha a bhaint amach agus a bheidh i mb\u00e9al an phobail go br\u00e1ch. L\u00e9irithe ag Nemeton.<br \/>\n&nbsp;<br \/>\n<strong>Siamsa\u00edocht Fh\u00edorasach \u2013 Sl\u00ed na mBeaglaoich.<\/strong> Thug Breannd\u00e1n \u00d3 Beaglaoich agus a mhac Cormac a veain camp\u00e1la d\u00edlis, \u2018Beauty\u2019, ar an mb\u00f3thar ar\u00eds ar mh\u00f3r-aistear ceoil thraidisi\u00fanta eile. L\u00e9irithe ag Tyrone Productions.<br \/>\n&nbsp;<br \/>\n<strong>Gearr-Fhoirm: L\u00e1ithreachais C\u00fala4 \u2013 Caitheamh Aimsire.<\/strong> Sraith m\u00edreanna faoi chaitheamh aimsire dhaoine \u00f3ga \u00f3 timpeall na t\u00edre.  L\u00e9irithe ag F\u00edb\u00edn.<br \/>\n&nbsp;<br \/>\nD\u00fairt <strong>Ard-Sti\u00farth\u00f3ir TG4, Alan Esslemont<\/strong>, <em>&#8220;T\u00e1 r\u00edm\u00e9ad ar TG4 s\u00e9 ainmni\u00fach\u00e1n a fh\u00e1il \u00f3 Fh\u00e9ile na Me\u00e1n Ceilteach. Taispe\u00e1nann na hainmni\u00fach\u00e1in seo an raon cl\u00e1r at\u00e1 ag TG4 at\u00e1 l\u00e9irithe ar ardchaighde\u00e1in don lucht f\u00e9achana. T\u00e1imid ag tn\u00fath go m\u00f3r le f\u00e9ile na bliana seo i nD\u00fan na nGall len\u00e1r gcomhghleacaithe chun an chuid is fearr de na Me\u00e1in Cheilteacha a cheili\u00faradh.&#8221;\u202f<\/em><br \/>\n&nbsp;<br \/>\n&nbsp;<br \/>\n&nbsp;<\/p>\n","protected":false},"excerpt":{"rendered":"<p>&nbsp; F\u00f3gra\u00edodh inniu go bhfuil s\u00e9 ainmni\u00fach\u00e1n f\u00e1ighte ag cl\u00e1racha \/ scann\u00e1n TG4 i nGradaim bhliant\u00fala Barr Feabhais Torc Fh\u00e9ile na Me\u00e1n Ceilteach. \u202fT\u00e1 an scann\u00e1n An Cail\u00edn Ci\u00fain ainmnithe do dh\u00e1 ghradam -sin iad Spiorad na F\u00e9ile agus Dr\u00e1ma Aonair. &nbsp; Eagra\u00edtear F\u00e9ile na Me\u00e1n Ceilteach gach bliain in ionad \u00e9ags\u00fail sna cr\u00edocha Ceilteacha.\u202f [&hellip;]<\/p>\n","protected":false},"author":876,"featured_media":0,"parent":180840,"menu_order":8,"comment_status":"closed","ping_status":"closed","template":"page-templates\/template-pr.php","meta":{"_acf_changed":false,"footnotes":""},"acf":[],"yoast_head":"<!-- This site is optimized with the Yoast SEO plugin v22.6 - https:\/\/yoast.com\/wordpress\/plugins\/seo\/ -->\n<title>S\u00e9 Ainmni\u00fach\u00e1n do Chl\u00e1racha \/ Scann\u00e1n TG4 - Gradaim Fh\u00e9ile na Me\u00e1n Ceilteach 2023 | Preas R\u00e1iteas | TG4<\/title>\n<meta name=\"description\" content=\"F\u00f3gra\u00edodh go bhfuil s\u00e9 ainmni\u00fach\u00e1n f\u00e1ighte ag cl\u00e1racha \/ scann\u00e1n TG4 i nGradaim bhliant\u00fala Barr Feabhais Torc Fh\u00e9ile na Me\u00e1n Ceilteach.\" \/>\n<meta name=\"robots\" content=\"index, follow, max-snippet:-1, max-image-preview:large, max-video-preview:-1\" \/>\n<meta property=\"og:locale\" content=\"en_US\" \/>\n<meta property=\"og:type\" content=\"article\" \/>\n<meta property=\"og:title\" content=\"S\u00e9 Ainmni\u00fach\u00e1n do Chl\u00e1racha \/ Scann\u00e1n TG4 - Gradaim Fh\u00e9ile na Me\u00e1n Ceilteach 2023 | Preas R\u00e1iteas | TG4\" \/>\n<meta property=\"og:description\" content=\"F\u00f3gra\u00edodh go bhfuil s\u00e9 ainmni\u00fach\u00e1n f\u00e1ighte ag cl\u00e1racha \/ scann\u00e1n TG4 i nGradaim bhliant\u00fala Barr Feabhais Torc Fh\u00e9ile na Me\u00e1n Ceilteach.\" \/>\n<meta property=\"og:url\" content=\"https:\/\/dev.tg4.ie\/ga\/eolas\/preas\/nuacht-raitis\/2023-2\/se-ainmniuchan-do-chlaracha-scannan-tg4-gradaim-fheile-na-mean-ceilteach-2023\/\" \/>\n<meta property=\"og:site_name\" content=\"TG4\" \/>\n<meta property=\"article:publisher\" content=\"https:\/\/www.facebook.com\/TG4TV\" \/>\n<meta property=\"og:image\" content=\"https:\/\/tg4-docs.s3.amazonaws.com\/tg4-redesign-2015\/wp-content\/uploads\/2022\/02\/AnCailinCiuin_TheQuietGirl_Cait_Catherine_Clinch_1-1920x1080-1.jpg\" \/>\n\t<meta property=\"og:image:width\" content=\"1920\" \/>\n\t<meta property=\"og:image:height\" content=\"1080\" \/>\n\t<meta property=\"og:image:type\" content=\"image\/jpeg\" \/>\n<meta name=\"twitter:card\" content=\"summary_large_image\" \/>\n<meta name=\"twitter:image\" content=\"https:\/\/tg4-docs.s3.amazonaws.com\/tg4-redesign-2015\/wp-content\/uploads\/2022\/02\/AnCailinCiuin_TheQuietGirl_Cait_Catherine_Clinch_1-1920x1080-1.jpg\" \/>\n<meta name=\"twitter:site\" content=\"@TG4TV\" \/>\n<meta name=\"twitter:label1\" content=\"Est. reading time\" \/>\n\t<meta name=\"twitter:data1\" content=\"3 minutes\" \/>\n<script type=\"application\/ld+json\" class=\"yoast-schema-graph\">{\"@context\":\"https:\/\/schema.org\",\"@graph\":[{\"@type\":\"WebPage\",\"@id\":\"https:\/\/dev.tg4.ie\/ga\/eolas\/preas\/nuacht-raitis\/2023-2\/se-ainmniuchan-do-chlaracha-scannan-tg4-gradaim-fheile-na-mean-ceilteach-2023\/\",\"url\":\"https:\/\/dev.tg4.ie\/ga\/eolas\/preas\/nuacht-raitis\/2023-2\/se-ainmniuchan-do-chlaracha-scannan-tg4-gradaim-fheile-na-mean-ceilteach-2023\/\",\"name\":\"S\u00e9 Ainmni\u00fach\u00e1n do Chl\u00e1racha \/ Scann\u00e1n TG4 - Gradaim Fh\u00e9ile na Me\u00e1n Ceilteach 2023 | Preas R\u00e1iteas | TG4\",\"isPartOf\":{\"@id\":\"https:\/\/dev.tg4.ie\/en\/#website\"},\"primaryImageOfPage\":{\"@id\":\"https:\/\/dev.tg4.ie\/ga\/eolas\/preas\/nuacht-raitis\/2023-2\/se-ainmniuchan-do-chlaracha-scannan-tg4-gradaim-fheile-na-mean-ceilteach-2023\/#primaryimage\"},\"image\":{\"@id\":\"https:\/\/dev.tg4.ie\/ga\/eolas\/preas\/nuacht-raitis\/2023-2\/se-ainmniuchan-do-chlaracha-scannan-tg4-gradaim-fheile-na-mean-ceilteach-2023\/#primaryimage\"},\"thumbnailUrl\":\"https:\/\/dev.tg4.ie\/wp-content\/uploads\/2022\/02\/AnCailinCiuin_TheQuietGirl_Cait_Catherine_Clinch_1-1920x1080-1.jpg\",\"datePublished\":\"2023-03-20T09:48:37+00:00\",\"dateModified\":\"2023-03-20T09:48:37+00:00\",\"description\":\"F\u00f3gra\u00edodh go bhfuil s\u00e9 ainmni\u00fach\u00e1n f\u00e1ighte ag cl\u00e1racha \/ scann\u00e1n TG4 i nGradaim bhliant\u00fala Barr Feabhais Torc Fh\u00e9ile na Me\u00e1n Ceilteach.\",\"breadcrumb\":{\"@id\":\"https:\/\/dev.tg4.ie\/ga\/eolas\/preas\/nuacht-raitis\/2023-2\/se-ainmniuchan-do-chlaracha-scannan-tg4-gradaim-fheile-na-mean-ceilteach-2023\/#breadcrumb\"},\"inLanguage\":\"ga\",\"potentialAction\":[{\"@type\":\"ReadAction\",\"target\":[\"https:\/\/dev.tg4.ie\/ga\/eolas\/preas\/nuacht-raitis\/2023-2\/se-ainmniuchan-do-chlaracha-scannan-tg4-gradaim-fheile-na-mean-ceilteach-2023\/\"]}]},{\"@type\":\"ImageObject\",\"inLanguage\":\"ga\",\"@id\":\"https:\/\/dev.tg4.ie\/ga\/eolas\/preas\/nuacht-raitis\/2023-2\/se-ainmniuchan-do-chlaracha-scannan-tg4-gradaim-fheile-na-mean-ceilteach-2023\/#primaryimage\",\"url\":\"https:\/\/dev.tg4.ie\/wp-content\/uploads\/2022\/02\/AnCailinCiuin_TheQuietGirl_Cait_Catherine_Clinch_1-1920x1080-1.jpg\",\"contentUrl\":\"https:\/\/dev.tg4.ie\/wp-content\/uploads\/2022\/02\/AnCailinCiuin_TheQuietGirl_Cait_Catherine_Clinch_1-1920x1080-1.jpg\"},{\"@type\":\"BreadcrumbList\",\"@id\":\"https:\/\/dev.tg4.ie\/ga\/eolas\/preas\/nuacht-raitis\/2023-2\/se-ainmniuchan-do-chlaracha-scannan-tg4-gradaim-fheile-na-mean-ceilteach-2023\/#breadcrumb\",\"itemListElement\":[{\"@type\":\"ListItem\",\"position\":1,\"name\":\"Home\",\"item\":\"https:\/\/dev.tg4.ie\/ga\/\"},{\"@type\":\"ListItem\",\"position\":2,\"name\":\"Eolas\",\"item\":\"https:\/\/dev.tg4.ie\/ga\/eolas\/\"},{\"@type\":\"ListItem\",\"position\":3,\"name\":\"Preas\",\"item\":\"https:\/\/dev.tg4.ie\/ga\/eolas\/preas\/\"},{\"@type\":\"ListItem\",\"position\":4,\"name\":\"Nuacht R\u00e1itis\",\"item\":\"https:\/\/dev.tg4.ie\/ga\/eolas\/preas\/nuacht-raitis\/\"},{\"@type\":\"ListItem\",\"position\":5,\"name\":\"2023\",\"item\":\"https:\/\/dev.tg4.ie\/ga\/eolas\/preas\/nuacht-raitis\/2023-2\/\"},{\"@type\":\"ListItem\",\"position\":6,\"name\":\"S\u00e9 Ainmni\u00fach\u00e1n do Chl\u00e1racha \/ Scann\u00e1n TG4 &#8211; Gradaim Fh\u00e9ile na Me\u00e1n Ceilteach 2023\"}]},{\"@type\":\"WebSite\",\"@id\":\"https:\/\/dev.tg4.ie\/en\/#website\",\"url\":\"https:\/\/dev.tg4.ie\/en\/\",\"name\":\"TG4\",\"description\":\"S\u00fail Eile\",\"potentialAction\":[{\"@type\":\"SearchAction\",\"target\":{\"@type\":\"EntryPoint\",\"urlTemplate\":\"https:\/\/dev.tg4.ie\/en\/?s={search_term_string}\"},\"query-input\":\"required name=search_term_string\"}],\"inLanguage\":\"ga\"}]}<\/script>\n<!-- \/ Yoast SEO plugin. -->","yoast_head_json":{"title":"S\u00e9 Ainmni\u00fach\u00e1n do Chl\u00e1racha \/ Scann\u00e1n TG4 - Gradaim Fh\u00e9ile na Me\u00e1n Ceilteach 2023 | Preas R\u00e1iteas | TG4","description":"F\u00f3gra\u00edodh go bhfuil s\u00e9 ainmni\u00fach\u00e1n f\u00e1ighte ag cl\u00e1racha \/ scann\u00e1n TG4 i nGradaim bhliant\u00fala Barr Feabhais Torc Fh\u00e9ile na Me\u00e1n Ceilteach.","robots":{"index":"index","follow":"follow","max-snippet":"max-snippet:-1","max-image-preview":"max-image-preview:large","max-video-preview":"max-video-preview:-1"},"og_locale":"en_US","og_type":"article","og_title":"S\u00e9 Ainmni\u00fach\u00e1n do Chl\u00e1racha \/ Scann\u00e1n TG4 - Gradaim Fh\u00e9ile na Me\u00e1n Ceilteach 2023 | Preas R\u00e1iteas | TG4","og_description":"F\u00f3gra\u00edodh go bhfuil s\u00e9 ainmni\u00fach\u00e1n f\u00e1ighte ag cl\u00e1racha \/ scann\u00e1n TG4 i nGradaim bhliant\u00fala Barr Feabhais Torc Fh\u00e9ile na Me\u00e1n Ceilteach.","og_url":"https:\/\/dev.tg4.ie\/ga\/eolas\/preas\/nuacht-raitis\/2023-2\/se-ainmniuchan-do-chlaracha-scannan-tg4-gradaim-fheile-na-mean-ceilteach-2023\/","og_site_name":"TG4","article_publisher":"https:\/\/www.facebook.com\/TG4TV","og_image":[{"width":1920,"height":1080,"url":"https:\/\/tg4-docs.s3.amazonaws.com\/tg4-redesign-2015\/wp-content\/uploads\/2022\/02\/AnCailinCiuin_TheQuietGirl_Cait_Catherine_Clinch_1-1920x1080-1.jpg","type":"image\/jpeg"}],"twitter_card":"summary_large_image","twitter_image":"https:\/\/tg4-docs.s3.amazonaws.com\/tg4-redesign-2015\/wp-content\/uploads\/2022\/02\/AnCailinCiuin_TheQuietGirl_Cait_Catherine_Clinch_1-1920x1080-1.jpg","twitter_site":"@TG4TV","twitter_misc":{"Est. reading time":"3 minutes"},"schema":{"@context":"https:\/\/schema.org","@graph":[{"@type":"WebPage","@id":"https:\/\/dev.tg4.ie\/ga\/eolas\/preas\/nuacht-raitis\/2023-2\/se-ainmniuchan-do-chlaracha-scannan-tg4-gradaim-fheile-na-mean-ceilteach-2023\/","url":"https:\/\/dev.tg4.ie\/ga\/eolas\/preas\/nuacht-raitis\/2023-2\/se-ainmniuchan-do-chlaracha-scannan-tg4-gradaim-fheile-na-mean-ceilteach-2023\/","name":"S\u00e9 Ainmni\u00fach\u00e1n do Chl\u00e1racha \/ Scann\u00e1n TG4 - Gradaim Fh\u00e9ile na Me\u00e1n Ceilteach 2023 | Preas R\u00e1iteas | TG4","isPartOf":{"@id":"https:\/\/dev.tg4.ie\/en\/#website"},"primaryImageOfPage":{"@id":"https:\/\/dev.tg4.ie\/ga\/eolas\/preas\/nuacht-raitis\/2023-2\/se-ainmniuchan-do-chlaracha-scannan-tg4-gradaim-fheile-na-mean-ceilteach-2023\/#primaryimage"},"image":{"@id":"https:\/\/dev.tg4.ie\/ga\/eolas\/preas\/nuacht-raitis\/2023-2\/se-ainmniuchan-do-chlaracha-scannan-tg4-gradaim-fheile-na-mean-ceilteach-2023\/#primaryimage"},"thumbnailUrl":"https:\/\/dev.tg4.ie\/wp-content\/uploads\/2022\/02\/AnCailinCiuin_TheQuietGirl_Cait_Catherine_Clinch_1-1920x1080-1.jpg","datePublished":"2023-03-20T09:48:37+00:00","dateModified":"2023-03-20T09:48:37+00:00","description":"F\u00f3gra\u00edodh go bhfuil s\u00e9 ainmni\u00fach\u00e1n f\u00e1ighte ag cl\u00e1racha \/ scann\u00e1n TG4 i nGradaim bhliant\u00fala Barr Feabhais Torc Fh\u00e9ile na Me\u00e1n Ceilteach.","breadcrumb":{"@id":"https:\/\/dev.tg4.ie\/ga\/eolas\/preas\/nuacht-raitis\/2023-2\/se-ainmniuchan-do-chlaracha-scannan-tg4-gradaim-fheile-na-mean-ceilteach-2023\/#breadcrumb"},"inLanguage":"ga","potentialAction":[{"@type":"ReadAction","target":["https:\/\/dev.tg4.ie\/ga\/eolas\/preas\/nuacht-raitis\/2023-2\/se-ainmniuchan-do-chlaracha-scannan-tg4-gradaim-fheile-na-mean-ceilteach-2023\/"]}]},{"@type":"ImageObject","inLanguage":"ga","@id":"https:\/\/dev.tg4.ie\/ga\/eolas\/preas\/nuacht-raitis\/2023-2\/se-ainmniuchan-do-chlaracha-scannan-tg4-gradaim-fheile-na-mean-ceilteach-2023\/#primaryimage","url":"https:\/\/dev.tg4.ie\/wp-content\/uploads\/2022\/02\/AnCailinCiuin_TheQuietGirl_Cait_Catherine_Clinch_1-1920x1080-1.jpg","contentUrl":"https:\/\/dev.tg4.ie\/wp-content\/uploads\/2022\/02\/AnCailinCiuin_TheQuietGirl_Cait_Catherine_Clinch_1-1920x1080-1.jpg"},{"@type":"BreadcrumbList","@id":"https:\/\/dev.tg4.ie\/ga\/eolas\/preas\/nuacht-raitis\/2023-2\/se-ainmniuchan-do-chlaracha-scannan-tg4-gradaim-fheile-na-mean-ceilteach-2023\/#breadcrumb","itemListElement":[{"@type":"ListItem","position":1,"name":"Home","item":"https:\/\/dev.tg4.ie\/ga\/"},{"@type":"ListItem","position":2,"name":"Eolas","item":"https:\/\/dev.tg4.ie\/ga\/eolas\/"},{"@type":"ListItem","position":3,"name":"Preas","item":"https:\/\/dev.tg4.ie\/ga\/eolas\/preas\/"},{"@type":"ListItem","position":4,"name":"Nuacht R\u00e1itis","item":"https:\/\/dev.tg4.ie\/ga\/eolas\/preas\/nuacht-raitis\/"},{"@type":"ListItem","position":5,"name":"2023","item":"https:\/\/dev.tg4.ie\/ga\/eolas\/preas\/nuacht-raitis\/2023-2\/"},{"@type":"ListItem","position":6,"name":"S\u00e9 Ainmni\u00fach\u00e1n do Chl\u00e1racha \/ Scann\u00e1n TG4 &#8211; Gradaim Fh\u00e9ile na Me\u00e1n Ceilteach 2023"}]},{"@type":"WebSite","@id":"https:\/\/dev.tg4.ie\/en\/#website","url":"https:\/\/dev.tg4.ie\/en\/","name":"TG4","description":"S\u00fail Eile","potentialAction":[{"@type":"SearchAction","target":{"@type":"EntryPoint","urlTemplate":"https:\/\/dev.tg4.ie\/en\/?s={search_term_string}"},"query-input":"required name=search_term_string"}],"inLanguage":"ga"}]}},"_links":{"self":[{"href":"https:\/\/dev.tg4.ie\/ga\/wp-json\/wp\/v2\/pages\/186217"}],"collection":[{"href":"https:\/\/dev.tg4.ie\/ga\/wp-json\/wp\/v2\/pages"}],"about":[{"href":"https:\/\/dev.tg4.ie\/ga\/wp-json\/wp\/v2\/types\/page"}],"author":[{"embeddable":true,"href":"https:\/\/dev.tg4.ie\/ga\/wp-json\/wp\/v2\/users\/876"}],"replies":[{"embeddable":true,"href":"https:\/\/dev.tg4.ie\/ga\/wp-json\/wp\/v2\/comments?post=186217"}],"version-history":[{"count":0,"href":"https:\/\/dev.tg4.ie\/ga\/wp-json\/wp\/v2\/pages\/186217\/revisions"}],"up":[{"embeddable":true,"href":"https:\/\/dev.tg4.ie\/ga\/wp-json\/wp\/v2\/pages\/180840"}],"wp:attachment":[{"href":"https:\/\/dev.tg4.ie\/ga\/wp-json\/wp\/v2\/media?parent=186217"}],"curies":[{"name":"wp","href":"https:\/\/api.w.org\/{rel}","templated":true}]}}