{"id":187028,"date":"2023-03-30T16:12:56","date_gmt":"2023-03-30T15:12:56","guid":{"rendered":"https:\/\/dev.tg4.ie\/?page_id=187028"},"modified":"2023-03-30T16:12:56","modified_gmt":"2023-03-30T15:12:56","slug":"gradam-comaoine-tg4-2023-le-bronnadh-ar-frank-mcardle","status":"publish","type":"page","link":"https:\/\/dev.tg4.ie\/ga\/eolas\/preas\/nuacht-raitis\/2023-2\/gradam-comaoine-tg4-2023-le-bronnadh-ar-frank-mcardle\/","title":{"rendered":"Gradam Comaoine TG4 2023 le bronnadh ar Frank McArdle"},"content":{"rendered":"<p><img loading=\"lazy\" decoding=\"async\" width=\"1920\" height=\"1080\" src=\"https:\/\/tg4-docs.s3.amazonaws.com\/wp-content\/uploads\/2023\/03\/30160058\/Frank_McArdle_1-1920x1080-1.jpg\" alt=\"\" class=\"aligncenter size-full wp-image-187029\" srcset=\"https:\/\/tg4-docs.s3.amazonaws.com\/wp-content\/uploads\/2023\/03\/30160058\/Frank_McArdle_1-1920x1080-1.jpg 1920w, https:\/\/tg4-docs.s3.amazonaws.com\/wp-content\/uploads\/2023\/03\/30160058\/Frank_McArdle_1-1920x1080-1-250x141.jpg 250w, https:\/\/tg4-docs.s3.amazonaws.com\/wp-content\/uploads\/2023\/03\/30160058\/Frank_McArdle_1-1920x1080-1-700x394.jpg 700w, https:\/\/tg4-docs.s3.amazonaws.com\/wp-content\/uploads\/2023\/03\/30160058\/Frank_McArdle_1-1920x1080-1-252x141.jpg 252w, https:\/\/tg4-docs.s3.amazonaws.com\/wp-content\/uploads\/2023\/03\/30160058\/Frank_McArdle_1-1920x1080-1-1536x864.jpg 1536w, https:\/\/tg4-docs.s3.amazonaws.com\/wp-content\/uploads\/2023\/03\/30160058\/Frank_McArdle_1-1920x1080-1-120x68.jpg 120w\" sizes=\"(max-width: 1920px) 100vw, 1920px\" \/><br \/>\n&nbsp;<br \/>\nT\u00e1 <strong>Gradam Ceoil TG4 2023<\/strong> ar an bhf\u00f3d le 26 bliain agus craolfar an searmanas bronnta beo ar TG4 D\u00e9 Domhnaigh an 23 Aibre\u00e1n ag 9.30pm \u00f3 Cheol\u00e1ras na hOllscoile i Luimneach.<br \/>\n&nbsp;<br \/>\nRinneadh athr\u00fa i mbliana ar an mbealach a roghna\u00edtear buaiteoir i gceann amh\u00e1in de na seacht ngradam ceoil. Bh\u00ed idir ainmni\u00fach\u00e1in \u00f3n bpobal agus rogha an choiste roghn\u00fach\u00e1in i gceist le <strong>Gradam Comaoine<\/strong> 2023. Tar \u00e9is cuireadh a thabhairt don phobal a n-ainmni\u00fach\u00e1in a chur ar aghaidh, fuair TG4 na c\u00e9adta ainmni\u00fach\u00e1n \u00f3 gach cearn den domhan.<br \/>\n&nbsp;<br \/>\nT\u00e1 <strong>Gradam Comaoine TG4 2023<\/strong> le bronnadh ar <strong>Frank McArdle<\/strong>.  Is ceolt\u00f3ir, oideoir agus bunaitheoir Bhanna C\u00e9il\u00ed Naomh Roch (St Roch\u2019s C\u00e9il\u00ed Band) i nGlasch\u00fa \u00e9 Frank McArdle. C\u00e9 gur fh\u00e1s Frank an\u00edos i mbaile beag Dalmellington in Ayrshire, bhog s\u00e9 go Glasch\u00fa agus d\u2019oibrigh s\u00e9 ina mh\u00fainteoir matamaitice i Me\u00e1nscoil Naomh Roch, \u00e1it ar bhunaigh s\u00e9 banna c\u00e9il\u00ed &#8211;  Banna C\u00e9il\u00ed Naomh Roch &#8211; do na dalta\u00ed sa bhliain 1978.<br \/>\n&nbsp;<br \/>\nIs ceolt\u00f3ir \u00e9 Frank a chasann an pian\u00f3chaird\u00edn, an fhidil agus an giot\u00e1r agus fuair s\u00e9 inspior\u00e1id \u00f3 cheolt\u00f3ir\u00ed traidisi\u00fanta as \u00c9irinn ar n\u00f3s fhear na fidle Se\u00e1n McGuire, fhear an bhosca ceoil Joe Burke agus The Bothy Band. Bh\u00ed s\u00e9 ina bhall d\u00e1 chraobh \u00e1iti\u00fail den Chomhaltas, The Irish Minstrels, agus chuir s\u00e9 na dalta\u00ed \u00f3 bhanna c\u00e9il\u00ed na scoile ar an eolas faoi ranganna, c\u00e9ilithe agus fleadhanna a bh\u00edonn ar bun ag Comhaltas.  Ina dhiaidh sin bh\u00ed s\u00e9 i gceannas ar an gcraobh a re\u00e1cht\u00e1il agus bhog s\u00e9 na ranganna go dt\u00ed Me\u00e1nscoil Naomh Roch, \u00e1it a bhfuil s\u00e9 f\u00f3s.<br \/>\n&nbsp;<br \/>\nT\u00e1 n\u00edos m\u00f3 n\u00e1 150 dalta anois ag Craobh Chomhaltas Irish Minstrels agus cuirtear teagasc saor in aisce ar f\u00e1il ar an bhfead\u00f3g st\u00e1in, an fhidil, an fhead\u00f3g mh\u00f3r, an bosca ceoil, an pian\u00f3chaird\u00edn, an consairt\u00edn, an bainse\u00f3 agus an ph\u00edb uilleann. T\u00e1 Frank anois ina Chathaoirleach ar an gcraobh agus r\u00e9it\u00edonn s\u00e9 na ranganna agus na hiontr\u00e1lacha ar fhleadhanna ar fud na Breataine agus na h\u00c9ireann. T\u00e1 30 teagasc\u00f3ir ag an gcraobh agus d\u2019fhoghlaim na teagasc\u00f3ir\u00ed sin a gcuid ceoil \u00f3 na ranganna agus t\u00e1 siad s\u00e1sta ceol a mh\u00faineadh ar bhonn deonach.<br \/>\n&nbsp;<br \/>\nSa bhliain 2022 d\u2019\u00e9irigh leis an gcraobh, a chasann ceol mar Bhanna C\u00e9il\u00ed Naomh Roch, ceithre bhanna c\u00e9il\u00ed agus ceithre ghr\u00fapa ceoil a chur ar aghaidh chuig Fleadh Cheoil na h\u00c9ireann sa Mhuileann gCearr. Is oideoir agus ceolt\u00f3ir paiseanta \u00e9 Frank a theagasc na c\u00e9adta ceolt\u00f3ir\u00ed traidisi\u00fanta \u00f3ga agus a chuir teagasc saor in aisce agus deiseanna le ceol a chasadh ar f\u00e1il do dhaoine de gach aois agus gach leibh\u00e9al cumais.<br \/>\n&nbsp;<br \/>\nBronnadh an Gradam Comaoine den ch\u00e9ad uair in 2006 chun aitheantas a thabhairt don obair \u00e9achtach at\u00e1 d\u00e9anta ag daoine \u00e1irithe leis na blianta chun \u00e1r gceol a chaomhn\u00fa agus a choinne\u00e1il i mb\u00e9al an phobail, ag cinnti\u00fa go mbeidh f\u00e1il ag na gl\u00fanta at\u00e1 le teacht ar cheol \u00e1r sinsear agus ar cheol \u00e1r linne.<br \/>\n&nbsp;<br \/>\nL\u00e9ir\u00edtear urraim ag Gradaim bhliant\u00fala Ghradam Ceoil, ar a dtugtar \u2018gradaim Oscar an cheoil thraidisi\u00fanta\u2019 freisin, do cheolt\u00f3ir\u00ed a bhfuil an ceol traidisi\u00fanta tugtha chun cinn, neartaithe agus caomhnaithe in \u00c9irinn acu.<br \/>\n&nbsp;<br \/>\nIs \u00e9 seo a leanas an liosta ioml\u00e1n de bhuaiteoir\u00ed <strong>Ghradam Ceoil TG4 2023<\/strong>:<\/p>\n<ul>\n<li>Ceolt\u00f3ir na Bliana 2023 \u2013 Mick O\u2019Brien<\/li>\n<li>Amhr\u00e1na\u00ed na Bliana 2023 \u2013 S\u00edle Denvir<\/li>\n<li>Ceolt\u00f3ir \u00d3g na Bliana 2023 \u2013 M\u00e9abh Smyth<\/li>\n<li>Gradam Saoil &#8211; Fintan Vallelly<\/li>\n<li>Cumad\u00f3ir na Bliana 2023 \u2013 Maurice Lennon<\/li>\n<li>Gr\u00fapa Ceoil na Bliana 2023 &#8211; Mick, Louise &#038; Michelle Mulcahy<\/li>\n<li>Gradam Comaoine \u2013 Frank McArdle<\/li>\n<\/ul>\n<p>&nbsp;<br \/>\nIs f\u00e9idir tic\u00e9id a fh\u00e1il don cheolchoirm, a bheidh ar si\u00fal ar an 23 Aibre\u00e1n, ar <a href=\"https:\/\/uch.ticketsolve.com\/ticketbooth\/shows\/1173640326\/events\/428569979\" rel=\"noopener\" target=\"_blank\">Gradam Ceoil TG4 2023<\/a><br \/>\n&nbsp;<br \/>\n&nbsp;<br \/>\n&nbsp;<\/p>\n","protected":false},"excerpt":{"rendered":"<p>&nbsp; T\u00e1 Gradam Ceoil TG4 2023 ar an bhf\u00f3d le 26 bliain agus craolfar an searmanas bronnta beo ar TG4 D\u00e9 Domhnaigh an 23 Aibre\u00e1n ag 9.30pm \u00f3 Cheol\u00e1ras na hOllscoile i Luimneach. &nbsp; Rinneadh athr\u00fa i mbliana ar an mbealach a roghna\u00edtear buaiteoir i gceann amh\u00e1in de na seacht ngradam ceoil. Bh\u00ed idir ainmni\u00fach\u00e1in [&hellip;]<\/p>\n","protected":false},"author":876,"featured_media":0,"parent":180840,"menu_order":9,"comment_status":"closed","ping_status":"closed","template":"page-templates\/template-pr.php","meta":{"_acf_changed":false,"footnotes":""},"acf":[],"yoast_head":"<!-- This site is optimized with the Yoast SEO plugin v22.6 - https:\/\/yoast.com\/wordpress\/plugins\/seo\/ -->\n<title>Gradam Comaoine TG4 2023 le bronnadh ar Frank McArdle | Preas R\u00e1iteas | TG4<\/title>\n<meta name=\"description\" content=\"T\u00e1 Gradam Comaoine TG4 2023 le bronnadh ar Frank McArdle. Is ceolt\u00f3ir, oideoir agus bunaitheoir Bhanna C\u00e9il\u00ed Naomh Roch (St Roch\u2019s C\u00e9il\u00ed Band) i nGlasch\u00fa \u00e9 Frank McArdle.\" \/>\n<meta name=\"robots\" content=\"index, follow, max-snippet:-1, max-image-preview:large, max-video-preview:-1\" \/>\n<meta property=\"og:locale\" content=\"en_US\" \/>\n<meta property=\"og:type\" content=\"article\" \/>\n<meta property=\"og:title\" content=\"Gradam Comaoine TG4 2023 le bronnadh ar Frank McArdle | Preas R\u00e1iteas | TG4\" \/>\n<meta property=\"og:description\" content=\"T\u00e1 Gradam Comaoine TG4 2023 le bronnadh ar Frank McArdle. Is ceolt\u00f3ir, oideoir agus bunaitheoir Bhanna C\u00e9il\u00ed Naomh Roch (St Roch\u2019s C\u00e9il\u00ed Band) i nGlasch\u00fa \u00e9 Frank McArdle.\" \/>\n<meta property=\"og:url\" content=\"https:\/\/dev.tg4.ie\/ga\/eolas\/preas\/nuacht-raitis\/2023-2\/gradam-comaoine-tg4-2023-le-bronnadh-ar-frank-mcardle\/\" \/>\n<meta property=\"og:site_name\" content=\"TG4\" \/>\n<meta property=\"article:publisher\" content=\"https:\/\/www.facebook.com\/TG4TV\" \/>\n<meta property=\"og:image\" content=\"https:\/\/tg4-docs.s3.amazonaws.com\/wp-content\/uploads\/2023\/03\/30160058\/Frank_McArdle_1-1920x1080-1.jpg\" \/>\n\t<meta property=\"og:image:width\" content=\"1920\" \/>\n\t<meta property=\"og:image:height\" content=\"1080\" \/>\n\t<meta property=\"og:image:type\" content=\"image\/jpeg\" \/>\n<meta name=\"twitter:card\" content=\"summary_large_image\" \/>\n<meta name=\"twitter:image\" content=\"https:\/\/tg4-docs.s3.amazonaws.com\/wp-content\/uploads\/2023\/03\/30160058\/Frank_McArdle_1-1920x1080-1.jpg\" \/>\n<meta name=\"twitter:site\" content=\"@TG4TV\" \/>\n<meta name=\"twitter:label1\" content=\"Est. reading time\" \/>\n\t<meta name=\"twitter:data1\" content=\"3 minutes\" \/>\n<script type=\"application\/ld+json\" class=\"yoast-schema-graph\">{\"@context\":\"https:\/\/schema.org\",\"@graph\":[{\"@type\":\"WebPage\",\"@id\":\"https:\/\/dev.tg4.ie\/ga\/eolas\/preas\/nuacht-raitis\/2023-2\/gradam-comaoine-tg4-2023-le-bronnadh-ar-frank-mcardle\/\",\"url\":\"https:\/\/dev.tg4.ie\/ga\/eolas\/preas\/nuacht-raitis\/2023-2\/gradam-comaoine-tg4-2023-le-bronnadh-ar-frank-mcardle\/\",\"name\":\"Gradam Comaoine TG4 2023 le bronnadh ar Frank McArdle | Preas R\u00e1iteas | TG4\",\"isPartOf\":{\"@id\":\"https:\/\/dev.tg4.ie\/en\/#website\"},\"primaryImageOfPage\":{\"@id\":\"https:\/\/dev.tg4.ie\/ga\/eolas\/preas\/nuacht-raitis\/2023-2\/gradam-comaoine-tg4-2023-le-bronnadh-ar-frank-mcardle\/#primaryimage\"},\"image\":{\"@id\":\"https:\/\/dev.tg4.ie\/ga\/eolas\/preas\/nuacht-raitis\/2023-2\/gradam-comaoine-tg4-2023-le-bronnadh-ar-frank-mcardle\/#primaryimage\"},\"thumbnailUrl\":\"https:\/\/dev.tg4.ie\/wp-content\/uploads\/2023\/03\/Frank_McArdle_1-1920x1080-1.jpg\",\"datePublished\":\"2023-03-30T15:12:56+00:00\",\"dateModified\":\"2023-03-30T15:12:56+00:00\",\"description\":\"T\u00e1 Gradam Comaoine TG4 2023 le bronnadh ar Frank McArdle. Is ceolt\u00f3ir, oideoir agus bunaitheoir Bhanna C\u00e9il\u00ed Naomh Roch (St Roch\u2019s C\u00e9il\u00ed Band) i nGlasch\u00fa \u00e9 Frank McArdle.\",\"breadcrumb\":{\"@id\":\"https:\/\/dev.tg4.ie\/ga\/eolas\/preas\/nuacht-raitis\/2023-2\/gradam-comaoine-tg4-2023-le-bronnadh-ar-frank-mcardle\/#breadcrumb\"},\"inLanguage\":\"ga\",\"potentialAction\":[{\"@type\":\"ReadAction\",\"target\":[\"https:\/\/dev.tg4.ie\/ga\/eolas\/preas\/nuacht-raitis\/2023-2\/gradam-comaoine-tg4-2023-le-bronnadh-ar-frank-mcardle\/\"]}]},{\"@type\":\"ImageObject\",\"inLanguage\":\"ga\",\"@id\":\"https:\/\/dev.tg4.ie\/ga\/eolas\/preas\/nuacht-raitis\/2023-2\/gradam-comaoine-tg4-2023-le-bronnadh-ar-frank-mcardle\/#primaryimage\",\"url\":\"https:\/\/dev.tg4.ie\/wp-content\/uploads\/2023\/03\/Frank_McArdle_1-1920x1080-1.jpg\",\"contentUrl\":\"https:\/\/dev.tg4.ie\/wp-content\/uploads\/2023\/03\/Frank_McArdle_1-1920x1080-1.jpg\"},{\"@type\":\"BreadcrumbList\",\"@id\":\"https:\/\/dev.tg4.ie\/ga\/eolas\/preas\/nuacht-raitis\/2023-2\/gradam-comaoine-tg4-2023-le-bronnadh-ar-frank-mcardle\/#breadcrumb\",\"itemListElement\":[{\"@type\":\"ListItem\",\"position\":1,\"name\":\"Home\",\"item\":\"https:\/\/dev.tg4.ie\/ga\/\"},{\"@type\":\"ListItem\",\"position\":2,\"name\":\"Eolas\",\"item\":\"https:\/\/dev.tg4.ie\/ga\/eolas\/\"},{\"@type\":\"ListItem\",\"position\":3,\"name\":\"Preas\",\"item\":\"https:\/\/dev.tg4.ie\/ga\/eolas\/preas\/\"},{\"@type\":\"ListItem\",\"position\":4,\"name\":\"Nuacht R\u00e1itis\",\"item\":\"https:\/\/dev.tg4.ie\/ga\/eolas\/preas\/nuacht-raitis\/\"},{\"@type\":\"ListItem\",\"position\":5,\"name\":\"2023\",\"item\":\"https:\/\/dev.tg4.ie\/ga\/eolas\/preas\/nuacht-raitis\/2023-2\/\"},{\"@type\":\"ListItem\",\"position\":6,\"name\":\"Gradam Comaoine TG4 2023 le bronnadh ar Frank McArdle\"}]},{\"@type\":\"WebSite\",\"@id\":\"https:\/\/dev.tg4.ie\/en\/#website\",\"url\":\"https:\/\/dev.tg4.ie\/en\/\",\"name\":\"TG4\",\"description\":\"S\u00fail Eile\",\"potentialAction\":[{\"@type\":\"SearchAction\",\"target\":{\"@type\":\"EntryPoint\",\"urlTemplate\":\"https:\/\/dev.tg4.ie\/en\/?s={search_term_string}\"},\"query-input\":\"required name=search_term_string\"}],\"inLanguage\":\"ga\"}]}<\/script>\n<!-- \/ Yoast SEO plugin. -->","yoast_head_json":{"title":"Gradam Comaoine TG4 2023 le bronnadh ar Frank McArdle | Preas R\u00e1iteas | TG4","description":"T\u00e1 Gradam Comaoine TG4 2023 le bronnadh ar Frank McArdle. Is ceolt\u00f3ir, oideoir agus bunaitheoir Bhanna C\u00e9il\u00ed Naomh Roch (St Roch\u2019s C\u00e9il\u00ed Band) i nGlasch\u00fa \u00e9 Frank McArdle.","robots":{"index":"index","follow":"follow","max-snippet":"max-snippet:-1","max-image-preview":"max-image-preview:large","max-video-preview":"max-video-preview:-1"},"og_locale":"en_US","og_type":"article","og_title":"Gradam Comaoine TG4 2023 le bronnadh ar Frank McArdle | Preas R\u00e1iteas | TG4","og_description":"T\u00e1 Gradam Comaoine TG4 2023 le bronnadh ar Frank McArdle. Is ceolt\u00f3ir, oideoir agus bunaitheoir Bhanna C\u00e9il\u00ed Naomh Roch (St Roch\u2019s C\u00e9il\u00ed Band) i nGlasch\u00fa \u00e9 Frank McArdle.","og_url":"https:\/\/dev.tg4.ie\/ga\/eolas\/preas\/nuacht-raitis\/2023-2\/gradam-comaoine-tg4-2023-le-bronnadh-ar-frank-mcardle\/","og_site_name":"TG4","article_publisher":"https:\/\/www.facebook.com\/TG4TV","og_image":[{"width":1920,"height":1080,"url":"https:\/\/tg4-docs.s3.amazonaws.com\/wp-content\/uploads\/2023\/03\/30160058\/Frank_McArdle_1-1920x1080-1.jpg","type":"image\/jpeg"}],"twitter_card":"summary_large_image","twitter_image":"https:\/\/tg4-docs.s3.amazonaws.com\/wp-content\/uploads\/2023\/03\/30160058\/Frank_McArdle_1-1920x1080-1.jpg","twitter_site":"@TG4TV","twitter_misc":{"Est. reading time":"3 minutes"},"schema":{"@context":"https:\/\/schema.org","@graph":[{"@type":"WebPage","@id":"https:\/\/dev.tg4.ie\/ga\/eolas\/preas\/nuacht-raitis\/2023-2\/gradam-comaoine-tg4-2023-le-bronnadh-ar-frank-mcardle\/","url":"https:\/\/dev.tg4.ie\/ga\/eolas\/preas\/nuacht-raitis\/2023-2\/gradam-comaoine-tg4-2023-le-bronnadh-ar-frank-mcardle\/","name":"Gradam Comaoine TG4 2023 le bronnadh ar Frank McArdle | Preas R\u00e1iteas | TG4","isPartOf":{"@id":"https:\/\/dev.tg4.ie\/en\/#website"},"primaryImageOfPage":{"@id":"https:\/\/dev.tg4.ie\/ga\/eolas\/preas\/nuacht-raitis\/2023-2\/gradam-comaoine-tg4-2023-le-bronnadh-ar-frank-mcardle\/#primaryimage"},"image":{"@id":"https:\/\/dev.tg4.ie\/ga\/eolas\/preas\/nuacht-raitis\/2023-2\/gradam-comaoine-tg4-2023-le-bronnadh-ar-frank-mcardle\/#primaryimage"},"thumbnailUrl":"https:\/\/dev.tg4.ie\/wp-content\/uploads\/2023\/03\/Frank_McArdle_1-1920x1080-1.jpg","datePublished":"2023-03-30T15:12:56+00:00","dateModified":"2023-03-30T15:12:56+00:00","description":"T\u00e1 Gradam Comaoine TG4 2023 le bronnadh ar Frank McArdle. Is ceolt\u00f3ir, oideoir agus bunaitheoir Bhanna C\u00e9il\u00ed Naomh Roch (St Roch\u2019s C\u00e9il\u00ed Band) i nGlasch\u00fa \u00e9 Frank McArdle.","breadcrumb":{"@id":"https:\/\/dev.tg4.ie\/ga\/eolas\/preas\/nuacht-raitis\/2023-2\/gradam-comaoine-tg4-2023-le-bronnadh-ar-frank-mcardle\/#breadcrumb"},"inLanguage":"ga","potentialAction":[{"@type":"ReadAction","target":["https:\/\/dev.tg4.ie\/ga\/eolas\/preas\/nuacht-raitis\/2023-2\/gradam-comaoine-tg4-2023-le-bronnadh-ar-frank-mcardle\/"]}]},{"@type":"ImageObject","inLanguage":"ga","@id":"https:\/\/dev.tg4.ie\/ga\/eolas\/preas\/nuacht-raitis\/2023-2\/gradam-comaoine-tg4-2023-le-bronnadh-ar-frank-mcardle\/#primaryimage","url":"https:\/\/dev.tg4.ie\/wp-content\/uploads\/2023\/03\/Frank_McArdle_1-1920x1080-1.jpg","contentUrl":"https:\/\/dev.tg4.ie\/wp-content\/uploads\/2023\/03\/Frank_McArdle_1-1920x1080-1.jpg"},{"@type":"BreadcrumbList","@id":"https:\/\/dev.tg4.ie\/ga\/eolas\/preas\/nuacht-raitis\/2023-2\/gradam-comaoine-tg4-2023-le-bronnadh-ar-frank-mcardle\/#breadcrumb","itemListElement":[{"@type":"ListItem","position":1,"name":"Home","item":"https:\/\/dev.tg4.ie\/ga\/"},{"@type":"ListItem","position":2,"name":"Eolas","item":"https:\/\/dev.tg4.ie\/ga\/eolas\/"},{"@type":"ListItem","position":3,"name":"Preas","item":"https:\/\/dev.tg4.ie\/ga\/eolas\/preas\/"},{"@type":"ListItem","position":4,"name":"Nuacht R\u00e1itis","item":"https:\/\/dev.tg4.ie\/ga\/eolas\/preas\/nuacht-raitis\/"},{"@type":"ListItem","position":5,"name":"2023","item":"https:\/\/dev.tg4.ie\/ga\/eolas\/preas\/nuacht-raitis\/2023-2\/"},{"@type":"ListItem","position":6,"name":"Gradam Comaoine TG4 2023 le bronnadh ar Frank McArdle"}]},{"@type":"WebSite","@id":"https:\/\/dev.tg4.ie\/en\/#website","url":"https:\/\/dev.tg4.ie\/en\/","name":"TG4","description":"S\u00fail Eile","potentialAction":[{"@type":"SearchAction","target":{"@type":"EntryPoint","urlTemplate":"https:\/\/dev.tg4.ie\/en\/?s={search_term_string}"},"query-input":"required name=search_term_string"}],"inLanguage":"ga"}]}},"_links":{"self":[{"href":"https:\/\/dev.tg4.ie\/ga\/wp-json\/wp\/v2\/pages\/187028"}],"collection":[{"href":"https:\/\/dev.tg4.ie\/ga\/wp-json\/wp\/v2\/pages"}],"about":[{"href":"https:\/\/dev.tg4.ie\/ga\/wp-json\/wp\/v2\/types\/page"}],"author":[{"embeddable":true,"href":"https:\/\/dev.tg4.ie\/ga\/wp-json\/wp\/v2\/users\/876"}],"replies":[{"embeddable":true,"href":"https:\/\/dev.tg4.ie\/ga\/wp-json\/wp\/v2\/comments?post=187028"}],"version-history":[{"count":0,"href":"https:\/\/dev.tg4.ie\/ga\/wp-json\/wp\/v2\/pages\/187028\/revisions"}],"up":[{"embeddable":true,"href":"https:\/\/dev.tg4.ie\/ga\/wp-json\/wp\/v2\/pages\/180840"}],"wp:attachment":[{"href":"https:\/\/dev.tg4.ie\/ga\/wp-json\/wp\/v2\/media?parent=187028"}],"curies":[{"name":"wp","href":"https:\/\/api.w.org\/{rel}","templated":true}]}}