{"id":187272,"date":"2023-04-03T09:51:01","date_gmt":"2023-04-03T08:51:01","guid":{"rendered":"https:\/\/dev.tg4.ie\/?page_id=187272"},"modified":"2023-04-03T09:51:01","modified_gmt":"2023-04-03T08:51:01","slug":"oscloidh-an-scannan-gleoite-gaeilge-roise-frank-i-bpictiurlanna-i-sam","status":"publish","type":"page","link":"https:\/\/dev.tg4.ie\/ga\/eolas\/preas\/nuacht-raitis\/2023-2\/oscloidh-an-scannan-gleoite-gaeilge-roise-frank-i-bpictiurlanna-i-sam\/","title":{"rendered":"Oscl\u00f3idh an scann\u00e1n gleoite Gaeilge (R\u00f3ise &#038; Frank) i bpicti\u00farlanna i SAM"},"content":{"rendered":"<p><img loading=\"lazy\" decoding=\"async\" width=\"1920\" height=\"1080\" src=\"https:\/\/tg4-docs.s3.amazonaws.com\/tg4-redesign-2015\/wp-content\/uploads\/2022\/03\/Roise_Frank_1-1920x1080-1.jpg\" alt=\"\" class=\"aligncenter size-full wp-image-144043\" srcset=\"https:\/\/tg4-docs.s3.amazonaws.com\/tg4-redesign-2015\/wp-content\/uploads\/2022\/03\/Roise_Frank_1-1920x1080-1.jpg 1920w, https:\/\/tg4-docs.s3.amazonaws.com\/tg4-redesign-2015\/wp-content\/uploads\/2022\/03\/Roise_Frank_1-1920x1080-1-250x141.jpg 250w, https:\/\/tg4-docs.s3.amazonaws.com\/tg4-redesign-2015\/wp-content\/uploads\/2022\/03\/Roise_Frank_1-1920x1080-1-700x394.jpg 700w, https:\/\/tg4-docs.s3.amazonaws.com\/tg4-redesign-2015\/wp-content\/uploads\/2022\/03\/Roise_Frank_1-1920x1080-1-252x141.jpg 252w, https:\/\/tg4-docs.s3.amazonaws.com\/tg4-redesign-2015\/wp-content\/uploads\/2022\/03\/Roise_Frank_1-1920x1080-1-1536x864.jpg 1536w, https:\/\/tg4-docs.s3.amazonaws.com\/tg4-redesign-2015\/wp-content\/uploads\/2022\/03\/Roise_Frank_1-1920x1080-1-120x68.jpg 120w\" sizes=\"(max-width: 1920px) 100vw, 1920px\" \/><br \/>\n&nbsp;<br \/>\nBlais\u00edn den scann\u00e1n:<br \/>\n<iframe loading=\"lazy\" width=\"560\" height=\"315\" src=\"https:\/\/www.youtube.com\/embed\/wDzDisrk4A8\" title=\"YouTube video player\" frameborder=\"0\" allow=\"accelerometer; autoplay; clipboard-write; encrypted-media; gyroscope; picture-in-picture; web-share\" allowfullscreen><\/iframe><br \/>\n&nbsp;<\/p>\n<p>Eiseofar an scann\u00e1n Cine4 <strong>R\u00f3ise &#038; Frank<\/strong> i SAM inniu (An Aoine 31\u00fa M\u00e1rta). I nGaeilge at\u00e1 an scann\u00e1n s\u00e9.<br \/>\n&nbsp;<\/p>\n<p>Sa scann\u00e1n l\u00e9ir\u00edtear R\u00f3ise (Br\u00edd N\u00ed Neachtain) at\u00e1 i ndiaidh  a fear c\u00e9ile Frank dh\u00e1 bhliain roimhe. T\u00e1 s\u00ed f\u00f3s faoi bhr\u00f3n agus \u00ed scoite amach \u00f3na teaghlach agus \u00f3n bpobal. Tagann madra mist\u00e9ireach chuici agus is l\u00e9ir go bhfuil an madra an-mh\u00f3r l\u00e9i. Is bre\u00e1 leis an madra sp\u00f3rt agus feoil, agus t\u00e1 cathaoir ar leith gur fearr leis sa teach. Samhla\u00edtear do R\u00f3ise gurb \u00e9 an madra a fear ch\u00e9ile Frank tagtha chun na beatha ar\u00eds. Ceapann a mac (Cillian \u00d3 Gairbh\u00ed) go bhfuil s\u00ed imithe as a meabhair ar fad, ach glacann an pobal leis go bhfuil Frank tar \u00e9is filleadh. Is iad Rachael Moriarty agus Peter Murphy a sti\u00fair <strong>R\u00f3ise &#038; Frank<\/strong>, agus ba \u00e9 C\u00fa\u00e1n Mac Conghail \u00f3 Macalla Teo a l\u00e9irigh \u00e9. Ba iad Macalla Teo a l\u00e9irigh an scann\u00e1n Gaeilge Arracht freisin.<br \/>\n&nbsp;<\/p>\n<p>TG4, Screen Ireland agus an BAI (Coimisi\u00fan na Me\u00e1n) a mhaoinigh an scann\u00e1n mar chuid de sc\u00e9im Cine4 chun bunscann\u00e1in fhada i nGaeilge a chur ar f\u00e1il. D\u2019\u00e9irigh go geal le <strong>R\u00f3ise &#038; Frank<\/strong> ar chamchuairt na bhF\u00e9ilt\u00ed le tamaill anuas. Taispe\u00e1nadh \u00e9 ag Fleadh Scann\u00e1n na Gaillimhe agus t\u00e1 go leor gradam bainte aige lena n-\u00e1ir\u00edtear Best Ensemble ag F\u00e9ile Idirn\u00e1isi\u00fanta na Scann\u00e1n Bhaile \u00c1tha Cliath. Bhain s\u00e9  Gradam an Lucht \u00c9isteachta ag F\u00e9ile Idirn\u00e1isi\u00fanta Santa Barbara agus Sonoma freisin.<br \/>\n&nbsp;<\/p>\n<p>T\u00e1 cearta d\u00e1ili\u00fach\u00e1in Mheirice\u00e1 Thuaidh faighte ag Juno Films don scann\u00e1n <strong>R\u00f3ise agus Frank<\/strong>.<br \/>\n&nbsp;<\/p>\n<p>Liosta na  bpicti\u00farlainne i SAM ina mbeidh <strong>R\u00f3ise &#038; Frank<\/strong> le feice\u00e1il: <a href=\"https:\/\/roiseandfrankmovie.com\/\" rel=\"noopener\" target=\"_blank\">roiseandfrankmovie.com<\/a><br \/>\n &nbsp;<br \/>\nBeidh Q&#038;Aanna  \u00e1 n-eagr\u00fa ag <a href=\"https:\/\/www.facebook.com\/quadcinemanyc\/\" rel=\"noopener\" target=\"_blank\">Quad Cinema<\/a> leis na scr\u00edbhneoir\u00ed \/ sti\u00farth\u00f3ir\u00ed Rachael Moriarty &#038; Peter Murphy an deireadh seachtaine seo : <a href=\"https:\/\/quadcinema.com\/film\/roise-frank\/\" rel=\"noopener\" target=\"_blank\">https:\/\/quadcinema.com\/film\/roise-frank\/<\/a><\/p>\n<p>&nbsp;<br \/>\nT\u00e1 \u00e9acht bainte amach go hidirn\u00e1isiunta ag scann\u00e1in Ghaeilge le roinnt m\u00edonna. N\u00edos luaithe i M\u00e1rta 2023 bh\u00ed <strong>An Cail\u00edn Ci\u00fain<\/strong> a san ioma\u00edocht do ghradam Oscars in LA.<br \/>\n&nbsp;<br \/>\nBh\u00ed an scann\u00e1n Gaeilge sin a bhfuil lear m\u00f3r gradam bainte aige le feice\u00e1il in amharclanna roghnaithe i SAM \u00f3 Mh\u00ed Feabhra 2023 ar aghaidh.<br \/>\n&nbsp;<br \/>\n&nbsp;<br \/>\n&nbsp;<\/p>\n","protected":false},"excerpt":{"rendered":"<p>&nbsp; Blais\u00edn den scann\u00e1n: &nbsp; Eiseofar an scann\u00e1n Cine4 R\u00f3ise &#038; Frank i SAM inniu (An Aoine 31\u00fa M\u00e1rta). I nGaeilge at\u00e1 an scann\u00e1n s\u00e9. &nbsp; Sa scann\u00e1n l\u00e9ir\u00edtear R\u00f3ise (Br\u00edd N\u00ed Neachtain) at\u00e1 i ndiaidh a fear c\u00e9ile Frank dh\u00e1 bhliain roimhe. T\u00e1 s\u00ed f\u00f3s faoi bhr\u00f3n agus \u00ed scoite amach \u00f3na teaghlach agus [&hellip;]<\/p>\n","protected":false},"author":876,"featured_media":0,"parent":180840,"menu_order":10,"comment_status":"closed","ping_status":"closed","template":"page-templates\/template-pr.php","meta":{"_acf_changed":false,"footnotes":""},"acf":[],"yoast_head":"<!-- This site is optimized with the Yoast SEO plugin v22.6 - https:\/\/yoast.com\/wordpress\/plugins\/seo\/ -->\n<title>Oscl\u00f3idh an scann\u00e1n gleoite Gaeilge (R\u00f3ise &amp; Frank) i bpicti\u00farlanna i SAM | Preas R\u00e1iteas | TG4<\/title>\n<meta name=\"description\" content=\"Eiseofar an scann\u00e1n Cine4 R\u00f3ise &amp; Frank i SAM inniu (An Aoine 31\u00fa M\u00e1rta). I nGaeilge at\u00e1 an scann\u00e1n s\u00e9.\" \/>\n<meta name=\"robots\" content=\"index, follow, max-snippet:-1, max-image-preview:large, max-video-preview:-1\" \/>\n<meta property=\"og:locale\" content=\"en_US\" \/>\n<meta property=\"og:type\" content=\"article\" \/>\n<meta property=\"og:title\" content=\"Oscl\u00f3idh an scann\u00e1n gleoite Gaeilge (R\u00f3ise &amp; Frank) i bpicti\u00farlanna i SAM | Preas R\u00e1iteas | TG4\" \/>\n<meta property=\"og:description\" content=\"Eiseofar an scann\u00e1n Cine4 R\u00f3ise &amp; Frank i SAM inniu (An Aoine 31\u00fa M\u00e1rta). I nGaeilge at\u00e1 an scann\u00e1n s\u00e9.\" \/>\n<meta property=\"og:url\" content=\"https:\/\/dev.tg4.ie\/ga\/eolas\/preas\/nuacht-raitis\/2023-2\/oscloidh-an-scannan-gleoite-gaeilge-roise-frank-i-bpictiurlanna-i-sam\/\" \/>\n<meta property=\"og:site_name\" content=\"TG4\" \/>\n<meta property=\"article:publisher\" content=\"https:\/\/www.facebook.com\/TG4TV\" \/>\n<meta property=\"og:image\" content=\"https:\/\/tg4-docs.s3.amazonaws.com\/tg4-redesign-2015\/wp-content\/uploads\/2022\/03\/Roise_Frank_1-1920x1080-1.jpg\" \/>\n\t<meta property=\"og:image:width\" content=\"1920\" \/>\n\t<meta property=\"og:image:height\" content=\"1080\" \/>\n\t<meta property=\"og:image:type\" content=\"image\/jpeg\" \/>\n<meta name=\"twitter:card\" content=\"summary_large_image\" \/>\n<meta name=\"twitter:image\" content=\"https:\/\/tg4-docs.s3.amazonaws.com\/tg4-redesign-2015\/wp-content\/uploads\/2022\/03\/Roise_Frank_1-1920x1080-1.jpg\" \/>\n<meta name=\"twitter:site\" content=\"@TG4TV\" \/>\n<meta name=\"twitter:label1\" content=\"Est. reading time\" \/>\n\t<meta name=\"twitter:data1\" content=\"2 minutes\" \/>\n<script type=\"application\/ld+json\" class=\"yoast-schema-graph\">{\"@context\":\"https:\/\/schema.org\",\"@graph\":[{\"@type\":\"WebPage\",\"@id\":\"https:\/\/dev.tg4.ie\/ga\/eolas\/preas\/nuacht-raitis\/2023-2\/oscloidh-an-scannan-gleoite-gaeilge-roise-frank-i-bpictiurlanna-i-sam\/\",\"url\":\"https:\/\/dev.tg4.ie\/ga\/eolas\/preas\/nuacht-raitis\/2023-2\/oscloidh-an-scannan-gleoite-gaeilge-roise-frank-i-bpictiurlanna-i-sam\/\",\"name\":\"Oscl\u00f3idh an scann\u00e1n gleoite Gaeilge (R\u00f3ise & Frank) i bpicti\u00farlanna i SAM | Preas R\u00e1iteas | TG4\",\"isPartOf\":{\"@id\":\"https:\/\/dev.tg4.ie\/en\/#website\"},\"primaryImageOfPage\":{\"@id\":\"https:\/\/dev.tg4.ie\/ga\/eolas\/preas\/nuacht-raitis\/2023-2\/oscloidh-an-scannan-gleoite-gaeilge-roise-frank-i-bpictiurlanna-i-sam\/#primaryimage\"},\"image\":{\"@id\":\"https:\/\/dev.tg4.ie\/ga\/eolas\/preas\/nuacht-raitis\/2023-2\/oscloidh-an-scannan-gleoite-gaeilge-roise-frank-i-bpictiurlanna-i-sam\/#primaryimage\"},\"thumbnailUrl\":\"https:\/\/dev.tg4.ie\/wp-content\/uploads\/2022\/03\/Roise_Frank_1-1920x1080-1.jpg\",\"datePublished\":\"2023-04-03T08:51:01+00:00\",\"dateModified\":\"2023-04-03T08:51:01+00:00\",\"description\":\"Eiseofar an scann\u00e1n Cine4 R\u00f3ise & Frank i SAM inniu (An Aoine 31\u00fa M\u00e1rta). I nGaeilge at\u00e1 an scann\u00e1n s\u00e9.\",\"breadcrumb\":{\"@id\":\"https:\/\/dev.tg4.ie\/ga\/eolas\/preas\/nuacht-raitis\/2023-2\/oscloidh-an-scannan-gleoite-gaeilge-roise-frank-i-bpictiurlanna-i-sam\/#breadcrumb\"},\"inLanguage\":\"ga\",\"potentialAction\":[{\"@type\":\"ReadAction\",\"target\":[\"https:\/\/dev.tg4.ie\/ga\/eolas\/preas\/nuacht-raitis\/2023-2\/oscloidh-an-scannan-gleoite-gaeilge-roise-frank-i-bpictiurlanna-i-sam\/\"]}]},{\"@type\":\"ImageObject\",\"inLanguage\":\"ga\",\"@id\":\"https:\/\/dev.tg4.ie\/ga\/eolas\/preas\/nuacht-raitis\/2023-2\/oscloidh-an-scannan-gleoite-gaeilge-roise-frank-i-bpictiurlanna-i-sam\/#primaryimage\",\"url\":\"https:\/\/dev.tg4.ie\/wp-content\/uploads\/2022\/03\/Roise_Frank_1-1920x1080-1.jpg\",\"contentUrl\":\"https:\/\/dev.tg4.ie\/wp-content\/uploads\/2022\/03\/Roise_Frank_1-1920x1080-1.jpg\"},{\"@type\":\"BreadcrumbList\",\"@id\":\"https:\/\/dev.tg4.ie\/ga\/eolas\/preas\/nuacht-raitis\/2023-2\/oscloidh-an-scannan-gleoite-gaeilge-roise-frank-i-bpictiurlanna-i-sam\/#breadcrumb\",\"itemListElement\":[{\"@type\":\"ListItem\",\"position\":1,\"name\":\"Home\",\"item\":\"https:\/\/dev.tg4.ie\/ga\/\"},{\"@type\":\"ListItem\",\"position\":2,\"name\":\"Eolas\",\"item\":\"https:\/\/dev.tg4.ie\/ga\/eolas\/\"},{\"@type\":\"ListItem\",\"position\":3,\"name\":\"Preas\",\"item\":\"https:\/\/dev.tg4.ie\/ga\/eolas\/preas\/\"},{\"@type\":\"ListItem\",\"position\":4,\"name\":\"Nuacht R\u00e1itis\",\"item\":\"https:\/\/dev.tg4.ie\/ga\/eolas\/preas\/nuacht-raitis\/\"},{\"@type\":\"ListItem\",\"position\":5,\"name\":\"2023\",\"item\":\"https:\/\/dev.tg4.ie\/ga\/eolas\/preas\/nuacht-raitis\/2023-2\/\"},{\"@type\":\"ListItem\",\"position\":6,\"name\":\"Oscl\u00f3idh an scann\u00e1n gleoite Gaeilge (R\u00f3ise &#038; Frank) i bpicti\u00farlanna i SAM\"}]},{\"@type\":\"WebSite\",\"@id\":\"https:\/\/dev.tg4.ie\/en\/#website\",\"url\":\"https:\/\/dev.tg4.ie\/en\/\",\"name\":\"TG4\",\"description\":\"S\u00fail Eile\",\"potentialAction\":[{\"@type\":\"SearchAction\",\"target\":{\"@type\":\"EntryPoint\",\"urlTemplate\":\"https:\/\/dev.tg4.ie\/en\/?s={search_term_string}\"},\"query-input\":\"required name=search_term_string\"}],\"inLanguage\":\"ga\"}]}<\/script>\n<!-- \/ Yoast SEO plugin. -->","yoast_head_json":{"title":"Oscl\u00f3idh an scann\u00e1n gleoite Gaeilge (R\u00f3ise & Frank) i bpicti\u00farlanna i SAM | Preas R\u00e1iteas | TG4","description":"Eiseofar an scann\u00e1n Cine4 R\u00f3ise & Frank i SAM inniu (An Aoine 31\u00fa M\u00e1rta). I nGaeilge at\u00e1 an scann\u00e1n s\u00e9.","robots":{"index":"index","follow":"follow","max-snippet":"max-snippet:-1","max-image-preview":"max-image-preview:large","max-video-preview":"max-video-preview:-1"},"og_locale":"en_US","og_type":"article","og_title":"Oscl\u00f3idh an scann\u00e1n gleoite Gaeilge (R\u00f3ise & Frank) i bpicti\u00farlanna i SAM | Preas R\u00e1iteas | TG4","og_description":"Eiseofar an scann\u00e1n Cine4 R\u00f3ise & Frank i SAM inniu (An Aoine 31\u00fa M\u00e1rta). I nGaeilge at\u00e1 an scann\u00e1n s\u00e9.","og_url":"https:\/\/dev.tg4.ie\/ga\/eolas\/preas\/nuacht-raitis\/2023-2\/oscloidh-an-scannan-gleoite-gaeilge-roise-frank-i-bpictiurlanna-i-sam\/","og_site_name":"TG4","article_publisher":"https:\/\/www.facebook.com\/TG4TV","og_image":[{"width":1920,"height":1080,"url":"https:\/\/tg4-docs.s3.amazonaws.com\/tg4-redesign-2015\/wp-content\/uploads\/2022\/03\/Roise_Frank_1-1920x1080-1.jpg","type":"image\/jpeg"}],"twitter_card":"summary_large_image","twitter_image":"https:\/\/tg4-docs.s3.amazonaws.com\/tg4-redesign-2015\/wp-content\/uploads\/2022\/03\/Roise_Frank_1-1920x1080-1.jpg","twitter_site":"@TG4TV","twitter_misc":{"Est. reading time":"2 minutes"},"schema":{"@context":"https:\/\/schema.org","@graph":[{"@type":"WebPage","@id":"https:\/\/dev.tg4.ie\/ga\/eolas\/preas\/nuacht-raitis\/2023-2\/oscloidh-an-scannan-gleoite-gaeilge-roise-frank-i-bpictiurlanna-i-sam\/","url":"https:\/\/dev.tg4.ie\/ga\/eolas\/preas\/nuacht-raitis\/2023-2\/oscloidh-an-scannan-gleoite-gaeilge-roise-frank-i-bpictiurlanna-i-sam\/","name":"Oscl\u00f3idh an scann\u00e1n gleoite Gaeilge (R\u00f3ise & Frank) i bpicti\u00farlanna i SAM | Preas R\u00e1iteas | TG4","isPartOf":{"@id":"https:\/\/dev.tg4.ie\/en\/#website"},"primaryImageOfPage":{"@id":"https:\/\/dev.tg4.ie\/ga\/eolas\/preas\/nuacht-raitis\/2023-2\/oscloidh-an-scannan-gleoite-gaeilge-roise-frank-i-bpictiurlanna-i-sam\/#primaryimage"},"image":{"@id":"https:\/\/dev.tg4.ie\/ga\/eolas\/preas\/nuacht-raitis\/2023-2\/oscloidh-an-scannan-gleoite-gaeilge-roise-frank-i-bpictiurlanna-i-sam\/#primaryimage"},"thumbnailUrl":"https:\/\/dev.tg4.ie\/wp-content\/uploads\/2022\/03\/Roise_Frank_1-1920x1080-1.jpg","datePublished":"2023-04-03T08:51:01+00:00","dateModified":"2023-04-03T08:51:01+00:00","description":"Eiseofar an scann\u00e1n Cine4 R\u00f3ise & Frank i SAM inniu (An Aoine 31\u00fa M\u00e1rta). I nGaeilge at\u00e1 an scann\u00e1n s\u00e9.","breadcrumb":{"@id":"https:\/\/dev.tg4.ie\/ga\/eolas\/preas\/nuacht-raitis\/2023-2\/oscloidh-an-scannan-gleoite-gaeilge-roise-frank-i-bpictiurlanna-i-sam\/#breadcrumb"},"inLanguage":"ga","potentialAction":[{"@type":"ReadAction","target":["https:\/\/dev.tg4.ie\/ga\/eolas\/preas\/nuacht-raitis\/2023-2\/oscloidh-an-scannan-gleoite-gaeilge-roise-frank-i-bpictiurlanna-i-sam\/"]}]},{"@type":"ImageObject","inLanguage":"ga","@id":"https:\/\/dev.tg4.ie\/ga\/eolas\/preas\/nuacht-raitis\/2023-2\/oscloidh-an-scannan-gleoite-gaeilge-roise-frank-i-bpictiurlanna-i-sam\/#primaryimage","url":"https:\/\/dev.tg4.ie\/wp-content\/uploads\/2022\/03\/Roise_Frank_1-1920x1080-1.jpg","contentUrl":"https:\/\/dev.tg4.ie\/wp-content\/uploads\/2022\/03\/Roise_Frank_1-1920x1080-1.jpg"},{"@type":"BreadcrumbList","@id":"https:\/\/dev.tg4.ie\/ga\/eolas\/preas\/nuacht-raitis\/2023-2\/oscloidh-an-scannan-gleoite-gaeilge-roise-frank-i-bpictiurlanna-i-sam\/#breadcrumb","itemListElement":[{"@type":"ListItem","position":1,"name":"Home","item":"https:\/\/dev.tg4.ie\/ga\/"},{"@type":"ListItem","position":2,"name":"Eolas","item":"https:\/\/dev.tg4.ie\/ga\/eolas\/"},{"@type":"ListItem","position":3,"name":"Preas","item":"https:\/\/dev.tg4.ie\/ga\/eolas\/preas\/"},{"@type":"ListItem","position":4,"name":"Nuacht R\u00e1itis","item":"https:\/\/dev.tg4.ie\/ga\/eolas\/preas\/nuacht-raitis\/"},{"@type":"ListItem","position":5,"name":"2023","item":"https:\/\/dev.tg4.ie\/ga\/eolas\/preas\/nuacht-raitis\/2023-2\/"},{"@type":"ListItem","position":6,"name":"Oscl\u00f3idh an scann\u00e1n gleoite Gaeilge (R\u00f3ise &#038; Frank) i bpicti\u00farlanna i SAM"}]},{"@type":"WebSite","@id":"https:\/\/dev.tg4.ie\/en\/#website","url":"https:\/\/dev.tg4.ie\/en\/","name":"TG4","description":"S\u00fail Eile","potentialAction":[{"@type":"SearchAction","target":{"@type":"EntryPoint","urlTemplate":"https:\/\/dev.tg4.ie\/en\/?s={search_term_string}"},"query-input":"required name=search_term_string"}],"inLanguage":"ga"}]}},"_links":{"self":[{"href":"https:\/\/dev.tg4.ie\/ga\/wp-json\/wp\/v2\/pages\/187272"}],"collection":[{"href":"https:\/\/dev.tg4.ie\/ga\/wp-json\/wp\/v2\/pages"}],"about":[{"href":"https:\/\/dev.tg4.ie\/ga\/wp-json\/wp\/v2\/types\/page"}],"author":[{"embeddable":true,"href":"https:\/\/dev.tg4.ie\/ga\/wp-json\/wp\/v2\/users\/876"}],"replies":[{"embeddable":true,"href":"https:\/\/dev.tg4.ie\/ga\/wp-json\/wp\/v2\/comments?post=187272"}],"version-history":[{"count":0,"href":"https:\/\/dev.tg4.ie\/ga\/wp-json\/wp\/v2\/pages\/187272\/revisions"}],"up":[{"embeddable":true,"href":"https:\/\/dev.tg4.ie\/ga\/wp-json\/wp\/v2\/pages\/180840"}],"wp:attachment":[{"href":"https:\/\/dev.tg4.ie\/ga\/wp-json\/wp\/v2\/media?parent=187272"}],"curies":[{"name":"wp","href":"https:\/\/api.w.org\/{rel}","templated":true}]}}