{"id":190424,"date":"2023-04-27T13:02:31","date_gmt":"2023-04-27T12:02:31","guid":{"rendered":"https:\/\/dev.tg4.ie\/?page_id=190424"},"modified":"2023-04-27T13:02:31","modified_gmt":"2023-04-27T12:02:31","slug":"gradam-eorpach-prix-circom-2023-buaite-ag-clar-cursai-reatha-tg4","status":"publish","type":"page","link":"https:\/\/dev.tg4.ie\/ga\/eolas\/preas\/nuacht-raitis\/2023-2\/gradam-eorpach-prix-circom-2023-buaite-ag-clar-cursai-reatha-tg4\/","title":{"rendered":"Gradam Eorpach Prix CIRCOM 2023 buaite ag cl\u00e1r c\u00farsa\u00ed reatha TG4"},"content":{"rendered":"<p><img loading=\"lazy\" decoding=\"async\" width=\"1920\" height=\"1080\" src=\"https:\/\/tg4-docs.s3.amazonaws.com\/wp-content\/uploads\/2023\/04\/27122907\/Iniuchadh_Cead_Mile_Failte_1-1920x1080-1.jpg\" alt=\"\" class=\"aligncenter size-full wp-image-190426\" srcset=\"https:\/\/tg4-docs.s3.amazonaws.com\/wp-content\/uploads\/2023\/04\/27122907\/Iniuchadh_Cead_Mile_Failte_1-1920x1080-1.jpg 1920w, https:\/\/tg4-docs.s3.amazonaws.com\/wp-content\/uploads\/2023\/04\/27122907\/Iniuchadh_Cead_Mile_Failte_1-1920x1080-1-250x141.jpg 250w, https:\/\/tg4-docs.s3.amazonaws.com\/wp-content\/uploads\/2023\/04\/27122907\/Iniuchadh_Cead_Mile_Failte_1-1920x1080-1-700x394.jpg 700w, https:\/\/tg4-docs.s3.amazonaws.com\/wp-content\/uploads\/2023\/04\/27122907\/Iniuchadh_Cead_Mile_Failte_1-1920x1080-1-252x141.jpg 252w, https:\/\/tg4-docs.s3.amazonaws.com\/wp-content\/uploads\/2023\/04\/27122907\/Iniuchadh_Cead_Mile_Failte_1-1920x1080-1-1536x864.jpg 1536w, https:\/\/tg4-docs.s3.amazonaws.com\/wp-content\/uploads\/2023\/04\/27122907\/Iniuchadh_Cead_Mile_Failte_1-1920x1080-1-120x68.jpg 120w\" sizes=\"(max-width: 1920px) 100vw, 1920px\" \/><br \/>\n<sup>Pic: Kevin Magee<\/sup><br \/>\n&nbsp;<br \/>\nYOUTUBE Promo:  <strong>Ini\u00fachadh TG4 \u2013 C\u00e9ad M\u00edle F\u00e1ilte?<\/strong> <a href=\"https:\/\/youtu.be\/Gwdzxgsxaco\" rel=\"noopener\" target=\"_blank\">https:\/\/youtu.be\/Gwdzxgsxaco<\/a><br \/>\n&nbsp;<\/p>\n<p>T\u00e1 gradam Eorpach buaite ag an gcl\u00e1r c\u00farsa\u00ed reatha <strong>Ini\u00fachadh TG4 \u2013 C\u00e9ad M\u00edle F\u00e1ilte?<\/strong> ag Prix CIRCOM 2023.  Roghna\u00edodh an cl\u00e1r mar bhuaiteoir na catag\u00f3ire \u2018Iriseoireacht Ini\u00fachta\u2019, catag\u00f3ir at\u00e1 urraithe ag Comhairle na hEorpa.<br \/>\n&nbsp;<br \/>\nGach bliain, tugann gradaim Prix CIRCOM aitheantas do na l\u00e9iri\u00fach\u00e1in r\u00e9igi\u00fanacha is fearr. Is iad na gradaim seo na gradaim idirn\u00e1isi\u00fanta is t\u00e1bhachta\u00ed i dtaobh cl\u00e1racha r\u00e9igi\u00fanacha agus is sa bhliain 1990 a bronnadh iad den ch\u00e9ad uair.  T\u00e1 aon chatag\u00f3ir d\u00e9ag i ngradam na bliana seo lena n-\u00e1ir\u00edtear;  Iriseoireacht Ini\u00fachta, Faisn\u00e9is, Tuairisc Nuachta,  Ceol agus Eala\u00edon, agus ilmhe\u00e1in Dhigiteacha. Cuireadh isteach n\u00edos m\u00f3 n\u00e1 170 iontr\u00e1il ar na gradaim i mbliana \u00f3 22 craolt\u00f3ir.<br \/>\n&nbsp;<\/p>\n<p>Fiosra\u00edtear sa chl\u00e1r Ini\u00fachadh TG4 \u2013 C\u00e9ad M\u00edle F\u00e1ilte? ag\u00f3id\u00ed in aghaidh inimirce ar fud na h\u00c9ireann le d\u00e9ana\u00ed agus an r\u00f3l at\u00e1 ag roinnt gn\u00edomhaithe \u00f3n ngluaiseacht in aghaidh inimirce ag cuidi\u00fa leis na hag\u00f3id\u00ed a chur chun cinn. Pl\u00e9itear freisin an m\u00e9id eolas m\u00edchruinn at\u00e1 ann maidir le hinimirce agus iarrth\u00f3ir\u00ed tearmainn in \u00c9irinn agus fiosra\u00edtear an bhfuil na hag\u00f3id\u00ed in aghaidh inimirce agus an l\u00edon n\u00edos m\u00f3 teifeach agus iarrth\u00f3ir\u00ed tearmainn at\u00e1 ag teacht chun na h\u00c9ireann ag cur leis an gcin\u00edochas.<br \/>\n&nbsp;<br \/>\nT\u00e1 an cl\u00e1r mar chuid de shraith nua mh\u00edos\u00fail c\u00farsa\u00ed reatha, <strong>Ini\u00fachadh TG4<\/strong>, arna l\u00e9iri\u00fa ag Clean Slate Productions at\u00e1 lonnaithe i mB\u00e9al Feirste agus \u00e1 chur i l\u00e1thair ag an iriseoir aitheanta Kevin Magee.<br \/>\n&nbsp;<\/p>\n<p>D\u00fairt <strong>Ceannaire Nuachta agus C\u00farsa\u00ed Reatha TG4 Deirdre N\u00ed Choist\u00edn<\/strong>, <em>\u201cBa mhaith liom comhghairdeas a dh\u00e9anamh le Clean Slate Productions as an ngradam at\u00e1 bronnta ar an gcl\u00e1r Ini\u00fachadh TG4 \u2013 C\u00e9ad M\u00edle F\u00e1ilte? Is aitheantas \u00e9 an gradam Eorpach \u00f3 CIRCOM ar chaighde\u00e1n na hiriseoireachta sa chl\u00e1r.   Tugann an cl\u00e1r l\u00e9argas ar sc\u00e9al at\u00e1 go m\u00f3r i mb\u00e9al an phobail in \u00c9irinn agus at\u00e1 le feice\u00e1il trasna na hEorpa chomh maith. T\u00e1 TG4 tiomanta d\u2019fhorbairt Nuachta agus C\u00farsa\u00ed Reatha ar gach ard\u00e1n, agus is fianaise ar an ngealltanas sin \u00e9 an gradam seo a fh\u00e1il.\u201d<\/em><br \/>\n&nbsp;<\/p>\n<p>Bronnfar na gradaim ar an 1 Meitheamh 2023 mar chuid de Chomhdh\u00e1il Bhliant\u00fail R\u00e9igi\u00fanach CIRCOM a bheidh ar si\u00fal i Donostia-San Sebastian, sa Sp\u00e1inn, arna \u00f3st\u00e1il ag EITB \u2013 Raidi\u00f3 agus Teilif\u00eds na mBascach.<br \/>\n&nbsp;<\/p>\n<p>Is f\u00e9idir f\u00e9achaint ar an gcl\u00e1r, <strong>Ini\u00fachadh TG4 \u2013 C\u00e9ad M\u00edle F\u00e1ilte?<\/strong>, ar sheinnteoir TG4. <a href=\"https:\/\/nasc.tg4.tv\/IniuchadhTG4-CeadMileFailte\" rel=\"noopener\" target=\"_blank\">https:\/\/nasc.tg4.tv\/IniuchadhTG4-CeadMileFailte<\/a><br \/>\n&nbsp;<br \/>\n&nbsp;<br \/>\n&nbsp;<\/p>\n","protected":false},"excerpt":{"rendered":"<p>Pic: Kevin Magee &nbsp; YOUTUBE Promo: Ini\u00fachadh TG4 \u2013 C\u00e9ad M\u00edle F\u00e1ilte? https:\/\/youtu.be\/Gwdzxgsxaco &nbsp; T\u00e1 gradam Eorpach buaite ag an gcl\u00e1r c\u00farsa\u00ed reatha Ini\u00fachadh TG4 \u2013 C\u00e9ad M\u00edle F\u00e1ilte? ag Prix CIRCOM 2023. Roghna\u00edodh an cl\u00e1r mar bhuaiteoir na catag\u00f3ire \u2018Iriseoireacht Ini\u00fachta\u2019, catag\u00f3ir at\u00e1 urraithe ag Comhairle na hEorpa. &nbsp; Gach bliain, tugann gradaim Prix [&hellip;]<\/p>\n","protected":false},"author":876,"featured_media":0,"parent":180840,"menu_order":11,"comment_status":"closed","ping_status":"closed","template":"page-templates\/template-pr.php","meta":{"_acf_changed":false,"footnotes":""},"acf":[],"yoast_head":"<!-- This site is optimized with the Yoast SEO plugin v22.6 - https:\/\/yoast.com\/wordpress\/plugins\/seo\/ -->\n<title>Gradam Eorpach Prix CIRCOM 2023 buaite ag cl\u00e1r c\u00farsa\u00ed reatha TG4 | Preas R\u00e1iteas | TG4<\/title>\n<meta name=\"description\" content=\"T\u00e1 gradam Eorpach buaite ag an gcl\u00e1r c\u00farsa\u00ed reatha Ini\u00fachadh TG4 \u2013 C\u00e9ad M\u00edle F\u00e1ilte? ag Prix CIRCOM 2023.\" \/>\n<meta name=\"robots\" content=\"index, follow, max-snippet:-1, max-image-preview:large, max-video-preview:-1\" \/>\n<meta property=\"og:locale\" content=\"en_US\" \/>\n<meta property=\"og:type\" content=\"article\" \/>\n<meta property=\"og:title\" content=\"Gradam Eorpach Prix CIRCOM 2023 buaite ag cl\u00e1r c\u00farsa\u00ed reatha TG4 | Preas R\u00e1iteas | TG4\" \/>\n<meta property=\"og:description\" content=\"T\u00e1 gradam Eorpach buaite ag an gcl\u00e1r c\u00farsa\u00ed reatha Ini\u00fachadh TG4 \u2013 C\u00e9ad M\u00edle F\u00e1ilte? ag Prix CIRCOM 2023.\" \/>\n<meta property=\"og:url\" content=\"https:\/\/dev.tg4.ie\/ga\/eolas\/preas\/nuacht-raitis\/2023-2\/gradam-eorpach-prix-circom-2023-buaite-ag-clar-cursai-reatha-tg4\/\" \/>\n<meta property=\"og:site_name\" content=\"TG4\" \/>\n<meta property=\"article:publisher\" content=\"https:\/\/www.facebook.com\/TG4TV\" \/>\n<meta property=\"og:image\" content=\"https:\/\/tg4-docs.s3.amazonaws.com\/wp-content\/uploads\/2023\/04\/27122907\/Iniuchadh_Cead_Mile_Failte_1-1920x1080-1.jpg\" \/>\n\t<meta property=\"og:image:width\" content=\"1920\" \/>\n\t<meta property=\"og:image:height\" content=\"1080\" \/>\n\t<meta property=\"og:image:type\" content=\"image\/jpeg\" \/>\n<meta name=\"twitter:card\" content=\"summary_large_image\" \/>\n<meta name=\"twitter:image\" content=\"https:\/\/tg4-docs.s3.amazonaws.com\/wp-content\/uploads\/2023\/04\/27122907\/Iniuchadh_Cead_Mile_Failte_1-1920x1080-1.jpg\" \/>\n<meta name=\"twitter:site\" content=\"@TG4TV\" \/>\n<meta name=\"twitter:label1\" content=\"Est. reading time\" \/>\n\t<meta name=\"twitter:data1\" content=\"2 minutes\" \/>\n<script type=\"application\/ld+json\" class=\"yoast-schema-graph\">{\"@context\":\"https:\/\/schema.org\",\"@graph\":[{\"@type\":\"WebPage\",\"@id\":\"https:\/\/dev.tg4.ie\/ga\/eolas\/preas\/nuacht-raitis\/2023-2\/gradam-eorpach-prix-circom-2023-buaite-ag-clar-cursai-reatha-tg4\/\",\"url\":\"https:\/\/dev.tg4.ie\/ga\/eolas\/preas\/nuacht-raitis\/2023-2\/gradam-eorpach-prix-circom-2023-buaite-ag-clar-cursai-reatha-tg4\/\",\"name\":\"Gradam Eorpach Prix CIRCOM 2023 buaite ag cl\u00e1r c\u00farsa\u00ed reatha TG4 | Preas R\u00e1iteas | TG4\",\"isPartOf\":{\"@id\":\"https:\/\/dev.tg4.ie\/en\/#website\"},\"primaryImageOfPage\":{\"@id\":\"https:\/\/dev.tg4.ie\/ga\/eolas\/preas\/nuacht-raitis\/2023-2\/gradam-eorpach-prix-circom-2023-buaite-ag-clar-cursai-reatha-tg4\/#primaryimage\"},\"image\":{\"@id\":\"https:\/\/dev.tg4.ie\/ga\/eolas\/preas\/nuacht-raitis\/2023-2\/gradam-eorpach-prix-circom-2023-buaite-ag-clar-cursai-reatha-tg4\/#primaryimage\"},\"thumbnailUrl\":\"https:\/\/dev.tg4.ie\/wp-content\/uploads\/2023\/04\/Iniuchadh_Cead_Mile_Failte_1-1920x1080-1.jpg\",\"datePublished\":\"2023-04-27T12:02:31+00:00\",\"dateModified\":\"2023-04-27T12:02:31+00:00\",\"description\":\"T\u00e1 gradam Eorpach buaite ag an gcl\u00e1r c\u00farsa\u00ed reatha Ini\u00fachadh TG4 \u2013 C\u00e9ad M\u00edle F\u00e1ilte? ag Prix CIRCOM 2023.\",\"breadcrumb\":{\"@id\":\"https:\/\/dev.tg4.ie\/ga\/eolas\/preas\/nuacht-raitis\/2023-2\/gradam-eorpach-prix-circom-2023-buaite-ag-clar-cursai-reatha-tg4\/#breadcrumb\"},\"inLanguage\":\"ga\",\"potentialAction\":[{\"@type\":\"ReadAction\",\"target\":[\"https:\/\/dev.tg4.ie\/ga\/eolas\/preas\/nuacht-raitis\/2023-2\/gradam-eorpach-prix-circom-2023-buaite-ag-clar-cursai-reatha-tg4\/\"]}]},{\"@type\":\"ImageObject\",\"inLanguage\":\"ga\",\"@id\":\"https:\/\/dev.tg4.ie\/ga\/eolas\/preas\/nuacht-raitis\/2023-2\/gradam-eorpach-prix-circom-2023-buaite-ag-clar-cursai-reatha-tg4\/#primaryimage\",\"url\":\"https:\/\/dev.tg4.ie\/wp-content\/uploads\/2023\/04\/Iniuchadh_Cead_Mile_Failte_1-1920x1080-1.jpg\",\"contentUrl\":\"https:\/\/dev.tg4.ie\/wp-content\/uploads\/2023\/04\/Iniuchadh_Cead_Mile_Failte_1-1920x1080-1.jpg\"},{\"@type\":\"BreadcrumbList\",\"@id\":\"https:\/\/dev.tg4.ie\/ga\/eolas\/preas\/nuacht-raitis\/2023-2\/gradam-eorpach-prix-circom-2023-buaite-ag-clar-cursai-reatha-tg4\/#breadcrumb\",\"itemListElement\":[{\"@type\":\"ListItem\",\"position\":1,\"name\":\"Home\",\"item\":\"https:\/\/dev.tg4.ie\/ga\/\"},{\"@type\":\"ListItem\",\"position\":2,\"name\":\"Eolas\",\"item\":\"https:\/\/dev.tg4.ie\/ga\/eolas\/\"},{\"@type\":\"ListItem\",\"position\":3,\"name\":\"Preas\",\"item\":\"https:\/\/dev.tg4.ie\/ga\/eolas\/preas\/\"},{\"@type\":\"ListItem\",\"position\":4,\"name\":\"Nuacht R\u00e1itis\",\"item\":\"https:\/\/dev.tg4.ie\/ga\/eolas\/preas\/nuacht-raitis\/\"},{\"@type\":\"ListItem\",\"position\":5,\"name\":\"2023\",\"item\":\"https:\/\/dev.tg4.ie\/ga\/eolas\/preas\/nuacht-raitis\/2023-2\/\"},{\"@type\":\"ListItem\",\"position\":6,\"name\":\"Gradam Eorpach Prix CIRCOM 2023 buaite ag cl\u00e1r c\u00farsa\u00ed reatha TG4\"}]},{\"@type\":\"WebSite\",\"@id\":\"https:\/\/dev.tg4.ie\/en\/#website\",\"url\":\"https:\/\/dev.tg4.ie\/en\/\",\"name\":\"TG4\",\"description\":\"S\u00fail Eile\",\"potentialAction\":[{\"@type\":\"SearchAction\",\"target\":{\"@type\":\"EntryPoint\",\"urlTemplate\":\"https:\/\/dev.tg4.ie\/en\/?s={search_term_string}\"},\"query-input\":\"required name=search_term_string\"}],\"inLanguage\":\"ga\"}]}<\/script>\n<!-- \/ Yoast SEO plugin. -->","yoast_head_json":{"title":"Gradam Eorpach Prix CIRCOM 2023 buaite ag cl\u00e1r c\u00farsa\u00ed reatha TG4 | Preas R\u00e1iteas | TG4","description":"T\u00e1 gradam Eorpach buaite ag an gcl\u00e1r c\u00farsa\u00ed reatha Ini\u00fachadh TG4 \u2013 C\u00e9ad M\u00edle F\u00e1ilte? ag Prix CIRCOM 2023.","robots":{"index":"index","follow":"follow","max-snippet":"max-snippet:-1","max-image-preview":"max-image-preview:large","max-video-preview":"max-video-preview:-1"},"og_locale":"en_US","og_type":"article","og_title":"Gradam Eorpach Prix CIRCOM 2023 buaite ag cl\u00e1r c\u00farsa\u00ed reatha TG4 | Preas R\u00e1iteas | TG4","og_description":"T\u00e1 gradam Eorpach buaite ag an gcl\u00e1r c\u00farsa\u00ed reatha Ini\u00fachadh TG4 \u2013 C\u00e9ad M\u00edle F\u00e1ilte? ag Prix CIRCOM 2023.","og_url":"https:\/\/dev.tg4.ie\/ga\/eolas\/preas\/nuacht-raitis\/2023-2\/gradam-eorpach-prix-circom-2023-buaite-ag-clar-cursai-reatha-tg4\/","og_site_name":"TG4","article_publisher":"https:\/\/www.facebook.com\/TG4TV","og_image":[{"width":1920,"height":1080,"url":"https:\/\/tg4-docs.s3.amazonaws.com\/wp-content\/uploads\/2023\/04\/27122907\/Iniuchadh_Cead_Mile_Failte_1-1920x1080-1.jpg","type":"image\/jpeg"}],"twitter_card":"summary_large_image","twitter_image":"https:\/\/tg4-docs.s3.amazonaws.com\/wp-content\/uploads\/2023\/04\/27122907\/Iniuchadh_Cead_Mile_Failte_1-1920x1080-1.jpg","twitter_site":"@TG4TV","twitter_misc":{"Est. reading time":"2 minutes"},"schema":{"@context":"https:\/\/schema.org","@graph":[{"@type":"WebPage","@id":"https:\/\/dev.tg4.ie\/ga\/eolas\/preas\/nuacht-raitis\/2023-2\/gradam-eorpach-prix-circom-2023-buaite-ag-clar-cursai-reatha-tg4\/","url":"https:\/\/dev.tg4.ie\/ga\/eolas\/preas\/nuacht-raitis\/2023-2\/gradam-eorpach-prix-circom-2023-buaite-ag-clar-cursai-reatha-tg4\/","name":"Gradam Eorpach Prix CIRCOM 2023 buaite ag cl\u00e1r c\u00farsa\u00ed reatha TG4 | Preas R\u00e1iteas | TG4","isPartOf":{"@id":"https:\/\/dev.tg4.ie\/en\/#website"},"primaryImageOfPage":{"@id":"https:\/\/dev.tg4.ie\/ga\/eolas\/preas\/nuacht-raitis\/2023-2\/gradam-eorpach-prix-circom-2023-buaite-ag-clar-cursai-reatha-tg4\/#primaryimage"},"image":{"@id":"https:\/\/dev.tg4.ie\/ga\/eolas\/preas\/nuacht-raitis\/2023-2\/gradam-eorpach-prix-circom-2023-buaite-ag-clar-cursai-reatha-tg4\/#primaryimage"},"thumbnailUrl":"https:\/\/dev.tg4.ie\/wp-content\/uploads\/2023\/04\/Iniuchadh_Cead_Mile_Failte_1-1920x1080-1.jpg","datePublished":"2023-04-27T12:02:31+00:00","dateModified":"2023-04-27T12:02:31+00:00","description":"T\u00e1 gradam Eorpach buaite ag an gcl\u00e1r c\u00farsa\u00ed reatha Ini\u00fachadh TG4 \u2013 C\u00e9ad M\u00edle F\u00e1ilte? ag Prix CIRCOM 2023.","breadcrumb":{"@id":"https:\/\/dev.tg4.ie\/ga\/eolas\/preas\/nuacht-raitis\/2023-2\/gradam-eorpach-prix-circom-2023-buaite-ag-clar-cursai-reatha-tg4\/#breadcrumb"},"inLanguage":"ga","potentialAction":[{"@type":"ReadAction","target":["https:\/\/dev.tg4.ie\/ga\/eolas\/preas\/nuacht-raitis\/2023-2\/gradam-eorpach-prix-circom-2023-buaite-ag-clar-cursai-reatha-tg4\/"]}]},{"@type":"ImageObject","inLanguage":"ga","@id":"https:\/\/dev.tg4.ie\/ga\/eolas\/preas\/nuacht-raitis\/2023-2\/gradam-eorpach-prix-circom-2023-buaite-ag-clar-cursai-reatha-tg4\/#primaryimage","url":"https:\/\/dev.tg4.ie\/wp-content\/uploads\/2023\/04\/Iniuchadh_Cead_Mile_Failte_1-1920x1080-1.jpg","contentUrl":"https:\/\/dev.tg4.ie\/wp-content\/uploads\/2023\/04\/Iniuchadh_Cead_Mile_Failte_1-1920x1080-1.jpg"},{"@type":"BreadcrumbList","@id":"https:\/\/dev.tg4.ie\/ga\/eolas\/preas\/nuacht-raitis\/2023-2\/gradam-eorpach-prix-circom-2023-buaite-ag-clar-cursai-reatha-tg4\/#breadcrumb","itemListElement":[{"@type":"ListItem","position":1,"name":"Home","item":"https:\/\/dev.tg4.ie\/ga\/"},{"@type":"ListItem","position":2,"name":"Eolas","item":"https:\/\/dev.tg4.ie\/ga\/eolas\/"},{"@type":"ListItem","position":3,"name":"Preas","item":"https:\/\/dev.tg4.ie\/ga\/eolas\/preas\/"},{"@type":"ListItem","position":4,"name":"Nuacht R\u00e1itis","item":"https:\/\/dev.tg4.ie\/ga\/eolas\/preas\/nuacht-raitis\/"},{"@type":"ListItem","position":5,"name":"2023","item":"https:\/\/dev.tg4.ie\/ga\/eolas\/preas\/nuacht-raitis\/2023-2\/"},{"@type":"ListItem","position":6,"name":"Gradam Eorpach Prix CIRCOM 2023 buaite ag cl\u00e1r c\u00farsa\u00ed reatha TG4"}]},{"@type":"WebSite","@id":"https:\/\/dev.tg4.ie\/en\/#website","url":"https:\/\/dev.tg4.ie\/en\/","name":"TG4","description":"S\u00fail Eile","potentialAction":[{"@type":"SearchAction","target":{"@type":"EntryPoint","urlTemplate":"https:\/\/dev.tg4.ie\/en\/?s={search_term_string}"},"query-input":"required name=search_term_string"}],"inLanguage":"ga"}]}},"_links":{"self":[{"href":"https:\/\/dev.tg4.ie\/ga\/wp-json\/wp\/v2\/pages\/190424"}],"collection":[{"href":"https:\/\/dev.tg4.ie\/ga\/wp-json\/wp\/v2\/pages"}],"about":[{"href":"https:\/\/dev.tg4.ie\/ga\/wp-json\/wp\/v2\/types\/page"}],"author":[{"embeddable":true,"href":"https:\/\/dev.tg4.ie\/ga\/wp-json\/wp\/v2\/users\/876"}],"replies":[{"embeddable":true,"href":"https:\/\/dev.tg4.ie\/ga\/wp-json\/wp\/v2\/comments?post=190424"}],"version-history":[{"count":0,"href":"https:\/\/dev.tg4.ie\/ga\/wp-json\/wp\/v2\/pages\/190424\/revisions"}],"up":[{"embeddable":true,"href":"https:\/\/dev.tg4.ie\/ga\/wp-json\/wp\/v2\/pages\/180840"}],"wp:attachment":[{"href":"https:\/\/dev.tg4.ie\/ga\/wp-json\/wp\/v2\/media?parent=190424"}],"curies":[{"name":"wp","href":"https:\/\/api.w.org\/{rel}","templated":true}]}}