{"id":190877,"date":"2023-05-24T09:32:28","date_gmt":"2023-05-24T08:32:28","guid":{"rendered":"https:\/\/dev.tg4.ie\/?page_id=190877"},"modified":"2023-05-24T09:32:28","modified_gmt":"2023-05-24T08:32:28","slug":"tathar-ag-athru-spoirt-do-underdogs-tg4","status":"publish","type":"page","link":"https:\/\/dev.tg4.ie\/ga\/eolas\/preas\/nuacht-raitis\/2023-2\/tathar-ag-athru-spoirt-do-underdogs-tg4\/","title":{"rendered":"T\u00e1thar ag athr\u00fa sp\u00f3irt do Underdogs TG4"},"content":{"rendered":"<p><img loading=\"lazy\" decoding=\"async\" width=\"1920\" height=\"1080\" src=\"https:\/\/tg4-docs.s3.amazonaws.com\/wp-content\/uploads\/2023\/05\/04102601\/Underdogs_2023_Sacar_2-1920x1080-1.jpg\" alt=\"\" class=\"alignnone size-full wp-image-190830\" srcset=\"https:\/\/tg4-docs.s3.amazonaws.com\/wp-content\/uploads\/2023\/05\/04102601\/Underdogs_2023_Sacar_2-1920x1080-1.jpg 1920w, https:\/\/tg4-docs.s3.amazonaws.com\/wp-content\/uploads\/2023\/05\/04102601\/Underdogs_2023_Sacar_2-1920x1080-1-250x141.jpg 250w, https:\/\/tg4-docs.s3.amazonaws.com\/wp-content\/uploads\/2023\/05\/04102601\/Underdogs_2023_Sacar_2-1920x1080-1-700x394.jpg 700w, https:\/\/tg4-docs.s3.amazonaws.com\/wp-content\/uploads\/2023\/05\/04102601\/Underdogs_2023_Sacar_2-1920x1080-1-252x141.jpg 252w, https:\/\/tg4-docs.s3.amazonaws.com\/wp-content\/uploads\/2023\/05\/04102601\/Underdogs_2023_Sacar_2-1920x1080-1-1536x864.jpg 1536w, https:\/\/tg4-docs.s3.amazonaws.com\/wp-content\/uploads\/2023\/05\/04102601\/Underdogs_2023_Sacar_2-1920x1080-1-120x68.jpg 120w\" sizes=\"(max-width: 1920px) 100vw, 1920px\" \/><br \/>\n&nbsp;<br \/>\nYouTube: <a href=\"https:\/\/youtu.be\/7W-3TiP1RXc\" rel=\"noopener\" target=\"_blank\">https:\/\/youtu.be\/7W-3TiP1RXc<\/a><br \/>\n&nbsp;<br \/>\nT\u00e1thar ag athr\u00fa sp\u00f3irt do Underdogs TG4 agus an tsraith iomr\u00e1iteach anois ag thabhairt aghaidh ar Shacar na mBan! <\/p>\n<p>Fad is a bheith foireann sacair na h\u00c9ireann ag tabhairt a haghaidh anonn ar an Astral\u00e1ise do Chorn Domhanda FIFA na mBan 2023, beidh deis den scoth ag imreoir\u00ed ag bunleibh\u00e9al na gcumann dul ag imirt leis na foirne m\u00f3ra.<br \/>\n&nbsp;<\/p>\n<p>T\u00e1 Adare Productions agus TG4 sa t\u00f3ir ar scuad de mhn\u00e1 uaillmhianacha at\u00e1 s\u00e1ch cumasach, d\u00edocasach agus d\u00edograiseach le haghaidh ar thabhairt ar cheann de na foirne is fearr i bPr\u00edomhroinn SSE Airtricity na mBan. An bhfuil an cumas sin ionatsa \u00e1it a bhaint amach ar an bhfoireann agus an bua a bheith agaibh? Is f\u00e9idir iarratas a dh\u00e9anamh anois!<br \/>\n&nbsp;<\/p>\n<p>Is \u00e9ard a d\u00fairt <strong>Mark Scanlon, Sti\u00farth\u00f3ir League of Ireland an FAI<\/strong>: <em>\u201cT\u00e1 r\u00edm\u00e9ad orainn tac\u00fa leis an tionscnamh seo a chuirfidh deis agus cos\u00e1n ar f\u00e1il d\u2019imreoir\u00ed an chluiche, imreoir\u00ed at\u00e1 \u00e9irithe as an sacar b\u2019fh\u00e9idir ar ch\u00faiseanna \u00e9ags\u00fala, cib\u00e9 m\u00e1s mar gheall ar ch\u00farsa\u00ed oibre, staid\u00e9ir, teaghlaigh n\u00f3 c\u00faiseanna eile \u00e9. T\u00e1 s\u00fail againn go mbeidh Underdogs ina ch\u00e9ad ch\u00e9im th\u00e1bhachtach do na himreoir\u00ed sin a bhfuil s\u00e9 de mhian acu i gc\u00f3na\u00ed imirt ag an leibh\u00e9al is airde sa sacar in \u00c9irinn ag an am iontach seo a bhfuil f\u00e1s agus forbairt ag teacht ar shacar na mban in \u00c9irinn\u201d<\/em><br \/>\n&nbsp;<br \/>\nD\u00fairt <strong>Ceannasa\u00ed Sp\u00f3irt TG4 R\u00f3n\u00e1n \u00d3 Coistealbha<\/strong>: <em>\u201cT\u00e1 an tSraith Underdogs ina sraith sheanbhunaithe agus rialta i sceideal TG4  le roinnt blianta at\u00e1 t\u00e1imid ar b\u00eds don s\u00e9as\u00far nua seo den tsraith iomr\u00e1iteach. Is bliain ollmh\u00f3r a bheidh inti i mbliana do Shacar na mBan agus t\u00e1imid ag tn\u00fath le bheith ag obair leis an FAI agus le Adare Productions agus an che\u00e1d scuad eile de na Underdogs \u00e1 chruth\u00fa acu.\u201d<\/em><br \/>\n&nbsp;<\/p>\n<p>An \u00e9 seo do dheis? Is pain\u00e9al sainroghn\u00f3ir\u00ed a roghn\u00f3idh na himreoir\u00ed. Seo do dheis traen\u00e1il a fh\u00e1il \u00f3 laochra m\u00f3ra an chluiche agus a bheith faoina sti\u00fair. Is deis \u00e9 d&#8217;imreoir\u00ed nach bhfuil eolas ar bith orthu aghaidh a thabhairt ar chuid de na peilead\u00f3ir\u00ed is fearr sa t\u00edr.<br \/>\n&nbsp;<\/p>\n<p><strong>C\u00e9 at\u00e1 in ann iarratas a dh\u00e9anamh?<\/strong><br \/>\n&nbsp;<\/p>\n<ul>\n<li>Is f\u00e9idir le himreoir\u00ed sacair mn\u00e1 nach raibh ag imirt go gn\u00edomhach i bPr\u00edomhroinn SSE Airtricity na mBan le 3 sh\u00e9as\u00far anuas iarratas a dh\u00e9anamh. <\/li>\n<li>N\u00ed f\u00e9idir le daoine a d\u2019imir ar Leibh\u00e9al Idirn\u00e1isi\u00fanta Sinsearach iarratas a dh\u00e9anamh.<\/li>\n<li>N\u00ed m\u00f3r d&#8217;iarratas\u00f3ir\u00ed a bheith 18 mbliana d&#8217;aois n\u00f3 n\u00edos sine ar an 3 Meitheamh 2023.<\/li>\n<\/ul>\n<p>&nbsp;<br \/>\nT\u00e1 TG4 agus Adare Productions ag cur f\u00e1ilte anois roimh iarratais ar an tsraith nua de Underdogs.<br \/>\n&nbsp;<br \/>\nIs f\u00e9idir le himreoir\u00ed iarratas a dh\u00e9anamh ar l\u00edne ar <a href=\"https:\/\/dev.tg4.ie\/underdogs\" rel=\"noopener\" target=\"_blank\">www.tg4.ie\/underdogs<\/a>.<br \/>\n&nbsp;<br \/>\nBeidh trialacha ar si\u00fal ar fud na t\u00edre i m\u00ed Meithimh 2023.<br \/>\n&nbsp;<br \/>\nM\u00e1 t\u00e1 tuilleadh eolais uait, glaoigh ar Adare Productions ag an uimhir 01-284 3877 \/ n\u00f3 seol r\u00edomhphost <a href=\"mailto:underdogs@adareproductions.ie\" rel=\"noopener\" target=\"_blank\">underdogs@adareproductions.ie<\/a><br \/>\n&nbsp;<br \/>\n&nbsp;<br \/>\n&nbsp;<\/p>\n","protected":false},"excerpt":{"rendered":"<p>&nbsp; YouTube: https:\/\/youtu.be\/7W-3TiP1RXc &nbsp; T\u00e1thar ag athr\u00fa sp\u00f3irt do Underdogs TG4 agus an tsraith iomr\u00e1iteach anois ag thabhairt aghaidh ar Shacar na mBan! Fad is a bheith foireann sacair na h\u00c9ireann ag tabhairt a haghaidh anonn ar an Astral\u00e1ise do Chorn Domhanda FIFA na mBan 2023, beidh deis den scoth ag imreoir\u00ed ag bunleibh\u00e9al na [&hellip;]<\/p>\n","protected":false},"author":1821,"featured_media":0,"parent":180840,"menu_order":12,"comment_status":"closed","ping_status":"closed","template":"page-templates\/template-pr.php","meta":{"_acf_changed":false,"footnotes":""},"acf":[],"yoast_head":"<!-- This site is optimized with the Yoast SEO plugin v22.6 - https:\/\/yoast.com\/wordpress\/plugins\/seo\/ -->\n<title>T\u00e1thar ag athr\u00fa sp\u00f3irt do Underdogs TG4 | Preas R\u00e1iteas | TG4<\/title>\n<meta name=\"description\" content=\"T\u00e1thar ag athr\u00fa sp\u00f3irt do Underdogs TG4 agus an tsraith iomr\u00e1iteach anois ag thabhairt aghaidh ar Shacar na mBan!\" \/>\n<meta name=\"robots\" content=\"index, follow, max-snippet:-1, max-image-preview:large, max-video-preview:-1\" \/>\n<meta property=\"og:locale\" content=\"en_US\" \/>\n<meta property=\"og:type\" content=\"article\" \/>\n<meta property=\"og:title\" content=\"T\u00e1thar ag athr\u00fa sp\u00f3irt do Underdogs TG4 | Preas R\u00e1iteas | TG4\" \/>\n<meta property=\"og:description\" content=\"T\u00e1thar ag athr\u00fa sp\u00f3irt do Underdogs TG4 agus an tsraith iomr\u00e1iteach anois ag thabhairt aghaidh ar Shacar na mBan!\" \/>\n<meta property=\"og:url\" content=\"https:\/\/dev.tg4.ie\/ga\/eolas\/preas\/nuacht-raitis\/2023-2\/tathar-ag-athru-spoirt-do-underdogs-tg4\/\" \/>\n<meta property=\"og:site_name\" content=\"TG4\" \/>\n<meta property=\"article:publisher\" content=\"https:\/\/www.facebook.com\/TG4TV\" \/>\n<meta property=\"og:image\" content=\"https:\/\/tg4-docs.s3.amazonaws.com\/wp-content\/uploads\/2023\/05\/04102601\/Underdogs_2023_Sacar_2-1920x1080-1.jpg\" \/>\n\t<meta property=\"og:image:width\" content=\"1920\" \/>\n\t<meta property=\"og:image:height\" content=\"1080\" \/>\n\t<meta property=\"og:image:type\" content=\"image\/jpeg\" \/>\n<meta name=\"twitter:card\" content=\"summary_large_image\" \/>\n<meta name=\"twitter:image\" content=\"https:\/\/tg4-docs.s3.amazonaws.com\/wp-content\/uploads\/2023\/05\/04102601\/Underdogs_2023_Sacar_2-1920x1080-1.jpg\" \/>\n<meta name=\"twitter:site\" content=\"@TG4TV\" \/>\n<meta name=\"twitter:label1\" content=\"Est. reading time\" \/>\n\t<meta name=\"twitter:data1\" content=\"3 minutes\" \/>\n<script type=\"application\/ld+json\" class=\"yoast-schema-graph\">{\"@context\":\"https:\/\/schema.org\",\"@graph\":[{\"@type\":\"WebPage\",\"@id\":\"https:\/\/dev.tg4.ie\/ga\/eolas\/preas\/nuacht-raitis\/2023-2\/tathar-ag-athru-spoirt-do-underdogs-tg4\/\",\"url\":\"https:\/\/dev.tg4.ie\/ga\/eolas\/preas\/nuacht-raitis\/2023-2\/tathar-ag-athru-spoirt-do-underdogs-tg4\/\",\"name\":\"T\u00e1thar ag athr\u00fa sp\u00f3irt do Underdogs TG4 | Preas R\u00e1iteas | TG4\",\"isPartOf\":{\"@id\":\"https:\/\/dev.tg4.ie\/en\/#website\"},\"primaryImageOfPage\":{\"@id\":\"https:\/\/dev.tg4.ie\/ga\/eolas\/preas\/nuacht-raitis\/2023-2\/tathar-ag-athru-spoirt-do-underdogs-tg4\/#primaryimage\"},\"image\":{\"@id\":\"https:\/\/dev.tg4.ie\/ga\/eolas\/preas\/nuacht-raitis\/2023-2\/tathar-ag-athru-spoirt-do-underdogs-tg4\/#primaryimage\"},\"thumbnailUrl\":\"https:\/\/dev.tg4.ie\/wp-content\/uploads\/2023\/05\/Underdogs_2023_Sacar_2-1920x1080-1.jpg\",\"datePublished\":\"2023-05-24T08:32:28+00:00\",\"dateModified\":\"2023-05-24T08:32:28+00:00\",\"description\":\"T\u00e1thar ag athr\u00fa sp\u00f3irt do Underdogs TG4 agus an tsraith iomr\u00e1iteach anois ag thabhairt aghaidh ar Shacar na mBan!\",\"breadcrumb\":{\"@id\":\"https:\/\/dev.tg4.ie\/ga\/eolas\/preas\/nuacht-raitis\/2023-2\/tathar-ag-athru-spoirt-do-underdogs-tg4\/#breadcrumb\"},\"inLanguage\":\"ga\",\"potentialAction\":[{\"@type\":\"ReadAction\",\"target\":[\"https:\/\/dev.tg4.ie\/ga\/eolas\/preas\/nuacht-raitis\/2023-2\/tathar-ag-athru-spoirt-do-underdogs-tg4\/\"]}]},{\"@type\":\"ImageObject\",\"inLanguage\":\"ga\",\"@id\":\"https:\/\/dev.tg4.ie\/ga\/eolas\/preas\/nuacht-raitis\/2023-2\/tathar-ag-athru-spoirt-do-underdogs-tg4\/#primaryimage\",\"url\":\"https:\/\/dev.tg4.ie\/wp-content\/uploads\/2023\/05\/Underdogs_2023_Sacar_2-1920x1080-1.jpg\",\"contentUrl\":\"https:\/\/dev.tg4.ie\/wp-content\/uploads\/2023\/05\/Underdogs_2023_Sacar_2-1920x1080-1.jpg\"},{\"@type\":\"BreadcrumbList\",\"@id\":\"https:\/\/dev.tg4.ie\/ga\/eolas\/preas\/nuacht-raitis\/2023-2\/tathar-ag-athru-spoirt-do-underdogs-tg4\/#breadcrumb\",\"itemListElement\":[{\"@type\":\"ListItem\",\"position\":1,\"name\":\"Home\",\"item\":\"https:\/\/dev.tg4.ie\/ga\/\"},{\"@type\":\"ListItem\",\"position\":2,\"name\":\"Eolas\",\"item\":\"https:\/\/dev.tg4.ie\/ga\/eolas\/\"},{\"@type\":\"ListItem\",\"position\":3,\"name\":\"Preas\",\"item\":\"https:\/\/dev.tg4.ie\/ga\/eolas\/preas\/\"},{\"@type\":\"ListItem\",\"position\":4,\"name\":\"Nuacht R\u00e1itis\",\"item\":\"https:\/\/dev.tg4.ie\/ga\/eolas\/preas\/nuacht-raitis\/\"},{\"@type\":\"ListItem\",\"position\":5,\"name\":\"2023\",\"item\":\"https:\/\/dev.tg4.ie\/ga\/eolas\/preas\/nuacht-raitis\/2023-2\/\"},{\"@type\":\"ListItem\",\"position\":6,\"name\":\"T\u00e1thar ag athr\u00fa sp\u00f3irt do Underdogs TG4\"}]},{\"@type\":\"WebSite\",\"@id\":\"https:\/\/dev.tg4.ie\/en\/#website\",\"url\":\"https:\/\/dev.tg4.ie\/en\/\",\"name\":\"TG4\",\"description\":\"S\u00fail Eile\",\"potentialAction\":[{\"@type\":\"SearchAction\",\"target\":{\"@type\":\"EntryPoint\",\"urlTemplate\":\"https:\/\/dev.tg4.ie\/en\/?s={search_term_string}\"},\"query-input\":\"required name=search_term_string\"}],\"inLanguage\":\"ga\"}]}<\/script>\n<!-- \/ Yoast SEO plugin. -->","yoast_head_json":{"title":"T\u00e1thar ag athr\u00fa sp\u00f3irt do Underdogs TG4 | Preas R\u00e1iteas | TG4","description":"T\u00e1thar ag athr\u00fa sp\u00f3irt do Underdogs TG4 agus an tsraith iomr\u00e1iteach anois ag thabhairt aghaidh ar Shacar na mBan!","robots":{"index":"index","follow":"follow","max-snippet":"max-snippet:-1","max-image-preview":"max-image-preview:large","max-video-preview":"max-video-preview:-1"},"og_locale":"en_US","og_type":"article","og_title":"T\u00e1thar ag athr\u00fa sp\u00f3irt do Underdogs TG4 | Preas R\u00e1iteas | TG4","og_description":"T\u00e1thar ag athr\u00fa sp\u00f3irt do Underdogs TG4 agus an tsraith iomr\u00e1iteach anois ag thabhairt aghaidh ar Shacar na mBan!","og_url":"https:\/\/dev.tg4.ie\/ga\/eolas\/preas\/nuacht-raitis\/2023-2\/tathar-ag-athru-spoirt-do-underdogs-tg4\/","og_site_name":"TG4","article_publisher":"https:\/\/www.facebook.com\/TG4TV","og_image":[{"width":1920,"height":1080,"url":"https:\/\/tg4-docs.s3.amazonaws.com\/wp-content\/uploads\/2023\/05\/04102601\/Underdogs_2023_Sacar_2-1920x1080-1.jpg","type":"image\/jpeg"}],"twitter_card":"summary_large_image","twitter_image":"https:\/\/tg4-docs.s3.amazonaws.com\/wp-content\/uploads\/2023\/05\/04102601\/Underdogs_2023_Sacar_2-1920x1080-1.jpg","twitter_site":"@TG4TV","twitter_misc":{"Est. reading time":"3 minutes"},"schema":{"@context":"https:\/\/schema.org","@graph":[{"@type":"WebPage","@id":"https:\/\/dev.tg4.ie\/ga\/eolas\/preas\/nuacht-raitis\/2023-2\/tathar-ag-athru-spoirt-do-underdogs-tg4\/","url":"https:\/\/dev.tg4.ie\/ga\/eolas\/preas\/nuacht-raitis\/2023-2\/tathar-ag-athru-spoirt-do-underdogs-tg4\/","name":"T\u00e1thar ag athr\u00fa sp\u00f3irt do Underdogs TG4 | Preas R\u00e1iteas | TG4","isPartOf":{"@id":"https:\/\/dev.tg4.ie\/en\/#website"},"primaryImageOfPage":{"@id":"https:\/\/dev.tg4.ie\/ga\/eolas\/preas\/nuacht-raitis\/2023-2\/tathar-ag-athru-spoirt-do-underdogs-tg4\/#primaryimage"},"image":{"@id":"https:\/\/dev.tg4.ie\/ga\/eolas\/preas\/nuacht-raitis\/2023-2\/tathar-ag-athru-spoirt-do-underdogs-tg4\/#primaryimage"},"thumbnailUrl":"https:\/\/dev.tg4.ie\/wp-content\/uploads\/2023\/05\/Underdogs_2023_Sacar_2-1920x1080-1.jpg","datePublished":"2023-05-24T08:32:28+00:00","dateModified":"2023-05-24T08:32:28+00:00","description":"T\u00e1thar ag athr\u00fa sp\u00f3irt do Underdogs TG4 agus an tsraith iomr\u00e1iteach anois ag thabhairt aghaidh ar Shacar na mBan!","breadcrumb":{"@id":"https:\/\/dev.tg4.ie\/ga\/eolas\/preas\/nuacht-raitis\/2023-2\/tathar-ag-athru-spoirt-do-underdogs-tg4\/#breadcrumb"},"inLanguage":"ga","potentialAction":[{"@type":"ReadAction","target":["https:\/\/dev.tg4.ie\/ga\/eolas\/preas\/nuacht-raitis\/2023-2\/tathar-ag-athru-spoirt-do-underdogs-tg4\/"]}]},{"@type":"ImageObject","inLanguage":"ga","@id":"https:\/\/dev.tg4.ie\/ga\/eolas\/preas\/nuacht-raitis\/2023-2\/tathar-ag-athru-spoirt-do-underdogs-tg4\/#primaryimage","url":"https:\/\/dev.tg4.ie\/wp-content\/uploads\/2023\/05\/Underdogs_2023_Sacar_2-1920x1080-1.jpg","contentUrl":"https:\/\/dev.tg4.ie\/wp-content\/uploads\/2023\/05\/Underdogs_2023_Sacar_2-1920x1080-1.jpg"},{"@type":"BreadcrumbList","@id":"https:\/\/dev.tg4.ie\/ga\/eolas\/preas\/nuacht-raitis\/2023-2\/tathar-ag-athru-spoirt-do-underdogs-tg4\/#breadcrumb","itemListElement":[{"@type":"ListItem","position":1,"name":"Home","item":"https:\/\/dev.tg4.ie\/ga\/"},{"@type":"ListItem","position":2,"name":"Eolas","item":"https:\/\/dev.tg4.ie\/ga\/eolas\/"},{"@type":"ListItem","position":3,"name":"Preas","item":"https:\/\/dev.tg4.ie\/ga\/eolas\/preas\/"},{"@type":"ListItem","position":4,"name":"Nuacht R\u00e1itis","item":"https:\/\/dev.tg4.ie\/ga\/eolas\/preas\/nuacht-raitis\/"},{"@type":"ListItem","position":5,"name":"2023","item":"https:\/\/dev.tg4.ie\/ga\/eolas\/preas\/nuacht-raitis\/2023-2\/"},{"@type":"ListItem","position":6,"name":"T\u00e1thar ag athr\u00fa sp\u00f3irt do Underdogs TG4"}]},{"@type":"WebSite","@id":"https:\/\/dev.tg4.ie\/en\/#website","url":"https:\/\/dev.tg4.ie\/en\/","name":"TG4","description":"S\u00fail Eile","potentialAction":[{"@type":"SearchAction","target":{"@type":"EntryPoint","urlTemplate":"https:\/\/dev.tg4.ie\/en\/?s={search_term_string}"},"query-input":"required name=search_term_string"}],"inLanguage":"ga"}]}},"_links":{"self":[{"href":"https:\/\/dev.tg4.ie\/ga\/wp-json\/wp\/v2\/pages\/190877"}],"collection":[{"href":"https:\/\/dev.tg4.ie\/ga\/wp-json\/wp\/v2\/pages"}],"about":[{"href":"https:\/\/dev.tg4.ie\/ga\/wp-json\/wp\/v2\/types\/page"}],"author":[{"embeddable":true,"href":"https:\/\/dev.tg4.ie\/ga\/wp-json\/wp\/v2\/users\/1821"}],"replies":[{"embeddable":true,"href":"https:\/\/dev.tg4.ie\/ga\/wp-json\/wp\/v2\/comments?post=190877"}],"version-history":[{"count":0,"href":"https:\/\/dev.tg4.ie\/ga\/wp-json\/wp\/v2\/pages\/190877\/revisions"}],"up":[{"embeddable":true,"href":"https:\/\/dev.tg4.ie\/ga\/wp-json\/wp\/v2\/pages\/180840"}],"wp:attachment":[{"href":"https:\/\/dev.tg4.ie\/ga\/wp-json\/wp\/v2\/media?parent=190877"}],"curies":[{"name":"wp","href":"https:\/\/api.w.org\/{rel}","templated":true}]}}