{"id":19335,"date":"2016-05-16T12:07:36","date_gmt":"2016-05-16T11:07:36","guid":{"rendered":"https:\/\/dev.tg4.ie\/?page_id=19335"},"modified":"2019-06-24T16:34:10","modified_gmt":"2019-06-24T15:34:10","slug":"16-05-16","status":"publish","type":"page","link":"https:\/\/dev.tg4.ie\/ga\/eolas\/preas\/nuacht-raitis\/2016-2\/16-05-16\/","title":{"rendered":"16.05.16"},"content":{"rendered":"<h2>Aitheantas Speisialta agus Duaiseanna go leor ag TG4 \u00f3 Oireachtas na Gaeilge<\/h2>\n<p>Chruthaigh saothar agus pearsana TG4 go hiontach ag Gradaim Chumars\u00e1ide an Oireachtais 2016 a bhronn Uachtar\u00e1n na h\u00c9ireann, <strong>Miche\u00e1l D \u00d3 hUig\u00ednn<\/strong> ag \u00f3c\u00e1id spleodrach in \u00d3st\u00e1n Bh\u00f3thar na Tr\u00e1 i nGaillimh.<\/p>\n<p>Is iad na duaiseanna seo pr\u00edomh-ghradaim na me\u00e1n Gaeilge agus t\u00e1 a gc\u00e1il bunaithe agus ag neart\u00fa \u00f3 bhliain go bliain.<\/p>\n<p>Bhronn an tUachtar\u00e1n Buaic-Ghradam an Oireachtais 2016 ar TG4 f\u00e9in mar aitheantas ar a bhfuil bainte amach aige sna fiche bliain \u00f3 th\u00e1inig s\u00e9 ar an aer.\u00a0\u00a0\u00a0 Thug an tUachtar\u00e1n,\u00a0\u00a0 fear a raibh dl\u00fath-bhaint aige f\u00e9in le bun\u00fa an st\u00e1isi\u00fain agus \u00e9 ina Aire Eala\u00edon, Oidhreachta agus Gaeltachta, ard-mholadh do shaothar agus do chruthaitheacht an aschuir le fiche bliain, don tseirbh\u00eds phoibli a dh\u00e9anann s\u00e9 don lucht f\u00e9achana ar fud an domhain agus don tionchar dearfach at\u00e1 imeartha aige ar dhearcadh an phobail i leith na Gaeilge.<\/p>\n<p>Is \u00e9 an tArdsti\u00farth\u00f3ir, <strong>P\u00f3l \u00d3 Gallch\u00f3ir<\/strong>, a ghlac an Gradam thar ceann TG4.<\/p>\n<p>Anuas ar an mbuaic sin, bhronn an tUachtar\u00e1n Gradaim Chumars\u00e1ide ar ch\u00faig saothar agus pearsa eile le TG4. Seo th\u00edos na saothair a fuair Gradaim le TG4 i mbliana, ina measc dh\u00e1 Ghradam do shaothar an chomhlachta Magamedia:<\/p>\n<p><strong>EIPIC &#8211;\u00a0Sraith Teilif\u00edse na Bliana\u00a0<\/strong>(l\u00e9irithe ag Magamedia)<\/p>\n<p>Sraithdhr\u00e1ma grinn, a ins\u00edonn sc\u00e9al ch\u00faigear d\u00e9ag\u00f3ir\u00ed a ghlacann seilbh ar an oifig poist \u00e1iti\u00fail i 2016 chun r\u00e9abhl\u00f3id cheoil a thos\u00fa. Sc\u00e9al d\u00e1na, daonna faoi \u00e9al\u00fa, faoi fh\u00e9ini\u00falacht agus faoi dh\u00e9ag\u00f3ir\u00ed faoin tuath in \u00c9irinn an lae inniu \u00e9 seo a thuill ardmholadh nuair a craoladh \u00e9 in Earrach 2016, ag t\u00fas an chom\u00f3radh c\u00e9id ar 1916.<\/p>\n<p><strong>Deoch an Dorais &#8211;\u00a0Scann\u00e1n\/Cl\u00e1r Teilif\u00edse na Bliana\u00a0<\/strong>(l\u00e9irithe ag Magamedia)<\/p>\n<p>Cl\u00e1r faisn\u00e9ise faoi Chonallach n\u00e1rbh fh\u00e9idir a mhar\u00fa &#8211; ainneoin 20 iarracht \u00e9ags\u00fala. Seo \u00e9 sc\u00e9al Mike Malloy, imirceach go Nua Eabhrac c\u00e9ad bliain\u00a0 \u00f3 shin a ndeachaigh an saol ina aghaidh agus a bh\u00ed ag \u00f3l go trom i dtithe t\u00e1bhairne sa Bronx i Nua-Eabhrac go dt\u00ed gur bheartaigh roinn d\u00e1 chuid \u201ccairde\u201d \u00e9 a mhar\u00fa ar mhaithe le hairgead \u00e1rachais saoil a thuilleadh.<\/p>\n<p><strong>S\u00edle Nic Chonaonaigh &#8211;\u00a0Craolt\u00f3ir Teilif\u00edse na Bliana<\/strong><\/p>\n<p>Is \u00ed S\u00edle an l\u00e1ithreoird ar <strong><em>D\u00faiche, <\/em><\/strong>irischl\u00e1r spreag\u00fail eolasach \u00a0TG4 ina mb\u00edonn s\u00ed ag taisteal na t\u00edre ar th\u00f3ir sc\u00e9alta agus imeachta\u00ed a thugann l\u00e9argas ar an saol sa bpobal ina bhfuil siad ag tarl\u00fa.\u00a0 Tr\u00e1chtann\u00a0 s\u00ed ar cheisteanna casta timpeallachta n\u00f3 s\u00f3isialta le d\u00f3chas agus le samhla\u00edocht.<\/p>\n<p><strong>Sn\u00e1mh in aghaidh Easa &#8211;\u00a0Gearrscann\u00e1n na Bliana\u00a0<\/strong>(L\u00e9irithe ag Meangadh F\u00edb\u00edn)<\/p>\n<p>Sc\u00e9al faoi thimpiste farraige a ghin ceannl\u00ednte ar fud an domhain agus nuacht-phicti\u00fair thar a bheith scanr\u00fail ach inar th\u00e1inig gach duine sl\u00e1n. Rianann an cl\u00e1r an turas cinni\u00fanach iascaireachta a rinne ceithre thr\u00e1laer as Inis M\u00f3r \u00c1rann in Earrach 2015 agus iad ar thuras iascaireachta ronnach. Is ar Inis Shealtain a bh\u00ed triall na mb\u00e1d \u00c9ireannach don turas seo ach ar an 20 Ean\u00e1ir, i bhfaiteadh na s\u00fal a tharla an tubaiste a chuir ceann de na soithigh, <em>An I\u00fada Naofa<\/em> go grinneall na farraige amach \u00f3 ch\u00f3sta Le\u00f3dhais in Inse Gall na hAlban.<\/p>\n<p><strong><a href=\"https:\/\/dev.tg4.ie\">www.tg4.ie<\/a>\u00a0&#8211;\u00a0Su\u00edomh Gr\u00e9as\u00e1in na Bliana<\/strong><\/p>\n<p>T\u00e1 \u00e9ileamh ar fud an domhain agus meas ar an Su\u00edomh seo, ar a bhfuil Seinnteoir TG4, cartlann sean-n\u00f3is\u00a0\u00a0 agus eolas cuimsitheach taca\u00edochta faoin tseirbh\u00eds f\u00e9in agus faoin \u00e1bhar a chuireann s\u00ed ar f\u00e1il.\u00a0 Rinneadh athch\u00f3iri\u00fa agus uasghr\u00e1d\u00fa suntasach ar an Su\u00edomh le gairid le feabhas breise a chur uirthi.\u00a0 Is \u00e9 an Su\u00edomh Gr\u00e9as\u00e1in Gaeilge is m\u00f3 \u00e9ileamh ar domhan \u00e9.<\/p>\n<p><strong>Tara Breathnach &#8211;\u00a0Aisteoir na Bliana<\/strong><\/p>\n<p>T\u00e1 aithne fhorleathan ar Tara ag lucht f\u00e9achana as a r\u00f3l sa sobaldhr\u00e1ma <em>Ros na R\u00fan<\/em>\u00a0 agus bh\u00ed a r\u00f3l mar mh\u00e1thair sa ngearrscann\u00e1n\u00a0 <em>Maidhm <\/em>luaite go sonrach leis an nGradam seo.<\/p>\n<p><strong>Stiof\u00e1n \u00d3 Fearail &#8211; R\u00e9alta \u00d3g na Bliana<\/strong><\/p>\n<p>C\u00e9 gur mar phr\u00edomh-amhr\u00e1na\u00ed leis an ngr\u00fapa <em>Seo Linn <\/em>c\u00e1il ar dt\u00fas, thuill St\u00edof\u00e1n a ch\u00e9ad-ch\u00e1il, is fear \u00f3g ild\u00e1nach \u00e9 agus t\u00e1 sin cruthaithe ar\u00eds aige le c\u00fapla m\u00ed anuas agus \u00e9 ag comh-l\u00e1ithri\u00fa shraith \u00farnua siamsa\u00edochta TG4 <em>Cleas Act<\/em> in \u00e9ineacht le Eibhl\u00edn N\u00ed Chonghaile, sraith ina gcuirtear na p\u00e1ist\u00ed is barr\u00fala, is caint\u00ed agus is cumasa\u00ed sa t\u00edr i l\u00e1thair agus iad i mbun siamsa agus ceoil<\/p>\n<p>Thr\u00e9aslaigh an tArdsti\u00farth\u00f3ir a nGradaim leo ar fad agus leis na buaiteoir\u00ed \u00f3 na me\u00e1in\u00a0 Ghaeilge eile a fuair aitheantas \u00f3 Oireachtas na Gaeilge ag Duaisbhronnadh na nGradam seo.\u00a0 Maidir le Buaic-Ghradam TG4, seo a bh\u00ed le r\u00e1 aige:\u00a0 \u201c<em>T\u00e1 \u00e1thas an domhain orainn Buaic-Ghradam an Oireachtais a bheith bronnta orainn i mbliain stairi\u00fail seo 2016.\u00a0\u00a0 Agus muid ag cur bailchr\u00edoch ar na hullmh\u00fach\u00e1in do cheili\u00faradh 20 Bliain \u00e1r mbunaithe i dtr\u00e1th na Samhna, bh\u00e9arfaidh an t-aitheantas speisialta seo \u00f3 Oireachtas na Gaeilge spreagadh agus ugach breise d\u00fainn.\u201d<\/em><\/p>\n<p>Is f\u00e9idir \u00d3r\u00e1id an Uachtar\u00e1in agus an Searmanas Bronnta Gradam a lean \u00e9 a fheice\u00e1il anseo:<\/p>\n<p><a href=\"http:\/\/nasc.tg4.tv\/1TVdg49\">http:\/\/nasc.tg4.tv\/1TVdg49<\/a><\/p>\n","protected":false},"excerpt":{"rendered":"<p>Aitheantas Speisialta agus Duaiseanna go leor ag TG4 \u00f3 Oireachtas na Gaeilge Chruthaigh saothar agus pearsana TG4 go hiontach ag Gradaim Chumars\u00e1ide an Oireachtais 2016 a bhronn Uachtar\u00e1n na h\u00c9ireann, Miche\u00e1l D \u00d3 hUig\u00ednn ag \u00f3c\u00e1id spleodrach in \u00d3st\u00e1n Bh\u00f3thar na Tr\u00e1 i nGaillimh. Is iad na duaiseanna seo pr\u00edomh-ghradaim na me\u00e1n Gaeilge agus t\u00e1 [&hellip;]<\/p>\n","protected":false},"author":876,"featured_media":19276,"parent":6580,"menu_order":18,"comment_status":"closed","ping_status":"closed","template":"page-templates\/template-pr.php","meta":{"_acf_changed":false,"footnotes":""},"acf":[],"yoast_head":"<!-- This site is optimized with the Yoast SEO plugin v22.6 - https:\/\/yoast.com\/wordpress\/plugins\/seo\/ -->\n<title>16.05.16 - TG4<\/title>\n<meta name=\"robots\" content=\"index, follow, max-snippet:-1, max-image-preview:large, max-video-preview:-1\" \/>\n<meta property=\"og:locale\" content=\"en_US\" \/>\n<meta property=\"og:type\" content=\"article\" \/>\n<meta property=\"og:title\" content=\"16.05.16 - TG4\" \/>\n<meta property=\"og:description\" content=\"Aitheantas Speisialta agus Duaiseanna go leor ag TG4 \u00f3 Oireachtas na Gaeilge Chruthaigh saothar agus pearsana TG4 go hiontach ag Gradaim Chumars\u00e1ide an Oireachtais 2016 a bhronn Uachtar\u00e1n na h\u00c9ireann, Miche\u00e1l D \u00d3 hUig\u00ednn ag \u00f3c\u00e1id spleodrach in \u00d3st\u00e1n Bh\u00f3thar na Tr\u00e1 i nGaillimh. Is iad na duaiseanna seo pr\u00edomh-ghradaim na me\u00e1n Gaeilge agus t\u00e1 [&hellip;]\" \/>\n<meta property=\"og:url\" content=\"https:\/\/dev.tg4.ie\/ga\/eolas\/preas\/nuacht-raitis\/2016-2\/16-05-16\/\" \/>\n<meta property=\"og:site_name\" content=\"TG4\" \/>\n<meta property=\"article:publisher\" content=\"https:\/\/www.facebook.com\/TG4TV\" \/>\n<meta property=\"article:modified_time\" content=\"2019-06-24T15:34:10+00:00\" \/>\n<meta property=\"og:image\" content=\"https:\/\/tg4-docs.s3.amazonaws.com\/tg4-redesign-2015\/wp-content\/uploads\/2016\/03\/GradChum2016.jpg\" \/>\n\t<meta property=\"og:image:width\" content=\"1920\" \/>\n\t<meta property=\"og:image:height\" content=\"1080\" \/>\n\t<meta property=\"og:image:type\" content=\"image\/jpeg\" \/>\n<meta name=\"twitter:card\" content=\"summary_large_image\" \/>\n<meta name=\"twitter:site\" content=\"@TG4TV\" \/>\n<meta name=\"twitter:label1\" content=\"Est. reading time\" \/>\n\t<meta name=\"twitter:data1\" content=\"5 minutes\" \/>\n<script type=\"application\/ld+json\" class=\"yoast-schema-graph\">{\"@context\":\"https:\/\/schema.org\",\"@graph\":[{\"@type\":\"WebPage\",\"@id\":\"https:\/\/dev.tg4.ie\/ga\/eolas\/preas\/nuacht-raitis\/2016-2\/16-05-16\/\",\"url\":\"https:\/\/dev.tg4.ie\/ga\/eolas\/preas\/nuacht-raitis\/2016-2\/16-05-16\/\",\"name\":\"16.05.16 - TG4\",\"isPartOf\":{\"@id\":\"https:\/\/dev.tg4.ie\/en\/#website\"},\"primaryImageOfPage\":{\"@id\":\"https:\/\/dev.tg4.ie\/ga\/eolas\/preas\/nuacht-raitis\/2016-2\/16-05-16\/#primaryimage\"},\"image\":{\"@id\":\"https:\/\/dev.tg4.ie\/ga\/eolas\/preas\/nuacht-raitis\/2016-2\/16-05-16\/#primaryimage\"},\"thumbnailUrl\":\"https:\/\/tg4-docs.s3.amazonaws.com\/tg4-redesign-2015\/wp-content\/uploads\/2016\/03\/GradChum2016.jpg\",\"datePublished\":\"2016-05-16T11:07:36+00:00\",\"dateModified\":\"2019-06-24T15:34:10+00:00\",\"breadcrumb\":{\"@id\":\"https:\/\/dev.tg4.ie\/ga\/eolas\/preas\/nuacht-raitis\/2016-2\/16-05-16\/#breadcrumb\"},\"inLanguage\":\"ga\",\"potentialAction\":[{\"@type\":\"ReadAction\",\"target\":[\"https:\/\/dev.tg4.ie\/ga\/eolas\/preas\/nuacht-raitis\/2016-2\/16-05-16\/\"]}]},{\"@type\":\"ImageObject\",\"inLanguage\":\"ga\",\"@id\":\"https:\/\/dev.tg4.ie\/ga\/eolas\/preas\/nuacht-raitis\/2016-2\/16-05-16\/#primaryimage\",\"url\":\"https:\/\/tg4-docs.s3.amazonaws.com\/tg4-redesign-2015\/wp-content\/uploads\/2016\/03\/GradChum2016.jpg\",\"contentUrl\":\"https:\/\/tg4-docs.s3.amazonaws.com\/tg4-redesign-2015\/wp-content\/uploads\/2016\/03\/GradChum2016.jpg\",\"width\":1920,\"height\":1080,\"caption\":\"Gradaim Chumars\u00e1ide an Oireachtas 2016\"},{\"@type\":\"BreadcrumbList\",\"@id\":\"https:\/\/dev.tg4.ie\/ga\/eolas\/preas\/nuacht-raitis\/2016-2\/16-05-16\/#breadcrumb\",\"itemListElement\":[{\"@type\":\"ListItem\",\"position\":1,\"name\":\"Home\",\"item\":\"https:\/\/dev.tg4.ie\/ga\/\"},{\"@type\":\"ListItem\",\"position\":2,\"name\":\"Eolas\",\"item\":\"https:\/\/dev.tg4.ie\/ga\/eolas\/\"},{\"@type\":\"ListItem\",\"position\":3,\"name\":\"Preas\",\"item\":\"https:\/\/dev.tg4.ie\/ga\/eolas\/preas\/\"},{\"@type\":\"ListItem\",\"position\":4,\"name\":\"Nuacht R\u00e1itis\",\"item\":\"https:\/\/dev.tg4.ie\/ga\/eolas\/preas\/nuacht-raitis\/\"},{\"@type\":\"ListItem\",\"position\":5,\"name\":\"2016\",\"item\":\"https:\/\/dev.tg4.ie\/ga\/eolas\/preas\/nuacht-raitis\/2016-2\/\"},{\"@type\":\"ListItem\",\"position\":6,\"name\":\"16.05.16\"}]},{\"@type\":\"WebSite\",\"@id\":\"https:\/\/dev.tg4.ie\/en\/#website\",\"url\":\"https:\/\/dev.tg4.ie\/en\/\",\"name\":\"TG4\",\"description\":\"S\u00fail Eile\",\"potentialAction\":[{\"@type\":\"SearchAction\",\"target\":{\"@type\":\"EntryPoint\",\"urlTemplate\":\"https:\/\/dev.tg4.ie\/en\/?s={search_term_string}\"},\"query-input\":\"required name=search_term_string\"}],\"inLanguage\":\"ga\"}]}<\/script>\n<!-- \/ Yoast SEO plugin. -->","yoast_head_json":{"title":"16.05.16 - TG4","robots":{"index":"index","follow":"follow","max-snippet":"max-snippet:-1","max-image-preview":"max-image-preview:large","max-video-preview":"max-video-preview:-1"},"og_locale":"en_US","og_type":"article","og_title":"16.05.16 - TG4","og_description":"Aitheantas Speisialta agus Duaiseanna go leor ag TG4 \u00f3 Oireachtas na Gaeilge Chruthaigh saothar agus pearsana TG4 go hiontach ag Gradaim Chumars\u00e1ide an Oireachtais 2016 a bhronn Uachtar\u00e1n na h\u00c9ireann, Miche\u00e1l D \u00d3 hUig\u00ednn ag \u00f3c\u00e1id spleodrach in \u00d3st\u00e1n Bh\u00f3thar na Tr\u00e1 i nGaillimh. Is iad na duaiseanna seo pr\u00edomh-ghradaim na me\u00e1n Gaeilge agus t\u00e1 [&hellip;]","og_url":"https:\/\/dev.tg4.ie\/ga\/eolas\/preas\/nuacht-raitis\/2016-2\/16-05-16\/","og_site_name":"TG4","article_publisher":"https:\/\/www.facebook.com\/TG4TV","article_modified_time":"2019-06-24T15:34:10+00:00","og_image":[{"width":1920,"height":1080,"url":"https:\/\/tg4-docs.s3.amazonaws.com\/tg4-redesign-2015\/wp-content\/uploads\/2016\/03\/GradChum2016.jpg","type":"image\/jpeg"}],"twitter_card":"summary_large_image","twitter_site":"@TG4TV","twitter_misc":{"Est. reading time":"5 minutes"},"schema":{"@context":"https:\/\/schema.org","@graph":[{"@type":"WebPage","@id":"https:\/\/dev.tg4.ie\/ga\/eolas\/preas\/nuacht-raitis\/2016-2\/16-05-16\/","url":"https:\/\/dev.tg4.ie\/ga\/eolas\/preas\/nuacht-raitis\/2016-2\/16-05-16\/","name":"16.05.16 - TG4","isPartOf":{"@id":"https:\/\/dev.tg4.ie\/en\/#website"},"primaryImageOfPage":{"@id":"https:\/\/dev.tg4.ie\/ga\/eolas\/preas\/nuacht-raitis\/2016-2\/16-05-16\/#primaryimage"},"image":{"@id":"https:\/\/dev.tg4.ie\/ga\/eolas\/preas\/nuacht-raitis\/2016-2\/16-05-16\/#primaryimage"},"thumbnailUrl":"https:\/\/tg4-docs.s3.amazonaws.com\/tg4-redesign-2015\/wp-content\/uploads\/2016\/03\/GradChum2016.jpg","datePublished":"2016-05-16T11:07:36+00:00","dateModified":"2019-06-24T15:34:10+00:00","breadcrumb":{"@id":"https:\/\/dev.tg4.ie\/ga\/eolas\/preas\/nuacht-raitis\/2016-2\/16-05-16\/#breadcrumb"},"inLanguage":"ga","potentialAction":[{"@type":"ReadAction","target":["https:\/\/dev.tg4.ie\/ga\/eolas\/preas\/nuacht-raitis\/2016-2\/16-05-16\/"]}]},{"@type":"ImageObject","inLanguage":"ga","@id":"https:\/\/dev.tg4.ie\/ga\/eolas\/preas\/nuacht-raitis\/2016-2\/16-05-16\/#primaryimage","url":"https:\/\/tg4-docs.s3.amazonaws.com\/tg4-redesign-2015\/wp-content\/uploads\/2016\/03\/GradChum2016.jpg","contentUrl":"https:\/\/tg4-docs.s3.amazonaws.com\/tg4-redesign-2015\/wp-content\/uploads\/2016\/03\/GradChum2016.jpg","width":1920,"height":1080,"caption":"Gradaim Chumars\u00e1ide an Oireachtas 2016"},{"@type":"BreadcrumbList","@id":"https:\/\/dev.tg4.ie\/ga\/eolas\/preas\/nuacht-raitis\/2016-2\/16-05-16\/#breadcrumb","itemListElement":[{"@type":"ListItem","position":1,"name":"Home","item":"https:\/\/dev.tg4.ie\/ga\/"},{"@type":"ListItem","position":2,"name":"Eolas","item":"https:\/\/dev.tg4.ie\/ga\/eolas\/"},{"@type":"ListItem","position":3,"name":"Preas","item":"https:\/\/dev.tg4.ie\/ga\/eolas\/preas\/"},{"@type":"ListItem","position":4,"name":"Nuacht R\u00e1itis","item":"https:\/\/dev.tg4.ie\/ga\/eolas\/preas\/nuacht-raitis\/"},{"@type":"ListItem","position":5,"name":"2016","item":"https:\/\/dev.tg4.ie\/ga\/eolas\/preas\/nuacht-raitis\/2016-2\/"},{"@type":"ListItem","position":6,"name":"16.05.16"}]},{"@type":"WebSite","@id":"https:\/\/dev.tg4.ie\/en\/#website","url":"https:\/\/dev.tg4.ie\/en\/","name":"TG4","description":"S\u00fail Eile","potentialAction":[{"@type":"SearchAction","target":{"@type":"EntryPoint","urlTemplate":"https:\/\/dev.tg4.ie\/en\/?s={search_term_string}"},"query-input":"required name=search_term_string"}],"inLanguage":"ga"}]}},"_links":{"self":[{"href":"https:\/\/dev.tg4.ie\/ga\/wp-json\/wp\/v2\/pages\/19335"}],"collection":[{"href":"https:\/\/dev.tg4.ie\/ga\/wp-json\/wp\/v2\/pages"}],"about":[{"href":"https:\/\/dev.tg4.ie\/ga\/wp-json\/wp\/v2\/types\/page"}],"author":[{"embeddable":true,"href":"https:\/\/dev.tg4.ie\/ga\/wp-json\/wp\/v2\/users\/876"}],"replies":[{"embeddable":true,"href":"https:\/\/dev.tg4.ie\/ga\/wp-json\/wp\/v2\/comments?post=19335"}],"version-history":[{"count":0,"href":"https:\/\/dev.tg4.ie\/ga\/wp-json\/wp\/v2\/pages\/19335\/revisions"}],"up":[{"embeddable":true,"href":"https:\/\/dev.tg4.ie\/ga\/wp-json\/wp\/v2\/pages\/6580"}],"wp:featuredmedia":[{"embeddable":true,"href":"https:\/\/dev.tg4.ie\/ga\/wp-json\/wp\/v2\/media\/19276"}],"wp:attachment":[{"href":"https:\/\/dev.tg4.ie\/ga\/wp-json\/wp\/v2\/media?parent=19335"}],"curies":[{"name":"wp","href":"https:\/\/api.w.org\/{rel}","templated":true}]}}