{"id":195269,"date":"2023-05-24T10:29:10","date_gmt":"2023-05-24T09:29:10","guid":{"rendered":"https:\/\/dev.tg4.ie\/?page_id=195269"},"modified":"2023-05-24T11:05:06","modified_gmt":"2023-05-24T10:05:06","slug":"laithreoiri-aimsire-a-lorg-ag-tg4","status":"publish","type":"page","link":"https:\/\/dev.tg4.ie\/ga\/eolas\/preas\/nuacht-raitis\/2023-2\/laithreoiri-aimsire-a-lorg-ag-tg4\/","title":{"rendered":"L\u00e1ithreoir\u00ed Aimsire \u00e1 lorg ag TG4"},"content":{"rendered":"<p><img loading=\"lazy\" decoding=\"async\" width=\"1920\" height=\"1080\" src=\"https:\/\/tg4-docs.s3.amazonaws.com\/wp-content\/uploads\/2023\/05\/24101520\/Laithreoiri_Aimsire-Mairead-Fiona-Caitlin-1-1920x1080-1.jpg\" alt=\"\" class=\"aligncenter size-full wp-image-195270\" srcset=\"https:\/\/tg4-docs.s3.amazonaws.com\/wp-content\/uploads\/2023\/05\/24101520\/Laithreoiri_Aimsire-Mairead-Fiona-Caitlin-1-1920x1080-1.jpg 1920w, https:\/\/tg4-docs.s3.amazonaws.com\/wp-content\/uploads\/2023\/05\/24101520\/Laithreoiri_Aimsire-Mairead-Fiona-Caitlin-1-1920x1080-1-250x141.jpg 250w, https:\/\/tg4-docs.s3.amazonaws.com\/wp-content\/uploads\/2023\/05\/24101520\/Laithreoiri_Aimsire-Mairead-Fiona-Caitlin-1-1920x1080-1-700x394.jpg 700w, https:\/\/tg4-docs.s3.amazonaws.com\/wp-content\/uploads\/2023\/05\/24101520\/Laithreoiri_Aimsire-Mairead-Fiona-Caitlin-1-1920x1080-1-252x141.jpg 252w, https:\/\/tg4-docs.s3.amazonaws.com\/wp-content\/uploads\/2023\/05\/24101520\/Laithreoiri_Aimsire-Mairead-Fiona-Caitlin-1-1920x1080-1-1536x864.jpg 1536w, https:\/\/tg4-docs.s3.amazonaws.com\/wp-content\/uploads\/2023\/05\/24101520\/Laithreoiri_Aimsire-Mairead-Fiona-Caitlin-1-1920x1080-1-120x68.jpg 120w\" sizes=\"(max-width: 1920px) 100vw, 1920px\" \/><br \/>\n&nbsp;<br \/>\nNasc YouTube:<\/p>\n<p><a href=\"https:\/\/youtu.be\/KPzRVY8hrTU\" rel=\"noopener\" target=\"_blank\">https:\/\/youtu.be\/KPzRVY8hrTU<\/a><br \/>\n&nbsp;<\/p>\n<p>Cuirfidh TG4 f\u00e1ilte roimh iarrth\u00f3ir\u00ed ar suim leo obair shealadach a dh\u00e9anamh ar phain\u00e9al l\u00e1ithreoir\u00ed TG4. T\u00e1 f\u00e1ilte roimh iarrth\u00f3ir\u00ed a bhfuil Gaeilge chruinn, l\u00edofa agus teacht i l\u00e1thair taitneamhach acu. Cuirfear traen\u00e1il ar f\u00e1il agus mar sin n\u00ed g\u00e1 taith\u00ed l\u00e1ithreoireachta a bheith agat.<br \/>\n&nbsp;<br \/>\nIs iontach an deis \u00e9 seo d\u2019\u00e9inne a bhfuil suim acu i r\u00e9imse na l\u00e1ithreoireachta.  Daoine a bhfuil Gaeilge den scoth, cumas l\u00e1ithreoireachta, teacht i l\u00e1thair taitneamhach, urlabhra shoil\u00e9ir agus ardchumas scr\u00edofa agus cumars\u00e1ide acu at\u00e1 ag teast\u00e1il.<br \/>\n&nbsp;<\/p>\n<p>Chun iarratas a dh\u00e9anamh, seol m\u00edr f\u00edse n\u00f3im\u00e9ad amh\u00e1in &#8211;  ag d\u00e9anamh cur s\u00edos ort f\u00e9in, mar aon le CV chuig: <a href=\"mailto:cv@dev.tg4.ie\" rel=\"noopener\" target=\"_blank\">cv@dev.tg4.ie<\/a> &#8211; roimh an spriocdh\u00e1ta 8 Meitheamh 2023. D\u00e9anfar gearrliosta de na hiarratais agus tabharfar cuireadh do dhaoine ar an ngearrliosta freastal ar l\u00e1 trialacha sc\u00e1ile\u00e1in in TG4, Baile na hAbhann, i gCo. na Gaillimhe ar an 22 Meitheamh 2023.<br \/>\n&nbsp;<\/p>\n<p>Beidh na l\u00e1ithreoir\u00ed sealadacha a roghna\u00edtear i mbun oibre i gCeann\u00e1ras TG4 i gConamara \u00f3 am go ch\u00e9ile. I measc na ndualgas beidh m\u00edreanna l\u00e1ithreachais agus aimsire laeth\u00fala a ullmh\u00fa agus a chur i l\u00e1thair; scripteanna a dhr\u00e9acht\u00fa agus guth a chur leo do bhlais\u00edn\u00ed TG4 agus c\u00faram a dh\u00e9anamh d\u2019ard\u00e1in sh\u00f3isialta TG4. Chomh maith le seo d\u2019fheadf\u00e1 a bheith ag d\u00e9anamh ionada\u00edochta \u00f3 am go ch\u00e9ile thar ceann TG4 ag \u00f3c\u00e1id\u00ed poibl\u00ed.<br \/>\n&nbsp;<\/p>\n<p>Is Comhordaitheoir L\u00e1ithreachais le TG4 \u00ed <strong>Caitl\u00edn Nic Aoidh<\/strong> agus deir s\u00ed, <em>&#8220;T\u00e1 muid r\u00edm\u00e9adach go bhfuil pain\u00e9al nua \u00e1 earc\u00fa ag TG4. Is deis iontach \u00e9 do dhuine ar bith at\u00e1 ag iarraidh coisc\u00e9im a ghlacadh ar dhr\u00e9imire na hoibre in earn\u00e1il na me\u00e1n. Is ioma\u00ed l\u00e1ithreoir aitheanta a thosaigh amach ar phain\u00e9al l\u00e1ithreoir\u00ed lean\u00fanachais TG4: Aoife N\u00ed Thuairisg, S\u00edle Seoige, P\u00e1id\u00ed \u00d3 Lion\u00e1ird, D\u00e1ith\u00ed \u00d3 S\u00e9, agus m\u00f3r\u00e1n eile nach iad.&#8221;<\/em><br \/>\n&nbsp;<\/p>\n<p>Spriocd\u00e1ta d\u2019iarratais: 08\/06\/23.<\/p>\n<p>&nbsp;<br \/>\n&nbsp;<br \/>\n&nbsp;<\/p>\n","protected":false},"excerpt":{"rendered":"<p>&nbsp; Nasc YouTube: https:\/\/youtu.be\/KPzRVY8hrTU &nbsp; Cuirfidh TG4 f\u00e1ilte roimh iarrth\u00f3ir\u00ed ar suim leo obair shealadach a dh\u00e9anamh ar phain\u00e9al l\u00e1ithreoir\u00ed TG4. T\u00e1 f\u00e1ilte roimh iarrth\u00f3ir\u00ed a bhfuil Gaeilge chruinn, l\u00edofa agus teacht i l\u00e1thair taitneamhach acu. Cuirfear traen\u00e1il ar f\u00e1il agus mar sin n\u00ed g\u00e1 taith\u00ed l\u00e1ithreoireachta a bheith agat. &nbsp; Is iontach an deis [&hellip;]<\/p>\n","protected":false},"author":876,"featured_media":0,"parent":180840,"menu_order":13,"comment_status":"closed","ping_status":"closed","template":"page-templates\/template-pr.php","meta":{"_acf_changed":false,"footnotes":""},"acf":[],"yoast_head":"<!-- This site is optimized with the Yoast SEO plugin v22.6 - https:\/\/yoast.com\/wordpress\/plugins\/seo\/ -->\n<title>L\u00e1ithreoir\u00ed Aimsire \u00e1 lorg ag TG4 | Preas R\u00e1iteas | TG4<\/title>\n<meta name=\"description\" content=\"Ar mhaith leat a bheith ar phain\u00e9al l\u00e1ithreoir\u00ed aimsire TG4. Seo do sheans.\" \/>\n<meta name=\"robots\" content=\"index, follow, max-snippet:-1, max-image-preview:large, max-video-preview:-1\" \/>\n<meta property=\"og:locale\" content=\"en_US\" \/>\n<meta property=\"og:type\" content=\"article\" \/>\n<meta property=\"og:title\" content=\"L\u00e1ithreoir\u00ed Aimsire \u00e1 lorg ag TG4 | Preas R\u00e1iteas | TG4\" \/>\n<meta property=\"og:description\" content=\"Ar mhaith leat a bheith ar phain\u00e9al l\u00e1ithreoir\u00ed aimsire TG4. Seo do sheans.\" \/>\n<meta property=\"og:url\" content=\"https:\/\/dev.tg4.ie\/ga\/eolas\/preas\/nuacht-raitis\/2023-2\/laithreoiri-aimsire-a-lorg-ag-tg4\/\" \/>\n<meta property=\"og:site_name\" content=\"TG4\" \/>\n<meta property=\"article:publisher\" content=\"https:\/\/www.facebook.com\/TG4TV\" \/>\n<meta property=\"article:modified_time\" content=\"2023-05-24T10:05:06+00:00\" \/>\n<meta property=\"og:image\" content=\"https:\/\/tg4-docs.s3.amazonaws.com\/wp-content\/uploads\/2023\/05\/24101520\/Laithreoiri_Aimsire-Mairead-Fiona-Caitlin-1-1920x1080-1.jpg\" \/>\n\t<meta property=\"og:image:width\" content=\"1920\" \/>\n\t<meta property=\"og:image:height\" content=\"1080\" \/>\n\t<meta property=\"og:image:type\" content=\"image\/jpeg\" \/>\n<meta name=\"twitter:card\" content=\"summary_large_image\" \/>\n<meta name=\"twitter:image\" content=\"https:\/\/tg4-docs.s3.amazonaws.com\/wp-content\/uploads\/2023\/05\/24101520\/Laithreoiri_Aimsire-Mairead-Fiona-Caitlin-1-1920x1080-1.jpg\" \/>\n<meta name=\"twitter:site\" content=\"@TG4TV\" \/>\n<meta name=\"twitter:label1\" content=\"Est. reading time\" \/>\n\t<meta name=\"twitter:data1\" content=\"2 minutes\" \/>\n<script type=\"application\/ld+json\" class=\"yoast-schema-graph\">{\"@context\":\"https:\/\/schema.org\",\"@graph\":[{\"@type\":\"WebPage\",\"@id\":\"https:\/\/dev.tg4.ie\/ga\/eolas\/preas\/nuacht-raitis\/2023-2\/laithreoiri-aimsire-a-lorg-ag-tg4\/\",\"url\":\"https:\/\/dev.tg4.ie\/ga\/eolas\/preas\/nuacht-raitis\/2023-2\/laithreoiri-aimsire-a-lorg-ag-tg4\/\",\"name\":\"L\u00e1ithreoir\u00ed Aimsire \u00e1 lorg ag TG4 | Preas R\u00e1iteas | TG4\",\"isPartOf\":{\"@id\":\"https:\/\/dev.tg4.ie\/en\/#website\"},\"primaryImageOfPage\":{\"@id\":\"https:\/\/dev.tg4.ie\/ga\/eolas\/preas\/nuacht-raitis\/2023-2\/laithreoiri-aimsire-a-lorg-ag-tg4\/#primaryimage\"},\"image\":{\"@id\":\"https:\/\/dev.tg4.ie\/ga\/eolas\/preas\/nuacht-raitis\/2023-2\/laithreoiri-aimsire-a-lorg-ag-tg4\/#primaryimage\"},\"thumbnailUrl\":\"https:\/\/dev.tg4.ie\/wp-content\/uploads\/2023\/05\/Laithreoiri_Aimsire-Mairead-Fiona-Caitlin-1-1920x1080-1.jpg\",\"datePublished\":\"2023-05-24T09:29:10+00:00\",\"dateModified\":\"2023-05-24T10:05:06+00:00\",\"description\":\"Ar mhaith leat a bheith ar phain\u00e9al l\u00e1ithreoir\u00ed aimsire TG4. Seo do sheans.\",\"breadcrumb\":{\"@id\":\"https:\/\/dev.tg4.ie\/ga\/eolas\/preas\/nuacht-raitis\/2023-2\/laithreoiri-aimsire-a-lorg-ag-tg4\/#breadcrumb\"},\"inLanguage\":\"ga\",\"potentialAction\":[{\"@type\":\"ReadAction\",\"target\":[\"https:\/\/dev.tg4.ie\/ga\/eolas\/preas\/nuacht-raitis\/2023-2\/laithreoiri-aimsire-a-lorg-ag-tg4\/\"]}]},{\"@type\":\"ImageObject\",\"inLanguage\":\"ga\",\"@id\":\"https:\/\/dev.tg4.ie\/ga\/eolas\/preas\/nuacht-raitis\/2023-2\/laithreoiri-aimsire-a-lorg-ag-tg4\/#primaryimage\",\"url\":\"https:\/\/dev.tg4.ie\/wp-content\/uploads\/2023\/05\/Laithreoiri_Aimsire-Mairead-Fiona-Caitlin-1-1920x1080-1.jpg\",\"contentUrl\":\"https:\/\/dev.tg4.ie\/wp-content\/uploads\/2023\/05\/Laithreoiri_Aimsire-Mairead-Fiona-Caitlin-1-1920x1080-1.jpg\"},{\"@type\":\"BreadcrumbList\",\"@id\":\"https:\/\/dev.tg4.ie\/ga\/eolas\/preas\/nuacht-raitis\/2023-2\/laithreoiri-aimsire-a-lorg-ag-tg4\/#breadcrumb\",\"itemListElement\":[{\"@type\":\"ListItem\",\"position\":1,\"name\":\"Home\",\"item\":\"https:\/\/dev.tg4.ie\/ga\/\"},{\"@type\":\"ListItem\",\"position\":2,\"name\":\"Eolas\",\"item\":\"https:\/\/dev.tg4.ie\/ga\/eolas\/\"},{\"@type\":\"ListItem\",\"position\":3,\"name\":\"Preas\",\"item\":\"https:\/\/dev.tg4.ie\/ga\/eolas\/preas\/\"},{\"@type\":\"ListItem\",\"position\":4,\"name\":\"Nuacht R\u00e1itis\",\"item\":\"https:\/\/dev.tg4.ie\/ga\/eolas\/preas\/nuacht-raitis\/\"},{\"@type\":\"ListItem\",\"position\":5,\"name\":\"2023\",\"item\":\"https:\/\/dev.tg4.ie\/ga\/eolas\/preas\/nuacht-raitis\/2023-2\/\"},{\"@type\":\"ListItem\",\"position\":6,\"name\":\"L\u00e1ithreoir\u00ed Aimsire \u00e1 lorg ag TG4\"}]},{\"@type\":\"WebSite\",\"@id\":\"https:\/\/dev.tg4.ie\/en\/#website\",\"url\":\"https:\/\/dev.tg4.ie\/en\/\",\"name\":\"TG4\",\"description\":\"S\u00fail Eile\",\"potentialAction\":[{\"@type\":\"SearchAction\",\"target\":{\"@type\":\"EntryPoint\",\"urlTemplate\":\"https:\/\/dev.tg4.ie\/en\/?s={search_term_string}\"},\"query-input\":\"required name=search_term_string\"}],\"inLanguage\":\"ga\"}]}<\/script>\n<!-- \/ Yoast SEO plugin. -->","yoast_head_json":{"title":"L\u00e1ithreoir\u00ed Aimsire \u00e1 lorg ag TG4 | Preas R\u00e1iteas | TG4","description":"Ar mhaith leat a bheith ar phain\u00e9al l\u00e1ithreoir\u00ed aimsire TG4. Seo do sheans.","robots":{"index":"index","follow":"follow","max-snippet":"max-snippet:-1","max-image-preview":"max-image-preview:large","max-video-preview":"max-video-preview:-1"},"og_locale":"en_US","og_type":"article","og_title":"L\u00e1ithreoir\u00ed Aimsire \u00e1 lorg ag TG4 | Preas R\u00e1iteas | TG4","og_description":"Ar mhaith leat a bheith ar phain\u00e9al l\u00e1ithreoir\u00ed aimsire TG4. Seo do sheans.","og_url":"https:\/\/dev.tg4.ie\/ga\/eolas\/preas\/nuacht-raitis\/2023-2\/laithreoiri-aimsire-a-lorg-ag-tg4\/","og_site_name":"TG4","article_publisher":"https:\/\/www.facebook.com\/TG4TV","article_modified_time":"2023-05-24T10:05:06+00:00","og_image":[{"width":1920,"height":1080,"url":"https:\/\/tg4-docs.s3.amazonaws.com\/wp-content\/uploads\/2023\/05\/24101520\/Laithreoiri_Aimsire-Mairead-Fiona-Caitlin-1-1920x1080-1.jpg","type":"image\/jpeg"}],"twitter_card":"summary_large_image","twitter_image":"https:\/\/tg4-docs.s3.amazonaws.com\/wp-content\/uploads\/2023\/05\/24101520\/Laithreoiri_Aimsire-Mairead-Fiona-Caitlin-1-1920x1080-1.jpg","twitter_site":"@TG4TV","twitter_misc":{"Est. reading time":"2 minutes"},"schema":{"@context":"https:\/\/schema.org","@graph":[{"@type":"WebPage","@id":"https:\/\/dev.tg4.ie\/ga\/eolas\/preas\/nuacht-raitis\/2023-2\/laithreoiri-aimsire-a-lorg-ag-tg4\/","url":"https:\/\/dev.tg4.ie\/ga\/eolas\/preas\/nuacht-raitis\/2023-2\/laithreoiri-aimsire-a-lorg-ag-tg4\/","name":"L\u00e1ithreoir\u00ed Aimsire \u00e1 lorg ag TG4 | Preas R\u00e1iteas | TG4","isPartOf":{"@id":"https:\/\/dev.tg4.ie\/en\/#website"},"primaryImageOfPage":{"@id":"https:\/\/dev.tg4.ie\/ga\/eolas\/preas\/nuacht-raitis\/2023-2\/laithreoiri-aimsire-a-lorg-ag-tg4\/#primaryimage"},"image":{"@id":"https:\/\/dev.tg4.ie\/ga\/eolas\/preas\/nuacht-raitis\/2023-2\/laithreoiri-aimsire-a-lorg-ag-tg4\/#primaryimage"},"thumbnailUrl":"https:\/\/dev.tg4.ie\/wp-content\/uploads\/2023\/05\/Laithreoiri_Aimsire-Mairead-Fiona-Caitlin-1-1920x1080-1.jpg","datePublished":"2023-05-24T09:29:10+00:00","dateModified":"2023-05-24T10:05:06+00:00","description":"Ar mhaith leat a bheith ar phain\u00e9al l\u00e1ithreoir\u00ed aimsire TG4. Seo do sheans.","breadcrumb":{"@id":"https:\/\/dev.tg4.ie\/ga\/eolas\/preas\/nuacht-raitis\/2023-2\/laithreoiri-aimsire-a-lorg-ag-tg4\/#breadcrumb"},"inLanguage":"ga","potentialAction":[{"@type":"ReadAction","target":["https:\/\/dev.tg4.ie\/ga\/eolas\/preas\/nuacht-raitis\/2023-2\/laithreoiri-aimsire-a-lorg-ag-tg4\/"]}]},{"@type":"ImageObject","inLanguage":"ga","@id":"https:\/\/dev.tg4.ie\/ga\/eolas\/preas\/nuacht-raitis\/2023-2\/laithreoiri-aimsire-a-lorg-ag-tg4\/#primaryimage","url":"https:\/\/dev.tg4.ie\/wp-content\/uploads\/2023\/05\/Laithreoiri_Aimsire-Mairead-Fiona-Caitlin-1-1920x1080-1.jpg","contentUrl":"https:\/\/dev.tg4.ie\/wp-content\/uploads\/2023\/05\/Laithreoiri_Aimsire-Mairead-Fiona-Caitlin-1-1920x1080-1.jpg"},{"@type":"BreadcrumbList","@id":"https:\/\/dev.tg4.ie\/ga\/eolas\/preas\/nuacht-raitis\/2023-2\/laithreoiri-aimsire-a-lorg-ag-tg4\/#breadcrumb","itemListElement":[{"@type":"ListItem","position":1,"name":"Home","item":"https:\/\/dev.tg4.ie\/ga\/"},{"@type":"ListItem","position":2,"name":"Eolas","item":"https:\/\/dev.tg4.ie\/ga\/eolas\/"},{"@type":"ListItem","position":3,"name":"Preas","item":"https:\/\/dev.tg4.ie\/ga\/eolas\/preas\/"},{"@type":"ListItem","position":4,"name":"Nuacht R\u00e1itis","item":"https:\/\/dev.tg4.ie\/ga\/eolas\/preas\/nuacht-raitis\/"},{"@type":"ListItem","position":5,"name":"2023","item":"https:\/\/dev.tg4.ie\/ga\/eolas\/preas\/nuacht-raitis\/2023-2\/"},{"@type":"ListItem","position":6,"name":"L\u00e1ithreoir\u00ed Aimsire \u00e1 lorg ag TG4"}]},{"@type":"WebSite","@id":"https:\/\/dev.tg4.ie\/en\/#website","url":"https:\/\/dev.tg4.ie\/en\/","name":"TG4","description":"S\u00fail Eile","potentialAction":[{"@type":"SearchAction","target":{"@type":"EntryPoint","urlTemplate":"https:\/\/dev.tg4.ie\/en\/?s={search_term_string}"},"query-input":"required name=search_term_string"}],"inLanguage":"ga"}]}},"_links":{"self":[{"href":"https:\/\/dev.tg4.ie\/ga\/wp-json\/wp\/v2\/pages\/195269"}],"collection":[{"href":"https:\/\/dev.tg4.ie\/ga\/wp-json\/wp\/v2\/pages"}],"about":[{"href":"https:\/\/dev.tg4.ie\/ga\/wp-json\/wp\/v2\/types\/page"}],"author":[{"embeddable":true,"href":"https:\/\/dev.tg4.ie\/ga\/wp-json\/wp\/v2\/users\/876"}],"replies":[{"embeddable":true,"href":"https:\/\/dev.tg4.ie\/ga\/wp-json\/wp\/v2\/comments?post=195269"}],"version-history":[{"count":0,"href":"https:\/\/dev.tg4.ie\/ga\/wp-json\/wp\/v2\/pages\/195269\/revisions"}],"up":[{"embeddable":true,"href":"https:\/\/dev.tg4.ie\/ga\/wp-json\/wp\/v2\/pages\/180840"}],"wp:attachment":[{"href":"https:\/\/dev.tg4.ie\/ga\/wp-json\/wp\/v2\/media?parent=195269"}],"curies":[{"name":"wp","href":"https:\/\/api.w.org\/{rel}","templated":true}]}}