{"id":195524,"date":"2023-05-30T17:38:58","date_gmt":"2023-05-30T16:38:58","guid":{"rendered":"https:\/\/dev.tg4.ie\/?page_id=195524"},"modified":"2023-06-02T10:34:34","modified_gmt":"2023-06-02T09:34:34","slug":"tg4-ag-ceiliuradh-chomortas-peile-na-gaeltachta-2023","status":"publish","type":"page","link":"https:\/\/dev.tg4.ie\/ga\/eolas\/preas\/nuacht-raitis\/2023-2\/tg4-ag-ceiliuradh-chomortas-peile-na-gaeltachta-2023\/","title":{"rendered":"TG4 ag ceili\u00faradh Chom\u00f3rtas Peile na Gaeltachta 2023"},"content":{"rendered":"<p><img loading=\"lazy\" decoding=\"async\" width=\"1920\" height=\"1080\" src=\"https:\/\/tg4-docs.s3.amazonaws.com\/wp-content\/uploads\/2023\/05\/29162535\/Comortas_Peile_2023_1-1920x1080-1.jpg\" alt=\"\" class=\"aligncenter size-full wp-image-195496\" srcset=\"https:\/\/tg4-docs.s3.amazonaws.com\/wp-content\/uploads\/2023\/05\/29162535\/Comortas_Peile_2023_1-1920x1080-1.jpg 1920w, https:\/\/tg4-docs.s3.amazonaws.com\/wp-content\/uploads\/2023\/05\/29162535\/Comortas_Peile_2023_1-1920x1080-1-250x141.jpg 250w, https:\/\/tg4-docs.s3.amazonaws.com\/wp-content\/uploads\/2023\/05\/29162535\/Comortas_Peile_2023_1-1920x1080-1-700x394.jpg 700w, https:\/\/tg4-docs.s3.amazonaws.com\/wp-content\/uploads\/2023\/05\/29162535\/Comortas_Peile_2023_1-1920x1080-1-252x141.jpg 252w, https:\/\/tg4-docs.s3.amazonaws.com\/wp-content\/uploads\/2023\/05\/29162535\/Comortas_Peile_2023_1-1920x1080-1-1536x864.jpg 1536w, https:\/\/tg4-docs.s3.amazonaws.com\/wp-content\/uploads\/2023\/05\/29162535\/Comortas_Peile_2023_1-1920x1080-1-120x68.jpg 120w\" sizes=\"(max-width: 1920px) 100vw, 1920px\" \/><\/p>\n<p>Nasc YouTube: <a href=\"https:\/\/youtu.be\/Ar_QeX-X_00\" target=\"_blank\" rel=\"noopener\">https:\/\/youtu.be\/Ar_QeX-X_00<\/a><br \/>\n&nbsp;<br \/>\nBeidh <strong>TG4<\/strong> i l\u00e1r an aonaigh ag Com\u00f3rtas Peile na Gaeltachta at\u00e1 \u00e1 re\u00e1cht\u00e1il ag Naomh Muire \u00cdochtar na Rosann \u00f3n 2 &#8211; 5 Meitheamh sna M\u00e9ilte i dT\u00edr Chonaill. Imreofar na cluich\u00ed i M\u00e9ilte, i C.L.G. an Chloch\u00e1in L\u00e9ith agus i C.L.G. Ghaoth Dobhair i rith an deiridh seachtaine.<br \/>\n&nbsp;<br \/>\nIs \u00e9 <strong>TG4<\/strong> pr\u00edomhurraitheoir an chom\u00f3rtais agus craolfar lear m\u00f3 cluich\u00ed ar ard\u00e1in <strong>TG4<\/strong>, idir TG4 agus cain\u00e9al <strong>YouTube Sp\u00f3rt TG4<\/strong> ar chain\u00e9il <strong>TG4<\/strong>. Ina theannta sin, beidh teacht ag an lucht f\u00e9achana ar fud an domhain ar na cluich\u00ed ar <strong>Sheinnteoir TG4<\/strong>.<br \/>\n&nbsp;<br \/>\nIs iad M\u00e1ire N\u00ed Bhraon\u00e1in agus Miche\u00e1l \u00d3 Domhnaill a chuirfidh na cluich\u00ed i l\u00e1thair agus is iad Mac Dara Mac Donncha, Brian Tyers, C\u00e1rthach B\u00e1n Breathnach agus Conall \u00d3 M\u00e1irt\u00edn a bheidh i mbun tr\u00e1chtaireachta. Is iad Aod\u00e1n Mac Gearailt, Se\u00e1n \u00d3g de Paor, Caoimh\u00edn \u00d3 Casaide, Sarah N\u00ed Loingsigh agus Emer N\u00ed Ghallch\u00f3ir a dh\u00e9anfaidh anail\u00eds ar na cluich\u00ed.<\/p>\n<p>Beidh Cluiche Ceannais S\u00f3isear na mBan beo ar YouTube ag 10.00 maidin D\u00e9 Luain agus craolfar Cluiche Ceannais Sinsear na mBan ar <strong>TG4<\/strong> ag 12.00.<br \/>\n&nbsp;<br \/>\nBeidh Nuacht TG4 ag tuairisci\u00fa \u00f3n gcom\u00f3rtas agus beidh <strong>MOLSC\u00c9AL<\/strong> ar an l\u00e1thair i gcaitheamh an deiridh seachtaine.<\/p>\n<p>Craolfar com\u00f3rtas an Chail\u00edn Ghaelaigh beo ar leathanach Facebook Molsc\u00e9al <a href=\"https:\/\/www.facebook.com\/MOLSCEALTG4\/\">https:\/\/www.facebook.com\/MOLSCEALTG4\/<\/a> o\u00edche D\u00e9 Domhnaigh \u00f3n 9.30pm agus is \u00e9 D\u00f3nall Mac Ruair\u00ed a bheidh ina Fhear an T\u00ed. Lean an comhr\u00e1 ar ard\u00e1in me\u00e1n s\u00f3isialta <strong>MOLSC\u00c9AL<\/strong> agus <strong>Sp\u00f3rt TG4<\/strong> tr\u00ed \u00fas\u00e1id a bhaint as an haischlib #CPNG23<br \/>\n&nbsp;<br \/>\n<strong>CARTLANN TG4: Com\u00f3rtas Peile na Gaeltachta<\/strong><\/p>\n<p>T\u00e1 Cartlann Chom\u00f3rtas Peile na Gaeltachta de chluich\u00ed ioml\u00e1na agus buaicphoint\u00ed \u00f3 1996 go 2006 anois ar f\u00e1il ar <a href=\"https:\/\/dev.tg4.ie\/cartlann\">www.tg4.ie\/cartlann<\/a><\/p>\n<p>Fuair an togra seo taca\u00edocht mhaoinithe \u00f3 Choimisi\u00fan na Me\u00e1n. T\u00e1 an t-\u00e1bhar curtha ar f\u00e1il le cead \u00f3 CLG.<br \/>\n&nbsp;<br \/>\n&nbsp;<br \/>\n<strong>Na Cluich\u00ed:<\/strong><\/p>\n<p><strong>D\u00e9 Sathairn an 3 Meitheamh Ionad: P\u00e1irc CLG Naomh Muire, Na M\u00e9ilte<\/strong><br \/>\n11:00 Reamhbhabhta\u00ed S\u00f3isear na bhFear: Clann na nGael v Lios P\u00f3il Beo ar <strong>YouTube Sp\u00f3rt TG4<\/strong><br \/>\n13:00 Cluiche Ceathr\u00fa Ceannais Sinsear na bhFear: Naomh Conaill v B\u00e9al \u00c1tha Ghaorthaidh Beo ar <strong>YouTube Sp\u00f3rt TG4<\/strong><br \/>\n15:00 Cluiche Ceathr\u00fa Ceannais S\u00f3isear na bhFear: Cill Chom\u00e1in v Laochra Loch Lao Beo ar <strong>YouTube Sp\u00f3rt TG4<\/strong><br \/>\n17:00 Cluiche Ceathr\u00fa Ceannais Sinsear na bhFear: Naomh Anna v Cill na Martra Beo ar <strong>YouTube Sp\u00f3rt TG4<\/strong><br \/>\n19:00 Cluiche Ceathr\u00fa Ceannais S\u00f3isear na bhFear: Buaiteoir\u00ed 2 v Buaiteoir\u00ed 3 Beo ar <strong>YouTube Sp\u00f3rt TG4<\/strong><br \/>\n&nbsp;<br \/>\n<strong>D\u00e9 Domhnaigh an 4 Meitheamh Ionad: P\u00e1irc CLG Naomh Muire, Na M\u00e9ilte<\/strong><br \/>\n11:45 Cluiche Leathcheannais S\u00f3isear na mBan: Naomh Muire v Buaiteoir\u00ed 3 Beo ar <strong>YouTube Sp\u00f3rt TG4<\/strong><br \/>\n13:45 Cluiche Leathcheannais Sinsear na mBan: An Tearmann v Cill Chom\u00e1in Beo ar <strong>YouTube Sp\u00f3rt TG4<\/strong><br \/>\n15:45 Cluiche Leathcheannais S\u00f3isear na bhFear: Naomh Muire v Buaiteoir\u00ed B Beo ar <strong>YouTube Sp\u00f3rt TG4<\/strong><br \/>\n17:45 Cluiche Leathcheannais Sinsear na bhFear &#8211; Beo ar <strong>TG4<\/strong> agus beo ar <strong>Sheinnteoir TG4<\/strong> ar fud an domhain \/ <strong>Aip TG4<\/strong><br \/>\n19:30 Cluiche Leathcheannais Sinsear na bhFear &#8211; Beo ar <strong>TG4<\/strong> agus beo ar <strong>Sheinnteoir TG4<\/strong> ar fud an domhain \/ <strong>Aip TG4<\/strong><br \/>\nCraolfar com\u00f3rtas An Cail\u00edn Gaelach beo ar leathanach Facebook Molsc\u00e9al o\u00edche D\u00e9 Domhnaigh. <a href=\"https:\/\/www.facebook.com\/MOLSCEALTG4\/\">https:\/\/www.facebook.com\/MOLSCEALTG4\/ <\/a><br \/>\n&nbsp;<br \/>\n<strong>D\u00e9 Luain an 5 Meitheamh Ionad: P\u00e1irc CLG Naomh Muire, Na M\u00e9ilte<\/strong><br \/>\n10:00 Cluiche Ceannais S\u00f3isear na mBan &#8211; Beo ar <strong>YouTube Sp\u00f3rt TG4<\/strong><br \/>\n12:00 Cluiche Ceannais Sinsear na mBan &#8211; Beo ar <strong>TG4<\/strong> agus beo ar <strong>Sheinnteoir TG4<\/strong> ar fud an domhain \/ <strong>Aip TG4<\/strong><br \/>\n14.00 Cluiche Ceannais S\u00f3isear na bhFear &#8211; Beo ar <strong>TG4<\/strong> agus beo ar <strong>Sheinnteoir TG4<\/strong> ar fud an domhain \/ <strong>Aip TG4<\/strong><br \/>\n16:00 Cluiche Ceannais Sinsear na bhFear &#8211; Beo ar <strong>TG4<\/strong> agus beo ar <strong>Sheinnteoir TG4<\/strong> ar fud an domhain \/ <strong>Aip TG4<\/strong><\/p>\n<p>&nbsp;<br \/>\nTWITTER: @CPnaGaeltachta<br \/>\nINSTAGRAM: @cpng2023<br \/>\nFACEBOOK: Com\u00f3rtas Peile na Gaeltachta 2023 CLG Naomh Muire.<\/p>\n<p>&nbsp;<\/p>\n","protected":false},"excerpt":{"rendered":"<p>Nasc YouTube: https:\/\/youtu.be\/Ar_QeX-X_00 &nbsp; Beidh TG4 i l\u00e1r an aonaigh ag Com\u00f3rtas Peile na Gaeltachta at\u00e1 \u00e1 re\u00e1cht\u00e1il ag Naomh Muire \u00cdochtar na Rosann \u00f3n 2 &#8211; 5 Meitheamh sna M\u00e9ilte i dT\u00edr Chonaill. Imreofar na cluich\u00ed i M\u00e9ilte, i C.L.G. an Chloch\u00e1in L\u00e9ith agus i C.L.G. Ghaoth Dobhair i rith an deiridh seachtaine. &nbsp; [&hellip;]<\/p>\n","protected":false},"author":876,"featured_media":0,"parent":180840,"menu_order":15,"comment_status":"closed","ping_status":"closed","template":"page-templates\/template-pr.php","meta":{"_acf_changed":false,"footnotes":""},"acf":[],"yoast_head":"<!-- This site is optimized with the Yoast SEO plugin v22.6 - https:\/\/yoast.com\/wordpress\/plugins\/seo\/ -->\n<title>TG4 ag ceili\u00faradh Chom\u00f3rtas Peile na Gaeltachta 2023 | Preas R\u00e1iteas | TG4<\/title>\n<meta name=\"description\" content=\"Beidh TG4 i l\u00e1r an aonaigh ag Com\u00f3rtas Peile na Gaeltachta at\u00e1 \u00e1 re\u00e1cht\u00e1il ag Naomh Muire \u00cdochtar na Rosann \u00f3n 2 - 5 Meitheamh sna M\u00e9ilte i dT\u00edr Chonaill\" \/>\n<meta name=\"robots\" content=\"index, follow, max-snippet:-1, max-image-preview:large, max-video-preview:-1\" \/>\n<meta property=\"og:locale\" content=\"en_US\" \/>\n<meta property=\"og:type\" content=\"article\" \/>\n<meta property=\"og:title\" content=\"TG4 ag ceili\u00faradh Chom\u00f3rtas Peile na Gaeltachta 2023 | Preas R\u00e1iteas | TG4\" \/>\n<meta property=\"og:description\" content=\"Beidh TG4 i l\u00e1r an aonaigh ag Com\u00f3rtas Peile na Gaeltachta at\u00e1 \u00e1 re\u00e1cht\u00e1il ag Naomh Muire \u00cdochtar na Rosann \u00f3n 2 - 5 Meitheamh sna M\u00e9ilte i dT\u00edr Chonaill\" \/>\n<meta property=\"og:url\" content=\"https:\/\/dev.tg4.ie\/ga\/eolas\/preas\/nuacht-raitis\/2023-2\/tg4-ag-ceiliuradh-chomortas-peile-na-gaeltachta-2023\/\" \/>\n<meta property=\"og:site_name\" content=\"TG4\" \/>\n<meta property=\"article:publisher\" content=\"https:\/\/www.facebook.com\/TG4TV\" \/>\n<meta property=\"article:modified_time\" content=\"2023-06-02T09:34:34+00:00\" \/>\n<meta property=\"og:image\" content=\"https:\/\/tg4-docs.s3.amazonaws.com\/wp-content\/uploads\/2023\/05\/29162535\/Comortas_Peile_2023_1-1920x1080-1.jpg\" \/>\n\t<meta property=\"og:image:width\" content=\"1920\" \/>\n\t<meta property=\"og:image:height\" content=\"1080\" \/>\n\t<meta property=\"og:image:type\" content=\"image\/jpeg\" \/>\n<meta name=\"twitter:card\" content=\"summary_large_image\" \/>\n<meta name=\"twitter:image\" content=\"https:\/\/tg4-docs.s3.amazonaws.com\/wp-content\/uploads\/2023\/05\/29162535\/Comortas_Peile_2023_1-1920x1080-1.jpg\" \/>\n<meta name=\"twitter:site\" content=\"@TG4TV\" \/>\n<meta name=\"twitter:label1\" content=\"Est. reading time\" \/>\n\t<meta name=\"twitter:data1\" content=\"3 minutes\" \/>\n<script type=\"application\/ld+json\" class=\"yoast-schema-graph\">{\"@context\":\"https:\/\/schema.org\",\"@graph\":[{\"@type\":\"WebPage\",\"@id\":\"https:\/\/dev.tg4.ie\/ga\/eolas\/preas\/nuacht-raitis\/2023-2\/tg4-ag-ceiliuradh-chomortas-peile-na-gaeltachta-2023\/\",\"url\":\"https:\/\/dev.tg4.ie\/ga\/eolas\/preas\/nuacht-raitis\/2023-2\/tg4-ag-ceiliuradh-chomortas-peile-na-gaeltachta-2023\/\",\"name\":\"TG4 ag ceili\u00faradh Chom\u00f3rtas Peile na Gaeltachta 2023 | Preas R\u00e1iteas | TG4\",\"isPartOf\":{\"@id\":\"https:\/\/dev.tg4.ie\/en\/#website\"},\"primaryImageOfPage\":{\"@id\":\"https:\/\/dev.tg4.ie\/ga\/eolas\/preas\/nuacht-raitis\/2023-2\/tg4-ag-ceiliuradh-chomortas-peile-na-gaeltachta-2023\/#primaryimage\"},\"image\":{\"@id\":\"https:\/\/dev.tg4.ie\/ga\/eolas\/preas\/nuacht-raitis\/2023-2\/tg4-ag-ceiliuradh-chomortas-peile-na-gaeltachta-2023\/#primaryimage\"},\"thumbnailUrl\":\"https:\/\/dev.tg4.ie\/wp-content\/uploads\/2023\/05\/Comortas_Peile_2023_1-1920x1080-1.jpg\",\"datePublished\":\"2023-05-30T16:38:58+00:00\",\"dateModified\":\"2023-06-02T09:34:34+00:00\",\"description\":\"Beidh TG4 i l\u00e1r an aonaigh ag Com\u00f3rtas Peile na Gaeltachta at\u00e1 \u00e1 re\u00e1cht\u00e1il ag Naomh Muire \u00cdochtar na Rosann \u00f3n 2 - 5 Meitheamh sna M\u00e9ilte i dT\u00edr Chonaill\",\"breadcrumb\":{\"@id\":\"https:\/\/dev.tg4.ie\/ga\/eolas\/preas\/nuacht-raitis\/2023-2\/tg4-ag-ceiliuradh-chomortas-peile-na-gaeltachta-2023\/#breadcrumb\"},\"inLanguage\":\"ga\",\"potentialAction\":[{\"@type\":\"ReadAction\",\"target\":[\"https:\/\/dev.tg4.ie\/ga\/eolas\/preas\/nuacht-raitis\/2023-2\/tg4-ag-ceiliuradh-chomortas-peile-na-gaeltachta-2023\/\"]}]},{\"@type\":\"ImageObject\",\"inLanguage\":\"ga\",\"@id\":\"https:\/\/dev.tg4.ie\/ga\/eolas\/preas\/nuacht-raitis\/2023-2\/tg4-ag-ceiliuradh-chomortas-peile-na-gaeltachta-2023\/#primaryimage\",\"url\":\"https:\/\/dev.tg4.ie\/wp-content\/uploads\/2023\/05\/Comortas_Peile_2023_1-1920x1080-1.jpg\",\"contentUrl\":\"https:\/\/dev.tg4.ie\/wp-content\/uploads\/2023\/05\/Comortas_Peile_2023_1-1920x1080-1.jpg\"},{\"@type\":\"BreadcrumbList\",\"@id\":\"https:\/\/dev.tg4.ie\/ga\/eolas\/preas\/nuacht-raitis\/2023-2\/tg4-ag-ceiliuradh-chomortas-peile-na-gaeltachta-2023\/#breadcrumb\",\"itemListElement\":[{\"@type\":\"ListItem\",\"position\":1,\"name\":\"Home\",\"item\":\"https:\/\/dev.tg4.ie\/ga\/\"},{\"@type\":\"ListItem\",\"position\":2,\"name\":\"Eolas\",\"item\":\"https:\/\/dev.tg4.ie\/ga\/eolas\/\"},{\"@type\":\"ListItem\",\"position\":3,\"name\":\"Preas\",\"item\":\"https:\/\/dev.tg4.ie\/ga\/eolas\/preas\/\"},{\"@type\":\"ListItem\",\"position\":4,\"name\":\"Nuacht R\u00e1itis\",\"item\":\"https:\/\/dev.tg4.ie\/ga\/eolas\/preas\/nuacht-raitis\/\"},{\"@type\":\"ListItem\",\"position\":5,\"name\":\"2023\",\"item\":\"https:\/\/dev.tg4.ie\/ga\/eolas\/preas\/nuacht-raitis\/2023-2\/\"},{\"@type\":\"ListItem\",\"position\":6,\"name\":\"TG4 ag ceili\u00faradh Chom\u00f3rtas Peile na Gaeltachta 2023\"}]},{\"@type\":\"WebSite\",\"@id\":\"https:\/\/dev.tg4.ie\/en\/#website\",\"url\":\"https:\/\/dev.tg4.ie\/en\/\",\"name\":\"TG4\",\"description\":\"S\u00fail Eile\",\"potentialAction\":[{\"@type\":\"SearchAction\",\"target\":{\"@type\":\"EntryPoint\",\"urlTemplate\":\"https:\/\/dev.tg4.ie\/en\/?s={search_term_string}\"},\"query-input\":\"required name=search_term_string\"}],\"inLanguage\":\"ga\"}]}<\/script>\n<!-- \/ Yoast SEO plugin. -->","yoast_head_json":{"title":"TG4 ag ceili\u00faradh Chom\u00f3rtas Peile na Gaeltachta 2023 | Preas R\u00e1iteas | TG4","description":"Beidh TG4 i l\u00e1r an aonaigh ag Com\u00f3rtas Peile na Gaeltachta at\u00e1 \u00e1 re\u00e1cht\u00e1il ag Naomh Muire \u00cdochtar na Rosann \u00f3n 2 - 5 Meitheamh sna M\u00e9ilte i dT\u00edr Chonaill","robots":{"index":"index","follow":"follow","max-snippet":"max-snippet:-1","max-image-preview":"max-image-preview:large","max-video-preview":"max-video-preview:-1"},"og_locale":"en_US","og_type":"article","og_title":"TG4 ag ceili\u00faradh Chom\u00f3rtas Peile na Gaeltachta 2023 | Preas R\u00e1iteas | TG4","og_description":"Beidh TG4 i l\u00e1r an aonaigh ag Com\u00f3rtas Peile na Gaeltachta at\u00e1 \u00e1 re\u00e1cht\u00e1il ag Naomh Muire \u00cdochtar na Rosann \u00f3n 2 - 5 Meitheamh sna M\u00e9ilte i dT\u00edr Chonaill","og_url":"https:\/\/dev.tg4.ie\/ga\/eolas\/preas\/nuacht-raitis\/2023-2\/tg4-ag-ceiliuradh-chomortas-peile-na-gaeltachta-2023\/","og_site_name":"TG4","article_publisher":"https:\/\/www.facebook.com\/TG4TV","article_modified_time":"2023-06-02T09:34:34+00:00","og_image":[{"width":1920,"height":1080,"url":"https:\/\/tg4-docs.s3.amazonaws.com\/wp-content\/uploads\/2023\/05\/29162535\/Comortas_Peile_2023_1-1920x1080-1.jpg","type":"image\/jpeg"}],"twitter_card":"summary_large_image","twitter_image":"https:\/\/tg4-docs.s3.amazonaws.com\/wp-content\/uploads\/2023\/05\/29162535\/Comortas_Peile_2023_1-1920x1080-1.jpg","twitter_site":"@TG4TV","twitter_misc":{"Est. reading time":"3 minutes"},"schema":{"@context":"https:\/\/schema.org","@graph":[{"@type":"WebPage","@id":"https:\/\/dev.tg4.ie\/ga\/eolas\/preas\/nuacht-raitis\/2023-2\/tg4-ag-ceiliuradh-chomortas-peile-na-gaeltachta-2023\/","url":"https:\/\/dev.tg4.ie\/ga\/eolas\/preas\/nuacht-raitis\/2023-2\/tg4-ag-ceiliuradh-chomortas-peile-na-gaeltachta-2023\/","name":"TG4 ag ceili\u00faradh Chom\u00f3rtas Peile na Gaeltachta 2023 | Preas R\u00e1iteas | TG4","isPartOf":{"@id":"https:\/\/dev.tg4.ie\/en\/#website"},"primaryImageOfPage":{"@id":"https:\/\/dev.tg4.ie\/ga\/eolas\/preas\/nuacht-raitis\/2023-2\/tg4-ag-ceiliuradh-chomortas-peile-na-gaeltachta-2023\/#primaryimage"},"image":{"@id":"https:\/\/dev.tg4.ie\/ga\/eolas\/preas\/nuacht-raitis\/2023-2\/tg4-ag-ceiliuradh-chomortas-peile-na-gaeltachta-2023\/#primaryimage"},"thumbnailUrl":"https:\/\/dev.tg4.ie\/wp-content\/uploads\/2023\/05\/Comortas_Peile_2023_1-1920x1080-1.jpg","datePublished":"2023-05-30T16:38:58+00:00","dateModified":"2023-06-02T09:34:34+00:00","description":"Beidh TG4 i l\u00e1r an aonaigh ag Com\u00f3rtas Peile na Gaeltachta at\u00e1 \u00e1 re\u00e1cht\u00e1il ag Naomh Muire \u00cdochtar na Rosann \u00f3n 2 - 5 Meitheamh sna M\u00e9ilte i dT\u00edr Chonaill","breadcrumb":{"@id":"https:\/\/dev.tg4.ie\/ga\/eolas\/preas\/nuacht-raitis\/2023-2\/tg4-ag-ceiliuradh-chomortas-peile-na-gaeltachta-2023\/#breadcrumb"},"inLanguage":"ga","potentialAction":[{"@type":"ReadAction","target":["https:\/\/dev.tg4.ie\/ga\/eolas\/preas\/nuacht-raitis\/2023-2\/tg4-ag-ceiliuradh-chomortas-peile-na-gaeltachta-2023\/"]}]},{"@type":"ImageObject","inLanguage":"ga","@id":"https:\/\/dev.tg4.ie\/ga\/eolas\/preas\/nuacht-raitis\/2023-2\/tg4-ag-ceiliuradh-chomortas-peile-na-gaeltachta-2023\/#primaryimage","url":"https:\/\/dev.tg4.ie\/wp-content\/uploads\/2023\/05\/Comortas_Peile_2023_1-1920x1080-1.jpg","contentUrl":"https:\/\/dev.tg4.ie\/wp-content\/uploads\/2023\/05\/Comortas_Peile_2023_1-1920x1080-1.jpg"},{"@type":"BreadcrumbList","@id":"https:\/\/dev.tg4.ie\/ga\/eolas\/preas\/nuacht-raitis\/2023-2\/tg4-ag-ceiliuradh-chomortas-peile-na-gaeltachta-2023\/#breadcrumb","itemListElement":[{"@type":"ListItem","position":1,"name":"Home","item":"https:\/\/dev.tg4.ie\/ga\/"},{"@type":"ListItem","position":2,"name":"Eolas","item":"https:\/\/dev.tg4.ie\/ga\/eolas\/"},{"@type":"ListItem","position":3,"name":"Preas","item":"https:\/\/dev.tg4.ie\/ga\/eolas\/preas\/"},{"@type":"ListItem","position":4,"name":"Nuacht R\u00e1itis","item":"https:\/\/dev.tg4.ie\/ga\/eolas\/preas\/nuacht-raitis\/"},{"@type":"ListItem","position":5,"name":"2023","item":"https:\/\/dev.tg4.ie\/ga\/eolas\/preas\/nuacht-raitis\/2023-2\/"},{"@type":"ListItem","position":6,"name":"TG4 ag ceili\u00faradh Chom\u00f3rtas Peile na Gaeltachta 2023"}]},{"@type":"WebSite","@id":"https:\/\/dev.tg4.ie\/en\/#website","url":"https:\/\/dev.tg4.ie\/en\/","name":"TG4","description":"S\u00fail Eile","potentialAction":[{"@type":"SearchAction","target":{"@type":"EntryPoint","urlTemplate":"https:\/\/dev.tg4.ie\/en\/?s={search_term_string}"},"query-input":"required name=search_term_string"}],"inLanguage":"ga"}]}},"_links":{"self":[{"href":"https:\/\/dev.tg4.ie\/ga\/wp-json\/wp\/v2\/pages\/195524"}],"collection":[{"href":"https:\/\/dev.tg4.ie\/ga\/wp-json\/wp\/v2\/pages"}],"about":[{"href":"https:\/\/dev.tg4.ie\/ga\/wp-json\/wp\/v2\/types\/page"}],"author":[{"embeddable":true,"href":"https:\/\/dev.tg4.ie\/ga\/wp-json\/wp\/v2\/users\/876"}],"replies":[{"embeddable":true,"href":"https:\/\/dev.tg4.ie\/ga\/wp-json\/wp\/v2\/comments?post=195524"}],"version-history":[{"count":0,"href":"https:\/\/dev.tg4.ie\/ga\/wp-json\/wp\/v2\/pages\/195524\/revisions"}],"up":[{"embeddable":true,"href":"https:\/\/dev.tg4.ie\/ga\/wp-json\/wp\/v2\/pages\/180840"}],"wp:attachment":[{"href":"https:\/\/dev.tg4.ie\/ga\/wp-json\/wp\/v2\/media?parent=195524"}],"curies":[{"name":"wp","href":"https:\/\/api.w.org\/{rel}","templated":true}]}}