{"id":195614,"date":"2023-06-02T10:26:51","date_gmt":"2023-06-02T09:26:51","guid":{"rendered":"https:\/\/dev.tg4.ie\/?page_id=195614"},"modified":"2023-06-02T12:03:18","modified_gmt":"2023-06-02T11:03:18","slug":"ceiliuradh-ar-bun-ag-tg4-ar-chruinniu-na-nog-2023","status":"publish","type":"page","link":"https:\/\/dev.tg4.ie\/ga\/eolas\/preas\/nuacht-raitis\/2023-2\/ceiliuradh-ar-bun-ag-tg4-ar-chruinniu-na-nog-2023\/","title":{"rendered":"Ceili\u00faradh ar bun ag TG4 ar Chruinni\u00fa na n\u00d3g 2023, l\u00e1 don chruthaitheacht do dhaoine \u00f3ga"},"content":{"rendered":"<p><!--img src=\"https:\/\/tg4-docs.s3.amazonaws.com\/wp-content\/uploads\/2023\/05\/29161822\/Cruinniu_na_nOg_2023_1-1920x1080-1.jpg\" alt=\"\" class=\"aligncenter size-full wp-image-195493\" \/--><\/p>\n<p>Blais\u00edn: <a href=\"https:\/\/youtu.be\/pJ1ls1lPSok\" target=\"_blank\" rel=\"noopener\">https:\/\/youtu.be\/pJ1ls1lPSok<\/a><br \/>\n&nbsp;<\/p>\n<p>Beidh TG4 ag ceili\u00faradh Chruinni\u00fa na n\u00d3g 2023 i gcomhph\u00e1irt\u00edocht le Cl\u00e1r \u00c9ire Ild\u00e1nach na Roinne Turas\u00f3ireachta, Cult\u00fair, Eala\u00edon, Gaeltachta, Sp\u00f3irt agus Me\u00e1n le roinnt sraitheanna gearrscann\u00e1n ina mbeidh leana\u00ed agus d\u00e9ag\u00f3ir\u00ed p\u00e1irteach. T\u00e1 sraith nua Crutha\u00edm i measc na l\u00e9iri\u00fach\u00e1n sin a dh\u00e9anann ceili\u00faradh ar chruthaitheacht agus ar nu\u00e1la\u00edocht daoine \u00f3ga agus a chuireann leis an imeacht, Cruinni\u00fa na n\u00d3g 2023. T\u00e1 dh\u00e1 shn\u00e1ithe i gceist le saothair Crutha\u00edm na bliana seo &#8211; <strong>Eala\u00edn Ghainimh<\/strong> &#038; <strong>Spraoi Samhla\u00edoch<\/strong>. Beidh siad sin ar f\u00e1il ar chain\u00e9al YouTube C\u00fala4 anseo ar <a href=\"https:\/\/www.youtube.com\/playlist?list=PLbcLsUBW9b3CHTX0IENkL_uUgCXywx12R\" rel=\"noopener\" target=\"_blank\">C\u00fala4<\/a> agus ar TG4.<br \/>\n&nbsp;<\/p>\n<p>Ghlac go leor bunscoileanna p\u00e1irt sa tionscadal, <strong>Crutha\u00edm Eala\u00edn Ghainimh<\/strong>. <\/p>\n<p><img loading=\"lazy\" decoding=\"async\" width=\"1920\" height=\"1080\" src=\"https:\/\/tg4-docs.s3.amazonaws.com\/wp-content\/uploads\/2023\/06\/02120146\/Cruthaim_Gaineamh_1-1920x1080-1.jpg\" alt=\"\" class=\"aligncenter size-full wp-image-195641\" srcset=\"https:\/\/tg4-docs.s3.amazonaws.com\/wp-content\/uploads\/2023\/06\/02120146\/Cruthaim_Gaineamh_1-1920x1080-1.jpg 1920w, https:\/\/tg4-docs.s3.amazonaws.com\/wp-content\/uploads\/2023\/06\/02120146\/Cruthaim_Gaineamh_1-1920x1080-1-250x141.jpg 250w, https:\/\/tg4-docs.s3.amazonaws.com\/wp-content\/uploads\/2023\/06\/02120146\/Cruthaim_Gaineamh_1-1920x1080-1-700x394.jpg 700w, https:\/\/tg4-docs.s3.amazonaws.com\/wp-content\/uploads\/2023\/06\/02120146\/Cruthaim_Gaineamh_1-1920x1080-1-252x141.jpg 252w, https:\/\/tg4-docs.s3.amazonaws.com\/wp-content\/uploads\/2023\/06\/02120146\/Cruthaim_Gaineamh_1-1920x1080-1-1536x864.jpg 1536w, https:\/\/tg4-docs.s3.amazonaws.com\/wp-content\/uploads\/2023\/06\/02120146\/Cruthaim_Gaineamh_1-1920x1080-1-120x68.jpg 120w\" sizes=\"(max-width: 1920px) 100vw, 1920px\" \/><\/p>\n<p>Th\u00e1inig gr\u00fapa\u00ed daoine a bh\u00ed idir 10-12 bhliain d\u2019aois le ch\u00e9ile chun obair a dh\u00e9anamh ar thionscadal eala\u00edne gainimh ar leith de chuid na todhcha\u00ed. Leanann muid na gr\u00fapa\u00ed sin ar a n-aistear de r\u00e9ir mar a bhaineann siad a bhf\u00eds amach faoin gcuma a bheidh ar an domhan i gceann 500 bliain. Iarrtar ar na leana\u00ed glacadh le samhla\u00edocht gan teorainn agus f\u00eds choiteann a chumadh faoin gcine\u00e1l domhain ar mhaith leo a bheith ann. \u00d3 fhocail go sl\u00e9ibhte, ilst\u00f3raigh sp\u00e9ire agus eitle\u00e1in ghrianchumhachtaithe; n\u00edl deireadh ar bith leis na f\u00e9idearthachta\u00ed! Taifeadann muid a n-aml\u00edne \u00f3 choincheapa samhla\u00edocha bunaidh tr\u00ed theagasc a fh\u00e1il \u00f3 shaineola\u00ed eala\u00edne gainimh go dt\u00ed go mbeidh a saothar cr\u00edochnaithe acu. I measc na scoileanna at\u00e1 ag glacadh p\u00e1irte, t\u00e1 Scoil an Fheirt\u00e9araigh i gCiarra\u00ed, Gaelscoil Bhrian B\u00f3roimhe i mBaile \u00c1tha Cliath, Gaelscoil Chnoc na R\u00e9 i Sligeach agus Gaelscoil na gCeithre M\u00e1istr\u00ed i nD\u00fan na nGall. T\u00e1 Ailbhe N\u00ed Chuaig, Gaeilgeoir \u00f3g at\u00e1 ina c\u00f3na\u00ed sa Sp\u00e1inn ag glacadh p\u00e1irt freisin.<br \/>\n&nbsp;<\/p>\n<p>Tugann <strong>Spraoi Samhla\u00edoch<\/strong> l\u00e9argas ar bhuanna saini\u00fala daoine \u00f3ga agus ar an bhfuinneamh ar leith at\u00e1 acu i gcomhth\u00e9acs n\u00e1isi\u00fanta agus idirn\u00e1isi\u00fanta. <\/p>\n<p><img loading=\"lazy\" decoding=\"async\" width=\"1920\" height=\"1080\" src=\"https:\/\/tg4-docs.s3.amazonaws.com\/wp-content\/uploads\/2023\/06\/02120149\/Cruthaim_Samhlaiocht_1-1920x1080-1.jpg\" alt=\"\" class=\"aligncenter size-full wp-image-195642\" srcset=\"https:\/\/tg4-docs.s3.amazonaws.com\/wp-content\/uploads\/2023\/06\/02120149\/Cruthaim_Samhlaiocht_1-1920x1080-1.jpg 1920w, https:\/\/tg4-docs.s3.amazonaws.com\/wp-content\/uploads\/2023\/06\/02120149\/Cruthaim_Samhlaiocht_1-1920x1080-1-250x141.jpg 250w, https:\/\/tg4-docs.s3.amazonaws.com\/wp-content\/uploads\/2023\/06\/02120149\/Cruthaim_Samhlaiocht_1-1920x1080-1-700x394.jpg 700w, https:\/\/tg4-docs.s3.amazonaws.com\/wp-content\/uploads\/2023\/06\/02120149\/Cruthaim_Samhlaiocht_1-1920x1080-1-252x141.jpg 252w, https:\/\/tg4-docs.s3.amazonaws.com\/wp-content\/uploads\/2023\/06\/02120149\/Cruthaim_Samhlaiocht_1-1920x1080-1-1536x864.jpg 1536w, https:\/\/tg4-docs.s3.amazonaws.com\/wp-content\/uploads\/2023\/06\/02120149\/Cruthaim_Samhlaiocht_1-1920x1080-1-120x68.jpg 120w\" sizes=\"(max-width: 1920px) 100vw, 1920px\" \/><\/p>\n<p>Tr\u00ed \u00fas\u00e1id a bhaint as a gcuid samhla\u00edochta, feiceann muid gr\u00fapa daoine at\u00e1 idir 5 agus 6 bliana d\u2019aois a thumann iad f\u00e9in sa chruthaitheacht chomhoibr\u00edoch bunaithe ar th\u00e9ama na heipeas\u00f3ide. Tr\u00edd an eala\u00edn, sc\u00e9ala\u00edocht, amhr\u00e1na\u00edocht agus dr\u00e1ma\u00edocht, cuirfidh na leana\u00ed iad f\u00e9in in i\u00fal agus beidh neart spraoi ar an mbealach! T\u00e1 dalta\u00ed \u00f3 Ghaelscoil Mh\u00fascra\u00ed i gCorcaigh, Scoil N\u00e1isi\u00fanta Chnoc na Naomh i nD\u00fan na nGall, Scoil Mhuire i Ros Muc i nGaillimh agus Gaelscoil an Bhrad\u00e1in Feasa sa Mh\u00ed ag glacadh p\u00e1irt sa tsraith seo.<br \/>\n&nbsp;<\/p>\n<p>T\u00e1 scann\u00e1n faisn\u00e9ise cruthaithe freisin chun ceili\u00faradh a dh\u00e9anamh ar Chruinni\u00fa na n\u00d3g. <strong>Sean-N\u00f3s<\/strong> a thugtar ar an scann\u00e1n a scr\u00edobh agus a sti\u00fair Tadhg \u00d3g Mac Dhonnag\u00e1in a scr\u00fada\u00edonn an f\u00e9idir imeacht \u00f3n traidisi\u00fan agus borradh a chur faoi amhr\u00e1n ar an sean-n\u00f3s?<\/p>\n<p>Craolfar an scann\u00e1n ar TG4 D\u00e9 Sathairn an 10 Meitheamh ag 3.55pm. Leantar ceathrar \u00f3g, \u00c1ine N\u00ed Fhearraigh, Eibhl\u00edn N\u00ed Mh\u00e1irt\u00edn, Neasa Nic Dhonncha, agus Sorcha N\u00ed Lorc\u00e1in sa ghearrscann\u00e1n faisn\u00e9ise seo de r\u00e9ir mar a thugann siad faoi aistear ceoil le ch\u00e9ile chun amhr\u00e1n ar an sean-n\u00f3s a chur i gcomhth\u00e9acs na bliana 2023. Le cuidi\u00fa \u00f3na meant\u00f3ir\u00ed, an rap\u00e1la\u00ed Ois\u00edn Mac agus an l\u00e9iritheoir ceoil V\u00fad\u00fa (Aaron \u00d3 S\u00failleabh\u00e1in), crutha\u00edonn siad amhr\u00e1n nua ar an sean-n\u00f3s X hip hap.<br \/>\n&nbsp;<\/p>\n<p>Is \u00e9ard a d\u00fairt <strong>Muireann N\u00ed Chiobh\u00e1in, Eagarth\u00f3ir Coimisi\u00fanaithe do Dhaoine \u00d3ga<\/strong>, <em>\u201cT\u00e1 r\u00edm\u00e9ad ar TG4 faoi \u2018Chruinni\u00fa na n\u00d3g\u2019 2023. I mbliana beidh scann\u00e1n faisn\u00e9ise nua ann ar a dtugtar Sean-n\u00f3s a leanann ceathrar \u00f3g at\u00e1 ag iarraidh f\u00e1il amach an f\u00e9idir leo agus ar cheart d\u00f3ibh traidisi\u00fan a bhriseadh agus st\u00edl nua-aimseartha a chur ar amhr\u00e1n ar an sean-n\u00f3s?  Beidh sraith nua Crutha\u00edm ann freisin at\u00e1 l\u00e9irithe ag F\u00edb\u00edn agus a chuireann mar at\u00e1 i gceist leis an gcruthaitheacht do dhaoine \u00f3ga ar fud na h\u00c9ireann agus thar lear os comhair an phobail. &#8220;<\/em><br \/>\n&nbsp;<br \/>\nChun liosta ioml\u00e1n a fh\u00e1il de na gn\u00edomha\u00edochta\u00ed ar fad agus chun eolas a fh\u00e1il ar mar is f\u00e9idir leat p\u00e1irt a ghlacadh i gCruinni\u00fa na n\u00d3g \u2013 t\u00e9igh chuig <a href=\"https:\/\/cruinniu.creativeireland.gov.ie\/\" rel=\"noopener\" target=\"_blank\">https:\/\/cruinniu.creativeireland.gov.ie\/<\/a><br \/>\n&nbsp;<br \/>\nIs tionscnamh de chuid Chl\u00e1r \u00c9ire Ild\u00e1nach \u00e9 Cruinni\u00fa na n\u00d3g agus t\u00e1 s\u00e9 ar cheann de na pr\u00edomh-ghn\u00edomhartha a bhaineann le h\u00d3ige Ild\u00e1nach &#8211; plean chun acmhainneacht chruthaitheach gach linbh agus duine \u00f3ig a chumas\u00fa. Is iad l\u00edonra Comhordaitheoir\u00ed \u00c9ire Ild\u00e1nach agus foirne Cruthaitheachta agus Cult\u00fair na n-\u00fadar\u00e1s \u00e1iti\u00fail a chuireann an tionscnamh ar f\u00e1il i ngach ceann de na 31 \u00fadar\u00e1s \u00e1iti\u00fail agus t\u00e1 taca\u00edocht faighte aige \u00f3 TG4 agus RT\u00c9.<br \/>\n&nbsp;<\/p>\n","protected":false},"excerpt":{"rendered":"<p>Blais\u00edn: https:\/\/youtu.be\/pJ1ls1lPSok &nbsp; Beidh TG4 ag ceili\u00faradh Chruinni\u00fa na n\u00d3g 2023 i gcomhph\u00e1irt\u00edocht le Cl\u00e1r \u00c9ire Ild\u00e1nach na Roinne Turas\u00f3ireachta, Cult\u00fair, Eala\u00edon, Gaeltachta, Sp\u00f3irt agus Me\u00e1n le roinnt sraitheanna gearrscann\u00e1n ina mbeidh leana\u00ed agus d\u00e9ag\u00f3ir\u00ed p\u00e1irteach. T\u00e1 sraith nua Crutha\u00edm i measc na l\u00e9iri\u00fach\u00e1n sin a dh\u00e9anann ceili\u00faradh ar chruthaitheacht agus ar nu\u00e1la\u00edocht daoine \u00f3ga [&hellip;]<\/p>\n","protected":false},"author":876,"featured_media":0,"parent":180840,"menu_order":16,"comment_status":"closed","ping_status":"closed","template":"page-templates\/template-pr.php","meta":{"_acf_changed":false,"footnotes":""},"acf":[],"yoast_head":"<!-- This site is optimized with the Yoast SEO plugin v22.6 - https:\/\/yoast.com\/wordpress\/plugins\/seo\/ -->\n<title>Ceili\u00faradh ar bun ag TG4 ar Chruinni\u00fa na n\u00d3g 2023, l\u00e1 don chruthaitheacht do dhaoine \u00f3ga | Preas R\u00e1iteas | TG4<\/title>\n<meta name=\"description\" content=\"Beidh TG4 ag ceili\u00faradh Chruinni\u00fa na n\u00d3g 2023 i gcomhph\u00e1irt\u00edocht le Cl\u00e1r \u00c9ire Ild\u00e1nach na Roinne Turas\u00f3ireachta, Cult\u00fair, Eala\u00edon, Gaeltachta, Sp\u00f3irt agus Me\u00e1n le roinnt sraitheanna gearrscann\u00e1n ina mbeidh leana\u00ed agus d\u00e9ag\u00f3ir\u00ed p\u00e1irteach.\" \/>\n<meta name=\"robots\" content=\"index, follow, max-snippet:-1, max-image-preview:large, max-video-preview:-1\" \/>\n<meta property=\"og:locale\" content=\"en_US\" \/>\n<meta property=\"og:type\" content=\"article\" \/>\n<meta property=\"og:title\" content=\"Ceili\u00faradh ar bun ag TG4 ar Chruinni\u00fa na n\u00d3g 2023, l\u00e1 don chruthaitheacht do dhaoine \u00f3ga | Preas R\u00e1iteas | TG4\" \/>\n<meta property=\"og:description\" content=\"Beidh TG4 ag ceili\u00faradh Chruinni\u00fa na n\u00d3g 2023 i gcomhph\u00e1irt\u00edocht le Cl\u00e1r \u00c9ire Ild\u00e1nach na Roinne Turas\u00f3ireachta, Cult\u00fair, Eala\u00edon, Gaeltachta, Sp\u00f3irt agus Me\u00e1n le roinnt sraitheanna gearrscann\u00e1n ina mbeidh leana\u00ed agus d\u00e9ag\u00f3ir\u00ed p\u00e1irteach.\" \/>\n<meta property=\"og:url\" content=\"https:\/\/dev.tg4.ie\/ga\/eolas\/preas\/nuacht-raitis\/2023-2\/ceiliuradh-ar-bun-ag-tg4-ar-chruinniu-na-nog-2023\/\" \/>\n<meta property=\"og:site_name\" content=\"TG4\" \/>\n<meta property=\"article:publisher\" content=\"https:\/\/www.facebook.com\/TG4TV\" \/>\n<meta property=\"article:modified_time\" content=\"2023-06-02T11:03:18+00:00\" \/>\n<meta property=\"og:image\" content=\"https:\/\/tg4-docs.s3.amazonaws.com\/wp-content\/uploads\/2023\/06\/02120149\/Cruthaim_Samhlaiocht_1-1920x1080-1.jpg\" \/>\n\t<meta property=\"og:image:width\" content=\"1920\" \/>\n\t<meta property=\"og:image:height\" content=\"1080\" \/>\n\t<meta property=\"og:image:type\" content=\"image\/jpeg\" \/>\n<meta name=\"twitter:card\" content=\"summary_large_image\" \/>\n<meta name=\"twitter:image\" content=\"https:\/\/tg4-docs.s3.amazonaws.com\/wp-content\/uploads\/2023\/06\/02120149\/Cruthaim_Samhlaiocht_1-1920x1080-1.jpg\" \/>\n<meta name=\"twitter:site\" content=\"@TG4TV\" \/>\n<meta name=\"twitter:label1\" content=\"Est. reading time\" \/>\n\t<meta name=\"twitter:data1\" content=\"4 minutes\" \/>\n<script type=\"application\/ld+json\" class=\"yoast-schema-graph\">{\"@context\":\"https:\/\/schema.org\",\"@graph\":[{\"@type\":\"WebPage\",\"@id\":\"https:\/\/dev.tg4.ie\/ga\/eolas\/preas\/nuacht-raitis\/2023-2\/ceiliuradh-ar-bun-ag-tg4-ar-chruinniu-na-nog-2023\/\",\"url\":\"https:\/\/dev.tg4.ie\/ga\/eolas\/preas\/nuacht-raitis\/2023-2\/ceiliuradh-ar-bun-ag-tg4-ar-chruinniu-na-nog-2023\/\",\"name\":\"Ceili\u00faradh ar bun ag TG4 ar Chruinni\u00fa na n\u00d3g 2023, l\u00e1 don chruthaitheacht do dhaoine \u00f3ga | Preas R\u00e1iteas | TG4\",\"isPartOf\":{\"@id\":\"https:\/\/dev.tg4.ie\/en\/#website\"},\"primaryImageOfPage\":{\"@id\":\"https:\/\/dev.tg4.ie\/ga\/eolas\/preas\/nuacht-raitis\/2023-2\/ceiliuradh-ar-bun-ag-tg4-ar-chruinniu-na-nog-2023\/#primaryimage\"},\"image\":{\"@id\":\"https:\/\/dev.tg4.ie\/ga\/eolas\/preas\/nuacht-raitis\/2023-2\/ceiliuradh-ar-bun-ag-tg4-ar-chruinniu-na-nog-2023\/#primaryimage\"},\"thumbnailUrl\":\"https:\/\/dev.tg4.ie\/wp-content\/uploads\/2023\/06\/Cruthaim_Gaineamh_1-1920x1080-1.jpg\",\"datePublished\":\"2023-06-02T09:26:51+00:00\",\"dateModified\":\"2023-06-02T11:03:18+00:00\",\"description\":\"Beidh TG4 ag ceili\u00faradh Chruinni\u00fa na n\u00d3g 2023 i gcomhph\u00e1irt\u00edocht le Cl\u00e1r \u00c9ire Ild\u00e1nach na Roinne Turas\u00f3ireachta, Cult\u00fair, Eala\u00edon, Gaeltachta, Sp\u00f3irt agus Me\u00e1n le roinnt sraitheanna gearrscann\u00e1n ina mbeidh leana\u00ed agus d\u00e9ag\u00f3ir\u00ed p\u00e1irteach.\",\"breadcrumb\":{\"@id\":\"https:\/\/dev.tg4.ie\/ga\/eolas\/preas\/nuacht-raitis\/2023-2\/ceiliuradh-ar-bun-ag-tg4-ar-chruinniu-na-nog-2023\/#breadcrumb\"},\"inLanguage\":\"ga\",\"potentialAction\":[{\"@type\":\"ReadAction\",\"target\":[\"https:\/\/dev.tg4.ie\/ga\/eolas\/preas\/nuacht-raitis\/2023-2\/ceiliuradh-ar-bun-ag-tg4-ar-chruinniu-na-nog-2023\/\"]}]},{\"@type\":\"ImageObject\",\"inLanguage\":\"ga\",\"@id\":\"https:\/\/dev.tg4.ie\/ga\/eolas\/preas\/nuacht-raitis\/2023-2\/ceiliuradh-ar-bun-ag-tg4-ar-chruinniu-na-nog-2023\/#primaryimage\",\"url\":\"https:\/\/dev.tg4.ie\/wp-content\/uploads\/2023\/06\/Cruthaim_Gaineamh_1-1920x1080-1.jpg\",\"contentUrl\":\"https:\/\/dev.tg4.ie\/wp-content\/uploads\/2023\/06\/Cruthaim_Gaineamh_1-1920x1080-1.jpg\"},{\"@type\":\"BreadcrumbList\",\"@id\":\"https:\/\/dev.tg4.ie\/ga\/eolas\/preas\/nuacht-raitis\/2023-2\/ceiliuradh-ar-bun-ag-tg4-ar-chruinniu-na-nog-2023\/#breadcrumb\",\"itemListElement\":[{\"@type\":\"ListItem\",\"position\":1,\"name\":\"Home\",\"item\":\"https:\/\/dev.tg4.ie\/ga\/\"},{\"@type\":\"ListItem\",\"position\":2,\"name\":\"Eolas\",\"item\":\"https:\/\/dev.tg4.ie\/ga\/eolas\/\"},{\"@type\":\"ListItem\",\"position\":3,\"name\":\"Preas\",\"item\":\"https:\/\/dev.tg4.ie\/ga\/eolas\/preas\/\"},{\"@type\":\"ListItem\",\"position\":4,\"name\":\"Nuacht R\u00e1itis\",\"item\":\"https:\/\/dev.tg4.ie\/ga\/eolas\/preas\/nuacht-raitis\/\"},{\"@type\":\"ListItem\",\"position\":5,\"name\":\"2023\",\"item\":\"https:\/\/dev.tg4.ie\/ga\/eolas\/preas\/nuacht-raitis\/2023-2\/\"},{\"@type\":\"ListItem\",\"position\":6,\"name\":\"Ceili\u00faradh ar bun ag TG4 ar Chruinni\u00fa na n\u00d3g 2023, l\u00e1 don chruthaitheacht do dhaoine \u00f3ga\"}]},{\"@type\":\"WebSite\",\"@id\":\"https:\/\/dev.tg4.ie\/en\/#website\",\"url\":\"https:\/\/dev.tg4.ie\/en\/\",\"name\":\"TG4\",\"description\":\"S\u00fail Eile\",\"potentialAction\":[{\"@type\":\"SearchAction\",\"target\":{\"@type\":\"EntryPoint\",\"urlTemplate\":\"https:\/\/dev.tg4.ie\/en\/?s={search_term_string}\"},\"query-input\":\"required name=search_term_string\"}],\"inLanguage\":\"ga\"}]}<\/script>\n<!-- \/ Yoast SEO plugin. -->","yoast_head_json":{"title":"Ceili\u00faradh ar bun ag TG4 ar Chruinni\u00fa na n\u00d3g 2023, l\u00e1 don chruthaitheacht do dhaoine \u00f3ga | Preas R\u00e1iteas | TG4","description":"Beidh TG4 ag ceili\u00faradh Chruinni\u00fa na n\u00d3g 2023 i gcomhph\u00e1irt\u00edocht le Cl\u00e1r \u00c9ire Ild\u00e1nach na Roinne Turas\u00f3ireachta, Cult\u00fair, Eala\u00edon, Gaeltachta, Sp\u00f3irt agus Me\u00e1n le roinnt sraitheanna gearrscann\u00e1n ina mbeidh leana\u00ed agus d\u00e9ag\u00f3ir\u00ed p\u00e1irteach.","robots":{"index":"index","follow":"follow","max-snippet":"max-snippet:-1","max-image-preview":"max-image-preview:large","max-video-preview":"max-video-preview:-1"},"og_locale":"en_US","og_type":"article","og_title":"Ceili\u00faradh ar bun ag TG4 ar Chruinni\u00fa na n\u00d3g 2023, l\u00e1 don chruthaitheacht do dhaoine \u00f3ga | Preas R\u00e1iteas | TG4","og_description":"Beidh TG4 ag ceili\u00faradh Chruinni\u00fa na n\u00d3g 2023 i gcomhph\u00e1irt\u00edocht le Cl\u00e1r \u00c9ire Ild\u00e1nach na Roinne Turas\u00f3ireachta, Cult\u00fair, Eala\u00edon, Gaeltachta, Sp\u00f3irt agus Me\u00e1n le roinnt sraitheanna gearrscann\u00e1n ina mbeidh leana\u00ed agus d\u00e9ag\u00f3ir\u00ed p\u00e1irteach.","og_url":"https:\/\/dev.tg4.ie\/ga\/eolas\/preas\/nuacht-raitis\/2023-2\/ceiliuradh-ar-bun-ag-tg4-ar-chruinniu-na-nog-2023\/","og_site_name":"TG4","article_publisher":"https:\/\/www.facebook.com\/TG4TV","article_modified_time":"2023-06-02T11:03:18+00:00","og_image":[{"width":1920,"height":1080,"url":"https:\/\/tg4-docs.s3.amazonaws.com\/wp-content\/uploads\/2023\/06\/02120149\/Cruthaim_Samhlaiocht_1-1920x1080-1.jpg","type":"image\/jpeg"}],"twitter_card":"summary_large_image","twitter_image":"https:\/\/tg4-docs.s3.amazonaws.com\/wp-content\/uploads\/2023\/06\/02120149\/Cruthaim_Samhlaiocht_1-1920x1080-1.jpg","twitter_site":"@TG4TV","twitter_misc":{"Est. reading time":"4 minutes"},"schema":{"@context":"https:\/\/schema.org","@graph":[{"@type":"WebPage","@id":"https:\/\/dev.tg4.ie\/ga\/eolas\/preas\/nuacht-raitis\/2023-2\/ceiliuradh-ar-bun-ag-tg4-ar-chruinniu-na-nog-2023\/","url":"https:\/\/dev.tg4.ie\/ga\/eolas\/preas\/nuacht-raitis\/2023-2\/ceiliuradh-ar-bun-ag-tg4-ar-chruinniu-na-nog-2023\/","name":"Ceili\u00faradh ar bun ag TG4 ar Chruinni\u00fa na n\u00d3g 2023, l\u00e1 don chruthaitheacht do dhaoine \u00f3ga | Preas R\u00e1iteas | TG4","isPartOf":{"@id":"https:\/\/dev.tg4.ie\/en\/#website"},"primaryImageOfPage":{"@id":"https:\/\/dev.tg4.ie\/ga\/eolas\/preas\/nuacht-raitis\/2023-2\/ceiliuradh-ar-bun-ag-tg4-ar-chruinniu-na-nog-2023\/#primaryimage"},"image":{"@id":"https:\/\/dev.tg4.ie\/ga\/eolas\/preas\/nuacht-raitis\/2023-2\/ceiliuradh-ar-bun-ag-tg4-ar-chruinniu-na-nog-2023\/#primaryimage"},"thumbnailUrl":"https:\/\/dev.tg4.ie\/wp-content\/uploads\/2023\/06\/Cruthaim_Gaineamh_1-1920x1080-1.jpg","datePublished":"2023-06-02T09:26:51+00:00","dateModified":"2023-06-02T11:03:18+00:00","description":"Beidh TG4 ag ceili\u00faradh Chruinni\u00fa na n\u00d3g 2023 i gcomhph\u00e1irt\u00edocht le Cl\u00e1r \u00c9ire Ild\u00e1nach na Roinne Turas\u00f3ireachta, Cult\u00fair, Eala\u00edon, Gaeltachta, Sp\u00f3irt agus Me\u00e1n le roinnt sraitheanna gearrscann\u00e1n ina mbeidh leana\u00ed agus d\u00e9ag\u00f3ir\u00ed p\u00e1irteach.","breadcrumb":{"@id":"https:\/\/dev.tg4.ie\/ga\/eolas\/preas\/nuacht-raitis\/2023-2\/ceiliuradh-ar-bun-ag-tg4-ar-chruinniu-na-nog-2023\/#breadcrumb"},"inLanguage":"ga","potentialAction":[{"@type":"ReadAction","target":["https:\/\/dev.tg4.ie\/ga\/eolas\/preas\/nuacht-raitis\/2023-2\/ceiliuradh-ar-bun-ag-tg4-ar-chruinniu-na-nog-2023\/"]}]},{"@type":"ImageObject","inLanguage":"ga","@id":"https:\/\/dev.tg4.ie\/ga\/eolas\/preas\/nuacht-raitis\/2023-2\/ceiliuradh-ar-bun-ag-tg4-ar-chruinniu-na-nog-2023\/#primaryimage","url":"https:\/\/dev.tg4.ie\/wp-content\/uploads\/2023\/06\/Cruthaim_Gaineamh_1-1920x1080-1.jpg","contentUrl":"https:\/\/dev.tg4.ie\/wp-content\/uploads\/2023\/06\/Cruthaim_Gaineamh_1-1920x1080-1.jpg"},{"@type":"BreadcrumbList","@id":"https:\/\/dev.tg4.ie\/ga\/eolas\/preas\/nuacht-raitis\/2023-2\/ceiliuradh-ar-bun-ag-tg4-ar-chruinniu-na-nog-2023\/#breadcrumb","itemListElement":[{"@type":"ListItem","position":1,"name":"Home","item":"https:\/\/dev.tg4.ie\/ga\/"},{"@type":"ListItem","position":2,"name":"Eolas","item":"https:\/\/dev.tg4.ie\/ga\/eolas\/"},{"@type":"ListItem","position":3,"name":"Preas","item":"https:\/\/dev.tg4.ie\/ga\/eolas\/preas\/"},{"@type":"ListItem","position":4,"name":"Nuacht R\u00e1itis","item":"https:\/\/dev.tg4.ie\/ga\/eolas\/preas\/nuacht-raitis\/"},{"@type":"ListItem","position":5,"name":"2023","item":"https:\/\/dev.tg4.ie\/ga\/eolas\/preas\/nuacht-raitis\/2023-2\/"},{"@type":"ListItem","position":6,"name":"Ceili\u00faradh ar bun ag TG4 ar Chruinni\u00fa na n\u00d3g 2023, l\u00e1 don chruthaitheacht do dhaoine \u00f3ga"}]},{"@type":"WebSite","@id":"https:\/\/dev.tg4.ie\/en\/#website","url":"https:\/\/dev.tg4.ie\/en\/","name":"TG4","description":"S\u00fail Eile","potentialAction":[{"@type":"SearchAction","target":{"@type":"EntryPoint","urlTemplate":"https:\/\/dev.tg4.ie\/en\/?s={search_term_string}"},"query-input":"required name=search_term_string"}],"inLanguage":"ga"}]}},"_links":{"self":[{"href":"https:\/\/dev.tg4.ie\/ga\/wp-json\/wp\/v2\/pages\/195614"}],"collection":[{"href":"https:\/\/dev.tg4.ie\/ga\/wp-json\/wp\/v2\/pages"}],"about":[{"href":"https:\/\/dev.tg4.ie\/ga\/wp-json\/wp\/v2\/types\/page"}],"author":[{"embeddable":true,"href":"https:\/\/dev.tg4.ie\/ga\/wp-json\/wp\/v2\/users\/876"}],"replies":[{"embeddable":true,"href":"https:\/\/dev.tg4.ie\/ga\/wp-json\/wp\/v2\/comments?post=195614"}],"version-history":[{"count":0,"href":"https:\/\/dev.tg4.ie\/ga\/wp-json\/wp\/v2\/pages\/195614\/revisions"}],"up":[{"embeddable":true,"href":"https:\/\/dev.tg4.ie\/ga\/wp-json\/wp\/v2\/pages\/180840"}],"wp:attachment":[{"href":"https:\/\/dev.tg4.ie\/ga\/wp-json\/wp\/v2\/media?parent=195614"}],"curies":[{"name":"wp","href":"https:\/\/api.w.org\/{rel}","templated":true}]}}