{"id":19710,"date":"2016-05-30T16:17:49","date_gmt":"2016-05-30T15:17:49","guid":{"rendered":"https:\/\/dev.tg4.ie\/corporate\/preas\/press-releases\/2016-2\/16-05-16-2\/"},"modified":"2019-06-24T16:35:25","modified_gmt":"2019-06-24T15:35:25","slug":"30-05-16","status":"publish","type":"page","link":"https:\/\/dev.tg4.ie\/ga\/eolas\/preas\/nuacht-raitis\/2016-2\/30-05-16\/","title":{"rendered":"30.05.16"},"content":{"rendered":"<p>D\u2019fh\u00e9ach<strong> beagnach leathmhilli\u00fan duine<\/strong> <strong>(496,000)<\/strong> ar TG4 \u00a0uair \u00e9igin le linn an bheo-chraoladh tr\u00ed uair an chloig ar an \u00f3c\u00e1id agus <strong>ar an me\u00e1n 187,000 people\u00a0 duine ar an gcluiche ioml\u00e1n f\u00e9in, <\/strong>\u00f3 th\u00fas b\u00e1ire go \u00a0deireadh imeartha<strong>.\u00a0\u00a0 <\/strong><\/p>\n<p>T\u00e1 Ardsti\u00farth\u00f3ir an chain\u00e9il,\u00a0 P\u00f3l \u00d3 Gallch\u00f3ir, thar a bheith s\u00e1sta leis an toradh seo: \u201c <em>Bh\u00ed a fhios againn go mbeadh\u00a0 an-\u00e9ileamh ag an bpobal f\u00e9achana teilif\u00edse ar \u00e1r mbeochraoladh saor go haer seo againn as Murrayfield,\u201d <\/em>\u00a0a d\u00fairt s\u00e9 \u201c<em>ach is iontach ar fad a chruth\u00fanas a fheice\u00e1il sna\u00a0 tortha\u00ed \u00f3 TAM Ireland.\u00a0\u00a0\u00a0 Bh\u00ed \u00f3c\u00e1id ar ar leith ann \u2013 dh\u00e1 fhoireann \u00f3n t\u00edr seo i gcluiche ceannais ar mh\u00f3rchom\u00f3rtas idirn\u00e1isi\u00fanta a bh\u00ed \u00e1 imirt thar s\u00e1ile, aistear fada costasach curtha d\u00edobh ag an lucht leanta, paisean ar leith na gConnachtach, idir imreoir\u00ed agus eile, aimsir \u00e1lainn agus toradh stairi\u00fail.\u00a0 Chuir focla Gaeilge Phat Lam ar an deireadh, an dlaoi mhullaigh ar an \u00f3c\u00e1id \u00f3 thaobh TG4 de agus is leor sin mar mholadh.\u201d<\/em><\/p>\n","protected":false},"excerpt":{"rendered":"<p>D\u2019fh\u00e9ach beagnach leathmhilli\u00fan duine (496,000) ar TG4 \u00a0uair \u00e9igin le linn an bheo-chraoladh tr\u00ed uair an chloig ar an \u00f3c\u00e1id agus ar an me\u00e1n 187,000 people\u00a0 duine ar an gcluiche ioml\u00e1n f\u00e9in, \u00f3 th\u00fas b\u00e1ire go \u00a0deireadh imeartha.\u00a0\u00a0 T\u00e1 Ardsti\u00farth\u00f3ir an chain\u00e9il,\u00a0 P\u00f3l \u00d3 Gallch\u00f3ir, thar a bheith s\u00e1sta leis an toradh seo: \u201c Bh\u00ed [&hellip;]<\/p>\n","protected":false},"author":4,"featured_media":14712,"parent":6580,"menu_order":19,"comment_status":"closed","ping_status":"closed","template":"page-templates\/template-pr.php","meta":{"_acf_changed":false,"footnotes":""},"acf":[],"yoast_head":"<!-- This site is optimized with the Yoast SEO plugin v22.6 - https:\/\/yoast.com\/wordpress\/plugins\/seo\/ -->\n<title>30.05.16 - TG4<\/title>\n<meta name=\"robots\" content=\"index, follow, max-snippet:-1, max-image-preview:large, max-video-preview:-1\" \/>\n<meta property=\"og:locale\" content=\"en_US\" \/>\n<meta property=\"og:type\" content=\"article\" \/>\n<meta property=\"og:title\" content=\"30.05.16 - TG4\" \/>\n<meta property=\"og:description\" content=\"D\u2019fh\u00e9ach beagnach leathmhilli\u00fan duine (496,000) ar TG4 \u00a0uair \u00e9igin le linn an bheo-chraoladh tr\u00ed uair an chloig ar an \u00f3c\u00e1id agus ar an me\u00e1n 187,000 people\u00a0 duine ar an gcluiche ioml\u00e1n f\u00e9in, \u00f3 th\u00fas b\u00e1ire go \u00a0deireadh imeartha.\u00a0\u00a0 T\u00e1 Ardsti\u00farth\u00f3ir an chain\u00e9il,\u00a0 P\u00f3l \u00d3 Gallch\u00f3ir, thar a bheith s\u00e1sta leis an toradh seo: \u201c Bh\u00ed [&hellip;]\" \/>\n<meta property=\"og:url\" content=\"https:\/\/dev.tg4.ie\/ga\/eolas\/preas\/nuacht-raitis\/2016-2\/30-05-16\/\" \/>\n<meta property=\"og:site_name\" content=\"TG4\" \/>\n<meta property=\"article:publisher\" content=\"https:\/\/www.facebook.com\/TG4TV\" \/>\n<meta property=\"article:modified_time\" content=\"2019-06-24T15:35:25+00:00\" \/>\n<meta property=\"og:image\" content=\"https:\/\/tg4-docs.s3.amazonaws.com\/tg4-redesign-2015\/wp-content\/uploads\/2015\/07\/Rugbai-Beo.jpg\" \/>\n\t<meta property=\"og:image:width\" content=\"1920\" \/>\n\t<meta property=\"og:image:height\" content=\"1080\" \/>\n\t<meta property=\"og:image:type\" content=\"image\/jpeg\" \/>\n<meta name=\"twitter:card\" content=\"summary_large_image\" \/>\n<meta name=\"twitter:site\" content=\"@TG4TV\" \/>\n<meta name=\"twitter:label1\" content=\"Est. reading time\" \/>\n\t<meta name=\"twitter:data1\" content=\"1 minute\" \/>\n<script type=\"application\/ld+json\" class=\"yoast-schema-graph\">{\"@context\":\"https:\/\/schema.org\",\"@graph\":[{\"@type\":\"WebPage\",\"@id\":\"https:\/\/dev.tg4.ie\/ga\/eolas\/preas\/nuacht-raitis\/2016-2\/30-05-16\/\",\"url\":\"https:\/\/dev.tg4.ie\/ga\/eolas\/preas\/nuacht-raitis\/2016-2\/30-05-16\/\",\"name\":\"30.05.16 - TG4\",\"isPartOf\":{\"@id\":\"https:\/\/dev.tg4.ie\/en\/#website\"},\"primaryImageOfPage\":{\"@id\":\"https:\/\/dev.tg4.ie\/ga\/eolas\/preas\/nuacht-raitis\/2016-2\/30-05-16\/#primaryimage\"},\"image\":{\"@id\":\"https:\/\/dev.tg4.ie\/ga\/eolas\/preas\/nuacht-raitis\/2016-2\/30-05-16\/#primaryimage\"},\"thumbnailUrl\":\"https:\/\/tg4-docs.s3.amazonaws.com\/tg4-redesign-2015\/wp-content\/uploads\/2015\/07\/Rugbai-Beo.jpg\",\"datePublished\":\"2016-05-30T15:17:49+00:00\",\"dateModified\":\"2019-06-24T15:35:25+00:00\",\"breadcrumb\":{\"@id\":\"https:\/\/dev.tg4.ie\/ga\/eolas\/preas\/nuacht-raitis\/2016-2\/30-05-16\/#breadcrumb\"},\"inLanguage\":\"ga\",\"potentialAction\":[{\"@type\":\"ReadAction\",\"target\":[\"https:\/\/dev.tg4.ie\/ga\/eolas\/preas\/nuacht-raitis\/2016-2\/30-05-16\/\"]}]},{\"@type\":\"ImageObject\",\"inLanguage\":\"ga\",\"@id\":\"https:\/\/dev.tg4.ie\/ga\/eolas\/preas\/nuacht-raitis\/2016-2\/30-05-16\/#primaryimage\",\"url\":\"https:\/\/tg4-docs.s3.amazonaws.com\/tg4-redesign-2015\/wp-content\/uploads\/2015\/07\/Rugbai-Beo.jpg\",\"contentUrl\":\"https:\/\/tg4-docs.s3.amazonaws.com\/tg4-redesign-2015\/wp-content\/uploads\/2015\/07\/Rugbai-Beo.jpg\",\"width\":1920,\"height\":1080,\"caption\":\"Rugba\u00ed Beo - Connacht ~\"},{\"@type\":\"BreadcrumbList\",\"@id\":\"https:\/\/dev.tg4.ie\/ga\/eolas\/preas\/nuacht-raitis\/2016-2\/30-05-16\/#breadcrumb\",\"itemListElement\":[{\"@type\":\"ListItem\",\"position\":1,\"name\":\"Home\",\"item\":\"https:\/\/dev.tg4.ie\/ga\/\"},{\"@type\":\"ListItem\",\"position\":2,\"name\":\"Eolas\",\"item\":\"https:\/\/dev.tg4.ie\/ga\/eolas\/\"},{\"@type\":\"ListItem\",\"position\":3,\"name\":\"Preas\",\"item\":\"https:\/\/dev.tg4.ie\/ga\/eolas\/preas\/\"},{\"@type\":\"ListItem\",\"position\":4,\"name\":\"Nuacht R\u00e1itis\",\"item\":\"https:\/\/dev.tg4.ie\/ga\/eolas\/preas\/nuacht-raitis\/\"},{\"@type\":\"ListItem\",\"position\":5,\"name\":\"2016\",\"item\":\"https:\/\/dev.tg4.ie\/ga\/eolas\/preas\/nuacht-raitis\/2016-2\/\"},{\"@type\":\"ListItem\",\"position\":6,\"name\":\"30.05.16\"}]},{\"@type\":\"WebSite\",\"@id\":\"https:\/\/dev.tg4.ie\/en\/#website\",\"url\":\"https:\/\/dev.tg4.ie\/en\/\",\"name\":\"TG4\",\"description\":\"S\u00fail Eile\",\"potentialAction\":[{\"@type\":\"SearchAction\",\"target\":{\"@type\":\"EntryPoint\",\"urlTemplate\":\"https:\/\/dev.tg4.ie\/en\/?s={search_term_string}\"},\"query-input\":\"required name=search_term_string\"}],\"inLanguage\":\"ga\"}]}<\/script>\n<!-- \/ Yoast SEO plugin. -->","yoast_head_json":{"title":"30.05.16 - TG4","robots":{"index":"index","follow":"follow","max-snippet":"max-snippet:-1","max-image-preview":"max-image-preview:large","max-video-preview":"max-video-preview:-1"},"og_locale":"en_US","og_type":"article","og_title":"30.05.16 - TG4","og_description":"D\u2019fh\u00e9ach beagnach leathmhilli\u00fan duine (496,000) ar TG4 \u00a0uair \u00e9igin le linn an bheo-chraoladh tr\u00ed uair an chloig ar an \u00f3c\u00e1id agus ar an me\u00e1n 187,000 people\u00a0 duine ar an gcluiche ioml\u00e1n f\u00e9in, \u00f3 th\u00fas b\u00e1ire go \u00a0deireadh imeartha.\u00a0\u00a0 T\u00e1 Ardsti\u00farth\u00f3ir an chain\u00e9il,\u00a0 P\u00f3l \u00d3 Gallch\u00f3ir, thar a bheith s\u00e1sta leis an toradh seo: \u201c Bh\u00ed [&hellip;]","og_url":"https:\/\/dev.tg4.ie\/ga\/eolas\/preas\/nuacht-raitis\/2016-2\/30-05-16\/","og_site_name":"TG4","article_publisher":"https:\/\/www.facebook.com\/TG4TV","article_modified_time":"2019-06-24T15:35:25+00:00","og_image":[{"width":1920,"height":1080,"url":"https:\/\/tg4-docs.s3.amazonaws.com\/tg4-redesign-2015\/wp-content\/uploads\/2015\/07\/Rugbai-Beo.jpg","type":"image\/jpeg"}],"twitter_card":"summary_large_image","twitter_site":"@TG4TV","twitter_misc":{"Est. reading time":"1 minute"},"schema":{"@context":"https:\/\/schema.org","@graph":[{"@type":"WebPage","@id":"https:\/\/dev.tg4.ie\/ga\/eolas\/preas\/nuacht-raitis\/2016-2\/30-05-16\/","url":"https:\/\/dev.tg4.ie\/ga\/eolas\/preas\/nuacht-raitis\/2016-2\/30-05-16\/","name":"30.05.16 - TG4","isPartOf":{"@id":"https:\/\/dev.tg4.ie\/en\/#website"},"primaryImageOfPage":{"@id":"https:\/\/dev.tg4.ie\/ga\/eolas\/preas\/nuacht-raitis\/2016-2\/30-05-16\/#primaryimage"},"image":{"@id":"https:\/\/dev.tg4.ie\/ga\/eolas\/preas\/nuacht-raitis\/2016-2\/30-05-16\/#primaryimage"},"thumbnailUrl":"https:\/\/tg4-docs.s3.amazonaws.com\/tg4-redesign-2015\/wp-content\/uploads\/2015\/07\/Rugbai-Beo.jpg","datePublished":"2016-05-30T15:17:49+00:00","dateModified":"2019-06-24T15:35:25+00:00","breadcrumb":{"@id":"https:\/\/dev.tg4.ie\/ga\/eolas\/preas\/nuacht-raitis\/2016-2\/30-05-16\/#breadcrumb"},"inLanguage":"ga","potentialAction":[{"@type":"ReadAction","target":["https:\/\/dev.tg4.ie\/ga\/eolas\/preas\/nuacht-raitis\/2016-2\/30-05-16\/"]}]},{"@type":"ImageObject","inLanguage":"ga","@id":"https:\/\/dev.tg4.ie\/ga\/eolas\/preas\/nuacht-raitis\/2016-2\/30-05-16\/#primaryimage","url":"https:\/\/tg4-docs.s3.amazonaws.com\/tg4-redesign-2015\/wp-content\/uploads\/2015\/07\/Rugbai-Beo.jpg","contentUrl":"https:\/\/tg4-docs.s3.amazonaws.com\/tg4-redesign-2015\/wp-content\/uploads\/2015\/07\/Rugbai-Beo.jpg","width":1920,"height":1080,"caption":"Rugba\u00ed Beo - Connacht ~"},{"@type":"BreadcrumbList","@id":"https:\/\/dev.tg4.ie\/ga\/eolas\/preas\/nuacht-raitis\/2016-2\/30-05-16\/#breadcrumb","itemListElement":[{"@type":"ListItem","position":1,"name":"Home","item":"https:\/\/dev.tg4.ie\/ga\/"},{"@type":"ListItem","position":2,"name":"Eolas","item":"https:\/\/dev.tg4.ie\/ga\/eolas\/"},{"@type":"ListItem","position":3,"name":"Preas","item":"https:\/\/dev.tg4.ie\/ga\/eolas\/preas\/"},{"@type":"ListItem","position":4,"name":"Nuacht R\u00e1itis","item":"https:\/\/dev.tg4.ie\/ga\/eolas\/preas\/nuacht-raitis\/"},{"@type":"ListItem","position":5,"name":"2016","item":"https:\/\/dev.tg4.ie\/ga\/eolas\/preas\/nuacht-raitis\/2016-2\/"},{"@type":"ListItem","position":6,"name":"30.05.16"}]},{"@type":"WebSite","@id":"https:\/\/dev.tg4.ie\/en\/#website","url":"https:\/\/dev.tg4.ie\/en\/","name":"TG4","description":"S\u00fail Eile","potentialAction":[{"@type":"SearchAction","target":{"@type":"EntryPoint","urlTemplate":"https:\/\/dev.tg4.ie\/en\/?s={search_term_string}"},"query-input":"required name=search_term_string"}],"inLanguage":"ga"}]}},"_links":{"self":[{"href":"https:\/\/dev.tg4.ie\/ga\/wp-json\/wp\/v2\/pages\/19710"}],"collection":[{"href":"https:\/\/dev.tg4.ie\/ga\/wp-json\/wp\/v2\/pages"}],"about":[{"href":"https:\/\/dev.tg4.ie\/ga\/wp-json\/wp\/v2\/types\/page"}],"author":[{"embeddable":true,"href":"https:\/\/dev.tg4.ie\/ga\/wp-json\/wp\/v2\/users\/4"}],"replies":[{"embeddable":true,"href":"https:\/\/dev.tg4.ie\/ga\/wp-json\/wp\/v2\/comments?post=19710"}],"version-history":[{"count":0,"href":"https:\/\/dev.tg4.ie\/ga\/wp-json\/wp\/v2\/pages\/19710\/revisions"}],"up":[{"embeddable":true,"href":"https:\/\/dev.tg4.ie\/ga\/wp-json\/wp\/v2\/pages\/6580"}],"wp:featuredmedia":[{"embeddable":true,"href":"https:\/\/dev.tg4.ie\/ga\/wp-json\/wp\/v2\/media\/14712"}],"wp:attachment":[{"href":"https:\/\/dev.tg4.ie\/ga\/wp-json\/wp\/v2\/media?parent=19710"}],"curies":[{"name":"wp","href":"https:\/\/api.w.org\/{rel}","templated":true}]}}