{"id":199567,"date":"2023-07-15T15:00:57","date_gmt":"2023-07-15T14:00:57","guid":{"rendered":"https:\/\/dev.tg4.ie\/?page_id=199567"},"modified":"2023-07-15T11:56:41","modified_gmt":"2023-07-15T10:56:41","slug":"comhphairtiocht-nua-tg4-le-women-in-film-and-television-ireland","status":"publish","type":"page","link":"https:\/\/dev.tg4.ie\/ga\/eolas\/preas\/nuacht-raitis\/2023-2\/comhphairtiocht-nua-tg4-le-women-in-film-and-television-ireland\/","title":{"rendered":"Comhph\u00e1irt\u00edocht nua TG4 le Women in Film and Television Ireland f\u00f3gartha ag Fleadh Scann\u00e1n na Gaillimhe"},"content":{"rendered":"<table>\n<tbody>\n<tr>\n<td width=\"50%\"><img decoding=\"async\" class=\"\" src=\"https:\/\/tg4-docs.s3.amazonaws.com\/wp-content\/uploads\/2023\/07\/15112041\/OBheal-Strange-Boy.jpg\" alt=\"\u00d3 Bh\u00e9al - Strange-Boy\" \/><br \/>\n<sup>Pic: \u00d3 Bh\u00e9al &#8211; Strange-Boy<\/sup><\/td>\n<td><img decoding=\"async\" class=\"\" src=\"https:\/\/tg4-docs.s3.amazonaws.com\/wp-content\/uploads\/2023\/07\/15112039\/Croithe-Radacacha.jpg\" alt=\"Cro\u00edthe Radacacha\" \/><br \/>\n<sup>Pic: Cro\u00edthe Radacacha<\/sup><\/td>\n<\/tr>\n<\/tbody>\n<\/table>\n<p>&nbsp;<br \/>\nCro\u00edthe Radacacha- R\u00e9amhbhlaiseadh: <a href=\"https:\/\/www.youtube.com\/watch?v=QpuiNpvJpaY\" target=\"_New\" rel=\"noopener\">https:\/\/www.youtube.com\/watch?v=QpuiNpvJpaY<\/a><br \/>\n\u00d3 Bh\u00e9al &#8211; R\u00e9amhbhlaiseadh:  <a href=\"https:\/\/www.youtube.com\/watch?v=bnNrbtf6DYw\" target=\"_New\" rel=\"noopener\">https:\/\/www.youtube.com\/watch?v=bnNrbtf6DYw<\/a><br \/>\n&nbsp;<br \/>\nT\u00e1 r\u00edm\u00e9ad ar TG4 comhph\u00e1irt\u00edocht nua le Women in Film and Television Ireland a fh\u00f3gairt ag Fleadh Scann\u00e1n na Gaillimhe i mbliana. T\u00e1 s\u00e9 seo ag tarl\u00fa an t-am c\u00e9anna a bhfuil dh\u00e1 scann\u00e1n faisn\u00e9ise le TG4 \u00e1 gcur ar an sc\u00e1ile\u00e1n den ch\u00e9ad uair ag Fleadh Scann\u00e1n na Gaillimhe, scann\u00e1n at\u00e1 sti\u00fartha ag mn\u00e1 cumasacha. Is \u00ed Ciara Nic Chormaic a sti\u00fair \u00d3 Bh\u00e9al agus is \u00e9 Mind The Gap Films a l\u00e9irigh \u00e9 agus cuireadh \u00d3 Bh\u00e9al ar an sc\u00e1ile\u00e1n den ch\u00e9ad uair in \u00c9irinn i bpicti\u00farlann P\u00e1l\u00e1s ar an 14 I\u00fail. Is \u00ed Ciara Hyland a sti\u00fair Cro\u00edthe Radacacha agus is \u00e9 a comhlacht Wonder Pics a l\u00e9irigh \u00e9 agus cuireadh Cro\u00edthe Radacacha ar an sc\u00e1ile\u00e1n domhanda den ch\u00e9ad uair ag Fleadh Scann\u00e1n na Gaillimhe ar an 15 I\u00fail.<br \/>\n&nbsp;<\/p>\n<p>Mar aon leis na gradaim seo, t\u00e1 an t-iliomad ainmni\u00fach\u00e1n agus gradam faighte ag an scann\u00e1n seo le dh\u00e1 bhliain anuas, ainmni\u00fach\u00e1n do ghradam Oscar n\u00edos t\u00faisce i mbliana ina measc, mar aon le hocht gcinn de ghradaim IFTA a bhuachan in 2022.<br \/>\n&nbsp;<br \/>\nIns\u00edonn <strong>An Cail\u00edn Ci\u00fain<\/strong> sc\u00e9al Ch\u00e1it (Catherine Clinch), cail\u00edn \u00f3g \u00f3 theaghlach at\u00e1 r\u00f3phl\u00f3daithe, m\u00edfheidhmi\u00fail agus a chuirtear ar shi\u00fal chun c\u00f3na\u00ed le tuismitheoir\u00ed altrama don samhradh. C\u00e9 go gcuireann bean an t\u00ed, Eibhl\u00edn, (Carrie Crowley) f\u00e1ilte cro\u00ed\u00fail roimh Ch\u00e1it, fanann fear an t\u00ed, Se\u00e1n (Andrew Bennett) amach uaithi, agus ise uaidhsean, ach le himeacht ama, tosa\u00edonn cairdeas ag neart\u00fa eatarthu. Is \u00e9 An Cail\u00edn Ci\u00fain an ch\u00e9ad fadscann\u00e1n \u00f3n scr\u00edbhneoir agus sti\u00farth\u00f3ir, Colm Bair\u00e9ad agus \u00f3n l\u00e9iritheoir Cleona N\u00ed Chrualaoi \u00f3 Insc\u00e9al. Bh\u00ed An Cail\u00edn Ci\u00fain ag na Oscars ag t\u00fas na bliana, \u00e1it a raibh ainmni\u00fach\u00e1n faighte aige sa chatag\u00f3ir don Scann\u00e1n Idirn\u00e1isi\u00fanta. T\u00e1 an scann\u00e1n seo bunaithe ar an \u00farsc\u00e9al <em>Foster<\/em> a scr\u00edobh ag Claire Keegan.<br \/>\n&nbsp;<br \/>\nRe\u00e1cht\u00e1il TG4 imeacht inniu i bpicti\u00farlann P\u00e1l\u00e1s chun ceili\u00faradh a dh\u00e9anamh ar mhn\u00e1 cumasacha ag fleadh scann\u00e1n na bliana seo. D\u00fairt Alan Esslemont, Ardsti\u00farth\u00f3ir TG4, go bhfuil  \u201cr\u00edm\u00e9ad ar TG4 a bheith i mbun na comhph\u00e1irt\u00edochta nua seo le WFT Ireland.  T\u00e1 an ceangal d\u00e9anta agam le fada an l\u00e1 idir an fh\u00eds don chomhionannas inscne agus an fh\u00eds do chomhionannas teanga in \u00c9irinn.    Seasann TG4 d\u2019\u00c9irinn ina mbeidh r\u00f3l ioml\u00e1n \u00e1 imirt ag mn\u00e1 agus ag cainteoir\u00ed Gaeilge i socha\u00ed \u00e9ags\u00fail iolra\u00edoch.   \u00d3 seoladh TG4 in 1996 t\u00e1 eiseaml\u00e1ir\u00ed l\u00e1idre mn\u00e1 don tionscal closamhairc tagtha chun cinn \u00f3n\u00e1r bhfoireann agus \u00f3n\u00e1r gcraolta\u00ed.  Tr\u00ed oibri\u00fa n\u00edos dl\u00faithe le Women in Film and Television Ireland, t\u00e1 s\u00e9 beartaithe againn a chinnti\u00fa go leanann TG4 ar aghaidh i mbun na nu\u00e1la\u00edochta agus na ceannr\u00f3da\u00edochta chun na coinn\u00edollacha cu\u00ed a bhun\u00fa le go mbeidh rath ar cheannaireacht chruthaitheach na mban in \u00c9irinn.\u201d<br \/>\n&nbsp;<br \/>\nT\u00e1 an Dr. Susan Liddy, Cathaoirleach Women in Film and Television Ireland agus an t-uachtar\u00e1n nuacheaptha ar Women in Film and Television International d\u00edograiseach faoi chomhph\u00e1irt\u00edocht nua WTF Ireland le TG4. \u201cT\u00e1 l\u00fach\u00e1ir orm f\u00e1ilte a chur roimh TG4 chuig Women in Film and Television Ireland! Bh\u00ed TG4 tugtha le fada an l\u00e1 do chomhionannas inscne os comhair an cheamara agus taobh thiar de agus sa lucht saothair agus sa cheannasa\u00edocht chomh maith. Taca\u00edmid \u00f3 chro\u00ed leis an scann\u00e1n\u00f3ireacht Ghaeilge agus cuireadh faoi dhra\u00edocht as an ngn\u00e1th muid leis an m\u00e9id at\u00e1 bainte amach againn le d\u00e9ana\u00ed lena n-\u00e1ir\u00edtear An Cail\u00edn Ci\u00fain agus R\u00f3ise &#038; Frank. T\u00e1 a fhios againn go bhfuil TG4 ag obair le mn\u00e1 cumasacha iontacha as \u00c9irinn agus t\u00e1imid ag s\u00fail le haird a tharraingt ar an obair iontach at\u00e1 ar bun.\u201d<br \/>\n&nbsp;<br \/>\n<strong>An Sti\u00farth\u00f3ir Ciara Nic Chormaic : \u00d3 Bh\u00e9al<\/strong><br \/>\nIs scann\u00e1n\u00f3ir \u00ed Ciara Nic Chormaic at\u00e1 lonnaithe i mBaile \u00c1tha Cliath. Ina scann\u00e1n faisn\u00e9ise is d\u00e9ana\u00ed \u00d3 Bh\u00e9al, breathna\u00edtear ar an gcaoi a bhfuil ceolt\u00f3ir\u00ed hip hap ag baint leas as an traidisi\u00fan saibhir a bhaineann leis an sean-n\u00f3s, an fhil\u00edocht agus an Ghaeilge mar \u00e1bhar inspior\u00e1ide. Is iad Mind the Gap Films a l\u00e9irigh an scann\u00e1n don sc\u00e9im ilD\u00c1NA at\u00e1 c\u00f3mhaoinithe ag an gComhairle Eala\u00edon.  Sa bhliain 2022 sti\u00fair Ciara Clouded Reveries\/Aisling Tr\u00ed N\u00e9allaibh, ar ini\u00fachadh pearsanta \u00e9 ar dhomhan agus ar phr\u00f3iseas cruthaitheachta an scr\u00edbhneora m\u00f3r le r\u00e1, Doireann N\u00ed Ghr\u00edofa. Chuir an Chomhairle Eala\u00edon agus TG4 maoini\u00fa ar f\u00e1il don scann\u00e1n faoin nGradam ilD\u00c1NA agus craoladh an scann\u00e1n i bpicti\u00farlanna ar fud na h\u00c9ireann. Sa bhliain 2020 d\u2019\u00e9irigh lena c\u00e9ad scann\u00e1n faisn\u00e9ise, dar teideal Skin+Soul, faoi shaol agus faoi obair an ghrianghrafad\u00f3ra faisin aitheanta, Perry Ogden, an Gradam Reel Art a bhaint amach agus bh\u00ed an scann\u00e1n le feice\u00e1il den ch\u00e9ad uair ag F\u00e9ile Scann\u00e1n Idirn\u00e1isi\u00fanta Bhaile \u00c1tha Cliath sa bhliain 2020. Is t\u00e9ama \u00e9 faisean mar eala\u00edn a bhfilleann s\u00ed air ar\u00eds agus ar\u00eds eile ina cuid oibre agus sula l\u00e9irigh s\u00ed Skin+Soul, scr\u00edobh, sti\u00fair agus l\u00e9irigh s\u00ed sraith faisn\u00e9ise dar teideal Sn\u00e1ithe do TG4 ina nd\u00e9antar ini\u00fachadh ar fh\u00e9ini\u00falacht, p\u00e1tr\u00fanacht agus braistint ar sc\u00e9al fhaisean na h\u00c9ireann agus a bh\u00ed mar chuid den taispe\u00e1ntas sa Mh\u00fasaem Faisin agus Teicst\u00edle i Londain i Samhradh na bliana 2018. Sula raibh s\u00ed ina sti\u00farth\u00f3ir, chaith s\u00ed breis agus c\u00faig bliana d\u00e9ag ina l\u00e9iritheoir ar bronnadh duaiseanna uirthi.<br \/>\n&nbsp;<br \/>\n<strong>An Sti\u00farth\u00f3ir Ciara Hyland: Cro\u00edthe Radacacha<\/strong><br \/>\nIs scr\u00edbhneoir agus scann\u00e1n\u00f3ir \u00ed Ciara Hyland a bhfuil s\u00e1r-thaith\u00ed aici. T\u00e1 s\u00ed an-tugtha d\u2019insint chineamatach agus fh\u00edsi\u00fail na sc\u00e9alta a imr\u00edonn tionchar \u00f3 thaobh na moth\u00fach\u00e1n de agus a ins\u00edonn rud \u00e9igin d\u00fainn faoin domhan ina bhfuil c\u00f3na\u00ed orainn inniu. D\u00edr\u00edtear ina scann\u00e1n faisn\u00e9ise Cro\u00edthe Radacacha ar roinnt caidrimh chomhghn\u00e9is idir mn\u00e1 radacacha agus d\u00e9antar ceili\u00faradh ar an love that dares not speak its name a fuarthas i gcro\u00edl\u00e1r R\u00e9abhl\u00f3id na h\u00c9ireann. Sa bhliain 2021 l\u00e9irigh s\u00ed Forgotten: The Widows of the Irish Revolution at\u00e1 faoi mhn\u00e1 c\u00e9ile agus leana\u00ed cheannair\u00ed \u00c9ir\u00ed Amach 1916 agus faoin m\u00e9id a tharla d\u00f3ibh nuair a cuireadh a bhfir ch\u00e9ile agus a n-aithreacha chun b\u00e1is. Is iad na mn\u00e1 a iompra\u00edonn an t-ualach ach go minic, d\u00e9antar dearmad orthu i gc\u00farsa\u00ed staire. Is mar gheall go raibh sp\u00e9is ag Ciara i ngl\u00f3rtha \u00f3n am at\u00e1 caite at\u00e1 ligthe i ndearmad a aimsi\u00fa a scr\u00edobh agus a sti\u00fair s\u00ed Cogadh ar Mhn\u00e1 sa bhliain 2020. Tarraingn\u00edodh anuas \u00e1bhar toirmiscthe den ch\u00e9ad uair \u2013 an fhadhb maidir le m\u00ed-\u00fas\u00e1id ghn\u00e9is le linn R\u00e9abhl\u00f3id na h\u00c9ireann. Tr\u00ed \u00fas\u00e1id a bhaint as fianaise \u00f3 fhinn\u00e9ithe a d\u2019fh\u00e1g mn\u00e1 a d\u2019fhulaing m\u00ed-\u00fas\u00e1id ghn\u00e9is ina ndiaidh, l\u00e9ir\u00edodh go raibh dreamanna ar gach taobh den choimhlint ina bun. Maidir leis na cl\u00e1racha faisn\u00e9ise eile at\u00e1 sti\u00fartha aici do TG4 agus do RT\u00c9, cl\u00fada\u00edtear \u00e1bhair leathana amhail stailceanna ocrais, galair eipid\u00e9ime agus stair pholait\u00edochta. Scr\u00edobhann s\u00ed \u00e1bhar ficsin cib\u00e9 uair ar f\u00e9idir l\u00e9i agus bh\u00ed s\u00ed ina Maoirseoir Scripte ar l\u00e9iri\u00fach\u00e1in dr\u00e1ma\u00edochta roimhe seo.<br \/>\n&nbsp;<br \/>\n<strong>Women in Film and Television Ireland<\/strong><br \/>\nIs craobh \u00c9ireannach \u00e9 Women in Film and Television Ireland (WFT) den eagra\u00edocht dhomhanda -Women in Film and Television International. Is comhlacht deonach \u00e9 WFT at\u00e1 faoi sti\u00fair ag gairmithe \u00f3n tionscal sc\u00e1ile\u00e1in a bhfuil c\u00e1il idirn\u00e1isi\u00fanta orthu. D\u00e9anann a gcuid comhalta\u00ed boird ionada\u00edocht do na rann\u00e1in theicni\u00fala, oideachais, ghn\u00f3 agus chruthaitheachta sna tionscail sc\u00e1ile\u00e1in in \u00c9irinn. T\u00e1 siad tugtha do thimpeallacht ionchuimsitheach a choth\u00fa agus do chumhacht a thabhairt do mhn\u00e1 cumasacha chun go mbeidh siad \u00e1balta dul chun cinn a dh\u00e9anamh ina r\u00f3il faoi seach.<\/p>\n","protected":false},"excerpt":{"rendered":"<p>Pic: \u00d3 Bh\u00e9al &#8211; Strange-Boy Pic: Cro\u00edthe Radacacha &nbsp; Cro\u00edthe Radacacha- R\u00e9amhbhlaiseadh: https:\/\/www.youtube.com\/watch?v=QpuiNpvJpaY \u00d3 Bh\u00e9al &#8211; R\u00e9amhbhlaiseadh: https:\/\/www.youtube.com\/watch?v=bnNrbtf6DYw &nbsp; T\u00e1 r\u00edm\u00e9ad ar TG4 comhph\u00e1irt\u00edocht nua le Women in Film and Television Ireland a fh\u00f3gairt ag Fleadh Scann\u00e1n na Gaillimhe i mbliana. T\u00e1 s\u00e9 seo ag tarl\u00fa an t-am c\u00e9anna a bhfuil dh\u00e1 scann\u00e1n faisn\u00e9ise le [&hellip;]<\/p>\n","protected":false},"author":4,"featured_media":0,"parent":180840,"menu_order":18,"comment_status":"closed","ping_status":"closed","template":"page-templates\/template-pr.php","meta":{"_acf_changed":false,"footnotes":""},"acf":[],"yoast_head":"<!-- This site is optimized with the Yoast SEO plugin v22.6 - https:\/\/yoast.com\/wordpress\/plugins\/seo\/ -->\n<title>Comhph\u00e1irt\u00edocht nua TG4 le Women in Film and Television Ireland f\u00f3gartha ag Fleadh Scann\u00e1n na Gaillimhe | Preas R\u00e1iteas | TG4<\/title>\n<meta name=\"description\" content=\"Thug scann\u00e1n de chuid TG4, An Cail\u00edn Ci\u00fain, dh\u00e1 ghradam leis ag F\u00e9ile na Me\u00e1n Ceilteach sa Chloch\u00e1n Liath tr\u00e1thn\u00f3na.T\u00e1 s\u00e9 seo ag tarl\u00fa an t-am c\u00e9anna a bhfuil dh\u00e1 scann\u00e1n faisn\u00e9ise le TG4 \u00e1 gcur ar an sc\u00e1ile\u00e1n den ch\u00e9ad uair ag Fleadh Scann\u00e1n na Gaillimhe, scann\u00e1n at\u00e1 sti\u00fartha ag mn\u00e1 cumasacha\" \/>\n<meta name=\"robots\" content=\"index, follow, max-snippet:-1, max-image-preview:large, max-video-preview:-1\" \/>\n<meta property=\"og:locale\" content=\"en_US\" \/>\n<meta property=\"og:type\" content=\"article\" \/>\n<meta property=\"og:title\" content=\"Comhph\u00e1irt\u00edocht nua TG4 le Women in Film and Television Ireland f\u00f3gartha ag Fleadh Scann\u00e1n na Gaillimhe | Preas R\u00e1iteas | TG4\" \/>\n<meta property=\"og:description\" content=\"Thug scann\u00e1n de chuid TG4, An Cail\u00edn Ci\u00fain, dh\u00e1 ghradam leis ag F\u00e9ile na Me\u00e1n Ceilteach sa Chloch\u00e1n Liath tr\u00e1thn\u00f3na.T\u00e1 s\u00e9 seo ag tarl\u00fa an t-am c\u00e9anna a bhfuil dh\u00e1 scann\u00e1n faisn\u00e9ise le TG4 \u00e1 gcur ar an sc\u00e1ile\u00e1n den ch\u00e9ad uair ag Fleadh Scann\u00e1n na Gaillimhe, scann\u00e1n at\u00e1 sti\u00fartha ag mn\u00e1 cumasacha\" \/>\n<meta property=\"og:url\" content=\"https:\/\/dev.tg4.ie\/ga\/eolas\/preas\/nuacht-raitis\/2023-2\/comhphairtiocht-nua-tg4-le-women-in-film-and-television-ireland\/\" \/>\n<meta property=\"og:site_name\" content=\"TG4\" \/>\n<meta property=\"article:publisher\" content=\"https:\/\/www.facebook.com\/TG4TV\" \/>\n<meta property=\"article:modified_time\" content=\"2023-07-15T10:56:41+00:00\" \/>\n<meta property=\"og:image\" content=\"https:\/\/tg4-docs.s3.amazonaws.com\/tg4-redesign-2015\/wp-content\/uploads\/2022\/02\/AnCailinCiuin_TheQuietGirl_Cait_Catherine_Clinch_1-1920x1080-1.jpg\" \/>\n\t<meta property=\"og:image:width\" content=\"1920\" \/>\n\t<meta property=\"og:image:height\" content=\"1080\" \/>\n\t<meta property=\"og:image:type\" content=\"image\/jpeg\" \/>\n<meta name=\"twitter:card\" content=\"summary_large_image\" \/>\n<meta name=\"twitter:image\" content=\"https:\/\/tg4-docs.s3.amazonaws.com\/tg4-redesign-2015\/wp-content\/uploads\/2022\/02\/AnCailinCiuin_TheQuietGirl_Cait_Catherine_Clinch_1-1920x1080-1.jpg\" \/>\n<meta name=\"twitter:site\" content=\"@TG4TV\" \/>\n<meta name=\"twitter:label1\" content=\"Est. reading time\" \/>\n\t<meta name=\"twitter:data1\" content=\"7 minutes\" \/>\n<script type=\"application\/ld+json\" class=\"yoast-schema-graph\">{\"@context\":\"https:\/\/schema.org\",\"@graph\":[{\"@type\":\"WebPage\",\"@id\":\"https:\/\/dev.tg4.ie\/ga\/eolas\/preas\/nuacht-raitis\/2023-2\/comhphairtiocht-nua-tg4-le-women-in-film-and-television-ireland\/\",\"url\":\"https:\/\/dev.tg4.ie\/ga\/eolas\/preas\/nuacht-raitis\/2023-2\/comhphairtiocht-nua-tg4-le-women-in-film-and-television-ireland\/\",\"name\":\"Comhph\u00e1irt\u00edocht nua TG4 le Women in Film and Television Ireland f\u00f3gartha ag Fleadh Scann\u00e1n na Gaillimhe | Preas R\u00e1iteas | TG4\",\"isPartOf\":{\"@id\":\"https:\/\/dev.tg4.ie\/en\/#website\"},\"primaryImageOfPage\":{\"@id\":\"https:\/\/dev.tg4.ie\/ga\/eolas\/preas\/nuacht-raitis\/2023-2\/comhphairtiocht-nua-tg4-le-women-in-film-and-television-ireland\/#primaryimage\"},\"image\":{\"@id\":\"https:\/\/dev.tg4.ie\/ga\/eolas\/preas\/nuacht-raitis\/2023-2\/comhphairtiocht-nua-tg4-le-women-in-film-and-television-ireland\/#primaryimage\"},\"thumbnailUrl\":\"https:\/\/dev.tg4.ie\/wp-content\/uploads\/2023\/07\/OBheal-Strange-Boy.jpg\",\"datePublished\":\"2023-07-15T14:00:57+00:00\",\"dateModified\":\"2023-07-15T10:56:41+00:00\",\"description\":\"Thug scann\u00e1n de chuid TG4, An Cail\u00edn Ci\u00fain, dh\u00e1 ghradam leis ag F\u00e9ile na Me\u00e1n Ceilteach sa Chloch\u00e1n Liath tr\u00e1thn\u00f3na.T\u00e1 s\u00e9 seo ag tarl\u00fa an t-am c\u00e9anna a bhfuil dh\u00e1 scann\u00e1n faisn\u00e9ise le TG4 \u00e1 gcur ar an sc\u00e1ile\u00e1n den ch\u00e9ad uair ag Fleadh Scann\u00e1n na Gaillimhe, scann\u00e1n at\u00e1 sti\u00fartha ag mn\u00e1 cumasacha\",\"breadcrumb\":{\"@id\":\"https:\/\/dev.tg4.ie\/ga\/eolas\/preas\/nuacht-raitis\/2023-2\/comhphairtiocht-nua-tg4-le-women-in-film-and-television-ireland\/#breadcrumb\"},\"inLanguage\":\"ga\",\"potentialAction\":[{\"@type\":\"ReadAction\",\"target\":[\"https:\/\/dev.tg4.ie\/ga\/eolas\/preas\/nuacht-raitis\/2023-2\/comhphairtiocht-nua-tg4-le-women-in-film-and-television-ireland\/\"]}]},{\"@type\":\"ImageObject\",\"inLanguage\":\"ga\",\"@id\":\"https:\/\/dev.tg4.ie\/ga\/eolas\/preas\/nuacht-raitis\/2023-2\/comhphairtiocht-nua-tg4-le-women-in-film-and-television-ireland\/#primaryimage\",\"url\":\"https:\/\/dev.tg4.ie\/wp-content\/uploads\/2023\/07\/OBheal-Strange-Boy.jpg\",\"contentUrl\":\"https:\/\/dev.tg4.ie\/wp-content\/uploads\/2023\/07\/OBheal-Strange-Boy.jpg\"},{\"@type\":\"BreadcrumbList\",\"@id\":\"https:\/\/dev.tg4.ie\/ga\/eolas\/preas\/nuacht-raitis\/2023-2\/comhphairtiocht-nua-tg4-le-women-in-film-and-television-ireland\/#breadcrumb\",\"itemListElement\":[{\"@type\":\"ListItem\",\"position\":1,\"name\":\"Home\",\"item\":\"https:\/\/dev.tg4.ie\/ga\/\"},{\"@type\":\"ListItem\",\"position\":2,\"name\":\"Eolas\",\"item\":\"https:\/\/dev.tg4.ie\/ga\/eolas\/\"},{\"@type\":\"ListItem\",\"position\":3,\"name\":\"Preas\",\"item\":\"https:\/\/dev.tg4.ie\/ga\/eolas\/preas\/\"},{\"@type\":\"ListItem\",\"position\":4,\"name\":\"Nuacht R\u00e1itis\",\"item\":\"https:\/\/dev.tg4.ie\/ga\/eolas\/preas\/nuacht-raitis\/\"},{\"@type\":\"ListItem\",\"position\":5,\"name\":\"2023\",\"item\":\"https:\/\/dev.tg4.ie\/ga\/eolas\/preas\/nuacht-raitis\/2023-2\/\"},{\"@type\":\"ListItem\",\"position\":6,\"name\":\"Comhph\u00e1irt\u00edocht nua TG4 le Women in Film and Television Ireland f\u00f3gartha ag Fleadh Scann\u00e1n na Gaillimhe\"}]},{\"@type\":\"WebSite\",\"@id\":\"https:\/\/dev.tg4.ie\/en\/#website\",\"url\":\"https:\/\/dev.tg4.ie\/en\/\",\"name\":\"TG4\",\"description\":\"S\u00fail Eile\",\"potentialAction\":[{\"@type\":\"SearchAction\",\"target\":{\"@type\":\"EntryPoint\",\"urlTemplate\":\"https:\/\/dev.tg4.ie\/en\/?s={search_term_string}\"},\"query-input\":\"required name=search_term_string\"}],\"inLanguage\":\"ga\"}]}<\/script>\n<!-- \/ Yoast SEO plugin. -->","yoast_head_json":{"title":"Comhph\u00e1irt\u00edocht nua TG4 le Women in Film and Television Ireland f\u00f3gartha ag Fleadh Scann\u00e1n na Gaillimhe | Preas R\u00e1iteas | TG4","description":"Thug scann\u00e1n de chuid TG4, An Cail\u00edn Ci\u00fain, dh\u00e1 ghradam leis ag F\u00e9ile na Me\u00e1n Ceilteach sa Chloch\u00e1n Liath tr\u00e1thn\u00f3na.T\u00e1 s\u00e9 seo ag tarl\u00fa an t-am c\u00e9anna a bhfuil dh\u00e1 scann\u00e1n faisn\u00e9ise le TG4 \u00e1 gcur ar an sc\u00e1ile\u00e1n den ch\u00e9ad uair ag Fleadh Scann\u00e1n na Gaillimhe, scann\u00e1n at\u00e1 sti\u00fartha ag mn\u00e1 cumasacha","robots":{"index":"index","follow":"follow","max-snippet":"max-snippet:-1","max-image-preview":"max-image-preview:large","max-video-preview":"max-video-preview:-1"},"og_locale":"en_US","og_type":"article","og_title":"Comhph\u00e1irt\u00edocht nua TG4 le Women in Film and Television Ireland f\u00f3gartha ag Fleadh Scann\u00e1n na Gaillimhe | Preas R\u00e1iteas | TG4","og_description":"Thug scann\u00e1n de chuid TG4, An Cail\u00edn Ci\u00fain, dh\u00e1 ghradam leis ag F\u00e9ile na Me\u00e1n Ceilteach sa Chloch\u00e1n Liath tr\u00e1thn\u00f3na.T\u00e1 s\u00e9 seo ag tarl\u00fa an t-am c\u00e9anna a bhfuil dh\u00e1 scann\u00e1n faisn\u00e9ise le TG4 \u00e1 gcur ar an sc\u00e1ile\u00e1n den ch\u00e9ad uair ag Fleadh Scann\u00e1n na Gaillimhe, scann\u00e1n at\u00e1 sti\u00fartha ag mn\u00e1 cumasacha","og_url":"https:\/\/dev.tg4.ie\/ga\/eolas\/preas\/nuacht-raitis\/2023-2\/comhphairtiocht-nua-tg4-le-women-in-film-and-television-ireland\/","og_site_name":"TG4","article_publisher":"https:\/\/www.facebook.com\/TG4TV","article_modified_time":"2023-07-15T10:56:41+00:00","og_image":[{"width":1920,"height":1080,"url":"https:\/\/tg4-docs.s3.amazonaws.com\/tg4-redesign-2015\/wp-content\/uploads\/2022\/02\/AnCailinCiuin_TheQuietGirl_Cait_Catherine_Clinch_1-1920x1080-1.jpg","type":"image\/jpeg"}],"twitter_card":"summary_large_image","twitter_image":"https:\/\/tg4-docs.s3.amazonaws.com\/tg4-redesign-2015\/wp-content\/uploads\/2022\/02\/AnCailinCiuin_TheQuietGirl_Cait_Catherine_Clinch_1-1920x1080-1.jpg","twitter_site":"@TG4TV","twitter_misc":{"Est. reading time":"7 minutes"},"schema":{"@context":"https:\/\/schema.org","@graph":[{"@type":"WebPage","@id":"https:\/\/dev.tg4.ie\/ga\/eolas\/preas\/nuacht-raitis\/2023-2\/comhphairtiocht-nua-tg4-le-women-in-film-and-television-ireland\/","url":"https:\/\/dev.tg4.ie\/ga\/eolas\/preas\/nuacht-raitis\/2023-2\/comhphairtiocht-nua-tg4-le-women-in-film-and-television-ireland\/","name":"Comhph\u00e1irt\u00edocht nua TG4 le Women in Film and Television Ireland f\u00f3gartha ag Fleadh Scann\u00e1n na Gaillimhe | Preas R\u00e1iteas | TG4","isPartOf":{"@id":"https:\/\/dev.tg4.ie\/en\/#website"},"primaryImageOfPage":{"@id":"https:\/\/dev.tg4.ie\/ga\/eolas\/preas\/nuacht-raitis\/2023-2\/comhphairtiocht-nua-tg4-le-women-in-film-and-television-ireland\/#primaryimage"},"image":{"@id":"https:\/\/dev.tg4.ie\/ga\/eolas\/preas\/nuacht-raitis\/2023-2\/comhphairtiocht-nua-tg4-le-women-in-film-and-television-ireland\/#primaryimage"},"thumbnailUrl":"https:\/\/dev.tg4.ie\/wp-content\/uploads\/2023\/07\/OBheal-Strange-Boy.jpg","datePublished":"2023-07-15T14:00:57+00:00","dateModified":"2023-07-15T10:56:41+00:00","description":"Thug scann\u00e1n de chuid TG4, An Cail\u00edn Ci\u00fain, dh\u00e1 ghradam leis ag F\u00e9ile na Me\u00e1n Ceilteach sa Chloch\u00e1n Liath tr\u00e1thn\u00f3na.T\u00e1 s\u00e9 seo ag tarl\u00fa an t-am c\u00e9anna a bhfuil dh\u00e1 scann\u00e1n faisn\u00e9ise le TG4 \u00e1 gcur ar an sc\u00e1ile\u00e1n den ch\u00e9ad uair ag Fleadh Scann\u00e1n na Gaillimhe, scann\u00e1n at\u00e1 sti\u00fartha ag mn\u00e1 cumasacha","breadcrumb":{"@id":"https:\/\/dev.tg4.ie\/ga\/eolas\/preas\/nuacht-raitis\/2023-2\/comhphairtiocht-nua-tg4-le-women-in-film-and-television-ireland\/#breadcrumb"},"inLanguage":"ga","potentialAction":[{"@type":"ReadAction","target":["https:\/\/dev.tg4.ie\/ga\/eolas\/preas\/nuacht-raitis\/2023-2\/comhphairtiocht-nua-tg4-le-women-in-film-and-television-ireland\/"]}]},{"@type":"ImageObject","inLanguage":"ga","@id":"https:\/\/dev.tg4.ie\/ga\/eolas\/preas\/nuacht-raitis\/2023-2\/comhphairtiocht-nua-tg4-le-women-in-film-and-television-ireland\/#primaryimage","url":"https:\/\/dev.tg4.ie\/wp-content\/uploads\/2023\/07\/OBheal-Strange-Boy.jpg","contentUrl":"https:\/\/dev.tg4.ie\/wp-content\/uploads\/2023\/07\/OBheal-Strange-Boy.jpg"},{"@type":"BreadcrumbList","@id":"https:\/\/dev.tg4.ie\/ga\/eolas\/preas\/nuacht-raitis\/2023-2\/comhphairtiocht-nua-tg4-le-women-in-film-and-television-ireland\/#breadcrumb","itemListElement":[{"@type":"ListItem","position":1,"name":"Home","item":"https:\/\/dev.tg4.ie\/ga\/"},{"@type":"ListItem","position":2,"name":"Eolas","item":"https:\/\/dev.tg4.ie\/ga\/eolas\/"},{"@type":"ListItem","position":3,"name":"Preas","item":"https:\/\/dev.tg4.ie\/ga\/eolas\/preas\/"},{"@type":"ListItem","position":4,"name":"Nuacht R\u00e1itis","item":"https:\/\/dev.tg4.ie\/ga\/eolas\/preas\/nuacht-raitis\/"},{"@type":"ListItem","position":5,"name":"2023","item":"https:\/\/dev.tg4.ie\/ga\/eolas\/preas\/nuacht-raitis\/2023-2\/"},{"@type":"ListItem","position":6,"name":"Comhph\u00e1irt\u00edocht nua TG4 le Women in Film and Television Ireland f\u00f3gartha ag Fleadh Scann\u00e1n na Gaillimhe"}]},{"@type":"WebSite","@id":"https:\/\/dev.tg4.ie\/en\/#website","url":"https:\/\/dev.tg4.ie\/en\/","name":"TG4","description":"S\u00fail Eile","potentialAction":[{"@type":"SearchAction","target":{"@type":"EntryPoint","urlTemplate":"https:\/\/dev.tg4.ie\/en\/?s={search_term_string}"},"query-input":"required name=search_term_string"}],"inLanguage":"ga"}]}},"_links":{"self":[{"href":"https:\/\/dev.tg4.ie\/ga\/wp-json\/wp\/v2\/pages\/199567"}],"collection":[{"href":"https:\/\/dev.tg4.ie\/ga\/wp-json\/wp\/v2\/pages"}],"about":[{"href":"https:\/\/dev.tg4.ie\/ga\/wp-json\/wp\/v2\/types\/page"}],"author":[{"embeddable":true,"href":"https:\/\/dev.tg4.ie\/ga\/wp-json\/wp\/v2\/users\/4"}],"replies":[{"embeddable":true,"href":"https:\/\/dev.tg4.ie\/ga\/wp-json\/wp\/v2\/comments?post=199567"}],"version-history":[{"count":0,"href":"https:\/\/dev.tg4.ie\/ga\/wp-json\/wp\/v2\/pages\/199567\/revisions"}],"up":[{"embeddable":true,"href":"https:\/\/dev.tg4.ie\/ga\/wp-json\/wp\/v2\/pages\/180840"}],"wp:attachment":[{"href":"https:\/\/dev.tg4.ie\/ga\/wp-json\/wp\/v2\/media?parent=199567"}],"curies":[{"name":"wp","href":"https:\/\/api.w.org\/{rel}","templated":true}]}}