{"id":204195,"date":"2023-07-25T15:30:37","date_gmt":"2023-07-25T14:30:37","guid":{"rendered":"https:\/\/dev.tg4.ie\/?page_id=204195"},"modified":"2023-07-25T15:54:23","modified_gmt":"2023-07-25T14:54:23","slug":"cludach-ar-sport-na-mban-nios-fearr-na-riamh-ar-tg4","status":"publish","type":"page","link":"https:\/\/dev.tg4.ie\/ga\/eolas\/preas\/nuacht-raitis\/2023-2\/cludach-ar-sport-na-mban-nios-fearr-na-riamh-ar-tg4\/","title":{"rendered":"Cl\u00fadach ar sp\u00f3rt na mban n\u00edos fearr n\u00e1 riamh ar TG4"},"content":{"rendered":"<table>\n<tbody>\n<tr>\n<td width=\"33%\"><img decoding=\"async\" class=\"\" src=\"https:\/\/tg4-docs.s3.amazonaws.com\/wp-content\/uploads\/2023\/07\/25151639\/SportMna1.jpg\" alt=\"\" \/><\/td>\n<td width=\"33%\"><img decoding=\"async\" class=\"\" src=\"https:\/\/tg4-docs.s3.amazonaws.com\/wp-content\/uploads\/2023\/07\/25151641\/SportMna2.jpg\" alt=\"\" \/><\/td>\n<td width=\"33%\"><img decoding=\"async\" class=\"\" src=\"https:\/\/tg4-docs.s3.amazonaws.com\/wp-content\/uploads\/2023\/07\/25151636\/SportMna3.jpg\" alt=\"\" \/><\/td>\n<\/tr>\n<\/tbody>\n<\/table>\n<p>&nbsp;<br \/>\nT\u00e1 r\u00edm\u00e9ad ar TG4 a fh\u00f3gairt go mbeidh siad ag cur n\u00edos m\u00f3 cl\u00fadaigh ar sp\u00f3rt na mban ar f\u00e1il. Sna laethanta agus seachtain\u00ed amach romhainn, d\u00e9anfaidh TG4 craoladh agus sruth\u00fa beo ar 80 uair an chloig de Pheil na mBan, Rugba\u00ed na mBan, Sacar na mBan agus Rotha\u00edocht na mBan. Beidh an cl\u00fadach seo ar fad saor go haer.<br \/>\n&nbsp;<\/p>\n<ul>\n<li><a href=\"https:\/\/www.youtube.com\/watch?v=WTBEdTaKauI\" rel=\"noopener\" target=\"_blank\">Tour de France na mBan<\/a><\/li>\n<li><a href=\"https:\/\/www.youtube.com\/watch?v=l9UccxsyHas\" rel=\"noopener\" target=\"_blank\">Peil na mBan<\/a><\/li>\n<li>Rugba\u00ed na mBan<\/li>\n<li>Sacar na mBan Beo<\/li>\n<li>Underdogs<\/li>\n<\/ul>\n<p>&nbsp;<br \/>\n<u>Tour de France na mBan Beo<\/u> <\/p>\n<p>Cuireadh t\u00fas le Tour de France na mBan D\u00e9 Domhnaigh an 23 I\u00fail agus beidh s\u00e9 ar si\u00fal ar feadh seachtain ioml\u00e1n. T\u00e1 cl\u00fadach beo chomh maith le buaicphoint\u00ed laeth\u00fala ar f\u00e1il ar TG4 faoi l\u00e1thair agus leanfar leis sin go dt\u00ed an 30 I\u00fail.<br \/>\n&nbsp;<\/p>\n<p><u>Peil na mBan Beo<\/u>  <\/p>\n<p>T\u00e1 m\u00f3rtas ar TG4 a bheith ina urraitheoir craolach\u00e1in ar Craobhchom\u00f3rtas bliant\u00fail na h\u00c9ireann i bPeil na mBan. Beidh gach cluiche at\u00e1 fanta i gcom\u00f3rtas na S\u00f3isear, sa chom\u00f3rtas Idirmhe\u00e1nach agus i gcom\u00f3rtas na Sinsear le feice\u00e1il ar Pheil na mBan Beo. D\u00e9 Sathairn an 29 I\u00fail a bheidh cluich\u00ed leathcheannais na Sinsear ar si\u00fal. Beidh na tr\u00ed chluiche ceannais Uile-\u00c9ireann TG4 (S\u00f3isear, Idirmhe\u00e1nach agus Sinsear) ar si\u00fal ar an 13 L\u00fanasa i bP\u00e1irc an Chr\u00f3caigh agus beidh cl\u00fadach beo ioml\u00e1n ar TG4.<br \/>\n&nbsp;<\/p>\n<p><u>Ceili\u00faradh Pheil na mBan<\/u>  <\/p>\n<p>Craolfar cl\u00e1r speisialta, Ceili\u00faradh Pheil na mBan, freisin ar o\u00edche an chluiche ceannais D\u00e9 Sathairn an 12 L\u00fanasa.<br \/>\n&nbsp;<\/p>\n<p><u>Cluiche Ceannais na h\u00c9ireann i bPeil na mBan sna Mion\u00fair<\/u>  <\/p>\n<p>Beidh Cluiche Ceannais na h\u00c9ireann i bPeil na mBan sna Mion\u00fair le feice\u00e1il freisin ar leathanach YouTube Sp\u00f3rt TG4 ar an 5 L\u00fanasa.<br \/>\n&nbsp;<\/p>\n<p><u>Rugba\u00ed na mBan<\/u> <\/p>\n<p>Sa Rugba\u00ed, cuirfear t\u00fas le Craobhchom\u00f3rtas Idirch\u00faige Vodafone na mBan D\u00e9 Sathairn an 12 L\u00fanasa agus beidh dh\u00e1 chluiche ar si\u00fal gach deireadh seachtaine agus is ar an 2 Me\u00e1n F\u00f3mhair a bheidh an cluiche ceannais ar si\u00fal. Craolfar na 8 gcluiche ar fad beo ar Rugba\u00ed na mBan Beo.<br \/>\n&nbsp;<\/p>\n<p><u>Sacar na mBan Beo<\/u>  <\/p>\n<p>Fad is a bheidh Foireann N\u00e1isi\u00fanta Sacair Ban na h\u00c9ireann san ioma\u00edocht i gCorn an Domhain, beidh sacar na mban sa bhaile faoi bhl\u00e1th ar TG4. Cuirfear t\u00fas ar\u00eds le Sacar na mBan Beo ar an 19 L\u00fanasa, thart ar an am c\u00e9anna a bheidh Cluiche Ceannais Chorn an Domhain ar si\u00fal, agus beidh s\u00e9 ar si\u00fal go dt\u00ed an 11 Samhain. Taispe\u00e1nfaidh TG4 na 8 mbabhta dheireanacha i bPr\u00edomhroinn FAI na mBan sa tSraith N\u00e1isi\u00fanta at\u00e1 thar a bheith ioma\u00edoch.<br \/>\n&nbsp;<\/p>\n<p><u>Underdogs<\/u> <\/p>\n<p>D\u00edreofar den ch\u00e9ad uair riamh sa tsraith m\u00f3r le r\u00e1, Underdogs, ar shacar na mban. Roghn\u00f3idh pain\u00e9al sainch\u00f3itse\u00e1laithe, M\u00e9abh de B\u00farca, Charlie McGeever agus Laura Donovan ina measc, na himreoir\u00ed agus traen\u00e1lfaidh an pain\u00e9al iad. 6 eipeas\u00f3id a bheidh sa tsraith Underdogs a bheidh \u00e1 craoladh \u00f3n 26 Deireadh F\u00f3mhair go dt\u00ed an 30 Samhain, agus beidh cluiche beo in aghaidh na foirne is fearr i Sraith na h\u00c9ireann ar si\u00fal ar an 2 Nollaig.<br \/>\n&nbsp;<\/p>\n<p>D\u00fairt <strong>Cathaoirleach Bhord TG4, Anna N\u00ed Ghallachair<\/strong>: <em>\u201cIs ceann de spriocanna strait\u00e9is reatha TG4 \u00e9 sp\u00f3irt de chuid na h\u00c9ireann a bhfuil gannionada\u00edocht orthu a chur chun cinn. Is ceannr\u00f3daithe muid cheana f\u00e9in i dtaobh sp\u00f3rt na mban a chraoladh agus is \u00fadar s\u00e1saimh agus m\u00f3rtais don Bhord \u00e9 go mbeidh an st\u00e1isi\u00fan ag cur go m\u00f3r lena chl\u00fadach ar an r\u00e9imse t\u00e1bhachtach seo i saol na mban sna seachtain\u00ed amach romhainn.\u201d<\/em><br \/>\n&nbsp;<\/p>\n","protected":false},"excerpt":{"rendered":"<p>&nbsp; T\u00e1 r\u00edm\u00e9ad ar TG4 a fh\u00f3gairt go mbeidh siad ag cur n\u00edos m\u00f3 cl\u00fadaigh ar sp\u00f3rt na mban ar f\u00e1il. Sna laethanta agus seachtain\u00ed amach romhainn, d\u00e9anfaidh TG4 craoladh agus sruth\u00fa beo ar 80 uair an chloig de Pheil na mBan, Rugba\u00ed na mBan, Sacar na mBan agus Rotha\u00edocht na mBan. Beidh an cl\u00fadach [&hellip;]<\/p>\n","protected":false},"author":876,"featured_media":0,"parent":180840,"menu_order":19,"comment_status":"closed","ping_status":"closed","template":"page-templates\/template-pr.php","meta":{"_acf_changed":false,"footnotes":""},"acf":[],"yoast_head":"<!-- This site is optimized with the Yoast SEO plugin v22.6 - https:\/\/yoast.com\/wordpress\/plugins\/seo\/ -->\n<title>Cl\u00fadach ar sp\u00f3rt na mban n\u00edos fearr n\u00e1 riamh ar TG4 | Preas R\u00e1iteas | TG4<\/title>\n<meta name=\"description\" content=\"T\u00e1 r\u00edm\u00e9ad ar TG4 a fh\u00f3gairt go mbeidh siad ag cur n\u00edos m\u00f3 cl\u00fadaigh ar sp\u00f3rt na mban ar f\u00e1il. Sna laethanta agus seachtain\u00ed amach romhainn, d\u00e9anfaidh TG4 craoladh agus sruth\u00fa beo ar 80 uair an chloig de Pheil na mBan, Rugba\u00ed na mBan, Sacar na mBan agus Rotha\u00edocht na mBan. Beidh an cl\u00fadach seo ar fad saor go haer.\" \/>\n<meta name=\"robots\" content=\"index, follow, max-snippet:-1, max-image-preview:large, max-video-preview:-1\" \/>\n<meta property=\"og:locale\" content=\"en_US\" \/>\n<meta property=\"og:type\" content=\"article\" \/>\n<meta property=\"og:title\" content=\"Cl\u00fadach ar sp\u00f3rt na mban n\u00edos fearr n\u00e1 riamh ar TG4 | Preas R\u00e1iteas | TG4\" \/>\n<meta property=\"og:description\" content=\"T\u00e1 r\u00edm\u00e9ad ar TG4 a fh\u00f3gairt go mbeidh siad ag cur n\u00edos m\u00f3 cl\u00fadaigh ar sp\u00f3rt na mban ar f\u00e1il. Sna laethanta agus seachtain\u00ed amach romhainn, d\u00e9anfaidh TG4 craoladh agus sruth\u00fa beo ar 80 uair an chloig de Pheil na mBan, Rugba\u00ed na mBan, Sacar na mBan agus Rotha\u00edocht na mBan. Beidh an cl\u00fadach seo ar fad saor go haer.\" \/>\n<meta property=\"og:url\" content=\"https:\/\/dev.tg4.ie\/ga\/eolas\/preas\/nuacht-raitis\/2023-2\/cludach-ar-sport-na-mban-nios-fearr-na-riamh-ar-tg4\/\" \/>\n<meta property=\"og:site_name\" content=\"TG4\" \/>\n<meta property=\"article:publisher\" content=\"https:\/\/www.facebook.com\/TG4TV\" \/>\n<meta property=\"article:modified_time\" content=\"2023-07-25T14:54:23+00:00\" \/>\n<meta property=\"og:image\" content=\"https:\/\/tg4-docs.s3.amazonaws.com\/wp-content\/uploads\/2023\/07\/25155312\/SportMna_Combi_1.jpg\" \/>\n\t<meta property=\"og:image:width\" content=\"1920\" \/>\n\t<meta property=\"og:image:height\" content=\"1080\" \/>\n\t<meta property=\"og:image:type\" content=\"image\/jpeg\" \/>\n<meta name=\"twitter:card\" content=\"summary_large_image\" \/>\n<meta name=\"twitter:image\" content=\"https:\/\/tg4-docs.s3.amazonaws.com\/wp-content\/uploads\/2023\/07\/25155312\/SportMna_Combi_1.jpg\" \/>\n<meta name=\"twitter:site\" content=\"@TG4TV\" \/>\n<meta name=\"twitter:label1\" content=\"Est. reading time\" \/>\n\t<meta name=\"twitter:data1\" content=\"4 minutes\" \/>\n<script type=\"application\/ld+json\" class=\"yoast-schema-graph\">{\"@context\":\"https:\/\/schema.org\",\"@graph\":[{\"@type\":\"WebPage\",\"@id\":\"https:\/\/dev.tg4.ie\/ga\/eolas\/preas\/nuacht-raitis\/2023-2\/cludach-ar-sport-na-mban-nios-fearr-na-riamh-ar-tg4\/\",\"url\":\"https:\/\/dev.tg4.ie\/ga\/eolas\/preas\/nuacht-raitis\/2023-2\/cludach-ar-sport-na-mban-nios-fearr-na-riamh-ar-tg4\/\",\"name\":\"Cl\u00fadach ar sp\u00f3rt na mban n\u00edos fearr n\u00e1 riamh ar TG4 | Preas R\u00e1iteas | TG4\",\"isPartOf\":{\"@id\":\"https:\/\/dev.tg4.ie\/en\/#website\"},\"primaryImageOfPage\":{\"@id\":\"https:\/\/dev.tg4.ie\/ga\/eolas\/preas\/nuacht-raitis\/2023-2\/cludach-ar-sport-na-mban-nios-fearr-na-riamh-ar-tg4\/#primaryimage\"},\"image\":{\"@id\":\"https:\/\/dev.tg4.ie\/ga\/eolas\/preas\/nuacht-raitis\/2023-2\/cludach-ar-sport-na-mban-nios-fearr-na-riamh-ar-tg4\/#primaryimage\"},\"thumbnailUrl\":\"https:\/\/dev.tg4.ie\/wp-content\/uploads\/2023\/07\/SportMna1.jpg\",\"datePublished\":\"2023-07-25T14:30:37+00:00\",\"dateModified\":\"2023-07-25T14:54:23+00:00\",\"description\":\"T\u00e1 r\u00edm\u00e9ad ar TG4 a fh\u00f3gairt go mbeidh siad ag cur n\u00edos m\u00f3 cl\u00fadaigh ar sp\u00f3rt na mban ar f\u00e1il. Sna laethanta agus seachtain\u00ed amach romhainn, d\u00e9anfaidh TG4 craoladh agus sruth\u00fa beo ar 80 uair an chloig de Pheil na mBan, Rugba\u00ed na mBan, Sacar na mBan agus Rotha\u00edocht na mBan. Beidh an cl\u00fadach seo ar fad saor go haer.\",\"breadcrumb\":{\"@id\":\"https:\/\/dev.tg4.ie\/ga\/eolas\/preas\/nuacht-raitis\/2023-2\/cludach-ar-sport-na-mban-nios-fearr-na-riamh-ar-tg4\/#breadcrumb\"},\"inLanguage\":\"ga\",\"potentialAction\":[{\"@type\":\"ReadAction\",\"target\":[\"https:\/\/dev.tg4.ie\/ga\/eolas\/preas\/nuacht-raitis\/2023-2\/cludach-ar-sport-na-mban-nios-fearr-na-riamh-ar-tg4\/\"]}]},{\"@type\":\"ImageObject\",\"inLanguage\":\"ga\",\"@id\":\"https:\/\/dev.tg4.ie\/ga\/eolas\/preas\/nuacht-raitis\/2023-2\/cludach-ar-sport-na-mban-nios-fearr-na-riamh-ar-tg4\/#primaryimage\",\"url\":\"https:\/\/dev.tg4.ie\/wp-content\/uploads\/2023\/07\/SportMna1.jpg\",\"contentUrl\":\"https:\/\/dev.tg4.ie\/wp-content\/uploads\/2023\/07\/SportMna1.jpg\"},{\"@type\":\"BreadcrumbList\",\"@id\":\"https:\/\/dev.tg4.ie\/ga\/eolas\/preas\/nuacht-raitis\/2023-2\/cludach-ar-sport-na-mban-nios-fearr-na-riamh-ar-tg4\/#breadcrumb\",\"itemListElement\":[{\"@type\":\"ListItem\",\"position\":1,\"name\":\"Home\",\"item\":\"https:\/\/dev.tg4.ie\/ga\/\"},{\"@type\":\"ListItem\",\"position\":2,\"name\":\"Eolas\",\"item\":\"https:\/\/dev.tg4.ie\/ga\/eolas\/\"},{\"@type\":\"ListItem\",\"position\":3,\"name\":\"Preas\",\"item\":\"https:\/\/dev.tg4.ie\/ga\/eolas\/preas\/\"},{\"@type\":\"ListItem\",\"position\":4,\"name\":\"Nuacht R\u00e1itis\",\"item\":\"https:\/\/dev.tg4.ie\/ga\/eolas\/preas\/nuacht-raitis\/\"},{\"@type\":\"ListItem\",\"position\":5,\"name\":\"2023\",\"item\":\"https:\/\/dev.tg4.ie\/ga\/eolas\/preas\/nuacht-raitis\/2023-2\/\"},{\"@type\":\"ListItem\",\"position\":6,\"name\":\"Cl\u00fadach ar sp\u00f3rt na mban n\u00edos fearr n\u00e1 riamh ar TG4\"}]},{\"@type\":\"WebSite\",\"@id\":\"https:\/\/dev.tg4.ie\/en\/#website\",\"url\":\"https:\/\/dev.tg4.ie\/en\/\",\"name\":\"TG4\",\"description\":\"S\u00fail Eile\",\"potentialAction\":[{\"@type\":\"SearchAction\",\"target\":{\"@type\":\"EntryPoint\",\"urlTemplate\":\"https:\/\/dev.tg4.ie\/en\/?s={search_term_string}\"},\"query-input\":\"required name=search_term_string\"}],\"inLanguage\":\"ga\"}]}<\/script>\n<!-- \/ Yoast SEO plugin. -->","yoast_head_json":{"title":"Cl\u00fadach ar sp\u00f3rt na mban n\u00edos fearr n\u00e1 riamh ar TG4 | Preas R\u00e1iteas | TG4","description":"T\u00e1 r\u00edm\u00e9ad ar TG4 a fh\u00f3gairt go mbeidh siad ag cur n\u00edos m\u00f3 cl\u00fadaigh ar sp\u00f3rt na mban ar f\u00e1il. Sna laethanta agus seachtain\u00ed amach romhainn, d\u00e9anfaidh TG4 craoladh agus sruth\u00fa beo ar 80 uair an chloig de Pheil na mBan, Rugba\u00ed na mBan, Sacar na mBan agus Rotha\u00edocht na mBan. Beidh an cl\u00fadach seo ar fad saor go haer.","robots":{"index":"index","follow":"follow","max-snippet":"max-snippet:-1","max-image-preview":"max-image-preview:large","max-video-preview":"max-video-preview:-1"},"og_locale":"en_US","og_type":"article","og_title":"Cl\u00fadach ar sp\u00f3rt na mban n\u00edos fearr n\u00e1 riamh ar TG4 | Preas R\u00e1iteas | TG4","og_description":"T\u00e1 r\u00edm\u00e9ad ar TG4 a fh\u00f3gairt go mbeidh siad ag cur n\u00edos m\u00f3 cl\u00fadaigh ar sp\u00f3rt na mban ar f\u00e1il. Sna laethanta agus seachtain\u00ed amach romhainn, d\u00e9anfaidh TG4 craoladh agus sruth\u00fa beo ar 80 uair an chloig de Pheil na mBan, Rugba\u00ed na mBan, Sacar na mBan agus Rotha\u00edocht na mBan. Beidh an cl\u00fadach seo ar fad saor go haer.","og_url":"https:\/\/dev.tg4.ie\/ga\/eolas\/preas\/nuacht-raitis\/2023-2\/cludach-ar-sport-na-mban-nios-fearr-na-riamh-ar-tg4\/","og_site_name":"TG4","article_publisher":"https:\/\/www.facebook.com\/TG4TV","article_modified_time":"2023-07-25T14:54:23+00:00","og_image":[{"width":1920,"height":1080,"url":"https:\/\/tg4-docs.s3.amazonaws.com\/wp-content\/uploads\/2023\/07\/25155312\/SportMna_Combi_1.jpg","type":"image\/jpeg"}],"twitter_card":"summary_large_image","twitter_image":"https:\/\/tg4-docs.s3.amazonaws.com\/wp-content\/uploads\/2023\/07\/25155312\/SportMna_Combi_1.jpg","twitter_site":"@TG4TV","twitter_misc":{"Est. reading time":"4 minutes"},"schema":{"@context":"https:\/\/schema.org","@graph":[{"@type":"WebPage","@id":"https:\/\/dev.tg4.ie\/ga\/eolas\/preas\/nuacht-raitis\/2023-2\/cludach-ar-sport-na-mban-nios-fearr-na-riamh-ar-tg4\/","url":"https:\/\/dev.tg4.ie\/ga\/eolas\/preas\/nuacht-raitis\/2023-2\/cludach-ar-sport-na-mban-nios-fearr-na-riamh-ar-tg4\/","name":"Cl\u00fadach ar sp\u00f3rt na mban n\u00edos fearr n\u00e1 riamh ar TG4 | Preas R\u00e1iteas | TG4","isPartOf":{"@id":"https:\/\/dev.tg4.ie\/en\/#website"},"primaryImageOfPage":{"@id":"https:\/\/dev.tg4.ie\/ga\/eolas\/preas\/nuacht-raitis\/2023-2\/cludach-ar-sport-na-mban-nios-fearr-na-riamh-ar-tg4\/#primaryimage"},"image":{"@id":"https:\/\/dev.tg4.ie\/ga\/eolas\/preas\/nuacht-raitis\/2023-2\/cludach-ar-sport-na-mban-nios-fearr-na-riamh-ar-tg4\/#primaryimage"},"thumbnailUrl":"https:\/\/dev.tg4.ie\/wp-content\/uploads\/2023\/07\/SportMna1.jpg","datePublished":"2023-07-25T14:30:37+00:00","dateModified":"2023-07-25T14:54:23+00:00","description":"T\u00e1 r\u00edm\u00e9ad ar TG4 a fh\u00f3gairt go mbeidh siad ag cur n\u00edos m\u00f3 cl\u00fadaigh ar sp\u00f3rt na mban ar f\u00e1il. Sna laethanta agus seachtain\u00ed amach romhainn, d\u00e9anfaidh TG4 craoladh agus sruth\u00fa beo ar 80 uair an chloig de Pheil na mBan, Rugba\u00ed na mBan, Sacar na mBan agus Rotha\u00edocht na mBan. Beidh an cl\u00fadach seo ar fad saor go haer.","breadcrumb":{"@id":"https:\/\/dev.tg4.ie\/ga\/eolas\/preas\/nuacht-raitis\/2023-2\/cludach-ar-sport-na-mban-nios-fearr-na-riamh-ar-tg4\/#breadcrumb"},"inLanguage":"ga","potentialAction":[{"@type":"ReadAction","target":["https:\/\/dev.tg4.ie\/ga\/eolas\/preas\/nuacht-raitis\/2023-2\/cludach-ar-sport-na-mban-nios-fearr-na-riamh-ar-tg4\/"]}]},{"@type":"ImageObject","inLanguage":"ga","@id":"https:\/\/dev.tg4.ie\/ga\/eolas\/preas\/nuacht-raitis\/2023-2\/cludach-ar-sport-na-mban-nios-fearr-na-riamh-ar-tg4\/#primaryimage","url":"https:\/\/dev.tg4.ie\/wp-content\/uploads\/2023\/07\/SportMna1.jpg","contentUrl":"https:\/\/dev.tg4.ie\/wp-content\/uploads\/2023\/07\/SportMna1.jpg"},{"@type":"BreadcrumbList","@id":"https:\/\/dev.tg4.ie\/ga\/eolas\/preas\/nuacht-raitis\/2023-2\/cludach-ar-sport-na-mban-nios-fearr-na-riamh-ar-tg4\/#breadcrumb","itemListElement":[{"@type":"ListItem","position":1,"name":"Home","item":"https:\/\/dev.tg4.ie\/ga\/"},{"@type":"ListItem","position":2,"name":"Eolas","item":"https:\/\/dev.tg4.ie\/ga\/eolas\/"},{"@type":"ListItem","position":3,"name":"Preas","item":"https:\/\/dev.tg4.ie\/ga\/eolas\/preas\/"},{"@type":"ListItem","position":4,"name":"Nuacht R\u00e1itis","item":"https:\/\/dev.tg4.ie\/ga\/eolas\/preas\/nuacht-raitis\/"},{"@type":"ListItem","position":5,"name":"2023","item":"https:\/\/dev.tg4.ie\/ga\/eolas\/preas\/nuacht-raitis\/2023-2\/"},{"@type":"ListItem","position":6,"name":"Cl\u00fadach ar sp\u00f3rt na mban n\u00edos fearr n\u00e1 riamh ar TG4"}]},{"@type":"WebSite","@id":"https:\/\/dev.tg4.ie\/en\/#website","url":"https:\/\/dev.tg4.ie\/en\/","name":"TG4","description":"S\u00fail Eile","potentialAction":[{"@type":"SearchAction","target":{"@type":"EntryPoint","urlTemplate":"https:\/\/dev.tg4.ie\/en\/?s={search_term_string}"},"query-input":"required name=search_term_string"}],"inLanguage":"ga"}]}},"_links":{"self":[{"href":"https:\/\/dev.tg4.ie\/ga\/wp-json\/wp\/v2\/pages\/204195"}],"collection":[{"href":"https:\/\/dev.tg4.ie\/ga\/wp-json\/wp\/v2\/pages"}],"about":[{"href":"https:\/\/dev.tg4.ie\/ga\/wp-json\/wp\/v2\/types\/page"}],"author":[{"embeddable":true,"href":"https:\/\/dev.tg4.ie\/ga\/wp-json\/wp\/v2\/users\/876"}],"replies":[{"embeddable":true,"href":"https:\/\/dev.tg4.ie\/ga\/wp-json\/wp\/v2\/comments?post=204195"}],"version-history":[{"count":0,"href":"https:\/\/dev.tg4.ie\/ga\/wp-json\/wp\/v2\/pages\/204195\/revisions"}],"up":[{"embeddable":true,"href":"https:\/\/dev.tg4.ie\/ga\/wp-json\/wp\/v2\/pages\/180840"}],"wp:attachment":[{"href":"https:\/\/dev.tg4.ie\/ga\/wp-json\/wp\/v2\/media?parent=204195"}],"curies":[{"name":"wp","href":"https:\/\/api.w.org\/{rel}","templated":true}]}}