{"id":204261,"date":"2023-08-01T12:15:39","date_gmt":"2023-08-01T11:15:39","guid":{"rendered":"https:\/\/dev.tg4.ie\/eolas\/preas\/nuacht-raitis\/2023-2\/cludach-ar-sport-na-mban-nios-fearr-na-riamh-ar-tg4-2\/"},"modified":"2023-08-02T10:27:51","modified_gmt":"2023-08-02T09:27:51","slug":"fleadh-2023-beo-ar-tg4","status":"publish","type":"page","link":"https:\/\/dev.tg4.ie\/ga\/eolas\/preas\/nuacht-raitis\/2023-2\/fleadh-2023-beo-ar-tg4\/","title":{"rendered":"FLEADH 2023: Beo ar TG4 ar an 10, 11, 12 agus 13 L\u00fanasa ag 9.30pm"},"content":{"rendered":"<p>Blais\u00edn\u00ed:<\/p>\n<table>\n<tbody>\n<tr>\n<td width=\"50%\">\n<div style=\"position:relative;padding-top:56.25%;\">\n  <iframe src=\"https:\/\/www.youtube.com\/embed\/CMg-9yd-VEE\" frameborder=\"0\" allowfullscreen style=\"position:absolute;top:0;left:0;width:100%;height:100%;\"><\/iframe>\n<\/div>\n<\/td>\n<td width=\"50%\">\n<div style=\"position:relative;padding-top:56.25%;\">\n  <iframe src=\"https:\/\/www.youtube.com\/embed\/Ds5U5V6j1_w\" frameborder=\"0\" allowfullscreen style=\"position:absolute;top:0;left:0;width:100%;height:100%;\"><\/iframe>\n<\/div>\n<\/td>\n<\/tr>\n<\/tbody>\n<\/table>\n<p><!--a href=\"https:\/\/www.youtube.com\/watch?v=CMg-9yd-VEE\" rel=\"noopener\" target=\"_blank\">https:\/\/www.youtube.com\/watch?v=CMg-9yd-VEE<\/a>\n<a href=\"https:\/\/www.youtube.com\/watch?v=Ds5U5V6j1_w\" rel=\"noopener\" target=\"_blank\">https:\/\/www.youtube.com\/watch?v=Ds5U5V6j1_w<\/a--><br \/>\n&nbsp;<\/p>\n<p><img loading=\"lazy\" decoding=\"async\" width=\"1920\" height=\"1080\" src=\"https:\/\/tg4-docs.s3.amazonaws.com\/wp-content\/uploads\/2023\/08\/01120742\/Fleadh2023_1-1920x1080-1.jpg\" alt=\"\" class=\"aligncenter size-full wp-image-204284\" srcset=\"https:\/\/tg4-docs.s3.amazonaws.com\/wp-content\/uploads\/2023\/08\/01120742\/Fleadh2023_1-1920x1080-1.jpg 1920w, https:\/\/tg4-docs.s3.amazonaws.com\/wp-content\/uploads\/2023\/08\/01120742\/Fleadh2023_1-1920x1080-1-250x141.jpg 250w, https:\/\/tg4-docs.s3.amazonaws.com\/wp-content\/uploads\/2023\/08\/01120742\/Fleadh2023_1-1920x1080-1-700x394.jpg 700w, https:\/\/tg4-docs.s3.amazonaws.com\/wp-content\/uploads\/2023\/08\/01120742\/Fleadh2023_1-1920x1080-1-252x141.jpg 252w, https:\/\/tg4-docs.s3.amazonaws.com\/wp-content\/uploads\/2023\/08\/01120742\/Fleadh2023_1-1920x1080-1-1536x864.jpg 1536w, https:\/\/tg4-docs.s3.amazonaws.com\/wp-content\/uploads\/2023\/08\/01120742\/Fleadh2023_1-1920x1080-1-120x68.jpg 120w\" sizes=\"(max-width: 1920px) 100vw, 1920px\" \/><\/p>\n<p><sup>Picti\u00far: L\u00e1ithreoir\u00ed &#8211; Fleadh 2023: Aoife N\u00ed Thuairisg, Doireann N\u00ed Ghlac\u00e1in agus Peadar \u00d3 Goill, Creidi\u00faint: Melissa Mannion<\/sup><br \/>\n&nbsp;<\/p>\n<p>Beidh an Fhleadh Cheoil ag filleadh ar an Muileann gCearr in 2023, agus \u00ed ar ais san \u00e1it inar cuireadh t\u00fas l\u00e9i an ch\u00e9ad l\u00e1 riamh sa bhliain 1951.  Beidh TG4 ina \u2018L\u00e1rionad don Fhleadh Cheoil\u2019 agus craolfaimid ceithre chl\u00e1r bheo ar an 10, 11, 12 agus 13 L\u00fanasa a bheidh l\u00e1n le scoth na n-amhr\u00e1n, an cheoil agus an damhsa Ghaelaigh. D\u00e9anfaidh an st\u00e1isi\u00fan roinnt de na com\u00f3rtais a shruth\u00fa beo ar an seinnteoir <a href=\"https:\/\/dev.tg4.ie\" rel=\"noopener\" target=\"_blank\">www.tg4.ie<\/a> freisin agus d\u00e9an cinnte cain\u00e9il me\u00e1n s\u00f3isialta @TG4TV a lean\u00faint chun an t-aicsean \u00f3 ch\u00fal an cheamara a fh\u00e1il agus an ceol sa Mhuileann gCearr a chloiste\u00e1il, n\u00f3 b\u00ed ag caint linn ar l\u00edne ag \u00fas\u00e1id #Fleadh2023<br \/>\n&nbsp;<br \/>\nN\u00ed m\u00f3r duit \u00e1it a bhaint amach sna babhta\u00ed c\u00faige ar dt\u00fas le bheith san ioma\u00edocht i mbabhta\u00ed ceannais na h\u00c9ireann. T\u00e1 na l\u00e1ithreoir\u00ed, Doireann N\u00ed Ghlac\u00e1in agus Peadar \u00d3 Goill, ag dul ar fud na t\u00edre le ceithre seachtaine anuas, iad ag casadh le roinnt de na ceolt\u00f3ir\u00ed is fearr sa t\u00edr, cuid acu a raibh s\u00fail acu f\u00e9in \u00e1it a bhaint amach i gcom\u00f3rtais na h\u00c9ireann, agus gach duine acu le bheith sa Mhuileann gCearr am \u00e9igin le linn na f\u00e9ile seachtaine. Craolfar cl\u00fadach \u00f3 na babhta\u00ed ceannais c\u00faige ar TG4 D\u00e9 Domhnaigh an 6 L\u00fanasa ag 9.30pm ar <strong>Fleadh 2023 Na C\u00faig\u00ed<\/strong>. Sa chl\u00e1r sin tabharfaidh Doireann agus Peadar an lucht f\u00e9achana blaiseadh den ioma\u00edocht \u00f3 cheithre bhabhta ceannais na gc\u00faig\u00ed i mB\u00e9al an \u00c1tha, i mBaile \u00c1tha Cliath, i dTr\u00e1 L\u00ed agus sa Droim M\u00f3r agus cuirfidh eolas ar roinnt de na ceolt\u00f3ir\u00ed cumasacha is fearr at\u00e1 ag teacht chun cinn sa t\u00edr.<br \/>\n&nbsp;<br \/>\nCraolfar <strong>Fleadh 2023<\/strong> beo ceithre o\u00edche as a ch\u00e9ile ar <strong>TG4 \u00f3 D\u00e9ardaoin go dt\u00ed D\u00e9 Domhnaigh \u00f3n 9.30pm go dt\u00ed 11pm<\/strong>. Beidh an comhl\u00e1ithreoir Aoife N\u00ed Thuairisg i dteannta na l\u00e1ithreoir\u00ed Peadar agus Doireann, chomh maith leis an scoth de cheolt\u00f3ir\u00ed cumasacha Gaelacha \u00f3 ar fud na h\u00c9ireann agus n\u00edos faide i gc\u00e9in.<br \/>\n&nbsp;<br \/>\nI measc na ndaoine a bheidh ag ceol beo d\u00fainn o\u00edche D\u00e9ardaoin beidh Natalie MacMaster, Donnell Leahy &#038; a Theaghlach, Banna C\u00e9il\u00ed Thaobh na Mara, Tim Edey, The Gardiner Brothers, S\u00edomha, Ger O\u2019Donnell, Trevor Sexton le George Murphy &#038; Meadhbh Walsh, D\u2019Bize, Gr\u00e1inne Hambly, agus Craobh Pheig U\u00ed Riain CC\u00c9.<br \/>\n&nbsp;<br \/>\nBeidh siad seo a leanas ar st\u00e1itse o\u00edche D\u00e9 hAoine, Dolores Keane, T\u00e9ada, M\u00e9abh N\u00ed Bheaglaoich, Breannd\u00e1n \u00d3 Beaglaoich, Emmet Cahill, Paul Dooley &#038; Kseniya Rusnak, The Dublin Lasses, Ant\u00f3in MacGabhann &#038; a theaghlach ina measc.<br \/>\n&nbsp;<br \/>\nIs iad Cherish The Ladies, M\u00e1ire N\u00ed Chathasaigh &#038; Chris Newman, Eoghan \u00d3 Ceannabh\u00e1in and Ultan O\u2019Brien, Enda Scahill &#038; Mick Conneely, Strange Boy, Meitheal Orchestra, Fusion Fighters, The Melbourne C\u00e9il\u00ed Band, agus Tempest a bheidh ag coinne\u00e1il ceoil linn o\u00edche D\u00e9 Sathairn.<br \/>\n&nbsp;<br \/>\nTabharfaidh <strong>Fleadh 2023<\/strong> ard\u00e1n do laochra m\u00f3ra an cheoil mar aon le hard\u00e1n a thabhairt do cheolt\u00f3ir\u00ed cumasacha nua at\u00e1 ag teacht chun cinn. Agus beimid ag coinne\u00e1il an lucht f\u00e9achana ar an eolas faoi na tortha\u00ed is d\u00e9ana\u00ed \u00f3 na com\u00f3rtais.<br \/>\n&nbsp;<br \/>\nCl\u00e1r \u00e9 <strong>Fleadh 2023<\/strong> a bheidh l\u00e1n d\u2019amhr\u00e1na\u00edocht, damhsa, ceol agus sc\u00e9alta agus a bheidh fr\u00e9amhaithe i dtraidisi\u00fan na Fleidhe, agus n\u00edl aon dabht ann ach go mbainfidh gach duine sa teaghlach sult as an \u00f3c\u00e1id seo, \u00f3c\u00e1id n\u00e1r cheart duit a chailleadh!<br \/>\nLean cain\u00e9il me\u00e1n s\u00f3isialta @TG4TV chun blaiseadh a fh\u00e1il den m\u00e9id a bh\u00edonn ag tarl\u00fa agus den cheol a bh\u00edonn ar si\u00fal taobh thiar den cheamara, n\u00f3 b\u00ed p\u00e1irteach sa chomhr\u00e1 ar l\u00edne tr\u00ed \u00fas\u00e1id a bhaint as #Fleadh2023.<br \/>\n&nbsp;<br \/>\nIs iad Power Pictures a l\u00e9ireoidh na ceithre chl\u00e1r bheo a bheidh le craoladh ar TG4 idir D\u00e9ardaoin an 10 L\u00fanasa agus D\u00e9 Domhnaigh an 13 L\u00fanasa, idir 9.30pm agus 11pm.<br \/>\n&nbsp;<br \/>\nMar at\u00e1 luaite thuas, beidh TG4 ag craoladh beo ar l\u00edne freisin \u00f3 chom\u00f3rtais \u00e9ags\u00fala ar sheinnteoir an st\u00e1isi\u00fain <a href=\"https:\/\/dev.tg4.ie\" rel=\"noopener\" target=\"_blank\">www.tg4.ie<\/a><br \/>\n&nbsp;<br \/>\n<img loading=\"lazy\" decoding=\"async\" width=\"1920\" height=\"1080\" src=\"https:\/\/tg4-docs.s3.amazonaws.com\/wp-content\/uploads\/2023\/08\/01121038\/Fleadh2023_2-1920x1080-1.jpg\" alt=\"\" class=\"aligncenter size-full wp-image-204288\" srcset=\"https:\/\/tg4-docs.s3.amazonaws.com\/wp-content\/uploads\/2023\/08\/01121038\/Fleadh2023_2-1920x1080-1.jpg 1920w, https:\/\/tg4-docs.s3.amazonaws.com\/wp-content\/uploads\/2023\/08\/01121038\/Fleadh2023_2-1920x1080-1-250x141.jpg 250w, https:\/\/tg4-docs.s3.amazonaws.com\/wp-content\/uploads\/2023\/08\/01121038\/Fleadh2023_2-1920x1080-1-700x394.jpg 700w, https:\/\/tg4-docs.s3.amazonaws.com\/wp-content\/uploads\/2023\/08\/01121038\/Fleadh2023_2-1920x1080-1-252x141.jpg 252w, https:\/\/tg4-docs.s3.amazonaws.com\/wp-content\/uploads\/2023\/08\/01121038\/Fleadh2023_2-1920x1080-1-1536x864.jpg 1536w, https:\/\/tg4-docs.s3.amazonaws.com\/wp-content\/uploads\/2023\/08\/01121038\/Fleadh2023_2-1920x1080-1-120x68.jpg 120w\" sizes=\"(max-width: 1920px) 100vw, 1920px\" \/><\/p>\n<p><sup>Picti\u00far: Darren \u00d3 Dubhg\u00e1in, Freda Nic Giolla Chath\u00e1in. Creidi\u00faint &#8211; Melissa Mannion.<\/sup><br \/>\n&nbsp;<br \/>\nIs iad Freda Nic Giolla Chath\u00e1in, Darren \u00d3 Dubhg\u00e1in agus Fiona N\u00ed Fhlaithearta a chuirfidh <strong>Fleadh 2023 Com\u00f3rtais Bheo<\/strong> i l\u00e1thair le linn an deiridh seachtaine \u00f3n 11-13 L\u00fanasa agus muid ag sruth\u00fa roinnt de phr\u00edomhchom\u00f3rtais ag Fleadh Cheoil na bliana seo beo. Lean an sruth\u00fa beo ar <a href=\"https:\/\/www.facebook.com\/fleadhcheoil\" rel=\"noopener\" target=\"_blank\">facebook.com\/fleadhcheoil<\/a> agus ar <a href=\"https:\/\/dev.tg4.ie\" rel=\"noopener\" target=\"_blank\">www.tg4.ie<\/a> Omedia a l\u00e9ireoidh Fleadh 2023 Com\u00f3rtais Bheo do TG4 agus is \u00e9 Telegael a \u00e9asc\u00f3idh \u00e9.<br \/>\n&nbsp;<br \/>\n\u00d3 chom\u00f3rtais aonair go d\u00edsr\u00e9id agus tr\u00edr\u00e9id, beimid i l\u00e1r an aonaigh freisin ag roinnt de chom\u00f3rtais is m\u00f3 na f\u00e9ile, ina measc Com\u00f3rtas Sinsear na mBanna\u00ed C\u00e9il\u00ed, pr\u00edomhimeacht dheireadh seachtaine na Fleidhe. Idir na com\u00f3rtais, coinneoimid ar an eolas t\u00fa faoi gach rud eile at\u00e1 ag tarl\u00fa le linn dheireadh seachtaine na Fleidhe agus beimid ag caint leis na hiomaitheoir\u00ed agus leis an lucht eagraithe.<br \/>\n&nbsp;<br \/>\n&nbsp;<\/p>\n","protected":false},"excerpt":{"rendered":"<p>Blais\u00edn\u00ed: &nbsp; Picti\u00far: L\u00e1ithreoir\u00ed &#8211; Fleadh 2023: Aoife N\u00ed Thuairisg, Doireann N\u00ed Ghlac\u00e1in agus Peadar \u00d3 Goill, Creidi\u00faint: Melissa Mannion &nbsp; Beidh an Fhleadh Cheoil ag filleadh ar an Muileann gCearr in 2023, agus \u00ed ar ais san \u00e1it inar cuireadh t\u00fas l\u00e9i an ch\u00e9ad l\u00e1 riamh sa bhliain 1951. Beidh TG4 ina \u2018L\u00e1rionad don [&hellip;]<\/p>\n","protected":false},"author":876,"featured_media":0,"parent":180840,"menu_order":20,"comment_status":"closed","ping_status":"closed","template":"page-templates\/template-pr.php","meta":{"_acf_changed":false,"footnotes":""},"acf":[],"yoast_head":"<!-- This site is optimized with the Yoast SEO plugin v22.6 - https:\/\/yoast.com\/wordpress\/plugins\/seo\/ -->\n<title>FLEADH 2023 Beo ar TG4 ar an 10,11,12 &amp; 13 L\u00fanasa ag 9.30 pm | Preas R\u00e1iteas | TG4<\/title>\n<meta name=\"description\" content=\"Beidh an Fhleadh Cheoil ag filleadh ar an Muileann gCearr in 2023, agus \u00ed ar ais san \u00e1it inar cuireadh t\u00fas l\u00e9i an ch\u00e9ad l\u00e1 riamh sa bhliain 1951. Beidh TG4 ina \u2018L\u00e1rionad don Fhleadh Cheoil\u2019 agus craolfaimid ceithre chl\u00e1r bheo ar an 10, 11, 12 agus 13 L\u00fanasa a bheidh l\u00e1n le scoth na n-amhr\u00e1n, an cheoil agus an damhsa Ghaelaigh.\" \/>\n<meta name=\"robots\" content=\"index, follow, max-snippet:-1, max-image-preview:large, max-video-preview:-1\" \/>\n<meta property=\"og:locale\" content=\"en_US\" \/>\n<meta property=\"og:type\" content=\"article\" \/>\n<meta property=\"og:title\" content=\"FLEADH 2023 Beo ar TG4 ar an 10,11,12 &amp; 13 L\u00fanasa ag 9.30 pm | Preas R\u00e1iteas | TG4\" \/>\n<meta property=\"og:description\" content=\"Beidh an Fhleadh Cheoil ag filleadh ar an Muileann gCearr in 2023, agus \u00ed ar ais san \u00e1it inar cuireadh t\u00fas l\u00e9i an ch\u00e9ad l\u00e1 riamh sa bhliain 1951. Beidh TG4 ina \u2018L\u00e1rionad don Fhleadh Cheoil\u2019 agus craolfaimid ceithre chl\u00e1r bheo ar an 10, 11, 12 agus 13 L\u00fanasa a bheidh l\u00e1n le scoth na n-amhr\u00e1n, an cheoil agus an damhsa Ghaelaigh.\" \/>\n<meta property=\"og:url\" content=\"https:\/\/dev.tg4.ie\/ga\/eolas\/preas\/nuacht-raitis\/2023-2\/fleadh-2023-beo-ar-tg4\/\" \/>\n<meta property=\"og:site_name\" content=\"TG4\" \/>\n<meta property=\"article:publisher\" content=\"https:\/\/www.facebook.com\/TG4TV\" \/>\n<meta property=\"article:modified_time\" content=\"2023-08-02T09:27:51+00:00\" \/>\n<meta property=\"og:image\" content=\"https:\/\/tg4-docs.s3.amazonaws.com\/wp-content\/uploads\/2023\/08\/01121446\/Fleadh_2023_Laithreoiri_TG4_1-1920x1080-1.jpg\" \/>\n\t<meta property=\"og:image:width\" content=\"1920\" \/>\n\t<meta property=\"og:image:height\" content=\"1080\" \/>\n\t<meta property=\"og:image:type\" content=\"image\/jpeg\" \/>\n<meta name=\"twitter:card\" content=\"summary_large_image\" \/>\n<meta name=\"twitter:image\" content=\"https:\/\/tg4-docs.s3.amazonaws.com\/wp-content\/uploads\/2023\/08\/01121446\/Fleadh_2023_Laithreoiri_TG4_1-1920x1080-1.jpg\" \/>\n<meta name=\"twitter:site\" content=\"@TG4TV\" \/>\n<meta name=\"twitter:label1\" content=\"Est. reading time\" \/>\n\t<meta name=\"twitter:data1\" content=\"4 minutes\" \/>\n<script type=\"application\/ld+json\" class=\"yoast-schema-graph\">{\"@context\":\"https:\/\/schema.org\",\"@graph\":[{\"@type\":\"WebPage\",\"@id\":\"https:\/\/dev.tg4.ie\/ga\/eolas\/preas\/nuacht-raitis\/2023-2\/fleadh-2023-beo-ar-tg4\/\",\"url\":\"https:\/\/dev.tg4.ie\/ga\/eolas\/preas\/nuacht-raitis\/2023-2\/fleadh-2023-beo-ar-tg4\/\",\"name\":\"FLEADH 2023 Beo ar TG4 ar an 10,11,12 & 13 L\u00fanasa ag 9.30 pm | Preas R\u00e1iteas | TG4\",\"isPartOf\":{\"@id\":\"https:\/\/dev.tg4.ie\/en\/#website\"},\"primaryImageOfPage\":{\"@id\":\"https:\/\/dev.tg4.ie\/ga\/eolas\/preas\/nuacht-raitis\/2023-2\/fleadh-2023-beo-ar-tg4\/#primaryimage\"},\"image\":{\"@id\":\"https:\/\/dev.tg4.ie\/ga\/eolas\/preas\/nuacht-raitis\/2023-2\/fleadh-2023-beo-ar-tg4\/#primaryimage\"},\"thumbnailUrl\":\"https:\/\/dev.tg4.ie\/wp-content\/uploads\/2023\/08\/Fleadh2023_1-1920x1080-1.jpg\",\"datePublished\":\"2023-08-01T11:15:39+00:00\",\"dateModified\":\"2023-08-02T09:27:51+00:00\",\"description\":\"Beidh an Fhleadh Cheoil ag filleadh ar an Muileann gCearr in 2023, agus \u00ed ar ais san \u00e1it inar cuireadh t\u00fas l\u00e9i an ch\u00e9ad l\u00e1 riamh sa bhliain 1951. Beidh TG4 ina \u2018L\u00e1rionad don Fhleadh Cheoil\u2019 agus craolfaimid ceithre chl\u00e1r bheo ar an 10, 11, 12 agus 13 L\u00fanasa a bheidh l\u00e1n le scoth na n-amhr\u00e1n, an cheoil agus an damhsa Ghaelaigh.\",\"breadcrumb\":{\"@id\":\"https:\/\/dev.tg4.ie\/ga\/eolas\/preas\/nuacht-raitis\/2023-2\/fleadh-2023-beo-ar-tg4\/#breadcrumb\"},\"inLanguage\":\"ga\",\"potentialAction\":[{\"@type\":\"ReadAction\",\"target\":[\"https:\/\/dev.tg4.ie\/ga\/eolas\/preas\/nuacht-raitis\/2023-2\/fleadh-2023-beo-ar-tg4\/\"]}]},{\"@type\":\"ImageObject\",\"inLanguage\":\"ga\",\"@id\":\"https:\/\/dev.tg4.ie\/ga\/eolas\/preas\/nuacht-raitis\/2023-2\/fleadh-2023-beo-ar-tg4\/#primaryimage\",\"url\":\"https:\/\/dev.tg4.ie\/wp-content\/uploads\/2023\/08\/Fleadh2023_1-1920x1080-1.jpg\",\"contentUrl\":\"https:\/\/dev.tg4.ie\/wp-content\/uploads\/2023\/08\/Fleadh2023_1-1920x1080-1.jpg\"},{\"@type\":\"BreadcrumbList\",\"@id\":\"https:\/\/dev.tg4.ie\/ga\/eolas\/preas\/nuacht-raitis\/2023-2\/fleadh-2023-beo-ar-tg4\/#breadcrumb\",\"itemListElement\":[{\"@type\":\"ListItem\",\"position\":1,\"name\":\"Home\",\"item\":\"https:\/\/dev.tg4.ie\/ga\/\"},{\"@type\":\"ListItem\",\"position\":2,\"name\":\"Eolas\",\"item\":\"https:\/\/dev.tg4.ie\/ga\/eolas\/\"},{\"@type\":\"ListItem\",\"position\":3,\"name\":\"Preas\",\"item\":\"https:\/\/dev.tg4.ie\/ga\/eolas\/preas\/\"},{\"@type\":\"ListItem\",\"position\":4,\"name\":\"Nuacht R\u00e1itis\",\"item\":\"https:\/\/dev.tg4.ie\/ga\/eolas\/preas\/nuacht-raitis\/\"},{\"@type\":\"ListItem\",\"position\":5,\"name\":\"2023\",\"item\":\"https:\/\/dev.tg4.ie\/ga\/eolas\/preas\/nuacht-raitis\/2023-2\/\"},{\"@type\":\"ListItem\",\"position\":6,\"name\":\"FLEADH 2023: Beo ar TG4 ar an 10, 11, 12 agus 13 L\u00fanasa ag 9.30pm\"}]},{\"@type\":\"WebSite\",\"@id\":\"https:\/\/dev.tg4.ie\/en\/#website\",\"url\":\"https:\/\/dev.tg4.ie\/en\/\",\"name\":\"TG4\",\"description\":\"S\u00fail Eile\",\"potentialAction\":[{\"@type\":\"SearchAction\",\"target\":{\"@type\":\"EntryPoint\",\"urlTemplate\":\"https:\/\/dev.tg4.ie\/en\/?s={search_term_string}\"},\"query-input\":\"required name=search_term_string\"}],\"inLanguage\":\"ga\"}]}<\/script>\n<!-- \/ Yoast SEO plugin. -->","yoast_head_json":{"title":"FLEADH 2023 Beo ar TG4 ar an 10,11,12 & 13 L\u00fanasa ag 9.30 pm | Preas R\u00e1iteas | TG4","description":"Beidh an Fhleadh Cheoil ag filleadh ar an Muileann gCearr in 2023, agus \u00ed ar ais san \u00e1it inar cuireadh t\u00fas l\u00e9i an ch\u00e9ad l\u00e1 riamh sa bhliain 1951. Beidh TG4 ina \u2018L\u00e1rionad don Fhleadh Cheoil\u2019 agus craolfaimid ceithre chl\u00e1r bheo ar an 10, 11, 12 agus 13 L\u00fanasa a bheidh l\u00e1n le scoth na n-amhr\u00e1n, an cheoil agus an damhsa Ghaelaigh.","robots":{"index":"index","follow":"follow","max-snippet":"max-snippet:-1","max-image-preview":"max-image-preview:large","max-video-preview":"max-video-preview:-1"},"og_locale":"en_US","og_type":"article","og_title":"FLEADH 2023 Beo ar TG4 ar an 10,11,12 & 13 L\u00fanasa ag 9.30 pm | Preas R\u00e1iteas | TG4","og_description":"Beidh an Fhleadh Cheoil ag filleadh ar an Muileann gCearr in 2023, agus \u00ed ar ais san \u00e1it inar cuireadh t\u00fas l\u00e9i an ch\u00e9ad l\u00e1 riamh sa bhliain 1951. Beidh TG4 ina \u2018L\u00e1rionad don Fhleadh Cheoil\u2019 agus craolfaimid ceithre chl\u00e1r bheo ar an 10, 11, 12 agus 13 L\u00fanasa a bheidh l\u00e1n le scoth na n-amhr\u00e1n, an cheoil agus an damhsa Ghaelaigh.","og_url":"https:\/\/dev.tg4.ie\/ga\/eolas\/preas\/nuacht-raitis\/2023-2\/fleadh-2023-beo-ar-tg4\/","og_site_name":"TG4","article_publisher":"https:\/\/www.facebook.com\/TG4TV","article_modified_time":"2023-08-02T09:27:51+00:00","og_image":[{"width":1920,"height":1080,"url":"https:\/\/tg4-docs.s3.amazonaws.com\/wp-content\/uploads\/2023\/08\/01121446\/Fleadh_2023_Laithreoiri_TG4_1-1920x1080-1.jpg","type":"image\/jpeg"}],"twitter_card":"summary_large_image","twitter_image":"https:\/\/tg4-docs.s3.amazonaws.com\/wp-content\/uploads\/2023\/08\/01121446\/Fleadh_2023_Laithreoiri_TG4_1-1920x1080-1.jpg","twitter_site":"@TG4TV","twitter_misc":{"Est. reading time":"4 minutes"},"schema":{"@context":"https:\/\/schema.org","@graph":[{"@type":"WebPage","@id":"https:\/\/dev.tg4.ie\/ga\/eolas\/preas\/nuacht-raitis\/2023-2\/fleadh-2023-beo-ar-tg4\/","url":"https:\/\/dev.tg4.ie\/ga\/eolas\/preas\/nuacht-raitis\/2023-2\/fleadh-2023-beo-ar-tg4\/","name":"FLEADH 2023 Beo ar TG4 ar an 10,11,12 & 13 L\u00fanasa ag 9.30 pm | Preas R\u00e1iteas | TG4","isPartOf":{"@id":"https:\/\/dev.tg4.ie\/en\/#website"},"primaryImageOfPage":{"@id":"https:\/\/dev.tg4.ie\/ga\/eolas\/preas\/nuacht-raitis\/2023-2\/fleadh-2023-beo-ar-tg4\/#primaryimage"},"image":{"@id":"https:\/\/dev.tg4.ie\/ga\/eolas\/preas\/nuacht-raitis\/2023-2\/fleadh-2023-beo-ar-tg4\/#primaryimage"},"thumbnailUrl":"https:\/\/dev.tg4.ie\/wp-content\/uploads\/2023\/08\/Fleadh2023_1-1920x1080-1.jpg","datePublished":"2023-08-01T11:15:39+00:00","dateModified":"2023-08-02T09:27:51+00:00","description":"Beidh an Fhleadh Cheoil ag filleadh ar an Muileann gCearr in 2023, agus \u00ed ar ais san \u00e1it inar cuireadh t\u00fas l\u00e9i an ch\u00e9ad l\u00e1 riamh sa bhliain 1951. Beidh TG4 ina \u2018L\u00e1rionad don Fhleadh Cheoil\u2019 agus craolfaimid ceithre chl\u00e1r bheo ar an 10, 11, 12 agus 13 L\u00fanasa a bheidh l\u00e1n le scoth na n-amhr\u00e1n, an cheoil agus an damhsa Ghaelaigh.","breadcrumb":{"@id":"https:\/\/dev.tg4.ie\/ga\/eolas\/preas\/nuacht-raitis\/2023-2\/fleadh-2023-beo-ar-tg4\/#breadcrumb"},"inLanguage":"ga","potentialAction":[{"@type":"ReadAction","target":["https:\/\/dev.tg4.ie\/ga\/eolas\/preas\/nuacht-raitis\/2023-2\/fleadh-2023-beo-ar-tg4\/"]}]},{"@type":"ImageObject","inLanguage":"ga","@id":"https:\/\/dev.tg4.ie\/ga\/eolas\/preas\/nuacht-raitis\/2023-2\/fleadh-2023-beo-ar-tg4\/#primaryimage","url":"https:\/\/dev.tg4.ie\/wp-content\/uploads\/2023\/08\/Fleadh2023_1-1920x1080-1.jpg","contentUrl":"https:\/\/dev.tg4.ie\/wp-content\/uploads\/2023\/08\/Fleadh2023_1-1920x1080-1.jpg"},{"@type":"BreadcrumbList","@id":"https:\/\/dev.tg4.ie\/ga\/eolas\/preas\/nuacht-raitis\/2023-2\/fleadh-2023-beo-ar-tg4\/#breadcrumb","itemListElement":[{"@type":"ListItem","position":1,"name":"Home","item":"https:\/\/dev.tg4.ie\/ga\/"},{"@type":"ListItem","position":2,"name":"Eolas","item":"https:\/\/dev.tg4.ie\/ga\/eolas\/"},{"@type":"ListItem","position":3,"name":"Preas","item":"https:\/\/dev.tg4.ie\/ga\/eolas\/preas\/"},{"@type":"ListItem","position":4,"name":"Nuacht R\u00e1itis","item":"https:\/\/dev.tg4.ie\/ga\/eolas\/preas\/nuacht-raitis\/"},{"@type":"ListItem","position":5,"name":"2023","item":"https:\/\/dev.tg4.ie\/ga\/eolas\/preas\/nuacht-raitis\/2023-2\/"},{"@type":"ListItem","position":6,"name":"FLEADH 2023: Beo ar TG4 ar an 10, 11, 12 agus 13 L\u00fanasa ag 9.30pm"}]},{"@type":"WebSite","@id":"https:\/\/dev.tg4.ie\/en\/#website","url":"https:\/\/dev.tg4.ie\/en\/","name":"TG4","description":"S\u00fail Eile","potentialAction":[{"@type":"SearchAction","target":{"@type":"EntryPoint","urlTemplate":"https:\/\/dev.tg4.ie\/en\/?s={search_term_string}"},"query-input":"required name=search_term_string"}],"inLanguage":"ga"}]}},"_links":{"self":[{"href":"https:\/\/dev.tg4.ie\/ga\/wp-json\/wp\/v2\/pages\/204261"}],"collection":[{"href":"https:\/\/dev.tg4.ie\/ga\/wp-json\/wp\/v2\/pages"}],"about":[{"href":"https:\/\/dev.tg4.ie\/ga\/wp-json\/wp\/v2\/types\/page"}],"author":[{"embeddable":true,"href":"https:\/\/dev.tg4.ie\/ga\/wp-json\/wp\/v2\/users\/876"}],"replies":[{"embeddable":true,"href":"https:\/\/dev.tg4.ie\/ga\/wp-json\/wp\/v2\/comments?post=204261"}],"version-history":[{"count":0,"href":"https:\/\/dev.tg4.ie\/ga\/wp-json\/wp\/v2\/pages\/204261\/revisions"}],"up":[{"embeddable":true,"href":"https:\/\/dev.tg4.ie\/ga\/wp-json\/wp\/v2\/pages\/180840"}],"wp:attachment":[{"href":"https:\/\/dev.tg4.ie\/ga\/wp-json\/wp\/v2\/media?parent=204261"}],"curies":[{"name":"wp","href":"https:\/\/api.w.org\/{rel}","templated":true}]}}