{"id":204707,"date":"2023-09-08T16:00:42","date_gmt":"2023-09-08T15:00:42","guid":{"rendered":"https:\/\/dev.tg4.ie\/?page_id=204707"},"modified":"2023-09-08T12:16:56","modified_gmt":"2023-09-08T11:16:56","slug":"cula4-an-chead-chaineal-gaeilge-do-dhaoine-oga-seolta","status":"publish","type":"page","link":"https:\/\/dev.tg4.ie\/ga\/eolas\/preas\/nuacht-raitis\/2023-2\/cula4-an-chead-chaineal-gaeilge-do-dhaoine-oga-seolta\/","title":{"rendered":"C\u00fala4, An Ch\u00e9ad Chain\u00e9al Gaeilge do Dhaoine \u00d3ga Seolta"},"content":{"rendered":"<p><img loading=\"lazy\" decoding=\"async\" width=\"1920\" height=\"1080\" src=\"https:\/\/tg4-docs.s3.amazonaws.com\/wp-content\/uploads\/2023\/08\/30143245\/Cula4_-_Sile_Ni_Chonghaile_Seosamh_Mac_Seoin_Niamh_Ni_Chroinin_1-1920x1080-1.jpg\" alt=\"\" class=\"aligncenter size-full wp-image-204567\" srcset=\"https:\/\/tg4-docs.s3.amazonaws.com\/wp-content\/uploads\/2023\/08\/30143245\/Cula4_-_Sile_Ni_Chonghaile_Seosamh_Mac_Seoin_Niamh_Ni_Chroinin_1-1920x1080-1.jpg 1920w, https:\/\/tg4-docs.s3.amazonaws.com\/wp-content\/uploads\/2023\/08\/30143245\/Cula4_-_Sile_Ni_Chonghaile_Seosamh_Mac_Seoin_Niamh_Ni_Chroinin_1-1920x1080-1-250x141.jpg 250w, https:\/\/tg4-docs.s3.amazonaws.com\/wp-content\/uploads\/2023\/08\/30143245\/Cula4_-_Sile_Ni_Chonghaile_Seosamh_Mac_Seoin_Niamh_Ni_Chroinin_1-1920x1080-1-700x394.jpg 700w, https:\/\/tg4-docs.s3.amazonaws.com\/wp-content\/uploads\/2023\/08\/30143245\/Cula4_-_Sile_Ni_Chonghaile_Seosamh_Mac_Seoin_Niamh_Ni_Chroinin_1-1920x1080-1-252x141.jpg 252w, https:\/\/tg4-docs.s3.amazonaws.com\/wp-content\/uploads\/2023\/08\/30143245\/Cula4_-_Sile_Ni_Chonghaile_Seosamh_Mac_Seoin_Niamh_Ni_Chroinin_1-1920x1080-1-1536x864.jpg 1536w, https:\/\/tg4-docs.s3.amazonaws.com\/wp-content\/uploads\/2023\/08\/30143245\/Cula4_-_Sile_Ni_Chonghaile_Seosamh_Mac_Seoin_Niamh_Ni_Chroinin_1-1920x1080-1-120x68.jpg 120w\" sizes=\"(max-width: 1920px) 100vw, 1920px\" \/><br \/>\n&nbsp;<\/p>\n<form>\n<input style=\"width: 100%; padding: 10px; cursor: pointer; box-shadow: 6px 6px 5px; #999; -webkit-box-shadow: 6px 6px 5px #999; -moz-box-shadow: 6px 6px 5px #999; font-weight: bold; background: #3f157e; color: #ffffff; border-radius: 10px; border: 2px solid #040402; font-size: 100%;\" type=\"button\" value=\"Tuilleadh Eolas faoi C\u00fala4 - Clice\u00e1il Anseo!\" onclick=\"window.location.href='https:\/\/dev.tg4.ie\/eile\/caineal-cula4\/'\" \/><br \/>\n<\/form>\n<p>&nbsp;<br \/>\nBaineadh buaicphointe amach inniu (D\u00e9 hAoine &#8211; 8 Me\u00e1n F\u00f3mhair 2023) nuair a seoladh  an ch\u00e9ad chain\u00e9al Gaeilge riamh do dhaoine \u00f3ga. Tugadh cuireadh don Aire Turas\u00f3ireachta, Cult\u00fair, Eala\u00edon, Gaeltachta, Sp\u00f3irt agus Me\u00e1n, Catherine Martin, teacht chuig ceann\u00e1ras <strong>TG4<\/strong> i gCo. na Gaillimhe chun an cain\u00e9al teilif\u00edse nua a sheoladh go hoifigi\u00fail.<br \/>\n&nbsp;<\/p>\n<p>Craolfar <strong>C\u00fala4<\/strong> ar feadh 14 uair an chloig sa l\u00e1, \u00f3n 6 a chlog gach maidin go dt\u00ed a 8 a chlog gach tr\u00e1thn\u00f3na. Beidh cain\u00e9al na ndaoine \u00f3ga ar si\u00fal ar Saorview &#8211; Cain\u00e9al 18, Cain\u00e9al 602 ar Virgin Media, Sky 624 agus Eir. Tac\u00f3far le C\u00fala4 ar l\u00edne freisin tr\u00edd an seinnteoir a bheidh ar f\u00e1il ar cula4.com agus ar Aip C\u00fala4.<br \/>\n&nbsp;<\/p>\n<p>Mar chuid den chain\u00e9al saorchraolta do leana\u00ed, beidh raidhse siamsa\u00edochta, dr\u00e1ma\u00edochta, seirbh\u00eds nuachta do leana\u00ed, measc\u00e1n d\u2019\u00e1bhar a l\u00e9ir\u00edtear sa bhaile agus se\u00f3nna ann chomh maith le bheith ina fhoinse luachmhar d\u2019\u00e1bhar oideachais Gaeilge.<br \/>\n&nbsp;<\/p>\n<p>Cuirfidh an cain\u00e9al nua, at\u00e1 d\u00edrithe ar dhaoine idir 0-12 bhliain d\u2019aois, pointe teagmh\u00e1la laeth\u00fail siams\u00fail agus spra\u00ed\u00fail leis an nGaeilge ar f\u00e1il do leana\u00ed. Ar an gcain\u00e9al, beidh \u00e1bhar at\u00e1 coimisi\u00fanaithe as an nua \u00f3n earn\u00e1il l\u00e9iri\u00fach\u00e1in neamhsple\u00e1ch in \u00c9irinn, chomh maith le beochan idirn\u00e1isi\u00fanta ceannaithe, at\u00e1 athghuthaithe go Gaeilge ag an earn\u00e1il neamhsple\u00e1ch.<br \/>\n&nbsp;<\/p>\n<p>Beidh seirbh\u00eds nuachta s\u00e9 n\u00f3im\u00e9ad ag an gcain\u00e9al \u00f3n M\u00e1irt go dt\u00ed an Aoine ag 1.30pm, a l\u00e9ireoidh F\u00edb\u00edn Media agus a bheidh \u00e1 cur i l\u00e1thair ag Aisling N\u00ed Dhonnabh\u00e1in agus Se\u00e1n \u00d3 Maoilchiar\u00e1in. Beidh daoine \u00f3g  in ann coinne\u00e1il cothrom le d\u00e1ta leis an nuacht is d\u00e9ana\u00ed agus iad sa seomra ranga.<br \/>\n&nbsp;<\/p>\n<p>Is iad Seosamh Mac Seoin, (as B\u00e9al Feirste) a chl\u00fad\u00f3idh sceideal na maidine \u00f3n 6am, S\u00edle N\u00ed Chonghaile (as Gaillimh) a chuirfidh an z\u00f3n oideachais i l\u00e1thair \u00f3n 9am agus Niamh N\u00ed Chr\u00f3in\u00edn (as Baile \u00c1tha Cliath) a bheidh i mbun sceideal an tr\u00e1thn\u00f3na \u00f3n 3pm a bheidh l\u00e1n le spraoi do na haoisghr\u00fapa\u00ed n\u00edos sine, pr\u00edomhl\u00e1ithreoir\u00ed an chain\u00e9il.<br \/>\n&nbsp;<\/p>\n<p>Is \u00e9ard a d\u00fairt <strong>an tAire Turas\u00f3ireachta, Cult\u00fair, Eala\u00edon, Gaeltachta, Sp\u00f3irt agus Me\u00e1n, Catherine Martin TD<\/strong>:  <em>\u201cT\u00e1 b\u00e9im mh\u00f3r leagtha ag an Rialtas seo ar an nGaeilge mar theanga bheo. Is comhartha \u00e9 an maoini\u00fa breise at\u00e1 tugtha agam do TG4 chun n\u00edos m\u00f3 \u00e1bhair Ghaeilge a chur ar f\u00e1il, den r\u00f3l t\u00e1bhachtach at\u00e1 ag craolt\u00f3ir\u00ed na seirbh\u00edse poibl\u00ed i dtaca leis sin. Agus m\u00e9 i m\u2019Aire don Ghaeilge agus don Ghaeltacht, t\u00e1 r\u00edm\u00e9ad orm a bheith anseo chun C\u00fala4 a sheoladh \u2013 cain\u00e9al l\u00e1n-Ghaeilge do dhaoine \u00f3ga a dh\u00e9anfaidh labhairt laeth\u00fail na Gaeilge a leab\u00fa agus a normal\u00fa don ch\u00e9ad ghl\u00fain eile. B\u00edonn eiseaml\u00e1ir l\u00e1idir ag teast\u00e1il \u00f3 dhaoine \u00f3ga i ngach aon r\u00e9imse den saol, agus ligeann C\u00fala4 do dhaoine \u00f3ga a bhfuil Gaeilge acu a macasamhail a fheice\u00e1il ar an sc\u00e1ile\u00e1n.\u201d<\/em><br \/>\n&nbsp;<\/p>\n<p>Is \u00e9ard a d\u00fairt <strong>Karina Feirt\u00e9ar, Bainisteoir Chain\u00e9al C\u00fala4<\/strong> <em>\u201cL\u00e1 stairi\u00fail at\u00e1 ann do TG4 agus don Ghaeilge. Cinnt\u00edonn cain\u00e9al nua C\u00fala4 go mbeidh teacht n\u00edos m\u00f3 ag \u00e1r lucht f\u00e9achana n\u00edos \u00f3ige ar \u00e1bhar Gaeilge agus go gcuirfear tuilleadh leis an mbaint a bh\u00edonn acu leis, \u00f3 tharla gurb iad an ch\u00e9ad ghl\u00fain eile. D\u2019fhorbair muid sp\u00e1s don lucht f\u00e9achana le go mbeidh siad in ann taitneamh a bhaint as \u00e1bhar siams\u00fail nuair a thogr\u00f3idh siad \u00e9, agus leanfaidh muid orainn ag cinnti\u00fa go nd\u00e9anfaidh muid ionada\u00edocht ar \u00e1r lucht f\u00e9achana \u00e9ags\u00fail chomh maith agus is f\u00e9idir linn tr\u00ed shaol daoine in \u00c9irinn sa l\u00e1 at\u00e1 ann inniu a thaispe\u00e1int tr\u00ed eisp\u00e9ireas spra\u00ed\u00fail agus suimi\u00fail- agus ag an am c\u00e9anna iad a thumadh i dteanga bheo le go mbeidh siad in ann nithe nua a fhoghlaim faoin domhan thart timpeall orthu tr\u00ed theanga a bhfuil cleachtadh acu uirthi.\u201d<\/em><br \/>\n&nbsp;<\/p>\n<p>Luaigh <strong>Ardsti\u00farth\u00f3ir TG4 Alan Esslemont<\/strong> go gcreideann s\u00e9 gurb \u00e9 <em>\u201can t-aon ch\u00fanamh is m\u00f3 at\u00e1 ag \u00c9irinn i leith \u00e9ags\u00falacht dhomhanda n\u00e1 an cumas at\u00e1 aici an teanga a chur ar aghaidh \u00f3 ghl\u00fain go gl\u00fain mar theanga bheo na mbailte agus na bpobal. Sa chomhth\u00e9acs sin, t\u00e1 t\u00e1bhacht \u00f3 thaobh na staire ag baint leis an gcead a thug an tAire Catherine Martin cain\u00e9al Gaeilge ar leith do leana\u00ed a bhun\u00fa. T\u00e1 an B\u00e9arla le feice\u00e1il i ngach \u00e1it sna me\u00e1in chumars\u00e1ide ar fud an domhain agus m\u00e1 t\u00e1 an Ghaeilge f\u00f3s le bheith ina teanga phobail amach anseo, n\u00ed m\u00f3r do sheirbh\u00eds\u00ed do dhaoine \u00f3ga TG4 a bheith feice\u00e1lach, fuinni\u00fail agus tarraingteach chun caidreamh daoine \u00f3ga leis na me\u00e1in chumars\u00e1ide Ghaeilge a threisi\u00fa agus tr\u00ed sin an caidreamh at\u00e1 acu leis an nGaeilge a choth\u00fa. Molaim Catherine Martin as an bhf\u00eds at\u00e1 aici do thodhcha\u00ed TG4, gabhaim bu\u00edochas leis an Rialtas seo as an taca\u00edocht a thug siad agus gabhaim bu\u00edochas \u00f3 chro\u00ed le gach duine a d\u2019oibrigh thar na blianta, laistigh de TG4 agus san earn\u00e1il chruthaitheach, chun an aisling sin a thabhairt chun f\u00edre.\u201d<\/em><br \/>\n&nbsp;<\/p>\n<p>L\u00e9ir\u00edodh i suirbh\u00e9 n\u00e1isi\u00fanta a rinne Ipsos MRBI anuraidh go raibh taca\u00edocht shoil\u00e9ir ag cain\u00e9al <strong>C\u00fala4<\/strong> agus go raibh \u00e9ileamh air. Aonta\u00edonn 89% de na freagr\u00f3ir\u00ed n\u00f3 aonta\u00edonn siad go l\u00e1idir go bhfuil s\u00e9 t\u00e1bhachtach don tsocha\u00ed go mbeadh cain\u00e9al do leana\u00ed ar f\u00e1il i nGaeilge ar bhonn saorchraolta.<br \/>\n&nbsp;<\/p>\n<p>Chomh maith le bheith ag f\u00e9achaint ar an gcain\u00e9al sa bhaile, cuirfidh cain\u00e9al nua C\u00fala4 \u00e1bhar taca\u00edochta ar f\u00e1il sna seomra\u00ed ranga. Go dt\u00ed seo crutha\u00edodh gur acmhainn Ghaeilge th\u00e1bhachtach a bhfuil t\u00f3ir uirthi \u00e9 \u00e1bhar TG4 do bhunscoileanna ar fud na t\u00edre. L\u00e9ir\u00edodh i dtaighde neamhsple\u00e1ch a rinne RED C go mb\u00edonn leas \u00e1 bhaint go rialta as TG4 n\u00f3 Seinnteoir C\u00fala4 sa seomra ranga ag 44% de na m\u00fainteoir\u00ed bunscoile, 80% de na m\u00fainteoir\u00ed i mbunscoileanna l\u00e1n-Ghaeilge, agus 250,000 dalta bunscoile ar fud na h\u00c9ireann. Cuirfidh cain\u00e9al tiomnaithe C\u00fala4 ar chumas TG4 n\u00edos m\u00f3 \u00e1bhar oideachais idirghn\u00edomhach a chur ar f\u00e1il le ceangail shoil\u00e9ire leis an gcuraclam, chun spraoi a bhaint as an bhfoghlaim.<br \/>\n&nbsp;<\/p>\n<p>T\u00e1 taca\u00edocht mh\u00f3r tugtha ag <strong>TG4<\/strong> \u00f3 buna\u00edodh \u00e9 in 1996 do thionscal na l\u00e9iri\u00fach\u00e1n teilif\u00edse i r\u00e9igi\u00fain na h\u00c9ireann. Treiseoidh agus feabhs\u00f3idh cain\u00e9al nua <strong>C\u00fala4<\/strong> an tiomantas sin agus d\u00e9anfar infheist\u00edocht i l\u00e9iri\u00fach\u00e1in nua neamhsple\u00e1cha. T\u00e1 conartha\u00ed ilbhliant\u00fala n\u00f3 conartha\u00ed sraithe aonair ag roinnt comhlachta\u00ed l\u00e9iri\u00fach\u00e1in neamhsple\u00e1cha in \u00c9irinn chun \u00e1bhar do leana\u00ed a l\u00e9iri\u00fa lena dtaispe\u00e1ntar c\u00falra\u00ed \u00e9ags\u00fala leana\u00ed at\u00e1 ina gc\u00f3na\u00ed ar fud na h\u00c9ireann agus go h\u00e1irithe i bpobail Ghaeltachta agus pobail a labhra\u00edonn Gaeilge.<br \/>\n&nbsp;<\/p>\n<p>N\u00edl anseo ach bl\u00faire de chuid de na cl\u00e1racha at\u00e1 ar f\u00e1il ar <strong>C\u00fala4<\/strong> \u2013 B\u00ed cinnte f\u00e9achaint n\u00f3 log\u00e1il isteach ar <a href=\"https:\/\/www.cula4.com\" rel=\"noopener\" target=\"_blank\">cula4.com<\/a> chun an r\u00e9imse ioml\u00e1n at\u00e1 ar f\u00e1il a fheice\u00e1il.<br \/>\n&nbsp;<\/p>\n<p>Is se\u00f3 cluich\u00ed at\u00e1 l\u00e1n d\u2019aicsean agus fuinneamh \u00e9 <strong>&#8216;Anfa&#8217;<\/strong> at\u00e1 bunaithe ar an aimsir. T\u00e1 &#8216;Anfa&#8217; l\u00e9irithe ag F\u00edb\u00edn Media .<\/p>\n<p>Is se\u00f3 cluich\u00ed spra\u00ed\u00fail do gach duine \u00e9 <strong>&#8216;Uiscenauts&#8217;<\/strong> ina bhfuil an t-aicsean ar fad bunaithe ar uisce arna l\u00e9iri\u00fa ag Ab\u00fa Media<\/p>\n<p><strong>&#8216;Nuacht C\u00fala4&#8217;<\/strong> &#8211; Cl\u00e1r nuachta do dhaoine \u00f3ga a chl\u00fada\u00edonn nuacht \u00e1iti\u00fail, n\u00e1isi\u00fanta agus idirn\u00e1isi\u00fanta. F\u00edb\u00edn Media<\/p>\n<p>Sraith do leana\u00ed is ea <strong>&#8216;M&#8217;Ainm Mo Sc\u00e9al&#8217;<\/strong> faoin mbr\u00ed agus na sc\u00e9alta a bhaineann le hainmneacha baiste. Ronin Films Ltd..<\/p>\n<p><strong>&#8216;Teach Spraoi&#8217;<\/strong> &#8211; Gach seachtain, b\u00edonn dh\u00e1 l\u00e1 ag gr\u00fapa difri\u00fail leana\u00ed chun a rogha t\u00ed s\u00fagartha a dhearadh agus a dh\u00e9anamh. Macalla<\/p>\n<p><strong>&#8216;Uisce Uisce&#8217;<\/strong> -Sraith nua do leana\u00ed a bhfuil d\u00fail acu i ngn\u00edomha\u00edochta\u00ed uisce \u2013 cib\u00e9 m\u00e1s seolt\u00f3ireacht n\u00f3 s\u00f3rb\u00e1il \u00e9, t\u00e1 na sceitim\u00edn\u00ed at\u00e1 orthu t\u00f3g\u00e1lach. Paper Owl Films Ltd.<br \/>\n&nbsp;<\/p>\n<p>Is le daoine \u00f3ga na h\u00c9ireann agus leis na gl\u00fanta Gaeilgeoir\u00ed at\u00e1 le teacht <strong>C\u00fala4<\/strong>.<br \/>\n&nbsp;<\/p>\n<p><strong><a href=\"https:\/\/twitter.com\/search?q=%23isliomsa%C3%A9&#038;src=typed_query&#038;f=live\" rel=\"noopener\" target=\"_blank\">#isliomsa\u00e9<\/a><\/strong><br \/>\n&nbsp;<\/p>\n","protected":false},"excerpt":{"rendered":"<p>&nbsp; &nbsp; Baineadh buaicphointe amach inniu (D\u00e9 hAoine &#8211; 8 Me\u00e1n F\u00f3mhair 2023) nuair a seoladh an ch\u00e9ad chain\u00e9al Gaeilge riamh do dhaoine \u00f3ga. Tugadh cuireadh don Aire Turas\u00f3ireachta, Cult\u00fair, Eala\u00edon, Gaeltachta, Sp\u00f3irt agus Me\u00e1n, Catherine Martin, teacht chuig ceann\u00e1ras TG4 i gCo. na Gaillimhe chun an cain\u00e9al teilif\u00edse nua a sheoladh go hoifigi\u00fail. &nbsp; [&hellip;]<\/p>\n","protected":false},"author":876,"featured_media":0,"parent":180840,"menu_order":22,"comment_status":"closed","ping_status":"closed","template":"page-templates\/template-pr.php","meta":{"_acf_changed":false,"footnotes":""},"acf":[],"yoast_head":"<!-- This site is optimized with the Yoast SEO plugin v22.6 - https:\/\/yoast.com\/wordpress\/plugins\/seo\/ -->\n<title>C\u00fala4, An Ch\u00e9ad Chain\u00e9al Gaeilge do Dhaoine \u00d3ga Seolta | Preas R\u00e1iteas | TG4<\/title>\n<meta name=\"description\" content=\"Baineadh buaicphointe amach inniu (D\u00e9 hAoine - 8 Me\u00e1n F\u00f3mhair 2023) nuair a seoladh an ch\u00e9ad chain\u00e9al Gaeilge riamh do dhaoine \u00f3ga.\" \/>\n<meta name=\"robots\" content=\"index, follow, max-snippet:-1, max-image-preview:large, max-video-preview:-1\" \/>\n<meta property=\"og:locale\" content=\"en_US\" \/>\n<meta property=\"og:type\" content=\"article\" \/>\n<meta property=\"og:title\" content=\"C\u00fala4, An Ch\u00e9ad Chain\u00e9al Gaeilge do Dhaoine \u00d3ga Seolta | Preas R\u00e1iteas | TG4\" \/>\n<meta property=\"og:description\" content=\"Baineadh buaicphointe amach inniu (D\u00e9 hAoine - 8 Me\u00e1n F\u00f3mhair 2023) nuair a seoladh an ch\u00e9ad chain\u00e9al Gaeilge riamh do dhaoine \u00f3ga.\" \/>\n<meta property=\"og:url\" content=\"https:\/\/dev.tg4.ie\/ga\/eolas\/preas\/nuacht-raitis\/2023-2\/cula4-an-chead-chaineal-gaeilge-do-dhaoine-oga-seolta\/\" \/>\n<meta property=\"og:site_name\" content=\"TG4\" \/>\n<meta property=\"article:publisher\" content=\"https:\/\/www.facebook.com\/TG4TV\" \/>\n<meta property=\"article:modified_time\" content=\"2023-09-08T11:16:56+00:00\" \/>\n<meta property=\"og:image\" content=\"https:\/\/tg4-docs.s3.amazonaws.com\/wp-content\/uploads\/2023\/08\/30143245\/Cula4_-_Sile_Ni_Chonghaile_Seosamh_Mac_Seoin_Niamh_Ni_Chroinin_1-1920x1080-1.jpg\" \/>\n\t<meta property=\"og:image:width\" content=\"1920\" \/>\n\t<meta property=\"og:image:height\" content=\"1080\" \/>\n\t<meta property=\"og:image:type\" content=\"image\/jpeg\" \/>\n<meta name=\"twitter:card\" content=\"summary_large_image\" \/>\n<meta name=\"twitter:image\" content=\"https:\/\/tg4-docs.s3.amazonaws.com\/wp-content\/uploads\/2023\/08\/30143245\/Cula4_-_Sile_Ni_Chonghaile_Seosamh_Mac_Seoin_Niamh_Ni_Chroinin_1-1920x1080-1.jpg\" \/>\n<meta name=\"twitter:site\" content=\"@TG4TV\" \/>\n<meta name=\"twitter:label1\" content=\"Est. reading time\" \/>\n\t<meta name=\"twitter:data1\" content=\"6 minutes\" \/>\n<script type=\"application\/ld+json\" class=\"yoast-schema-graph\">{\"@context\":\"https:\/\/schema.org\",\"@graph\":[{\"@type\":\"WebPage\",\"@id\":\"https:\/\/dev.tg4.ie\/ga\/eolas\/preas\/nuacht-raitis\/2023-2\/cula4-an-chead-chaineal-gaeilge-do-dhaoine-oga-seolta\/\",\"url\":\"https:\/\/dev.tg4.ie\/ga\/eolas\/preas\/nuacht-raitis\/2023-2\/cula4-an-chead-chaineal-gaeilge-do-dhaoine-oga-seolta\/\",\"name\":\"C\u00fala4, An Ch\u00e9ad Chain\u00e9al Gaeilge do Dhaoine \u00d3ga Seolta | Preas R\u00e1iteas | TG4\",\"isPartOf\":{\"@id\":\"https:\/\/dev.tg4.ie\/en\/#website\"},\"primaryImageOfPage\":{\"@id\":\"https:\/\/dev.tg4.ie\/ga\/eolas\/preas\/nuacht-raitis\/2023-2\/cula4-an-chead-chaineal-gaeilge-do-dhaoine-oga-seolta\/#primaryimage\"},\"image\":{\"@id\":\"https:\/\/dev.tg4.ie\/ga\/eolas\/preas\/nuacht-raitis\/2023-2\/cula4-an-chead-chaineal-gaeilge-do-dhaoine-oga-seolta\/#primaryimage\"},\"thumbnailUrl\":\"https:\/\/dev.tg4.ie\/wp-content\/uploads\/2023\/08\/Cula4_-_Sile_Ni_Chonghaile_Seosamh_Mac_Seoin_Niamh_Ni_Chroinin_1-1920x1080-1.jpg\",\"datePublished\":\"2023-09-08T15:00:42+00:00\",\"dateModified\":\"2023-09-08T11:16:56+00:00\",\"description\":\"Baineadh buaicphointe amach inniu (D\u00e9 hAoine - 8 Me\u00e1n F\u00f3mhair 2023) nuair a seoladh an ch\u00e9ad chain\u00e9al Gaeilge riamh do dhaoine \u00f3ga.\",\"breadcrumb\":{\"@id\":\"https:\/\/dev.tg4.ie\/ga\/eolas\/preas\/nuacht-raitis\/2023-2\/cula4-an-chead-chaineal-gaeilge-do-dhaoine-oga-seolta\/#breadcrumb\"},\"inLanguage\":\"ga\",\"potentialAction\":[{\"@type\":\"ReadAction\",\"target\":[\"https:\/\/dev.tg4.ie\/ga\/eolas\/preas\/nuacht-raitis\/2023-2\/cula4-an-chead-chaineal-gaeilge-do-dhaoine-oga-seolta\/\"]}]},{\"@type\":\"ImageObject\",\"inLanguage\":\"ga\",\"@id\":\"https:\/\/dev.tg4.ie\/ga\/eolas\/preas\/nuacht-raitis\/2023-2\/cula4-an-chead-chaineal-gaeilge-do-dhaoine-oga-seolta\/#primaryimage\",\"url\":\"https:\/\/dev.tg4.ie\/wp-content\/uploads\/2023\/08\/Cula4_-_Sile_Ni_Chonghaile_Seosamh_Mac_Seoin_Niamh_Ni_Chroinin_1-1920x1080-1.jpg\",\"contentUrl\":\"https:\/\/dev.tg4.ie\/wp-content\/uploads\/2023\/08\/Cula4_-_Sile_Ni_Chonghaile_Seosamh_Mac_Seoin_Niamh_Ni_Chroinin_1-1920x1080-1.jpg\"},{\"@type\":\"BreadcrumbList\",\"@id\":\"https:\/\/dev.tg4.ie\/ga\/eolas\/preas\/nuacht-raitis\/2023-2\/cula4-an-chead-chaineal-gaeilge-do-dhaoine-oga-seolta\/#breadcrumb\",\"itemListElement\":[{\"@type\":\"ListItem\",\"position\":1,\"name\":\"Home\",\"item\":\"https:\/\/dev.tg4.ie\/ga\/\"},{\"@type\":\"ListItem\",\"position\":2,\"name\":\"Eolas\",\"item\":\"https:\/\/dev.tg4.ie\/ga\/eolas\/\"},{\"@type\":\"ListItem\",\"position\":3,\"name\":\"Preas\",\"item\":\"https:\/\/dev.tg4.ie\/ga\/eolas\/preas\/\"},{\"@type\":\"ListItem\",\"position\":4,\"name\":\"Nuacht R\u00e1itis\",\"item\":\"https:\/\/dev.tg4.ie\/ga\/eolas\/preas\/nuacht-raitis\/\"},{\"@type\":\"ListItem\",\"position\":5,\"name\":\"2023\",\"item\":\"https:\/\/dev.tg4.ie\/ga\/eolas\/preas\/nuacht-raitis\/2023-2\/\"},{\"@type\":\"ListItem\",\"position\":6,\"name\":\"C\u00fala4, An Ch\u00e9ad Chain\u00e9al Gaeilge do Dhaoine \u00d3ga Seolta\"}]},{\"@type\":\"WebSite\",\"@id\":\"https:\/\/dev.tg4.ie\/en\/#website\",\"url\":\"https:\/\/dev.tg4.ie\/en\/\",\"name\":\"TG4\",\"description\":\"S\u00fail Eile\",\"potentialAction\":[{\"@type\":\"SearchAction\",\"target\":{\"@type\":\"EntryPoint\",\"urlTemplate\":\"https:\/\/dev.tg4.ie\/en\/?s={search_term_string}\"},\"query-input\":\"required name=search_term_string\"}],\"inLanguage\":\"ga\"}]}<\/script>\n<!-- \/ Yoast SEO plugin. -->","yoast_head_json":{"title":"C\u00fala4, An Ch\u00e9ad Chain\u00e9al Gaeilge do Dhaoine \u00d3ga Seolta | Preas R\u00e1iteas | TG4","description":"Baineadh buaicphointe amach inniu (D\u00e9 hAoine - 8 Me\u00e1n F\u00f3mhair 2023) nuair a seoladh an ch\u00e9ad chain\u00e9al Gaeilge riamh do dhaoine \u00f3ga.","robots":{"index":"index","follow":"follow","max-snippet":"max-snippet:-1","max-image-preview":"max-image-preview:large","max-video-preview":"max-video-preview:-1"},"og_locale":"en_US","og_type":"article","og_title":"C\u00fala4, An Ch\u00e9ad Chain\u00e9al Gaeilge do Dhaoine \u00d3ga Seolta | Preas R\u00e1iteas | TG4","og_description":"Baineadh buaicphointe amach inniu (D\u00e9 hAoine - 8 Me\u00e1n F\u00f3mhair 2023) nuair a seoladh an ch\u00e9ad chain\u00e9al Gaeilge riamh do dhaoine \u00f3ga.","og_url":"https:\/\/dev.tg4.ie\/ga\/eolas\/preas\/nuacht-raitis\/2023-2\/cula4-an-chead-chaineal-gaeilge-do-dhaoine-oga-seolta\/","og_site_name":"TG4","article_publisher":"https:\/\/www.facebook.com\/TG4TV","article_modified_time":"2023-09-08T11:16:56+00:00","og_image":[{"width":1920,"height":1080,"url":"https:\/\/tg4-docs.s3.amazonaws.com\/wp-content\/uploads\/2023\/08\/30143245\/Cula4_-_Sile_Ni_Chonghaile_Seosamh_Mac_Seoin_Niamh_Ni_Chroinin_1-1920x1080-1.jpg","type":"image\/jpeg"}],"twitter_card":"summary_large_image","twitter_image":"https:\/\/tg4-docs.s3.amazonaws.com\/wp-content\/uploads\/2023\/08\/30143245\/Cula4_-_Sile_Ni_Chonghaile_Seosamh_Mac_Seoin_Niamh_Ni_Chroinin_1-1920x1080-1.jpg","twitter_site":"@TG4TV","twitter_misc":{"Est. reading time":"6 minutes"},"schema":{"@context":"https:\/\/schema.org","@graph":[{"@type":"WebPage","@id":"https:\/\/dev.tg4.ie\/ga\/eolas\/preas\/nuacht-raitis\/2023-2\/cula4-an-chead-chaineal-gaeilge-do-dhaoine-oga-seolta\/","url":"https:\/\/dev.tg4.ie\/ga\/eolas\/preas\/nuacht-raitis\/2023-2\/cula4-an-chead-chaineal-gaeilge-do-dhaoine-oga-seolta\/","name":"C\u00fala4, An Ch\u00e9ad Chain\u00e9al Gaeilge do Dhaoine \u00d3ga Seolta | Preas R\u00e1iteas | TG4","isPartOf":{"@id":"https:\/\/dev.tg4.ie\/en\/#website"},"primaryImageOfPage":{"@id":"https:\/\/dev.tg4.ie\/ga\/eolas\/preas\/nuacht-raitis\/2023-2\/cula4-an-chead-chaineal-gaeilge-do-dhaoine-oga-seolta\/#primaryimage"},"image":{"@id":"https:\/\/dev.tg4.ie\/ga\/eolas\/preas\/nuacht-raitis\/2023-2\/cula4-an-chead-chaineal-gaeilge-do-dhaoine-oga-seolta\/#primaryimage"},"thumbnailUrl":"https:\/\/dev.tg4.ie\/wp-content\/uploads\/2023\/08\/Cula4_-_Sile_Ni_Chonghaile_Seosamh_Mac_Seoin_Niamh_Ni_Chroinin_1-1920x1080-1.jpg","datePublished":"2023-09-08T15:00:42+00:00","dateModified":"2023-09-08T11:16:56+00:00","description":"Baineadh buaicphointe amach inniu (D\u00e9 hAoine - 8 Me\u00e1n F\u00f3mhair 2023) nuair a seoladh an ch\u00e9ad chain\u00e9al Gaeilge riamh do dhaoine \u00f3ga.","breadcrumb":{"@id":"https:\/\/dev.tg4.ie\/ga\/eolas\/preas\/nuacht-raitis\/2023-2\/cula4-an-chead-chaineal-gaeilge-do-dhaoine-oga-seolta\/#breadcrumb"},"inLanguage":"ga","potentialAction":[{"@type":"ReadAction","target":["https:\/\/dev.tg4.ie\/ga\/eolas\/preas\/nuacht-raitis\/2023-2\/cula4-an-chead-chaineal-gaeilge-do-dhaoine-oga-seolta\/"]}]},{"@type":"ImageObject","inLanguage":"ga","@id":"https:\/\/dev.tg4.ie\/ga\/eolas\/preas\/nuacht-raitis\/2023-2\/cula4-an-chead-chaineal-gaeilge-do-dhaoine-oga-seolta\/#primaryimage","url":"https:\/\/dev.tg4.ie\/wp-content\/uploads\/2023\/08\/Cula4_-_Sile_Ni_Chonghaile_Seosamh_Mac_Seoin_Niamh_Ni_Chroinin_1-1920x1080-1.jpg","contentUrl":"https:\/\/dev.tg4.ie\/wp-content\/uploads\/2023\/08\/Cula4_-_Sile_Ni_Chonghaile_Seosamh_Mac_Seoin_Niamh_Ni_Chroinin_1-1920x1080-1.jpg"},{"@type":"BreadcrumbList","@id":"https:\/\/dev.tg4.ie\/ga\/eolas\/preas\/nuacht-raitis\/2023-2\/cula4-an-chead-chaineal-gaeilge-do-dhaoine-oga-seolta\/#breadcrumb","itemListElement":[{"@type":"ListItem","position":1,"name":"Home","item":"https:\/\/dev.tg4.ie\/ga\/"},{"@type":"ListItem","position":2,"name":"Eolas","item":"https:\/\/dev.tg4.ie\/ga\/eolas\/"},{"@type":"ListItem","position":3,"name":"Preas","item":"https:\/\/dev.tg4.ie\/ga\/eolas\/preas\/"},{"@type":"ListItem","position":4,"name":"Nuacht R\u00e1itis","item":"https:\/\/dev.tg4.ie\/ga\/eolas\/preas\/nuacht-raitis\/"},{"@type":"ListItem","position":5,"name":"2023","item":"https:\/\/dev.tg4.ie\/ga\/eolas\/preas\/nuacht-raitis\/2023-2\/"},{"@type":"ListItem","position":6,"name":"C\u00fala4, An Ch\u00e9ad Chain\u00e9al Gaeilge do Dhaoine \u00d3ga Seolta"}]},{"@type":"WebSite","@id":"https:\/\/dev.tg4.ie\/en\/#website","url":"https:\/\/dev.tg4.ie\/en\/","name":"TG4","description":"S\u00fail Eile","potentialAction":[{"@type":"SearchAction","target":{"@type":"EntryPoint","urlTemplate":"https:\/\/dev.tg4.ie\/en\/?s={search_term_string}"},"query-input":"required name=search_term_string"}],"inLanguage":"ga"}]}},"_links":{"self":[{"href":"https:\/\/dev.tg4.ie\/ga\/wp-json\/wp\/v2\/pages\/204707"}],"collection":[{"href":"https:\/\/dev.tg4.ie\/ga\/wp-json\/wp\/v2\/pages"}],"about":[{"href":"https:\/\/dev.tg4.ie\/ga\/wp-json\/wp\/v2\/types\/page"}],"author":[{"embeddable":true,"href":"https:\/\/dev.tg4.ie\/ga\/wp-json\/wp\/v2\/users\/876"}],"replies":[{"embeddable":true,"href":"https:\/\/dev.tg4.ie\/ga\/wp-json\/wp\/v2\/comments?post=204707"}],"version-history":[{"count":0,"href":"https:\/\/dev.tg4.ie\/ga\/wp-json\/wp\/v2\/pages\/204707\/revisions"}],"up":[{"embeddable":true,"href":"https:\/\/dev.tg4.ie\/ga\/wp-json\/wp\/v2\/pages\/180840"}],"wp:attachment":[{"href":"https:\/\/dev.tg4.ie\/ga\/wp-json\/wp\/v2\/media?parent=204707"}],"curies":[{"name":"wp","href":"https:\/\/api.w.org\/{rel}","templated":true}]}}