{"id":204795,"date":"2023-09-13T13:52:12","date_gmt":"2023-09-13T12:52:12","guid":{"rendered":"https:\/\/dev.tg4.ie\/?page_id=204795"},"modified":"2023-09-13T15:12:02","modified_gmt":"2023-09-13T14:12:02","slug":"inrochtaineacht","status":"publish","type":"page","link":"https:\/\/dev.tg4.ie\/ga\/eolas\/inrochtaineacht\/","title":{"rendered":"Inrochtaineacht"},"content":{"rendered":"<h1>R\u00e1iteas Inrochtaineachta L\u00e1ithre\u00e1n Gr\u00e9as\u00e1in TG4 &#038; Rochtain Mh\u00edchumais<\/h1>\n<h2>R\u00e1iteas Inrochtaineachta L\u00e1ithre\u00e1n Gr\u00e9as\u00e1in TG4<\/h2>\n<p>T\u00e1 TG4 tiomanta d\u00e1 l\u00e1ithre\u00e1in ghr\u00e9as\u00e1in agus d\u00e1 feidhmchl\u00e1ir mh\u00f3ib\u00edleacha a dh\u00e9anamh inrochtana, faoi r\u00e9ir <a href=\"https:\/\/www.irishstatutebook.ie\/eli\/2020\/si\/358\/made\/en\/print\" rel=\"noopener\" target=\"_blank\">Rialach\u00e1in an Aontais Eorpaigh (Inrochtaineacht Su\u00edomhanna Gr\u00e9as\u00e1in agus Feidhmchl\u00e1ir Mh\u00f3ib\u00edleacha Chomhlachta\u00ed na hEarn\u00e1la Poibl\u00ed), 2020<\/a>.<br \/>\n&nbsp;<\/p>\n<h2>\u00c1r dtiomantas agus \u00e1r gcur chuige maidir le su\u00edomh gr\u00e9as\u00e1in inrochtana a chothabh\u00e1il<\/h2>\n<p>T\u00e1 TG4 tiomanta do na nithe seo a leanas:<\/p>\n<ul>\n<li>Su\u00edomh gr\u00e9as\u00e1in agus aipeanna inrochtana a chothabh\u00e1il.<\/li>\n<li>A chinnti\u00fa go mbaineann an su\u00edomh gr\u00e9as\u00e1in seo &#8220;leibh\u00e9al aa&#8221; <a href=\"https:\/\/www.w3.org\/TR\/WCAG21\/#cc1\" rel=\"noopener\" target=\"_blank\">comhr\u00e9ireacht<\/a> amach faoi r\u00e9ir <a href=\"https:\/\/www.w3.org\/TR\/WCAG21\/\" rel=\"noopener\" target=\"_blank\">Treoirl\u00ednte maidir le hInrochtaineacht \u00c1bhair ar an nGr\u00e9as\u00e1n (WCAG) 2.1<\/a>, chun clo\u00ed le ceanglais <a href=\"https:\/\/nda.ie\/uploads\/publications\/Code-of-Practice-on-Accessibility-of-Public-Services-and-Information-Provided-by-Public-Bodies.pdf\" rel=\"noopener\" target=\"_blank\">C\u00f3d Cleachtais maidir le hInrochtaineacht Seirbh\u00eds\u00ed Poibl\u00ed agus Faisn\u00e9ise arna sol\u00e1thar ag Comhlachta\u00ed Poibl\u00ed<\/a> an \u00dadar\u00e1is N\u00e1isi\u00fanta M\u00edchumais<\/li>\n<li>A chinnti\u00fa go mbainfidh gach faisn\u00e9is nua ar an l\u00e1ithre\u00e1n gr\u00e9as\u00e1in amach &#8220;Leibh\u00e9al AA&#8221; de r\u00e9ir na dtreoirl\u00ednte maidir le hinrochtaineacht \u00e1bhair ar an ngr\u00e9as\u00e1n (WCAG) 2.1.<\/li>\n<li>Lena n-\u00e1ir\u00edtear inrochtaineacht nuair a shol\u00e1thra\u00edmid c\u00f3rais 3\u00fa p\u00e1irt\u00ed n\u00f3 uasghr\u00e1d\u00fa ar ch\u00f3rais at\u00e1 ann cheana f\u00e9in.<\/li>\n<\/ul>\n<p>&nbsp;<\/p>\n<h2>Clo\u00ed an l\u00e1ithre\u00e1in ghr\u00e9as\u00e1in seo le treoirl\u00ednte oifigi\u00fala inrochtaineachta<\/h2>\n<p>Faoi l\u00e1thair t\u00e1 an l\u00e1ithre\u00e1n gr\u00e9as\u00e1in ag clo\u00ed leis na treoirl\u00ednte (WCAG) 2.1 maidir le hinrochtaineacht \u00e1bhair ar an ngr\u00e9as\u00e1n. T\u00e1 ini\u00fachadh lean\u00fanach d\u00e9anta againn ar inrochtaineacht an l\u00e1ithre\u00e1in ghr\u00e9as\u00e1in seo agus \u00e9 \u00e1 dhearadh agus \u00e1 fhorbairt.<br \/>\n&nbsp;<\/p>\n<h2>Conas aiseolas a sheoladh ar inrochtaineacht an tsu\u00edmh ghr\u00e9as\u00e1in seo<\/h2>\n<p>Cuirimid f\u00e1ilte roimh aiseolas maidir le hinrochtaineacht an l\u00e1ithre\u00e1in ghr\u00e9as\u00e1in seo.<br \/>\nR-phost chugainn: <a href=\"mailto:Rochtain@TG4.ie\" rel=\"noopener\" target=\"_blank\">Rochtain@TG4.ie<\/a><br \/>\nGlaoigh orainn: (091) 505050<br \/>\nScr\u00edobh chugainn: Access, TG4, Baile na hAbhann, Co. na Gaillimhe, H91 X4T0<br \/>\n&nbsp;<\/p>\n<h2>Roinnt gn\u00e9ithe inrochtaineachta den l\u00e1ithre\u00e1n gr\u00e9as\u00e1in seo<\/h2>\n<p><strong>Dearadh Gr\u00e9as\u00e1in Sofhreagrach<\/strong><br \/>\nC\u00f3ir\u00f3idh dearadh an l\u00e1ithre\u00e1in ghr\u00e9as\u00e1in seo leithead do sc\u00e1ile\u00e1in, ionas gur f\u00e9idir leat an m\u00e9id at\u00e1 \u00e1 lorg agat a aimsi\u00fa agus a l\u00e9amh go h\u00e9asca. C\u00f3ir\u00f3idh an dearadh freisin do mh\u00e9id an t\u00e9acs, ionas gur f\u00e9idir leat an m\u00e9id a mh\u00e9ad\u00fa an oiread agus is g\u00e1 duit.<\/p>\n<p><strong>WCAG Leibh\u00e9al AA Comhl\u00edontach<\/strong><br \/>\nClo\u00edonn c\u00f3d an l\u00e1ithre\u00e1in ghr\u00e9as\u00e1in seo le Prionsabail Inrochtaineachta POUR (Ind\u00e9anta, Inoibrithe, Intuigthe agus St\u00f3insithe), tr\u00edna nd\u00fantar clibeanna oscailte i gceart agus go n-\u00fas\u00e1idtear clib thuairisci\u00fail ALT tr\u00edd s\u00edos.<br \/>\n&nbsp;<\/p>\n<h2>Aiseolas agus Sonra\u00ed Teagmh\u00e1la<\/h2>\n<p>M\u00e1 aims\u00edonn t\u00fa aon fhadhbanna nach bhfuil liostaithe ar an leathanach seo, d\u00e9an teagmh\u00e1il <a href=\"mailto:Rochtain@TG4.ie\" rel=\"noopener\" target=\"_blank\">Rochtain@TG4.ie<\/a><br \/>\n&nbsp;<\/p>\n<h2>N\u00f3s Imeachta Forfheidhmithe<\/h2>\n<p>Mura bhfuil t\u00fa s\u00e1sta len\u00e1r bhfreagra, n\u00f3 m\u00e1s mian leat saincheist inrochtaineachta a ard\u00fa nach mbaineann leis an su\u00edomh gr\u00e9as\u00e1in seo, is f\u00e9idir leat gear\u00e1n a dh\u00e9anamh ag <a href=\"mailto:Rochtain@TG4.ie\" rel=\"noopener\" target=\"_blank\">Rochtain@TG4.ie<\/a><br \/>\n&nbsp;<br \/>\n&nbsp;<\/p>\n<h2>Rochtain do dhaoine faoi mh\u00edchumas<\/h2>\n<p><strong>Oifigeach rochtana<\/strong><br \/>\nLeagann an tAcht um M\u00edchumas, 2005 dualgas ar eagra\u00edochta\u00ed poibl\u00ed a chinnti\u00fa go bhfuil a bhfoirgnimh agus a seirbh\u00eds\u00ed poibl\u00ed inrochtana, a mh\u00e9id agus is f\u00e9idir, do dhaoine faoi mh\u00edchumas.<\/p>\n<p><strong>R\u00f3l an oifigigh rochtana<\/strong><br \/>\nIs \u00e9 r\u00f3l an Oifigigh Rochtana cabhr\u00fa le custaim\u00e9ir\u00ed agus fostaithe TG4 faoi mh\u00edchumas rochtain n\u00edos \u00e9asca a fh\u00e1il ar sheirbh\u00eds\u00ed agus ar fhaisn\u00e9is TG4.  \u00c1ir\u00edtear leis sin:<\/p>\n<ul>\n<li>Comhl\u00edonadh leis an Achta um M\u00edchumas, 2005 a chinnti\u00fa, agus aghaidh a thabhairt ar bhacainn\u00ed ar rochtain do chustaim\u00e9ir\u00ed agus d&#8217;fhoireann TG4<\/li>\n<li>Dea-chleachtas inrochtaineachta a chur chun cinn i gcumars\u00e1id, i seirbh\u00eds do chustaim\u00e9ir\u00ed, i dteicneola\u00edochta\u00ed faisn\u00e9ise, i bhfoirgnimh agus i sol\u00e1thar<\/li>\n<li>Idirchaidreamh ar ch\u00farsa\u00ed m\u00edchumais le custaim\u00e9ir\u00ed, fostaithe, r\u00e9ims\u00ed gn\u00f3 TG4, comhlachta\u00ed reacht\u00fala agus gr\u00fapa\u00ed ionada\u00edocha m\u00edchumais\n<p>&nbsp;<br \/>\nTrevor \u00d3 Clochartaigh,<br \/>\nOifigeach Rochtana,<br \/>\nTG4<br \/>\nBaile na hAbhann,<br \/>\nCo na Gaillimhe,<br \/>\nH91 X4T0<br \/>\nPhone: 091 505050<br \/>\nE-mail: <a href=\"mailto:Rochtain@TG4.ie\" rel=\"noopener\" target=\"_blank\">Rochtain@TG4.ie<\/a><\/li>\n<\/ul>\n<p>&nbsp;<\/p>\n<h2>N\u00f3sanna imeachta TG4 chun d\u00e9ile\u00e1il le gear\u00e1in faoi alt 38 den Acht um M\u00edchumas, 2005<\/h2>\n<p>Is f\u00e9idir gear\u00e1n a dh\u00e9anamh i gcoinne TG4 mura gcomhl\u00edonann s\u00e9 for\u00e1lacha Ailt 25, 26, 27 agus 28 den Acht um M\u00edchumas, 2005. Baineann na hailt seo den Acht le rochtain ag daoine faoi mh\u00edchumas ar:<\/p>\n<ul>\n<li>Foirgnimh phoibl\u00ed TG4;<\/li>\n<li>Seirbh\u00eds\u00ed TG4;<\/li>\n<li>Seirbh\u00eds\u00ed a shol\u00e1thra\u00edtear do TG4;<\/li>\n<li>Faisn\u00e9is arna sol\u00e1thar ag TG4<\/li>\n<\/ul>\n<p>&nbsp;<\/p>\n<h2>Oifigigh Fiosr\u00fach\u00e1in faoin Acht um M\u00edchumas 2005<\/h2>\n<p>T\u00e1 Oifigeach Fiosr\u00fach\u00e1in ceaptha ag TG4 chun gear\u00e1in a dh\u00e9antar faoi alt 38 den Acht um M\u00edchumas a fhiosr\u00fa. D\u00e9anfaidh an tOifigeach Fiosr\u00fach\u00e1in imscr\u00faduithe go pr\u00edobh\u00e1ideach agus cuirfidh s\u00e9\/s\u00ed tuarasc\u00e1il ar f\u00e1il a d\u00e9arfaidh<\/p>\n<ul>\n<li>M\u00e1 t\u00e1 do ghear\u00e1n bail\u00ed<\/li>\n<li>Cib\u00e9 ar theip ar TG4 maidir le do ghear\u00e1n<\/li>\n<\/ul>\n<p>Sa ch\u00e1s gur tharla teip, tabharfar breac-chuntas ann ar na c\u00e9imeanna at\u00e1 le glacadh chun comhl\u00edonadh amach anseo a chinnti\u00fa. Cuirfear an tuarasc\u00e1il seo ar f\u00e1il d&#8217;Ard-Sti\u00farth\u00f3ir TG4 agus don t\u00e9 a dh\u00e9anann an gear\u00e1n.<br \/>\n&nbsp;<\/p>\n<h2>Gear\u00e1n a dh\u00e9anamh<\/h2>\n<ol>\n<li>De r\u00e9ir Alt 39 (2) den Acht um M\u00edchumas, 2005 is iad seo a leanas na n\u00f3sanna imeachta chun gear\u00e1in den s\u00f3rt sin a dh\u00e9anamh agus a imscr\u00fad\u00fa.<br \/>\nF\u00e9adfaidh duine gear\u00e1n a dh\u00e9anamh, n\u00f3 tr\u00edd an m\u00e9id seo a leanas:<\/p>\n<ul>\n<li>C\u00e9ile\/p\u00e1irtn\u00e9ir, tuismitheoir n\u00f3 gaol;<\/li>\n<li>Caomhn\u00f3ir n\u00f3 duine at\u00e1 ag gn\u00edomh\u00fa in loco parentis don duine sin;<\/li>\n<li>Ionada\u00ed dl\u00edthi\u00fail;<\/li>\n<li>Abhc\u00f3ide pearsanta, arna shannadh ag an mBord um Fhaisn\u00e9is do Shaor\u00e1naigh chun ionada\u00edocht a dh\u00e9anamh ar an duine sin;<\/li>\n<li>N\u00f3 ag duine eile a fheidhm\u00edonn thar ceann an duine sin lena thoili\u00fa n\u00f3 lena toili\u00fa.<\/li>\n<\/ul>\n<\/li>\n<li>N\u00ed m\u00f3r gear\u00e1n a dh\u00e9anamh i scr\u00edbhinn, a bhf\u00e9adfadh r-phost a bheith san \u00e1ireamh ann, agus ba cheart go gcuirf\u00ed na sonra\u00ed teagmh\u00e1la go l\u00e9ir ar f\u00e1il don duine at\u00e1 ag d\u00e9anamh an ghear\u00e1in.<\/li>\n<li>Ba cheart a lua sa ghear\u00e1n gur gear\u00e1n \u00e9 faoi Alt 38 den Acht um M\u00edchumas 2005 agus ba cheart, bun\u00fas an ghear\u00e1in maidir le mainneachtain TG4 rochtain a shol\u00e1thar ar a fhoirgnimh n\u00f3 ar a seirbh\u00eds\u00ed, a leagan amach chomh soil\u00e9ir agus is f\u00e9idir.<\/li>\n<li>N\u00ed m\u00f3r an gear\u00e1n a dh\u00e9anamh le:\n<p>Ard-Sti\u00farth\u00f3ir<br \/>\nTG4,<br \/>\nBaile na hAbhann,<br \/>\nCo. na Gaillimhe,<br \/>\nH91 X4T0.<br \/>\nGuth\u00e1n: 091 505050<\/li>\n<li>Tar \u00e9is an gear\u00e1n a fh\u00e1il, cuirfidh an Ard-Sti\u00farth\u00f3ir an t-\u00e1bhar ar aghaidh chuig an Oifigeach Fiosr\u00fach\u00e1in agus cuirfidh s\u00e9 n\u00f3 s\u00ed comhairle ar an duine at\u00e1 ag d\u00e9anamh an ghear\u00e1in d\u00e1 r\u00e9ir.<\/li>\n<\/ol>\n<p>&nbsp;<\/p>\n<h2>Gear\u00e1n a imscr\u00fad\u00fa<\/h2>\n<ol>\n<li>Nuair a fhaigheann said an ghear\u00e1n \u00f3n Ard-Sti\u00farth\u00f3ir, tabharfaidh an tOifigeach Fiosr\u00fach\u00e1in admh\u00e1il don duine a rinne an gear\u00e1n, go bhfuarthas \u00e9,.<\/li>\n<li>Scr\u00fad\u00f3idh an tOifigeach Fiosr\u00fach\u00e1in an gear\u00e1n lena fh\u00e1il amach an mbaineann s\u00e9 le mainneachtain l\u00edomhnaithe TG4 Ailt 25, 26, 27 agus 28 den Acht um M\u00edchumas, 2005 a chomhl\u00edonadh.<\/li>\n<li>I gc\u00e1s ina measann an tOifigeach Fiosr\u00fach\u00e1in go bhfuil an gear\u00e1n suaibhreosach n\u00f3 cr\u00e1iteach, cuirfidh s\u00e9 n\u00f3 s\u00ed \u00e9 sin in i\u00fal don Ard-Sti\u00farth\u00f3ir agus don duine a rinne an gear\u00e1n. Seachas sin, d\u00e9anfaidh s\u00e9 n\u00f3 s\u00ed imscr\u00fad\u00fa ar an ngear\u00e1n.<\/li>\n<li>F\u00e9adfaidh an tOifigeach Fiosr\u00fach\u00e1in tuilleadh faisn\u00e9ise\/sonra\u00ed a iarraidh ar an duine a rinne an gear\u00e1n agus f\u00e9adfaidh s\u00e9 n\u00f3 s\u00ed a cheangal go dtabharfar an fhaisn\u00e9is\/na sonra\u00ed sin laistigh de thr\u00e9imhse shonraithe.<\/li>\n<li>F\u00e9adfaidh an tOifigeach Fiosr\u00fach\u00e1in dul i gcomhairle le gach p\u00e1irt\u00ed a mheasann s\u00e9 n\u00f3 s\u00ed a bheith cu\u00ed maidir leis an \u00e1bhar.<\/li>\n<li>Le linn an imscr\u00fadaithe, f\u00e9adfaidh an tOifigeach Fiosr\u00fach\u00e1in agallaimh a dh\u00e9anamh le daoine den s\u00f3rt sin a mheasann s\u00e9 n\u00f3 s\u00ed a bheith cu\u00ed, lena n-\u00e1ir\u00edtear an duine a rinne an gear\u00e1n, chun faisn\u00e9is a fh\u00e1il.<\/li>\n<li>Coime\u00e1dfaidh an tOifigeach Fiosr\u00fach\u00e1in taifead scr\u00edofa d\u00e1 imscr\u00fad\u00fa n\u00f3 d\u00e1 himscr\u00fad\u00fa.<\/li>\n<li>Ullmh\u00f3idh an tOifigeach Fiosr\u00fach\u00e1in tuarasc\u00e1il scr\u00edofa ar thortha\u00ed an imscr\u00fadaithe ina leagfar amach a chuid n\u00f3 a cuid tortha\u00ed mar aon le cinneadh maidir leis na nithe seo a leanas:<br \/>\na.\tCib\u00e9 ar mhainnigh TG4 an fhor\u00e1il \u00e1bhartha den Acht um M\u00edchumas a chomhl\u00edonadh; agus<br \/>\nb.\tM\u00e1 l\u00e9ir\u00edonn cinneadh den s\u00f3rt sin gur theip ar a leith\u00e9id, na bearta a cheangla\u00edtear ar TG4 a dh\u00e9anamh chun an fhor\u00e1il\/na for\u00e1lacha \u00e1bhartha den Acht a chomhl\u00edonadh.<\/li>\n<li>Tabharfaidh an tOifigeach Fiosr\u00fach\u00e1in c\u00f3ip d\u00e1 thuarasc\u00e1il n\u00f3 d\u00e1 tuarasc\u00e1il don duine a rinne an gear\u00e1n agus don Ard-Sti\u00farth\u00f3ir.<\/li>\n<li>Nuair a chuirtear an tuarasc\u00e1il ar f\u00e1il don duine a rinne an gear\u00e1n agus don Ard-Sti\u00farth\u00f3ir, cuirtear clabhs\u00far ar imscr\u00fad\u00fa an ghear\u00e1in.<\/li>\n<li>Cuirfear an ceart achomhairc chuig Oifig an Ombudsman in i\u00fal don ghear\u00e1nach ar f\u00e9idir teagmh\u00e1il a dh\u00e9anamh l\u00e9i ag:\n<p>Oifig an Ombudsman,<br \/>\n18 Sr\u00e1id L\u00edosain \u00cdochtarach,<br \/>\nBaile \u00c1tha Cliath 2.<br \/>\nTeil: (01) 639 5600<br \/>\nFacs: (01) 6395674<br \/>\nR\u00edomhphost: ombudsman@ombudsman.gov.ie<\/li>\n<\/ol>\n<p>&nbsp;<\/p>\n<h2>Foilsi\u00fa an Phr\u00f3tacail seo<\/h2>\n<p>T\u00e1 N\u00f3s Imeachta Gear\u00e1n TG4, mar at\u00e1 leagtha amach thuas, ar f\u00e1il do chustaim\u00e9ir\u00ed TG4 i bhform\u00e1id\u00ed malartacha, ach \u00e9 a iarraidh.<br \/>\nTeil: (091) 505050<br \/>\nR\u00edomhphost: <a href=\"mailto:Rochtain@TG4.ie\" rel=\"noopener\" target=\"_blank\">Rochtain@TG4.ie  <\/a><br \/>\n&nbsp;<\/p>\n","protected":false},"excerpt":{"rendered":"<p>R\u00e1iteas Inrochtaineachta L\u00e1ithre\u00e1n Gr\u00e9as\u00e1in TG4 &#038; Rochtain Mh\u00edchumais R\u00e1iteas Inrochtaineachta L\u00e1ithre\u00e1n Gr\u00e9as\u00e1in TG4 T\u00e1 TG4 tiomanta d\u00e1 l\u00e1ithre\u00e1in ghr\u00e9as\u00e1in agus d\u00e1 feidhmchl\u00e1ir mh\u00f3ib\u00edleacha a dh\u00e9anamh inrochtana, faoi r\u00e9ir Rialach\u00e1in an Aontais Eorpaigh (Inrochtaineacht Su\u00edomhanna Gr\u00e9as\u00e1in agus Feidhmchl\u00e1ir Mh\u00f3ib\u00edleacha Chomhlachta\u00ed na hEarn\u00e1la Poibl\u00ed), 2020. &nbsp; \u00c1r dtiomantas agus \u00e1r gcur chuige maidir le su\u00edomh gr\u00e9as\u00e1in inrochtana [&hellip;]<\/p>\n","protected":false},"author":876,"featured_media":0,"parent":103000,"menu_order":12,"comment_status":"closed","ping_status":"closed","template":"page-templates\/template-corporate.php","meta":{"_acf_changed":false,"footnotes":""},"acf":[],"yoast_head":"<!-- This site is optimized with the Yoast SEO plugin v22.6 - https:\/\/yoast.com\/wordpress\/plugins\/seo\/ -->\n<title>Inrochtaineacht - TG4<\/title>\n<meta name=\"robots\" content=\"index, follow, max-snippet:-1, max-image-preview:large, max-video-preview:-1\" \/>\n<meta property=\"og:locale\" content=\"en_US\" \/>\n<meta property=\"og:type\" content=\"article\" \/>\n<meta property=\"og:title\" content=\"Inrochtaineacht - TG4\" \/>\n<meta property=\"og:description\" content=\"R\u00e1iteas Inrochtaineachta L\u00e1ithre\u00e1n Gr\u00e9as\u00e1in TG4 &#038; Rochtain Mh\u00edchumais R\u00e1iteas Inrochtaineachta L\u00e1ithre\u00e1n Gr\u00e9as\u00e1in TG4 T\u00e1 TG4 tiomanta d\u00e1 l\u00e1ithre\u00e1in ghr\u00e9as\u00e1in agus d\u00e1 feidhmchl\u00e1ir mh\u00f3ib\u00edleacha a dh\u00e9anamh inrochtana, faoi r\u00e9ir Rialach\u00e1in an Aontais Eorpaigh (Inrochtaineacht Su\u00edomhanna Gr\u00e9as\u00e1in agus Feidhmchl\u00e1ir Mh\u00f3ib\u00edleacha Chomhlachta\u00ed na hEarn\u00e1la Poibl\u00ed), 2020. &nbsp; \u00c1r dtiomantas agus \u00e1r gcur chuige maidir le su\u00edomh gr\u00e9as\u00e1in inrochtana [&hellip;]\" \/>\n<meta property=\"og:url\" content=\"https:\/\/dev.tg4.ie\/ga\/eolas\/inrochtaineacht\/\" \/>\n<meta property=\"og:site_name\" content=\"TG4\" \/>\n<meta property=\"article:publisher\" content=\"https:\/\/www.facebook.com\/TG4TV\" \/>\n<meta property=\"article:modified_time\" content=\"2023-09-13T14:12:02+00:00\" \/>\n<meta property=\"og:image\" content=\"https:\/\/tg4-docs.s3.amazonaws.com\/wp-content\/uploads\/2024\/11\/18151812\/TG4_2024_corcra_teal_1-1920x1080-1.jpg\" \/>\n\t<meta property=\"og:image:width\" content=\"1920\" \/>\n\t<meta property=\"og:image:height\" content=\"1080\" \/>\n\t<meta property=\"og:image:type\" content=\"image\/jpeg\" \/>\n<meta name=\"twitter:card\" content=\"summary_large_image\" \/>\n<meta name=\"twitter:site\" content=\"@TG4TV\" \/>\n<meta name=\"twitter:label1\" content=\"Est. reading time\" \/>\n\t<meta name=\"twitter:data1\" content=\"6 minutes\" \/>\n<script type=\"application\/ld+json\" class=\"yoast-schema-graph\">{\"@context\":\"https:\/\/schema.org\",\"@graph\":[{\"@type\":\"WebPage\",\"@id\":\"https:\/\/dev.tg4.ie\/ga\/eolas\/inrochtaineacht\/\",\"url\":\"https:\/\/dev.tg4.ie\/ga\/eolas\/inrochtaineacht\/\",\"name\":\"Inrochtaineacht - TG4\",\"isPartOf\":{\"@id\":\"https:\/\/dev.tg4.ie\/en\/#website\"},\"datePublished\":\"2023-09-13T12:52:12+00:00\",\"dateModified\":\"2023-09-13T14:12:02+00:00\",\"breadcrumb\":{\"@id\":\"https:\/\/dev.tg4.ie\/ga\/eolas\/inrochtaineacht\/#breadcrumb\"},\"inLanguage\":\"ga\",\"potentialAction\":[{\"@type\":\"ReadAction\",\"target\":[\"https:\/\/dev.tg4.ie\/ga\/eolas\/inrochtaineacht\/\"]}]},{\"@type\":\"BreadcrumbList\",\"@id\":\"https:\/\/dev.tg4.ie\/ga\/eolas\/inrochtaineacht\/#breadcrumb\",\"itemListElement\":[{\"@type\":\"ListItem\",\"position\":1,\"name\":\"Home\",\"item\":\"https:\/\/dev.tg4.ie\/ga\/\"},{\"@type\":\"ListItem\",\"position\":2,\"name\":\"Eolas\",\"item\":\"https:\/\/dev.tg4.ie\/ga\/eolas\/\"},{\"@type\":\"ListItem\",\"position\":3,\"name\":\"Inrochtaineacht\"}]},{\"@type\":\"WebSite\",\"@id\":\"https:\/\/dev.tg4.ie\/en\/#website\",\"url\":\"https:\/\/dev.tg4.ie\/en\/\",\"name\":\"TG4\",\"description\":\"S\u00fail Eile\",\"potentialAction\":[{\"@type\":\"SearchAction\",\"target\":{\"@type\":\"EntryPoint\",\"urlTemplate\":\"https:\/\/dev.tg4.ie\/en\/?s={search_term_string}\"},\"query-input\":\"required name=search_term_string\"}],\"inLanguage\":\"ga\"}]}<\/script>\n<!-- \/ Yoast SEO plugin. -->","yoast_head_json":{"title":"Inrochtaineacht - TG4","robots":{"index":"index","follow":"follow","max-snippet":"max-snippet:-1","max-image-preview":"max-image-preview:large","max-video-preview":"max-video-preview:-1"},"og_locale":"en_US","og_type":"article","og_title":"Inrochtaineacht - TG4","og_description":"R\u00e1iteas Inrochtaineachta L\u00e1ithre\u00e1n Gr\u00e9as\u00e1in TG4 &#038; Rochtain Mh\u00edchumais R\u00e1iteas Inrochtaineachta L\u00e1ithre\u00e1n Gr\u00e9as\u00e1in TG4 T\u00e1 TG4 tiomanta d\u00e1 l\u00e1ithre\u00e1in ghr\u00e9as\u00e1in agus d\u00e1 feidhmchl\u00e1ir mh\u00f3ib\u00edleacha a dh\u00e9anamh inrochtana, faoi r\u00e9ir Rialach\u00e1in an Aontais Eorpaigh (Inrochtaineacht Su\u00edomhanna Gr\u00e9as\u00e1in agus Feidhmchl\u00e1ir Mh\u00f3ib\u00edleacha Chomhlachta\u00ed na hEarn\u00e1la Poibl\u00ed), 2020. &nbsp; \u00c1r dtiomantas agus \u00e1r gcur chuige maidir le su\u00edomh gr\u00e9as\u00e1in inrochtana [&hellip;]","og_url":"https:\/\/dev.tg4.ie\/ga\/eolas\/inrochtaineacht\/","og_site_name":"TG4","article_publisher":"https:\/\/www.facebook.com\/TG4TV","article_modified_time":"2023-09-13T14:12:02+00:00","og_image":[{"width":1920,"height":1080,"url":"https:\/\/tg4-docs.s3.amazonaws.com\/wp-content\/uploads\/2024\/11\/18151812\/TG4_2024_corcra_teal_1-1920x1080-1.jpg","type":"image\/jpeg"}],"twitter_card":"summary_large_image","twitter_site":"@TG4TV","twitter_misc":{"Est. reading time":"6 minutes"},"schema":{"@context":"https:\/\/schema.org","@graph":[{"@type":"WebPage","@id":"https:\/\/dev.tg4.ie\/ga\/eolas\/inrochtaineacht\/","url":"https:\/\/dev.tg4.ie\/ga\/eolas\/inrochtaineacht\/","name":"Inrochtaineacht - TG4","isPartOf":{"@id":"https:\/\/dev.tg4.ie\/en\/#website"},"datePublished":"2023-09-13T12:52:12+00:00","dateModified":"2023-09-13T14:12:02+00:00","breadcrumb":{"@id":"https:\/\/dev.tg4.ie\/ga\/eolas\/inrochtaineacht\/#breadcrumb"},"inLanguage":"ga","potentialAction":[{"@type":"ReadAction","target":["https:\/\/dev.tg4.ie\/ga\/eolas\/inrochtaineacht\/"]}]},{"@type":"BreadcrumbList","@id":"https:\/\/dev.tg4.ie\/ga\/eolas\/inrochtaineacht\/#breadcrumb","itemListElement":[{"@type":"ListItem","position":1,"name":"Home","item":"https:\/\/dev.tg4.ie\/ga\/"},{"@type":"ListItem","position":2,"name":"Eolas","item":"https:\/\/dev.tg4.ie\/ga\/eolas\/"},{"@type":"ListItem","position":3,"name":"Inrochtaineacht"}]},{"@type":"WebSite","@id":"https:\/\/dev.tg4.ie\/en\/#website","url":"https:\/\/dev.tg4.ie\/en\/","name":"TG4","description":"S\u00fail Eile","potentialAction":[{"@type":"SearchAction","target":{"@type":"EntryPoint","urlTemplate":"https:\/\/dev.tg4.ie\/en\/?s={search_term_string}"},"query-input":"required name=search_term_string"}],"inLanguage":"ga"}]}},"_links":{"self":[{"href":"https:\/\/dev.tg4.ie\/ga\/wp-json\/wp\/v2\/pages\/204795"}],"collection":[{"href":"https:\/\/dev.tg4.ie\/ga\/wp-json\/wp\/v2\/pages"}],"about":[{"href":"https:\/\/dev.tg4.ie\/ga\/wp-json\/wp\/v2\/types\/page"}],"author":[{"embeddable":true,"href":"https:\/\/dev.tg4.ie\/ga\/wp-json\/wp\/v2\/users\/876"}],"replies":[{"embeddable":true,"href":"https:\/\/dev.tg4.ie\/ga\/wp-json\/wp\/v2\/comments?post=204795"}],"version-history":[{"count":0,"href":"https:\/\/dev.tg4.ie\/ga\/wp-json\/wp\/v2\/pages\/204795\/revisions"}],"up":[{"embeddable":true,"href":"https:\/\/dev.tg4.ie\/ga\/wp-json\/wp\/v2\/pages\/103000"}],"wp:attachment":[{"href":"https:\/\/dev.tg4.ie\/ga\/wp-json\/wp\/v2\/media?parent=204795"}],"curies":[{"name":"wp","href":"https:\/\/api.w.org\/{rel}","templated":true}]}}