{"id":204867,"date":"2023-09-21T11:58:47","date_gmt":"2023-09-21T10:58:47","guid":{"rendered":"https:\/\/dev.tg4.ie\/?page_id=204867"},"modified":"2023-09-21T11:58:47","modified_gmt":"2023-09-21T10:58:47","slug":"tg4-oiche-chultuir","status":"publish","type":"page","link":"https:\/\/dev.tg4.ie\/ga\/eolas\/preas\/nuacht-raitis\/2023-2\/tg4-oiche-chultuir\/","title":{"rendered":"TG4 &#8211; O\u00edche Chult\u00fair"},"content":{"rendered":"<p><img loading=\"lazy\" decoding=\"async\" width=\"1920\" height=\"1080\" src=\"https:\/\/tg4-docs.s3.amazonaws.com\/wp-content\/uploads\/2023\/09\/21111705\/Ros_na_Run_Oiche_Chultuir_1-1920x1080-1.jpg\" alt=\"\" class=\"aligncenter size-full wp-image-204870\" srcset=\"https:\/\/tg4-docs.s3.amazonaws.com\/wp-content\/uploads\/2023\/09\/21111705\/Ros_na_Run_Oiche_Chultuir_1-1920x1080-1.jpg 1920w, https:\/\/tg4-docs.s3.amazonaws.com\/wp-content\/uploads\/2023\/09\/21111705\/Ros_na_Run_Oiche_Chultuir_1-1920x1080-1-250x141.jpg 250w, https:\/\/tg4-docs.s3.amazonaws.com\/wp-content\/uploads\/2023\/09\/21111705\/Ros_na_Run_Oiche_Chultuir_1-1920x1080-1-700x394.jpg 700w, https:\/\/tg4-docs.s3.amazonaws.com\/wp-content\/uploads\/2023\/09\/21111705\/Ros_na_Run_Oiche_Chultuir_1-1920x1080-1-252x141.jpg 252w, https:\/\/tg4-docs.s3.amazonaws.com\/wp-content\/uploads\/2023\/09\/21111705\/Ros_na_Run_Oiche_Chultuir_1-1920x1080-1-1536x864.jpg 1536w, https:\/\/tg4-docs.s3.amazonaws.com\/wp-content\/uploads\/2023\/09\/21111705\/Ros_na_Run_Oiche_Chultuir_1-1920x1080-1-120x68.jpg 120w\" sizes=\"(max-width: 1920px) 100vw, 1920px\" \/><br \/>\n&nbsp;<br \/>\n<iframe loading=\"lazy\" width=\"560\" height=\"315\" src=\"https:\/\/www.youtube.com\/embed\/xTKaotefzNE?si=k9FlL6DaNIFqyJBD\" title=\"YouTube video player\" frameborder=\"0\" allow=\"accelerometer; autoplay; clipboard-write; encrypted-media; gyroscope; picture-in-picture; web-share\" allowfullscreen><\/iframe><br \/>\n&nbsp;<br \/>\nT\u00e1 r\u00edm\u00e9ad ar TG4 taca\u00edocht a thabhairt d\u2019O\u00edche Chult\u00fair agus oibri\u00fa i gcomhar leo D\u00e9 hAoine an 22 Me\u00e1n F\u00f3mhair 2023. <\/p>\n<p>Beidh rogha iontach \u00e1bhair ag an st\u00e1isi\u00fan Gaeilge ar an aer, ar l\u00edne agus ar fud na sn\u00e1itheanna s\u00f3isialta sna seachtain\u00ed roimh an o\u00edche mh\u00f3r agus ar an o\u00edche mh\u00f3r f\u00e9in dar nd\u00f3igh. Is ar an nGaeilge, ar an nGaeltacht agus na R\u00e9igi\u00fain a bheidh \u00e1bhar TG4 d\u00edrithe.<br \/>\n&nbsp;<\/p>\n<p><strong>Ros na R\u00fan<\/strong> <\/p>\n<p>Den ch\u00e9ad uair riamh, beidh an pobal \u00e1balta dul go dt\u00ed seit Teilif\u00edse Ros na R\u00fan, sraith dhr\u00e1ma\u00edochta TG4 a bhfuil an-t\u00f3ir uirthi, \u00f3n 4.30pm &#8211; 6.30pm chun O\u00edche Chult\u00fair 2023 a cheili\u00faradh D\u00e9 hAoine an 22 Me\u00e1n F\u00f3mhair. Iarrtar ar lucht lean\u00fana Ros na R\u00fan agus O\u00edche Chult\u00fair a n-\u00e1it a chur in \u00e1irithe chun turas eisiach sa ch\u00falra a fh\u00e1il mar aon le freastal ar sheisi\u00fan Ceisteanna agus Freagra\u00ed le lucht na sraithe dr\u00e1ma\u00edochta teilif\u00edse Gaeilge tr\u00ed r\u00edomhphost a sheoladh chuig leiriuchain@rosnarun.com. T\u00e1 seit na sraithe dr\u00e1ma\u00edochta Gaeilge lonnaithe sa Spid\u00e9al, Co. na Gaillimhe <\/p>\n<p>&nbsp;<\/p>\n<p><strong>Molsc\u00e9al<\/strong> <\/p>\n<p>Beidh Molsc\u00e9al, ard\u00e1n agus branda ar l\u00edne faoi sc\u00e1th TG4, ag craoladh beo \u00f3 Ghaeltacht R\u00e1th Chairn ar O\u00edche Chult\u00fair. Taispe\u00e1nfaidh amhr\u00e1naithe, damhs\u00f3ir\u00ed agus ceolt\u00f3ir\u00ed \u00e1iti\u00fala Chontae na M\u00ed an cumas at\u00e1 iontu d\u00fainn beo \u00f3n Ionad Oidhreachta ar leathanach Facebook Molsc\u00e9al. Tos\u00f3idh \u2018Ceol na Clainne\u2019 ag 8.30pm. <\/p>\n<p>Tabharfaidh Molsc\u00e9al blaiseadh freisin de na himeachta\u00ed eile at\u00e1 ar si\u00fal don O\u00edche Chult\u00fair i roinnt de na ceantair Ghaeltachta ar a n-ard\u00e1n f\u00e9in a bhfuil f\u00e1il air ar fud na t\u00edre agus thar lear freisin. <\/p>\n<p>&nbsp;<\/p>\n<p><strong>Aimsir TG4 <\/strong><\/p>\n<p>Beidh Aimsir TG4 ag craoladh as R\u00e1th Cairn, Co. na M\u00ed ar O\u00edche Chult\u00fair. <\/p>\n<p>&nbsp; <\/p>\n<p><strong>BLOC<\/strong> <\/p>\n<p>Beidh sc\u00e9alta ag BLOC, mol roinnte me\u00e1n s\u00f3isialta at\u00e1 ar f\u00e1il ar Instagram, YouTube, Tik Tok, Tumbler &#038; Twitter, ar O\u00edche Chult\u00fair as Luimneach agus Corcaigh. <\/p>\n<p><em>Margadh na Muir\u00edne &#8211; Corcaigh<\/em><br \/>\nCeabair\u00e9 faoin aer le Candy Warhol, Mockie Ah arna chur i l\u00e1thair ag Circus Factory <\/p>\n<p><em>Halla na Cathrach &#8211; Corcaigh<\/em><br \/>\nImeacht leictreonach teicnicheol le Will Kinsella, Riona Denys, Maclaine Black, arna chur i l\u00e1thair ag Electronic Music Council <\/p>\n<p><em>Caisle\u00e1n Luimnigh &#8211; Luimneach<\/em><br \/>\nCeol Damhsa Leictreonaigh le Brawny, Nancy Live, Midweek, <\/p>\n<p><em>Dance Limerick<\/em><br \/>\nCulture Shock Jam Dance le Afropopcity, Cumann Beatbox na h\u00c9ireann, DJ Safari arna chur i l\u00e1thair ag Hip Hop On Stage agus Dance Limerick <\/p>\n<p>&nbsp; <\/p>\n<p><strong>Nuacht C\u00fala4 &#8211; ar an gcain\u00e9al nua C\u00fala4<\/strong> <\/p>\n<p>Craoladh eagr\u00e1n speisialta de Nuacht C\u00fala4 ar an gcain\u00e9al nua leana\u00ed C\u00fala4 D\u00e9 hAoine an 22 Me\u00e1n F\u00f3mhair. Tabharfaidh iriseoir\u00ed an chl\u00e1ir blaiseadh d\u00fainn de roinnt de na himeachta\u00ed iontacha a bheidh ar si\u00fal i mB\u00e9al Feirste, Baile \u00c1tha Cliath, Gaillimh agus i mBaile Bhuirne i gCorcaigh.<br \/>\n&nbsp;<\/p>\n","protected":false},"excerpt":{"rendered":"<p>&nbsp; &nbsp; T\u00e1 r\u00edm\u00e9ad ar TG4 taca\u00edocht a thabhairt d\u2019O\u00edche Chult\u00fair agus oibri\u00fa i gcomhar leo D\u00e9 hAoine an 22 Me\u00e1n F\u00f3mhair 2023. Beidh rogha iontach \u00e1bhair ag an st\u00e1isi\u00fan Gaeilge ar an aer, ar l\u00edne agus ar fud na sn\u00e1itheanna s\u00f3isialta sna seachtain\u00ed roimh an o\u00edche mh\u00f3r agus ar an o\u00edche mh\u00f3r f\u00e9in dar [&hellip;]<\/p>\n","protected":false},"author":876,"featured_media":0,"parent":180840,"menu_order":23,"comment_status":"closed","ping_status":"closed","template":"page-templates\/template-pr.php","meta":{"_acf_changed":false,"footnotes":""},"acf":[],"yoast_head":"<!-- This site is optimized with the Yoast SEO plugin v22.6 - https:\/\/yoast.com\/wordpress\/plugins\/seo\/ -->\n<title>TG4 - O\u00edche Chult\u00fair | Preas R\u00e1iteas | TG4<\/title>\n<meta name=\"description\" content=\"T\u00e1 r\u00edm\u00e9ad ar TG4 taca\u00edocht a thabhairt d\u2019O\u00edche Chult\u00fair agus oibri\u00fa i gcomhar leo D\u00e9 hAoine an 22 Me\u00e1n F\u00f3mhair 2023.\" \/>\n<meta name=\"robots\" content=\"index, follow, max-snippet:-1, max-image-preview:large, max-video-preview:-1\" \/>\n<meta property=\"og:locale\" content=\"en_US\" \/>\n<meta property=\"og:type\" content=\"article\" \/>\n<meta property=\"og:title\" content=\"TG4 - O\u00edche Chult\u00fair | Preas R\u00e1iteas | TG4\" \/>\n<meta property=\"og:description\" content=\"T\u00e1 r\u00edm\u00e9ad ar TG4 taca\u00edocht a thabhairt d\u2019O\u00edche Chult\u00fair agus oibri\u00fa i gcomhar leo D\u00e9 hAoine an 22 Me\u00e1n F\u00f3mhair 2023.\" \/>\n<meta property=\"og:url\" content=\"https:\/\/dev.tg4.ie\/ga\/eolas\/preas\/nuacht-raitis\/2023-2\/tg4-oiche-chultuir\/\" \/>\n<meta property=\"og:site_name\" content=\"TG4\" \/>\n<meta property=\"article:publisher\" content=\"https:\/\/www.facebook.com\/TG4TV\" \/>\n<meta property=\"og:image\" content=\"https:\/\/tg4-docs.s3.amazonaws.com\/wp-content\/uploads\/2023\/09\/21111705\/Ros_na_Run_Oiche_Chultuir_1-1920x1080-1.jpg\" \/>\n\t<meta property=\"og:image:width\" content=\"1920\" \/>\n\t<meta property=\"og:image:height\" content=\"1080\" \/>\n\t<meta property=\"og:image:type\" content=\"image\/jpeg\" \/>\n<meta name=\"twitter:card\" content=\"summary_large_image\" \/>\n<meta name=\"twitter:image\" content=\"https:\/\/tg4-docs.s3.amazonaws.com\/wp-content\/uploads\/2023\/09\/21111705\/Ros_na_Run_Oiche_Chultuir_1-1920x1080-1.jpg\" \/>\n<meta name=\"twitter:site\" content=\"@TG4TV\" \/>\n<meta name=\"twitter:label1\" content=\"Est. reading time\" \/>\n\t<meta name=\"twitter:data1\" content=\"3 minutes\" \/>\n<script type=\"application\/ld+json\" class=\"yoast-schema-graph\">{\"@context\":\"https:\/\/schema.org\",\"@graph\":[{\"@type\":\"WebPage\",\"@id\":\"https:\/\/dev.tg4.ie\/ga\/eolas\/preas\/nuacht-raitis\/2023-2\/tg4-oiche-chultuir\/\",\"url\":\"https:\/\/dev.tg4.ie\/ga\/eolas\/preas\/nuacht-raitis\/2023-2\/tg4-oiche-chultuir\/\",\"name\":\"TG4 - O\u00edche Chult\u00fair | Preas R\u00e1iteas | TG4\",\"isPartOf\":{\"@id\":\"https:\/\/dev.tg4.ie\/en\/#website\"},\"primaryImageOfPage\":{\"@id\":\"https:\/\/dev.tg4.ie\/ga\/eolas\/preas\/nuacht-raitis\/2023-2\/tg4-oiche-chultuir\/#primaryimage\"},\"image\":{\"@id\":\"https:\/\/dev.tg4.ie\/ga\/eolas\/preas\/nuacht-raitis\/2023-2\/tg4-oiche-chultuir\/#primaryimage\"},\"thumbnailUrl\":\"https:\/\/dev.tg4.ie\/wp-content\/uploads\/2023\/09\/Ros_na_Run_Oiche_Chultuir_1-1920x1080-1.jpg\",\"datePublished\":\"2023-09-21T10:58:47+00:00\",\"dateModified\":\"2023-09-21T10:58:47+00:00\",\"description\":\"T\u00e1 r\u00edm\u00e9ad ar TG4 taca\u00edocht a thabhairt d\u2019O\u00edche Chult\u00fair agus oibri\u00fa i gcomhar leo D\u00e9 hAoine an 22 Me\u00e1n F\u00f3mhair 2023.\",\"breadcrumb\":{\"@id\":\"https:\/\/dev.tg4.ie\/ga\/eolas\/preas\/nuacht-raitis\/2023-2\/tg4-oiche-chultuir\/#breadcrumb\"},\"inLanguage\":\"ga\",\"potentialAction\":[{\"@type\":\"ReadAction\",\"target\":[\"https:\/\/dev.tg4.ie\/ga\/eolas\/preas\/nuacht-raitis\/2023-2\/tg4-oiche-chultuir\/\"]}]},{\"@type\":\"ImageObject\",\"inLanguage\":\"ga\",\"@id\":\"https:\/\/dev.tg4.ie\/ga\/eolas\/preas\/nuacht-raitis\/2023-2\/tg4-oiche-chultuir\/#primaryimage\",\"url\":\"https:\/\/dev.tg4.ie\/wp-content\/uploads\/2023\/09\/Ros_na_Run_Oiche_Chultuir_1-1920x1080-1.jpg\",\"contentUrl\":\"https:\/\/dev.tg4.ie\/wp-content\/uploads\/2023\/09\/Ros_na_Run_Oiche_Chultuir_1-1920x1080-1.jpg\"},{\"@type\":\"BreadcrumbList\",\"@id\":\"https:\/\/dev.tg4.ie\/ga\/eolas\/preas\/nuacht-raitis\/2023-2\/tg4-oiche-chultuir\/#breadcrumb\",\"itemListElement\":[{\"@type\":\"ListItem\",\"position\":1,\"name\":\"Home\",\"item\":\"https:\/\/dev.tg4.ie\/ga\/\"},{\"@type\":\"ListItem\",\"position\":2,\"name\":\"Eolas\",\"item\":\"https:\/\/dev.tg4.ie\/ga\/eolas\/\"},{\"@type\":\"ListItem\",\"position\":3,\"name\":\"Preas\",\"item\":\"https:\/\/dev.tg4.ie\/ga\/eolas\/preas\/\"},{\"@type\":\"ListItem\",\"position\":4,\"name\":\"Nuacht R\u00e1itis\",\"item\":\"https:\/\/dev.tg4.ie\/ga\/eolas\/preas\/nuacht-raitis\/\"},{\"@type\":\"ListItem\",\"position\":5,\"name\":\"2023\",\"item\":\"https:\/\/dev.tg4.ie\/ga\/eolas\/preas\/nuacht-raitis\/2023-2\/\"},{\"@type\":\"ListItem\",\"position\":6,\"name\":\"TG4 &#8211; O\u00edche Chult\u00fair\"}]},{\"@type\":\"WebSite\",\"@id\":\"https:\/\/dev.tg4.ie\/en\/#website\",\"url\":\"https:\/\/dev.tg4.ie\/en\/\",\"name\":\"TG4\",\"description\":\"S\u00fail Eile\",\"potentialAction\":[{\"@type\":\"SearchAction\",\"target\":{\"@type\":\"EntryPoint\",\"urlTemplate\":\"https:\/\/dev.tg4.ie\/en\/?s={search_term_string}\"},\"query-input\":\"required name=search_term_string\"}],\"inLanguage\":\"ga\"}]}<\/script>\n<!-- \/ Yoast SEO plugin. -->","yoast_head_json":{"title":"TG4 - O\u00edche Chult\u00fair | Preas R\u00e1iteas | TG4","description":"T\u00e1 r\u00edm\u00e9ad ar TG4 taca\u00edocht a thabhairt d\u2019O\u00edche Chult\u00fair agus oibri\u00fa i gcomhar leo D\u00e9 hAoine an 22 Me\u00e1n F\u00f3mhair 2023.","robots":{"index":"index","follow":"follow","max-snippet":"max-snippet:-1","max-image-preview":"max-image-preview:large","max-video-preview":"max-video-preview:-1"},"og_locale":"en_US","og_type":"article","og_title":"TG4 - O\u00edche Chult\u00fair | Preas R\u00e1iteas | TG4","og_description":"T\u00e1 r\u00edm\u00e9ad ar TG4 taca\u00edocht a thabhairt d\u2019O\u00edche Chult\u00fair agus oibri\u00fa i gcomhar leo D\u00e9 hAoine an 22 Me\u00e1n F\u00f3mhair 2023.","og_url":"https:\/\/dev.tg4.ie\/ga\/eolas\/preas\/nuacht-raitis\/2023-2\/tg4-oiche-chultuir\/","og_site_name":"TG4","article_publisher":"https:\/\/www.facebook.com\/TG4TV","og_image":[{"width":1920,"height":1080,"url":"https:\/\/tg4-docs.s3.amazonaws.com\/wp-content\/uploads\/2023\/09\/21111705\/Ros_na_Run_Oiche_Chultuir_1-1920x1080-1.jpg","type":"image\/jpeg"}],"twitter_card":"summary_large_image","twitter_image":"https:\/\/tg4-docs.s3.amazonaws.com\/wp-content\/uploads\/2023\/09\/21111705\/Ros_na_Run_Oiche_Chultuir_1-1920x1080-1.jpg","twitter_site":"@TG4TV","twitter_misc":{"Est. reading time":"3 minutes"},"schema":{"@context":"https:\/\/schema.org","@graph":[{"@type":"WebPage","@id":"https:\/\/dev.tg4.ie\/ga\/eolas\/preas\/nuacht-raitis\/2023-2\/tg4-oiche-chultuir\/","url":"https:\/\/dev.tg4.ie\/ga\/eolas\/preas\/nuacht-raitis\/2023-2\/tg4-oiche-chultuir\/","name":"TG4 - O\u00edche Chult\u00fair | Preas R\u00e1iteas | TG4","isPartOf":{"@id":"https:\/\/dev.tg4.ie\/en\/#website"},"primaryImageOfPage":{"@id":"https:\/\/dev.tg4.ie\/ga\/eolas\/preas\/nuacht-raitis\/2023-2\/tg4-oiche-chultuir\/#primaryimage"},"image":{"@id":"https:\/\/dev.tg4.ie\/ga\/eolas\/preas\/nuacht-raitis\/2023-2\/tg4-oiche-chultuir\/#primaryimage"},"thumbnailUrl":"https:\/\/dev.tg4.ie\/wp-content\/uploads\/2023\/09\/Ros_na_Run_Oiche_Chultuir_1-1920x1080-1.jpg","datePublished":"2023-09-21T10:58:47+00:00","dateModified":"2023-09-21T10:58:47+00:00","description":"T\u00e1 r\u00edm\u00e9ad ar TG4 taca\u00edocht a thabhairt d\u2019O\u00edche Chult\u00fair agus oibri\u00fa i gcomhar leo D\u00e9 hAoine an 22 Me\u00e1n F\u00f3mhair 2023.","breadcrumb":{"@id":"https:\/\/dev.tg4.ie\/ga\/eolas\/preas\/nuacht-raitis\/2023-2\/tg4-oiche-chultuir\/#breadcrumb"},"inLanguage":"ga","potentialAction":[{"@type":"ReadAction","target":["https:\/\/dev.tg4.ie\/ga\/eolas\/preas\/nuacht-raitis\/2023-2\/tg4-oiche-chultuir\/"]}]},{"@type":"ImageObject","inLanguage":"ga","@id":"https:\/\/dev.tg4.ie\/ga\/eolas\/preas\/nuacht-raitis\/2023-2\/tg4-oiche-chultuir\/#primaryimage","url":"https:\/\/dev.tg4.ie\/wp-content\/uploads\/2023\/09\/Ros_na_Run_Oiche_Chultuir_1-1920x1080-1.jpg","contentUrl":"https:\/\/dev.tg4.ie\/wp-content\/uploads\/2023\/09\/Ros_na_Run_Oiche_Chultuir_1-1920x1080-1.jpg"},{"@type":"BreadcrumbList","@id":"https:\/\/dev.tg4.ie\/ga\/eolas\/preas\/nuacht-raitis\/2023-2\/tg4-oiche-chultuir\/#breadcrumb","itemListElement":[{"@type":"ListItem","position":1,"name":"Home","item":"https:\/\/dev.tg4.ie\/ga\/"},{"@type":"ListItem","position":2,"name":"Eolas","item":"https:\/\/dev.tg4.ie\/ga\/eolas\/"},{"@type":"ListItem","position":3,"name":"Preas","item":"https:\/\/dev.tg4.ie\/ga\/eolas\/preas\/"},{"@type":"ListItem","position":4,"name":"Nuacht R\u00e1itis","item":"https:\/\/dev.tg4.ie\/ga\/eolas\/preas\/nuacht-raitis\/"},{"@type":"ListItem","position":5,"name":"2023","item":"https:\/\/dev.tg4.ie\/ga\/eolas\/preas\/nuacht-raitis\/2023-2\/"},{"@type":"ListItem","position":6,"name":"TG4 &#8211; O\u00edche Chult\u00fair"}]},{"@type":"WebSite","@id":"https:\/\/dev.tg4.ie\/en\/#website","url":"https:\/\/dev.tg4.ie\/en\/","name":"TG4","description":"S\u00fail Eile","potentialAction":[{"@type":"SearchAction","target":{"@type":"EntryPoint","urlTemplate":"https:\/\/dev.tg4.ie\/en\/?s={search_term_string}"},"query-input":"required name=search_term_string"}],"inLanguage":"ga"}]}},"_links":{"self":[{"href":"https:\/\/dev.tg4.ie\/ga\/wp-json\/wp\/v2\/pages\/204867"}],"collection":[{"href":"https:\/\/dev.tg4.ie\/ga\/wp-json\/wp\/v2\/pages"}],"about":[{"href":"https:\/\/dev.tg4.ie\/ga\/wp-json\/wp\/v2\/types\/page"}],"author":[{"embeddable":true,"href":"https:\/\/dev.tg4.ie\/ga\/wp-json\/wp\/v2\/users\/876"}],"replies":[{"embeddable":true,"href":"https:\/\/dev.tg4.ie\/ga\/wp-json\/wp\/v2\/comments?post=204867"}],"version-history":[{"count":0,"href":"https:\/\/dev.tg4.ie\/ga\/wp-json\/wp\/v2\/pages\/204867\/revisions"}],"up":[{"embeddable":true,"href":"https:\/\/dev.tg4.ie\/ga\/wp-json\/wp\/v2\/pages\/180840"}],"wp:attachment":[{"href":"https:\/\/dev.tg4.ie\/ga\/wp-json\/wp\/v2\/media?parent=204867"}],"curies":[{"name":"wp","href":"https:\/\/api.w.org\/{rel}","templated":true}]}}