{"id":205031,"date":"2023-09-29T15:07:15","date_gmt":"2023-09-29T14:07:15","guid":{"rendered":"https:\/\/dev.tg4.ie\/?page_id=205031"},"modified":"2023-09-29T15:07:15","modified_gmt":"2023-09-29T14:07:15","slug":"tarrac-le-feiceail-i-bpictiurlanna-na-heireann-on-6-deireadh-fomhair-2023","status":"publish","type":"page","link":"https:\/\/dev.tg4.ie\/ga\/eolas\/preas\/nuacht-raitis\/2023-2\/tarrac-le-feiceail-i-bpictiurlanna-na-heireann-on-6-deireadh-fomhair-2023\/","title":{"rendered":"TARRAC le feice\u00e1il i bpicti\u00farlanna na h\u00c9ireann \u00f3n 6 Deireadh F\u00f3mhair 2023"},"content":{"rendered":"<p><img loading=\"lazy\" decoding=\"async\" width=\"1920\" height=\"1080\" src=\"https:\/\/tg4-docs.s3.amazonaws.com\/wp-content\/uploads\/2022\/06\/28171037\/Tarrac_1_1920x1080.jpg\" alt=\"\" class=\"aligncenter size-full wp-image-153192\" srcset=\"https:\/\/tg4-docs.s3.amazonaws.com\/wp-content\/uploads\/2022\/06\/28171037\/Tarrac_1_1920x1080.jpg 1920w, https:\/\/tg4-docs.s3.amazonaws.com\/wp-content\/uploads\/2022\/06\/28171037\/Tarrac_1_1920x1080-250x141.jpg 250w, https:\/\/tg4-docs.s3.amazonaws.com\/wp-content\/uploads\/2022\/06\/28171037\/Tarrac_1_1920x1080-700x394.jpg 700w, https:\/\/tg4-docs.s3.amazonaws.com\/wp-content\/uploads\/2022\/06\/28171037\/Tarrac_1_1920x1080-252x141.jpg 252w, https:\/\/tg4-docs.s3.amazonaws.com\/wp-content\/uploads\/2022\/06\/28171037\/Tarrac_1_1920x1080-1536x864.jpg 1536w, https:\/\/tg4-docs.s3.amazonaws.com\/wp-content\/uploads\/2022\/06\/28171037\/Tarrac_1_1920x1080-120x68.jpg 120w\" sizes=\"(max-width: 1920px) 100vw, 1920px\" \/><br \/>\n&nbsp;<br \/>\n<!--iframe width=\"560\" height=\"315\" src=\"https:\/\/www.youtube.com\/embed\/xTKaotefzNE?si=k9FlL6DaNIFqyJBD\" title=\"YouTube video player\" frameborder=\"0\" allow=\"accelerometer; autoplay; clipboard-write; encrypted-media; gyroscope; picture-in-picture; web-share\" allowfullscreen><\/iframe>\n&nbsp;--><br \/>\nCuireann PARKLAND ENTERTAINMENT &#038; ECLIPSE PICTURES an scann\u00e1n Gaeilge TARRAC i l\u00e1thair <\/p>\n<p>Faoi sti\u00fair Declan Recks <\/p>\n<p>Scr\u00edofa ag Eugene O\u2019Brien <\/p>\n<p>L\u00e9irithe ag Cl\u00edona N\u00ed Bhuachalla <\/p>\n<p>Is iad Kelly Gough, Lorcan Cranitch, Kate Nic Chonaonaigh, Kate Finegan, Rachel Feeney agus Cillian \u00d3 Gairbh\u00ed na pr\u00edomhaisteoir\u00ed<br \/>\n&nbsp;<\/p>\n<p>I gceantar \u00e1lainn Chorca Dhuibhne ar leithinis an Daingin i gContae Chiarra\u00ed a taifeadadh an scann\u00e1n Gaeilge seo TARRAC a bhfuil duaiseanna buaite aige agus is iad Kelly Gough (Kill Command, Out of Innocence) Lorcan Cranitch (Lakelands, Aisha, R\u00f3ise &#038; Frank) Kate Nic Chonaonaigh (An Cail\u00edn Ci\u00fain, Song of Granite, Shadow Dancer), Kate Finegan (Joyride, R\u00f3s na R\u00fan), Rachel Feeney (Belfast, Death on the Nile) agus Cillian \u00d3 Gairbh\u00ed (R\u00f3ise &#038; Frank, Foscadh) na pr\u00edomhaisteoir\u00ed.<br \/>\n&nbsp;<\/p>\n<p>Bh\u00ed an l\u00e9iritheoir Cl\u00edona N\u00ed Bhuachalla (Seamus Heaney \u2013 Out of the Marvellous, The Clinic), an scr\u00edbhneoir Eugene O Brien (Eden, Pure Mule) agus sti\u00farth\u00f3ir Declan Reeks (Pure Mule, The Running Mate, Sc\u00fap) i mbun cainte maidir le scann\u00e1n Gaeilge a dh\u00e9anamh.<br \/>\n&nbsp;<\/p>\n<p>Deir <strong>Eugene<\/strong> <em>\u201cgur \u00f3n gcro\u00ed a th\u00e1inig TARRAC d\u00f3 f\u00e9in, Declan agus Cl\u00edona agus go raibh Ciarra\u00ed r\u00edth\u00e1bhachtach don scann\u00e1n.   Is sa t\u00edrdhreach seo a bhfuil c\u00e1il ar fud an domhain air agus a mb\u00edonn farraige mh\u00f3r an Atlantaigh \u00e1 r\u00e9abadh a fhaightear an b\u00e1d ar leith &#8211; an Naomh\u00f3g. T\u00e1 f\u00e9ini\u00fanlacht den scoth ag an \u00e1it sin \u00f3n teanga go t\u00edrdhreach, na pearsana agus an b\u00e1d \u00ed f\u00e9in go deimhin.\u201d <\/em><br \/>\n&nbsp;<\/p>\n<p><strong>Achoimre Ghearr<\/strong><br \/>\nFilleann Aoife N\u00ed Bhraoin (Kelly Gough) abhaile chun cabhr\u00fa lena hathair \u2018The Bear\u2019 \u00d3 Braoin (Lorcan Cranitch) at\u00e1 ag teacht aige f\u00e9in tar \u00e9is taom cro\u00ed.  I rith an ama seo, caitheann Aoife dul i ngleic le b\u00e1s a m\u00e1thar, briseadh cro\u00ed a bhfuil neamhaird d\u00e9anta aici d\u00f3 go dt\u00ed seo.   T\u00e1 go leor f\u00f3s nach bhfuil pl\u00e9ite aici f\u00e9in agus ag a hathair.  Cuireann Aoife aithne ar\u00eds ar ghr\u00fapa r\u00e1mhaithe agus tugann an fhoireann seo, ar mn\u00e1 iad go l\u00e9ir, aghaidh ar an ioma\u00edocht mh\u00f3r a bh\u00edonn i gceist leis na r\u00e1sa\u00ed Naomh\u00f3g.<br \/>\n&nbsp;<\/p>\n<p>Dr\u00e1ma \u00e9 TARRAC at\u00e1 suite ar imeall an domhain, ar ch\u00f3sta agus ar fharraige Leithinis an Daingin. \u00c1it ina bhfuil t\u00edreola\u00edocht fhi\u00e1in, \u00e1it a bhfuil a hintinn f\u00e9in ag an aimsir agus ag na daoine.  T\u00e1 m\u00f3rtas \u00e1ite agus cro\u00ed\u00falacht ag baint le TARRAC. Is dl\u00fathstaid\u00e9ar carachtair \u00e9 ar bhean a n-\u00e9ir\u00edonn l\u00e9i, tr\u00edd an t\u00f3ir at\u00e1 aici ar sp\u00f3rt, a bheith s\u00e1sta ar\u00eds agus glacadh l\u00e9i f\u00e9in. T\u00e1 greann, briseadh cro\u00ed agus aicsean iontach mar aon le radhairc \u00e1ille de th\u00edrdhreach agus d\u2019fharraig\u00ed Ghaeltacht Chiarra\u00ed sa ch\u00falra fite fuaite tr\u00edd an scann\u00e1n. Is scann\u00e1n \u00e9 TARRAC faoi aghaidh a thabhairt ar an saol ar\u00eds agus faoi chumhacht an mhaithi\u00fanais.<br \/>\n&nbsp;<\/p>\n<p><strong>Beidh TARRAC le feice\u00e1il i bpicti\u00farlanna na h\u00c9ireann \u00f3n 6 Deireadh F\u00f3mhair 2023<\/strong><br \/>\n&nbsp;<\/p>\n<p>Icebox Films a l\u00e9irigh TARRAC.  TG4, F\u00eds \u00c9ireann agus an BAI (Coimisi\u00fan na Me\u00e1n) a mhaoinigh TARRAC mar chuid de sc\u00e9im Cine4 chun bunscann\u00e1in fhada i nGaeilge a chur ar f\u00e1il.<br \/>\n&nbsp;<\/p>\n<p>Fad: 94 n\u00f3im\u00e9ad \/ Deimhni\u00fa IFCO: 15a \/ Deimhni\u00fa BBFC: 15<br \/>\n&nbsp;<\/p>\n","protected":false},"excerpt":{"rendered":"<p>&nbsp; Cuireann PARKLAND ENTERTAINMENT &#038; ECLIPSE PICTURES an scann\u00e1n Gaeilge TARRAC i l\u00e1thair Faoi sti\u00fair Declan Recks Scr\u00edofa ag Eugene O\u2019Brien L\u00e9irithe ag Cl\u00edona N\u00ed Bhuachalla Is iad Kelly Gough, Lorcan Cranitch, Kate Nic Chonaonaigh, Kate Finegan, Rachel Feeney agus Cillian \u00d3 Gairbh\u00ed na pr\u00edomhaisteoir\u00ed &nbsp; I gceantar \u00e1lainn Chorca Dhuibhne ar leithinis an Daingin [&hellip;]<\/p>\n","protected":false},"author":876,"featured_media":0,"parent":180840,"menu_order":24,"comment_status":"closed","ping_status":"closed","template":"page-templates\/template-pr.php","meta":{"_acf_changed":false,"footnotes":""},"acf":[],"yoast_head":"<!-- This site is optimized with the Yoast SEO plugin v22.6 - https:\/\/yoast.com\/wordpress\/plugins\/seo\/ -->\n<title>TARRAC le feice\u00e1il i bpicti\u00farlanna na h\u00c9ireann \u00f3n 6 Deireadh F\u00f3mhair 2023 | Preas R\u00e1iteas | TG4<\/title>\n<meta name=\"description\" content=\"Dr\u00e1ma \u00e9 TARRAC at\u00e1 suite ar imeall an domhain, ar ch\u00f3sta agus ar fharraige Leithinis an Daingin. \u00c1it ina bhfuil t\u00edreola\u00edocht fhi\u00e1in, \u00e1it a bhfuil a hintinn f\u00e9in ag an aimsir agus ag na daoine.\" \/>\n<meta name=\"robots\" content=\"index, follow, max-snippet:-1, max-image-preview:large, max-video-preview:-1\" \/>\n<meta property=\"og:locale\" content=\"en_US\" \/>\n<meta property=\"og:type\" content=\"article\" \/>\n<meta property=\"og:title\" content=\"TARRAC le feice\u00e1il i bpicti\u00farlanna na h\u00c9ireann \u00f3n 6 Deireadh F\u00f3mhair 2023 | Preas R\u00e1iteas | TG4\" \/>\n<meta property=\"og:description\" content=\"Dr\u00e1ma \u00e9 TARRAC at\u00e1 suite ar imeall an domhain, ar ch\u00f3sta agus ar fharraige Leithinis an Daingin. \u00c1it ina bhfuil t\u00edreola\u00edocht fhi\u00e1in, \u00e1it a bhfuil a hintinn f\u00e9in ag an aimsir agus ag na daoine.\" \/>\n<meta property=\"og:url\" content=\"https:\/\/dev.tg4.ie\/ga\/eolas\/preas\/nuacht-raitis\/2023-2\/tarrac-le-feiceail-i-bpictiurlanna-na-heireann-on-6-deireadh-fomhair-2023\/\" \/>\n<meta property=\"og:site_name\" content=\"TG4\" \/>\n<meta property=\"article:publisher\" content=\"https:\/\/www.facebook.com\/TG4TV\" \/>\n<meta property=\"og:image\" content=\"https:\/\/tg4-docs.s3.amazonaws.com\/wp-content\/uploads\/2022\/06\/28171037\/Tarrac_1_1920x1080.jpg\" \/>\n\t<meta property=\"og:image:width\" content=\"1920\" \/>\n\t<meta property=\"og:image:height\" content=\"1080\" \/>\n\t<meta property=\"og:image:type\" content=\"image\/jpeg\" \/>\n<meta name=\"twitter:card\" content=\"summary_large_image\" \/>\n<meta name=\"twitter:image\" content=\"https:\/\/tg4-docs.s3.amazonaws.com\/wp-content\/uploads\/2022\/06\/28171037\/Tarrac_1_1920x1080.jpg\" \/>\n<meta name=\"twitter:site\" content=\"@TG4TV\" \/>\n<meta name=\"twitter:label1\" content=\"Est. reading time\" \/>\n\t<meta name=\"twitter:data1\" content=\"3 minutes\" \/>\n<script type=\"application\/ld+json\" class=\"yoast-schema-graph\">{\"@context\":\"https:\/\/schema.org\",\"@graph\":[{\"@type\":\"WebPage\",\"@id\":\"https:\/\/dev.tg4.ie\/ga\/eolas\/preas\/nuacht-raitis\/2023-2\/tarrac-le-feiceail-i-bpictiurlanna-na-heireann-on-6-deireadh-fomhair-2023\/\",\"url\":\"https:\/\/dev.tg4.ie\/ga\/eolas\/preas\/nuacht-raitis\/2023-2\/tarrac-le-feiceail-i-bpictiurlanna-na-heireann-on-6-deireadh-fomhair-2023\/\",\"name\":\"TARRAC le feice\u00e1il i bpicti\u00farlanna na h\u00c9ireann \u00f3n 6 Deireadh F\u00f3mhair 2023 | Preas R\u00e1iteas | TG4\",\"isPartOf\":{\"@id\":\"https:\/\/dev.tg4.ie\/en\/#website\"},\"primaryImageOfPage\":{\"@id\":\"https:\/\/dev.tg4.ie\/ga\/eolas\/preas\/nuacht-raitis\/2023-2\/tarrac-le-feiceail-i-bpictiurlanna-na-heireann-on-6-deireadh-fomhair-2023\/#primaryimage\"},\"image\":{\"@id\":\"https:\/\/dev.tg4.ie\/ga\/eolas\/preas\/nuacht-raitis\/2023-2\/tarrac-le-feiceail-i-bpictiurlanna-na-heireann-on-6-deireadh-fomhair-2023\/#primaryimage\"},\"thumbnailUrl\":\"https:\/\/dev.tg4.ie\/wp-content\/uploads\/2022\/06\/Tarrac_1_1920x1080.jpg\",\"datePublished\":\"2023-09-29T14:07:15+00:00\",\"dateModified\":\"2023-09-29T14:07:15+00:00\",\"description\":\"Dr\u00e1ma \u00e9 TARRAC at\u00e1 suite ar imeall an domhain, ar ch\u00f3sta agus ar fharraige Leithinis an Daingin. \u00c1it ina bhfuil t\u00edreola\u00edocht fhi\u00e1in, \u00e1it a bhfuil a hintinn f\u00e9in ag an aimsir agus ag na daoine.\",\"breadcrumb\":{\"@id\":\"https:\/\/dev.tg4.ie\/ga\/eolas\/preas\/nuacht-raitis\/2023-2\/tarrac-le-feiceail-i-bpictiurlanna-na-heireann-on-6-deireadh-fomhair-2023\/#breadcrumb\"},\"inLanguage\":\"ga\",\"potentialAction\":[{\"@type\":\"ReadAction\",\"target\":[\"https:\/\/dev.tg4.ie\/ga\/eolas\/preas\/nuacht-raitis\/2023-2\/tarrac-le-feiceail-i-bpictiurlanna-na-heireann-on-6-deireadh-fomhair-2023\/\"]}]},{\"@type\":\"ImageObject\",\"inLanguage\":\"ga\",\"@id\":\"https:\/\/dev.tg4.ie\/ga\/eolas\/preas\/nuacht-raitis\/2023-2\/tarrac-le-feiceail-i-bpictiurlanna-na-heireann-on-6-deireadh-fomhair-2023\/#primaryimage\",\"url\":\"https:\/\/dev.tg4.ie\/wp-content\/uploads\/2022\/06\/Tarrac_1_1920x1080.jpg\",\"contentUrl\":\"https:\/\/dev.tg4.ie\/wp-content\/uploads\/2022\/06\/Tarrac_1_1920x1080.jpg\"},{\"@type\":\"BreadcrumbList\",\"@id\":\"https:\/\/dev.tg4.ie\/ga\/eolas\/preas\/nuacht-raitis\/2023-2\/tarrac-le-feiceail-i-bpictiurlanna-na-heireann-on-6-deireadh-fomhair-2023\/#breadcrumb\",\"itemListElement\":[{\"@type\":\"ListItem\",\"position\":1,\"name\":\"Home\",\"item\":\"https:\/\/dev.tg4.ie\/ga\/\"},{\"@type\":\"ListItem\",\"position\":2,\"name\":\"Eolas\",\"item\":\"https:\/\/dev.tg4.ie\/ga\/eolas\/\"},{\"@type\":\"ListItem\",\"position\":3,\"name\":\"Preas\",\"item\":\"https:\/\/dev.tg4.ie\/ga\/eolas\/preas\/\"},{\"@type\":\"ListItem\",\"position\":4,\"name\":\"Nuacht R\u00e1itis\",\"item\":\"https:\/\/dev.tg4.ie\/ga\/eolas\/preas\/nuacht-raitis\/\"},{\"@type\":\"ListItem\",\"position\":5,\"name\":\"2023\",\"item\":\"https:\/\/dev.tg4.ie\/ga\/eolas\/preas\/nuacht-raitis\/2023-2\/\"},{\"@type\":\"ListItem\",\"position\":6,\"name\":\"TARRAC le feice\u00e1il i bpicti\u00farlanna na h\u00c9ireann \u00f3n 6 Deireadh F\u00f3mhair 2023\"}]},{\"@type\":\"WebSite\",\"@id\":\"https:\/\/dev.tg4.ie\/en\/#website\",\"url\":\"https:\/\/dev.tg4.ie\/en\/\",\"name\":\"TG4\",\"description\":\"S\u00fail Eile\",\"potentialAction\":[{\"@type\":\"SearchAction\",\"target\":{\"@type\":\"EntryPoint\",\"urlTemplate\":\"https:\/\/dev.tg4.ie\/en\/?s={search_term_string}\"},\"query-input\":\"required name=search_term_string\"}],\"inLanguage\":\"ga\"}]}<\/script>\n<!-- \/ Yoast SEO plugin. -->","yoast_head_json":{"title":"TARRAC le feice\u00e1il i bpicti\u00farlanna na h\u00c9ireann \u00f3n 6 Deireadh F\u00f3mhair 2023 | Preas R\u00e1iteas | TG4","description":"Dr\u00e1ma \u00e9 TARRAC at\u00e1 suite ar imeall an domhain, ar ch\u00f3sta agus ar fharraige Leithinis an Daingin. \u00c1it ina bhfuil t\u00edreola\u00edocht fhi\u00e1in, \u00e1it a bhfuil a hintinn f\u00e9in ag an aimsir agus ag na daoine.","robots":{"index":"index","follow":"follow","max-snippet":"max-snippet:-1","max-image-preview":"max-image-preview:large","max-video-preview":"max-video-preview:-1"},"og_locale":"en_US","og_type":"article","og_title":"TARRAC le feice\u00e1il i bpicti\u00farlanna na h\u00c9ireann \u00f3n 6 Deireadh F\u00f3mhair 2023 | Preas R\u00e1iteas | TG4","og_description":"Dr\u00e1ma \u00e9 TARRAC at\u00e1 suite ar imeall an domhain, ar ch\u00f3sta agus ar fharraige Leithinis an Daingin. \u00c1it ina bhfuil t\u00edreola\u00edocht fhi\u00e1in, \u00e1it a bhfuil a hintinn f\u00e9in ag an aimsir agus ag na daoine.","og_url":"https:\/\/dev.tg4.ie\/ga\/eolas\/preas\/nuacht-raitis\/2023-2\/tarrac-le-feiceail-i-bpictiurlanna-na-heireann-on-6-deireadh-fomhair-2023\/","og_site_name":"TG4","article_publisher":"https:\/\/www.facebook.com\/TG4TV","og_image":[{"width":1920,"height":1080,"url":"https:\/\/tg4-docs.s3.amazonaws.com\/wp-content\/uploads\/2022\/06\/28171037\/Tarrac_1_1920x1080.jpg","type":"image\/jpeg"}],"twitter_card":"summary_large_image","twitter_image":"https:\/\/tg4-docs.s3.amazonaws.com\/wp-content\/uploads\/2022\/06\/28171037\/Tarrac_1_1920x1080.jpg","twitter_site":"@TG4TV","twitter_misc":{"Est. reading time":"3 minutes"},"schema":{"@context":"https:\/\/schema.org","@graph":[{"@type":"WebPage","@id":"https:\/\/dev.tg4.ie\/ga\/eolas\/preas\/nuacht-raitis\/2023-2\/tarrac-le-feiceail-i-bpictiurlanna-na-heireann-on-6-deireadh-fomhair-2023\/","url":"https:\/\/dev.tg4.ie\/ga\/eolas\/preas\/nuacht-raitis\/2023-2\/tarrac-le-feiceail-i-bpictiurlanna-na-heireann-on-6-deireadh-fomhair-2023\/","name":"TARRAC le feice\u00e1il i bpicti\u00farlanna na h\u00c9ireann \u00f3n 6 Deireadh F\u00f3mhair 2023 | Preas R\u00e1iteas | TG4","isPartOf":{"@id":"https:\/\/dev.tg4.ie\/en\/#website"},"primaryImageOfPage":{"@id":"https:\/\/dev.tg4.ie\/ga\/eolas\/preas\/nuacht-raitis\/2023-2\/tarrac-le-feiceail-i-bpictiurlanna-na-heireann-on-6-deireadh-fomhair-2023\/#primaryimage"},"image":{"@id":"https:\/\/dev.tg4.ie\/ga\/eolas\/preas\/nuacht-raitis\/2023-2\/tarrac-le-feiceail-i-bpictiurlanna-na-heireann-on-6-deireadh-fomhair-2023\/#primaryimage"},"thumbnailUrl":"https:\/\/dev.tg4.ie\/wp-content\/uploads\/2022\/06\/Tarrac_1_1920x1080.jpg","datePublished":"2023-09-29T14:07:15+00:00","dateModified":"2023-09-29T14:07:15+00:00","description":"Dr\u00e1ma \u00e9 TARRAC at\u00e1 suite ar imeall an domhain, ar ch\u00f3sta agus ar fharraige Leithinis an Daingin. \u00c1it ina bhfuil t\u00edreola\u00edocht fhi\u00e1in, \u00e1it a bhfuil a hintinn f\u00e9in ag an aimsir agus ag na daoine.","breadcrumb":{"@id":"https:\/\/dev.tg4.ie\/ga\/eolas\/preas\/nuacht-raitis\/2023-2\/tarrac-le-feiceail-i-bpictiurlanna-na-heireann-on-6-deireadh-fomhair-2023\/#breadcrumb"},"inLanguage":"ga","potentialAction":[{"@type":"ReadAction","target":["https:\/\/dev.tg4.ie\/ga\/eolas\/preas\/nuacht-raitis\/2023-2\/tarrac-le-feiceail-i-bpictiurlanna-na-heireann-on-6-deireadh-fomhair-2023\/"]}]},{"@type":"ImageObject","inLanguage":"ga","@id":"https:\/\/dev.tg4.ie\/ga\/eolas\/preas\/nuacht-raitis\/2023-2\/tarrac-le-feiceail-i-bpictiurlanna-na-heireann-on-6-deireadh-fomhair-2023\/#primaryimage","url":"https:\/\/dev.tg4.ie\/wp-content\/uploads\/2022\/06\/Tarrac_1_1920x1080.jpg","contentUrl":"https:\/\/dev.tg4.ie\/wp-content\/uploads\/2022\/06\/Tarrac_1_1920x1080.jpg"},{"@type":"BreadcrumbList","@id":"https:\/\/dev.tg4.ie\/ga\/eolas\/preas\/nuacht-raitis\/2023-2\/tarrac-le-feiceail-i-bpictiurlanna-na-heireann-on-6-deireadh-fomhair-2023\/#breadcrumb","itemListElement":[{"@type":"ListItem","position":1,"name":"Home","item":"https:\/\/dev.tg4.ie\/ga\/"},{"@type":"ListItem","position":2,"name":"Eolas","item":"https:\/\/dev.tg4.ie\/ga\/eolas\/"},{"@type":"ListItem","position":3,"name":"Preas","item":"https:\/\/dev.tg4.ie\/ga\/eolas\/preas\/"},{"@type":"ListItem","position":4,"name":"Nuacht R\u00e1itis","item":"https:\/\/dev.tg4.ie\/ga\/eolas\/preas\/nuacht-raitis\/"},{"@type":"ListItem","position":5,"name":"2023","item":"https:\/\/dev.tg4.ie\/ga\/eolas\/preas\/nuacht-raitis\/2023-2\/"},{"@type":"ListItem","position":6,"name":"TARRAC le feice\u00e1il i bpicti\u00farlanna na h\u00c9ireann \u00f3n 6 Deireadh F\u00f3mhair 2023"}]},{"@type":"WebSite","@id":"https:\/\/dev.tg4.ie\/en\/#website","url":"https:\/\/dev.tg4.ie\/en\/","name":"TG4","description":"S\u00fail Eile","potentialAction":[{"@type":"SearchAction","target":{"@type":"EntryPoint","urlTemplate":"https:\/\/dev.tg4.ie\/en\/?s={search_term_string}"},"query-input":"required name=search_term_string"}],"inLanguage":"ga"}]}},"_links":{"self":[{"href":"https:\/\/dev.tg4.ie\/ga\/wp-json\/wp\/v2\/pages\/205031"}],"collection":[{"href":"https:\/\/dev.tg4.ie\/ga\/wp-json\/wp\/v2\/pages"}],"about":[{"href":"https:\/\/dev.tg4.ie\/ga\/wp-json\/wp\/v2\/types\/page"}],"author":[{"embeddable":true,"href":"https:\/\/dev.tg4.ie\/ga\/wp-json\/wp\/v2\/users\/876"}],"replies":[{"embeddable":true,"href":"https:\/\/dev.tg4.ie\/ga\/wp-json\/wp\/v2\/comments?post=205031"}],"version-history":[{"count":0,"href":"https:\/\/dev.tg4.ie\/ga\/wp-json\/wp\/v2\/pages\/205031\/revisions"}],"up":[{"embeddable":true,"href":"https:\/\/dev.tg4.ie\/ga\/wp-json\/wp\/v2\/pages\/180840"}],"wp:attachment":[{"href":"https:\/\/dev.tg4.ie\/ga\/wp-json\/wp\/v2\/media?parent=205031"}],"curies":[{"name":"wp","href":"https:\/\/api.w.org\/{rel}","templated":true}]}}