{"id":207141,"date":"2023-12-07T15:59:22","date_gmt":"2023-12-07T15:59:22","guid":{"rendered":"https:\/\/dev.tg4.ie\/?page_id=207141"},"modified":"2023-12-07T17:21:26","modified_gmt":"2023-12-07T17:21:26","slug":"premiere-domhanda-kneecap-ag-feile-scannan-sundance","status":"publish","type":"page","link":"https:\/\/dev.tg4.ie\/ga\/eolas\/preas\/nuacht-raitis\/2023-2\/premiere-domhanda-kneecap-ag-feile-scannan-sundance\/","title":{"rendered":"Premi\u00e8re Domhanda KNEECAP ag F\u00e9ile Scann\u00e1n Sundance"},"content":{"rendered":"<p><strong>Scann\u00e1n le Taispe\u00e1int ar an O\u00edche Oscailte ag F\u00e9ile Ghradamach St\u00e1it Aontaithe Mheirice\u00e1<\/strong><br \/>\n&nbsp;<br \/>\n<img loading=\"lazy\" decoding=\"async\" width=\"1920\" height=\"1080\" src=\"https:\/\/tg4-docs.s3.amazonaws.com\/wp-content\/uploads\/2023\/12\/07154051\/Kneecap_Sundance_2024_1-1920x1080-1.jpg\" alt=\"\" class=\"aligncenter size-full wp-image-207149\" srcset=\"https:\/\/tg4-docs.s3.amazonaws.com\/wp-content\/uploads\/2023\/12\/07154051\/Kneecap_Sundance_2024_1-1920x1080-1.jpg 1920w, https:\/\/tg4-docs.s3.amazonaws.com\/wp-content\/uploads\/2023\/12\/07154051\/Kneecap_Sundance_2024_1-1920x1080-1-250x141.jpg 250w, https:\/\/tg4-docs.s3.amazonaws.com\/wp-content\/uploads\/2023\/12\/07154051\/Kneecap_Sundance_2024_1-1920x1080-1-700x394.jpg 700w, https:\/\/tg4-docs.s3.amazonaws.com\/wp-content\/uploads\/2023\/12\/07154051\/Kneecap_Sundance_2024_1-1920x1080-1-252x141.jpg 252w, https:\/\/tg4-docs.s3.amazonaws.com\/wp-content\/uploads\/2023\/12\/07154051\/Kneecap_Sundance_2024_1-1920x1080-1-1536x864.jpg 1536w, https:\/\/tg4-docs.s3.amazonaws.com\/wp-content\/uploads\/2023\/12\/07154051\/Kneecap_Sundance_2024_1-1920x1080-1-120x68.jpg 120w\" sizes=\"(max-width: 1920px) 100vw, 1920px\" \/><br \/>\n&nbsp;<br \/>\nTaispe\u00e1nfar premi\u00e8re domhanda an scann\u00e1in KNEECAP le Rich Peppiatt ag F\u00e9ile Scann\u00e1n chl\u00faiteach Sundance in Utah an mh\u00ed seo chugainn. Is ar o\u00edche oscailte na f\u00e9in f\u00e9in, D\u00e9ardaoin an 18 Ean\u00e1ir, a chraolfar \u00e9.<br \/>\n&nbsp;<br \/>\nKneecap, an tr\u00edr\u00e9ad rapcheoil spleodrach ceannr\u00f3da\u00edoch Gaeilge, agus an bealach ar th\u00e1inig siad i gceann a ch\u00e9ile an ch\u00e9ad l\u00e1 riamh, is ea is sc\u00e9al don scann\u00e1n. Agus iad i mbun aisteoireachta den ch\u00e9ad uair riamh, t\u00e1 pr\u00edomhph\u00e1irt ag baill an ghr\u00fapa f\u00e9in sa scann\u00e1n: Mo Chara, M\u00f3gla\u00ed Bap agus DJ Pr\u00f3va\u00ed. T\u00e1 an tri\u00far c\u00e9anna i gcuideachta Michael Fassbender, aisteoir a ainmn\u00edodh do Dhuais Acadaimh (Steve Jobs, 12 Years a Slave), Simone Kirby (Hidden Assets, Jimmy\u2019s Hall) agus Josie Walker (Belfast, The Wonder). In iarthar Bh\u00e9al Feirste sa bhliain 2019, at\u00e1 an scann\u00e1n suite agus tugtar cuntas ann ar an chinni\u00faint a thug an tri\u00far le ch\u00e9ile agus ar an bhealach \u2018ar athraigh siad an ceol Gaelach go deo na ndeor\u2019 ina dhiaidh sin.<br \/>\n&nbsp;<br \/>\nBh\u00ed an m\u00e9id seo le r\u00e1 ag an scr\u00edbhneoir-sti\u00farth\u00f3ir Rich Peppiatt faoin premi\u00e8re domhanda: <em>\u201cNuair a chuir m\u00e9 romham f\u00e9in an ch\u00e9ad l\u00e1 riamh scann\u00e1n a dh\u00e9anamh i dteanga n\u00e1r labhair m\u00e9, a bheadh suite in \u00e1it n\u00e1rbh as dom, is beag a sh\u00edl m\u00e9 ceithre bliana n\u00edos faide anonn go mbeadh an scann\u00e1n Kneecap \u00e1 chur os comhair an tsaoil againn ag an fh\u00e9ile is gradama\u00ed agus is t\u00e1bhachta\u00ed i dtionscal na scann\u00e1n neamhsple\u00e1ch. Is m\u00f3r an on\u00f3ir dom gort nua i dtionscal na scann\u00e1n Gaeilge a threabhadh; seo scann\u00e1n a bhfuil an t-iontas agus an spreagadh ina orla\u00ed tr\u00edd \u2013 d\u00e1la cheol Kneecap f\u00e9in.\u201d<\/em><br \/>\n&nbsp;<br \/>\nSeo mar a labhair <strong>Kneecap<\/strong>: <em>\u201cT\u00e1 muid an-t\u00f3gtha gur ag Sundance a thaispe\u00e1nfar an scann\u00e1n den ch\u00e9ad uair riamh. Cib\u00e9 \u00e1it a dt\u00e9ann muid cuireann muid faoin\u00e1r gcoinne f\u00e9in deireadh go deo a chur le r\u00e9amhchlaonta\u00ed faoin fh\u00e9ini\u00falacht chult\u00fartha agus faoin teanga agus leagann muid b\u00e9im ar an r\u00f3l at\u00e1 ag an lucht oibre cumhachta\u00ed t\u00edor\u00e1nta leatromacha a chur de dhroim seoil. T\u00e1 s\u00e9 ar f*cain d\u00f3igh go mbeidh an teachtaireacht seo \u00f3 shr\u00e1ideanna Iarthar Bh\u00e9al Feirste \u00e1 scaipeadh ar an sc\u00e1ile\u00e1n m\u00f3r anois. T\u00e1 muid millteanach br\u00f3d\u00fail as an scann\u00e1n agus t\u00e1 muid ar b\u00eds lena eisi\u00faint i bpicti\u00farlanna ar fud an domhain.\u201d<\/em><br \/>\n&nbsp;<br \/>\nDeir Proinsias N\u00ed Ghr\u00e1inne, Eagarth\u00f3ir Coimisi\u00fanaithe i TG4, gur <em>&#8220;l\u00e9ir gurb \u00e9 TG4 an p\u00e1irtn\u00e9ir craolach\u00e1in is fearr don scann\u00e1n seo &#8216;Kneecap&#8217; &#8211;  scann\u00e1n grinn, d\u00e1na agus spleodrach ina bhfuil  measc\u00e1n d&#8217;aoir dhorcha agus sc\u00e9al r\u00e9ad\u00fail ar ghn\u00edomha\u00edochas teanga. A leith\u00e9id d&#8217;aitheantas do scann\u00e1na\u00edocht na Gaeilge agus faoi mar a thaisteala\u00edonn \u00e1r dteanga &#8211; go mbeidh sc\u00e9al agus ceol Kneecap ag oscailt na f\u00e9ile Scann\u00e1n neamhsple\u00e1ch is m\u00f3 ar domhan.&#8221;<\/em><br \/>\n&nbsp;<br \/>\nBh\u00ed an m\u00e9id seo le r\u00e1 ag an l\u00e9iritheoir Trevor Birney \u00f3 Fine Point Films: <em>\u201cSeo an ch\u00e9ad scann\u00e1n Gaeilge a roghnaigh Sundance riamh, agus is \u00e9acht amach is amach \u00e9 n\u00ed hamh\u00e1in ag Rich Peppiatt agus Kneecap ach ag Fine Point agus ag an tionscal scann\u00e1n in \u00c9irinn, thuaidh agus theas, chomh maith. Bh\u00ed m\u00e9 an-t\u00f3gtha go deo leis an scann\u00e1n nuair a phl\u00e9igh Rich an smaoineamh liom an ch\u00e9ad l\u00e1 riamh agus thosaigh muid ag obair i gcomhar leis an bhanna ionas go dtiocfadh an fh\u00eds chun f\u00edre. Caithfidh m\u00e9 bu\u00edochas \u00f3 chro\u00ed a ghabh\u00e1il leis an chri\u00fa iontach a bh\u00ed againn agus, ar nd\u00f3igh, leis na maoinitheoir\u00ed a thacaigh le f\u00eds Rich. Go raibh maith agaibh.\u201d<\/em><br \/>\n&nbsp;<br \/>\nSeo mar a labhair Patrick O\u2019Neill, sti\u00farth\u00f3ir bainist\u00edochta Wildcard: <em>\u201cT\u00e1 l\u00fach\u00e1ir ar Wildcard go bhfuil muid ag obair i gcomhar le Kneecap mar L\u00e9iritheoir agus D\u00e1ileoir. Is iontach go deo an scann\u00e1n Gaeilge \u00e9 agus t\u00e1 m\u00e9 cinnte de go rachaidh s\u00e9 i gcion ar dhaoine in \u00c9irinn agus ar fud an domhain. T\u00e1 muid ag d\u00fail go m\u00f3r lena chur os comhair an tsaoil sna picti\u00farlanna in 2024.\u201d<\/em><br \/>\n&nbsp;<br \/>\nIn 1978 a buna\u00edodh F\u00e9ile Scann\u00e1n Sundance agus t\u00e1 s\u00ed ar an fh\u00e9ile is iomr\u00e1it\u00ed ar domhan \u00f3 thaobh na scann\u00e1n neamhsple\u00e1ch de. I measc na scann\u00e1n a taispe\u00e1nadh ag an fh\u00e9ile in imeacht na mblianta t\u00e1 <em>The Usual Suspects<\/em>, <em>Reservoir Dogs<\/em>, <em>Little Miss Sunshine<\/em>, agus <em>In Bruges<\/em> le cois l\u00e9iri\u00fach\u00e1in \u00c9ireannacha ar n\u00f3s <em>Brooklyn<\/em> le John Crowley, <em>The Lobster<\/em> le Yorgos Lanthimos, <em>Sing Street<\/em> le John Carney agus <em>The Hole in the Ground<\/em> le Lee Cronin.<br \/>\n&nbsp;<br \/>\nIs \u00e9 KNEECAP an ch\u00e9ad scann\u00e1n riamh n\u00e1r l\u00e9ir\u00edodh i Meirice\u00e1 a roghna\u00edodh do rann\u00f3g NEXT na f\u00e9ile. De r\u00e9ir na f\u00e9ile f\u00e9in, na saothair a roghna\u00edtear faoin rann\u00f3g seo, is \u201csaothair \u00edona mhisni\u00fala iad agus is sonra\u00edoch an insint nu\u00e1lach cheannr\u00f3da\u00edoch a chleachtar iontu\u201d. Seo an ch\u00e9ad scann\u00e1n beo-aicsin ag an scr\u00edbhneoir-sti\u00farth\u00f3ir Rich Peppiatt, fear a rinne an cl\u00e1r faisn\u00e9ise aorach One Rogue Reporter a thug duaiseanna go leor leis.<br \/>\n&nbsp;<br \/>\nMha\u00edgh an LA Times gur banna iad Kneecap \u201ca chuirfeadh laethanta luatha Eminem i gcuimhne do dhuine\u201d agus t\u00e1 na l\u00e9irmheast\u00f3ir\u00ed \u00e1 moladh go barr bata as a measc\u00e1n eala\u00edonta rap Gaeilge agus B\u00e9arla a thugann aghaidh ar an saol crua cadr\u00e1nta at\u00e1 roimh an t\u00e9 a bh\u00edonn ag f\u00e1s an\u00edos i mB\u00e9al Feirste i ndiaidh aimsir na dTriobl\u00f3id\u00ed. Eis\u00edodh an singil <em>Better Way to Live<\/em> leo an mh\u00ed seo caite, singil ina bhfuil Grian Chatten ag ceol, agus t\u00e1 tn\u00fath m\u00f3r leis an ch\u00e9ad albam riamh uathu, a eiseofar go luath an bhliain seo chugainn.<br \/>\n&nbsp;<br \/>\nIs iad Jack Tarling agus Trevor Birney, thar ceann Fine Point Films agus Mother Tongues Films, a l\u00e9irigh KNEECAP, in \u00e9ineacht le Patrick O\u2019Neill \u00f3 Wildcard a bh\u00ed ag feidhmi\u00fa mar Chomhl\u00e9iritheoir. Chuir na heagra\u00edochta\u00ed seo a leanas maoini\u00fa ar f\u00e1il don scann\u00e1n: Sc\u00e1ile\u00e1n Thuaisceart \u00c9ireann, An Ciste Craolt\u00f3ireachta Gaeilge, F\u00eds \u00c9ireann, BFI (a bhronn maoini\u00fa \u00f3n Chrannchur N\u00e1isi\u00fanta), Coimisi\u00fan na Me\u00e1n agus TG4 agus thug Great Point Media taca\u00edocht d\u00f3 chomh maith.<br \/>\n&nbsp;<br \/>\nBeidh F\u00e9ile Scann\u00e1n Sundance ar si\u00fal idir 18 \u2013 28 Ean\u00e1ir in Salt Lake City, Utah, agus taispe\u00e1nfar KNEECAP ar o\u00edche oscailte na f\u00e9ile f\u00e9in. Beidh Anonymous Content (The Revenant) i l\u00e1thair ag an fh\u00e9ile thar ceann an scann\u00e1in agus iad i gcuideachta an ghn\u00edomhaire d\u00edolach\u00e1in Charades (Aftersun).<br \/>\n&nbsp;<br \/>\nIs iad Wildcard agus Curzona a eiseoidh an scann\u00e1n KNEECAP i bpicti\u00farlanna na h\u00c9ireann in 2024.<\/p>\n<p>&nbsp;<br \/>\n&nbsp;<\/p>\n","protected":false},"excerpt":{"rendered":"<p>Scann\u00e1n le Taispe\u00e1int ar an O\u00edche Oscailte ag F\u00e9ile Ghradamach St\u00e1it Aontaithe Mheirice\u00e1 &nbsp; &nbsp; Taispe\u00e1nfar premi\u00e8re domhanda an scann\u00e1in KNEECAP le Rich Peppiatt ag F\u00e9ile Scann\u00e1n chl\u00faiteach Sundance in Utah an mh\u00ed seo chugainn. Is ar o\u00edche oscailte na f\u00e9in f\u00e9in, D\u00e9ardaoin an 18 Ean\u00e1ir, a chraolfar \u00e9. &nbsp; Kneecap, an tr\u00edr\u00e9ad rapcheoil spleodrach [&hellip;]<\/p>\n","protected":false},"author":876,"featured_media":0,"parent":180840,"menu_order":26,"comment_status":"closed","ping_status":"closed","template":"page-templates\/template-pr.php","meta":{"_acf_changed":false,"footnotes":""},"acf":[],"yoast_head":"<!-- This site is optimized with the Yoast SEO plugin v22.6 - https:\/\/yoast.com\/wordpress\/plugins\/seo\/ -->\n<title>Premi\u00e8re Domhanda KNEECAP ag F\u00e9ile Scann\u00e1n Sundance | Preas R\u00e1iteas | TG4<\/title>\n<meta name=\"description\" content=\"Taispe\u00e1nfar premi\u00e8re domhanda an scann\u00e1in KNEECAP le Rich Peppiatt ag F\u00e9ile Scann\u00e1n chl\u00faiteach Sundance in Utah an mh\u00ed seo chugainn. Is ar o\u00edche oscailte na f\u00e9ile f\u00e9in, D\u00e9ardaoin an 18 Ean\u00e1ir, a chraolfar \u00e9.\" \/>\n<meta name=\"robots\" content=\"index, follow, max-snippet:-1, max-image-preview:large, max-video-preview:-1\" \/>\n<meta property=\"og:locale\" content=\"en_US\" \/>\n<meta property=\"og:type\" content=\"article\" \/>\n<meta property=\"og:title\" content=\"Premi\u00e8re Domhanda KNEECAP ag F\u00e9ile Scann\u00e1n Sundance | Preas R\u00e1iteas | TG4\" \/>\n<meta property=\"og:description\" content=\"Taispe\u00e1nfar premi\u00e8re domhanda an scann\u00e1in KNEECAP le Rich Peppiatt ag F\u00e9ile Scann\u00e1n chl\u00faiteach Sundance in Utah an mh\u00ed seo chugainn. Is ar o\u00edche oscailte na f\u00e9ile f\u00e9in, D\u00e9ardaoin an 18 Ean\u00e1ir, a chraolfar \u00e9.\" \/>\n<meta property=\"og:url\" content=\"https:\/\/dev.tg4.ie\/ga\/eolas\/preas\/nuacht-raitis\/2023-2\/premiere-domhanda-kneecap-ag-feile-scannan-sundance\/\" \/>\n<meta property=\"og:site_name\" content=\"TG4\" \/>\n<meta property=\"article:publisher\" content=\"https:\/\/www.facebook.com\/TG4TV\" \/>\n<meta property=\"article:modified_time\" content=\"2023-12-07T17:21:26+00:00\" \/>\n<meta property=\"og:image\" content=\"https:\/\/tg4-docs.s3.amazonaws.com\/wp-content\/uploads\/2023\/12\/07154051\/Kneecap_Sundance_2024_1-1920x1080-1.jpg\" \/>\n\t<meta property=\"og:image:width\" content=\"1920\" \/>\n\t<meta property=\"og:image:height\" content=\"1080\" \/>\n\t<meta property=\"og:image:type\" content=\"image\/jpeg\" \/>\n<meta name=\"twitter:card\" content=\"summary_large_image\" \/>\n<meta name=\"twitter:image\" content=\"https:\/\/tg4-docs.s3.amazonaws.com\/wp-content\/uploads\/2023\/12\/07154051\/Kneecap_Sundance_2024_1-1920x1080-1.jpg\" \/>\n<meta name=\"twitter:site\" content=\"@TG4TV\" \/>\n<meta name=\"twitter:label1\" content=\"Est. reading time\" \/>\n\t<meta name=\"twitter:data1\" content=\"5 minutes\" \/>\n<script type=\"application\/ld+json\" class=\"yoast-schema-graph\">{\"@context\":\"https:\/\/schema.org\",\"@graph\":[{\"@type\":\"WebPage\",\"@id\":\"https:\/\/dev.tg4.ie\/ga\/eolas\/preas\/nuacht-raitis\/2023-2\/premiere-domhanda-kneecap-ag-feile-scannan-sundance\/\",\"url\":\"https:\/\/dev.tg4.ie\/ga\/eolas\/preas\/nuacht-raitis\/2023-2\/premiere-domhanda-kneecap-ag-feile-scannan-sundance\/\",\"name\":\"Premi\u00e8re Domhanda KNEECAP ag F\u00e9ile Scann\u00e1n Sundance | Preas R\u00e1iteas | TG4\",\"isPartOf\":{\"@id\":\"https:\/\/dev.tg4.ie\/en\/#website\"},\"primaryImageOfPage\":{\"@id\":\"https:\/\/dev.tg4.ie\/ga\/eolas\/preas\/nuacht-raitis\/2023-2\/premiere-domhanda-kneecap-ag-feile-scannan-sundance\/#primaryimage\"},\"image\":{\"@id\":\"https:\/\/dev.tg4.ie\/ga\/eolas\/preas\/nuacht-raitis\/2023-2\/premiere-domhanda-kneecap-ag-feile-scannan-sundance\/#primaryimage\"},\"thumbnailUrl\":\"https:\/\/dev.tg4.ie\/wp-content\/uploads\/2023\/12\/Kneecap_Sundance_2024_1-1920x1080-1.jpg\",\"datePublished\":\"2023-12-07T15:59:22+00:00\",\"dateModified\":\"2023-12-07T17:21:26+00:00\",\"description\":\"Taispe\u00e1nfar premi\u00e8re domhanda an scann\u00e1in KNEECAP le Rich Peppiatt ag F\u00e9ile Scann\u00e1n chl\u00faiteach Sundance in Utah an mh\u00ed seo chugainn. Is ar o\u00edche oscailte na f\u00e9ile f\u00e9in, D\u00e9ardaoin an 18 Ean\u00e1ir, a chraolfar \u00e9.\",\"breadcrumb\":{\"@id\":\"https:\/\/dev.tg4.ie\/ga\/eolas\/preas\/nuacht-raitis\/2023-2\/premiere-domhanda-kneecap-ag-feile-scannan-sundance\/#breadcrumb\"},\"inLanguage\":\"ga\",\"potentialAction\":[{\"@type\":\"ReadAction\",\"target\":[\"https:\/\/dev.tg4.ie\/ga\/eolas\/preas\/nuacht-raitis\/2023-2\/premiere-domhanda-kneecap-ag-feile-scannan-sundance\/\"]}]},{\"@type\":\"ImageObject\",\"inLanguage\":\"ga\",\"@id\":\"https:\/\/dev.tg4.ie\/ga\/eolas\/preas\/nuacht-raitis\/2023-2\/premiere-domhanda-kneecap-ag-feile-scannan-sundance\/#primaryimage\",\"url\":\"https:\/\/dev.tg4.ie\/wp-content\/uploads\/2023\/12\/Kneecap_Sundance_2024_1-1920x1080-1.jpg\",\"contentUrl\":\"https:\/\/dev.tg4.ie\/wp-content\/uploads\/2023\/12\/Kneecap_Sundance_2024_1-1920x1080-1.jpg\"},{\"@type\":\"BreadcrumbList\",\"@id\":\"https:\/\/dev.tg4.ie\/ga\/eolas\/preas\/nuacht-raitis\/2023-2\/premiere-domhanda-kneecap-ag-feile-scannan-sundance\/#breadcrumb\",\"itemListElement\":[{\"@type\":\"ListItem\",\"position\":1,\"name\":\"Home\",\"item\":\"https:\/\/dev.tg4.ie\/ga\/\"},{\"@type\":\"ListItem\",\"position\":2,\"name\":\"Eolas\",\"item\":\"https:\/\/dev.tg4.ie\/ga\/eolas\/\"},{\"@type\":\"ListItem\",\"position\":3,\"name\":\"Preas\",\"item\":\"https:\/\/dev.tg4.ie\/ga\/eolas\/preas\/\"},{\"@type\":\"ListItem\",\"position\":4,\"name\":\"Nuacht R\u00e1itis\",\"item\":\"https:\/\/dev.tg4.ie\/ga\/eolas\/preas\/nuacht-raitis\/\"},{\"@type\":\"ListItem\",\"position\":5,\"name\":\"2023\",\"item\":\"https:\/\/dev.tg4.ie\/ga\/eolas\/preas\/nuacht-raitis\/2023-2\/\"},{\"@type\":\"ListItem\",\"position\":6,\"name\":\"Premi\u00e8re Domhanda KNEECAP ag F\u00e9ile Scann\u00e1n Sundance\"}]},{\"@type\":\"WebSite\",\"@id\":\"https:\/\/dev.tg4.ie\/en\/#website\",\"url\":\"https:\/\/dev.tg4.ie\/en\/\",\"name\":\"TG4\",\"description\":\"S\u00fail Eile\",\"potentialAction\":[{\"@type\":\"SearchAction\",\"target\":{\"@type\":\"EntryPoint\",\"urlTemplate\":\"https:\/\/dev.tg4.ie\/en\/?s={search_term_string}\"},\"query-input\":\"required name=search_term_string\"}],\"inLanguage\":\"ga\"}]}<\/script>\n<!-- \/ Yoast SEO plugin. -->","yoast_head_json":{"title":"Premi\u00e8re Domhanda KNEECAP ag F\u00e9ile Scann\u00e1n Sundance | Preas R\u00e1iteas | TG4","description":"Taispe\u00e1nfar premi\u00e8re domhanda an scann\u00e1in KNEECAP le Rich Peppiatt ag F\u00e9ile Scann\u00e1n chl\u00faiteach Sundance in Utah an mh\u00ed seo chugainn. Is ar o\u00edche oscailte na f\u00e9ile f\u00e9in, D\u00e9ardaoin an 18 Ean\u00e1ir, a chraolfar \u00e9.","robots":{"index":"index","follow":"follow","max-snippet":"max-snippet:-1","max-image-preview":"max-image-preview:large","max-video-preview":"max-video-preview:-1"},"og_locale":"en_US","og_type":"article","og_title":"Premi\u00e8re Domhanda KNEECAP ag F\u00e9ile Scann\u00e1n Sundance | Preas R\u00e1iteas | TG4","og_description":"Taispe\u00e1nfar premi\u00e8re domhanda an scann\u00e1in KNEECAP le Rich Peppiatt ag F\u00e9ile Scann\u00e1n chl\u00faiteach Sundance in Utah an mh\u00ed seo chugainn. Is ar o\u00edche oscailte na f\u00e9ile f\u00e9in, D\u00e9ardaoin an 18 Ean\u00e1ir, a chraolfar \u00e9.","og_url":"https:\/\/dev.tg4.ie\/ga\/eolas\/preas\/nuacht-raitis\/2023-2\/premiere-domhanda-kneecap-ag-feile-scannan-sundance\/","og_site_name":"TG4","article_publisher":"https:\/\/www.facebook.com\/TG4TV","article_modified_time":"2023-12-07T17:21:26+00:00","og_image":[{"width":1920,"height":1080,"url":"https:\/\/tg4-docs.s3.amazonaws.com\/wp-content\/uploads\/2023\/12\/07154051\/Kneecap_Sundance_2024_1-1920x1080-1.jpg","type":"image\/jpeg"}],"twitter_card":"summary_large_image","twitter_image":"https:\/\/tg4-docs.s3.amazonaws.com\/wp-content\/uploads\/2023\/12\/07154051\/Kneecap_Sundance_2024_1-1920x1080-1.jpg","twitter_site":"@TG4TV","twitter_misc":{"Est. reading time":"5 minutes"},"schema":{"@context":"https:\/\/schema.org","@graph":[{"@type":"WebPage","@id":"https:\/\/dev.tg4.ie\/ga\/eolas\/preas\/nuacht-raitis\/2023-2\/premiere-domhanda-kneecap-ag-feile-scannan-sundance\/","url":"https:\/\/dev.tg4.ie\/ga\/eolas\/preas\/nuacht-raitis\/2023-2\/premiere-domhanda-kneecap-ag-feile-scannan-sundance\/","name":"Premi\u00e8re Domhanda KNEECAP ag F\u00e9ile Scann\u00e1n Sundance | Preas R\u00e1iteas | TG4","isPartOf":{"@id":"https:\/\/dev.tg4.ie\/en\/#website"},"primaryImageOfPage":{"@id":"https:\/\/dev.tg4.ie\/ga\/eolas\/preas\/nuacht-raitis\/2023-2\/premiere-domhanda-kneecap-ag-feile-scannan-sundance\/#primaryimage"},"image":{"@id":"https:\/\/dev.tg4.ie\/ga\/eolas\/preas\/nuacht-raitis\/2023-2\/premiere-domhanda-kneecap-ag-feile-scannan-sundance\/#primaryimage"},"thumbnailUrl":"https:\/\/dev.tg4.ie\/wp-content\/uploads\/2023\/12\/Kneecap_Sundance_2024_1-1920x1080-1.jpg","datePublished":"2023-12-07T15:59:22+00:00","dateModified":"2023-12-07T17:21:26+00:00","description":"Taispe\u00e1nfar premi\u00e8re domhanda an scann\u00e1in KNEECAP le Rich Peppiatt ag F\u00e9ile Scann\u00e1n chl\u00faiteach Sundance in Utah an mh\u00ed seo chugainn. Is ar o\u00edche oscailte na f\u00e9ile f\u00e9in, D\u00e9ardaoin an 18 Ean\u00e1ir, a chraolfar \u00e9.","breadcrumb":{"@id":"https:\/\/dev.tg4.ie\/ga\/eolas\/preas\/nuacht-raitis\/2023-2\/premiere-domhanda-kneecap-ag-feile-scannan-sundance\/#breadcrumb"},"inLanguage":"ga","potentialAction":[{"@type":"ReadAction","target":["https:\/\/dev.tg4.ie\/ga\/eolas\/preas\/nuacht-raitis\/2023-2\/premiere-domhanda-kneecap-ag-feile-scannan-sundance\/"]}]},{"@type":"ImageObject","inLanguage":"ga","@id":"https:\/\/dev.tg4.ie\/ga\/eolas\/preas\/nuacht-raitis\/2023-2\/premiere-domhanda-kneecap-ag-feile-scannan-sundance\/#primaryimage","url":"https:\/\/dev.tg4.ie\/wp-content\/uploads\/2023\/12\/Kneecap_Sundance_2024_1-1920x1080-1.jpg","contentUrl":"https:\/\/dev.tg4.ie\/wp-content\/uploads\/2023\/12\/Kneecap_Sundance_2024_1-1920x1080-1.jpg"},{"@type":"BreadcrumbList","@id":"https:\/\/dev.tg4.ie\/ga\/eolas\/preas\/nuacht-raitis\/2023-2\/premiere-domhanda-kneecap-ag-feile-scannan-sundance\/#breadcrumb","itemListElement":[{"@type":"ListItem","position":1,"name":"Home","item":"https:\/\/dev.tg4.ie\/ga\/"},{"@type":"ListItem","position":2,"name":"Eolas","item":"https:\/\/dev.tg4.ie\/ga\/eolas\/"},{"@type":"ListItem","position":3,"name":"Preas","item":"https:\/\/dev.tg4.ie\/ga\/eolas\/preas\/"},{"@type":"ListItem","position":4,"name":"Nuacht R\u00e1itis","item":"https:\/\/dev.tg4.ie\/ga\/eolas\/preas\/nuacht-raitis\/"},{"@type":"ListItem","position":5,"name":"2023","item":"https:\/\/dev.tg4.ie\/ga\/eolas\/preas\/nuacht-raitis\/2023-2\/"},{"@type":"ListItem","position":6,"name":"Premi\u00e8re Domhanda KNEECAP ag F\u00e9ile Scann\u00e1n Sundance"}]},{"@type":"WebSite","@id":"https:\/\/dev.tg4.ie\/en\/#website","url":"https:\/\/dev.tg4.ie\/en\/","name":"TG4","description":"S\u00fail Eile","potentialAction":[{"@type":"SearchAction","target":{"@type":"EntryPoint","urlTemplate":"https:\/\/dev.tg4.ie\/en\/?s={search_term_string}"},"query-input":"required name=search_term_string"}],"inLanguage":"ga"}]}},"_links":{"self":[{"href":"https:\/\/dev.tg4.ie\/ga\/wp-json\/wp\/v2\/pages\/207141"}],"collection":[{"href":"https:\/\/dev.tg4.ie\/ga\/wp-json\/wp\/v2\/pages"}],"about":[{"href":"https:\/\/dev.tg4.ie\/ga\/wp-json\/wp\/v2\/types\/page"}],"author":[{"embeddable":true,"href":"https:\/\/dev.tg4.ie\/ga\/wp-json\/wp\/v2\/users\/876"}],"replies":[{"embeddable":true,"href":"https:\/\/dev.tg4.ie\/ga\/wp-json\/wp\/v2\/comments?post=207141"}],"version-history":[{"count":0,"href":"https:\/\/dev.tg4.ie\/ga\/wp-json\/wp\/v2\/pages\/207141\/revisions"}],"up":[{"embeddable":true,"href":"https:\/\/dev.tg4.ie\/ga\/wp-json\/wp\/v2\/pages\/180840"}],"wp:attachment":[{"href":"https:\/\/dev.tg4.ie\/ga\/wp-json\/wp\/v2\/media?parent=207141"}],"curies":[{"name":"wp","href":"https:\/\/api.w.org\/{rel}","templated":true}]}}