{"id":207364,"date":"2023-12-14T10:16:03","date_gmt":"2023-12-14T10:16:03","guid":{"rendered":"https:\/\/dev.tg4.ie\/?page_id=207364"},"modified":"2023-12-14T10:16:03","modified_gmt":"2023-12-14T10:16:03","slug":"sarchlaracha-nollag-tg4-2023","status":"publish","type":"page","link":"https:\/\/dev.tg4.ie\/ga\/eolas\/preas\/nuacht-raitis\/2023-2\/sarchlaracha-nollag-tg4-2023\/","title":{"rendered":"S\u00e1rchl\u00e1racha Nollag TG4 2023"},"content":{"rendered":"<p><img loading=\"lazy\" decoding=\"async\" width=\"1920\" height=\"1080\" src=\"https:\/\/tg4-docs.s3.amazonaws.com\/wp-content\/uploads\/2023\/11\/29104907\/Grace_Kelly_1-1920x1080-1.jpg\" alt=\"\" class=\"aligncenter size-full wp-image-206766\" srcset=\"https:\/\/tg4-docs.s3.amazonaws.com\/wp-content\/uploads\/2023\/11\/29104907\/Grace_Kelly_1-1920x1080-1.jpg 1920w, https:\/\/tg4-docs.s3.amazonaws.com\/wp-content\/uploads\/2023\/11\/29104907\/Grace_Kelly_1-1920x1080-1-250x141.jpg 250w, https:\/\/tg4-docs.s3.amazonaws.com\/wp-content\/uploads\/2023\/11\/29104907\/Grace_Kelly_1-1920x1080-1-700x394.jpg 700w, https:\/\/tg4-docs.s3.amazonaws.com\/wp-content\/uploads\/2023\/11\/29104907\/Grace_Kelly_1-1920x1080-1-252x141.jpg 252w, https:\/\/tg4-docs.s3.amazonaws.com\/wp-content\/uploads\/2023\/11\/29104907\/Grace_Kelly_1-1920x1080-1-1536x864.jpg 1536w, https:\/\/tg4-docs.s3.amazonaws.com\/wp-content\/uploads\/2023\/11\/29104907\/Grace_Kelly_1-1920x1080-1-120x68.jpg 120w\" sizes=\"(max-width: 1920px) 100vw, 1920px\" \/><br \/>\n<sup>Pic: Grace Kelly<\/sup><br \/>\n&nbsp;<\/p>\n<div style=\"position:relative;padding-top:56.25%;\">\n  <iframe src=\"https:\/\/www.youtube.com\/embed\/32oSAON8sJM\" frameborder=\"0\" allowfullscreen style=\"position:absolute;top:0;left:0;width:100%;height:100%;\"><\/iframe>\n<\/div>\n<p>&nbsp;<br \/>\nBeidh neart cl\u00e1racha Nollag a chuirfidh siamsa\u00edocht ar f\u00e1il don teaghlach ar fad ar f\u00e1il i Sceideal Nollag TG4. I measc na gcl\u00e1racha faisn\u00e9ise \u00farnua a chraolfar an s\u00e9as\u00far seo, beidh<span>\u00a0<\/span><strong>Grace Kelly \u2013 Banphr\u00edonsa Mhaigh Eo<\/strong><span>\u00a0<\/span><em>(L\u00e1 Nollag 9.30pm)<\/em><span>\u00a0<\/span>ina gcaithfear s\u00fail siar ar shaol agus ar ghairm bheatha an aisteora agus an bhanphrionsa, Grace Kelly. Ar an gcl\u00e1r freisin beidh agallaimh eisiacha lena mac, an Prionsa Albert II, agus \u00e1bhar cartlainne uath\u00fail \u00f3na baili\u00fach\u00e1n pr\u00edobh\u00e1ideach. Taispe\u00e1nfar<span>\u00a0<\/span><strong>Scann\u00e1n Cine4: R\u00f3ise &amp; Frank<\/strong><span>\u00a0<\/span>a bhfuil duaiseanna buaite aige den ch\u00e9ad uair ar an teilif\u00eds. Is scann\u00e1n \u00e9 seo a l\u00e9ir\u00edodh faoin sc\u00e9im Cine4 a bhfuil an phr\u00edomhph\u00e1irt ag Br\u00edd N\u00ed Neachtain a bhuaigh gradam IFTA 2023 don aisteoir mn\u00e1 is fearr i bpr\u00edomhr\u00f3l don l\u00e9iri\u00fa sin. I bp\u00e1irt na baintr\u00ed at\u00e1 Br\u00edd, bean a bhfuil suim caillte aici sa saol agus at\u00e1 cinnte gurb \u00e9 a fear c\u00e9ile at\u00e1 b\u00e1saithe agus a raibh an-chion aige ar an iom\u00e1int at\u00e1 tagtha ar ais ina mhadra. (<em>L\u00e1 Nollag 8pm).\u00a0<\/em>Sa chl\u00e1r<span>\u00a0<\/span><strong>Tom Munnelly &#8211; Fear na n-amhr\u00e1n<\/strong>, d\u00e9anfar cur s\u00edos ar an mbailitheoir amhr\u00e1n, Tom Munnelly agus beidh ceol \u00f3 Christy Moore, Sin\u00e9ad O&#8217;Connor, Thomas McCarthy, Lisa Lambe agus Lankum ar an gcl\u00e1r freisin. (<em>O\u00edche Nollag 8.15pm)<\/em><br \/>\n&nbsp;<br \/>\nCl\u00e1r com\u00f3rtha ceoil agus amhr\u00e1na\u00edochta is ea<span>\u00a0<\/span><strong>Gael Linn ag 70<\/strong><span>\u00a0<\/span>ina nd\u00e9anfar ceili\u00faradh ar 70 bliain \u00f3 buna\u00edodh Gael-Linn.<strong>\u00a0<\/strong><em>(L\u00e1 Fh\u00e9ile Stiof\u00e1in 8pm).\u00a0<\/em><strong>Mise \u00c9ire<\/strong><span>\u00a0<\/span>&#8211; Craoladh ar leith de scann\u00e1n faisn\u00e9ise m\u00f3r le r\u00e1 George Morrison arna l\u00e9iri\u00fa tr\u00ed ph\u00edosa nuacht-scann\u00e1na\u00edochta comhaimseartha (<em>L\u00e1 Fh\u00e9ile Stiof\u00e1in<\/em><span>\u00a0<\/span><em>9pm<\/em>).\u00a0<strong>Paddy na Meachain (Nua)\u00a0<\/strong>Sa chl\u00e1r faisn\u00e9ise nua seo, cuirfear aithne ar Paddy Finnerty, fear ar leith a bhfuil a shaol tugtha aige do l\u00edon na mBeach Dubh \u00c9ireannach D\u00fachasach a chaomhn\u00fa. B\u00ed r\u00e9idh le hinspior\u00e1id a fh\u00e1il \u00f3 sc\u00e9al \u00e9achtach Paddy, at\u00e1 l\u00e1n le m\u00edreanna g\u00e1ire, f\u00e9inmhachnaimh agus gr\u00e1 don timpeallacht.<span>\u00a0<\/span><em>(30\/12 9.20pm).\u00a0<\/em>Sa chl\u00e1r<span>\u00a0<\/span><strong>Inis Me\u00e1in Idir Dh\u00e1 Linn<\/strong>, castar an grianghrafad\u00f3ir Chris Rodmell orainn a rinne taifead ar Inis Me\u00e1in 50 bliain \u00f3 shin. Tugtar an lucht f\u00e9achana chuig oile\u00e1n iarg\u00falta sa chl\u00e1r faisn\u00e9ise tarraingteach seo chun l\u00e9argas fileata den am at\u00e1 caite, den am i l\u00e1thair agus den am at\u00e1 le teacht a thabhairt<span>\u00a0<\/span><em>(28\/12 9.20pm).<\/em><br \/>\n&nbsp;<br \/>\nDo na daoine sin a bhfuil an-sp\u00e9is acu sa cheol, beidh fl\u00fairse cl\u00e1racha againn, ina measc;<span>\u00a0<\/span><strong>F\u00e1na\u00edocht\u00a0<\/strong><em>(23\/12 9pm)\u00a0<\/em>&#8211; ceili\u00faradh cineamatach ar an gceol agus ar bhun\u00fas f\u00e1na\u00edochta an cheoil ina nd\u00e9anfar ini\u00fachadh ar na himirc\u00ed ceoil a dh\u00e9anann cur s\u00edos ar a theacht chun cinn tr\u00ed na blianta agus tr\u00edd an t\u00edreola\u00edocht.\u00a0<strong>Tony Bennett &amp; Lady Gaga: Cheek to Cheek Live! \u2013\u00a0<\/strong>Taibhi\u00fa ceoil le Tony Bennett agus Lady Gaga beo \u00f3 Nua-Eabhrac in 2014 (<em>27\/12).\u00a0<\/em><strong>\u00a0David Bowie: The Last 5 Years<\/strong><span>\u00a0<\/span>&#8211; Cl\u00e1r faisn\u00e9ise faoi na c\u00faig bliana deireanacha de shaol David Bowie. Ina dhiaidh sin taispe\u00e1nfar ceolchoirm le David Bowie \u00f3n mbliain 2004, a taifeadadh beo sa Point Depot i mBaile \u00c1tha Cliath<span>\u00a0<\/span><em>(28\/12).<\/em><span>\u00a0<\/span><strong>Elvis: &#8217;68 Comeback Special &#8211;\u00a0<\/strong>Camchuairt aitheanta Elvis Presley nuair a bh\u00ed borradh faoi ar\u00eds in 1968<span>\u00a0<\/span><em>(1\/1\/24).\u00a0<\/em><strong>\u00d3 Bh\u00e9al &#8211;\u00a0<\/strong>D\u00e9an ini\u00fachadh ar an m\u00e9id a bh\u00edonn i bp\u00e1irt ag hip-hop Gaelach agus ag ceol leictreonach tr\u00ed l\u00e9argas a fh\u00e1il \u00f3 cheolt\u00f3ir\u00ed a bh\u00edonn ag tarraingt ar an mb\u00e9aloideas agus amhr\u00e1na\u00edocht ar an sean-n\u00f3s<span>\u00a0<\/span><em>(2\/1\/24).<\/em><br \/>\n&nbsp;<br \/>\nBain sult as spraoi na Nollag ar<span>\u00a0<\/span><strong>Ros na R\u00fan<\/strong>,\u00a0\u00a0\u00e1it a mbeidh c\u00fapla r\u00fan le scaoileadh<strong>. Steip na n\u00d3g 2023 &#8211; S\u00fail Siar &#8211;\u00a0<\/strong>Caithfear s\u00fail siar ar na pr\u00edomhchom\u00f3rtais aonair damhsa ar an Sean-N\u00f3s i gcatag\u00f3ir na h\u00f3ige \u00f3 Oireachtas na Samhna 2023 (<em>1\/1\/24).<\/em><strong>\u00a0Fad\u00f3 Fad\u00f3 \u2013\u00a0<\/strong>tugtar an lucht f\u00e9achana ar thuras cumhach siar 60 bliain ina dtaispe\u00e1ntar na f\u00f3gra\u00ed teilif\u00edse \u00c9ireannacha is greannmhaire agus is siams\u00fala (<em>1\/1\/24).<\/em><br \/>\n&nbsp;<br \/>\nAr O\u00edche Chinn Bliana, tabharfaidh muid aitheantas do R\u00f3n\u00e1n Mac Aodh Bhu\u00ed nach maireann sa chl\u00e1r<span>\u00a0<\/span><strong>An Cabaret Craice\u00e1ilte<\/strong><span>\u00a0<\/span>&#8211; cl\u00e1r ina ndearnadh ceili\u00faradh ar 25 bliain den imeacht Gaeilge ceannr\u00f3da\u00edoch, An Cabaret Craice\u00e1ilte. B\u00ed in \u00e9ineacht le D\u00e1ith\u00ed \u00d3 S\u00e9 agus Doireann N\u00ed Ghlac\u00e1in chun f\u00e1ilte a chur roimh an mbliain \u00far chomh maith le\u00a0ceolt\u00f3ir\u00ed agus amhr\u00e1naithe \u00e9ags\u00fala eile ar l\u00e1ithreacha \u00e9ags\u00fala ar fud na t\u00edre agus muid ag cur f\u00e1ilte roimh an mbliain nua ar an gcl\u00e1r<span>\u00a0<\/span><strong>F\u00e1ilte\u00a0<\/strong>2024 ag 11.30pm.<br \/>\n&nbsp;<br \/>\nBh\u00ed muid thar a bheith t\u00f3gtha leis na himeachta\u00ed sp\u00f3irt le 12 mh\u00ed anuas agus le linn na Nollag beidh deis eile agat roinnt de na m\u00f3r-imeachta\u00ed sin a fheice\u00e1il ar\u00eds, cluich\u00ed ceannais iom\u00e1na agus peile na h\u00c9ireann ina measc. Beidh aicsean beo rugba\u00ed againn ar<span>\u00a0<\/span><strong>Rugba\u00ed Beo<\/strong><span>\u00a0<\/span>agus craolfar an cluiche idir C\u00faige Chonnacht agus C\u00faige Mumhan L\u00e1 Caille. Taispe\u00e1nfaidh muid na 30 c\u00fal peile agus iom\u00e1na is fearr sa bhliain 2023 mar at\u00e1 v\u00f3t\u00e1ilte ag an bpobal.<br \/>\n&nbsp;<br \/>\nI measc na scann\u00e1n Gaeilge a bheidh againn don lucht f\u00e9achana n\u00edos \u00f3ige ar<span>\u00a0<\/span><strong>TG4<\/strong><span>\u00a0<\/span>agus ar chain\u00e9al na leana\u00ed<span>\u00a0<\/span><strong>C\u00fala4<\/strong><span>\u00a0<\/span>ag an am c\u00e9anna, beidh<span>\u00a0<\/span><strong>Smurfs:\u00a0The Lost Village\u00a0<\/strong><em>(L\u00e1 Nollag ag 8am),\u00a0<\/em><strong>Ice Age: Dawn of the Dinosaurs<\/strong><span>\u00a0<\/span>(<em>L\u00e1 Nollag ag 2pm),\u00a0<\/em><strong>The Boss Baby\u00a0<\/strong><em>(L\u00e1 Fh\u00e9ile Stiof\u00e1in ag 5pm),\u00a0<\/em><strong>Cloudy with a Chance of Meatballs\u00a0<\/strong><em>(1\/1\/24 ag 5.30pm).<\/em><br \/>\n&nbsp;<br \/>\nBeidh r\u00e9imse scann\u00e1n againn \u00f3 sheanscann\u00e1n go scann\u00e1in buachaill\u00ed b\u00f3 mar aon le scann\u00e1in idirn\u00e1isi\u00fanta chomhaimseartha. I measc na scann\u00e1n sin, beidh<em>\u00a0<\/em><strong>Gone with the Wind, Butch Cassidy and the Sundance Kid, The Blues Brothers, Die Hard, Dirty Dancing, Annie,\u00a0Singing In The Rain, How to Marry a Millionaire, Gentlemen Prefer Blondes, O Brother, Where Art Thou?, Cool Hand Luke, War of the Buttons, To Sir, with Love\u00a0<\/strong>agus<strong>\u00a0Doctor Dolittle 2.\u00a0<\/strong>T\u00e1 tuilleadh eolais faoi scann\u00e1in Nollag TG4 le f\u00e1il anseo: <a href=\"https:\/\/dev.tg4.ie\/eolas\/preas\/nuacht-raitis\/2023-2\/scannain-ar-tg4-an-nollaig-seo\/\" rel=\"noopener\" target=\"_blank\">Scann\u00e1n ar TG4 Nollaig 2023<\/a><br \/>\n&nbsp;<br \/>\n&nbsp;<br \/>\n<strong><u>\u00c1bhar Nua a bheidh ar Sheinnteoir TG4 an Nollaig seo<\/u><\/strong><br \/>\n&nbsp;<br \/>\n<strong>Northern Lights:<\/strong><span>\u00a0<\/span>(Sraith 6 chl\u00e1r ar f\u00e1il ar Sheinnteoir TG4) Sc\u00e9al faoi bheirt strains\u00e9ir\u00ed at\u00e1 faoi bhr\u00f3n agus a gcastar ar a ch\u00e9ile iad o\u00edche fhliuch i mBaile \u00c1tha Cliath at\u00e1 sa chl\u00e1r Northern Lights.\u00a0<a href=\"https:\/\/nasc.tg4.tv\/Northern-Lights\" rel=\"noopener\" target=\"_blank\">https:\/\/nasc.tg4.tv\/Northern-Lights<\/a><br \/>\n&nbsp;<br \/>\n<strong>Dry Water, Sraith 1 &amp; 2:<\/strong><span>\u00a0<\/span>Cuirtear t\u00fas le Dry Water nuair a fhaightear corp Paulo Duarte sa chalafort in Vigo. T\u00e1 an chos\u00falacht ar an sc\u00e9al gur chaith s\u00e9 \u00e9 f\u00e9in. Ach n\u00ed chreideann a cheannasaithe, na p\u00f3il\u00edn\u00ed n\u00e1 a dheirfi\u00far Teresa gur chuir s\u00e9 l\u00e1mh ina bh\u00e1s f\u00e9in \u00e1fach.\u00a0<a href=\"https:\/\/nasc.tg4.tv\/Dry-Water\" rel=\"noopener\" target=\"_blank\">https:\/\/nasc.tg4.tv\/Dry-Water<\/a><br \/>\n&nbsp;<br \/>\n<strong>Cine4<\/strong>: Tionscnamh at\u00e1 mar thoradh ar chomhph\u00e1irt\u00edocht idir TG4, Bord Scann\u00e1n na h\u00c9ireann agus \u00dadar\u00e1s Craolach\u00e1in na h\u00c9ireann \u00e9 Cine4, a bhfuil s\u00e9 i gceist leis fadscann\u00e1in \u00farnua a fhorbairt i nGaeilge. I measc na scann\u00e1n at\u00e1 le f\u00e1il anois ar Sheinnteoir TG4, t\u00e1<span>\u00a0<\/span><strong>Finky<\/strong>,<span>\u00a0<\/span><strong>Arracht<\/strong><span>\u00a0<\/span>agus<span>\u00a0<\/span><strong>Foscadh<\/strong>. \u00a0<a href=\"https:\/\/nasc.tg4.tv\/Cine4\" rel=\"noopener\" target=\"_blank\">https:\/\/nasc.tg4.tv\/Cine4<\/a><br \/>\n&nbsp;<br \/>\n&nbsp;<\/p>\n","protected":false},"excerpt":{"rendered":"<p>Pic: Grace Kelly &nbsp; &nbsp; Beidh neart cl\u00e1racha Nollag a chuirfidh siamsa\u00edocht ar f\u00e1il don teaghlach ar fad ar f\u00e1il i Sceideal Nollag TG4. I measc na gcl\u00e1racha faisn\u00e9ise \u00farnua a chraolfar an s\u00e9as\u00far seo, beidh\u00a0Grace Kelly \u2013 Banphr\u00edonsa Mhaigh Eo\u00a0(L\u00e1 Nollag 9.30pm)\u00a0ina gcaithfear s\u00fail siar ar shaol agus ar ghairm bheatha an aisteora agus [&hellip;]<\/p>\n","protected":false},"author":876,"featured_media":0,"parent":180840,"menu_order":27,"comment_status":"closed","ping_status":"closed","template":"page-templates\/template-pr.php","meta":{"_acf_changed":false,"footnotes":""},"acf":[],"yoast_head":"<!-- This site is optimized with the Yoast SEO plugin v22.6 - https:\/\/yoast.com\/wordpress\/plugins\/seo\/ -->\n<title>S\u00e1rchl\u00e1racha Nollag TG4 2023 | Preas R\u00e1iteas | TG4<\/title>\n<meta name=\"description\" content=\"Beidh neart cl\u00e1racha Nollag a chuirfidh siamsa\u00edocht ar f\u00e1il don teaghlach ar fad ar f\u00e1il i Sceideal Nollag TG4. I measc na gcl\u00e1racha faisn\u00e9ise \u00farnua a chraolfar an s\u00e9as\u00far seo.\" \/>\n<meta name=\"robots\" content=\"index, follow, max-snippet:-1, max-image-preview:large, max-video-preview:-1\" \/>\n<meta property=\"og:locale\" content=\"en_US\" \/>\n<meta property=\"og:type\" content=\"article\" \/>\n<meta property=\"og:title\" content=\"S\u00e1rchl\u00e1racha Nollag TG4 2023 | Preas R\u00e1iteas | TG4\" \/>\n<meta property=\"og:description\" content=\"Beidh neart cl\u00e1racha Nollag a chuirfidh siamsa\u00edocht ar f\u00e1il don teaghlach ar fad ar f\u00e1il i Sceideal Nollag TG4. I measc na gcl\u00e1racha faisn\u00e9ise \u00farnua a chraolfar an s\u00e9as\u00far seo.\" \/>\n<meta property=\"og:url\" content=\"https:\/\/dev.tg4.ie\/ga\/eolas\/preas\/nuacht-raitis\/2023-2\/sarchlaracha-nollag-tg4-2023\/\" \/>\n<meta property=\"og:site_name\" content=\"TG4\" \/>\n<meta property=\"article:publisher\" content=\"https:\/\/www.facebook.com\/TG4TV\" \/>\n<meta property=\"og:image\" content=\"https:\/\/tg4-docs.s3.amazonaws.com\/wp-content\/uploads\/2023\/11\/29104907\/Grace_Kelly_1-1920x1080-1.jpg\" \/>\n\t<meta property=\"og:image:width\" content=\"1920\" \/>\n\t<meta property=\"og:image:height\" content=\"1080\" \/>\n\t<meta property=\"og:image:type\" content=\"image\/jpeg\" \/>\n<meta name=\"twitter:card\" content=\"summary_large_image\" \/>\n<meta name=\"twitter:image\" content=\"https:\/\/tg4-docs.s3.amazonaws.com\/wp-content\/uploads\/2023\/11\/29104907\/Grace_Kelly_1-1920x1080-1.jpg\" \/>\n<meta name=\"twitter:site\" content=\"@TG4TV\" \/>\n<meta name=\"twitter:label1\" content=\"Est. reading time\" \/>\n\t<meta name=\"twitter:data1\" content=\"5 minutes\" \/>\n<script type=\"application\/ld+json\" class=\"yoast-schema-graph\">{\"@context\":\"https:\/\/schema.org\",\"@graph\":[{\"@type\":\"WebPage\",\"@id\":\"https:\/\/dev.tg4.ie\/ga\/eolas\/preas\/nuacht-raitis\/2023-2\/sarchlaracha-nollag-tg4-2023\/\",\"url\":\"https:\/\/dev.tg4.ie\/ga\/eolas\/preas\/nuacht-raitis\/2023-2\/sarchlaracha-nollag-tg4-2023\/\",\"name\":\"S\u00e1rchl\u00e1racha Nollag TG4 2023 | Preas R\u00e1iteas | TG4\",\"isPartOf\":{\"@id\":\"https:\/\/dev.tg4.ie\/en\/#website\"},\"primaryImageOfPage\":{\"@id\":\"https:\/\/dev.tg4.ie\/ga\/eolas\/preas\/nuacht-raitis\/2023-2\/sarchlaracha-nollag-tg4-2023\/#primaryimage\"},\"image\":{\"@id\":\"https:\/\/dev.tg4.ie\/ga\/eolas\/preas\/nuacht-raitis\/2023-2\/sarchlaracha-nollag-tg4-2023\/#primaryimage\"},\"thumbnailUrl\":\"https:\/\/dev.tg4.ie\/wp-content\/uploads\/2023\/11\/Grace_Kelly_1-1920x1080-1.jpg\",\"datePublished\":\"2023-12-14T10:16:03+00:00\",\"dateModified\":\"2023-12-14T10:16:03+00:00\",\"description\":\"Beidh neart cl\u00e1racha Nollag a chuirfidh siamsa\u00edocht ar f\u00e1il don teaghlach ar fad ar f\u00e1il i Sceideal Nollag TG4. I measc na gcl\u00e1racha faisn\u00e9ise \u00farnua a chraolfar an s\u00e9as\u00far seo.\",\"breadcrumb\":{\"@id\":\"https:\/\/dev.tg4.ie\/ga\/eolas\/preas\/nuacht-raitis\/2023-2\/sarchlaracha-nollag-tg4-2023\/#breadcrumb\"},\"inLanguage\":\"ga\",\"potentialAction\":[{\"@type\":\"ReadAction\",\"target\":[\"https:\/\/dev.tg4.ie\/ga\/eolas\/preas\/nuacht-raitis\/2023-2\/sarchlaracha-nollag-tg4-2023\/\"]}]},{\"@type\":\"ImageObject\",\"inLanguage\":\"ga\",\"@id\":\"https:\/\/dev.tg4.ie\/ga\/eolas\/preas\/nuacht-raitis\/2023-2\/sarchlaracha-nollag-tg4-2023\/#primaryimage\",\"url\":\"https:\/\/dev.tg4.ie\/wp-content\/uploads\/2023\/11\/Grace_Kelly_1-1920x1080-1.jpg\",\"contentUrl\":\"https:\/\/dev.tg4.ie\/wp-content\/uploads\/2023\/11\/Grace_Kelly_1-1920x1080-1.jpg\"},{\"@type\":\"BreadcrumbList\",\"@id\":\"https:\/\/dev.tg4.ie\/ga\/eolas\/preas\/nuacht-raitis\/2023-2\/sarchlaracha-nollag-tg4-2023\/#breadcrumb\",\"itemListElement\":[{\"@type\":\"ListItem\",\"position\":1,\"name\":\"Home\",\"item\":\"https:\/\/dev.tg4.ie\/ga\/\"},{\"@type\":\"ListItem\",\"position\":2,\"name\":\"Eolas\",\"item\":\"https:\/\/dev.tg4.ie\/ga\/eolas\/\"},{\"@type\":\"ListItem\",\"position\":3,\"name\":\"Preas\",\"item\":\"https:\/\/dev.tg4.ie\/ga\/eolas\/preas\/\"},{\"@type\":\"ListItem\",\"position\":4,\"name\":\"Nuacht R\u00e1itis\",\"item\":\"https:\/\/dev.tg4.ie\/ga\/eolas\/preas\/nuacht-raitis\/\"},{\"@type\":\"ListItem\",\"position\":5,\"name\":\"2023\",\"item\":\"https:\/\/dev.tg4.ie\/ga\/eolas\/preas\/nuacht-raitis\/2023-2\/\"},{\"@type\":\"ListItem\",\"position\":6,\"name\":\"S\u00e1rchl\u00e1racha Nollag TG4 2023\"}]},{\"@type\":\"WebSite\",\"@id\":\"https:\/\/dev.tg4.ie\/en\/#website\",\"url\":\"https:\/\/dev.tg4.ie\/en\/\",\"name\":\"TG4\",\"description\":\"S\u00fail Eile\",\"potentialAction\":[{\"@type\":\"SearchAction\",\"target\":{\"@type\":\"EntryPoint\",\"urlTemplate\":\"https:\/\/dev.tg4.ie\/en\/?s={search_term_string}\"},\"query-input\":\"required name=search_term_string\"}],\"inLanguage\":\"ga\"}]}<\/script>\n<!-- \/ Yoast SEO plugin. -->","yoast_head_json":{"title":"S\u00e1rchl\u00e1racha Nollag TG4 2023 | Preas R\u00e1iteas | TG4","description":"Beidh neart cl\u00e1racha Nollag a chuirfidh siamsa\u00edocht ar f\u00e1il don teaghlach ar fad ar f\u00e1il i Sceideal Nollag TG4. I measc na gcl\u00e1racha faisn\u00e9ise \u00farnua a chraolfar an s\u00e9as\u00far seo.","robots":{"index":"index","follow":"follow","max-snippet":"max-snippet:-1","max-image-preview":"max-image-preview:large","max-video-preview":"max-video-preview:-1"},"og_locale":"en_US","og_type":"article","og_title":"S\u00e1rchl\u00e1racha Nollag TG4 2023 | Preas R\u00e1iteas | TG4","og_description":"Beidh neart cl\u00e1racha Nollag a chuirfidh siamsa\u00edocht ar f\u00e1il don teaghlach ar fad ar f\u00e1il i Sceideal Nollag TG4. I measc na gcl\u00e1racha faisn\u00e9ise \u00farnua a chraolfar an s\u00e9as\u00far seo.","og_url":"https:\/\/dev.tg4.ie\/ga\/eolas\/preas\/nuacht-raitis\/2023-2\/sarchlaracha-nollag-tg4-2023\/","og_site_name":"TG4","article_publisher":"https:\/\/www.facebook.com\/TG4TV","og_image":[{"width":1920,"height":1080,"url":"https:\/\/tg4-docs.s3.amazonaws.com\/wp-content\/uploads\/2023\/11\/29104907\/Grace_Kelly_1-1920x1080-1.jpg","type":"image\/jpeg"}],"twitter_card":"summary_large_image","twitter_image":"https:\/\/tg4-docs.s3.amazonaws.com\/wp-content\/uploads\/2023\/11\/29104907\/Grace_Kelly_1-1920x1080-1.jpg","twitter_site":"@TG4TV","twitter_misc":{"Est. reading time":"5 minutes"},"schema":{"@context":"https:\/\/schema.org","@graph":[{"@type":"WebPage","@id":"https:\/\/dev.tg4.ie\/ga\/eolas\/preas\/nuacht-raitis\/2023-2\/sarchlaracha-nollag-tg4-2023\/","url":"https:\/\/dev.tg4.ie\/ga\/eolas\/preas\/nuacht-raitis\/2023-2\/sarchlaracha-nollag-tg4-2023\/","name":"S\u00e1rchl\u00e1racha Nollag TG4 2023 | Preas R\u00e1iteas | TG4","isPartOf":{"@id":"https:\/\/dev.tg4.ie\/en\/#website"},"primaryImageOfPage":{"@id":"https:\/\/dev.tg4.ie\/ga\/eolas\/preas\/nuacht-raitis\/2023-2\/sarchlaracha-nollag-tg4-2023\/#primaryimage"},"image":{"@id":"https:\/\/dev.tg4.ie\/ga\/eolas\/preas\/nuacht-raitis\/2023-2\/sarchlaracha-nollag-tg4-2023\/#primaryimage"},"thumbnailUrl":"https:\/\/dev.tg4.ie\/wp-content\/uploads\/2023\/11\/Grace_Kelly_1-1920x1080-1.jpg","datePublished":"2023-12-14T10:16:03+00:00","dateModified":"2023-12-14T10:16:03+00:00","description":"Beidh neart cl\u00e1racha Nollag a chuirfidh siamsa\u00edocht ar f\u00e1il don teaghlach ar fad ar f\u00e1il i Sceideal Nollag TG4. I measc na gcl\u00e1racha faisn\u00e9ise \u00farnua a chraolfar an s\u00e9as\u00far seo.","breadcrumb":{"@id":"https:\/\/dev.tg4.ie\/ga\/eolas\/preas\/nuacht-raitis\/2023-2\/sarchlaracha-nollag-tg4-2023\/#breadcrumb"},"inLanguage":"ga","potentialAction":[{"@type":"ReadAction","target":["https:\/\/dev.tg4.ie\/ga\/eolas\/preas\/nuacht-raitis\/2023-2\/sarchlaracha-nollag-tg4-2023\/"]}]},{"@type":"ImageObject","inLanguage":"ga","@id":"https:\/\/dev.tg4.ie\/ga\/eolas\/preas\/nuacht-raitis\/2023-2\/sarchlaracha-nollag-tg4-2023\/#primaryimage","url":"https:\/\/dev.tg4.ie\/wp-content\/uploads\/2023\/11\/Grace_Kelly_1-1920x1080-1.jpg","contentUrl":"https:\/\/dev.tg4.ie\/wp-content\/uploads\/2023\/11\/Grace_Kelly_1-1920x1080-1.jpg"},{"@type":"BreadcrumbList","@id":"https:\/\/dev.tg4.ie\/ga\/eolas\/preas\/nuacht-raitis\/2023-2\/sarchlaracha-nollag-tg4-2023\/#breadcrumb","itemListElement":[{"@type":"ListItem","position":1,"name":"Home","item":"https:\/\/dev.tg4.ie\/ga\/"},{"@type":"ListItem","position":2,"name":"Eolas","item":"https:\/\/dev.tg4.ie\/ga\/eolas\/"},{"@type":"ListItem","position":3,"name":"Preas","item":"https:\/\/dev.tg4.ie\/ga\/eolas\/preas\/"},{"@type":"ListItem","position":4,"name":"Nuacht R\u00e1itis","item":"https:\/\/dev.tg4.ie\/ga\/eolas\/preas\/nuacht-raitis\/"},{"@type":"ListItem","position":5,"name":"2023","item":"https:\/\/dev.tg4.ie\/ga\/eolas\/preas\/nuacht-raitis\/2023-2\/"},{"@type":"ListItem","position":6,"name":"S\u00e1rchl\u00e1racha Nollag TG4 2023"}]},{"@type":"WebSite","@id":"https:\/\/dev.tg4.ie\/en\/#website","url":"https:\/\/dev.tg4.ie\/en\/","name":"TG4","description":"S\u00fail Eile","potentialAction":[{"@type":"SearchAction","target":{"@type":"EntryPoint","urlTemplate":"https:\/\/dev.tg4.ie\/en\/?s={search_term_string}"},"query-input":"required name=search_term_string"}],"inLanguage":"ga"}]}},"_links":{"self":[{"href":"https:\/\/dev.tg4.ie\/ga\/wp-json\/wp\/v2\/pages\/207364"}],"collection":[{"href":"https:\/\/dev.tg4.ie\/ga\/wp-json\/wp\/v2\/pages"}],"about":[{"href":"https:\/\/dev.tg4.ie\/ga\/wp-json\/wp\/v2\/types\/page"}],"author":[{"embeddable":true,"href":"https:\/\/dev.tg4.ie\/ga\/wp-json\/wp\/v2\/users\/876"}],"replies":[{"embeddable":true,"href":"https:\/\/dev.tg4.ie\/ga\/wp-json\/wp\/v2\/comments?post=207364"}],"version-history":[{"count":0,"href":"https:\/\/dev.tg4.ie\/ga\/wp-json\/wp\/v2\/pages\/207364\/revisions"}],"up":[{"embeddable":true,"href":"https:\/\/dev.tg4.ie\/ga\/wp-json\/wp\/v2\/pages\/180840"}],"wp:attachment":[{"href":"https:\/\/dev.tg4.ie\/ga\/wp-json\/wp\/v2\/media?parent=207364"}],"curies":[{"name":"wp","href":"https:\/\/api.w.org\/{rel}","templated":true}]}}