{"id":207377,"date":"2023-12-14T12:42:27","date_gmt":"2023-12-14T12:42:27","guid":{"rendered":"https:\/\/dev.tg4.ie\/?page_id=207377"},"modified":"2023-12-14T12:42:27","modified_gmt":"2023-12-14T12:42:27","slug":"nollaig-2023-ar-cula4","status":"publish","type":"page","link":"https:\/\/dev.tg4.ie\/ga\/eolas\/preas\/nuacht-raitis\/2023-2\/nollaig-2023-ar-cula4\/","title":{"rendered":"Nollaig 2023 ar C\u00fala4"},"content":{"rendered":"<p><img loading=\"lazy\" decoding=\"async\" width=\"1920\" height=\"1080\" src=\"https:\/\/tg4-docs.s3.amazonaws.com\/wp-content\/uploads\/2023\/12\/14124037\/Cula4_Nollaig_2023_Laithreoiri_1-1920x1080-1.jpg\" alt=\"\" class=\"aligncenter size-full wp-image-207384\" srcset=\"https:\/\/tg4-docs.s3.amazonaws.com\/wp-content\/uploads\/2023\/12\/14124037\/Cula4_Nollaig_2023_Laithreoiri_1-1920x1080-1.jpg 1920w, https:\/\/tg4-docs.s3.amazonaws.com\/wp-content\/uploads\/2023\/12\/14124037\/Cula4_Nollaig_2023_Laithreoiri_1-1920x1080-1-250x141.jpg 250w, https:\/\/tg4-docs.s3.amazonaws.com\/wp-content\/uploads\/2023\/12\/14124037\/Cula4_Nollaig_2023_Laithreoiri_1-1920x1080-1-700x394.jpg 700w, https:\/\/tg4-docs.s3.amazonaws.com\/wp-content\/uploads\/2023\/12\/14124037\/Cula4_Nollaig_2023_Laithreoiri_1-1920x1080-1-252x141.jpg 252w, https:\/\/tg4-docs.s3.amazonaws.com\/wp-content\/uploads\/2023\/12\/14124037\/Cula4_Nollaig_2023_Laithreoiri_1-1920x1080-1-1536x864.jpg 1536w, https:\/\/tg4-docs.s3.amazonaws.com\/wp-content\/uploads\/2023\/12\/14124037\/Cula4_Nollaig_2023_Laithreoiri_1-1920x1080-1-120x68.jpg 120w\" sizes=\"(max-width: 1920px) 100vw, 1920px\" \/><br \/>\n<sup>Pic: L\u00e1ithreoir\u00ed C\u00fala4; Seosamh, S\u00edle &amp; Niamh<\/sup><\/p>\n<table>\n<tbody>\n<tr>\n<td>\n<div style=\"position: relative; padding-top: 56.25%;\"><iframe style=\"position: absolute; top: 0; left: 0; width: 100%; height: 100%;\" src=\"https:\/\/www.youtube.com\/embed\/G-W1VW8LmY0\" frameborder=\"0\" allowfullscreen=\"allowfullscreen\"><\/iframe><\/div>\n<\/td>\n<td>\n<div style=\"position: relative; padding-top: 56.25%;\"><iframe style=\"position: absolute; top: 0; left: 0; width: 100%; height: 100%;\" src=\"https:\/\/www.youtube.com\/embed\/e1auAKgsino\" frameborder=\"0\" allowfullscreen=\"allowfullscreen\"><\/iframe><\/div>\n<\/td>\n<\/tr>\n<\/tbody>\n<\/table>\n<p>&nbsp;<\/p>\n<p>T\u00e1 fl\u00fairse cl\u00e1racha agus scann\u00e1n ag C\u00fala4 a chuirfidh gliondar na Nollag ar an lucht f\u00e9achana n\u00edos \u00f3ige. Beidh l\u00e1ithreoir\u00ed C\u00fala4 Niamh, Seosamh agus S\u00edle leat le linn na Nollag le neart spraoi, sc\u00e9alta agus scl\u00e9ipe.<br \/>\n&nbsp;<br \/>\n\u00c1ir\u00edtear ar na scann\u00e1in Ghaeilge at\u00e1 feili\u00fanach don lucht f\u00e9achana n\u00edos \u00f3ige agus n\u00edos sine ar fad<span>\u00a0<\/span><strong><span>Nollaig an Yeit\u00ed\u00a0<\/span><\/strong><em><span>(O\u00edche Nollag ag 7pm),\u00a0<\/span><\/em><strong><span>Ice Age: Dawn of the Dinosaurs<\/span><\/strong><span>\u00a0<\/span>(<em><span>L\u00e1 Nollag ag 2pm),\u00a0<\/span><\/em><strong><span>The Boss Baby\u00a0<\/span><\/strong><em><span>(L\u00e1 Fh\u00e9ile Stiof\u00e1in ag 5pm),\u00a0<\/span><\/em><strong><span>Curious George, Monca\u00ed R\u00edoga\u00a0<\/span><\/strong><em><span>(O\u00edche Chinn Bliana ag 6.25pm)\u00a0<\/span><\/em><strong><span>My Little Pony\u00a0<\/span><\/strong><em><span>(L\u00e1 Caille ag 8am),\u00a0<\/span><\/em>agus<em><span>\u00a0<\/span><\/em><strong><span>Cloudy with a Chance of Meatballs\u00a0<\/span><\/strong><em><span>(1\/1\/24 ag 5.30pm<\/span><\/em>).<br \/>\n&nbsp;<br \/>\nBain l\u00e1n na s\u00fal as an dra\u00edocht a bhaineann le sc\u00e9alta aoibhne Julia Donaldson agus iad \u00e1 dtabhairt chun f\u00edre tr\u00edd an mbeochan gach Aoine le linn mh\u00ed na Nollag. Craolfar<span>\u00a0<\/span><strong><span>An Seilide agus an M\u00edol M\u00f3r.\u00a0<\/span><\/strong>D\u00e9 hAoine an 15 Nollaig ag 2pm. Sc\u00e9al \u00e1lainn \u00e9 seo faoin gcairdeas gan choinne a bh\u00edonn idir seilide agus m\u00edol m\u00f3r nuair a fhaigheann an seilide s\u00edob ar eireaball an mh\u00edl mh\u00f3ir agus faoi na heachtra\u00ed den scoth a bh\u00edonn acu in \u00e9ineacht. Bunaithe ar leabhar picti\u00far a scr\u00edobh Julia Donaldson. Ina dhiaidh sin ag 2.30pm taispe\u00e1nfar<span>\u00a0<\/span><strong><span>S\u00e1r-ph\u00e9ist\u00a0&#8211;<\/span><\/strong><span>\u00a0<\/span>p\u00e9ist fhada, l\u00e1idir a bhfuil scileanna den scoth agus cro\u00ed m\u00f3r aige a mb\u00edonn air tarrth\u00e1il a thabhairt in am an gh\u00e1tair go minic. Ach c\u00e9ard a tharla\u00edonn nuair a bh\u00edonn an iomarca gaisce aige agus nuair a thosa\u00edonn s\u00e9 ag d\u00e9anamh neamhaird d\u00e1 chuid cairde? D\u00e9 hAoine an 22 Nollaig ag 2pm a chraolfar<span>\u00a0<\/span><strong><span>The Highway Rat<\/span><\/strong>. Gada\u00ed neamhthr\u00f3caireach \u00e9 seo a bh\u00edonn ag goid bia agus sneaiceanna ar fad na n-ainmhithe eile. An mbeidh aon duine in ann ceacht a mh\u00faineadh d\u00f3? \u00a0Ag 2.30pm a bheidh<span>\u00a0<\/span><strong><span>Room on the Broom<\/span><\/strong><span>\u00a0<\/span>ar si\u00fal &#8211; \u00a0T\u00e1 an chailleach agus a cat ag imeacht leo ar an scuab ach t\u00e1 gach a bhfuil ag an gcailleach ag titim uaithi. Tugann ainmhithe \u00e9ags\u00fala c\u00fanamh di a cuid ruda\u00ed a aimsi\u00fa ach an bhfuil \u00e1it ag gach duine ar an scuab?<br \/>\n&nbsp;<br \/>\nIs f\u00e9idir formh\u00f3r\u00a0na gcl\u00e1r a \u00edosl\u00f3d\u00e1il \u00f3 <a href=\"https:\/\/www.cula4.com\" rel=\"noopener\" target=\"_blank\">C\u00fala4.com<\/a><br \/>\n&nbsp;<br \/>\nCraoltar<span>\u00a0<\/span><strong><span>C\u00fala4<\/span><\/strong><span>\u00a0<\/span>14 uair an chloig sa l\u00e1, \u00f3n 6 a chlog gach maidin go dt\u00ed a 8 a chlog gach tr\u00e1thn\u00f3na.<\/p>\n<p aria-hidden=\"true\">\n<p><strong><span>T\u00e1 C\u00fala4 le f\u00e1il ar:<\/span><\/strong><\/p>\n<p><strong><span>Saorview \u2013 cain\u00e9al 18<\/span><\/strong><\/p>\n<p><strong><span>Virgin Media \u2013 cain\u00e9al 602\u00a0<\/span><\/strong><\/p>\n<p><strong><span>Sky \u2013 cain\u00e9al 624<\/span><\/strong><\/p>\n<p><strong><span>Sky i dTuaisceart na h\u00c9ireann \u2013 cain\u00e9al 627 &amp; Sky Glass<\/span><\/strong><\/p>\n<p><strong><span>Eir\u00a0<\/span><\/strong><\/p>\n<p><strong><span><a href=\"https:\/\/www.cula4.com\" rel=\"noopener\" target=\"_blank\">www.cula4.com<\/a><\/span><\/strong><\/p>\n<p>&nbsp;<\/p>\n","protected":false},"excerpt":{"rendered":"<p>Pic: L\u00e1ithreoir\u00ed C\u00fala4; Seosamh, S\u00edle &amp; Niamh &nbsp; T\u00e1 fl\u00fairse cl\u00e1racha agus scann\u00e1n ag C\u00fala4 a chuirfidh gliondar na Nollag ar an lucht f\u00e9achana n\u00edos \u00f3ige. Beidh l\u00e1ithreoir\u00ed C\u00fala4 Niamh, Seosamh agus S\u00edle leat le linn na Nollag le neart spraoi, sc\u00e9alta agus scl\u00e9ipe. &nbsp; \u00c1ir\u00edtear ar na scann\u00e1in Ghaeilge at\u00e1 feili\u00fanach don lucht f\u00e9achana [&hellip;]<\/p>\n","protected":false},"author":876,"featured_media":0,"parent":180840,"menu_order":28,"comment_status":"closed","ping_status":"closed","template":"page-templates\/template-pr.php","meta":{"_acf_changed":false,"footnotes":""},"acf":[],"yoast_head":"<!-- This site is optimized with the Yoast SEO plugin v22.6 - https:\/\/yoast.com\/wordpress\/plugins\/seo\/ -->\n<title>Nollaig 2023 ar C\u00fala4 | Preas R\u00e1iteas | TG4<\/title>\n<meta name=\"description\" content=\"T\u00e1 fl\u00fairse cl\u00e1racha agus scann\u00e1n ag C\u00fala4 a chuirfidh gliondar na Nollag ar an lucht f\u00e9achana n\u00edos \u00f3ige. Beidh l\u00e1ithreoir\u00ed C\u00fala4 Niamh, Seosamh agus S\u00edle leat le linn na Nollag le neart spraoi, sc\u00e9alta agus scl\u00e9ipe.\" \/>\n<meta name=\"robots\" content=\"index, follow, max-snippet:-1, max-image-preview:large, max-video-preview:-1\" \/>\n<meta property=\"og:locale\" content=\"en_US\" \/>\n<meta property=\"og:type\" content=\"article\" \/>\n<meta property=\"og:title\" content=\"Nollaig 2023 ar C\u00fala4 | Preas R\u00e1iteas | TG4\" \/>\n<meta property=\"og:description\" content=\"T\u00e1 fl\u00fairse cl\u00e1racha agus scann\u00e1n ag C\u00fala4 a chuirfidh gliondar na Nollag ar an lucht f\u00e9achana n\u00edos \u00f3ige. Beidh l\u00e1ithreoir\u00ed C\u00fala4 Niamh, Seosamh agus S\u00edle leat le linn na Nollag le neart spraoi, sc\u00e9alta agus scl\u00e9ipe.\" \/>\n<meta property=\"og:url\" content=\"https:\/\/dev.tg4.ie\/ga\/eolas\/preas\/nuacht-raitis\/2023-2\/nollaig-2023-ar-cula4\/\" \/>\n<meta property=\"og:site_name\" content=\"TG4\" \/>\n<meta property=\"article:publisher\" content=\"https:\/\/www.facebook.com\/TG4TV\" \/>\n<meta property=\"og:image\" content=\"https:\/\/tg4-docs.s3.amazonaws.com\/wp-content\/uploads\/2023\/12\/14124037\/Cula4_Nollaig_2023_Laithreoiri_1-1920x1080-1.jpg\" \/>\n\t<meta property=\"og:image:width\" content=\"1920\" \/>\n\t<meta property=\"og:image:height\" content=\"1080\" \/>\n\t<meta property=\"og:image:type\" content=\"image\/jpeg\" \/>\n<meta name=\"twitter:card\" content=\"summary_large_image\" \/>\n<meta name=\"twitter:image\" content=\"https:\/\/tg4-docs.s3.amazonaws.com\/wp-content\/uploads\/2023\/12\/14124037\/Cula4_Nollaig_2023_Laithreoiri_1-1920x1080-1.jpg\" \/>\n<meta name=\"twitter:site\" content=\"@TG4TV\" \/>\n<meta name=\"twitter:label1\" content=\"Est. reading time\" \/>\n\t<meta name=\"twitter:data1\" content=\"2 minutes\" \/>\n<script type=\"application\/ld+json\" class=\"yoast-schema-graph\">{\"@context\":\"https:\/\/schema.org\",\"@graph\":[{\"@type\":\"WebPage\",\"@id\":\"https:\/\/dev.tg4.ie\/ga\/eolas\/preas\/nuacht-raitis\/2023-2\/nollaig-2023-ar-cula4\/\",\"url\":\"https:\/\/dev.tg4.ie\/ga\/eolas\/preas\/nuacht-raitis\/2023-2\/nollaig-2023-ar-cula4\/\",\"name\":\"Nollaig 2023 ar C\u00fala4 | Preas R\u00e1iteas | TG4\",\"isPartOf\":{\"@id\":\"https:\/\/dev.tg4.ie\/en\/#website\"},\"primaryImageOfPage\":{\"@id\":\"https:\/\/dev.tg4.ie\/ga\/eolas\/preas\/nuacht-raitis\/2023-2\/nollaig-2023-ar-cula4\/#primaryimage\"},\"image\":{\"@id\":\"https:\/\/dev.tg4.ie\/ga\/eolas\/preas\/nuacht-raitis\/2023-2\/nollaig-2023-ar-cula4\/#primaryimage\"},\"thumbnailUrl\":\"https:\/\/dev.tg4.ie\/wp-content\/uploads\/2023\/12\/Cula4_Nollaig_2023_Laithreoiri_1-1920x1080-1.jpg\",\"datePublished\":\"2023-12-14T12:42:27+00:00\",\"dateModified\":\"2023-12-14T12:42:27+00:00\",\"description\":\"T\u00e1 fl\u00fairse cl\u00e1racha agus scann\u00e1n ag C\u00fala4 a chuirfidh gliondar na Nollag ar an lucht f\u00e9achana n\u00edos \u00f3ige. Beidh l\u00e1ithreoir\u00ed C\u00fala4 Niamh, Seosamh agus S\u00edle leat le linn na Nollag le neart spraoi, sc\u00e9alta agus scl\u00e9ipe.\",\"breadcrumb\":{\"@id\":\"https:\/\/dev.tg4.ie\/ga\/eolas\/preas\/nuacht-raitis\/2023-2\/nollaig-2023-ar-cula4\/#breadcrumb\"},\"inLanguage\":\"ga\",\"potentialAction\":[{\"@type\":\"ReadAction\",\"target\":[\"https:\/\/dev.tg4.ie\/ga\/eolas\/preas\/nuacht-raitis\/2023-2\/nollaig-2023-ar-cula4\/\"]}]},{\"@type\":\"ImageObject\",\"inLanguage\":\"ga\",\"@id\":\"https:\/\/dev.tg4.ie\/ga\/eolas\/preas\/nuacht-raitis\/2023-2\/nollaig-2023-ar-cula4\/#primaryimage\",\"url\":\"https:\/\/dev.tg4.ie\/wp-content\/uploads\/2023\/12\/Cula4_Nollaig_2023_Laithreoiri_1-1920x1080-1.jpg\",\"contentUrl\":\"https:\/\/dev.tg4.ie\/wp-content\/uploads\/2023\/12\/Cula4_Nollaig_2023_Laithreoiri_1-1920x1080-1.jpg\"},{\"@type\":\"BreadcrumbList\",\"@id\":\"https:\/\/dev.tg4.ie\/ga\/eolas\/preas\/nuacht-raitis\/2023-2\/nollaig-2023-ar-cula4\/#breadcrumb\",\"itemListElement\":[{\"@type\":\"ListItem\",\"position\":1,\"name\":\"Home\",\"item\":\"https:\/\/dev.tg4.ie\/ga\/\"},{\"@type\":\"ListItem\",\"position\":2,\"name\":\"Eolas\",\"item\":\"https:\/\/dev.tg4.ie\/ga\/eolas\/\"},{\"@type\":\"ListItem\",\"position\":3,\"name\":\"Preas\",\"item\":\"https:\/\/dev.tg4.ie\/ga\/eolas\/preas\/\"},{\"@type\":\"ListItem\",\"position\":4,\"name\":\"Nuacht R\u00e1itis\",\"item\":\"https:\/\/dev.tg4.ie\/ga\/eolas\/preas\/nuacht-raitis\/\"},{\"@type\":\"ListItem\",\"position\":5,\"name\":\"2023\",\"item\":\"https:\/\/dev.tg4.ie\/ga\/eolas\/preas\/nuacht-raitis\/2023-2\/\"},{\"@type\":\"ListItem\",\"position\":6,\"name\":\"Nollaig 2023 ar C\u00fala4\"}]},{\"@type\":\"WebSite\",\"@id\":\"https:\/\/dev.tg4.ie\/en\/#website\",\"url\":\"https:\/\/dev.tg4.ie\/en\/\",\"name\":\"TG4\",\"description\":\"S\u00fail Eile\",\"potentialAction\":[{\"@type\":\"SearchAction\",\"target\":{\"@type\":\"EntryPoint\",\"urlTemplate\":\"https:\/\/dev.tg4.ie\/en\/?s={search_term_string}\"},\"query-input\":\"required name=search_term_string\"}],\"inLanguage\":\"ga\"}]}<\/script>\n<!-- \/ Yoast SEO plugin. -->","yoast_head_json":{"title":"Nollaig 2023 ar C\u00fala4 | Preas R\u00e1iteas | TG4","description":"T\u00e1 fl\u00fairse cl\u00e1racha agus scann\u00e1n ag C\u00fala4 a chuirfidh gliondar na Nollag ar an lucht f\u00e9achana n\u00edos \u00f3ige. Beidh l\u00e1ithreoir\u00ed C\u00fala4 Niamh, Seosamh agus S\u00edle leat le linn na Nollag le neart spraoi, sc\u00e9alta agus scl\u00e9ipe.","robots":{"index":"index","follow":"follow","max-snippet":"max-snippet:-1","max-image-preview":"max-image-preview:large","max-video-preview":"max-video-preview:-1"},"og_locale":"en_US","og_type":"article","og_title":"Nollaig 2023 ar C\u00fala4 | Preas R\u00e1iteas | TG4","og_description":"T\u00e1 fl\u00fairse cl\u00e1racha agus scann\u00e1n ag C\u00fala4 a chuirfidh gliondar na Nollag ar an lucht f\u00e9achana n\u00edos \u00f3ige. Beidh l\u00e1ithreoir\u00ed C\u00fala4 Niamh, Seosamh agus S\u00edle leat le linn na Nollag le neart spraoi, sc\u00e9alta agus scl\u00e9ipe.","og_url":"https:\/\/dev.tg4.ie\/ga\/eolas\/preas\/nuacht-raitis\/2023-2\/nollaig-2023-ar-cula4\/","og_site_name":"TG4","article_publisher":"https:\/\/www.facebook.com\/TG4TV","og_image":[{"width":1920,"height":1080,"url":"https:\/\/tg4-docs.s3.amazonaws.com\/wp-content\/uploads\/2023\/12\/14124037\/Cula4_Nollaig_2023_Laithreoiri_1-1920x1080-1.jpg","type":"image\/jpeg"}],"twitter_card":"summary_large_image","twitter_image":"https:\/\/tg4-docs.s3.amazonaws.com\/wp-content\/uploads\/2023\/12\/14124037\/Cula4_Nollaig_2023_Laithreoiri_1-1920x1080-1.jpg","twitter_site":"@TG4TV","twitter_misc":{"Est. reading time":"2 minutes"},"schema":{"@context":"https:\/\/schema.org","@graph":[{"@type":"WebPage","@id":"https:\/\/dev.tg4.ie\/ga\/eolas\/preas\/nuacht-raitis\/2023-2\/nollaig-2023-ar-cula4\/","url":"https:\/\/dev.tg4.ie\/ga\/eolas\/preas\/nuacht-raitis\/2023-2\/nollaig-2023-ar-cula4\/","name":"Nollaig 2023 ar C\u00fala4 | Preas R\u00e1iteas | TG4","isPartOf":{"@id":"https:\/\/dev.tg4.ie\/en\/#website"},"primaryImageOfPage":{"@id":"https:\/\/dev.tg4.ie\/ga\/eolas\/preas\/nuacht-raitis\/2023-2\/nollaig-2023-ar-cula4\/#primaryimage"},"image":{"@id":"https:\/\/dev.tg4.ie\/ga\/eolas\/preas\/nuacht-raitis\/2023-2\/nollaig-2023-ar-cula4\/#primaryimage"},"thumbnailUrl":"https:\/\/dev.tg4.ie\/wp-content\/uploads\/2023\/12\/Cula4_Nollaig_2023_Laithreoiri_1-1920x1080-1.jpg","datePublished":"2023-12-14T12:42:27+00:00","dateModified":"2023-12-14T12:42:27+00:00","description":"T\u00e1 fl\u00fairse cl\u00e1racha agus scann\u00e1n ag C\u00fala4 a chuirfidh gliondar na Nollag ar an lucht f\u00e9achana n\u00edos \u00f3ige. Beidh l\u00e1ithreoir\u00ed C\u00fala4 Niamh, Seosamh agus S\u00edle leat le linn na Nollag le neart spraoi, sc\u00e9alta agus scl\u00e9ipe.","breadcrumb":{"@id":"https:\/\/dev.tg4.ie\/ga\/eolas\/preas\/nuacht-raitis\/2023-2\/nollaig-2023-ar-cula4\/#breadcrumb"},"inLanguage":"ga","potentialAction":[{"@type":"ReadAction","target":["https:\/\/dev.tg4.ie\/ga\/eolas\/preas\/nuacht-raitis\/2023-2\/nollaig-2023-ar-cula4\/"]}]},{"@type":"ImageObject","inLanguage":"ga","@id":"https:\/\/dev.tg4.ie\/ga\/eolas\/preas\/nuacht-raitis\/2023-2\/nollaig-2023-ar-cula4\/#primaryimage","url":"https:\/\/dev.tg4.ie\/wp-content\/uploads\/2023\/12\/Cula4_Nollaig_2023_Laithreoiri_1-1920x1080-1.jpg","contentUrl":"https:\/\/dev.tg4.ie\/wp-content\/uploads\/2023\/12\/Cula4_Nollaig_2023_Laithreoiri_1-1920x1080-1.jpg"},{"@type":"BreadcrumbList","@id":"https:\/\/dev.tg4.ie\/ga\/eolas\/preas\/nuacht-raitis\/2023-2\/nollaig-2023-ar-cula4\/#breadcrumb","itemListElement":[{"@type":"ListItem","position":1,"name":"Home","item":"https:\/\/dev.tg4.ie\/ga\/"},{"@type":"ListItem","position":2,"name":"Eolas","item":"https:\/\/dev.tg4.ie\/ga\/eolas\/"},{"@type":"ListItem","position":3,"name":"Preas","item":"https:\/\/dev.tg4.ie\/ga\/eolas\/preas\/"},{"@type":"ListItem","position":4,"name":"Nuacht R\u00e1itis","item":"https:\/\/dev.tg4.ie\/ga\/eolas\/preas\/nuacht-raitis\/"},{"@type":"ListItem","position":5,"name":"2023","item":"https:\/\/dev.tg4.ie\/ga\/eolas\/preas\/nuacht-raitis\/2023-2\/"},{"@type":"ListItem","position":6,"name":"Nollaig 2023 ar C\u00fala4"}]},{"@type":"WebSite","@id":"https:\/\/dev.tg4.ie\/en\/#website","url":"https:\/\/dev.tg4.ie\/en\/","name":"TG4","description":"S\u00fail Eile","potentialAction":[{"@type":"SearchAction","target":{"@type":"EntryPoint","urlTemplate":"https:\/\/dev.tg4.ie\/en\/?s={search_term_string}"},"query-input":"required name=search_term_string"}],"inLanguage":"ga"}]}},"_links":{"self":[{"href":"https:\/\/dev.tg4.ie\/ga\/wp-json\/wp\/v2\/pages\/207377"}],"collection":[{"href":"https:\/\/dev.tg4.ie\/ga\/wp-json\/wp\/v2\/pages"}],"about":[{"href":"https:\/\/dev.tg4.ie\/ga\/wp-json\/wp\/v2\/types\/page"}],"author":[{"embeddable":true,"href":"https:\/\/dev.tg4.ie\/ga\/wp-json\/wp\/v2\/users\/876"}],"replies":[{"embeddable":true,"href":"https:\/\/dev.tg4.ie\/ga\/wp-json\/wp\/v2\/comments?post=207377"}],"version-history":[{"count":0,"href":"https:\/\/dev.tg4.ie\/ga\/wp-json\/wp\/v2\/pages\/207377\/revisions"}],"up":[{"embeddable":true,"href":"https:\/\/dev.tg4.ie\/ga\/wp-json\/wp\/v2\/pages\/180840"}],"wp:attachment":[{"href":"https:\/\/dev.tg4.ie\/ga\/wp-json\/wp\/v2\/media?parent=207377"}],"curies":[{"name":"wp","href":"https:\/\/api.w.org\/{rel}","templated":true}]}}