{"id":208272,"date":"2024-01-12T16:23:06","date_gmt":"2024-01-12T16:23:06","guid":{"rendered":"https:\/\/dev.tg4.ie\/?page_id=208272"},"modified":"2024-01-12T16:24:37","modified_gmt":"2024-01-12T16:24:37","slug":"bliain-iontach-ab-ea-2023-do-tg4","status":"publish","type":"page","link":"https:\/\/dev.tg4.ie\/ga\/eolas\/preas\/nuacht-raitis\/2024-2\/bliain-iontach-ab-ea-2023-do-tg4\/","title":{"rendered":"Bliain iontach ab ea 2023 do TG4"},"content":{"rendered":"<p><img loading=\"lazy\" decoding=\"async\" width=\"1920\" height=\"1080\" src=\"https:\/\/tg4-docs.s3.amazonaws.com\/wp-content\/uploads\/2024\/01\/12155621\/Lucht_Feachana_2023_1-1920x1080-1.jpg\" alt=\"\" class=\"aligncenter size-full wp-image-208275\" srcset=\"https:\/\/tg4-docs.s3.amazonaws.com\/wp-content\/uploads\/2024\/01\/12155621\/Lucht_Feachana_2023_1-1920x1080-1.jpg 1920w, https:\/\/tg4-docs.s3.amazonaws.com\/wp-content\/uploads\/2024\/01\/12155621\/Lucht_Feachana_2023_1-1920x1080-1-250x141.jpg 250w, https:\/\/tg4-docs.s3.amazonaws.com\/wp-content\/uploads\/2024\/01\/12155621\/Lucht_Feachana_2023_1-1920x1080-1-700x394.jpg 700w, https:\/\/tg4-docs.s3.amazonaws.com\/wp-content\/uploads\/2024\/01\/12155621\/Lucht_Feachana_2023_1-1920x1080-1-252x141.jpg 252w, https:\/\/tg4-docs.s3.amazonaws.com\/wp-content\/uploads\/2024\/01\/12155621\/Lucht_Feachana_2023_1-1920x1080-1-1536x864.jpg 1536w, https:\/\/tg4-docs.s3.amazonaws.com\/wp-content\/uploads\/2024\/01\/12155621\/Lucht_Feachana_2023_1-1920x1080-1-120x68.jpg 120w\" sizes=\"(max-width: 1920px) 100vw, 1920px\" \/><\/p>\n<p>&nbsp;<\/p>\n<p><strong>Lucht F\u00e9achana TG4<\/strong><\/p>\n<p>Bh\u00ed 3.67 milli\u00fan duine, figi\u00far ollmh\u00f3r ar ionann \u00e9 agus 81% den daonra, ag f\u00e9achaint ar TG4 ag pointe \u00e9igin in 2023. D&#8217;ardaigh an me\u00e1nsciar lucht f\u00e9achana don bhliain go dt\u00ed 2.09%, ard\u00fa \u00f3 1.96% in 2022 &#8211; agus ba \u00e9 sin an sciar ab airde mar sin \u00f3n mbliain 2009. Th\u00e1inig borradh freisin faoin lucht f\u00e9achana ag pr\u00edomhamanna f\u00e9achana gur baineadh sciar 2.24% amach. Choinnigh TG4 greim ar a \u00e1it mar an 7\u00fa cain\u00e9al is m\u00f3 a f\u00e9achadh air in \u00c9irinn. Bhain an cain\u00e9al a bhuaicsciar lucht f\u00e9achana amach ar an 13 L\u00fanasa, an l\u00e1 c\u00e9anna a raibh Cluiche Ceannais na Sinsear i bPeil na mBan agus babhta ceannais Fhleadh Cheoil 2023 ar si\u00fal.<br \/>\n&nbsp;<br \/>\n&nbsp;<\/p>\n<p><strong>Na Cl\u00e1ir ba mh\u00f3 F\u00e9achana agus ba mh\u00f3 \u00c9ilimh ar TG4<\/strong><\/p>\n<p>Ba \u00e9 Cluiche Ceannais Peile Allianz idir Gaillimh agus Maigh Eo ar an gcl\u00e1r GAA Beo buaicphointe chl\u00e1ir TG4 in 2023, agus ba \u00e9 an cl\u00e1r sin cl\u00e1r ba mh\u00f3 lucht f\u00e9achana na bliana. Bh\u00ed 250,200 lucht f\u00e9achana ar an me\u00e1n ag an gcluiche, rud a bhain sciar ollmh\u00f3r 32.84% den lucht f\u00e9achana amach. N\u00ed raibh an figi\u00far sin m\u00f3r\u00e1n chun tosaigh ar Chluiche Ceannais Sinsear na h\u00c9ireann TG4 i bPeil na mBan idir \u00c1th Cliath agus Ciarra\u00ed a th\u00e1inig sa dara h\u00e1it i rang\u00fa na bliana. Bh\u00ed 201,800 lucht f\u00e9achana ar an me\u00e1n n\u00f3 sciar 26.47% ag an gcluiche inar bhfuair \u00c1th Cliath an l\u00e1mh in uachtar ar Chiarra\u00ed sa chluiche den scoth.<br \/>\n&nbsp;<\/p>\n<p>Bh\u00ed an-t\u00f3ir ar\u00eds dar nd\u00f3igh ar Daniel O\u2019Donnell o\u00edcheanta D\u00e9 M\u00e1irt leis an gcl\u00e1r \u2018Opry le Daniel ar Thuras\u2019. \u00c1ir\u00edodh Lisa McHugh, Johnny Brady, The Tumbling Paddies agus neart eile i measc a chuid a\u00edonna. Bh\u00ed t\u00f3ir freisin ar mh\u00edreanna seachtaini\u00fala \u00f3n se\u00f3 ar na me\u00e1in sh\u00f3isialta, m\u00edreanna ar f\u00e9achadh 3.6M uair le ch\u00e9ile orthu ar Facebook.<\/p>\n<p>Opry le Daniel ar Thuras &#8211; <a href=\"https:\/\/nasc.tg4.tv\/Opry_le_Daniel_ar_Thuras\" rel=\"noopener\" target=\"_blank\">https:\/\/nasc.tg4.tv\/Opry_le_Daniel_ar_Thuras<\/a><br \/>\n&nbsp;<\/p>\n<p>Cuireadh an scoth den cheol mar aon le neart m\u00edreanna spraoi ar f\u00e1il don lucht f\u00e9achana le linn \u2018Fleadh Cheoil 2023\u2019 a craoladh beo \u00f3n Muileann gCearr. Chun cur leis an \u00f3c\u00e1id, chuir TG4 lena chl\u00e1ir ar an bhFleadh agus \u00e9 ag craoladh \u00f3n D\u00e9ardaoin an 10 L\u00fanasa go dt\u00ed D\u00e9 Domhnaigh an 13 L\u00fanasa. Chuir sin o\u00edche bhreise de cheol br\u00edomhar agus tarraingteach ar f\u00e1il do lucht f\u00e9achana TG4 chun s\u00e1samh a bhaint as. <\/p>\n<p>Fleadh Cheoil 2023 &#8211; <a href=\"https:\/\/nasc.tg4.tv\/Fleadh-2023\" rel=\"noopener\" target=\"_blank\">https:\/\/nasc.tg4.tv\/Fleadh-2023<\/a><br \/>\n&nbsp;<\/p>\n<p>D\u2019fhill an dara sraith den tsraith ard\u00e9ilimh ceoil thraidisi\u00fanta \u2018Scoil Samhraidh Willie Clancy\u2019 ar an sc\u00e1ile\u00e1n mar aon leis an fear taistil is fearr linn Hector \u00d3 hEochag\u00e1in a bh\u00ed i mbun taisc\u00e9ala\u00edochta an uair seo \u00f3 na hOile\u00e1in Fhilip\u00edneacha ag dt\u00ed na hOile\u00e1in Sholaimh. <\/p>\n<p>Scoil Samhraidh Willie Clancy &#8211; <a href=\"https:\/\/nasc.tg4.tv\/Scoil-Samhraidh-Willie-Clancy-2\" rel=\"noopener\" target=\"_blank\">https:\/\/nasc.tg4.tv\/Scoil-Samhraidh-Willie-Clancy-2<\/a> <\/p>\n<p>Hector: \u00f3 Philippines go dt\u00ed na Solomons &#8211; <a href=\"https:\/\/nasc.tg4.tv\/Hector-\u00d3-na-Philippines-go-dt\u00ed-na-Solomons\" rel=\"noopener\" target=\"_blank\">https:\/\/nasc.tg4.tv\/Hector-\u00d3-na-Philippines-go-dt\u00ed-na-Solomons<\/a><br \/>\n&nbsp;<br \/>\n&nbsp;<\/p>\n<p><strong>Aimsir na Nollag \/ M\u00ed na Nollag 2023 &#8211; L\u00e1 Caille ar TG4<\/strong><\/p>\n<p>Ba \u00ed m\u00ed na Nollag an mh\u00ed ba shuntasa\u00ed do TG4 i nd\u00e1il leis an sciar den lucht f\u00e9achana, \u00e1it ar baineadh sciar 2.49% (n\u00f3 2.74% amach le linn buaicthr\u00e1thanna f\u00e9achana). Is d\u00edol suntais, agus b\u2019\u00e9acht ollmh\u00f3r \u00e9, gur ar L\u00e1 Nollag a bhain TG4 amach a sciar ab airde den lucht f\u00e9achana, 808,400 duine. In ainneoin go mb\u00edonn ioma\u00edocht fh\u00edochmhar ann le linn shaoire na Nollag, n\u00ed hamh\u00e1in gur choinnigh TG4 a \u00e1it f\u00e9in ach d\u2019\u00e9irigh leis go deimhin an s\u00e9\u00fa h\u00e1it a bhaint amach maidir leis na cain\u00e9il a raibh an lucht f\u00e9achana ba mh\u00f3 acu le linn na Nollag. Baineadh an buaicphointe f\u00e9achana amach le linn shaoire na Nollag nuair a craoladh Rugba\u00ed Beo ar L\u00e1 Caille agus d\u2019fh\u00e9ach 104,100 duine ar an gcluiche idir Connachta agus Mumha, rud a d\u2019fh\u00e1g go raibh s\u00e9 sin ar an gcl\u00e1r ba mh\u00f3 f\u00e9achana le linn thr\u00e9imhse na Nollag.<\/p>\n<p>Bh\u00ed an scann\u00e1n \u2018Die Hard\u2019 agus an scann\u00e1n clasaiceach \u00c9ireannach \u2018Into the West\u2019 i gcro\u00edl\u00e1r sh\u00e1r-rogha na gcl\u00e1r ar TG4 le linn na saoire. Cl\u00e1r eile a sheas amach n\u00e1 cl\u00e1r speisialta L\u00e1 Nollag, \u2018Grace Kelly: Banphrionsa Mhaigh Eo,&#8217; inar tugadh l\u00e9argas ar shaol agus ar shaothar an aisteora arbh de bhunadh Mhaigh Eo \u00ed. Le linn an chl\u00e1ir \u2018Inis Me\u00e1in: Idir Dh\u00e1 Linn\u2019 a craoladh ar an 28 Nollaig, tugadh l\u00e9argas machnamhach ar imeacht ama ar an oile\u00e1n. D\u00edr\u00edodh freisin i rith na Nollag ar ch\u00e1s na timpeallachta sa chl\u00e1r \u2018Paddy na Meachain\u2019 in\u00e1r leagadh b\u00e9im ar an troid at\u00e1 ar bun chun beach dh\u00fachasach na h\u00c9ireann a chosaint. Chun f\u00e1ilte a chur leis an mbliain nua, chuir \u2018F\u00e1ilte 2024\u2019 arna chur i l\u00e1thair ag D\u00e1ith\u00ed \u00d3 S\u00e9 agus ag Doireann N\u00ed Ghlac\u00e1in, t\u00fas f\u00e9ilti\u00fail leis an mbliain do lucht f\u00e9achana TG4.<br \/>\n&nbsp;<br \/>\nGrace Kelly: Banphrionsa Mhaigh Eo &#8211; <a href=\"https:\/\/nasc.tg4.tv\/GraceKelly\" rel=\"noopener\" target=\"_blank\">https:\/\/nasc.tg4.tv\/GraceKelly<\/a> <\/p>\n<p>Inis Me\u00e1in, Idir dh\u00e1 linn &#8211; <a href=\"https:\/\/nasc.tg4.tv\/InisMe\u00e1in-IdirDh\u00e1Linn\" rel=\"noopener\" target=\"_blank\">https:\/\/nasc.tg4.tv\/InisMe\u00e1in-IdirDh\u00e1Linn<\/a><\/p>\n<p>Paddy Na Meachain &#8211; <a href=\"https:\/\/nasc.tg4.tv\/Paddy-na-Meachain\" rel=\"noopener\" target=\"_blank\">https:\/\/nasc.tg4.tv\/Paddy-na-Meachain<\/a><\/p>\n<p>F\u00e1ilte 2024 &#8211; <a href=\"https:\/\/nasc.tg4.tv\/F\u00e1ilte2024\" rel=\"noopener\" target=\"_blank\">https:\/\/nasc.tg4.tv\/F\u00e1ilte2024<\/a><br \/>\n&nbsp;<br \/>\n&nbsp;<\/p>\n<p><strong>C\u00fala4<\/strong><\/p>\n<p>Bh\u00ed neart \u00e1bhar siamsa\u00edochta ag C\u00fala4 do na leana\u00ed le linn sh\u00e9as\u00far na Nollag, scann\u00e1in Ghaeilge ina measc: Nollaig an Yeit\u00ed, Ice Age: Dawn of the Dinosaurs, The Boss Baby, Monca\u00ed R\u00edoga agus neart eile. T\u00e1 an cain\u00e9al Gaeilge do leana\u00ed ag dul \u00f3 neart go neart \u00f3 seoladh \u00e9 i m\u00ed Mhe\u00e1n Fh\u00f3mhair seo caite agus is f\u00e9idir f\u00e9achaint air ar an teilif\u00eds n\u00f3 ar fud an domhain ar Cula4.com.<br \/>\n&nbsp;<br \/>\n&nbsp;<\/p>\n<p><strong>Seinnteoir TG4 (TG4.ie)<\/strong><\/p>\n<p>Le bliain anuas baineadh \u00e9acht amach agus 3.5 milli\u00fan radharc tugtha ar Sheinnteoir TG4. \u00c1ir\u00edtear \u00e1bhar beo agus ar \u00e9ileamh san fhigi\u00far sin agus is ionann \u00e9 agus ard\u00fa 6% \u00f3n mbliain 2022. Ba \u00e9 an cluiche URC idir Mumha agus Laighin ar an 25 Samhain an craoladh beo ba mh\u00f3 a f\u00e9achadh air ar an seinnteoir. Is d\u00edol suntais \u00e9 go raibh na cl\u00e1ir &#8216;Laochra Gael,&#8217; &#8216;Dennis Cahill \u2013 Litir \u00f3 do Chara,&#8217; agus &#8216;Fleadh 2023,\u2019 i measc na gc\u00faig chl\u00e1r VoD ba mh\u00f3 a f\u00e9achadh orthu ar an seinnteoir, rud a l\u00e9irigh an t-\u00e1bhar \u00e9ags\u00fail a bhfuil t\u00f3ir air agus at\u00e1 ar f\u00e1il chun f\u00e9achaint air ar \u00e9ileamh.<br \/>\n&nbsp;<br \/>\nDennis Cahill \u2013 Litir \u00f3 do Chara &#8211; <a href=\"https:\/\/nasc.tg4.tv\/DennisCahill\" rel=\"noopener\" target=\"_blank\">https:\/\/nasc.tg4.tv\/DennisCahill<\/a> <\/p>\n<p>Laochra Gael \u2013 <a href=\"https:\/\/nasc.tg4.tv\/LaochraGael-21\" rel=\"noopener\" target=\"_blank\">https:\/\/nasc.tg4.tv\/LaochraGael-21<\/a><br \/>\n&nbsp;<br \/>\n&nbsp;<\/p>\n<p><strong>Me\u00e1in Sh\u00f3isialta TG4<\/strong><\/p>\n<p>Bh\u00ed t\u00f3ir mh\u00f3r ar ard\u00e1in me\u00e1n s\u00f3isialta TG4 i rith 2023 le 77.7 radharc ar a chuid \u00e1bhair. Ceann de na huaireanta ba mh\u00f3 a sheas amach n\u00e1 an t-agallamh a rinneadh le Paul Mescal ag gradaim BAFTA 2023, agallamh a scaip go tr\u00e9an ar an me\u00e1in sh\u00f3isialta go deimhin. Bh\u00ed Mescal i mbun comhr\u00e1 i nGaeilge le Caitl\u00edn Nic Aoidh, l\u00e1ithreoir TG4, agus thaitin an mh\u00edr go m\u00f3r le daoine ar fud an domhain. Mheall an t-agallamh 2.1 milli\u00fan radharc ar ard\u00e1in me\u00e1n s\u00f3isialta TG4 leo f\u00e9in. <\/p>\n<p>Paul Mescal &#8211; <a href=\"https:\/\/www.youtube.com\/watch?v=3PbuYQR2gyI\" rel=\"noopener\" target=\"_blank\">https:\/\/www.youtube.com\/watch?v=3PbuYQR2gyI<\/a><br \/>\n&nbsp;<\/p>\n<p>Ar O\u00edche Ghradaim Oscar, bh\u00ed go leor tvu\u00edteanna faoi &#8216;An Cail\u00edn Ci\u00fain&#8217; ar Twitter, rud a chuir cuntas TG4 chun cinn chun 3.2 milli\u00fan amharc a bhaint amach. Cuireadh le rath C\u00fala4 ar na me\u00e1in sh\u00f3isialta nuair a f\u00e9achadh n\u00edos m\u00f3 n\u00e1 427.5 m\u00edle uair ar an bhf\u00edse\u00e1n corraitheach a bh\u00ed acu ar Instagram \u00f3 Aerfort Bhaile \u00c1tha Cliath le linn na Nollag. D\u2019\u00e9irigh go hiontach le h\u00e1bhar TG4 ar na me\u00e1in sh\u00f3isialta, choinnigh siad i dteagmh\u00e1il leis an lucht f\u00e9achana agus chuir siad siamsa\u00edocht ar f\u00e1il d\u00f3ibh le linn 2023.<\/p>\n<p>C\u00fala4 &#8211; <a href=\"https:\/\/www.instagram.com\/p\/C1JuDQ1MJzH\/\" rel=\"noopener\" target=\"_blank\">https:\/\/www.instagram.com\/p\/C1JuDQ1MJzH\/<\/a><br \/>\n&nbsp;<br \/>\n&nbsp;<\/p>\n<p>D\u00fairt <strong>Alan Esslemont, Ard-Sti\u00farth\u00f3ir TG4<\/strong> <em>\u201cIn 2023 chuaigh TG4 go dt\u00ed na Oscars leis \u2018An Cail\u00edn Ci\u00fain\u2019 agus sheol muid cain\u00e9al nua do ph\u00e1ist\u00ed, \u2018C\u00fala4\u2019. Glacaim bu\u00edochas \u00f3 chro\u00ed le foireann TG4 agus leis an earn\u00e1il chruthaitheach Ghaeilge as a saothar i gcaitheamh 2023. Is l\u00e9ir go bhfuil an t-\u00e9ileamh at\u00e1 ag an lucht f\u00e9achana ar \u00e1bhar TG4, ar gach ard\u00e1n, ag f\u00e1s bliain ar bhliain. T\u00e1 bliain an-t\u00e1bhachtach roimh na me\u00e1in Ghaeilge in 2024 agus t\u00e1 s\u00fail agam go bhfeicfidh an Rialtas agus Coimisi\u00fan na Me\u00e1n go bhfuil infheist\u00edocht sna me\u00e1in Ghaeilge, agus sc\u00e1la m\u00e9adaithe sna me\u00e1in Ghaeilge, fi\u00fantach, tairbheach agus riachtanach.\u201d<\/em><br \/>\n&nbsp;<br \/>\nFoinse: Nielsen \/ TAM Ireland<br \/>\n&nbsp;<br \/>\n&nbsp;<\/p>\n","protected":false},"excerpt":{"rendered":"<p>&nbsp; Lucht F\u00e9achana TG4 Bh\u00ed 3.67 milli\u00fan duine, figi\u00far ollmh\u00f3r ar ionann \u00e9 agus 81% den daonra, ag f\u00e9achaint ar TG4 ag pointe \u00e9igin in 2023. D&#8217;ardaigh an me\u00e1nsciar lucht f\u00e9achana don bhliain go dt\u00ed 2.09%, ard\u00fa \u00f3 1.96% in 2022 &#8211; agus ba \u00e9 sin an sciar ab airde mar sin \u00f3n mbliain 2009. [&hellip;]<\/p>\n","protected":false},"author":876,"featured_media":0,"parent":208148,"menu_order":0,"comment_status":"closed","ping_status":"closed","template":"page-templates\/template-pr.php","meta":{"_acf_changed":false,"footnotes":""},"acf":[],"yoast_head":"<!-- This site is optimized with the Yoast SEO plugin v22.6 - https:\/\/yoast.com\/wordpress\/plugins\/seo\/ -->\n<title>Bliain iontach ab ea 2023 do TG4 | Preas R\u00e1iteas | TG4<\/title>\n<meta name=\"description\" content=\"Bliain iontach ab ea 2023 do TG4 agus an Sciar is Airde den Lucht F\u00e9achana \u00f3 2009 Bainte Amach aige.\" \/>\n<meta name=\"robots\" content=\"index, follow, max-snippet:-1, max-image-preview:large, max-video-preview:-1\" \/>\n<meta property=\"og:locale\" content=\"en_US\" \/>\n<meta property=\"og:type\" content=\"article\" \/>\n<meta property=\"og:title\" content=\"Bliain iontach ab ea 2023 do TG4 | Preas R\u00e1iteas | TG4\" \/>\n<meta property=\"og:description\" content=\"Bliain iontach ab ea 2023 do TG4 agus an Sciar is Airde den Lucht F\u00e9achana \u00f3 2009 Bainte Amach aige.\" \/>\n<meta property=\"og:url\" content=\"https:\/\/dev.tg4.ie\/ga\/eolas\/preas\/nuacht-raitis\/2024-2\/bliain-iontach-ab-ea-2023-do-tg4\/\" \/>\n<meta property=\"og:site_name\" content=\"TG4\" \/>\n<meta property=\"article:publisher\" content=\"https:\/\/www.facebook.com\/TG4TV\" \/>\n<meta property=\"article:modified_time\" content=\"2024-01-12T16:24:37+00:00\" \/>\n<meta property=\"og:image\" content=\"https:\/\/tg4-docs.s3.amazonaws.com\/wp-content\/uploads\/2024\/01\/12155621\/Lucht_Feachana_2023_1-1920x1080-1.jpg\" \/>\n\t<meta property=\"og:image:width\" content=\"1920\" \/>\n\t<meta property=\"og:image:height\" content=\"1080\" \/>\n\t<meta property=\"og:image:type\" content=\"image\/jpeg\" \/>\n<meta name=\"twitter:card\" content=\"summary_large_image\" \/>\n<meta name=\"twitter:image\" content=\"https:\/\/tg4-docs.s3.amazonaws.com\/wp-content\/uploads\/2024\/01\/12155621\/Lucht_Feachana_2023_1-1920x1080-1.jpg\" \/>\n<meta name=\"twitter:site\" content=\"@TG4TV\" \/>\n<meta name=\"twitter:label1\" content=\"Est. reading time\" \/>\n\t<meta name=\"twitter:data1\" content=\"6 minutes\" \/>\n<script type=\"application\/ld+json\" class=\"yoast-schema-graph\">{\"@context\":\"https:\/\/schema.org\",\"@graph\":[{\"@type\":\"WebPage\",\"@id\":\"https:\/\/dev.tg4.ie\/ga\/eolas\/preas\/nuacht-raitis\/2024-2\/bliain-iontach-ab-ea-2023-do-tg4\/\",\"url\":\"https:\/\/dev.tg4.ie\/ga\/eolas\/preas\/nuacht-raitis\/2024-2\/bliain-iontach-ab-ea-2023-do-tg4\/\",\"name\":\"Bliain iontach ab ea 2023 do TG4 | Preas R\u00e1iteas | TG4\",\"isPartOf\":{\"@id\":\"https:\/\/dev.tg4.ie\/en\/#website\"},\"primaryImageOfPage\":{\"@id\":\"https:\/\/dev.tg4.ie\/ga\/eolas\/preas\/nuacht-raitis\/2024-2\/bliain-iontach-ab-ea-2023-do-tg4\/#primaryimage\"},\"image\":{\"@id\":\"https:\/\/dev.tg4.ie\/ga\/eolas\/preas\/nuacht-raitis\/2024-2\/bliain-iontach-ab-ea-2023-do-tg4\/#primaryimage\"},\"thumbnailUrl\":\"https:\/\/dev.tg4.ie\/wp-content\/uploads\/2024\/01\/Lucht_Feachana_2023_1-1920x1080-1.jpg\",\"datePublished\":\"2024-01-12T16:23:06+00:00\",\"dateModified\":\"2024-01-12T16:24:37+00:00\",\"description\":\"Bliain iontach ab ea 2023 do TG4 agus an Sciar is Airde den Lucht F\u00e9achana \u00f3 2009 Bainte Amach aige.\",\"breadcrumb\":{\"@id\":\"https:\/\/dev.tg4.ie\/ga\/eolas\/preas\/nuacht-raitis\/2024-2\/bliain-iontach-ab-ea-2023-do-tg4\/#breadcrumb\"},\"inLanguage\":\"ga\",\"potentialAction\":[{\"@type\":\"ReadAction\",\"target\":[\"https:\/\/dev.tg4.ie\/ga\/eolas\/preas\/nuacht-raitis\/2024-2\/bliain-iontach-ab-ea-2023-do-tg4\/\"]}]},{\"@type\":\"ImageObject\",\"inLanguage\":\"ga\",\"@id\":\"https:\/\/dev.tg4.ie\/ga\/eolas\/preas\/nuacht-raitis\/2024-2\/bliain-iontach-ab-ea-2023-do-tg4\/#primaryimage\",\"url\":\"https:\/\/dev.tg4.ie\/wp-content\/uploads\/2024\/01\/Lucht_Feachana_2023_1-1920x1080-1.jpg\",\"contentUrl\":\"https:\/\/dev.tg4.ie\/wp-content\/uploads\/2024\/01\/Lucht_Feachana_2023_1-1920x1080-1.jpg\"},{\"@type\":\"BreadcrumbList\",\"@id\":\"https:\/\/dev.tg4.ie\/ga\/eolas\/preas\/nuacht-raitis\/2024-2\/bliain-iontach-ab-ea-2023-do-tg4\/#breadcrumb\",\"itemListElement\":[{\"@type\":\"ListItem\",\"position\":1,\"name\":\"Home\",\"item\":\"https:\/\/dev.tg4.ie\/ga\/\"},{\"@type\":\"ListItem\",\"position\":2,\"name\":\"Eolas\",\"item\":\"https:\/\/dev.tg4.ie\/ga\/eolas\/\"},{\"@type\":\"ListItem\",\"position\":3,\"name\":\"Preas\",\"item\":\"https:\/\/dev.tg4.ie\/ga\/eolas\/preas\/\"},{\"@type\":\"ListItem\",\"position\":4,\"name\":\"Nuacht R\u00e1itis\",\"item\":\"https:\/\/dev.tg4.ie\/ga\/eolas\/preas\/nuacht-raitis\/\"},{\"@type\":\"ListItem\",\"position\":5,\"name\":\"2024\",\"item\":\"https:\/\/dev.tg4.ie\/ga\/eolas\/preas\/nuacht-raitis\/2024-2\/\"},{\"@type\":\"ListItem\",\"position\":6,\"name\":\"Bliain iontach ab ea 2023 do TG4\"}]},{\"@type\":\"WebSite\",\"@id\":\"https:\/\/dev.tg4.ie\/en\/#website\",\"url\":\"https:\/\/dev.tg4.ie\/en\/\",\"name\":\"TG4\",\"description\":\"S\u00fail Eile\",\"potentialAction\":[{\"@type\":\"SearchAction\",\"target\":{\"@type\":\"EntryPoint\",\"urlTemplate\":\"https:\/\/dev.tg4.ie\/en\/?s={search_term_string}\"},\"query-input\":\"required name=search_term_string\"}],\"inLanguage\":\"ga\"}]}<\/script>\n<!-- \/ Yoast SEO plugin. -->","yoast_head_json":{"title":"Bliain iontach ab ea 2023 do TG4 | Preas R\u00e1iteas | TG4","description":"Bliain iontach ab ea 2023 do TG4 agus an Sciar is Airde den Lucht F\u00e9achana \u00f3 2009 Bainte Amach aige.","robots":{"index":"index","follow":"follow","max-snippet":"max-snippet:-1","max-image-preview":"max-image-preview:large","max-video-preview":"max-video-preview:-1"},"og_locale":"en_US","og_type":"article","og_title":"Bliain iontach ab ea 2023 do TG4 | Preas R\u00e1iteas | TG4","og_description":"Bliain iontach ab ea 2023 do TG4 agus an Sciar is Airde den Lucht F\u00e9achana \u00f3 2009 Bainte Amach aige.","og_url":"https:\/\/dev.tg4.ie\/ga\/eolas\/preas\/nuacht-raitis\/2024-2\/bliain-iontach-ab-ea-2023-do-tg4\/","og_site_name":"TG4","article_publisher":"https:\/\/www.facebook.com\/TG4TV","article_modified_time":"2024-01-12T16:24:37+00:00","og_image":[{"width":1920,"height":1080,"url":"https:\/\/tg4-docs.s3.amazonaws.com\/wp-content\/uploads\/2024\/01\/12155621\/Lucht_Feachana_2023_1-1920x1080-1.jpg","type":"image\/jpeg"}],"twitter_card":"summary_large_image","twitter_image":"https:\/\/tg4-docs.s3.amazonaws.com\/wp-content\/uploads\/2024\/01\/12155621\/Lucht_Feachana_2023_1-1920x1080-1.jpg","twitter_site":"@TG4TV","twitter_misc":{"Est. reading time":"6 minutes"},"schema":{"@context":"https:\/\/schema.org","@graph":[{"@type":"WebPage","@id":"https:\/\/dev.tg4.ie\/ga\/eolas\/preas\/nuacht-raitis\/2024-2\/bliain-iontach-ab-ea-2023-do-tg4\/","url":"https:\/\/dev.tg4.ie\/ga\/eolas\/preas\/nuacht-raitis\/2024-2\/bliain-iontach-ab-ea-2023-do-tg4\/","name":"Bliain iontach ab ea 2023 do TG4 | Preas R\u00e1iteas | TG4","isPartOf":{"@id":"https:\/\/dev.tg4.ie\/en\/#website"},"primaryImageOfPage":{"@id":"https:\/\/dev.tg4.ie\/ga\/eolas\/preas\/nuacht-raitis\/2024-2\/bliain-iontach-ab-ea-2023-do-tg4\/#primaryimage"},"image":{"@id":"https:\/\/dev.tg4.ie\/ga\/eolas\/preas\/nuacht-raitis\/2024-2\/bliain-iontach-ab-ea-2023-do-tg4\/#primaryimage"},"thumbnailUrl":"https:\/\/dev.tg4.ie\/wp-content\/uploads\/2024\/01\/Lucht_Feachana_2023_1-1920x1080-1.jpg","datePublished":"2024-01-12T16:23:06+00:00","dateModified":"2024-01-12T16:24:37+00:00","description":"Bliain iontach ab ea 2023 do TG4 agus an Sciar is Airde den Lucht F\u00e9achana \u00f3 2009 Bainte Amach aige.","breadcrumb":{"@id":"https:\/\/dev.tg4.ie\/ga\/eolas\/preas\/nuacht-raitis\/2024-2\/bliain-iontach-ab-ea-2023-do-tg4\/#breadcrumb"},"inLanguage":"ga","potentialAction":[{"@type":"ReadAction","target":["https:\/\/dev.tg4.ie\/ga\/eolas\/preas\/nuacht-raitis\/2024-2\/bliain-iontach-ab-ea-2023-do-tg4\/"]}]},{"@type":"ImageObject","inLanguage":"ga","@id":"https:\/\/dev.tg4.ie\/ga\/eolas\/preas\/nuacht-raitis\/2024-2\/bliain-iontach-ab-ea-2023-do-tg4\/#primaryimage","url":"https:\/\/dev.tg4.ie\/wp-content\/uploads\/2024\/01\/Lucht_Feachana_2023_1-1920x1080-1.jpg","contentUrl":"https:\/\/dev.tg4.ie\/wp-content\/uploads\/2024\/01\/Lucht_Feachana_2023_1-1920x1080-1.jpg"},{"@type":"BreadcrumbList","@id":"https:\/\/dev.tg4.ie\/ga\/eolas\/preas\/nuacht-raitis\/2024-2\/bliain-iontach-ab-ea-2023-do-tg4\/#breadcrumb","itemListElement":[{"@type":"ListItem","position":1,"name":"Home","item":"https:\/\/dev.tg4.ie\/ga\/"},{"@type":"ListItem","position":2,"name":"Eolas","item":"https:\/\/dev.tg4.ie\/ga\/eolas\/"},{"@type":"ListItem","position":3,"name":"Preas","item":"https:\/\/dev.tg4.ie\/ga\/eolas\/preas\/"},{"@type":"ListItem","position":4,"name":"Nuacht R\u00e1itis","item":"https:\/\/dev.tg4.ie\/ga\/eolas\/preas\/nuacht-raitis\/"},{"@type":"ListItem","position":5,"name":"2024","item":"https:\/\/dev.tg4.ie\/ga\/eolas\/preas\/nuacht-raitis\/2024-2\/"},{"@type":"ListItem","position":6,"name":"Bliain iontach ab ea 2023 do TG4"}]},{"@type":"WebSite","@id":"https:\/\/dev.tg4.ie\/en\/#website","url":"https:\/\/dev.tg4.ie\/en\/","name":"TG4","description":"S\u00fail Eile","potentialAction":[{"@type":"SearchAction","target":{"@type":"EntryPoint","urlTemplate":"https:\/\/dev.tg4.ie\/en\/?s={search_term_string}"},"query-input":"required name=search_term_string"}],"inLanguage":"ga"}]}},"_links":{"self":[{"href":"https:\/\/dev.tg4.ie\/ga\/wp-json\/wp\/v2\/pages\/208272"}],"collection":[{"href":"https:\/\/dev.tg4.ie\/ga\/wp-json\/wp\/v2\/pages"}],"about":[{"href":"https:\/\/dev.tg4.ie\/ga\/wp-json\/wp\/v2\/types\/page"}],"author":[{"embeddable":true,"href":"https:\/\/dev.tg4.ie\/ga\/wp-json\/wp\/v2\/users\/876"}],"replies":[{"embeddable":true,"href":"https:\/\/dev.tg4.ie\/ga\/wp-json\/wp\/v2\/comments?post=208272"}],"version-history":[{"count":0,"href":"https:\/\/dev.tg4.ie\/ga\/wp-json\/wp\/v2\/pages\/208272\/revisions"}],"up":[{"embeddable":true,"href":"https:\/\/dev.tg4.ie\/ga\/wp-json\/wp\/v2\/pages\/208148"}],"wp:attachment":[{"href":"https:\/\/dev.tg4.ie\/ga\/wp-json\/wp\/v2\/media?parent=208272"}],"curies":[{"name":"wp","href":"https:\/\/api.w.org\/{rel}","templated":true}]}}