{"id":208494,"date":"2024-01-19T16:43:25","date_gmt":"2024-01-19T16:43:25","guid":{"rendered":"https:\/\/dev.tg4.ie\/?page_id=208494"},"modified":"2024-01-19T16:43:25","modified_gmt":"2024-01-19T16:43:25","slug":"cludach-cluichi-gaelacha-tg4-an-tearrach-seo","status":"publish","type":"page","link":"https:\/\/dev.tg4.ie\/ga\/eolas\/preas\/nuacht-raitis\/2024-2\/cludach-cluichi-gaelacha-tg4-an-tearrach-seo\/","title":{"rendered":"Cl\u00fadach Cluich\u00ed Gaelacha TG4 an tEarrach seo"},"content":{"rendered":"<p><img loading=\"lazy\" decoding=\"async\" width=\"1920\" height=\"1080\" src=\"https:\/\/tg4-docs.s3.amazonaws.com\/wp-content\/uploads\/2022\/07\/25124238\/GAA_Beo_22_1_1920x1080.jpg\" alt=\"\" class=\"aligncenter size-full wp-image-171293\" srcset=\"https:\/\/tg4-docs.s3.amazonaws.com\/wp-content\/uploads\/2022\/07\/25124238\/GAA_Beo_22_1_1920x1080.jpg 1920w, https:\/\/tg4-docs.s3.amazonaws.com\/wp-content\/uploads\/2022\/07\/25124238\/GAA_Beo_22_1_1920x1080-250x141.jpg 250w, https:\/\/tg4-docs.s3.amazonaws.com\/wp-content\/uploads\/2022\/07\/25124238\/GAA_Beo_22_1_1920x1080-700x394.jpg 700w, https:\/\/tg4-docs.s3.amazonaws.com\/wp-content\/uploads\/2022\/07\/25124238\/GAA_Beo_22_1_1920x1080-252x141.jpg 252w, https:\/\/tg4-docs.s3.amazonaws.com\/wp-content\/uploads\/2022\/07\/25124238\/GAA_Beo_22_1_1920x1080-1536x864.jpg 1536w, https:\/\/tg4-docs.s3.amazonaws.com\/wp-content\/uploads\/2022\/07\/25124238\/GAA_Beo_22_1_1920x1080-120x68.jpg 120w\" sizes=\"(max-width: 1920px) 100vw, 1920px\" \/><br \/>\n&nbsp;<\/p>\n<p>T\u00e1 TG4 r\u00edm\u00e9adach a sceideal fuinni\u00fail de chl\u00fadach Cluich\u00ed Gaelacha a fh\u00f3gairt do sh\u00e9as\u00far an earraigh at\u00e1 romhainn. Le rogha iontach cluich\u00ed, lena n-\u00e1ir\u00edtear, Sraithchom\u00f3rtais Allianz, babhta\u00ed ceannais AIB, Sraithchom\u00f3rtais Lidl agus cluich\u00ed na gCol\u00e1ist\u00ed, Scoileanna agus Faoi-20 CLG, t\u00e1 TG4 f\u00f3s ina cheann scr\u00edbe ag lucht lean\u00fana na gCluich\u00ed Gaelacha.<br \/>\nAr an ioml\u00e1n, taispe\u00e1nfar 101 cluiche CLG Beo agus Peil na mBan Beo idir Ean\u00e1ir agus Aibre\u00e1n, 64 cluiche ar TG4 agus 37 cluiche ar l\u00edne. Beidh 15 cluiche beo de chuid Pheil na mBan Beo \u00f3 Shraithchom\u00f3rtais Lidl \u00e1 dtaispe\u00e1int, 11 cluiche ar TG4 agus 4 cluiche ar l\u00edne.<br \/>\n&nbsp;<\/p>\n<p><strong>Sraitheanna Allianz<\/strong><\/p>\n<p>\u00d3 mh\u00edonna Ean\u00e1ir agus an Aibre\u00e1in, beidh 42 cluiche de Shraithchom\u00f3rtais Allianz, l\u00edon dochreidte, \u00e1 gcraoladh ag TG4, a chinnteoidh nach mbeidh an lucht lean\u00fana ag cailli\u00faint amach ar oiread agus n\u00f3im\u00e9ad amh\u00e1in den aicsean idirchontae. Taispe\u00e1nfar ceithre chluiche gach aon deireadh seachtaine, le cluiche beo amh\u00e1in gach aon Satharn, dh\u00e1 chluiche beo gach Domhnach agus an tr\u00ed\u00fa cluiche beo ar Sheinnteoir TG4 agus ar Aip TG4, a bheidh le craoladh n\u00edos d\u00e9ana\u00ed ar TG4.<\/p>\n<p>Cuirfear t\u00fas le Sraithchom\u00f3rtais Allianz le cluiche idir \u00c1th Cliath agus Muineach\u00e1n, D\u00e9 Sathairn an 28 Ean\u00e1ir agus Gaillimh in aghaidh Mhaigh Eo, T\u00edr Eoghain in aghaidh Ros Com\u00e1in agus D\u00fan na nGall in aghaidh Chorca\u00ed, D\u00e9 Domhnaigh an 29 Ean\u00e1ir.<\/p>\n<p>Ag teacht sna s\u00e1la orthu sin t\u00e1 an Iom\u00e1na\u00edocht i Sraithchom\u00f3rtas Allianz le h\u00c1th Cliath in aghaidh Thiobraid \u00c1rann, D\u00e9 Sathairn an 3 Feabhra agus an Cl\u00e1r i gcoinne Chorca\u00ed D\u00e9 Domhnaigh an 4 Feabhra, chomh maith le dh\u00e1 Chluiche eile \u00f3 Shraithchom\u00f3rtas Allianz.<\/p>\n<p>T\u00e1 S\u00e1r-Chluich\u00ed an tSathairn agus S\u00e1r-Chluich\u00ed an Domhnaigh, a bhfuil t\u00f3ir mh\u00f3r orthu, ag filleadh leis an mbabhta deiridh de Shraithchom\u00f3rtas Peile Allianz, ina bhfuil an fhaisn\u00e9is is deireana\u00ed \u00f3 na babhta\u00ed deiridh go l\u00e9ir i gcluich\u00ed Roinn 1 agus Roinn 2 a bheidh \u00e1 gcraoladh ag an am c\u00e9anna ar GAA Beo ar an 23 agus 24 M\u00e1rta.<br \/>\n&nbsp;<\/p>\n<p><strong>Cluich\u00ed Ceannais Clubanna AIB<\/strong><\/p>\n<p>Aon tseachtain amh\u00e1in roimh Shraithchom\u00f3rtais Allianz, an 21 Ean\u00e1ir, beidh s\u00faile gach duine ar TG4 agus an lucht f\u00e9achana ar fud na t\u00edre faoi gheasa ag Cluich\u00ed Ceannais Clubanna AIB. Tabharfaidh Gaeil U\u00ed Lochlainn (Cill Chainnigh) aghaidh ar Naomh Tom\u00e1s (Gaillimh) sa Chluiche Ceannais Iom\u00e1na sula dtugann An Gleann (Doire) agus Naomh Br\u00edd (Ros Com\u00e1in) aghaidh ar a ch\u00e9ile sa chluiche cinni\u00fanach peile.<br \/>\n&nbsp;<\/p>\n<p><strong>CLG na gCol\u00e1ist\u00ed, Scoileanna agus Faoi 20<\/strong> <\/p>\n<p>Chomh maith le Sraithchom\u00f3rtais Peile Allianz agus Cluich\u00ed Ceannais Clubanna AIB, beidh sceideal spreag\u00fail CLG na gCol\u00e1ist\u00ed, na Scoileanna agus na gCluich\u00ed Faoi 20 \u00e1 gcraoladh ag TG4 don lucht f\u00e9achana ar feadh an earraigh. \u00c1ir\u00edtear anseo, raon com\u00f3rtais \u00f3 Chluich\u00ed Ceannais Chorn Mhic Giob\u00fain agus Sigerson i m\u00ed Feabhra, coirn an Chr\u00f3caigh agus U\u00ed \u00d3g\u00e1in sa Mh\u00e1rta agus Craobhchom\u00f3rtais Faoi 20 san Aibre\u00e1n. T\u00e1 liosta ioml\u00e1n de Chl\u00e1r Cluich\u00ed CLG ar TG4 an tEarrach seo le f\u00e1il th\u00edos.<br \/>\n&nbsp;<\/p>\n<p><strong>Sraithchom\u00f3rtais Lidl<\/strong><\/p>\n<p>Cuirfear t\u00fas leis an gcl\u00fadach ar Shraithchom\u00f3rtais Lidl Pheil na mBan Beo D\u00e9 Sathairn an 20 Ean\u00e1ir le cluiche m\u00f3r idir \u00c1th Cliath agus Ciarra\u00ed, athimirt de Chraobhchom\u00f3rtas Uile-\u00c9ireann TG4 na bliana seo caite. Leanfar \u00e9 sin le cl\u00fadach de gach babhta de na 7 mbabhta i Roinn 1, chomh maith le Cluich\u00ed Ceannais gach ceann de na ceithre roinn a gcraoladh beo. T\u00e1 liosta ioml\u00e1n de Chl\u00e1r Cluich\u00ed Shraithchom\u00f3rtas Lidl le f\u00e1il th\u00edos.<br \/>\n&nbsp;<\/p>\n<p><strong>B\u00ed p\u00e1irteach sa Chomhr\u00e1 @SportTG4<\/strong> <\/p>\n<p>B\u00ed ag caint le pobal CLG ar na me\u00e1in sh\u00f3isialta, beidh gearrth\u00f3ga beo agus tr\u00e1chtaireacht \u00f3 na cluich\u00ed go l\u00e9ir at\u00e1 thuas \u00e1 roinnt <a href=\"https:\/\/x.com\/SportTG4\" rel=\"noopener\" target=\"_blank\">@SportTG4<\/a> ar <a href=\"https:\/\/x.com\/SportTG4\" rel=\"noopener\" target=\"_blank\">Twitter \/ X<\/a>, chomh maith leis na buaicphoint\u00ed a bheith ar <a href=\"https:\/\/www.instagram.com\/sporttg4\/\" rel=\"noopener\" target=\"_blank\">Instagram<\/a> agus <a href=\"https:\/\/www.facebook.com\/SportTG4\/\" rel=\"noopener\" target=\"_blank\">Facebook<\/a>. Tabhair do chuid tuairim\u00ed, tuartha agus na buaicphoint\u00ed ab fhearr leat de r\u00e9ir mar a bheidh TG4 ag tabhairt buaicphoint\u00ed CLG chuig sc\u00e1ile\u00e1in ar fud na t\u00edre.<br \/>\n&nbsp;<\/p>\n<p>Nemeton TV i nGaeltachta na Rinne in Iarthar Phort L\u00e1irge a l\u00e9ir\u00edonn GAA Beo agus Peil na mBan Beo.  Is iad Miche\u00e1l \u00d3 Domhnaill agus M\u00e1ire N\u00ed Bhraon\u00e1in faoi seach, a chuirfidh na sraitheanna i l\u00e1thair, le foireann tr\u00e1chtaireachta faoi sti\u00fair Brian Tyers, agus t\u00e1 breis is 60 anail\u00eds\u00ed nach f\u00e9idir a dtaith\u00ed a sh\u00e1r\u00fa ar th\u00fas cadhna\u00edochta an chluiche.  <\/p>\n<p>&nbsp;<br \/>\n&nbsp;<\/p>\n","protected":false},"excerpt":{"rendered":"<p>&nbsp; T\u00e1 TG4 r\u00edm\u00e9adach a sceideal fuinni\u00fail de chl\u00fadach Cluich\u00ed Gaelacha a fh\u00f3gairt do sh\u00e9as\u00far an earraigh at\u00e1 romhainn. Le rogha iontach cluich\u00ed, lena n-\u00e1ir\u00edtear, Sraithchom\u00f3rtais Allianz, babhta\u00ed ceannais AIB, Sraithchom\u00f3rtais Lidl agus cluich\u00ed na gCol\u00e1ist\u00ed, Scoileanna agus Faoi-20 CLG, t\u00e1 TG4 f\u00f3s ina cheann scr\u00edbe ag lucht lean\u00fana na gCluich\u00ed Gaelacha. Ar an ioml\u00e1n, [&hellip;]<\/p>\n","protected":false},"author":876,"featured_media":0,"parent":208148,"menu_order":1,"comment_status":"closed","ping_status":"closed","template":"page-templates\/template-pr.php","meta":{"_acf_changed":false,"footnotes":""},"acf":[],"yoast_head":"<!-- This site is optimized with the Yoast SEO plugin v22.6 - https:\/\/yoast.com\/wordpress\/plugins\/seo\/ -->\n<title>Cl\u00fadach Cluich\u00ed Gaelacha TG4 an tEarrach seo | Preas R\u00e1iteas | TG4<\/title>\n<meta name=\"description\" content=\"T\u00e1 TG4 r\u00edm\u00e9adach a sceideal fuinni\u00fail de chl\u00fadach Cluich\u00ed Gaelacha a fh\u00f3gairt do sh\u00e9as\u00far an earraigh at\u00e1 romhainn. Le rogha iontach cluich\u00ed, lena n-\u00e1ir\u00edtear, Sraithchom\u00f3rtais Allianz, babhta\u00ed ceannais AIB, Sraithchom\u00f3rtais Lidl agus cluich\u00ed na gCol\u00e1ist\u00ed, Scoileanna agus Faoi-20 CLG, t\u00e1 TG4 f\u00f3s ina cheann scr\u00edbe ag lucht lean\u00fana na gCluich\u00ed Gaelacha.\" \/>\n<meta name=\"robots\" content=\"index, follow, max-snippet:-1, max-image-preview:large, max-video-preview:-1\" \/>\n<meta property=\"og:locale\" content=\"en_US\" \/>\n<meta property=\"og:type\" content=\"article\" \/>\n<meta property=\"og:title\" content=\"Cl\u00fadach Cluich\u00ed Gaelacha TG4 an tEarrach seo | Preas R\u00e1iteas | TG4\" \/>\n<meta property=\"og:description\" content=\"T\u00e1 TG4 r\u00edm\u00e9adach a sceideal fuinni\u00fail de chl\u00fadach Cluich\u00ed Gaelacha a fh\u00f3gairt do sh\u00e9as\u00far an earraigh at\u00e1 romhainn. Le rogha iontach cluich\u00ed, lena n-\u00e1ir\u00edtear, Sraithchom\u00f3rtais Allianz, babhta\u00ed ceannais AIB, Sraithchom\u00f3rtais Lidl agus cluich\u00ed na gCol\u00e1ist\u00ed, Scoileanna agus Faoi-20 CLG, t\u00e1 TG4 f\u00f3s ina cheann scr\u00edbe ag lucht lean\u00fana na gCluich\u00ed Gaelacha.\" \/>\n<meta property=\"og:url\" content=\"https:\/\/dev.tg4.ie\/ga\/eolas\/preas\/nuacht-raitis\/2024-2\/cludach-cluichi-gaelacha-tg4-an-tearrach-seo\/\" \/>\n<meta property=\"og:site_name\" content=\"TG4\" \/>\n<meta property=\"article:publisher\" content=\"https:\/\/www.facebook.com\/TG4TV\" \/>\n<meta property=\"og:image\" content=\"https:\/\/tg4-docs.s3.amazonaws.com\/wp-content\/uploads\/2022\/07\/25124238\/GAA_Beo_22_1_1920x1080.jpg\" \/>\n\t<meta property=\"og:image:width\" content=\"1920\" \/>\n\t<meta property=\"og:image:height\" content=\"1080\" \/>\n\t<meta property=\"og:image:type\" content=\"image\/jpeg\" \/>\n<meta name=\"twitter:card\" content=\"summary_large_image\" \/>\n<meta name=\"twitter:image\" content=\"https:\/\/tg4-docs.s3.amazonaws.com\/wp-content\/uploads\/2022\/07\/25124238\/GAA_Beo_22_1_1920x1080.jpg\" \/>\n<meta name=\"twitter:site\" content=\"@TG4TV\" \/>\n<meta name=\"twitter:label1\" content=\"Est. reading time\" \/>\n\t<meta name=\"twitter:data1\" content=\"4 minutes\" \/>\n<script type=\"application\/ld+json\" class=\"yoast-schema-graph\">{\"@context\":\"https:\/\/schema.org\",\"@graph\":[{\"@type\":\"WebPage\",\"@id\":\"https:\/\/dev.tg4.ie\/ga\/eolas\/preas\/nuacht-raitis\/2024-2\/cludach-cluichi-gaelacha-tg4-an-tearrach-seo\/\",\"url\":\"https:\/\/dev.tg4.ie\/ga\/eolas\/preas\/nuacht-raitis\/2024-2\/cludach-cluichi-gaelacha-tg4-an-tearrach-seo\/\",\"name\":\"Cl\u00fadach Cluich\u00ed Gaelacha TG4 an tEarrach seo | Preas R\u00e1iteas | TG4\",\"isPartOf\":{\"@id\":\"https:\/\/dev.tg4.ie\/en\/#website\"},\"primaryImageOfPage\":{\"@id\":\"https:\/\/dev.tg4.ie\/ga\/eolas\/preas\/nuacht-raitis\/2024-2\/cludach-cluichi-gaelacha-tg4-an-tearrach-seo\/#primaryimage\"},\"image\":{\"@id\":\"https:\/\/dev.tg4.ie\/ga\/eolas\/preas\/nuacht-raitis\/2024-2\/cludach-cluichi-gaelacha-tg4-an-tearrach-seo\/#primaryimage\"},\"thumbnailUrl\":\"https:\/\/dev.tg4.ie\/wp-content\/uploads\/2022\/07\/GAA_Beo_22_1_1920x1080.jpg\",\"datePublished\":\"2024-01-19T16:43:25+00:00\",\"dateModified\":\"2024-01-19T16:43:25+00:00\",\"description\":\"T\u00e1 TG4 r\u00edm\u00e9adach a sceideal fuinni\u00fail de chl\u00fadach Cluich\u00ed Gaelacha a fh\u00f3gairt do sh\u00e9as\u00far an earraigh at\u00e1 romhainn. Le rogha iontach cluich\u00ed, lena n-\u00e1ir\u00edtear, Sraithchom\u00f3rtais Allianz, babhta\u00ed ceannais AIB, Sraithchom\u00f3rtais Lidl agus cluich\u00ed na gCol\u00e1ist\u00ed, Scoileanna agus Faoi-20 CLG, t\u00e1 TG4 f\u00f3s ina cheann scr\u00edbe ag lucht lean\u00fana na gCluich\u00ed Gaelacha.\",\"breadcrumb\":{\"@id\":\"https:\/\/dev.tg4.ie\/ga\/eolas\/preas\/nuacht-raitis\/2024-2\/cludach-cluichi-gaelacha-tg4-an-tearrach-seo\/#breadcrumb\"},\"inLanguage\":\"ga\",\"potentialAction\":[{\"@type\":\"ReadAction\",\"target\":[\"https:\/\/dev.tg4.ie\/ga\/eolas\/preas\/nuacht-raitis\/2024-2\/cludach-cluichi-gaelacha-tg4-an-tearrach-seo\/\"]}]},{\"@type\":\"ImageObject\",\"inLanguage\":\"ga\",\"@id\":\"https:\/\/dev.tg4.ie\/ga\/eolas\/preas\/nuacht-raitis\/2024-2\/cludach-cluichi-gaelacha-tg4-an-tearrach-seo\/#primaryimage\",\"url\":\"https:\/\/dev.tg4.ie\/wp-content\/uploads\/2022\/07\/GAA_Beo_22_1_1920x1080.jpg\",\"contentUrl\":\"https:\/\/dev.tg4.ie\/wp-content\/uploads\/2022\/07\/GAA_Beo_22_1_1920x1080.jpg\"},{\"@type\":\"BreadcrumbList\",\"@id\":\"https:\/\/dev.tg4.ie\/ga\/eolas\/preas\/nuacht-raitis\/2024-2\/cludach-cluichi-gaelacha-tg4-an-tearrach-seo\/#breadcrumb\",\"itemListElement\":[{\"@type\":\"ListItem\",\"position\":1,\"name\":\"Home\",\"item\":\"https:\/\/dev.tg4.ie\/ga\/\"},{\"@type\":\"ListItem\",\"position\":2,\"name\":\"Eolas\",\"item\":\"https:\/\/dev.tg4.ie\/ga\/eolas\/\"},{\"@type\":\"ListItem\",\"position\":3,\"name\":\"Preas\",\"item\":\"https:\/\/dev.tg4.ie\/ga\/eolas\/preas\/\"},{\"@type\":\"ListItem\",\"position\":4,\"name\":\"Nuacht R\u00e1itis\",\"item\":\"https:\/\/dev.tg4.ie\/ga\/eolas\/preas\/nuacht-raitis\/\"},{\"@type\":\"ListItem\",\"position\":5,\"name\":\"2024\",\"item\":\"https:\/\/dev.tg4.ie\/ga\/eolas\/preas\/nuacht-raitis\/2024-2\/\"},{\"@type\":\"ListItem\",\"position\":6,\"name\":\"Cl\u00fadach Cluich\u00ed Gaelacha TG4 an tEarrach seo\"}]},{\"@type\":\"WebSite\",\"@id\":\"https:\/\/dev.tg4.ie\/en\/#website\",\"url\":\"https:\/\/dev.tg4.ie\/en\/\",\"name\":\"TG4\",\"description\":\"S\u00fail Eile\",\"potentialAction\":[{\"@type\":\"SearchAction\",\"target\":{\"@type\":\"EntryPoint\",\"urlTemplate\":\"https:\/\/dev.tg4.ie\/en\/?s={search_term_string}\"},\"query-input\":\"required name=search_term_string\"}],\"inLanguage\":\"ga\"}]}<\/script>\n<!-- \/ Yoast SEO plugin. -->","yoast_head_json":{"title":"Cl\u00fadach Cluich\u00ed Gaelacha TG4 an tEarrach seo | Preas R\u00e1iteas | TG4","description":"T\u00e1 TG4 r\u00edm\u00e9adach a sceideal fuinni\u00fail de chl\u00fadach Cluich\u00ed Gaelacha a fh\u00f3gairt do sh\u00e9as\u00far an earraigh at\u00e1 romhainn. Le rogha iontach cluich\u00ed, lena n-\u00e1ir\u00edtear, Sraithchom\u00f3rtais Allianz, babhta\u00ed ceannais AIB, Sraithchom\u00f3rtais Lidl agus cluich\u00ed na gCol\u00e1ist\u00ed, Scoileanna agus Faoi-20 CLG, t\u00e1 TG4 f\u00f3s ina cheann scr\u00edbe ag lucht lean\u00fana na gCluich\u00ed Gaelacha.","robots":{"index":"index","follow":"follow","max-snippet":"max-snippet:-1","max-image-preview":"max-image-preview:large","max-video-preview":"max-video-preview:-1"},"og_locale":"en_US","og_type":"article","og_title":"Cl\u00fadach Cluich\u00ed Gaelacha TG4 an tEarrach seo | Preas R\u00e1iteas | TG4","og_description":"T\u00e1 TG4 r\u00edm\u00e9adach a sceideal fuinni\u00fail de chl\u00fadach Cluich\u00ed Gaelacha a fh\u00f3gairt do sh\u00e9as\u00far an earraigh at\u00e1 romhainn. Le rogha iontach cluich\u00ed, lena n-\u00e1ir\u00edtear, Sraithchom\u00f3rtais Allianz, babhta\u00ed ceannais AIB, Sraithchom\u00f3rtais Lidl agus cluich\u00ed na gCol\u00e1ist\u00ed, Scoileanna agus Faoi-20 CLG, t\u00e1 TG4 f\u00f3s ina cheann scr\u00edbe ag lucht lean\u00fana na gCluich\u00ed Gaelacha.","og_url":"https:\/\/dev.tg4.ie\/ga\/eolas\/preas\/nuacht-raitis\/2024-2\/cludach-cluichi-gaelacha-tg4-an-tearrach-seo\/","og_site_name":"TG4","article_publisher":"https:\/\/www.facebook.com\/TG4TV","og_image":[{"width":1920,"height":1080,"url":"https:\/\/tg4-docs.s3.amazonaws.com\/wp-content\/uploads\/2022\/07\/25124238\/GAA_Beo_22_1_1920x1080.jpg","type":"image\/jpeg"}],"twitter_card":"summary_large_image","twitter_image":"https:\/\/tg4-docs.s3.amazonaws.com\/wp-content\/uploads\/2022\/07\/25124238\/GAA_Beo_22_1_1920x1080.jpg","twitter_site":"@TG4TV","twitter_misc":{"Est. reading time":"4 minutes"},"schema":{"@context":"https:\/\/schema.org","@graph":[{"@type":"WebPage","@id":"https:\/\/dev.tg4.ie\/ga\/eolas\/preas\/nuacht-raitis\/2024-2\/cludach-cluichi-gaelacha-tg4-an-tearrach-seo\/","url":"https:\/\/dev.tg4.ie\/ga\/eolas\/preas\/nuacht-raitis\/2024-2\/cludach-cluichi-gaelacha-tg4-an-tearrach-seo\/","name":"Cl\u00fadach Cluich\u00ed Gaelacha TG4 an tEarrach seo | Preas R\u00e1iteas | TG4","isPartOf":{"@id":"https:\/\/dev.tg4.ie\/en\/#website"},"primaryImageOfPage":{"@id":"https:\/\/dev.tg4.ie\/ga\/eolas\/preas\/nuacht-raitis\/2024-2\/cludach-cluichi-gaelacha-tg4-an-tearrach-seo\/#primaryimage"},"image":{"@id":"https:\/\/dev.tg4.ie\/ga\/eolas\/preas\/nuacht-raitis\/2024-2\/cludach-cluichi-gaelacha-tg4-an-tearrach-seo\/#primaryimage"},"thumbnailUrl":"https:\/\/dev.tg4.ie\/wp-content\/uploads\/2022\/07\/GAA_Beo_22_1_1920x1080.jpg","datePublished":"2024-01-19T16:43:25+00:00","dateModified":"2024-01-19T16:43:25+00:00","description":"T\u00e1 TG4 r\u00edm\u00e9adach a sceideal fuinni\u00fail de chl\u00fadach Cluich\u00ed Gaelacha a fh\u00f3gairt do sh\u00e9as\u00far an earraigh at\u00e1 romhainn. Le rogha iontach cluich\u00ed, lena n-\u00e1ir\u00edtear, Sraithchom\u00f3rtais Allianz, babhta\u00ed ceannais AIB, Sraithchom\u00f3rtais Lidl agus cluich\u00ed na gCol\u00e1ist\u00ed, Scoileanna agus Faoi-20 CLG, t\u00e1 TG4 f\u00f3s ina cheann scr\u00edbe ag lucht lean\u00fana na gCluich\u00ed Gaelacha.","breadcrumb":{"@id":"https:\/\/dev.tg4.ie\/ga\/eolas\/preas\/nuacht-raitis\/2024-2\/cludach-cluichi-gaelacha-tg4-an-tearrach-seo\/#breadcrumb"},"inLanguage":"ga","potentialAction":[{"@type":"ReadAction","target":["https:\/\/dev.tg4.ie\/ga\/eolas\/preas\/nuacht-raitis\/2024-2\/cludach-cluichi-gaelacha-tg4-an-tearrach-seo\/"]}]},{"@type":"ImageObject","inLanguage":"ga","@id":"https:\/\/dev.tg4.ie\/ga\/eolas\/preas\/nuacht-raitis\/2024-2\/cludach-cluichi-gaelacha-tg4-an-tearrach-seo\/#primaryimage","url":"https:\/\/dev.tg4.ie\/wp-content\/uploads\/2022\/07\/GAA_Beo_22_1_1920x1080.jpg","contentUrl":"https:\/\/dev.tg4.ie\/wp-content\/uploads\/2022\/07\/GAA_Beo_22_1_1920x1080.jpg"},{"@type":"BreadcrumbList","@id":"https:\/\/dev.tg4.ie\/ga\/eolas\/preas\/nuacht-raitis\/2024-2\/cludach-cluichi-gaelacha-tg4-an-tearrach-seo\/#breadcrumb","itemListElement":[{"@type":"ListItem","position":1,"name":"Home","item":"https:\/\/dev.tg4.ie\/ga\/"},{"@type":"ListItem","position":2,"name":"Eolas","item":"https:\/\/dev.tg4.ie\/ga\/eolas\/"},{"@type":"ListItem","position":3,"name":"Preas","item":"https:\/\/dev.tg4.ie\/ga\/eolas\/preas\/"},{"@type":"ListItem","position":4,"name":"Nuacht R\u00e1itis","item":"https:\/\/dev.tg4.ie\/ga\/eolas\/preas\/nuacht-raitis\/"},{"@type":"ListItem","position":5,"name":"2024","item":"https:\/\/dev.tg4.ie\/ga\/eolas\/preas\/nuacht-raitis\/2024-2\/"},{"@type":"ListItem","position":6,"name":"Cl\u00fadach Cluich\u00ed Gaelacha TG4 an tEarrach seo"}]},{"@type":"WebSite","@id":"https:\/\/dev.tg4.ie\/en\/#website","url":"https:\/\/dev.tg4.ie\/en\/","name":"TG4","description":"S\u00fail Eile","potentialAction":[{"@type":"SearchAction","target":{"@type":"EntryPoint","urlTemplate":"https:\/\/dev.tg4.ie\/en\/?s={search_term_string}"},"query-input":"required name=search_term_string"}],"inLanguage":"ga"}]}},"_links":{"self":[{"href":"https:\/\/dev.tg4.ie\/ga\/wp-json\/wp\/v2\/pages\/208494"}],"collection":[{"href":"https:\/\/dev.tg4.ie\/ga\/wp-json\/wp\/v2\/pages"}],"about":[{"href":"https:\/\/dev.tg4.ie\/ga\/wp-json\/wp\/v2\/types\/page"}],"author":[{"embeddable":true,"href":"https:\/\/dev.tg4.ie\/ga\/wp-json\/wp\/v2\/users\/876"}],"replies":[{"embeddable":true,"href":"https:\/\/dev.tg4.ie\/ga\/wp-json\/wp\/v2\/comments?post=208494"}],"version-history":[{"count":0,"href":"https:\/\/dev.tg4.ie\/ga\/wp-json\/wp\/v2\/pages\/208494\/revisions"}],"up":[{"embeddable":true,"href":"https:\/\/dev.tg4.ie\/ga\/wp-json\/wp\/v2\/pages\/208148"}],"wp:attachment":[{"href":"https:\/\/dev.tg4.ie\/ga\/wp-json\/wp\/v2\/media?parent=208494"}],"curies":[{"name":"wp","href":"https:\/\/api.w.org\/{rel}","templated":true}]}}