{"id":208512,"date":"2024-01-19T21:33:55","date_gmt":"2024-01-19T21:33:55","guid":{"rendered":"https:\/\/dev.tg4.ie\/?page_id=208512"},"modified":"2024-01-19T21:33:55","modified_gmt":"2024-01-19T21:33:55","slug":"comhphairtiocht-le-clg-liathroid-laimhe-fogartha-ag-tg4","status":"publish","type":"page","link":"https:\/\/dev.tg4.ie\/ga\/eolas\/preas\/nuacht-raitis\/2024-2\/comhphairtiocht-le-clg-liathroid-laimhe-fogartha-ag-tg4\/","title":{"rendered":"Comhph\u00e1irt\u00edocht le CLG Liathr\u00f3id L\u00e1imhe f\u00f3gartha ag TG4"},"content":{"rendered":"<p><img loading=\"lazy\" decoding=\"async\" width=\"1920\" height=\"1080\" src=\"https:\/\/tg4-docs.s3.amazonaws.com\/tg4-redesign-2015\/wp-content\/uploads\/2019\/12\/Sport_TG4_GAA_1_1920x1080.jpg\" alt=\"\" class=\"aligncenter size-full wp-image-111424\" srcset=\"https:\/\/tg4-docs.s3.amazonaws.com\/tg4-redesign-2015\/wp-content\/uploads\/2019\/12\/Sport_TG4_GAA_1_1920x1080.jpg 1920w, https:\/\/tg4-docs.s3.amazonaws.com\/tg4-redesign-2015\/wp-content\/uploads\/2019\/12\/Sport_TG4_GAA_1_1920x1080-250x141.jpg 250w, https:\/\/tg4-docs.s3.amazonaws.com\/tg4-redesign-2015\/wp-content\/uploads\/2019\/12\/Sport_TG4_GAA_1_1920x1080-700x394.jpg 700w, https:\/\/tg4-docs.s3.amazonaws.com\/tg4-redesign-2015\/wp-content\/uploads\/2019\/12\/Sport_TG4_GAA_1_1920x1080-252x141.jpg 252w, https:\/\/tg4-docs.s3.amazonaws.com\/tg4-redesign-2015\/wp-content\/uploads\/2019\/12\/Sport_TG4_GAA_1_1920x1080-1536x864.jpg 1536w, https:\/\/tg4-docs.s3.amazonaws.com\/tg4-redesign-2015\/wp-content\/uploads\/2019\/12\/Sport_TG4_GAA_1_1920x1080-120x68.jpg 120w\" sizes=\"(max-width: 1920px) 100vw, 1920px\" \/><br \/>\n&nbsp;<\/p>\n<p>Is c\u00fais \u00e1thais do TG4 a chomhph\u00e1irt\u00edocht le CLG Liathr\u00f3id L\u00e1imhe a fh\u00f3gairt, an comhlacht rialaithe don liathr\u00f3id l\u00e1imhe in \u00c9irinn. Tr\u00edd an gcomhoibri\u00fa iontach seo, beidh TG4 ag cur chun cinn agus ag taispe\u00e1int imeachta\u00ed CLG Liathr\u00f3id L\u00e1imhe ar a ard\u00e1n digiteach, YouTube Sp\u00f3rt TG4.<br \/>\n&nbsp;<\/p>\n<p>Mar chuid den chomhph\u00e1irt\u00edocht seo, d\u00e9anfaidh YouTube Sp\u00f3rt TG4 sruth\u00fa beo ar 14 imeacht CLG Liathr\u00f3id L\u00e1imhe sa bhliain 2024, lena n-\u00e1ir\u00edtear, Craobh an Domhain sa Liathr\u00f3id Balla agus Craobh an Domhain sa 4-Balla araon. Is f\u00e9idir le daoine gur bre\u00e1 leo liathr\u00f3id l\u00e1imhe agus lucht lean\u00fana sp\u00f3irt araon s\u00e1samh a bhaint as na cluich\u00ed spreag\u00fala \u00f3 na craobhacha domhanda seo agus iad suite go bre\u00e1 compordach sa bhaile. Cuirfear t\u00fas leis an gc\u00e9ad cheann de na himeachta\u00ed seo an deireadh seachtaine beag seo le Craobh an Domhain sa She&#8217;s ACE, D\u00e9 Sathairn, 20 Ean\u00e1ir agus D\u00e9 Domhnaigh an 21 Ean\u00e1ir beo ar <a href=\"https:\/\/www.youtube.com\/@SportTG4\" rel=\"noopener\" target=\"_blank\">YouTube Sp\u00f3rt TG4<\/a>.<br \/>\n&nbsp;<\/p>\n<p>Chun freastal ar lucht f\u00e9achana ilghn\u00e9itheach, cuirfidh TG4 na buaicphoint\u00ed tarraingteacha freisin de na gr\u00e1id oscailte\/scothaicm\u00ed de Chraobh an Domhain sa Liathr\u00f3id Balla agus Craobh an Domhain sa 4-Balla araon i l\u00e1thair, a chinnteoidh go mbeidh ar chumas an lucht lean\u00fana na buaicphoint\u00ed is tarraingt\u00ed de na himeachta\u00ed m\u00f3r le r\u00e1 seo a fheice\u00e1il.<br \/>\n&nbsp;<\/p>\n<p>Lena thiomantas do CLG Liathr\u00f3id L\u00e1imhe a dhaingni\u00fa tuilleadh, l\u00e9ireoidh TG4 Imeachta\u00ed N\u00e1isi\u00fanta CLG Liathr\u00f3id L\u00e1imhe mar chuid d\u00e1 chl\u00fadach leathan CLG 2024 gach o\u00edche Luain. Cuirfidh an cl\u00fadach leathan seo ard\u00e1n n\u00edos leithne ar\u00eds ar f\u00e1il don sp\u00f3rt agus tabharfaidh an deis don lucht lean\u00fana ar fud na t\u00edre scileanna agus tr\u00e9ine na n-imreoir\u00ed liathr\u00f3id l\u00e1imhe is fearr sa t\u00edr a fheice\u00e1il.<br \/>\n&nbsp;<\/p>\n<p>T\u00e1 cl\u00e1r faisn\u00e9ise uair an chloig \u00e1 l\u00e9iri\u00fa ag TG4 agus ag CLG Liathr\u00f3id L\u00e1imhe maidir le 100 bliain den Liathr\u00f3id L\u00e1imhe chun ceili\u00faradh a dh\u00e9anamh ar ch\u00e9ad bliain na heagra\u00edochta. Craolfar an cl\u00e1r seo ar TG4 mar chuid de Sceideal an Fh\u00f3mhair.<br \/>\n&nbsp;<\/p>\n<p><em>&#8220;T\u00e1 CLG Liathr\u00f3id L\u00e1imhe thar a bheith s\u00e1sta an chomhph\u00e1irt\u00edocht chraolt\u00f3ireachta seo le TG4 a fh\u00f3gairt. Ciall\u00f3idh an comhaont\u00fa go mbeidh imeachta\u00ed n\u00e1isi\u00fanta CLG Liathr\u00f3id L\u00e1imhe \u00e1 gcraoladh tr\u00ed ard\u00e1in TG4 agus beidh cl\u00fadach breise ar bhuaicphoint\u00ed ar Chl\u00e1r Buaicphoint\u00ed CLG TG4 o\u00edcheanta D\u00e9 Luain. Beidh cl\u00fadach eisiach de Chraobh an Domhain sa Liathr\u00f3id L\u00e1imhe (Liathr\u00f3id Balla agus 4-Balla) araon ar fud ard\u00e1in \u00e9ags\u00fala TG4. Is forbairt mh\u00f3r at\u00e1 i gceist anseo don sp\u00f3rt agus cuideoidh s\u00e9 leis an liathr\u00f3id l\u00e1imhe a thaispe\u00e1int do lucht f\u00e9achana n\u00edos leithne. Is mian le CLG Liathr\u00f3id L\u00e1imhe moladh ar leith a thabhairt do R\u00f3n\u00e1n \u00d3 Coisdealbha, Ceannaire Sp\u00f3irt TG4 agus Shane Walsh, Sp\u00f3rt TG4, as an obair mh\u00f3r at\u00e1 curtha isteach acu chun an chomhph\u00e1irt\u00edocht seo a fhorbairt.&#8221;<\/em> \u2013 <strong>David Britton, Ceannaire CLG Liathr\u00f3id L\u00e1imhe<\/strong>.<br \/>\n&nbsp;<\/p>\n<p><em>&#8220;T\u00e1 CLG Liathr\u00f3id L\u00e1imhe r\u00edm\u00e9adach a chloiste\u00e1il faoin gcomhaont\u00fa comhph\u00e1irt\u00edochta seo le TG4 do 2024. Is mian liom bu\u00edochas a ghlacadh le TG4 agus le David Britton, Ceannasa\u00ed Liathr\u00f3id L\u00e1imhe as a gcuid oibre agus rannph\u00e1irt\u00edochta ar mhaithe leis an m\u00e9id seo a bhaint amach.  Is iontach an sc\u00e9al \u00e9 a chloiste\u00e1il go mbeidh liathr\u00f3id l\u00e1imhe, sp\u00f3rt nach raibh le feice\u00e1il ar an teilif\u00eds le dh\u00e1 bhliain d\u00e9ag anuas, le sruth\u00fa beo tr\u00ed chain\u00e9al TG4 YouTube agus a bheidh le feice\u00e1il ar Chl\u00e1r Buaicphoint\u00ed CLG TG4 o\u00edcheanta D\u00e9 Luain.  Beidh Craobhacha an Domhain sa Liathr\u00f3id Balla agus sa Liathr\u00f3id 4-Balla, imeachta\u00ed oscailte\/scothaicm\u00ed araon \u00e1 l\u00e9iri\u00fa ar TG4 le linn d\u00fainn a bheith ag ceili\u00faradh 100 bliain ar an bhf\u00f3d.&#8221;<\/em> \u2013 <strong>Conor McDonnell, Uachtar\u00e1n CLG Liathr\u00f3id L\u00e1imhe<\/strong>.<br \/>\n&nbsp;<\/p>\n<p>Chomh maith le sruth\u00fa beo agus le cl\u00e1racha buaicphoint\u00ed, d\u00e9anfar iarracht tuilleadh dul chun cinn a dh\u00e9anamh leis an gcomhph\u00e1irt\u00edocht seo ar CLG Liathr\u00f3id L\u00e1imhe tr\u00ed leathanaigh me\u00e1n s\u00f3isialta Sp\u00f3rt TG4. Tr\u00ed leas a bhaint as an m\u00e9id lucht f\u00e9achana a bh\u00edonn ag faire ar an ard\u00e1n seo, t\u00e1 s\u00e9 mar chusp\u00f3ir ag TG4 agus ag CLG Liathr\u00f3id L\u00e1imhe lucht lean\u00fana nua a mhealladh, cur le rannph\u00e1irt\u00edocht agus mar chusp\u00f3ir deiridh cur le pr\u00f3if\u00edl an sp\u00f3irt.<\/p>\n<p>&nbsp;<br \/>\n&nbsp;<\/p>\n","protected":false},"excerpt":{"rendered":"<p>&nbsp; Is c\u00fais \u00e1thais do TG4 a chomhph\u00e1irt\u00edocht le CLG Liathr\u00f3id L\u00e1imhe a fh\u00f3gairt, an comhlacht rialaithe don liathr\u00f3id l\u00e1imhe in \u00c9irinn. Tr\u00edd an gcomhoibri\u00fa iontach seo, beidh TG4 ag cur chun cinn agus ag taispe\u00e1int imeachta\u00ed CLG Liathr\u00f3id L\u00e1imhe ar a ard\u00e1n digiteach, YouTube Sp\u00f3rt TG4. &nbsp; Mar chuid den chomhph\u00e1irt\u00edocht seo, d\u00e9anfaidh YouTube [&hellip;]<\/p>\n","protected":false},"author":876,"featured_media":0,"parent":208148,"menu_order":2,"comment_status":"closed","ping_status":"closed","template":"page-templates\/template-pr.php","meta":{"_acf_changed":false,"footnotes":""},"acf":[],"yoast_head":"<!-- This site is optimized with the Yoast SEO plugin v22.6 - https:\/\/yoast.com\/wordpress\/plugins\/seo\/ -->\n<title>Comhph\u00e1irt\u00edocht le CLG Liathr\u00f3id L\u00e1imhe f\u00f3gartha ag TG4 | Preas R\u00e1iteas | TG4<\/title>\n<meta name=\"description\" content=\"Is c\u00fais \u00e1thais do TG4 a chomhph\u00e1irt\u00edocht le CLG Liathr\u00f3id L\u00e1imhe a fh\u00f3gairt, an comhlacht rialaithe don liathr\u00f3id l\u00e1imhe in \u00c9irinn. Tr\u00edd an gcomhoibri\u00fa iontach seo, beidh TG4 ag cur chun cinn agus ag taispe\u00e1int imeachta\u00ed CLG Liathr\u00f3id L\u00e1imhe ar a ard\u00e1n digiteach, YouTube Sp\u00f3rt TG4.\" \/>\n<meta name=\"robots\" content=\"index, follow, max-snippet:-1, max-image-preview:large, max-video-preview:-1\" \/>\n<meta property=\"og:locale\" content=\"en_US\" \/>\n<meta property=\"og:type\" content=\"article\" \/>\n<meta property=\"og:title\" content=\"Comhph\u00e1irt\u00edocht le CLG Liathr\u00f3id L\u00e1imhe f\u00f3gartha ag TG4 | Preas R\u00e1iteas | TG4\" \/>\n<meta property=\"og:description\" content=\"Is c\u00fais \u00e1thais do TG4 a chomhph\u00e1irt\u00edocht le CLG Liathr\u00f3id L\u00e1imhe a fh\u00f3gairt, an comhlacht rialaithe don liathr\u00f3id l\u00e1imhe in \u00c9irinn. Tr\u00edd an gcomhoibri\u00fa iontach seo, beidh TG4 ag cur chun cinn agus ag taispe\u00e1int imeachta\u00ed CLG Liathr\u00f3id L\u00e1imhe ar a ard\u00e1n digiteach, YouTube Sp\u00f3rt TG4.\" \/>\n<meta property=\"og:url\" content=\"https:\/\/dev.tg4.ie\/ga\/eolas\/preas\/nuacht-raitis\/2024-2\/comhphairtiocht-le-clg-liathroid-laimhe-fogartha-ag-tg4\/\" \/>\n<meta property=\"og:site_name\" content=\"TG4\" \/>\n<meta property=\"article:publisher\" content=\"https:\/\/www.facebook.com\/TG4TV\" \/>\n<meta property=\"og:image\" content=\"https:\/\/tg4-docs.s3.amazonaws.com\/tg4-redesign-2015\/wp-content\/uploads\/2019\/12\/Sport_TG4_GAA_1_1920x1080.jpg\" \/>\n\t<meta property=\"og:image:width\" content=\"1920\" \/>\n\t<meta property=\"og:image:height\" content=\"1080\" \/>\n\t<meta property=\"og:image:type\" content=\"image\/jpeg\" \/>\n<meta name=\"twitter:card\" content=\"summary_large_image\" \/>\n<meta name=\"twitter:image\" content=\"https:\/\/tg4-docs.s3.amazonaws.com\/tg4-redesign-2015\/wp-content\/uploads\/2019\/12\/Sport_TG4_GAA_1_1920x1080.jpg\" \/>\n<meta name=\"twitter:site\" content=\"@TG4TV\" \/>\n<meta name=\"twitter:label1\" content=\"Est. reading time\" \/>\n\t<meta name=\"twitter:data1\" content=\"4 minutes\" \/>\n<script type=\"application\/ld+json\" class=\"yoast-schema-graph\">{\"@context\":\"https:\/\/schema.org\",\"@graph\":[{\"@type\":\"WebPage\",\"@id\":\"https:\/\/dev.tg4.ie\/ga\/eolas\/preas\/nuacht-raitis\/2024-2\/comhphairtiocht-le-clg-liathroid-laimhe-fogartha-ag-tg4\/\",\"url\":\"https:\/\/dev.tg4.ie\/ga\/eolas\/preas\/nuacht-raitis\/2024-2\/comhphairtiocht-le-clg-liathroid-laimhe-fogartha-ag-tg4\/\",\"name\":\"Comhph\u00e1irt\u00edocht le CLG Liathr\u00f3id L\u00e1imhe f\u00f3gartha ag TG4 | Preas R\u00e1iteas | TG4\",\"isPartOf\":{\"@id\":\"https:\/\/dev.tg4.ie\/en\/#website\"},\"primaryImageOfPage\":{\"@id\":\"https:\/\/dev.tg4.ie\/ga\/eolas\/preas\/nuacht-raitis\/2024-2\/comhphairtiocht-le-clg-liathroid-laimhe-fogartha-ag-tg4\/#primaryimage\"},\"image\":{\"@id\":\"https:\/\/dev.tg4.ie\/ga\/eolas\/preas\/nuacht-raitis\/2024-2\/comhphairtiocht-le-clg-liathroid-laimhe-fogartha-ag-tg4\/#primaryimage\"},\"thumbnailUrl\":\"https:\/\/dev.tg4.ie\/wp-content\/uploads\/2019\/12\/Sport_TG4_GAA_1_1920x1080.jpg\",\"datePublished\":\"2024-01-19T21:33:55+00:00\",\"dateModified\":\"2024-01-19T21:33:55+00:00\",\"description\":\"Is c\u00fais \u00e1thais do TG4 a chomhph\u00e1irt\u00edocht le CLG Liathr\u00f3id L\u00e1imhe a fh\u00f3gairt, an comhlacht rialaithe don liathr\u00f3id l\u00e1imhe in \u00c9irinn. Tr\u00edd an gcomhoibri\u00fa iontach seo, beidh TG4 ag cur chun cinn agus ag taispe\u00e1int imeachta\u00ed CLG Liathr\u00f3id L\u00e1imhe ar a ard\u00e1n digiteach, YouTube Sp\u00f3rt TG4.\",\"breadcrumb\":{\"@id\":\"https:\/\/dev.tg4.ie\/ga\/eolas\/preas\/nuacht-raitis\/2024-2\/comhphairtiocht-le-clg-liathroid-laimhe-fogartha-ag-tg4\/#breadcrumb\"},\"inLanguage\":\"ga\",\"potentialAction\":[{\"@type\":\"ReadAction\",\"target\":[\"https:\/\/dev.tg4.ie\/ga\/eolas\/preas\/nuacht-raitis\/2024-2\/comhphairtiocht-le-clg-liathroid-laimhe-fogartha-ag-tg4\/\"]}]},{\"@type\":\"ImageObject\",\"inLanguage\":\"ga\",\"@id\":\"https:\/\/dev.tg4.ie\/ga\/eolas\/preas\/nuacht-raitis\/2024-2\/comhphairtiocht-le-clg-liathroid-laimhe-fogartha-ag-tg4\/#primaryimage\",\"url\":\"https:\/\/dev.tg4.ie\/wp-content\/uploads\/2019\/12\/Sport_TG4_GAA_1_1920x1080.jpg\",\"contentUrl\":\"https:\/\/dev.tg4.ie\/wp-content\/uploads\/2019\/12\/Sport_TG4_GAA_1_1920x1080.jpg\"},{\"@type\":\"BreadcrumbList\",\"@id\":\"https:\/\/dev.tg4.ie\/ga\/eolas\/preas\/nuacht-raitis\/2024-2\/comhphairtiocht-le-clg-liathroid-laimhe-fogartha-ag-tg4\/#breadcrumb\",\"itemListElement\":[{\"@type\":\"ListItem\",\"position\":1,\"name\":\"Home\",\"item\":\"https:\/\/dev.tg4.ie\/ga\/\"},{\"@type\":\"ListItem\",\"position\":2,\"name\":\"Eolas\",\"item\":\"https:\/\/dev.tg4.ie\/ga\/eolas\/\"},{\"@type\":\"ListItem\",\"position\":3,\"name\":\"Preas\",\"item\":\"https:\/\/dev.tg4.ie\/ga\/eolas\/preas\/\"},{\"@type\":\"ListItem\",\"position\":4,\"name\":\"Nuacht R\u00e1itis\",\"item\":\"https:\/\/dev.tg4.ie\/ga\/eolas\/preas\/nuacht-raitis\/\"},{\"@type\":\"ListItem\",\"position\":5,\"name\":\"2024\",\"item\":\"https:\/\/dev.tg4.ie\/ga\/eolas\/preas\/nuacht-raitis\/2024-2\/\"},{\"@type\":\"ListItem\",\"position\":6,\"name\":\"Comhph\u00e1irt\u00edocht le CLG Liathr\u00f3id L\u00e1imhe f\u00f3gartha ag TG4\"}]},{\"@type\":\"WebSite\",\"@id\":\"https:\/\/dev.tg4.ie\/en\/#website\",\"url\":\"https:\/\/dev.tg4.ie\/en\/\",\"name\":\"TG4\",\"description\":\"S\u00fail Eile\",\"potentialAction\":[{\"@type\":\"SearchAction\",\"target\":{\"@type\":\"EntryPoint\",\"urlTemplate\":\"https:\/\/dev.tg4.ie\/en\/?s={search_term_string}\"},\"query-input\":\"required name=search_term_string\"}],\"inLanguage\":\"ga\"}]}<\/script>\n<!-- \/ Yoast SEO plugin. -->","yoast_head_json":{"title":"Comhph\u00e1irt\u00edocht le CLG Liathr\u00f3id L\u00e1imhe f\u00f3gartha ag TG4 | Preas R\u00e1iteas | TG4","description":"Is c\u00fais \u00e1thais do TG4 a chomhph\u00e1irt\u00edocht le CLG Liathr\u00f3id L\u00e1imhe a fh\u00f3gairt, an comhlacht rialaithe don liathr\u00f3id l\u00e1imhe in \u00c9irinn. Tr\u00edd an gcomhoibri\u00fa iontach seo, beidh TG4 ag cur chun cinn agus ag taispe\u00e1int imeachta\u00ed CLG Liathr\u00f3id L\u00e1imhe ar a ard\u00e1n digiteach, YouTube Sp\u00f3rt TG4.","robots":{"index":"index","follow":"follow","max-snippet":"max-snippet:-1","max-image-preview":"max-image-preview:large","max-video-preview":"max-video-preview:-1"},"og_locale":"en_US","og_type":"article","og_title":"Comhph\u00e1irt\u00edocht le CLG Liathr\u00f3id L\u00e1imhe f\u00f3gartha ag TG4 | Preas R\u00e1iteas | TG4","og_description":"Is c\u00fais \u00e1thais do TG4 a chomhph\u00e1irt\u00edocht le CLG Liathr\u00f3id L\u00e1imhe a fh\u00f3gairt, an comhlacht rialaithe don liathr\u00f3id l\u00e1imhe in \u00c9irinn. Tr\u00edd an gcomhoibri\u00fa iontach seo, beidh TG4 ag cur chun cinn agus ag taispe\u00e1int imeachta\u00ed CLG Liathr\u00f3id L\u00e1imhe ar a ard\u00e1n digiteach, YouTube Sp\u00f3rt TG4.","og_url":"https:\/\/dev.tg4.ie\/ga\/eolas\/preas\/nuacht-raitis\/2024-2\/comhphairtiocht-le-clg-liathroid-laimhe-fogartha-ag-tg4\/","og_site_name":"TG4","article_publisher":"https:\/\/www.facebook.com\/TG4TV","og_image":[{"width":1920,"height":1080,"url":"https:\/\/tg4-docs.s3.amazonaws.com\/tg4-redesign-2015\/wp-content\/uploads\/2019\/12\/Sport_TG4_GAA_1_1920x1080.jpg","type":"image\/jpeg"}],"twitter_card":"summary_large_image","twitter_image":"https:\/\/tg4-docs.s3.amazonaws.com\/tg4-redesign-2015\/wp-content\/uploads\/2019\/12\/Sport_TG4_GAA_1_1920x1080.jpg","twitter_site":"@TG4TV","twitter_misc":{"Est. reading time":"4 minutes"},"schema":{"@context":"https:\/\/schema.org","@graph":[{"@type":"WebPage","@id":"https:\/\/dev.tg4.ie\/ga\/eolas\/preas\/nuacht-raitis\/2024-2\/comhphairtiocht-le-clg-liathroid-laimhe-fogartha-ag-tg4\/","url":"https:\/\/dev.tg4.ie\/ga\/eolas\/preas\/nuacht-raitis\/2024-2\/comhphairtiocht-le-clg-liathroid-laimhe-fogartha-ag-tg4\/","name":"Comhph\u00e1irt\u00edocht le CLG Liathr\u00f3id L\u00e1imhe f\u00f3gartha ag TG4 | Preas R\u00e1iteas | TG4","isPartOf":{"@id":"https:\/\/dev.tg4.ie\/en\/#website"},"primaryImageOfPage":{"@id":"https:\/\/dev.tg4.ie\/ga\/eolas\/preas\/nuacht-raitis\/2024-2\/comhphairtiocht-le-clg-liathroid-laimhe-fogartha-ag-tg4\/#primaryimage"},"image":{"@id":"https:\/\/dev.tg4.ie\/ga\/eolas\/preas\/nuacht-raitis\/2024-2\/comhphairtiocht-le-clg-liathroid-laimhe-fogartha-ag-tg4\/#primaryimage"},"thumbnailUrl":"https:\/\/dev.tg4.ie\/wp-content\/uploads\/2019\/12\/Sport_TG4_GAA_1_1920x1080.jpg","datePublished":"2024-01-19T21:33:55+00:00","dateModified":"2024-01-19T21:33:55+00:00","description":"Is c\u00fais \u00e1thais do TG4 a chomhph\u00e1irt\u00edocht le CLG Liathr\u00f3id L\u00e1imhe a fh\u00f3gairt, an comhlacht rialaithe don liathr\u00f3id l\u00e1imhe in \u00c9irinn. Tr\u00edd an gcomhoibri\u00fa iontach seo, beidh TG4 ag cur chun cinn agus ag taispe\u00e1int imeachta\u00ed CLG Liathr\u00f3id L\u00e1imhe ar a ard\u00e1n digiteach, YouTube Sp\u00f3rt TG4.","breadcrumb":{"@id":"https:\/\/dev.tg4.ie\/ga\/eolas\/preas\/nuacht-raitis\/2024-2\/comhphairtiocht-le-clg-liathroid-laimhe-fogartha-ag-tg4\/#breadcrumb"},"inLanguage":"ga","potentialAction":[{"@type":"ReadAction","target":["https:\/\/dev.tg4.ie\/ga\/eolas\/preas\/nuacht-raitis\/2024-2\/comhphairtiocht-le-clg-liathroid-laimhe-fogartha-ag-tg4\/"]}]},{"@type":"ImageObject","inLanguage":"ga","@id":"https:\/\/dev.tg4.ie\/ga\/eolas\/preas\/nuacht-raitis\/2024-2\/comhphairtiocht-le-clg-liathroid-laimhe-fogartha-ag-tg4\/#primaryimage","url":"https:\/\/dev.tg4.ie\/wp-content\/uploads\/2019\/12\/Sport_TG4_GAA_1_1920x1080.jpg","contentUrl":"https:\/\/dev.tg4.ie\/wp-content\/uploads\/2019\/12\/Sport_TG4_GAA_1_1920x1080.jpg"},{"@type":"BreadcrumbList","@id":"https:\/\/dev.tg4.ie\/ga\/eolas\/preas\/nuacht-raitis\/2024-2\/comhphairtiocht-le-clg-liathroid-laimhe-fogartha-ag-tg4\/#breadcrumb","itemListElement":[{"@type":"ListItem","position":1,"name":"Home","item":"https:\/\/dev.tg4.ie\/ga\/"},{"@type":"ListItem","position":2,"name":"Eolas","item":"https:\/\/dev.tg4.ie\/ga\/eolas\/"},{"@type":"ListItem","position":3,"name":"Preas","item":"https:\/\/dev.tg4.ie\/ga\/eolas\/preas\/"},{"@type":"ListItem","position":4,"name":"Nuacht R\u00e1itis","item":"https:\/\/dev.tg4.ie\/ga\/eolas\/preas\/nuacht-raitis\/"},{"@type":"ListItem","position":5,"name":"2024","item":"https:\/\/dev.tg4.ie\/ga\/eolas\/preas\/nuacht-raitis\/2024-2\/"},{"@type":"ListItem","position":6,"name":"Comhph\u00e1irt\u00edocht le CLG Liathr\u00f3id L\u00e1imhe f\u00f3gartha ag TG4"}]},{"@type":"WebSite","@id":"https:\/\/dev.tg4.ie\/en\/#website","url":"https:\/\/dev.tg4.ie\/en\/","name":"TG4","description":"S\u00fail Eile","potentialAction":[{"@type":"SearchAction","target":{"@type":"EntryPoint","urlTemplate":"https:\/\/dev.tg4.ie\/en\/?s={search_term_string}"},"query-input":"required name=search_term_string"}],"inLanguage":"ga"}]}},"_links":{"self":[{"href":"https:\/\/dev.tg4.ie\/ga\/wp-json\/wp\/v2\/pages\/208512"}],"collection":[{"href":"https:\/\/dev.tg4.ie\/ga\/wp-json\/wp\/v2\/pages"}],"about":[{"href":"https:\/\/dev.tg4.ie\/ga\/wp-json\/wp\/v2\/types\/page"}],"author":[{"embeddable":true,"href":"https:\/\/dev.tg4.ie\/ga\/wp-json\/wp\/v2\/users\/876"}],"replies":[{"embeddable":true,"href":"https:\/\/dev.tg4.ie\/ga\/wp-json\/wp\/v2\/comments?post=208512"}],"version-history":[{"count":0,"href":"https:\/\/dev.tg4.ie\/ga\/wp-json\/wp\/v2\/pages\/208512\/revisions"}],"up":[{"embeddable":true,"href":"https:\/\/dev.tg4.ie\/ga\/wp-json\/wp\/v2\/pages\/208148"}],"wp:attachment":[{"href":"https:\/\/dev.tg4.ie\/ga\/wp-json\/wp\/v2\/media?parent=208512"}],"curies":[{"name":"wp","href":"https:\/\/api.w.org\/{rel}","templated":true}]}}