{"id":208984,"date":"2024-01-29T17:09:24","date_gmt":"2024-01-29T17:09:24","guid":{"rendered":"https:\/\/dev.tg4.ie\/?page_id=208984"},"modified":"2024-01-29T17:11:52","modified_gmt":"2024-01-29T17:11:52","slug":"bhuaigh-an-scannan-gaeilge-kneecap-gradam-an-lucht-feachana-ag-an-bhfeile-scannan-sundance","status":"publish","type":"page","link":"https:\/\/dev.tg4.ie\/ga\/eolas\/preas\/nuacht-raitis\/2024-2\/bhuaigh-an-scannan-gaeilge-kneecap-gradam-an-lucht-feachana-ag-an-bhfeile-scannan-sundance\/","title":{"rendered":"Bhuaigh an scann\u00e1n Gaeilge KNEECAP Gradam an Lucht F\u00e9achana ag an bhF\u00e9ile Scann\u00e1n Sundance"},"content":{"rendered":"<p><img loading=\"lazy\" decoding=\"async\" width=\"1920\" height=\"1080\" src=\"https:\/\/tg4-docs.s3.amazonaws.com\/wp-content\/uploads\/2024\/01\/29170628\/KNEECAP_Scannan_1-1920x1080-1.jpg\" alt=\"\" class=\"aligncenter size-full wp-image-208993\" srcset=\"https:\/\/tg4-docs.s3.amazonaws.com\/wp-content\/uploads\/2024\/01\/29170628\/KNEECAP_Scannan_1-1920x1080-1.jpg 1920w, https:\/\/tg4-docs.s3.amazonaws.com\/wp-content\/uploads\/2024\/01\/29170628\/KNEECAP_Scannan_1-1920x1080-1-250x141.jpg 250w, https:\/\/tg4-docs.s3.amazonaws.com\/wp-content\/uploads\/2024\/01\/29170628\/KNEECAP_Scannan_1-1920x1080-1-700x394.jpg 700w, https:\/\/tg4-docs.s3.amazonaws.com\/wp-content\/uploads\/2024\/01\/29170628\/KNEECAP_Scannan_1-1920x1080-1-252x141.jpg 252w, https:\/\/tg4-docs.s3.amazonaws.com\/wp-content\/uploads\/2024\/01\/29170628\/KNEECAP_Scannan_1-1920x1080-1-1536x864.jpg 1536w, https:\/\/tg4-docs.s3.amazonaws.com\/wp-content\/uploads\/2024\/01\/29170628\/KNEECAP_Scannan_1-1920x1080-1-120x68.jpg 120w\" sizes=\"(max-width: 1920px) 100vw, 1920px\" \/><br \/>\n<sup>Pic: Rich Peppiatt, Jessica Reynolds, Liam \u00d3g \u00d3 Hannaidh, DJ Pr\u00f3va\u00ed, Naoise \u00d3 Caireall\u00e1in, Simone Kirby agus Fionnuala Flaherty<\/sup><\/p>\n<p>&nbsp;<\/p>\n<p>Bhuaigh an scann\u00e1n Gaeilge KNEECAP Gradam an Lucht F\u00e9achana ag an bhF\u00e9ile Scann\u00e1n Sundance.  Is \u00e9 seo an ch\u00e9ad fhadscann\u00e1n \u00c9ireannach a bhuaigh gradam ag an bhf\u00e9ile \u00f3 bh\u00ed an scann\u00e1n ONCE le John Carney ann in 2007.<br \/>\n&nbsp;<br \/>\nAg labhairt d\u00f3 faoin mbua, d\u00fairt an <strong>scr\u00edbhneoir agus sti\u00farth\u00f3ir KNEECAP, Rich Peppiatt<\/strong>: <em>&#8220;T\u00e1 nath cainte ann i nGaeilge \u2013 N\u00ed mhaireann solas na maidine don l\u00e1 \u2013 rud a chialla\u00edonn nach maireann grian na maidine an l\u00e1 ar fad. Bhuel, rinne an tseachtain iontach a bh\u00ed againn anseo ag Sundance scr\u00fad\u00fa air sin &#8211; agus t\u00e1imid ag baint sult as achan n\u00f3im\u00e9ad de.&#8221;<\/em><br \/>\n&nbsp;<br \/>\nD\u00fairt an banna ceoil <strong>Kneecap<\/strong> freisin: <em>&#8220;T\u00e1 r\u00edm\u00e9ad orainn go bhfuil a leith\u00e9id de ghradam bronnta ar an gc\u00e9ad scann\u00e1n Gaeilge ag Sundance. T\u00e1 s\u00fail againn go dtabharfaidh s\u00e9 misneach do mhuintir na h\u00c9ireann tabhairt faoi na heala\u00edona tr\u00edna dteanga dh\u00fachais.&#8221;<\/em><br \/>\n&nbsp;<br \/>\nTagann bua na ngradam go dl\u00fath sna s\u00e1la ar an bhf\u00e9ile, \u00e1it ar \u00e9irigh go han-mhaith leis an scann\u00e1n. \u00d3 taispe\u00e1nadh den ch\u00e9ad uair \u00e9 an tseachtain seo caite, t\u00e1 KNEECAP, a bh\u00ed ar an gc\u00e9ad scann\u00e1n Gaeilge riamh a roghna\u00edodh don fh\u00e9ile, ag f\u00e1il l\u00e9irmheasanna iontacha \u00f3 l\u00e9irmheast\u00f3ir\u00ed agus \u00f3n lucht f\u00e9achana araon. Chomh maith leis sin, d\u2019\u00e9irigh leis an scann\u00e1n margadh m\u00f3r idirn\u00e1isi\u00fanta le Sony Pictures Classics a dh\u00e9anamh le linn na f\u00e9ile agus t\u00e1 an scann\u00e1n anois le heisi\u00faint i Meirice\u00e1 Thuaidh agus i marga\u00ed m\u00f3ra domhanda eile.<br \/>\n&nbsp;<\/p>\n<p>Deir <strong>Proinsias N\u00ed Ghr\u00e1inne, Eagarth\u00f3ir Coimisi\u00fanaithe TG4<\/strong> gur l\u00e9ir gurb \u00e9 <em>&#8220;TG4 an craolt\u00f3ir is fearr don scann\u00e1n seo &#8216;Kneecap&#8217; &#8211;  scann\u00e1n grinn, d\u00e1na agus spleodrach, ar aor dorcha \u00e9 ach a bhfuil sc\u00e9al r\u00e9ad\u00fail ann maidir le gn\u00edomhachas teanga. Is iontach an t-aitheantas \u00e9 do scann\u00e1na\u00edocht na Gaeilge agus mar a thaisteala\u00edonn \u00e1r dteanga &#8211; go mbeidh sc\u00e9al agus ceol Kneecap ag oscailt na f\u00e9ile scann\u00e1n neamhsple\u00e1ch is m\u00f3 ar domhan.&#8221;<\/em><br \/>\n&nbsp;<\/p>\n<p>In 1978 a buna\u00edodh F\u00e9ile Scann\u00e1n Sundance agus t\u00e1 s\u00ed ar an fh\u00e9ile is iomr\u00e1it\u00ed ar domhan \u00f3 thaobh na scann\u00e1n neamhsple\u00e1ch de.  Is \u00e9 KNEECAP an ch\u00e9ad scann\u00e1n riamh n\u00e1r l\u00e9ir\u00edodh i Meirice\u00e1 a roghna\u00edodh do rann\u00f3g NEXT na f\u00e9ile. De r\u00e9ir na f\u00e9ile f\u00e9in, na saothair a roghna\u00edtear faoin rann\u00f3g seo, is \u201csaothair \u00edona mhisni\u00fala iad agus is sonra\u00edoch an insint nu\u00e1lach cheannr\u00f3da\u00edoch a chleachtar iontu\u201d.<br \/>\n&nbsp;<\/p>\n<p>Seo an ch\u00e9ad scann\u00e1n beo-aicsin ag an scr\u00edbhneoir-sti\u00farth\u00f3ir Rich Peppiatt, fear a rinne an cl\u00e1r faisn\u00e9ise aorach One Rogue Reporter a thug duaiseanna go leor leis. Mha\u00edgh an LA Times gur banna iad Kneecap \u201ca chuirfeadh laethanta luatha Eminem i gcuimhne do dhuine\u201d agus t\u00e1 na l\u00e9irmheast\u00f3ir\u00ed \u00e1 moladh go barr bata as a measc\u00e1n eala\u00edonta rap Gaeilge agus B\u00e9arla a thugann aghaidh ar an saol crua cadr\u00e1nta at\u00e1 roimh an t\u00e9 a bh\u00edonn ag f\u00e1s an\u00edos i mB\u00e9al Feirste i ndiaidh aimsir na dTriobl\u00f3id\u00ed. Eis\u00edodh an singil &#8216;Better Way to Live&#8217; leo an mh\u00ed seo caite, singil ina bhfuil Grian Chatten ag ceol, agus t\u00e1 tn\u00fath m\u00f3r leis an ch\u00e9ad albam riamh uathu, a eiseofar go luath an bhliain seo chugainn.<br \/>\n&nbsp;<\/p>\n<p>Is iad Jack Tarling agus Trevor Birney, thar ceann Fine Point Films agus Mother Tongues Films, a l\u00e9irigh KNEECAP, in \u00e9ineacht le Patrick O\u2019Neill ag Wildcard a bh\u00ed ag feidhmi\u00fa mar Chomhl\u00e9iritheoir. Chuir na heagra\u00edochta\u00ed seo a leanas maoini\u00fa ar f\u00e1il don scann\u00e1n: Sc\u00e1ile\u00e1n Thuaisceart \u00c9ireann, An Ciste Craolt\u00f3ireachta Gaeilge, F\u00eds \u00c9ireann, BFI (a bhronn maoini\u00fa \u00f3n Chrannchur N\u00e1isi\u00fanta), Coimisi\u00fan na Me\u00e1n agus TG4 agus thug Great Point Media taca\u00edocht d\u00f3 chomh maith.<br \/>\n&nbsp;<br \/>\nIs iad Wildcard agus Curzona a eiseoidh an scann\u00e1n KNEECAP i bpicti\u00farlanna na h\u00c9ireann in 2024.<br \/>\n&nbsp;<br \/>\n&nbsp;<\/p>\n","protected":false},"excerpt":{"rendered":"<p>Pic: Rich Peppiatt, Jessica Reynolds, Liam \u00d3g \u00d3 Hannaidh, DJ Pr\u00f3va\u00ed, Naoise \u00d3 Caireall\u00e1in, Simone Kirby agus Fionnuala Flaherty &nbsp; Bhuaigh an scann\u00e1n Gaeilge KNEECAP Gradam an Lucht F\u00e9achana ag an bhF\u00e9ile Scann\u00e1n Sundance. Is \u00e9 seo an ch\u00e9ad fhadscann\u00e1n \u00c9ireannach a bhuaigh gradam ag an bhf\u00e9ile \u00f3 bh\u00ed an scann\u00e1n ONCE le John Carney [&hellip;]<\/p>\n","protected":false},"author":876,"featured_media":0,"parent":208148,"menu_order":3,"comment_status":"closed","ping_status":"closed","template":"page-templates\/template-pr.php","meta":{"_acf_changed":false,"footnotes":""},"acf":[],"yoast_head":"<!-- This site is optimized with the Yoast SEO plugin v22.6 - https:\/\/yoast.com\/wordpress\/plugins\/seo\/ -->\n<title>Bhuaigh an scann\u00e1n Gaeilge KNEECAP Gradam an Lucht F\u00e9achana ag an bhF\u00e9ile Scann\u00e1n Sundance | Preas R\u00e1iteas | TG4<\/title>\n<meta name=\"description\" content=\"Bhuaigh an scann\u00e1n Gaeilge KNEECAP Gradam an Lucht F\u00e9achana ag an bhF\u00e9ile Scann\u00e1n Sundance. Is \u00e9 seo an ch\u00e9ad fhadscann\u00e1n \u00c9ireannach a bhuaigh gradam ag an bhf\u00e9ile \u00f3 bh\u00ed an scann\u00e1n ONCE le John Carney ann in 2007.\" \/>\n<meta name=\"robots\" content=\"index, follow, max-snippet:-1, max-image-preview:large, max-video-preview:-1\" \/>\n<meta property=\"og:locale\" content=\"en_US\" \/>\n<meta property=\"og:type\" content=\"article\" \/>\n<meta property=\"og:title\" content=\"Bhuaigh an scann\u00e1n Gaeilge KNEECAP Gradam an Lucht F\u00e9achana ag an bhF\u00e9ile Scann\u00e1n Sundance | Preas R\u00e1iteas | TG4\" \/>\n<meta property=\"og:description\" content=\"Bhuaigh an scann\u00e1n Gaeilge KNEECAP Gradam an Lucht F\u00e9achana ag an bhF\u00e9ile Scann\u00e1n Sundance. Is \u00e9 seo an ch\u00e9ad fhadscann\u00e1n \u00c9ireannach a bhuaigh gradam ag an bhf\u00e9ile \u00f3 bh\u00ed an scann\u00e1n ONCE le John Carney ann in 2007.\" \/>\n<meta property=\"og:url\" content=\"https:\/\/dev.tg4.ie\/ga\/eolas\/preas\/nuacht-raitis\/2024-2\/bhuaigh-an-scannan-gaeilge-kneecap-gradam-an-lucht-feachana-ag-an-bhfeile-scannan-sundance\/\" \/>\n<meta property=\"og:site_name\" content=\"TG4\" \/>\n<meta property=\"article:publisher\" content=\"https:\/\/www.facebook.com\/TG4TV\" \/>\n<meta property=\"article:modified_time\" content=\"2024-01-29T17:11:52+00:00\" \/>\n<meta property=\"og:image\" content=\"https:\/\/tg4-docs.s3.amazonaws.com\/wp-content\/uploads\/2024\/01\/29170628\/KNEECAP_Scannan_1-1920x1080-1.jpg\" \/>\n\t<meta property=\"og:image:width\" content=\"1920\" \/>\n\t<meta property=\"og:image:height\" content=\"1080\" \/>\n\t<meta property=\"og:image:type\" content=\"image\/jpeg\" \/>\n<meta name=\"twitter:card\" content=\"summary_large_image\" \/>\n<meta name=\"twitter:image\" content=\"https:\/\/tg4-docs.s3.amazonaws.com\/wp-content\/uploads\/2024\/01\/29170628\/KNEECAP_Scannan_1-1920x1080-1.jpg\" \/>\n<meta name=\"twitter:site\" content=\"@TG4TV\" \/>\n<meta name=\"twitter:label1\" content=\"Est. reading time\" \/>\n\t<meta name=\"twitter:data1\" content=\"3 minutes\" \/>\n<script type=\"application\/ld+json\" class=\"yoast-schema-graph\">{\"@context\":\"https:\/\/schema.org\",\"@graph\":[{\"@type\":\"WebPage\",\"@id\":\"https:\/\/dev.tg4.ie\/ga\/eolas\/preas\/nuacht-raitis\/2024-2\/bhuaigh-an-scannan-gaeilge-kneecap-gradam-an-lucht-feachana-ag-an-bhfeile-scannan-sundance\/\",\"url\":\"https:\/\/dev.tg4.ie\/ga\/eolas\/preas\/nuacht-raitis\/2024-2\/bhuaigh-an-scannan-gaeilge-kneecap-gradam-an-lucht-feachana-ag-an-bhfeile-scannan-sundance\/\",\"name\":\"Bhuaigh an scann\u00e1n Gaeilge KNEECAP Gradam an Lucht F\u00e9achana ag an bhF\u00e9ile Scann\u00e1n Sundance | Preas R\u00e1iteas | TG4\",\"isPartOf\":{\"@id\":\"https:\/\/dev.tg4.ie\/en\/#website\"},\"primaryImageOfPage\":{\"@id\":\"https:\/\/dev.tg4.ie\/ga\/eolas\/preas\/nuacht-raitis\/2024-2\/bhuaigh-an-scannan-gaeilge-kneecap-gradam-an-lucht-feachana-ag-an-bhfeile-scannan-sundance\/#primaryimage\"},\"image\":{\"@id\":\"https:\/\/dev.tg4.ie\/ga\/eolas\/preas\/nuacht-raitis\/2024-2\/bhuaigh-an-scannan-gaeilge-kneecap-gradam-an-lucht-feachana-ag-an-bhfeile-scannan-sundance\/#primaryimage\"},\"thumbnailUrl\":\"https:\/\/dev.tg4.ie\/wp-content\/uploads\/2024\/01\/KNEECAP_Scannan_1-1920x1080-1.jpg\",\"datePublished\":\"2024-01-29T17:09:24+00:00\",\"dateModified\":\"2024-01-29T17:11:52+00:00\",\"description\":\"Bhuaigh an scann\u00e1n Gaeilge KNEECAP Gradam an Lucht F\u00e9achana ag an bhF\u00e9ile Scann\u00e1n Sundance. Is \u00e9 seo an ch\u00e9ad fhadscann\u00e1n \u00c9ireannach a bhuaigh gradam ag an bhf\u00e9ile \u00f3 bh\u00ed an scann\u00e1n ONCE le John Carney ann in 2007.\",\"breadcrumb\":{\"@id\":\"https:\/\/dev.tg4.ie\/ga\/eolas\/preas\/nuacht-raitis\/2024-2\/bhuaigh-an-scannan-gaeilge-kneecap-gradam-an-lucht-feachana-ag-an-bhfeile-scannan-sundance\/#breadcrumb\"},\"inLanguage\":\"ga\",\"potentialAction\":[{\"@type\":\"ReadAction\",\"target\":[\"https:\/\/dev.tg4.ie\/ga\/eolas\/preas\/nuacht-raitis\/2024-2\/bhuaigh-an-scannan-gaeilge-kneecap-gradam-an-lucht-feachana-ag-an-bhfeile-scannan-sundance\/\"]}]},{\"@type\":\"ImageObject\",\"inLanguage\":\"ga\",\"@id\":\"https:\/\/dev.tg4.ie\/ga\/eolas\/preas\/nuacht-raitis\/2024-2\/bhuaigh-an-scannan-gaeilge-kneecap-gradam-an-lucht-feachana-ag-an-bhfeile-scannan-sundance\/#primaryimage\",\"url\":\"https:\/\/dev.tg4.ie\/wp-content\/uploads\/2024\/01\/KNEECAP_Scannan_1-1920x1080-1.jpg\",\"contentUrl\":\"https:\/\/dev.tg4.ie\/wp-content\/uploads\/2024\/01\/KNEECAP_Scannan_1-1920x1080-1.jpg\"},{\"@type\":\"BreadcrumbList\",\"@id\":\"https:\/\/dev.tg4.ie\/ga\/eolas\/preas\/nuacht-raitis\/2024-2\/bhuaigh-an-scannan-gaeilge-kneecap-gradam-an-lucht-feachana-ag-an-bhfeile-scannan-sundance\/#breadcrumb\",\"itemListElement\":[{\"@type\":\"ListItem\",\"position\":1,\"name\":\"Home\",\"item\":\"https:\/\/dev.tg4.ie\/ga\/\"},{\"@type\":\"ListItem\",\"position\":2,\"name\":\"Eolas\",\"item\":\"https:\/\/dev.tg4.ie\/ga\/eolas\/\"},{\"@type\":\"ListItem\",\"position\":3,\"name\":\"Preas\",\"item\":\"https:\/\/dev.tg4.ie\/ga\/eolas\/preas\/\"},{\"@type\":\"ListItem\",\"position\":4,\"name\":\"Nuacht R\u00e1itis\",\"item\":\"https:\/\/dev.tg4.ie\/ga\/eolas\/preas\/nuacht-raitis\/\"},{\"@type\":\"ListItem\",\"position\":5,\"name\":\"2024\",\"item\":\"https:\/\/dev.tg4.ie\/ga\/eolas\/preas\/nuacht-raitis\/2024-2\/\"},{\"@type\":\"ListItem\",\"position\":6,\"name\":\"Bhuaigh an scann\u00e1n Gaeilge KNEECAP Gradam an Lucht F\u00e9achana ag an bhF\u00e9ile Scann\u00e1n Sundance\"}]},{\"@type\":\"WebSite\",\"@id\":\"https:\/\/dev.tg4.ie\/en\/#website\",\"url\":\"https:\/\/dev.tg4.ie\/en\/\",\"name\":\"TG4\",\"description\":\"S\u00fail Eile\",\"potentialAction\":[{\"@type\":\"SearchAction\",\"target\":{\"@type\":\"EntryPoint\",\"urlTemplate\":\"https:\/\/dev.tg4.ie\/en\/?s={search_term_string}\"},\"query-input\":\"required name=search_term_string\"}],\"inLanguage\":\"ga\"}]}<\/script>\n<!-- \/ Yoast SEO plugin. -->","yoast_head_json":{"title":"Bhuaigh an scann\u00e1n Gaeilge KNEECAP Gradam an Lucht F\u00e9achana ag an bhF\u00e9ile Scann\u00e1n Sundance | Preas R\u00e1iteas | TG4","description":"Bhuaigh an scann\u00e1n Gaeilge KNEECAP Gradam an Lucht F\u00e9achana ag an bhF\u00e9ile Scann\u00e1n Sundance. Is \u00e9 seo an ch\u00e9ad fhadscann\u00e1n \u00c9ireannach a bhuaigh gradam ag an bhf\u00e9ile \u00f3 bh\u00ed an scann\u00e1n ONCE le John Carney ann in 2007.","robots":{"index":"index","follow":"follow","max-snippet":"max-snippet:-1","max-image-preview":"max-image-preview:large","max-video-preview":"max-video-preview:-1"},"og_locale":"en_US","og_type":"article","og_title":"Bhuaigh an scann\u00e1n Gaeilge KNEECAP Gradam an Lucht F\u00e9achana ag an bhF\u00e9ile Scann\u00e1n Sundance | Preas R\u00e1iteas | TG4","og_description":"Bhuaigh an scann\u00e1n Gaeilge KNEECAP Gradam an Lucht F\u00e9achana ag an bhF\u00e9ile Scann\u00e1n Sundance. Is \u00e9 seo an ch\u00e9ad fhadscann\u00e1n \u00c9ireannach a bhuaigh gradam ag an bhf\u00e9ile \u00f3 bh\u00ed an scann\u00e1n ONCE le John Carney ann in 2007.","og_url":"https:\/\/dev.tg4.ie\/ga\/eolas\/preas\/nuacht-raitis\/2024-2\/bhuaigh-an-scannan-gaeilge-kneecap-gradam-an-lucht-feachana-ag-an-bhfeile-scannan-sundance\/","og_site_name":"TG4","article_publisher":"https:\/\/www.facebook.com\/TG4TV","article_modified_time":"2024-01-29T17:11:52+00:00","og_image":[{"width":1920,"height":1080,"url":"https:\/\/tg4-docs.s3.amazonaws.com\/wp-content\/uploads\/2024\/01\/29170628\/KNEECAP_Scannan_1-1920x1080-1.jpg","type":"image\/jpeg"}],"twitter_card":"summary_large_image","twitter_image":"https:\/\/tg4-docs.s3.amazonaws.com\/wp-content\/uploads\/2024\/01\/29170628\/KNEECAP_Scannan_1-1920x1080-1.jpg","twitter_site":"@TG4TV","twitter_misc":{"Est. reading time":"3 minutes"},"schema":{"@context":"https:\/\/schema.org","@graph":[{"@type":"WebPage","@id":"https:\/\/dev.tg4.ie\/ga\/eolas\/preas\/nuacht-raitis\/2024-2\/bhuaigh-an-scannan-gaeilge-kneecap-gradam-an-lucht-feachana-ag-an-bhfeile-scannan-sundance\/","url":"https:\/\/dev.tg4.ie\/ga\/eolas\/preas\/nuacht-raitis\/2024-2\/bhuaigh-an-scannan-gaeilge-kneecap-gradam-an-lucht-feachana-ag-an-bhfeile-scannan-sundance\/","name":"Bhuaigh an scann\u00e1n Gaeilge KNEECAP Gradam an Lucht F\u00e9achana ag an bhF\u00e9ile Scann\u00e1n Sundance | Preas R\u00e1iteas | TG4","isPartOf":{"@id":"https:\/\/dev.tg4.ie\/en\/#website"},"primaryImageOfPage":{"@id":"https:\/\/dev.tg4.ie\/ga\/eolas\/preas\/nuacht-raitis\/2024-2\/bhuaigh-an-scannan-gaeilge-kneecap-gradam-an-lucht-feachana-ag-an-bhfeile-scannan-sundance\/#primaryimage"},"image":{"@id":"https:\/\/dev.tg4.ie\/ga\/eolas\/preas\/nuacht-raitis\/2024-2\/bhuaigh-an-scannan-gaeilge-kneecap-gradam-an-lucht-feachana-ag-an-bhfeile-scannan-sundance\/#primaryimage"},"thumbnailUrl":"https:\/\/dev.tg4.ie\/wp-content\/uploads\/2024\/01\/KNEECAP_Scannan_1-1920x1080-1.jpg","datePublished":"2024-01-29T17:09:24+00:00","dateModified":"2024-01-29T17:11:52+00:00","description":"Bhuaigh an scann\u00e1n Gaeilge KNEECAP Gradam an Lucht F\u00e9achana ag an bhF\u00e9ile Scann\u00e1n Sundance. Is \u00e9 seo an ch\u00e9ad fhadscann\u00e1n \u00c9ireannach a bhuaigh gradam ag an bhf\u00e9ile \u00f3 bh\u00ed an scann\u00e1n ONCE le John Carney ann in 2007.","breadcrumb":{"@id":"https:\/\/dev.tg4.ie\/ga\/eolas\/preas\/nuacht-raitis\/2024-2\/bhuaigh-an-scannan-gaeilge-kneecap-gradam-an-lucht-feachana-ag-an-bhfeile-scannan-sundance\/#breadcrumb"},"inLanguage":"ga","potentialAction":[{"@type":"ReadAction","target":["https:\/\/dev.tg4.ie\/ga\/eolas\/preas\/nuacht-raitis\/2024-2\/bhuaigh-an-scannan-gaeilge-kneecap-gradam-an-lucht-feachana-ag-an-bhfeile-scannan-sundance\/"]}]},{"@type":"ImageObject","inLanguage":"ga","@id":"https:\/\/dev.tg4.ie\/ga\/eolas\/preas\/nuacht-raitis\/2024-2\/bhuaigh-an-scannan-gaeilge-kneecap-gradam-an-lucht-feachana-ag-an-bhfeile-scannan-sundance\/#primaryimage","url":"https:\/\/dev.tg4.ie\/wp-content\/uploads\/2024\/01\/KNEECAP_Scannan_1-1920x1080-1.jpg","contentUrl":"https:\/\/dev.tg4.ie\/wp-content\/uploads\/2024\/01\/KNEECAP_Scannan_1-1920x1080-1.jpg"},{"@type":"BreadcrumbList","@id":"https:\/\/dev.tg4.ie\/ga\/eolas\/preas\/nuacht-raitis\/2024-2\/bhuaigh-an-scannan-gaeilge-kneecap-gradam-an-lucht-feachana-ag-an-bhfeile-scannan-sundance\/#breadcrumb","itemListElement":[{"@type":"ListItem","position":1,"name":"Home","item":"https:\/\/dev.tg4.ie\/ga\/"},{"@type":"ListItem","position":2,"name":"Eolas","item":"https:\/\/dev.tg4.ie\/ga\/eolas\/"},{"@type":"ListItem","position":3,"name":"Preas","item":"https:\/\/dev.tg4.ie\/ga\/eolas\/preas\/"},{"@type":"ListItem","position":4,"name":"Nuacht R\u00e1itis","item":"https:\/\/dev.tg4.ie\/ga\/eolas\/preas\/nuacht-raitis\/"},{"@type":"ListItem","position":5,"name":"2024","item":"https:\/\/dev.tg4.ie\/ga\/eolas\/preas\/nuacht-raitis\/2024-2\/"},{"@type":"ListItem","position":6,"name":"Bhuaigh an scann\u00e1n Gaeilge KNEECAP Gradam an Lucht F\u00e9achana ag an bhF\u00e9ile Scann\u00e1n Sundance"}]},{"@type":"WebSite","@id":"https:\/\/dev.tg4.ie\/en\/#website","url":"https:\/\/dev.tg4.ie\/en\/","name":"TG4","description":"S\u00fail Eile","potentialAction":[{"@type":"SearchAction","target":{"@type":"EntryPoint","urlTemplate":"https:\/\/dev.tg4.ie\/en\/?s={search_term_string}"},"query-input":"required name=search_term_string"}],"inLanguage":"ga"}]}},"_links":{"self":[{"href":"https:\/\/dev.tg4.ie\/ga\/wp-json\/wp\/v2\/pages\/208984"}],"collection":[{"href":"https:\/\/dev.tg4.ie\/ga\/wp-json\/wp\/v2\/pages"}],"about":[{"href":"https:\/\/dev.tg4.ie\/ga\/wp-json\/wp\/v2\/types\/page"}],"author":[{"embeddable":true,"href":"https:\/\/dev.tg4.ie\/ga\/wp-json\/wp\/v2\/users\/876"}],"replies":[{"embeddable":true,"href":"https:\/\/dev.tg4.ie\/ga\/wp-json\/wp\/v2\/comments?post=208984"}],"version-history":[{"count":0,"href":"https:\/\/dev.tg4.ie\/ga\/wp-json\/wp\/v2\/pages\/208984\/revisions"}],"up":[{"embeddable":true,"href":"https:\/\/dev.tg4.ie\/ga\/wp-json\/wp\/v2\/pages\/208148"}],"wp:attachment":[{"href":"https:\/\/dev.tg4.ie\/ga\/wp-json\/wp\/v2\/media?parent=208984"}],"curies":[{"name":"wp","href":"https:\/\/api.w.org\/{rel}","templated":true}]}}