{"id":209081,"date":"2024-01-30T17:13:36","date_gmt":"2024-01-30T17:13:36","guid":{"rendered":"https:\/\/dev.tg4.ie\/?page_id=209081"},"modified":"2024-01-30T17:13:36","modified_gmt":"2024-01-30T17:13:36","slug":"cluiche-craobhchomortais-idir-leathsfeir-le-taispeaint-den-chead-uair-riamh-ar-tg4","status":"publish","type":"page","link":"https:\/\/dev.tg4.ie\/ga\/eolas\/preas\/nuacht-raitis\/2024-2\/cluiche-craobhchomortais-idir-leathsfeir-le-taispeaint-den-chead-uair-riamh-ar-tg4\/","title":{"rendered":"Cluiche craobhchom\u00f3rtais idir-leathsf\u00e9ir le taispe\u00e1int den ch\u00e9ad uair riamh ar TG4 nuair a thabharfaidh C\u00faige Mumhan aghaidh ar na Crusaders sa bhaile"},"content":{"rendered":"<p><img loading=\"lazy\" decoding=\"async\" width=\"1920\" height=\"1080\" src=\"https:\/\/tg4-docs.s3.amazonaws.com\/wp-content\/uploads\/2024\/01\/30171159\/Mumha_URC2023_1-1920x1080-1.jpg\" alt=\"\" class=\"aligncenter size-full wp-image-209087\" srcset=\"https:\/\/tg4-docs.s3.amazonaws.com\/wp-content\/uploads\/2024\/01\/30171159\/Mumha_URC2023_1-1920x1080-1.jpg 1920w, https:\/\/tg4-docs.s3.amazonaws.com\/wp-content\/uploads\/2024\/01\/30171159\/Mumha_URC2023_1-1920x1080-1-250x141.jpg 250w, https:\/\/tg4-docs.s3.amazonaws.com\/wp-content\/uploads\/2024\/01\/30171159\/Mumha_URC2023_1-1920x1080-1-700x394.jpg 700w, https:\/\/tg4-docs.s3.amazonaws.com\/wp-content\/uploads\/2024\/01\/30171159\/Mumha_URC2023_1-1920x1080-1-252x141.jpg 252w, https:\/\/tg4-docs.s3.amazonaws.com\/wp-content\/uploads\/2024\/01\/30171159\/Mumha_URC2023_1-1920x1080-1-1536x864.jpg 1536w, https:\/\/tg4-docs.s3.amazonaws.com\/wp-content\/uploads\/2024\/01\/30171159\/Mumha_URC2023_1-1920x1080-1-120x68.jpg 120w\" sizes=\"(max-width: 1920px) 100vw, 1920px\" \/><br \/>\n&nbsp;<\/p>\n<p>T\u00e1 r\u00edm\u00e9ad ar TG4 a fh\u00f3gairt go mbeidh an cluiche cinni\u00fanach a bhfuil an-s\u00fail leis idir Seaimp\u00edn\u00ed URC, C\u00faige Mumhan, agus Seaimp\u00edn\u00ed an Ardchom\u00f3rtais Rugba\u00ed (Super Rugby), Crusaders, \u00e1 chraoladh acu beo \u00f3 Ph\u00e1irc U\u00ed Chaoimh. Is ag an imeacht stairi\u00fail seo a chasfaidh buaiteoir\u00ed an Ardchom\u00f3rtais Rugba\u00ed agus an URC ar a ch\u00e9ile den ch\u00e9ad uair agus beidh an lucht lean\u00fana in ann taitneamh a bhaint as an aicsean saor go haer ar TG4.<br \/>\n&nbsp;<br \/>\nBeidh an cluiche den ch\u00e9ad scoth seo ar si\u00fal D\u00e9 Sathairn an 3 Feabhra agus beidh daoine ar fud an domhain at\u00e1 an-tugtha don rugba\u00ed ag s\u00fail go m\u00f3r leis. T\u00e1 m\u00f3rtas ar TG4 an t-imeacht iontach seo a chur ar f\u00e1il go heisiach don lucht f\u00e9achana ar fud an domhain, seachas an Nua-Sh\u00e9alainn, ar Sheinnteoir TG4 agus ar Aip TG4. Gealltar go mbeidh an cluiche seo, nach raibh a leith\u00e9id ann riamh cheana, ina chluiche cinni\u00fanach spleodrach idir dh\u00e1 sheaimp\u00edn fh\u00edochmhara a thaispe\u00e1nfaidh an paisean, d\u00fathracht agus scil dhodhearmadta at\u00e1 ag na himreoir\u00ed don sp\u00f3rt.<br \/>\n&nbsp;<br \/>\nCuirfear t\u00fas le cl\u00fadach cuimsitheach TG4 idir C\u00faige Mumhan agus Crusaders ag 16:30 ar an 3 Feabhra. Is f\u00e9idir leis an lucht f\u00e9achana a bheith ag s\u00fail le hatmaisf\u00e9ar corraitheach agus saineolas nach bhfuil ar f\u00e1il in aon \u00e1it eile nuair a bheidh saineolaithe anail\u00edse agus tr\u00e1chtaireachta TG4 ag treor\u00fa an lucht f\u00e9achana tr\u00ed gach n\u00f3im\u00e9ad spleodrach den chluiche cinni\u00fanach seo.<br \/>\n&nbsp;<br \/>\nIs \u00e9ard a d\u00fairt <strong>David Kavanagh, Ceannasa\u00ed Tr\u00e1cht\u00e1la Rugba\u00ed na Mumhan<\/strong>, <em>\u201cT\u00e1 r\u00edm\u00e9ad orainn go mbeidh an cluiche leis na Crusaders ar f\u00e1il beo ar an teilif\u00eds trast\u00edre. Ar\u00eds eile agus muid ag tabhairt aghaidh ar an bhfoireann m\u00f3r le r\u00e1 seo at\u00e1 ag teacht anall, beidh an cluiche ar f\u00e1il le f\u00e9achaint air i ngach teach agus \u00e1ras ar fud na t\u00edre agus n\u00edos faide \u00f3 bhaile. Is c\u00fais \u00e1thais ar leith \u00e9 freisin go mbeidh an cluiche ar TG4 \u00f3 tharla go bhfuil siad tugtha don URC agus do Rugba\u00ed na Mumhan agus gur chuir siad cl\u00fadach iontach rugba\u00ed ar f\u00e1il le blianta anuas. Dealra\u00edonn s\u00e9 gur imeacht iontach a bheidh ann!\u201d<\/em><br \/>\n&nbsp;<br \/>\nIs \u00ed M\u00e1ire Treasa N\u00ed Dhubhghaill in \u00e9ineacht le Garry Mac Donncha, Eoghan \u00d3 Neachtain agus Eamonn Molloy a chuirfidh Rugba\u00ed Beo TG4 i l\u00e1thair agus is iad Iris Productions at\u00e1 i mbun l\u00e9irithe. Bh\u00ed an comhlacht, at\u00e1 bunaithe i nGaillimh, ar th\u00fas cadhna\u00edochta in ioma\u00ed nu\u00e1la\u00edochta\u00ed maidir leis an gcl\u00fadach rugba\u00ed a chuir s\u00e9 ar f\u00e1il roimhe seo do TG4, lena n-\u00e1ir\u00edtear treor\u00fa na r\u00e9iteoir\u00ed sa ch\u00falra agus c\u00falmhonat\u00f3ireacht fuaime a dh\u00e9anamh ar na c\u00f3itse\u00e1laithe agus ar na himreoir\u00ed. NEP Ireland a chuirfidh saor\u00e1id\u00ed OB ar f\u00e1il.<br \/>\n&nbsp;<br \/>\nCuireann TG4 f\u00e1ilte roimh dhaoine at\u00e1 tugtha don rugba\u00ed, idir an lucht lean\u00fana d\u00edlis agus an lucht f\u00e9achana \u00f3c\u00e1ideach araon, le bheith p\u00e1irteach san aicsean chun f\u00e9achaint ar an gcluiche m\u00f3r le r\u00e1 idir Seaimp\u00edn\u00ed URC, C\u00faige Mumhan agus Seaimp\u00edn\u00ed an Ardchom\u00f3rtais Rugba\u00ed, Crusaders. Dealra\u00edonn s\u00e9 gur \u00f3c\u00e1id stairi\u00fail a bheidh sa teacht le ch\u00e9ile ollmh\u00f3r seo i ndomhan an rugba\u00ed agus f\u00e1gfar tionchar buan, gan dabht, ar na daoine ar fad a bheidh ag f\u00e9achaint air.<br \/>\n&nbsp;<br \/>\nIs \u00e9 Pinergy a dh\u00e9anfaidh urra\u00edocht ar chl\u00fadach beo TG4.<\/p>\n<p>&nbsp;<br \/>\n&nbsp;<\/p>\n","protected":false},"excerpt":{"rendered":"<p>&nbsp; T\u00e1 r\u00edm\u00e9ad ar TG4 a fh\u00f3gairt go mbeidh an cluiche cinni\u00fanach a bhfuil an-s\u00fail leis idir Seaimp\u00edn\u00ed URC, C\u00faige Mumhan, agus Seaimp\u00edn\u00ed an Ardchom\u00f3rtais Rugba\u00ed (Super Rugby), Crusaders, \u00e1 chraoladh acu beo \u00f3 Ph\u00e1irc U\u00ed Chaoimh. Is ag an imeacht stairi\u00fail seo a chasfaidh buaiteoir\u00ed an Ardchom\u00f3rtais Rugba\u00ed agus an URC ar a ch\u00e9ile [&hellip;]<\/p>\n","protected":false},"author":876,"featured_media":0,"parent":208148,"menu_order":4,"comment_status":"closed","ping_status":"closed","template":"page-templates\/template-pr.php","meta":{"_acf_changed":false,"footnotes":""},"acf":[],"yoast_head":"<!-- This site is optimized with the Yoast SEO plugin v22.6 - https:\/\/yoast.com\/wordpress\/plugins\/seo\/ -->\n<title>Cluiche craobhchom\u00f3rtais idir-leathsf\u00e9ir le taispe\u00e1int den ch\u00e9ad uair riamh ar TG4 | Preas R\u00e1iteas | TG4<\/title>\n<meta name=\"description\" content=\"T\u00e1 r\u00edm\u00e9ad ar TG4 a fh\u00f3gairt go mbeidh an cluiche cinni\u00fanach a bhfuil an-s\u00fail leis idir Seaimp\u00edn\u00ed URC, C\u00faige Mumhan, agus Seaimp\u00edn\u00ed an Ardchom\u00f3rtais Rugba\u00ed (Super Rugby), Crusaders, \u00e1 chraoladh acu beo \u00f3 Ph\u00e1irc U\u00ed Chaoimh.\" \/>\n<meta name=\"robots\" content=\"index, follow, max-snippet:-1, max-image-preview:large, max-video-preview:-1\" \/>\n<meta property=\"og:locale\" content=\"en_US\" \/>\n<meta property=\"og:type\" content=\"article\" \/>\n<meta property=\"og:title\" content=\"Cluiche craobhchom\u00f3rtais idir-leathsf\u00e9ir le taispe\u00e1int den ch\u00e9ad uair riamh ar TG4 | Preas R\u00e1iteas | TG4\" \/>\n<meta property=\"og:description\" content=\"T\u00e1 r\u00edm\u00e9ad ar TG4 a fh\u00f3gairt go mbeidh an cluiche cinni\u00fanach a bhfuil an-s\u00fail leis idir Seaimp\u00edn\u00ed URC, C\u00faige Mumhan, agus Seaimp\u00edn\u00ed an Ardchom\u00f3rtais Rugba\u00ed (Super Rugby), Crusaders, \u00e1 chraoladh acu beo \u00f3 Ph\u00e1irc U\u00ed Chaoimh.\" \/>\n<meta property=\"og:url\" content=\"https:\/\/dev.tg4.ie\/ga\/eolas\/preas\/nuacht-raitis\/2024-2\/cluiche-craobhchomortais-idir-leathsfeir-le-taispeaint-den-chead-uair-riamh-ar-tg4\/\" \/>\n<meta property=\"og:site_name\" content=\"TG4\" \/>\n<meta property=\"article:publisher\" content=\"https:\/\/www.facebook.com\/TG4TV\" \/>\n<meta property=\"og:image\" content=\"https:\/\/tg4-docs.s3.amazonaws.com\/wp-content\/uploads\/2024\/01\/30171159\/Mumha_URC2023_1-1920x1080-1.jpg\" \/>\n\t<meta property=\"og:image:width\" content=\"1920\" \/>\n\t<meta property=\"og:image:height\" content=\"1080\" \/>\n\t<meta property=\"og:image:type\" content=\"image\/jpeg\" \/>\n<meta name=\"twitter:card\" content=\"summary_large_image\" \/>\n<meta name=\"twitter:image\" content=\"https:\/\/tg4-docs.s3.amazonaws.com\/wp-content\/uploads\/2024\/01\/30171159\/Mumha_URC2023_1-1920x1080-1.jpg\" \/>\n<meta name=\"twitter:site\" content=\"@TG4TV\" \/>\n<meta name=\"twitter:label1\" content=\"Est. reading time\" \/>\n\t<meta name=\"twitter:data1\" content=\"3 minutes\" \/>\n<script type=\"application\/ld+json\" class=\"yoast-schema-graph\">{\"@context\":\"https:\/\/schema.org\",\"@graph\":[{\"@type\":\"WebPage\",\"@id\":\"https:\/\/dev.tg4.ie\/ga\/eolas\/preas\/nuacht-raitis\/2024-2\/cluiche-craobhchomortais-idir-leathsfeir-le-taispeaint-den-chead-uair-riamh-ar-tg4\/\",\"url\":\"https:\/\/dev.tg4.ie\/ga\/eolas\/preas\/nuacht-raitis\/2024-2\/cluiche-craobhchomortais-idir-leathsfeir-le-taispeaint-den-chead-uair-riamh-ar-tg4\/\",\"name\":\"Cluiche craobhchom\u00f3rtais idir-leathsf\u00e9ir le taispe\u00e1int den ch\u00e9ad uair riamh ar TG4 | Preas R\u00e1iteas | TG4\",\"isPartOf\":{\"@id\":\"https:\/\/dev.tg4.ie\/en\/#website\"},\"primaryImageOfPage\":{\"@id\":\"https:\/\/dev.tg4.ie\/ga\/eolas\/preas\/nuacht-raitis\/2024-2\/cluiche-craobhchomortais-idir-leathsfeir-le-taispeaint-den-chead-uair-riamh-ar-tg4\/#primaryimage\"},\"image\":{\"@id\":\"https:\/\/dev.tg4.ie\/ga\/eolas\/preas\/nuacht-raitis\/2024-2\/cluiche-craobhchomortais-idir-leathsfeir-le-taispeaint-den-chead-uair-riamh-ar-tg4\/#primaryimage\"},\"thumbnailUrl\":\"https:\/\/dev.tg4.ie\/wp-content\/uploads\/2024\/01\/Mumha_URC2023_1-1920x1080-1.jpg\",\"datePublished\":\"2024-01-30T17:13:36+00:00\",\"dateModified\":\"2024-01-30T17:13:36+00:00\",\"description\":\"T\u00e1 r\u00edm\u00e9ad ar TG4 a fh\u00f3gairt go mbeidh an cluiche cinni\u00fanach a bhfuil an-s\u00fail leis idir Seaimp\u00edn\u00ed URC, C\u00faige Mumhan, agus Seaimp\u00edn\u00ed an Ardchom\u00f3rtais Rugba\u00ed (Super Rugby), Crusaders, \u00e1 chraoladh acu beo \u00f3 Ph\u00e1irc U\u00ed Chaoimh.\",\"breadcrumb\":{\"@id\":\"https:\/\/dev.tg4.ie\/ga\/eolas\/preas\/nuacht-raitis\/2024-2\/cluiche-craobhchomortais-idir-leathsfeir-le-taispeaint-den-chead-uair-riamh-ar-tg4\/#breadcrumb\"},\"inLanguage\":\"ga\",\"potentialAction\":[{\"@type\":\"ReadAction\",\"target\":[\"https:\/\/dev.tg4.ie\/ga\/eolas\/preas\/nuacht-raitis\/2024-2\/cluiche-craobhchomortais-idir-leathsfeir-le-taispeaint-den-chead-uair-riamh-ar-tg4\/\"]}]},{\"@type\":\"ImageObject\",\"inLanguage\":\"ga\",\"@id\":\"https:\/\/dev.tg4.ie\/ga\/eolas\/preas\/nuacht-raitis\/2024-2\/cluiche-craobhchomortais-idir-leathsfeir-le-taispeaint-den-chead-uair-riamh-ar-tg4\/#primaryimage\",\"url\":\"https:\/\/dev.tg4.ie\/wp-content\/uploads\/2024\/01\/Mumha_URC2023_1-1920x1080-1.jpg\",\"contentUrl\":\"https:\/\/dev.tg4.ie\/wp-content\/uploads\/2024\/01\/Mumha_URC2023_1-1920x1080-1.jpg\"},{\"@type\":\"BreadcrumbList\",\"@id\":\"https:\/\/dev.tg4.ie\/ga\/eolas\/preas\/nuacht-raitis\/2024-2\/cluiche-craobhchomortais-idir-leathsfeir-le-taispeaint-den-chead-uair-riamh-ar-tg4\/#breadcrumb\",\"itemListElement\":[{\"@type\":\"ListItem\",\"position\":1,\"name\":\"Home\",\"item\":\"https:\/\/dev.tg4.ie\/ga\/\"},{\"@type\":\"ListItem\",\"position\":2,\"name\":\"Eolas\",\"item\":\"https:\/\/dev.tg4.ie\/ga\/eolas\/\"},{\"@type\":\"ListItem\",\"position\":3,\"name\":\"Preas\",\"item\":\"https:\/\/dev.tg4.ie\/ga\/eolas\/preas\/\"},{\"@type\":\"ListItem\",\"position\":4,\"name\":\"Nuacht R\u00e1itis\",\"item\":\"https:\/\/dev.tg4.ie\/ga\/eolas\/preas\/nuacht-raitis\/\"},{\"@type\":\"ListItem\",\"position\":5,\"name\":\"2024\",\"item\":\"https:\/\/dev.tg4.ie\/ga\/eolas\/preas\/nuacht-raitis\/2024-2\/\"},{\"@type\":\"ListItem\",\"position\":6,\"name\":\"Cluiche craobhchom\u00f3rtais idir-leathsf\u00e9ir le taispe\u00e1int den ch\u00e9ad uair riamh ar TG4 nuair a thabharfaidh C\u00faige Mumhan aghaidh ar na Crusaders sa bhaile\"}]},{\"@type\":\"WebSite\",\"@id\":\"https:\/\/dev.tg4.ie\/en\/#website\",\"url\":\"https:\/\/dev.tg4.ie\/en\/\",\"name\":\"TG4\",\"description\":\"S\u00fail Eile\",\"potentialAction\":[{\"@type\":\"SearchAction\",\"target\":{\"@type\":\"EntryPoint\",\"urlTemplate\":\"https:\/\/dev.tg4.ie\/en\/?s={search_term_string}\"},\"query-input\":\"required name=search_term_string\"}],\"inLanguage\":\"ga\"}]}<\/script>\n<!-- \/ Yoast SEO plugin. -->","yoast_head_json":{"title":"Cluiche craobhchom\u00f3rtais idir-leathsf\u00e9ir le taispe\u00e1int den ch\u00e9ad uair riamh ar TG4 | Preas R\u00e1iteas | TG4","description":"T\u00e1 r\u00edm\u00e9ad ar TG4 a fh\u00f3gairt go mbeidh an cluiche cinni\u00fanach a bhfuil an-s\u00fail leis idir Seaimp\u00edn\u00ed URC, C\u00faige Mumhan, agus Seaimp\u00edn\u00ed an Ardchom\u00f3rtais Rugba\u00ed (Super Rugby), Crusaders, \u00e1 chraoladh acu beo \u00f3 Ph\u00e1irc U\u00ed Chaoimh.","robots":{"index":"index","follow":"follow","max-snippet":"max-snippet:-1","max-image-preview":"max-image-preview:large","max-video-preview":"max-video-preview:-1"},"og_locale":"en_US","og_type":"article","og_title":"Cluiche craobhchom\u00f3rtais idir-leathsf\u00e9ir le taispe\u00e1int den ch\u00e9ad uair riamh ar TG4 | Preas R\u00e1iteas | TG4","og_description":"T\u00e1 r\u00edm\u00e9ad ar TG4 a fh\u00f3gairt go mbeidh an cluiche cinni\u00fanach a bhfuil an-s\u00fail leis idir Seaimp\u00edn\u00ed URC, C\u00faige Mumhan, agus Seaimp\u00edn\u00ed an Ardchom\u00f3rtais Rugba\u00ed (Super Rugby), Crusaders, \u00e1 chraoladh acu beo \u00f3 Ph\u00e1irc U\u00ed Chaoimh.","og_url":"https:\/\/dev.tg4.ie\/ga\/eolas\/preas\/nuacht-raitis\/2024-2\/cluiche-craobhchomortais-idir-leathsfeir-le-taispeaint-den-chead-uair-riamh-ar-tg4\/","og_site_name":"TG4","article_publisher":"https:\/\/www.facebook.com\/TG4TV","og_image":[{"width":1920,"height":1080,"url":"https:\/\/tg4-docs.s3.amazonaws.com\/wp-content\/uploads\/2024\/01\/30171159\/Mumha_URC2023_1-1920x1080-1.jpg","type":"image\/jpeg"}],"twitter_card":"summary_large_image","twitter_image":"https:\/\/tg4-docs.s3.amazonaws.com\/wp-content\/uploads\/2024\/01\/30171159\/Mumha_URC2023_1-1920x1080-1.jpg","twitter_site":"@TG4TV","twitter_misc":{"Est. reading time":"3 minutes"},"schema":{"@context":"https:\/\/schema.org","@graph":[{"@type":"WebPage","@id":"https:\/\/dev.tg4.ie\/ga\/eolas\/preas\/nuacht-raitis\/2024-2\/cluiche-craobhchomortais-idir-leathsfeir-le-taispeaint-den-chead-uair-riamh-ar-tg4\/","url":"https:\/\/dev.tg4.ie\/ga\/eolas\/preas\/nuacht-raitis\/2024-2\/cluiche-craobhchomortais-idir-leathsfeir-le-taispeaint-den-chead-uair-riamh-ar-tg4\/","name":"Cluiche craobhchom\u00f3rtais idir-leathsf\u00e9ir le taispe\u00e1int den ch\u00e9ad uair riamh ar TG4 | Preas R\u00e1iteas | TG4","isPartOf":{"@id":"https:\/\/dev.tg4.ie\/en\/#website"},"primaryImageOfPage":{"@id":"https:\/\/dev.tg4.ie\/ga\/eolas\/preas\/nuacht-raitis\/2024-2\/cluiche-craobhchomortais-idir-leathsfeir-le-taispeaint-den-chead-uair-riamh-ar-tg4\/#primaryimage"},"image":{"@id":"https:\/\/dev.tg4.ie\/ga\/eolas\/preas\/nuacht-raitis\/2024-2\/cluiche-craobhchomortais-idir-leathsfeir-le-taispeaint-den-chead-uair-riamh-ar-tg4\/#primaryimage"},"thumbnailUrl":"https:\/\/dev.tg4.ie\/wp-content\/uploads\/2024\/01\/Mumha_URC2023_1-1920x1080-1.jpg","datePublished":"2024-01-30T17:13:36+00:00","dateModified":"2024-01-30T17:13:36+00:00","description":"T\u00e1 r\u00edm\u00e9ad ar TG4 a fh\u00f3gairt go mbeidh an cluiche cinni\u00fanach a bhfuil an-s\u00fail leis idir Seaimp\u00edn\u00ed URC, C\u00faige Mumhan, agus Seaimp\u00edn\u00ed an Ardchom\u00f3rtais Rugba\u00ed (Super Rugby), Crusaders, \u00e1 chraoladh acu beo \u00f3 Ph\u00e1irc U\u00ed Chaoimh.","breadcrumb":{"@id":"https:\/\/dev.tg4.ie\/ga\/eolas\/preas\/nuacht-raitis\/2024-2\/cluiche-craobhchomortais-idir-leathsfeir-le-taispeaint-den-chead-uair-riamh-ar-tg4\/#breadcrumb"},"inLanguage":"ga","potentialAction":[{"@type":"ReadAction","target":["https:\/\/dev.tg4.ie\/ga\/eolas\/preas\/nuacht-raitis\/2024-2\/cluiche-craobhchomortais-idir-leathsfeir-le-taispeaint-den-chead-uair-riamh-ar-tg4\/"]}]},{"@type":"ImageObject","inLanguage":"ga","@id":"https:\/\/dev.tg4.ie\/ga\/eolas\/preas\/nuacht-raitis\/2024-2\/cluiche-craobhchomortais-idir-leathsfeir-le-taispeaint-den-chead-uair-riamh-ar-tg4\/#primaryimage","url":"https:\/\/dev.tg4.ie\/wp-content\/uploads\/2024\/01\/Mumha_URC2023_1-1920x1080-1.jpg","contentUrl":"https:\/\/dev.tg4.ie\/wp-content\/uploads\/2024\/01\/Mumha_URC2023_1-1920x1080-1.jpg"},{"@type":"BreadcrumbList","@id":"https:\/\/dev.tg4.ie\/ga\/eolas\/preas\/nuacht-raitis\/2024-2\/cluiche-craobhchomortais-idir-leathsfeir-le-taispeaint-den-chead-uair-riamh-ar-tg4\/#breadcrumb","itemListElement":[{"@type":"ListItem","position":1,"name":"Home","item":"https:\/\/dev.tg4.ie\/ga\/"},{"@type":"ListItem","position":2,"name":"Eolas","item":"https:\/\/dev.tg4.ie\/ga\/eolas\/"},{"@type":"ListItem","position":3,"name":"Preas","item":"https:\/\/dev.tg4.ie\/ga\/eolas\/preas\/"},{"@type":"ListItem","position":4,"name":"Nuacht R\u00e1itis","item":"https:\/\/dev.tg4.ie\/ga\/eolas\/preas\/nuacht-raitis\/"},{"@type":"ListItem","position":5,"name":"2024","item":"https:\/\/dev.tg4.ie\/ga\/eolas\/preas\/nuacht-raitis\/2024-2\/"},{"@type":"ListItem","position":6,"name":"Cluiche craobhchom\u00f3rtais idir-leathsf\u00e9ir le taispe\u00e1int den ch\u00e9ad uair riamh ar TG4 nuair a thabharfaidh C\u00faige Mumhan aghaidh ar na Crusaders sa bhaile"}]},{"@type":"WebSite","@id":"https:\/\/dev.tg4.ie\/en\/#website","url":"https:\/\/dev.tg4.ie\/en\/","name":"TG4","description":"S\u00fail Eile","potentialAction":[{"@type":"SearchAction","target":{"@type":"EntryPoint","urlTemplate":"https:\/\/dev.tg4.ie\/en\/?s={search_term_string}"},"query-input":"required name=search_term_string"}],"inLanguage":"ga"}]}},"_links":{"self":[{"href":"https:\/\/dev.tg4.ie\/ga\/wp-json\/wp\/v2\/pages\/209081"}],"collection":[{"href":"https:\/\/dev.tg4.ie\/ga\/wp-json\/wp\/v2\/pages"}],"about":[{"href":"https:\/\/dev.tg4.ie\/ga\/wp-json\/wp\/v2\/types\/page"}],"author":[{"embeddable":true,"href":"https:\/\/dev.tg4.ie\/ga\/wp-json\/wp\/v2\/users\/876"}],"replies":[{"embeddable":true,"href":"https:\/\/dev.tg4.ie\/ga\/wp-json\/wp\/v2\/comments?post=209081"}],"version-history":[{"count":0,"href":"https:\/\/dev.tg4.ie\/ga\/wp-json\/wp\/v2\/pages\/209081\/revisions"}],"up":[{"embeddable":true,"href":"https:\/\/dev.tg4.ie\/ga\/wp-json\/wp\/v2\/pages\/208148"}],"wp:attachment":[{"href":"https:\/\/dev.tg4.ie\/ga\/wp-json\/wp\/v2\/media?parent=209081"}],"curies":[{"name":"wp","href":"https:\/\/api.w.org\/{rel}","templated":true}]}}