{"id":211350,"date":"2024-02-27T13:13:18","date_gmt":"2024-02-27T13:13:18","guid":{"rendered":"https:\/\/dev.tg4.ie\/?page_id=211350"},"modified":"2024-02-27T13:13:18","modified_gmt":"2024-02-27T13:13:18","slug":"ceithre-ainmniuchan-faighte-ag-tg4-do-ghradaim-theilifise-rts-2024","status":"publish","type":"page","link":"https:\/\/dev.tg4.ie\/ga\/eolas\/preas\/nuacht-raitis\/2024-2\/ceithre-ainmniuchan-faighte-ag-tg4-do-ghradaim-theilifise-rts-2024\/","title":{"rendered":"Ceithre ainmni\u00fach\u00e1n faighte ag TG4 do Ghradaim Theilif\u00edse RTS 2024"},"content":{"rendered":"<p>Ceithre cinn d\u2019ainmni\u00fach\u00e1in ar fad a fuair cl\u00e1ir de chuid TG4 do Ghradaim Theilif\u00edse RTS. Tugann na gradaim aitheantas do bharr feabhais agus gaisc\u00ed in earn\u00e1il teilif\u00edse na h\u00c9ireann.<br \/>\n&nbsp;<\/p>\n<p><strong>Ainmn\u00edodh na cl\u00e1ir seo de chuid TG4:<\/strong><\/p>\n<p><u>C\u00farsa\u00ed Reatha<\/u> \u2013 C\u00e9ad M\u00edle F\u00e1ilte, Clean State Television (TG4)<\/p>\n<p><u>Cl\u00e1r F\u00edorasach Aonair<\/u> \u2013 Inis Me\u00e1in, Idir Dh\u00e1 Linn, Aniar  (TG4)<\/p>\n<p><u>Sp\u00f3rt<\/u> &#8211; Gaisc\u00ed GPA i Kenya, Nemeton TV (TG4)<\/p>\n<p><u>Sp\u00f3rt<\/u> &#8211; Misneach &#8211; Alex Lee, Midas Productions (TG4)<br \/>\n&nbsp;<\/p>\n<p>Deir <strong>L\u00eds N\u00ed Dh\u00e1laigh, Sti\u00farth\u00f3ir agus ionada\u00ed TG4 ar Ghradaim RTS<\/strong> <em>&#8220;D\u00e9anaim comhghairdeas leis na l\u00e9iritheoir\u00ed a fuair ainmni\u00fach\u00e1n do Ghradaim RTS i mbliana.  T\u00e1 borradh faoi l\u00e9iri\u00fach\u00e1in teilif\u00edse in \u00c9irinn agus l\u00e9ir\u00edonn na hainmni\u00fach\u00e1in go bhfuil \u00e1bhar Gaeilge i l\u00e1r an aonaigh. Treise leo.&#8221;<\/em><br \/>\n&nbsp;<\/p>\n<p>F\u00f3gr\u00f3far na buaiteoir\u00ed tr\u00e1thn\u00f3na D\u00e9 M\u00e1irt an 19 M\u00e1rta ag \u00f3c\u00e1id in Amharclann Halla na Saoirse i mBaile \u00c1tha Cliath. Is f\u00e9idir tic\u00e9id don \u00f3c\u00e1id a fh\u00e1il anseo:<br \/>\n<a href=\"https:\/\/rts.org.uk\/event\/rts-ireland-television-awards-2024\" rel=\"noopener\" target=\"_blank\">https:\/\/rts.org.uk\/event\/rts-ireland-television-awards-2024<\/a><br \/>\n&nbsp;<br \/>\n&nbsp;<\/p>\n<p><strong>Ini\u00fachadh TG4 \u2013 C\u00e9ad M\u00edle F\u00e1ilte<\/strong><br \/>\n<img loading=\"lazy\" decoding=\"async\" width=\"700\" height=\"394\" src=\"https:\/\/tg4-docs.s3.amazonaws.com\/wp-content\/uploads\/2023\/04\/27122907\/Iniuchadh_Cead_Mile_Failte_1-1920x1080-1-700x394.jpg\" alt=\"\" class=\"aligncenter size-large wp-image-190426\" srcset=\"https:\/\/tg4-docs.s3.amazonaws.com\/wp-content\/uploads\/2023\/04\/27122907\/Iniuchadh_Cead_Mile_Failte_1-1920x1080-1-700x394.jpg 700w, https:\/\/tg4-docs.s3.amazonaws.com\/wp-content\/uploads\/2023\/04\/27122907\/Iniuchadh_Cead_Mile_Failte_1-1920x1080-1-250x141.jpg 250w, https:\/\/tg4-docs.s3.amazonaws.com\/wp-content\/uploads\/2023\/04\/27122907\/Iniuchadh_Cead_Mile_Failte_1-1920x1080-1-252x141.jpg 252w, https:\/\/tg4-docs.s3.amazonaws.com\/wp-content\/uploads\/2023\/04\/27122907\/Iniuchadh_Cead_Mile_Failte_1-1920x1080-1-1536x864.jpg 1536w, https:\/\/tg4-docs.s3.amazonaws.com\/wp-content\/uploads\/2023\/04\/27122907\/Iniuchadh_Cead_Mile_Failte_1-1920x1080-1-120x68.jpg 120w, https:\/\/tg4-docs.s3.amazonaws.com\/wp-content\/uploads\/2023\/04\/27122907\/Iniuchadh_Cead_Mile_Failte_1-1920x1080-1.jpg 1920w\" sizes=\"(max-width: 700px) 100vw, 700px\" \/><\/p>\n<p>D\u00e9anfaidh an t-iriseoir Kevin Magee ini\u00fachadh ar ag\u00f3id\u00ed in aghaidh inimirce ar fud na h\u00c9ireann le d\u00e9ana\u00ed agus ar an r\u00f3l at\u00e1 ag roinnt gn\u00edomhaithe \u00f3n ngluaiseacht in aghaidh inimirce at\u00e1 ag cuidi\u00fa leis na hag\u00f3id\u00ed a chur chun cinn.  D\u00e9antar pl\u00e9 sa chl\u00e1r freisin faoin m\u00e9id eolais mh\u00edchruinn at\u00e1 ann maidir le hinimirce agus iarrth\u00f3ir\u00ed tearmainn in \u00c9irinn.<\/p>\n<p><!--https:\/\/nasc.tg4.tv\/IniuchadhTG4-CeadMileFailte--><br \/>\n&nbsp;<br \/>\n&nbsp;<\/p>\n<p><strong>Misneach &#8211; Alex Lee<\/strong><br \/>\n<img loading=\"lazy\" decoding=\"async\" width=\"700\" height=\"394\" src=\"https:\/\/tg4-docs.s3.amazonaws.com\/wp-content\/uploads\/2023\/01\/17122803\/Misneach-2_1_1920x1080-700x394.jpg\" alt=\"\" class=\"aligncenter size-large wp-image-181223\" srcset=\"https:\/\/tg4-docs.s3.amazonaws.com\/wp-content\/uploads\/2023\/01\/17122803\/Misneach-2_1_1920x1080-700x394.jpg 700w, https:\/\/tg4-docs.s3.amazonaws.com\/wp-content\/uploads\/2023\/01\/17122803\/Misneach-2_1_1920x1080-250x141.jpg 250w, https:\/\/tg4-docs.s3.amazonaws.com\/wp-content\/uploads\/2023\/01\/17122803\/Misneach-2_1_1920x1080-252x141.jpg 252w, https:\/\/tg4-docs.s3.amazonaws.com\/wp-content\/uploads\/2023\/01\/17122803\/Misneach-2_1_1920x1080-1536x864.jpg 1536w, https:\/\/tg4-docs.s3.amazonaws.com\/wp-content\/uploads\/2023\/01\/17122803\/Misneach-2_1_1920x1080-120x68.jpg 120w, https:\/\/tg4-docs.s3.amazonaws.com\/wp-content\/uploads\/2023\/01\/17122803\/Misneach-2_1_1920x1080.jpg 1920w\" sizes=\"(max-width: 700px) 100vw, 700px\" \/><\/p>\n<p>Is m\u00fainteoir Gaeilge agus T\u00edreola\u00edochta i nGaillimh \u00e9 Alex a chuir t\u00fas lena aistear l\u00fathchleasa\u00edochta in 2018. Le s\u00e9 bliana anuas d&#8217;fhoghlaim s\u00e9 conas si\u00fal, conas rith agus conas r\u00e1s r\u00e1ibe a rith. Tugtar l\u00e9argas sa chl\u00e1r faisn\u00e9ise seo ar shaol Alex agus faoin gcaoi ar \u00e9irigh leis a bheith ar an gc\u00e9ad bladerunner in \u00c9irinn. Is sc\u00e9al \u00e9 seo faoi bheith dianseasmhach, faoi mhisneach a bheith agat faoi dhuine nach raibh s\u00e1sta g\u00e9illeadh do rud ar bith. <\/p>\n<p><a href=\"https:\/\/nasc.tg4.tv\/Misneach-Alex_Lee\" rel=\"noopener\" target=\"_blank\">https:\/\/nasc.tg4.tv\/Misneach-Alex_Lee<\/a><br \/>\n&nbsp;<br \/>\n&nbsp;<\/p>\n<p><strong>Inis Me\u00e1in Idir Dh\u00e1 Linn<\/strong><br \/>\n<img loading=\"lazy\" decoding=\"async\" width=\"700\" height=\"394\" src=\"https:\/\/tg4-docs.s3.amazonaws.com\/wp-content\/uploads\/2024\/02\/27130428\/Inis_Meain_Idir_Dha_Linn_1-1920x1080-1-700x394.jpg\" alt=\"\" class=\"aligncenter size-large wp-image-211354\" srcset=\"https:\/\/tg4-docs.s3.amazonaws.com\/wp-content\/uploads\/2024\/02\/27130428\/Inis_Meain_Idir_Dha_Linn_1-1920x1080-1-700x394.jpg 700w, https:\/\/tg4-docs.s3.amazonaws.com\/wp-content\/uploads\/2024\/02\/27130428\/Inis_Meain_Idir_Dha_Linn_1-1920x1080-1-250x141.jpg 250w, https:\/\/tg4-docs.s3.amazonaws.com\/wp-content\/uploads\/2024\/02\/27130428\/Inis_Meain_Idir_Dha_Linn_1-1920x1080-1-252x141.jpg 252w, https:\/\/tg4-docs.s3.amazonaws.com\/wp-content\/uploads\/2024\/02\/27130428\/Inis_Meain_Idir_Dha_Linn_1-1920x1080-1-1536x864.jpg 1536w, https:\/\/tg4-docs.s3.amazonaws.com\/wp-content\/uploads\/2024\/02\/27130428\/Inis_Meain_Idir_Dha_Linn_1-1920x1080-1-120x68.jpg 120w, https:\/\/tg4-docs.s3.amazonaws.com\/wp-content\/uploads\/2024\/02\/27130428\/Inis_Meain_Idir_Dha_Linn_1-1920x1080-1.jpg 1920w\" sizes=\"(max-width: 700px) 100vw, 700px\" \/><\/p>\n<p>Cl\u00e1r faisn\u00e9ise mealltach \u00e9 &#8216;Inis Me\u00e1in: Idir Dh\u00e1 Linn&#8217; a thabharfaidh an lucht f\u00e9achana ar aistear chuig oile\u00e1n cianda agus a thabharfaidh l\u00e9argas ar an saol ar an oile\u00e1n mar a bh\u00ed, mar at\u00e1 agus mar a bheidh. 50 bliain \u00f3 shin thug Chris Rodmell, grianghrafad\u00f3ir \u00f3g as Sasana, cuairt ar an oile\u00e1n agus ghlac s\u00e9 grianghraif de shaol a bh\u00ed ar t\u00ed athr\u00fa.  Fillfidh s\u00e9 anois ar\u00eds chun l\u00e9argas a fh\u00e1il ar shaol an lae inniu, chun bualadh le pobal br\u00edomhar an oile\u00e1in &#8211; idir mhuintir na h\u00e1ite, dhaoine at\u00e1 tagtha chun c\u00f3naithe ann agus chuairteoir\u00ed. <\/p>\n<p><a href=\"https:\/\/nasc.tg4.tv\/InisMe\u00e1in-IdirDh\u00e1Linn\" rel=\"noopener\" target=\"_blank\">https:\/\/nasc.tg4.tv\/InisMe\u00e1in-IdirDh\u00e1Linn<\/a><br \/>\n&nbsp;<br \/>\n&nbsp;<\/p>\n<p><strong>Gaisc\u00ed GPA i Kenya<\/strong><br \/>\n<img loading=\"lazy\" decoding=\"async\" width=\"700\" height=\"394\" src=\"https:\/\/tg4-docs.s3.amazonaws.com\/wp-content\/uploads\/2024\/02\/27130225\/Gaisci_GPA_1-1920x1080-1-700x394.jpg\" alt=\"\" class=\"aligncenter size-large wp-image-211352\" srcset=\"https:\/\/tg4-docs.s3.amazonaws.com\/wp-content\/uploads\/2024\/02\/27130225\/Gaisci_GPA_1-1920x1080-1-700x394.jpg 700w, https:\/\/tg4-docs.s3.amazonaws.com\/wp-content\/uploads\/2024\/02\/27130225\/Gaisci_GPA_1-1920x1080-1-250x141.jpg 250w, https:\/\/tg4-docs.s3.amazonaws.com\/wp-content\/uploads\/2024\/02\/27130225\/Gaisci_GPA_1-1920x1080-1-252x141.jpg 252w, https:\/\/tg4-docs.s3.amazonaws.com\/wp-content\/uploads\/2024\/02\/27130225\/Gaisci_GPA_1-1920x1080-1-1536x864.jpg 1536w, https:\/\/tg4-docs.s3.amazonaws.com\/wp-content\/uploads\/2024\/02\/27130225\/Gaisci_GPA_1-1920x1080-1-120x68.jpg 120w, https:\/\/tg4-docs.s3.amazonaws.com\/wp-content\/uploads\/2024\/02\/27130225\/Gaisci_GPA_1-1920x1080-1.jpg 1920w\" sizes=\"(max-width: 700px) 100vw, 700px\" \/><\/p>\n<p>Cl\u00e1r faoin turas a rinne 50 imreoir CLG go dt\u00ed an Ch\u00e9inia chun milli\u00fan crann a chur. Taispe\u00e1nfar na himreoir\u00ed agus iad ag cur eolas ar chult\u00far na C\u00e9inia agus an saol nua seo m\u00f3rthimpeall orthu. Ba ar mhaithe le Self Help Africa a rinne siad an turas agus leis an bhfeachtas Help Us Plant 1 Million Trees i gcomhar leis an GPA.<\/p>\n<p><a href=\"https:\/\/nasc.tg4.tv\/Gaisc\u00ed_GPA_i_Kenya\" rel=\"noopener\" target=\"_blank\">https:\/\/nasc.tg4.tv\/Gaisc\u00ed_GPA_i_Kenya<\/a> <\/p>\n<p>&nbsp;<br \/>\n&nbsp;<\/p>\n","protected":false},"excerpt":{"rendered":"<p>Ceithre cinn d\u2019ainmni\u00fach\u00e1in ar fad a fuair cl\u00e1ir de chuid TG4 do Ghradaim Theilif\u00edse RTS. Tugann na gradaim aitheantas do bharr feabhais agus gaisc\u00ed in earn\u00e1il teilif\u00edse na h\u00c9ireann. &nbsp; Ainmn\u00edodh na cl\u00e1ir seo de chuid TG4: C\u00farsa\u00ed Reatha \u2013 C\u00e9ad M\u00edle F\u00e1ilte, Clean State Television (TG4) Cl\u00e1r F\u00edorasach Aonair \u2013 Inis Me\u00e1in, Idir Dh\u00e1 [&hellip;]<\/p>\n","protected":false},"author":876,"featured_media":0,"parent":208148,"menu_order":5,"comment_status":"closed","ping_status":"closed","template":"page-templates\/template-pr.php","meta":{"_acf_changed":false,"footnotes":""},"acf":[],"yoast_head":"<!-- This site is optimized with the Yoast SEO plugin v22.6 - https:\/\/yoast.com\/wordpress\/plugins\/seo\/ -->\n<title>Ceithre ainmni\u00fach\u00e1n faighte ag TG4 do Ghradaim Theilif\u00edse RTS 2024 | Preas R\u00e1iteas | TG4<\/title>\n<meta name=\"description\" content=\"Ceithre cinn d\u2019ainmni\u00fach\u00e1in ar fad a fuair cl\u00e1ir de chuid TG4 do Ghradaim Theilif\u00edse RTS. Tugann na gradaim aitheantas do bharr feabhais agus gaisc\u00ed in earn\u00e1il teilif\u00edse na h\u00c9ireann.\" \/>\n<meta name=\"robots\" content=\"index, follow, max-snippet:-1, max-image-preview:large, max-video-preview:-1\" \/>\n<meta property=\"og:locale\" content=\"en_US\" \/>\n<meta property=\"og:type\" content=\"article\" \/>\n<meta property=\"og:title\" content=\"Ceithre ainmni\u00fach\u00e1n faighte ag TG4 do Ghradaim Theilif\u00edse RTS 2024 | Preas R\u00e1iteas | TG4\" \/>\n<meta property=\"og:description\" content=\"Ceithre cinn d\u2019ainmni\u00fach\u00e1in ar fad a fuair cl\u00e1ir de chuid TG4 do Ghradaim Theilif\u00edse RTS. Tugann na gradaim aitheantas do bharr feabhais agus gaisc\u00ed in earn\u00e1il teilif\u00edse na h\u00c9ireann.\" \/>\n<meta property=\"og:url\" content=\"https:\/\/dev.tg4.ie\/ga\/eolas\/preas\/nuacht-raitis\/2024-2\/ceithre-ainmniuchan-faighte-ag-tg4-do-ghradaim-theilifise-rts-2024\/\" \/>\n<meta property=\"og:site_name\" content=\"TG4\" \/>\n<meta property=\"article:publisher\" content=\"https:\/\/www.facebook.com\/TG4TV\" \/>\n<meta property=\"og:image\" content=\"https:\/\/tg4-docs.s3.amazonaws.com\/wp-content\/uploads\/2023\/04\/27122907\/Iniuchadh_Cead_Mile_Failte_1-1920x1080-1.jpg\" \/>\n\t<meta property=\"og:image:width\" content=\"1920\" \/>\n\t<meta property=\"og:image:height\" content=\"1080\" \/>\n\t<meta property=\"og:image:type\" content=\"image\/jpeg\" \/>\n<meta name=\"twitter:card\" content=\"summary_large_image\" \/>\n<meta name=\"twitter:image\" content=\"https:\/\/tg4-docs.s3.amazonaws.com\/wp-content\/uploads\/2023\/04\/27122907\/Iniuchadh_Cead_Mile_Failte_1-1920x1080-1.jpg\" \/>\n<meta name=\"twitter:site\" content=\"@TG4TV\" \/>\n<meta name=\"twitter:label1\" content=\"Est. reading time\" \/>\n\t<meta name=\"twitter:data1\" content=\"3 minutes\" \/>\n<script type=\"application\/ld+json\" class=\"yoast-schema-graph\">{\"@context\":\"https:\/\/schema.org\",\"@graph\":[{\"@type\":\"WebPage\",\"@id\":\"https:\/\/dev.tg4.ie\/ga\/eolas\/preas\/nuacht-raitis\/2024-2\/ceithre-ainmniuchan-faighte-ag-tg4-do-ghradaim-theilifise-rts-2024\/\",\"url\":\"https:\/\/dev.tg4.ie\/ga\/eolas\/preas\/nuacht-raitis\/2024-2\/ceithre-ainmniuchan-faighte-ag-tg4-do-ghradaim-theilifise-rts-2024\/\",\"name\":\"Ceithre ainmni\u00fach\u00e1n faighte ag TG4 do Ghradaim Theilif\u00edse RTS 2024 | Preas R\u00e1iteas | TG4\",\"isPartOf\":{\"@id\":\"https:\/\/dev.tg4.ie\/en\/#website\"},\"primaryImageOfPage\":{\"@id\":\"https:\/\/dev.tg4.ie\/ga\/eolas\/preas\/nuacht-raitis\/2024-2\/ceithre-ainmniuchan-faighte-ag-tg4-do-ghradaim-theilifise-rts-2024\/#primaryimage\"},\"image\":{\"@id\":\"https:\/\/dev.tg4.ie\/ga\/eolas\/preas\/nuacht-raitis\/2024-2\/ceithre-ainmniuchan-faighte-ag-tg4-do-ghradaim-theilifise-rts-2024\/#primaryimage\"},\"thumbnailUrl\":\"https:\/\/dev.tg4.ie\/wp-content\/uploads\/2023\/04\/Iniuchadh_Cead_Mile_Failte_1-1920x1080-1-700x394.jpg\",\"datePublished\":\"2024-02-27T13:13:18+00:00\",\"dateModified\":\"2024-02-27T13:13:18+00:00\",\"description\":\"Ceithre cinn d\u2019ainmni\u00fach\u00e1in ar fad a fuair cl\u00e1ir de chuid TG4 do Ghradaim Theilif\u00edse RTS. Tugann na gradaim aitheantas do bharr feabhais agus gaisc\u00ed in earn\u00e1il teilif\u00edse na h\u00c9ireann.\",\"breadcrumb\":{\"@id\":\"https:\/\/dev.tg4.ie\/ga\/eolas\/preas\/nuacht-raitis\/2024-2\/ceithre-ainmniuchan-faighte-ag-tg4-do-ghradaim-theilifise-rts-2024\/#breadcrumb\"},\"inLanguage\":\"ga\",\"potentialAction\":[{\"@type\":\"ReadAction\",\"target\":[\"https:\/\/dev.tg4.ie\/ga\/eolas\/preas\/nuacht-raitis\/2024-2\/ceithre-ainmniuchan-faighte-ag-tg4-do-ghradaim-theilifise-rts-2024\/\"]}]},{\"@type\":\"ImageObject\",\"inLanguage\":\"ga\",\"@id\":\"https:\/\/dev.tg4.ie\/ga\/eolas\/preas\/nuacht-raitis\/2024-2\/ceithre-ainmniuchan-faighte-ag-tg4-do-ghradaim-theilifise-rts-2024\/#primaryimage\",\"url\":\"https:\/\/dev.tg4.ie\/wp-content\/uploads\/2023\/04\/Iniuchadh_Cead_Mile_Failte_1-1920x1080-1-700x394.jpg\",\"contentUrl\":\"https:\/\/dev.tg4.ie\/wp-content\/uploads\/2023\/04\/Iniuchadh_Cead_Mile_Failte_1-1920x1080-1-700x394.jpg\"},{\"@type\":\"BreadcrumbList\",\"@id\":\"https:\/\/dev.tg4.ie\/ga\/eolas\/preas\/nuacht-raitis\/2024-2\/ceithre-ainmniuchan-faighte-ag-tg4-do-ghradaim-theilifise-rts-2024\/#breadcrumb\",\"itemListElement\":[{\"@type\":\"ListItem\",\"position\":1,\"name\":\"Home\",\"item\":\"https:\/\/dev.tg4.ie\/ga\/\"},{\"@type\":\"ListItem\",\"position\":2,\"name\":\"Eolas\",\"item\":\"https:\/\/dev.tg4.ie\/ga\/eolas\/\"},{\"@type\":\"ListItem\",\"position\":3,\"name\":\"Preas\",\"item\":\"https:\/\/dev.tg4.ie\/ga\/eolas\/preas\/\"},{\"@type\":\"ListItem\",\"position\":4,\"name\":\"Nuacht R\u00e1itis\",\"item\":\"https:\/\/dev.tg4.ie\/ga\/eolas\/preas\/nuacht-raitis\/\"},{\"@type\":\"ListItem\",\"position\":5,\"name\":\"2024\",\"item\":\"https:\/\/dev.tg4.ie\/ga\/eolas\/preas\/nuacht-raitis\/2024-2\/\"},{\"@type\":\"ListItem\",\"position\":6,\"name\":\"Ceithre ainmni\u00fach\u00e1n faighte ag TG4 do Ghradaim Theilif\u00edse RTS 2024\"}]},{\"@type\":\"WebSite\",\"@id\":\"https:\/\/dev.tg4.ie\/en\/#website\",\"url\":\"https:\/\/dev.tg4.ie\/en\/\",\"name\":\"TG4\",\"description\":\"S\u00fail Eile\",\"potentialAction\":[{\"@type\":\"SearchAction\",\"target\":{\"@type\":\"EntryPoint\",\"urlTemplate\":\"https:\/\/dev.tg4.ie\/en\/?s={search_term_string}\"},\"query-input\":\"required name=search_term_string\"}],\"inLanguage\":\"ga\"}]}<\/script>\n<!-- \/ Yoast SEO plugin. -->","yoast_head_json":{"title":"Ceithre ainmni\u00fach\u00e1n faighte ag TG4 do Ghradaim Theilif\u00edse RTS 2024 | Preas R\u00e1iteas | TG4","description":"Ceithre cinn d\u2019ainmni\u00fach\u00e1in ar fad a fuair cl\u00e1ir de chuid TG4 do Ghradaim Theilif\u00edse RTS. Tugann na gradaim aitheantas do bharr feabhais agus gaisc\u00ed in earn\u00e1il teilif\u00edse na h\u00c9ireann.","robots":{"index":"index","follow":"follow","max-snippet":"max-snippet:-1","max-image-preview":"max-image-preview:large","max-video-preview":"max-video-preview:-1"},"og_locale":"en_US","og_type":"article","og_title":"Ceithre ainmni\u00fach\u00e1n faighte ag TG4 do Ghradaim Theilif\u00edse RTS 2024 | Preas R\u00e1iteas | TG4","og_description":"Ceithre cinn d\u2019ainmni\u00fach\u00e1in ar fad a fuair cl\u00e1ir de chuid TG4 do Ghradaim Theilif\u00edse RTS. Tugann na gradaim aitheantas do bharr feabhais agus gaisc\u00ed in earn\u00e1il teilif\u00edse na h\u00c9ireann.","og_url":"https:\/\/dev.tg4.ie\/ga\/eolas\/preas\/nuacht-raitis\/2024-2\/ceithre-ainmniuchan-faighte-ag-tg4-do-ghradaim-theilifise-rts-2024\/","og_site_name":"TG4","article_publisher":"https:\/\/www.facebook.com\/TG4TV","og_image":[{"width":1920,"height":1080,"url":"https:\/\/tg4-docs.s3.amazonaws.com\/wp-content\/uploads\/2023\/04\/27122907\/Iniuchadh_Cead_Mile_Failte_1-1920x1080-1.jpg","type":"image\/jpeg"}],"twitter_card":"summary_large_image","twitter_image":"https:\/\/tg4-docs.s3.amazonaws.com\/wp-content\/uploads\/2023\/04\/27122907\/Iniuchadh_Cead_Mile_Failte_1-1920x1080-1.jpg","twitter_site":"@TG4TV","twitter_misc":{"Est. reading time":"3 minutes"},"schema":{"@context":"https:\/\/schema.org","@graph":[{"@type":"WebPage","@id":"https:\/\/dev.tg4.ie\/ga\/eolas\/preas\/nuacht-raitis\/2024-2\/ceithre-ainmniuchan-faighte-ag-tg4-do-ghradaim-theilifise-rts-2024\/","url":"https:\/\/dev.tg4.ie\/ga\/eolas\/preas\/nuacht-raitis\/2024-2\/ceithre-ainmniuchan-faighte-ag-tg4-do-ghradaim-theilifise-rts-2024\/","name":"Ceithre ainmni\u00fach\u00e1n faighte ag TG4 do Ghradaim Theilif\u00edse RTS 2024 | Preas R\u00e1iteas | TG4","isPartOf":{"@id":"https:\/\/dev.tg4.ie\/en\/#website"},"primaryImageOfPage":{"@id":"https:\/\/dev.tg4.ie\/ga\/eolas\/preas\/nuacht-raitis\/2024-2\/ceithre-ainmniuchan-faighte-ag-tg4-do-ghradaim-theilifise-rts-2024\/#primaryimage"},"image":{"@id":"https:\/\/dev.tg4.ie\/ga\/eolas\/preas\/nuacht-raitis\/2024-2\/ceithre-ainmniuchan-faighte-ag-tg4-do-ghradaim-theilifise-rts-2024\/#primaryimage"},"thumbnailUrl":"https:\/\/dev.tg4.ie\/wp-content\/uploads\/2023\/04\/Iniuchadh_Cead_Mile_Failte_1-1920x1080-1-700x394.jpg","datePublished":"2024-02-27T13:13:18+00:00","dateModified":"2024-02-27T13:13:18+00:00","description":"Ceithre cinn d\u2019ainmni\u00fach\u00e1in ar fad a fuair cl\u00e1ir de chuid TG4 do Ghradaim Theilif\u00edse RTS. Tugann na gradaim aitheantas do bharr feabhais agus gaisc\u00ed in earn\u00e1il teilif\u00edse na h\u00c9ireann.","breadcrumb":{"@id":"https:\/\/dev.tg4.ie\/ga\/eolas\/preas\/nuacht-raitis\/2024-2\/ceithre-ainmniuchan-faighte-ag-tg4-do-ghradaim-theilifise-rts-2024\/#breadcrumb"},"inLanguage":"ga","potentialAction":[{"@type":"ReadAction","target":["https:\/\/dev.tg4.ie\/ga\/eolas\/preas\/nuacht-raitis\/2024-2\/ceithre-ainmniuchan-faighte-ag-tg4-do-ghradaim-theilifise-rts-2024\/"]}]},{"@type":"ImageObject","inLanguage":"ga","@id":"https:\/\/dev.tg4.ie\/ga\/eolas\/preas\/nuacht-raitis\/2024-2\/ceithre-ainmniuchan-faighte-ag-tg4-do-ghradaim-theilifise-rts-2024\/#primaryimage","url":"https:\/\/dev.tg4.ie\/wp-content\/uploads\/2023\/04\/Iniuchadh_Cead_Mile_Failte_1-1920x1080-1-700x394.jpg","contentUrl":"https:\/\/dev.tg4.ie\/wp-content\/uploads\/2023\/04\/Iniuchadh_Cead_Mile_Failte_1-1920x1080-1-700x394.jpg"},{"@type":"BreadcrumbList","@id":"https:\/\/dev.tg4.ie\/ga\/eolas\/preas\/nuacht-raitis\/2024-2\/ceithre-ainmniuchan-faighte-ag-tg4-do-ghradaim-theilifise-rts-2024\/#breadcrumb","itemListElement":[{"@type":"ListItem","position":1,"name":"Home","item":"https:\/\/dev.tg4.ie\/ga\/"},{"@type":"ListItem","position":2,"name":"Eolas","item":"https:\/\/dev.tg4.ie\/ga\/eolas\/"},{"@type":"ListItem","position":3,"name":"Preas","item":"https:\/\/dev.tg4.ie\/ga\/eolas\/preas\/"},{"@type":"ListItem","position":4,"name":"Nuacht R\u00e1itis","item":"https:\/\/dev.tg4.ie\/ga\/eolas\/preas\/nuacht-raitis\/"},{"@type":"ListItem","position":5,"name":"2024","item":"https:\/\/dev.tg4.ie\/ga\/eolas\/preas\/nuacht-raitis\/2024-2\/"},{"@type":"ListItem","position":6,"name":"Ceithre ainmni\u00fach\u00e1n faighte ag TG4 do Ghradaim Theilif\u00edse RTS 2024"}]},{"@type":"WebSite","@id":"https:\/\/dev.tg4.ie\/en\/#website","url":"https:\/\/dev.tg4.ie\/en\/","name":"TG4","description":"S\u00fail Eile","potentialAction":[{"@type":"SearchAction","target":{"@type":"EntryPoint","urlTemplate":"https:\/\/dev.tg4.ie\/en\/?s={search_term_string}"},"query-input":"required name=search_term_string"}],"inLanguage":"ga"}]}},"_links":{"self":[{"href":"https:\/\/dev.tg4.ie\/ga\/wp-json\/wp\/v2\/pages\/211350"}],"collection":[{"href":"https:\/\/dev.tg4.ie\/ga\/wp-json\/wp\/v2\/pages"}],"about":[{"href":"https:\/\/dev.tg4.ie\/ga\/wp-json\/wp\/v2\/types\/page"}],"author":[{"embeddable":true,"href":"https:\/\/dev.tg4.ie\/ga\/wp-json\/wp\/v2\/users\/876"}],"replies":[{"embeddable":true,"href":"https:\/\/dev.tg4.ie\/ga\/wp-json\/wp\/v2\/comments?post=211350"}],"version-history":[{"count":0,"href":"https:\/\/dev.tg4.ie\/ga\/wp-json\/wp\/v2\/pages\/211350\/revisions"}],"up":[{"embeddable":true,"href":"https:\/\/dev.tg4.ie\/ga\/wp-json\/wp\/v2\/pages\/208148"}],"wp:attachment":[{"href":"https:\/\/dev.tg4.ie\/ga\/wp-json\/wp\/v2\/media?parent=211350"}],"curies":[{"name":"wp","href":"https:\/\/api.w.org\/{rel}","templated":true}]}}