{"id":211509,"date":"2024-03-01T10:38:53","date_gmt":"2024-03-01T10:38:53","guid":{"rendered":"https:\/\/dev.tg4.ie\/?page_id=211509"},"modified":"2024-03-01T10:38:53","modified_gmt":"2024-03-01T10:38:53","slug":"an-chead-leagan-craolta-de-dhramaiocht-teilifise-ghaeilge-le-teanga-chomharthaiochta-na-heireann-deanta-de-saol-ella","status":"publish","type":"page","link":"https:\/\/dev.tg4.ie\/ga\/eolas\/preas\/nuacht-raitis\/2024-2\/an-chead-leagan-craolta-de-dhramaiocht-teilifise-ghaeilge-le-teanga-chomharthaiochta-na-heireann-deanta-de-saol-ella\/","title":{"rendered":"An ch\u00e9ad leagan craolta de dhr\u00e1ma\u00edocht teilif\u00edse Ghaeilge le Teanga Chomhartha\u00edochta na h\u00c9ireann d\u00e9anta de Saol Ella"},"content":{"rendered":"<p><img loading=\"lazy\" decoding=\"async\" width=\"1920\" height=\"1080\" src=\"https:\/\/tg4-docs.s3.amazonaws.com\/wp-content\/uploads\/2024\/03\/01100308\/Saol_Ella_ISL_1-1920x1080-1.jpg\" alt=\"\" class=\"aligncenter size-full wp-image-211510\" srcset=\"https:\/\/tg4-docs.s3.amazonaws.com\/wp-content\/uploads\/2024\/03\/01100308\/Saol_Ella_ISL_1-1920x1080-1.jpg 1920w, https:\/\/tg4-docs.s3.amazonaws.com\/wp-content\/uploads\/2024\/03\/01100308\/Saol_Ella_ISL_1-1920x1080-1-250x141.jpg 250w, https:\/\/tg4-docs.s3.amazonaws.com\/wp-content\/uploads\/2024\/03\/01100308\/Saol_Ella_ISL_1-1920x1080-1-700x394.jpg 700w, https:\/\/tg4-docs.s3.amazonaws.com\/wp-content\/uploads\/2024\/03\/01100308\/Saol_Ella_ISL_1-1920x1080-1-252x141.jpg 252w, https:\/\/tg4-docs.s3.amazonaws.com\/wp-content\/uploads\/2024\/03\/01100308\/Saol_Ella_ISL_1-1920x1080-1-1536x864.jpg 1536w, https:\/\/tg4-docs.s3.amazonaws.com\/wp-content\/uploads\/2024\/03\/01100308\/Saol_Ella_ISL_1-1920x1080-1-120x68.jpg 120w\" sizes=\"(max-width: 1920px) 100vw, 1920px\" \/><br \/>\n<sup>Pic: Ciara Cox (Saol Ella) &#038; Niamh N\u00ed Chr\u00f3in\u00edn (C\u00fala4)<\/sup><br \/>\n&nbsp;<\/p>\n<p>Seoladh leagan Theanga Comhartha\u00edochta na h\u00c9ireann (ISL) de Saol Ella D\u00e9 M\u00e1irt an 27 Feabhra 2024 i mBaile Bodhar \u00c9ireann i mBaile \u00c1tha Cliath 7.<br \/>\n&nbsp;<br \/>\nIs s\u00e1rthaispe\u00e1ntas spreag\u00fail teilif\u00edse \u00e9 Saol Ella agus t\u00e1 gaisce m\u00f3r d\u00e9anta ar\u00eds ag TG4\/C\u00fala4 mar gurb \u00e9 an ch\u00e9ad chraolt\u00f3ir \u00c9ireannach chun leagan ISL de Dhr\u00e1ma\u00edocht Teilif\u00edse Ghaeilge a sheoladh. Bh\u00ed Ciara Cox, aisteoir at\u00e1 sna d\u00e9aga agus arb \u00ed at\u00e1 i bp\u00e1irt Ella, ag an seoladh, mar aon le Niamh N\u00ed Chr\u00f3in\u00edn, l\u00e1ithreoir C\u00fala4, agus neart eile.<br \/>\n&nbsp;<br \/>\nAn comhlacht l\u00e9iri\u00fach\u00e1in teilif\u00edse neamhsple\u00e1ch Dan\u00fa Media a l\u00e9irigh Saol Ella do TG4\/C\u00fala4 agus is iad Ailbhe Nic Giolla Bhrighde agus Gemma Breathnach a scr\u00edobh an tsraith. Is  sraith \u00ed seo a chuireann spraoi agus dr\u00e1ma\u00edocht \u00e9adrom ar f\u00e1il agus at\u00e1 d\u00edrithe ar lucht f\u00e9achana sna d\u00e9aga.<br \/>\n&nbsp;<br \/>\nCuirtear saol an d\u00e9ag\u00f3ra in\u00e1r l\u00e1thair ar bhealach siams\u00fail agus greannmhar agus  ag an am c\u00e9anna, cuirtear na m\u00edlte daoine \u00f3ga, a chaith t\u00e9arma i gCol\u00e1ist\u00ed Gaeilge i rith an tsamhraidh, siar ar bh\u00f3ithr\u00edn na smaointe.<br \/>\n&nbsp;<br \/>\nMar chuid den tionscadal ceannr\u00f3da\u00edoch dr\u00e1ma\u00edochta teilif\u00edse seo at\u00e1 le craoladh le ISL, d\u2019oibrigh Dan\u00fa Media go heisiach le linn an l\u00e9irithe le hateangaire ar Theanga Chomhartha\u00edochta na h\u00c9ireann agus cainteoir Gaeilge Romy O\u2019Callaghan chun an leagan ISL de Saol Ella a chruth\u00fa do TG4. Chuaigh Dan\u00fa Media i mbun oibre le Cumann Bodhar na h\u00c9ireann agus Chime agus iad d\u00edrithe go hioml\u00e1n ar dhr\u00e1ma\u00edocht teilif\u00edse ar ardchaighde\u00e1n  a bheadh go hioml\u00e1n ionchuimsitheach a chruth\u00fa, a chuirfeadh siamsa\u00edocht ar f\u00e1il agus a mheallfadh an pobal bodhar idir \u00f3g agus sean.<br \/>\n&nbsp;<br \/>\n<em>\u201cBa shraith dhr\u00e1ma\u00edochta iontach agus thaitneamhach le cruth\u00fa agus le l\u00e9iri\u00fa a bh\u00ed in Saol Ella\u201d<\/em>, a d\u00fairt <strong>Siobh\u00e1n N\u00ed Ghadhra, L\u00e9iritheoir Sraithe agus Sti\u00farth\u00f3ir Bainist\u00edochta Dan\u00fa Media<\/strong>. <em>\u201cBa dh\u00fashl\u00e1n nua a bh\u00ed ann d\u00fainn leagan ISL a dh\u00e9anamh ach d\u00fashl\u00e1n tairbheach a bh\u00ed ann mar sin f\u00e9in mar go bhfuaireamar deis oibri\u00fa le hateangair\u00ed Comhartha\u00edochta agus de bharr gurb \u00e9 seo an ch\u00e9ad chraoladh dr\u00e1ma\u00edochta teilif\u00edse a bhfuil ISL leis, t\u00e1imid thar a bheith m\u00f3rtasach as bheith chun tosaigh i nd\u00e1il le forbairt lean\u00fanach \u00e1bhar ISL i gcraolt\u00f3ireacht na teilif\u00edse chun ionchuimsitheacht n\u00edos m\u00f3 a chur chun cinn don phobal bodhar, is cuma c\u00e9n aois iad.\u201d<\/em><br \/>\n&nbsp;<br \/>\nIs \u00e9 <strong>R\u00f3n\u00e1n \u00d3 Domhnaill, Coimisin\u00e9ir Forbartha na Me\u00e1n<\/strong>, at\u00e1 freagrach as an Sc\u00e9im Fuaim &#038; F\u00eds agus t\u00e1 s\u00e9 ar b\u00eds faoin bhforbairt is d\u00e9ana\u00ed seo.  <em>\u201cT\u00e1 r\u00edm\u00e9ad ar Choimisi\u00fan na Me\u00e1n tac\u00fa le l\u00e9iri\u00fa leagan Theanga Chomhartha\u00edochta na h\u00c9ireann (ISL) de \u201cSaol Ella\u201d, a fuair maoini\u00fa i bp\u00e1irt ag an t\u00fas \u00f3n sc\u00e9im maoini\u00fach\u00e1in Fuaim &#038; F\u00eds. Is sampla den scoth \u00e9 seo de na cine\u00e1lacha iontacha cl\u00e1r a dtugtar taca\u00edocht d\u00f3ibh faoin sc\u00e9im le c\u00fanamh \u00f3n T\u00e1ille Cead\u00fanais Teilif\u00edse. D\u00e9anaimid comhghairdeas le Dan\u00fa Media Teo agus leis an bhfoireann ar fad as a gcuid oibre agus as tuilleadh inrochtaineachta a chur ar f\u00e1il i leith na sraithe ionta\u00ed seo\u201d<\/em>, a d\u00fairt R\u00f3n\u00e1n \u00d3 Domhnaill.<br \/>\n&nbsp;<br \/>\nIs \u00e9ard a d\u00fairt <strong>Siobh\u00e1n N\u00ed Bhr\u00e1daigh, Eagarth\u00f3ir Coimisi\u00fanaithe agus Ceannach\u00e1n TG4<\/strong>, <em>&#8220;T\u00e1imid thar a bheith br\u00f3d\u00fail go bhfuilimid ag seoladh leagan ISL de Saol Ella. D\u00e9anaimid comhghairdeas \u00f3 chro\u00ed le Dan\u00fa Media a d\u2019oibrigh go d\u00edcheallach chun an tsraith den scoth agus an leagan ISL seo a chruth\u00fa. T\u00e1 s\u00fail againn cur len\u00e1r mbaili\u00fach\u00e1n d\u2019\u00e1bhar ISL amach anseo le h\u00e1bhar do ph\u00e1ist\u00ed r\u00e9amhscoile agus do ph\u00e1ist\u00ed at\u00e1 sna luathbhlianta scoile freisin.&#8221;<\/em><br \/>\n&nbsp;<br \/>\nBh\u00ed Dan\u00fa Media i mbun oibre freisin leis an gcarthanacht Chime, at\u00e1 ag troid, \u00f3n mbliain 1964, ar son taca\u00edochta\u00ed do gach duine i bpobal bodhar na h\u00c9ireann agus do dhaoine a bhfuil caillteanas \u00e9isteachta tarlaithe d\u00f3ibh. Dar le <strong>Chime<\/strong>, <em>\u201cIs iontach an rud \u00e9 go bhfuil Saol Ella ar f\u00e1il le Teanga Chomhartha\u00edochta na h\u00c9ireann. Is \u00ed seo an ch\u00e9ad sraith dhr\u00e1ma\u00edochta Ghaeilge riamh a craoladh le ISL. N\u00ed hamh\u00e1in go dtabharfaidh s\u00e9 seo misneach do na daoine \u00f3ga at\u00e1 bodhar a \u00fas\u00e1ideann ISL, ach cuideoidh s\u00e9 le feasacht a ard\u00fa freisin i measc an daonra n\u00edos leithne agus chun socha\u00ed n\u00edos ionchuimsith\u00ed a fhorbairt. T\u00e1 TG4\/C\u00fala4 chun tosaigh ina leith sin anois agus t\u00e1 s\u00fail againn  go nd\u00e9anfaidh craolt\u00f3ir\u00ed eile aithris orthu.\u201d<\/em><br \/>\n&nbsp;<br \/>\nCraolfar Saol Ella ISL gach seachtain ar C\u00fala4 ag  tos\u00fa ar an 29 Feabhra (1pm). Beidh na cl\u00e1ir ar fad sa tsraith ar  Sheinnteoir C\u00fala4 \u00f3n D\u00e9ardaoin.<br \/>\n&nbsp;<br \/>\nCoinnigh s\u00fail ar ard\u00e1in me\u00e1n s\u00f3isialta TG4 agus C\u00fala4, agus ar chain\u00e9il sh\u00f3isialta Saol Ella ar nd\u00f3igh, chun an t-eolas is d\u00e9ana\u00ed a fh\u00e1il.<\/p>\n<p>&nbsp;<br \/>\n&nbsp;<\/p>\n","protected":false},"excerpt":{"rendered":"<p>Pic: Ciara Cox (Saol Ella) &#038; Niamh N\u00ed Chr\u00f3in\u00edn (C\u00fala4) &nbsp; Seoladh leagan Theanga Comhartha\u00edochta na h\u00c9ireann (ISL) de Saol Ella D\u00e9 M\u00e1irt an 27 Feabhra 2024 i mBaile Bodhar \u00c9ireann i mBaile \u00c1tha Cliath 7. &nbsp; Is s\u00e1rthaispe\u00e1ntas spreag\u00fail teilif\u00edse \u00e9 Saol Ella agus t\u00e1 gaisce m\u00f3r d\u00e9anta ar\u00eds ag TG4\/C\u00fala4 mar gurb \u00e9 [&hellip;]<\/p>\n","protected":false},"author":876,"featured_media":0,"parent":208148,"menu_order":6,"comment_status":"closed","ping_status":"closed","template":"page-templates\/template-pr.php","meta":{"_acf_changed":false,"footnotes":""},"acf":[],"yoast_head":"<!-- This site is optimized with the Yoast SEO plugin v22.6 - https:\/\/yoast.com\/wordpress\/plugins\/seo\/ -->\n<title>An ch\u00e9ad leagan craolta de dhr\u00e1ma\u00edocht teilif\u00edse Ghaeilge le Teanga Chomhartha\u00edochta na h\u00c9ireann d\u00e9anta de Saol Ella | Preas R\u00e1iteas | TG4<\/title>\n<meta name=\"description\" content=\"Seoladh leagan Theanga Comhartha\u00edochta na h\u00c9ireann (ISL) de Saol Ella D\u00e9 M\u00e1irt an 27 Feabhra 2024 i mBaile Bodhar \u00c9ireann i mBaile \u00c1tha Cliath 7.\" \/>\n<meta name=\"robots\" content=\"index, follow, max-snippet:-1, max-image-preview:large, max-video-preview:-1\" \/>\n<meta property=\"og:locale\" content=\"en_US\" \/>\n<meta property=\"og:type\" content=\"article\" \/>\n<meta property=\"og:title\" content=\"An ch\u00e9ad leagan craolta de dhr\u00e1ma\u00edocht teilif\u00edse Ghaeilge le Teanga Chomhartha\u00edochta na h\u00c9ireann d\u00e9anta de Saol Ella | Preas R\u00e1iteas | TG4\" \/>\n<meta property=\"og:description\" content=\"Seoladh leagan Theanga Comhartha\u00edochta na h\u00c9ireann (ISL) de Saol Ella D\u00e9 M\u00e1irt an 27 Feabhra 2024 i mBaile Bodhar \u00c9ireann i mBaile \u00c1tha Cliath 7.\" \/>\n<meta property=\"og:url\" content=\"https:\/\/dev.tg4.ie\/ga\/eolas\/preas\/nuacht-raitis\/2024-2\/an-chead-leagan-craolta-de-dhramaiocht-teilifise-ghaeilge-le-teanga-chomharthaiochta-na-heireann-deanta-de-saol-ella\/\" \/>\n<meta property=\"og:site_name\" content=\"TG4\" \/>\n<meta property=\"article:publisher\" content=\"https:\/\/www.facebook.com\/TG4TV\" \/>\n<meta property=\"og:image\" content=\"https:\/\/tg4-docs.s3.amazonaws.com\/wp-content\/uploads\/2024\/03\/01100308\/Saol_Ella_ISL_1-1920x1080-1.jpg\" \/>\n\t<meta property=\"og:image:width\" content=\"1920\" \/>\n\t<meta property=\"og:image:height\" content=\"1080\" \/>\n\t<meta property=\"og:image:type\" content=\"image\/jpeg\" \/>\n<meta name=\"twitter:card\" content=\"summary_large_image\" \/>\n<meta name=\"twitter:image\" content=\"https:\/\/tg4-docs.s3.amazonaws.com\/wp-content\/uploads\/2024\/03\/01100308\/Saol_Ella_ISL_1-1920x1080-1.jpg\" \/>\n<meta name=\"twitter:site\" content=\"@TG4TV\" \/>\n<meta name=\"twitter:label1\" content=\"Est. reading time\" \/>\n\t<meta name=\"twitter:data1\" content=\"4 minutes\" \/>\n<script type=\"application\/ld+json\" class=\"yoast-schema-graph\">{\"@context\":\"https:\/\/schema.org\",\"@graph\":[{\"@type\":\"WebPage\",\"@id\":\"https:\/\/dev.tg4.ie\/ga\/eolas\/preas\/nuacht-raitis\/2024-2\/an-chead-leagan-craolta-de-dhramaiocht-teilifise-ghaeilge-le-teanga-chomharthaiochta-na-heireann-deanta-de-saol-ella\/\",\"url\":\"https:\/\/dev.tg4.ie\/ga\/eolas\/preas\/nuacht-raitis\/2024-2\/an-chead-leagan-craolta-de-dhramaiocht-teilifise-ghaeilge-le-teanga-chomharthaiochta-na-heireann-deanta-de-saol-ella\/\",\"name\":\"An ch\u00e9ad leagan craolta de dhr\u00e1ma\u00edocht teilif\u00edse Ghaeilge le Teanga Chomhartha\u00edochta na h\u00c9ireann d\u00e9anta de Saol Ella | Preas R\u00e1iteas | TG4\",\"isPartOf\":{\"@id\":\"https:\/\/dev.tg4.ie\/en\/#website\"},\"primaryImageOfPage\":{\"@id\":\"https:\/\/dev.tg4.ie\/ga\/eolas\/preas\/nuacht-raitis\/2024-2\/an-chead-leagan-craolta-de-dhramaiocht-teilifise-ghaeilge-le-teanga-chomharthaiochta-na-heireann-deanta-de-saol-ella\/#primaryimage\"},\"image\":{\"@id\":\"https:\/\/dev.tg4.ie\/ga\/eolas\/preas\/nuacht-raitis\/2024-2\/an-chead-leagan-craolta-de-dhramaiocht-teilifise-ghaeilge-le-teanga-chomharthaiochta-na-heireann-deanta-de-saol-ella\/#primaryimage\"},\"thumbnailUrl\":\"https:\/\/dev.tg4.ie\/wp-content\/uploads\/2024\/03\/Saol_Ella_ISL_1-1920x1080-1.jpg\",\"datePublished\":\"2024-03-01T10:38:53+00:00\",\"dateModified\":\"2024-03-01T10:38:53+00:00\",\"description\":\"Seoladh leagan Theanga Comhartha\u00edochta na h\u00c9ireann (ISL) de Saol Ella D\u00e9 M\u00e1irt an 27 Feabhra 2024 i mBaile Bodhar \u00c9ireann i mBaile \u00c1tha Cliath 7.\",\"breadcrumb\":{\"@id\":\"https:\/\/dev.tg4.ie\/ga\/eolas\/preas\/nuacht-raitis\/2024-2\/an-chead-leagan-craolta-de-dhramaiocht-teilifise-ghaeilge-le-teanga-chomharthaiochta-na-heireann-deanta-de-saol-ella\/#breadcrumb\"},\"inLanguage\":\"ga\",\"potentialAction\":[{\"@type\":\"ReadAction\",\"target\":[\"https:\/\/dev.tg4.ie\/ga\/eolas\/preas\/nuacht-raitis\/2024-2\/an-chead-leagan-craolta-de-dhramaiocht-teilifise-ghaeilge-le-teanga-chomharthaiochta-na-heireann-deanta-de-saol-ella\/\"]}]},{\"@type\":\"ImageObject\",\"inLanguage\":\"ga\",\"@id\":\"https:\/\/dev.tg4.ie\/ga\/eolas\/preas\/nuacht-raitis\/2024-2\/an-chead-leagan-craolta-de-dhramaiocht-teilifise-ghaeilge-le-teanga-chomharthaiochta-na-heireann-deanta-de-saol-ella\/#primaryimage\",\"url\":\"https:\/\/dev.tg4.ie\/wp-content\/uploads\/2024\/03\/Saol_Ella_ISL_1-1920x1080-1.jpg\",\"contentUrl\":\"https:\/\/dev.tg4.ie\/wp-content\/uploads\/2024\/03\/Saol_Ella_ISL_1-1920x1080-1.jpg\"},{\"@type\":\"BreadcrumbList\",\"@id\":\"https:\/\/dev.tg4.ie\/ga\/eolas\/preas\/nuacht-raitis\/2024-2\/an-chead-leagan-craolta-de-dhramaiocht-teilifise-ghaeilge-le-teanga-chomharthaiochta-na-heireann-deanta-de-saol-ella\/#breadcrumb\",\"itemListElement\":[{\"@type\":\"ListItem\",\"position\":1,\"name\":\"Home\",\"item\":\"https:\/\/dev.tg4.ie\/ga\/\"},{\"@type\":\"ListItem\",\"position\":2,\"name\":\"Eolas\",\"item\":\"https:\/\/dev.tg4.ie\/ga\/eolas\/\"},{\"@type\":\"ListItem\",\"position\":3,\"name\":\"Preas\",\"item\":\"https:\/\/dev.tg4.ie\/ga\/eolas\/preas\/\"},{\"@type\":\"ListItem\",\"position\":4,\"name\":\"Nuacht R\u00e1itis\",\"item\":\"https:\/\/dev.tg4.ie\/ga\/eolas\/preas\/nuacht-raitis\/\"},{\"@type\":\"ListItem\",\"position\":5,\"name\":\"2024\",\"item\":\"https:\/\/dev.tg4.ie\/ga\/eolas\/preas\/nuacht-raitis\/2024-2\/\"},{\"@type\":\"ListItem\",\"position\":6,\"name\":\"An ch\u00e9ad leagan craolta de dhr\u00e1ma\u00edocht teilif\u00edse Ghaeilge le Teanga Chomhartha\u00edochta na h\u00c9ireann d\u00e9anta de Saol Ella\"}]},{\"@type\":\"WebSite\",\"@id\":\"https:\/\/dev.tg4.ie\/en\/#website\",\"url\":\"https:\/\/dev.tg4.ie\/en\/\",\"name\":\"TG4\",\"description\":\"S\u00fail Eile\",\"potentialAction\":[{\"@type\":\"SearchAction\",\"target\":{\"@type\":\"EntryPoint\",\"urlTemplate\":\"https:\/\/dev.tg4.ie\/en\/?s={search_term_string}\"},\"query-input\":\"required name=search_term_string\"}],\"inLanguage\":\"ga\"}]}<\/script>\n<!-- \/ Yoast SEO plugin. -->","yoast_head_json":{"title":"An ch\u00e9ad leagan craolta de dhr\u00e1ma\u00edocht teilif\u00edse Ghaeilge le Teanga Chomhartha\u00edochta na h\u00c9ireann d\u00e9anta de Saol Ella | Preas R\u00e1iteas | TG4","description":"Seoladh leagan Theanga Comhartha\u00edochta na h\u00c9ireann (ISL) de Saol Ella D\u00e9 M\u00e1irt an 27 Feabhra 2024 i mBaile Bodhar \u00c9ireann i mBaile \u00c1tha Cliath 7.","robots":{"index":"index","follow":"follow","max-snippet":"max-snippet:-1","max-image-preview":"max-image-preview:large","max-video-preview":"max-video-preview:-1"},"og_locale":"en_US","og_type":"article","og_title":"An ch\u00e9ad leagan craolta de dhr\u00e1ma\u00edocht teilif\u00edse Ghaeilge le Teanga Chomhartha\u00edochta na h\u00c9ireann d\u00e9anta de Saol Ella | Preas R\u00e1iteas | TG4","og_description":"Seoladh leagan Theanga Comhartha\u00edochta na h\u00c9ireann (ISL) de Saol Ella D\u00e9 M\u00e1irt an 27 Feabhra 2024 i mBaile Bodhar \u00c9ireann i mBaile \u00c1tha Cliath 7.","og_url":"https:\/\/dev.tg4.ie\/ga\/eolas\/preas\/nuacht-raitis\/2024-2\/an-chead-leagan-craolta-de-dhramaiocht-teilifise-ghaeilge-le-teanga-chomharthaiochta-na-heireann-deanta-de-saol-ella\/","og_site_name":"TG4","article_publisher":"https:\/\/www.facebook.com\/TG4TV","og_image":[{"width":1920,"height":1080,"url":"https:\/\/tg4-docs.s3.amazonaws.com\/wp-content\/uploads\/2024\/03\/01100308\/Saol_Ella_ISL_1-1920x1080-1.jpg","type":"image\/jpeg"}],"twitter_card":"summary_large_image","twitter_image":"https:\/\/tg4-docs.s3.amazonaws.com\/wp-content\/uploads\/2024\/03\/01100308\/Saol_Ella_ISL_1-1920x1080-1.jpg","twitter_site":"@TG4TV","twitter_misc":{"Est. reading time":"4 minutes"},"schema":{"@context":"https:\/\/schema.org","@graph":[{"@type":"WebPage","@id":"https:\/\/dev.tg4.ie\/ga\/eolas\/preas\/nuacht-raitis\/2024-2\/an-chead-leagan-craolta-de-dhramaiocht-teilifise-ghaeilge-le-teanga-chomharthaiochta-na-heireann-deanta-de-saol-ella\/","url":"https:\/\/dev.tg4.ie\/ga\/eolas\/preas\/nuacht-raitis\/2024-2\/an-chead-leagan-craolta-de-dhramaiocht-teilifise-ghaeilge-le-teanga-chomharthaiochta-na-heireann-deanta-de-saol-ella\/","name":"An ch\u00e9ad leagan craolta de dhr\u00e1ma\u00edocht teilif\u00edse Ghaeilge le Teanga Chomhartha\u00edochta na h\u00c9ireann d\u00e9anta de Saol Ella | Preas R\u00e1iteas | TG4","isPartOf":{"@id":"https:\/\/dev.tg4.ie\/en\/#website"},"primaryImageOfPage":{"@id":"https:\/\/dev.tg4.ie\/ga\/eolas\/preas\/nuacht-raitis\/2024-2\/an-chead-leagan-craolta-de-dhramaiocht-teilifise-ghaeilge-le-teanga-chomharthaiochta-na-heireann-deanta-de-saol-ella\/#primaryimage"},"image":{"@id":"https:\/\/dev.tg4.ie\/ga\/eolas\/preas\/nuacht-raitis\/2024-2\/an-chead-leagan-craolta-de-dhramaiocht-teilifise-ghaeilge-le-teanga-chomharthaiochta-na-heireann-deanta-de-saol-ella\/#primaryimage"},"thumbnailUrl":"https:\/\/dev.tg4.ie\/wp-content\/uploads\/2024\/03\/Saol_Ella_ISL_1-1920x1080-1.jpg","datePublished":"2024-03-01T10:38:53+00:00","dateModified":"2024-03-01T10:38:53+00:00","description":"Seoladh leagan Theanga Comhartha\u00edochta na h\u00c9ireann (ISL) de Saol Ella D\u00e9 M\u00e1irt an 27 Feabhra 2024 i mBaile Bodhar \u00c9ireann i mBaile \u00c1tha Cliath 7.","breadcrumb":{"@id":"https:\/\/dev.tg4.ie\/ga\/eolas\/preas\/nuacht-raitis\/2024-2\/an-chead-leagan-craolta-de-dhramaiocht-teilifise-ghaeilge-le-teanga-chomharthaiochta-na-heireann-deanta-de-saol-ella\/#breadcrumb"},"inLanguage":"ga","potentialAction":[{"@type":"ReadAction","target":["https:\/\/dev.tg4.ie\/ga\/eolas\/preas\/nuacht-raitis\/2024-2\/an-chead-leagan-craolta-de-dhramaiocht-teilifise-ghaeilge-le-teanga-chomharthaiochta-na-heireann-deanta-de-saol-ella\/"]}]},{"@type":"ImageObject","inLanguage":"ga","@id":"https:\/\/dev.tg4.ie\/ga\/eolas\/preas\/nuacht-raitis\/2024-2\/an-chead-leagan-craolta-de-dhramaiocht-teilifise-ghaeilge-le-teanga-chomharthaiochta-na-heireann-deanta-de-saol-ella\/#primaryimage","url":"https:\/\/dev.tg4.ie\/wp-content\/uploads\/2024\/03\/Saol_Ella_ISL_1-1920x1080-1.jpg","contentUrl":"https:\/\/dev.tg4.ie\/wp-content\/uploads\/2024\/03\/Saol_Ella_ISL_1-1920x1080-1.jpg"},{"@type":"BreadcrumbList","@id":"https:\/\/dev.tg4.ie\/ga\/eolas\/preas\/nuacht-raitis\/2024-2\/an-chead-leagan-craolta-de-dhramaiocht-teilifise-ghaeilge-le-teanga-chomharthaiochta-na-heireann-deanta-de-saol-ella\/#breadcrumb","itemListElement":[{"@type":"ListItem","position":1,"name":"Home","item":"https:\/\/dev.tg4.ie\/ga\/"},{"@type":"ListItem","position":2,"name":"Eolas","item":"https:\/\/dev.tg4.ie\/ga\/eolas\/"},{"@type":"ListItem","position":3,"name":"Preas","item":"https:\/\/dev.tg4.ie\/ga\/eolas\/preas\/"},{"@type":"ListItem","position":4,"name":"Nuacht R\u00e1itis","item":"https:\/\/dev.tg4.ie\/ga\/eolas\/preas\/nuacht-raitis\/"},{"@type":"ListItem","position":5,"name":"2024","item":"https:\/\/dev.tg4.ie\/ga\/eolas\/preas\/nuacht-raitis\/2024-2\/"},{"@type":"ListItem","position":6,"name":"An ch\u00e9ad leagan craolta de dhr\u00e1ma\u00edocht teilif\u00edse Ghaeilge le Teanga Chomhartha\u00edochta na h\u00c9ireann d\u00e9anta de Saol Ella"}]},{"@type":"WebSite","@id":"https:\/\/dev.tg4.ie\/en\/#website","url":"https:\/\/dev.tg4.ie\/en\/","name":"TG4","description":"S\u00fail Eile","potentialAction":[{"@type":"SearchAction","target":{"@type":"EntryPoint","urlTemplate":"https:\/\/dev.tg4.ie\/en\/?s={search_term_string}"},"query-input":"required name=search_term_string"}],"inLanguage":"ga"}]}},"_links":{"self":[{"href":"https:\/\/dev.tg4.ie\/ga\/wp-json\/wp\/v2\/pages\/211509"}],"collection":[{"href":"https:\/\/dev.tg4.ie\/ga\/wp-json\/wp\/v2\/pages"}],"about":[{"href":"https:\/\/dev.tg4.ie\/ga\/wp-json\/wp\/v2\/types\/page"}],"author":[{"embeddable":true,"href":"https:\/\/dev.tg4.ie\/ga\/wp-json\/wp\/v2\/users\/876"}],"replies":[{"embeddable":true,"href":"https:\/\/dev.tg4.ie\/ga\/wp-json\/wp\/v2\/comments?post=211509"}],"version-history":[{"count":0,"href":"https:\/\/dev.tg4.ie\/ga\/wp-json\/wp\/v2\/pages\/211509\/revisions"}],"up":[{"embeddable":true,"href":"https:\/\/dev.tg4.ie\/ga\/wp-json\/wp\/v2\/pages\/208148"}],"wp:attachment":[{"href":"https:\/\/dev.tg4.ie\/ga\/wp-json\/wp\/v2\/media?parent=211509"}],"curies":[{"name":"wp","href":"https:\/\/api.w.org\/{rel}","templated":true}]}}