{"id":212228,"date":"2024-03-07T17:03:11","date_gmt":"2024-03-07T17:03:11","guid":{"rendered":"https:\/\/dev.tg4.ie\/?page_id=212228"},"modified":"2024-03-07T17:04:17","modified_gmt":"2024-03-07T17:04:17","slug":"seacht-n-ainmniuchan-faighte-ag-claracha-tg4-ag-gradaim-fheile-na-mean-ceilteach-2024","status":"publish","type":"page","link":"https:\/\/dev.tg4.ie\/ga\/eolas\/preas\/nuacht-raitis\/2024-2\/seacht-n-ainmniuchan-faighte-ag-claracha-tg4-ag-gradaim-fheile-na-mean-ceilteach-2024\/","title":{"rendered":"Seacht n-ainmni\u00fach\u00e1n faighte ag cl\u00e1racha TG4 ag Gradaim Fh\u00e9ile na Me\u00e1n Ceilteach 2024"},"content":{"rendered":"<p>Ainmn\u00edodh TG4 do sheacht ngradam ag Gradaim bhliant\u00fala Barr Feabhais Torc Fh\u00e9ile na Me\u00e1n Ceilteach a f\u00f3gra\u00edodh inniu.<\/p>\n<p>Eagra\u00edtear F\u00e9ile na Me\u00e1n Ceilteach gach bliain in ionad \u00e9ags\u00fail sna cr\u00edocha Ceilteacha. Cuirtear iontr\u00e1lacha sna duais-aicm\u00ed \u00e9ags\u00fala faoi bhr\u00e1id gi\u00fair\u00e9 n\u00e1isi\u00fanta ina dt\u00edr f\u00e9in ar dt\u00fas agus cuirtear an scoth astu ar ghearrliosta le dul san ioma\u00edocht ag an gcom\u00f3rtas idirn\u00e1isi\u00fanta. Beidh F\u00e9ile na Me\u00e1n Ceilteach ar si\u00fal i gCaerdydd sa Bhreatain Bheag \u00f3n 4-6 Meitheamh i mbliana.<\/p>\n<p>Is iad seo a leanas ainmni\u00fach\u00e1in TG4:<br \/>\n&nbsp;<\/p>\n<p><strong>Meanap\u00e1s: Meon Nua<\/strong> &#8211; <em>Faisn\u00e9is Aonarach<\/em>. Sa gcl\u00e1r faisn\u00e9ise seo d\u00e9anfaidh Gr\u00e1inne Seoige ini\u00fachadh ar mheanap\u00e1s agus ar an gcaoi a gcaitear leis in \u00c9irinn. Caithfidh s\u00ed s\u00fail ar na d\u00fashl\u00e1in a bhaineann leis agus buailfidh s\u00ed le mn\u00e1 timpeall na t\u00edre le cluas a thabhairt d\u00e1 gcuid sc\u00e9alta. Mar chuid den chl\u00e1r tabharfaidh Gr\u00e1inne faoi fheachtas chun daoine a chur ar an eolas faoi ch\u00farsa\u00ed meanap\u00e1is. Buailfidh s\u00ed le saineolaithe, polaiteoir\u00ed agus le mn\u00e1 na t\u00edre chun an t-\u00e1bhar a phl\u00e9<\/p>\n<p><img loading=\"lazy\" decoding=\"async\" width=\"700\" height=\"394\" src=\"https:\/\/tg4-docs.s3.amazonaws.com\/wp-content\/uploads\/2022\/10\/20125342\/Meanapas_Meon_Nua-Grainne_Seoige_1-1920x1080-1-700x394.jpg\" alt=\"\" class=\"aligncenter size-large wp-image-175449\" srcset=\"https:\/\/tg4-docs.s3.amazonaws.com\/wp-content\/uploads\/2022\/10\/20125342\/Meanapas_Meon_Nua-Grainne_Seoige_1-1920x1080-1-700x394.jpg 700w, https:\/\/tg4-docs.s3.amazonaws.com\/wp-content\/uploads\/2022\/10\/20125342\/Meanapas_Meon_Nua-Grainne_Seoige_1-1920x1080-1-250x141.jpg 250w, https:\/\/tg4-docs.s3.amazonaws.com\/wp-content\/uploads\/2022\/10\/20125342\/Meanapas_Meon_Nua-Grainne_Seoige_1-1920x1080-1-252x141.jpg 252w, https:\/\/tg4-docs.s3.amazonaws.com\/wp-content\/uploads\/2022\/10\/20125342\/Meanapas_Meon_Nua-Grainne_Seoige_1-1920x1080-1-1536x864.jpg 1536w, https:\/\/tg4-docs.s3.amazonaws.com\/wp-content\/uploads\/2022\/10\/20125342\/Meanapas_Meon_Nua-Grainne_Seoige_1-1920x1080-1-120x68.jpg 120w, https:\/\/tg4-docs.s3.amazonaws.com\/wp-content\/uploads\/2022\/10\/20125342\/Meanapas_Meon_Nua-Grainne_Seoige_1-1920x1080-1.jpg 1920w\" sizes=\"(max-width: 700px) 100vw, 700px\" \/><br \/>\n<sup>Pic Gr\u00e1inne Seoige &#8211; TG4<\/sup><br \/>\n&nbsp;<\/p>\n<p><strong>Lyra<\/strong> \u2013 <em>Gn\u00e9-Fhaisn\u00e9is<\/em>. L\u00e9argas ar shaol agus ar bh\u00e1s an iriseora ini\u00fachta Lyra McKee as Tuaisceart \u00c9ireann, inste tr\u00edna cuid oibre f\u00e9in. L\u00e9irithe ag Erica Starling Productions Ltd.<\/p>\n<p><img loading=\"lazy\" decoding=\"async\" width=\"700\" height=\"394\" src=\"https:\/\/tg4-docs.s3.amazonaws.com\/wp-content\/uploads\/2024\/03\/07164612\/Lyra_2-1142x642-1-700x394.jpg\" alt=\"\" class=\"aligncenter size-large wp-image-212231\" srcset=\"https:\/\/tg4-docs.s3.amazonaws.com\/wp-content\/uploads\/2024\/03\/07164612\/Lyra_2-1142x642-1-700x394.jpg 700w, https:\/\/tg4-docs.s3.amazonaws.com\/wp-content\/uploads\/2024\/03\/07164612\/Lyra_2-1142x642-1-250x141.jpg 250w, https:\/\/tg4-docs.s3.amazonaws.com\/wp-content\/uploads\/2024\/03\/07164612\/Lyra_2-1142x642-1-252x141.jpg 252w, https:\/\/tg4-docs.s3.amazonaws.com\/wp-content\/uploads\/2024\/03\/07164612\/Lyra_2-1142x642-1-120x67.jpg 120w, https:\/\/tg4-docs.s3.amazonaws.com\/wp-content\/uploads\/2024\/03\/07164612\/Lyra_2-1142x642-1.jpg 1142w\" sizes=\"(max-width: 700px) 100vw, 700px\" \/><br \/>\n<sup>Pic: Lyra McKee<\/sup><br \/>\n&nbsp;<\/p>\n<p><em>Faisn\u00e9is Sp\u00f3irt<\/em> &#8211; <strong>Misneach-Alex Lee<\/strong>. Is m\u00fainteoir Gaeilge agus T\u00edreola\u00edochta i nGaillimh \u00e9 Alex a chuir t\u00fas lena aistear l\u00fathchleasa\u00edochta in 2018. Le s\u00e9 bliana anuas d&#8217;fhoghlaim s\u00e9 conas si\u00fal, conas rith agus conas r\u00e1s r\u00e1ibe a rith. Tugtar l\u00e9argas sa chl\u00e1r faisn\u00e9ise seo ar shaol Alex agus faoin gcaoi ar \u00e9irigh leis a bheith ar an gc\u00e9ad bladerunner in \u00c9irinn. Is sc\u00e9al \u00e9 seo faoi bheith dianseasmhach, faoi mhisneach a bheith agat faoi dhuine nach raibh s\u00e1sta g\u00e9illeadh do rud ar bith. L\u00e9irithe ag Midas Productions.<\/p>\n<p><img loading=\"lazy\" decoding=\"async\" width=\"700\" height=\"394\" src=\"https:\/\/tg4-docs.s3.amazonaws.com\/wp-content\/uploads\/2023\/01\/17122803\/Misneach-2_1_1920x1080-700x394.jpg\" alt=\"\" class=\"aligncenter size-large wp-image-181223\" srcset=\"https:\/\/tg4-docs.s3.amazonaws.com\/wp-content\/uploads\/2023\/01\/17122803\/Misneach-2_1_1920x1080-700x394.jpg 700w, https:\/\/tg4-docs.s3.amazonaws.com\/wp-content\/uploads\/2023\/01\/17122803\/Misneach-2_1_1920x1080-250x141.jpg 250w, https:\/\/tg4-docs.s3.amazonaws.com\/wp-content\/uploads\/2023\/01\/17122803\/Misneach-2_1_1920x1080-252x141.jpg 252w, https:\/\/tg4-docs.s3.amazonaws.com\/wp-content\/uploads\/2023\/01\/17122803\/Misneach-2_1_1920x1080-1536x864.jpg 1536w, https:\/\/tg4-docs.s3.amazonaws.com\/wp-content\/uploads\/2023\/01\/17122803\/Misneach-2_1_1920x1080-120x68.jpg 120w, https:\/\/tg4-docs.s3.amazonaws.com\/wp-content\/uploads\/2023\/01\/17122803\/Misneach-2_1_1920x1080.jpg 1920w\" sizes=\"(max-width: 700px) 100vw, 700px\" \/><br \/>\n<sup>Pic: Alex Lee<\/sup><br \/>\n&nbsp;<\/p>\n<p><strong>Reds na h\u00c9ireann<\/strong> &#8211; <em>Stair<\/em>. Cl\u00e1r faisn\u00e9ise teilif\u00edse ina scr\u00fada\u00edtear an cumannachas in \u00c9irinn go dt\u00ed titim an Aontais Sh\u00f3iv\u00e9adaigh. Cr\u00edochn\u00f3idh an cl\u00e1r le titim an Aontais Sh\u00f3iv\u00e9adaigh agus d\u00e9anfar machnamh ar oidhreacht an chumannachais in \u00c9irinn. L\u00e9irithe ag PushPull Media.<\/p>\n<p><img loading=\"lazy\" decoding=\"async\" width=\"700\" height=\"394\" src=\"https:\/\/tg4-docs.s3.amazonaws.com\/wp-content\/uploads\/2023\/04\/26122706\/Reds_na_hEireann_2-1920x1080-1-700x394.jpg\" alt=\"\" class=\"aligncenter size-large wp-image-190369\" srcset=\"https:\/\/tg4-docs.s3.amazonaws.com\/wp-content\/uploads\/2023\/04\/26122706\/Reds_na_hEireann_2-1920x1080-1-700x394.jpg 700w, https:\/\/tg4-docs.s3.amazonaws.com\/wp-content\/uploads\/2023\/04\/26122706\/Reds_na_hEireann_2-1920x1080-1-250x141.jpg 250w, https:\/\/tg4-docs.s3.amazonaws.com\/wp-content\/uploads\/2023\/04\/26122706\/Reds_na_hEireann_2-1920x1080-1-252x141.jpg 252w, https:\/\/tg4-docs.s3.amazonaws.com\/wp-content\/uploads\/2023\/04\/26122706\/Reds_na_hEireann_2-1920x1080-1-1536x864.jpg 1536w, https:\/\/tg4-docs.s3.amazonaws.com\/wp-content\/uploads\/2023\/04\/26122706\/Reds_na_hEireann_2-1920x1080-1-120x68.jpg 120w, https:\/\/tg4-docs.s3.amazonaws.com\/wp-content\/uploads\/2023\/04\/26122706\/Reds_na_hEireann_2-1920x1080-1.jpg 1920w\" sizes=\"(max-width: 700px) 100vw, 700px\" \/><br \/>\n<sup>Pic: Reds na h\u00c9ireann<\/sup><br \/>\n&nbsp;<\/p>\n<p><strong>Fleadh Beo 2023<\/strong> &#8211; <em>Cl\u00e1r Ceoil Bheo<\/em>. Bh\u00ed neart craic agus ceol ag teacht beo \u00f3 Mhuileann gCearr d&#8217;Fhleadh Cheoil na h\u00c9ireann 2023 agus bh\u00ed daoine m\u00f3r le r\u00e1 chomh maith le seaimp\u00edn\u00ed nua na h\u00c9ireann le feice\u00e1il ceithre o\u00edche i ndiaidh a ch\u00e9ile. L\u00e9irithe ag Power Pictures.<\/p>\n<p><img loading=\"lazy\" decoding=\"async\" width=\"700\" height=\"394\" src=\"https:\/\/tg4-docs.s3.amazonaws.com\/wp-content\/uploads\/2023\/08\/01121446\/Fleadh_2023_Laithreoiri_TG4_1-1920x1080-1-700x394.jpg\" alt=\"\" class=\"aligncenter size-large wp-image-204291\" srcset=\"https:\/\/tg4-docs.s3.amazonaws.com\/wp-content\/uploads\/2023\/08\/01121446\/Fleadh_2023_Laithreoiri_TG4_1-1920x1080-1-700x394.jpg 700w, https:\/\/tg4-docs.s3.amazonaws.com\/wp-content\/uploads\/2023\/08\/01121446\/Fleadh_2023_Laithreoiri_TG4_1-1920x1080-1-250x141.jpg 250w, https:\/\/tg4-docs.s3.amazonaws.com\/wp-content\/uploads\/2023\/08\/01121446\/Fleadh_2023_Laithreoiri_TG4_1-1920x1080-1-252x141.jpg 252w, https:\/\/tg4-docs.s3.amazonaws.com\/wp-content\/uploads\/2023\/08\/01121446\/Fleadh_2023_Laithreoiri_TG4_1-1920x1080-1-1536x864.jpg 1536w, https:\/\/tg4-docs.s3.amazonaws.com\/wp-content\/uploads\/2023\/08\/01121446\/Fleadh_2023_Laithreoiri_TG4_1-1920x1080-1-120x68.jpg 120w, https:\/\/tg4-docs.s3.amazonaws.com\/wp-content\/uploads\/2023\/08\/01121446\/Fleadh_2023_Laithreoiri_TG4_1-1920x1080-1.jpg 1920w\" sizes=\"(max-width: 700px) 100vw, 700px\" \/><br \/>\n<sup>Pic: L\u00e1ithreoir\u00ed Fleadh Beo<\/sup><br \/>\n&nbsp;<\/p>\n<p><strong>M\u2019Ainm Mo Sc\u00e9al<\/strong> &#8211; <em>Cl\u00e1ir do Dhaoine \u00d3ga<\/em>. Sraith do ph\u00e1ist\u00ed ina bhfiosr\u00f3idh siad an chiall at\u00e1 lena gcuid ainmneacha agus na sc\u00e9alta a bhaineann leo. L\u00e9irithe ag Ronin Films.<\/p>\n<p><img loading=\"lazy\" decoding=\"async\" width=\"700\" height=\"394\" src=\"https:\/\/tg4-docs.s3.amazonaws.com\/wp-content\/uploads\/2024\/03\/07164449\/MoAinmMoSceal_1-798x449-1-700x394.jpeg\" alt=\"\" class=\"aligncenter size-large wp-image-212230\" srcset=\"https:\/\/tg4-docs.s3.amazonaws.com\/wp-content\/uploads\/2024\/03\/07164449\/MoAinmMoSceal_1-798x449-1-700x394.jpeg 700w, https:\/\/tg4-docs.s3.amazonaws.com\/wp-content\/uploads\/2024\/03\/07164449\/MoAinmMoSceal_1-798x449-1-250x141.jpeg 250w, https:\/\/tg4-docs.s3.amazonaws.com\/wp-content\/uploads\/2024\/03\/07164449\/MoAinmMoSceal_1-798x449-1-252x141.jpeg 252w, https:\/\/tg4-docs.s3.amazonaws.com\/wp-content\/uploads\/2024\/03\/07164449\/MoAinmMoSceal_1-798x449-1-120x68.jpeg 120w, https:\/\/tg4-docs.s3.amazonaws.com\/wp-content\/uploads\/2024\/03\/07164449\/MoAinmMoSceal_1-798x449-1.jpeg 798w\" sizes=\"(max-width: 700px) 100vw, 700px\" \/><br \/>\n&nbsp;<\/p>\n<p><strong>\u00c9ire Eile<\/strong> &#8211; <em>Gearr-Fhoirm<\/em> &#8211; Sraith faisn\u00e9ise arna cur i l\u00e1thair ag C\u00f3il\u00ed Collins, n\u00f3 Shampain mar is fearr aithne air, ina bhfiosra\u00edtear na fochult\u00fair \u00e9ags\u00fala a thaitn\u00edonn le dream \u00f3g na h\u00c9ireann. L\u00e9irithe ag Black Gate Productions (Tra Gheall Limited).<\/p>\n<p><img loading=\"lazy\" decoding=\"async\" width=\"700\" height=\"394\" src=\"https:\/\/tg4-docs.s3.amazonaws.com\/wp-content\/uploads\/2023\/05\/30141339\/Eire_Eile_1-1920x1080-1-700x394.jpg\" alt=\"\" class=\"aligncenter size-large wp-image-195536\" srcset=\"https:\/\/tg4-docs.s3.amazonaws.com\/wp-content\/uploads\/2023\/05\/30141339\/Eire_Eile_1-1920x1080-1-700x394.jpg 700w, https:\/\/tg4-docs.s3.amazonaws.com\/wp-content\/uploads\/2023\/05\/30141339\/Eire_Eile_1-1920x1080-1-250x141.jpg 250w, https:\/\/tg4-docs.s3.amazonaws.com\/wp-content\/uploads\/2023\/05\/30141339\/Eire_Eile_1-1920x1080-1-252x141.jpg 252w, https:\/\/tg4-docs.s3.amazonaws.com\/wp-content\/uploads\/2023\/05\/30141339\/Eire_Eile_1-1920x1080-1-1536x864.jpg 1536w, https:\/\/tg4-docs.s3.amazonaws.com\/wp-content\/uploads\/2023\/05\/30141339\/Eire_Eile_1-1920x1080-1-120x68.jpg 120w, https:\/\/tg4-docs.s3.amazonaws.com\/wp-content\/uploads\/2023\/05\/30141339\/Eire_Eile_1-1920x1080-1.jpg 1920w\" sizes=\"(max-width: 700px) 100vw, 700px\" \/><br \/>\n<sup>Pic: C\u00f3il\u00ed Collins aka Shampain<\/sup><br \/>\n&nbsp;<\/p>\n<p>D\u00fairt <strong>Ard-Sti\u00farth\u00f3ir TG4, Alan Esslemont<\/strong>, <em>&#8220;T\u00e1 r\u00edm\u00e9ad ar TG4 seacht n-ainmni\u00fach\u00e1n a fh\u00e1il \u00f3 Fh\u00e9ile na Me\u00e1n Ceilteach. Taispe\u00e1nann na hainmni\u00fach\u00e1in seo an raon cl\u00e1r at\u00e1 ag TG4 at\u00e1 l\u00e9irithe ar ardchaighde\u00e1n don lucht f\u00e9achana. T\u00e1imid ag tn\u00fath go m\u00f3r le f\u00e9ile na bliana seo i gCaredydd sa Bhreatain Bheag len\u00e1r gcomhghleacaithe chun an chuid is fearr de na Me\u00e1in Cheilteacha a cheili\u00faradh.&#8221;<\/em><\/p>\n<p>&nbsp;<br \/>\n&nbsp;<\/p>\n","protected":false},"excerpt":{"rendered":"<p>Ainmn\u00edodh TG4 do sheacht ngradam ag Gradaim bhliant\u00fala Barr Feabhais Torc Fh\u00e9ile na Me\u00e1n Ceilteach a f\u00f3gra\u00edodh inniu. Eagra\u00edtear F\u00e9ile na Me\u00e1n Ceilteach gach bliain in ionad \u00e9ags\u00fail sna cr\u00edocha Ceilteacha. Cuirtear iontr\u00e1lacha sna duais-aicm\u00ed \u00e9ags\u00fala faoi bhr\u00e1id gi\u00fair\u00e9 n\u00e1isi\u00fanta ina dt\u00edr f\u00e9in ar dt\u00fas agus cuirtear an scoth astu ar ghearrliosta le dul san [&hellip;]<\/p>\n","protected":false},"author":876,"featured_media":0,"parent":208148,"menu_order":7,"comment_status":"closed","ping_status":"closed","template":"page-templates\/template-pr.php","meta":{"_acf_changed":false,"footnotes":""},"acf":[],"yoast_head":"<!-- This site is optimized with the Yoast SEO plugin v22.6 - https:\/\/yoast.com\/wordpress\/plugins\/seo\/ -->\n<title>Seacht n-ainmni\u00fach\u00e1n faighte ag cl\u00e1racha TG4 ag Gradaim Fh\u00e9ile na Me\u00e1n Ceilteach 2024 | Preas R\u00e1iteas | TG4<\/title>\n<meta name=\"description\" content=\"Ainmn\u00edodh TG4 do sheacht ngradam ag Gradaim bhliant\u00fala Barr Feabhais Torc Fh\u00e9ile na Me\u00e1n Ceilteach a f\u00f3gra\u00edodh inniu.\" \/>\n<meta name=\"robots\" content=\"index, follow, max-snippet:-1, max-image-preview:large, max-video-preview:-1\" \/>\n<meta property=\"og:locale\" content=\"en_US\" \/>\n<meta property=\"og:type\" content=\"article\" \/>\n<meta property=\"og:title\" content=\"Seacht n-ainmni\u00fach\u00e1n faighte ag cl\u00e1racha TG4 ag Gradaim Fh\u00e9ile na Me\u00e1n Ceilteach 2024 | Preas R\u00e1iteas | TG4\" \/>\n<meta property=\"og:description\" content=\"Ainmn\u00edodh TG4 do sheacht ngradam ag Gradaim bhliant\u00fala Barr Feabhais Torc Fh\u00e9ile na Me\u00e1n Ceilteach a f\u00f3gra\u00edodh inniu.\" \/>\n<meta property=\"og:url\" content=\"https:\/\/dev.tg4.ie\/ga\/eolas\/preas\/nuacht-raitis\/2024-2\/seacht-n-ainmniuchan-faighte-ag-claracha-tg4-ag-gradaim-fheile-na-mean-ceilteach-2024\/\" \/>\n<meta property=\"og:site_name\" content=\"TG4\" \/>\n<meta property=\"article:publisher\" content=\"https:\/\/www.facebook.com\/TG4TV\" \/>\n<meta property=\"article:modified_time\" content=\"2024-03-07T17:04:17+00:00\" \/>\n<meta property=\"og:image\" content=\"https:\/\/tg4-docs.s3.amazonaws.com\/wp-content\/uploads\/2022\/10\/20125342\/Meanapas_Meon_Nua-Grainne_Seoige_1-1920x1080-1.jpg\" \/>\n\t<meta property=\"og:image:width\" content=\"1920\" \/>\n\t<meta property=\"og:image:height\" content=\"1080\" \/>\n\t<meta property=\"og:image:type\" content=\"image\/jpeg\" \/>\n<meta name=\"twitter:card\" content=\"summary_large_image\" \/>\n<meta name=\"twitter:image\" content=\"https:\/\/tg4-docs.s3.amazonaws.com\/wp-content\/uploads\/2022\/10\/20125342\/Meanapas_Meon_Nua-Grainne_Seoige_1-1920x1080-1.jpg\" \/>\n<meta name=\"twitter:site\" content=\"@TG4TV\" \/>\n<meta name=\"twitter:label1\" content=\"Est. reading time\" \/>\n\t<meta name=\"twitter:data1\" content=\"4 minutes\" \/>\n<script type=\"application\/ld+json\" class=\"yoast-schema-graph\">{\"@context\":\"https:\/\/schema.org\",\"@graph\":[{\"@type\":\"WebPage\",\"@id\":\"https:\/\/dev.tg4.ie\/ga\/eolas\/preas\/nuacht-raitis\/2024-2\/seacht-n-ainmniuchan-faighte-ag-claracha-tg4-ag-gradaim-fheile-na-mean-ceilteach-2024\/\",\"url\":\"https:\/\/dev.tg4.ie\/ga\/eolas\/preas\/nuacht-raitis\/2024-2\/seacht-n-ainmniuchan-faighte-ag-claracha-tg4-ag-gradaim-fheile-na-mean-ceilteach-2024\/\",\"name\":\"Seacht n-ainmni\u00fach\u00e1n faighte ag cl\u00e1racha TG4 ag Gradaim Fh\u00e9ile na Me\u00e1n Ceilteach 2024 | Preas R\u00e1iteas | TG4\",\"isPartOf\":{\"@id\":\"https:\/\/dev.tg4.ie\/en\/#website\"},\"primaryImageOfPage\":{\"@id\":\"https:\/\/dev.tg4.ie\/ga\/eolas\/preas\/nuacht-raitis\/2024-2\/seacht-n-ainmniuchan-faighte-ag-claracha-tg4-ag-gradaim-fheile-na-mean-ceilteach-2024\/#primaryimage\"},\"image\":{\"@id\":\"https:\/\/dev.tg4.ie\/ga\/eolas\/preas\/nuacht-raitis\/2024-2\/seacht-n-ainmniuchan-faighte-ag-claracha-tg4-ag-gradaim-fheile-na-mean-ceilteach-2024\/#primaryimage\"},\"thumbnailUrl\":\"https:\/\/dev.tg4.ie\/wp-content\/uploads\/2022\/10\/Meanapas_Meon_Nua-Grainne_Seoige_1-1920x1080-1-700x394.jpg\",\"datePublished\":\"2024-03-07T17:03:11+00:00\",\"dateModified\":\"2024-03-07T17:04:17+00:00\",\"description\":\"Ainmn\u00edodh TG4 do sheacht ngradam ag Gradaim bhliant\u00fala Barr Feabhais Torc Fh\u00e9ile na Me\u00e1n Ceilteach a f\u00f3gra\u00edodh inniu.\",\"breadcrumb\":{\"@id\":\"https:\/\/dev.tg4.ie\/ga\/eolas\/preas\/nuacht-raitis\/2024-2\/seacht-n-ainmniuchan-faighte-ag-claracha-tg4-ag-gradaim-fheile-na-mean-ceilteach-2024\/#breadcrumb\"},\"inLanguage\":\"ga\",\"potentialAction\":[{\"@type\":\"ReadAction\",\"target\":[\"https:\/\/dev.tg4.ie\/ga\/eolas\/preas\/nuacht-raitis\/2024-2\/seacht-n-ainmniuchan-faighte-ag-claracha-tg4-ag-gradaim-fheile-na-mean-ceilteach-2024\/\"]}]},{\"@type\":\"ImageObject\",\"inLanguage\":\"ga\",\"@id\":\"https:\/\/dev.tg4.ie\/ga\/eolas\/preas\/nuacht-raitis\/2024-2\/seacht-n-ainmniuchan-faighte-ag-claracha-tg4-ag-gradaim-fheile-na-mean-ceilteach-2024\/#primaryimage\",\"url\":\"https:\/\/dev.tg4.ie\/wp-content\/uploads\/2022\/10\/Meanapas_Meon_Nua-Grainne_Seoige_1-1920x1080-1-700x394.jpg\",\"contentUrl\":\"https:\/\/dev.tg4.ie\/wp-content\/uploads\/2022\/10\/Meanapas_Meon_Nua-Grainne_Seoige_1-1920x1080-1-700x394.jpg\"},{\"@type\":\"BreadcrumbList\",\"@id\":\"https:\/\/dev.tg4.ie\/ga\/eolas\/preas\/nuacht-raitis\/2024-2\/seacht-n-ainmniuchan-faighte-ag-claracha-tg4-ag-gradaim-fheile-na-mean-ceilteach-2024\/#breadcrumb\",\"itemListElement\":[{\"@type\":\"ListItem\",\"position\":1,\"name\":\"Home\",\"item\":\"https:\/\/dev.tg4.ie\/ga\/\"},{\"@type\":\"ListItem\",\"position\":2,\"name\":\"Eolas\",\"item\":\"https:\/\/dev.tg4.ie\/ga\/eolas\/\"},{\"@type\":\"ListItem\",\"position\":3,\"name\":\"Preas\",\"item\":\"https:\/\/dev.tg4.ie\/ga\/eolas\/preas\/\"},{\"@type\":\"ListItem\",\"position\":4,\"name\":\"Nuacht R\u00e1itis\",\"item\":\"https:\/\/dev.tg4.ie\/ga\/eolas\/preas\/nuacht-raitis\/\"},{\"@type\":\"ListItem\",\"position\":5,\"name\":\"2024\",\"item\":\"https:\/\/dev.tg4.ie\/ga\/eolas\/preas\/nuacht-raitis\/2024-2\/\"},{\"@type\":\"ListItem\",\"position\":6,\"name\":\"Seacht n-ainmni\u00fach\u00e1n faighte ag cl\u00e1racha TG4 ag Gradaim Fh\u00e9ile na Me\u00e1n Ceilteach 2024\"}]},{\"@type\":\"WebSite\",\"@id\":\"https:\/\/dev.tg4.ie\/en\/#website\",\"url\":\"https:\/\/dev.tg4.ie\/en\/\",\"name\":\"TG4\",\"description\":\"S\u00fail Eile\",\"potentialAction\":[{\"@type\":\"SearchAction\",\"target\":{\"@type\":\"EntryPoint\",\"urlTemplate\":\"https:\/\/dev.tg4.ie\/en\/?s={search_term_string}\"},\"query-input\":\"required name=search_term_string\"}],\"inLanguage\":\"ga\"}]}<\/script>\n<!-- \/ Yoast SEO plugin. -->","yoast_head_json":{"title":"Seacht n-ainmni\u00fach\u00e1n faighte ag cl\u00e1racha TG4 ag Gradaim Fh\u00e9ile na Me\u00e1n Ceilteach 2024 | Preas R\u00e1iteas | TG4","description":"Ainmn\u00edodh TG4 do sheacht ngradam ag Gradaim bhliant\u00fala Barr Feabhais Torc Fh\u00e9ile na Me\u00e1n Ceilteach a f\u00f3gra\u00edodh inniu.","robots":{"index":"index","follow":"follow","max-snippet":"max-snippet:-1","max-image-preview":"max-image-preview:large","max-video-preview":"max-video-preview:-1"},"og_locale":"en_US","og_type":"article","og_title":"Seacht n-ainmni\u00fach\u00e1n faighte ag cl\u00e1racha TG4 ag Gradaim Fh\u00e9ile na Me\u00e1n Ceilteach 2024 | Preas R\u00e1iteas | TG4","og_description":"Ainmn\u00edodh TG4 do sheacht ngradam ag Gradaim bhliant\u00fala Barr Feabhais Torc Fh\u00e9ile na Me\u00e1n Ceilteach a f\u00f3gra\u00edodh inniu.","og_url":"https:\/\/dev.tg4.ie\/ga\/eolas\/preas\/nuacht-raitis\/2024-2\/seacht-n-ainmniuchan-faighte-ag-claracha-tg4-ag-gradaim-fheile-na-mean-ceilteach-2024\/","og_site_name":"TG4","article_publisher":"https:\/\/www.facebook.com\/TG4TV","article_modified_time":"2024-03-07T17:04:17+00:00","og_image":[{"width":1920,"height":1080,"url":"https:\/\/tg4-docs.s3.amazonaws.com\/wp-content\/uploads\/2022\/10\/20125342\/Meanapas_Meon_Nua-Grainne_Seoige_1-1920x1080-1.jpg","type":"image\/jpeg"}],"twitter_card":"summary_large_image","twitter_image":"https:\/\/tg4-docs.s3.amazonaws.com\/wp-content\/uploads\/2022\/10\/20125342\/Meanapas_Meon_Nua-Grainne_Seoige_1-1920x1080-1.jpg","twitter_site":"@TG4TV","twitter_misc":{"Est. reading time":"4 minutes"},"schema":{"@context":"https:\/\/schema.org","@graph":[{"@type":"WebPage","@id":"https:\/\/dev.tg4.ie\/ga\/eolas\/preas\/nuacht-raitis\/2024-2\/seacht-n-ainmniuchan-faighte-ag-claracha-tg4-ag-gradaim-fheile-na-mean-ceilteach-2024\/","url":"https:\/\/dev.tg4.ie\/ga\/eolas\/preas\/nuacht-raitis\/2024-2\/seacht-n-ainmniuchan-faighte-ag-claracha-tg4-ag-gradaim-fheile-na-mean-ceilteach-2024\/","name":"Seacht n-ainmni\u00fach\u00e1n faighte ag cl\u00e1racha TG4 ag Gradaim Fh\u00e9ile na Me\u00e1n Ceilteach 2024 | Preas R\u00e1iteas | TG4","isPartOf":{"@id":"https:\/\/dev.tg4.ie\/en\/#website"},"primaryImageOfPage":{"@id":"https:\/\/dev.tg4.ie\/ga\/eolas\/preas\/nuacht-raitis\/2024-2\/seacht-n-ainmniuchan-faighte-ag-claracha-tg4-ag-gradaim-fheile-na-mean-ceilteach-2024\/#primaryimage"},"image":{"@id":"https:\/\/dev.tg4.ie\/ga\/eolas\/preas\/nuacht-raitis\/2024-2\/seacht-n-ainmniuchan-faighte-ag-claracha-tg4-ag-gradaim-fheile-na-mean-ceilteach-2024\/#primaryimage"},"thumbnailUrl":"https:\/\/dev.tg4.ie\/wp-content\/uploads\/2022\/10\/Meanapas_Meon_Nua-Grainne_Seoige_1-1920x1080-1-700x394.jpg","datePublished":"2024-03-07T17:03:11+00:00","dateModified":"2024-03-07T17:04:17+00:00","description":"Ainmn\u00edodh TG4 do sheacht ngradam ag Gradaim bhliant\u00fala Barr Feabhais Torc Fh\u00e9ile na Me\u00e1n Ceilteach a f\u00f3gra\u00edodh inniu.","breadcrumb":{"@id":"https:\/\/dev.tg4.ie\/ga\/eolas\/preas\/nuacht-raitis\/2024-2\/seacht-n-ainmniuchan-faighte-ag-claracha-tg4-ag-gradaim-fheile-na-mean-ceilteach-2024\/#breadcrumb"},"inLanguage":"ga","potentialAction":[{"@type":"ReadAction","target":["https:\/\/dev.tg4.ie\/ga\/eolas\/preas\/nuacht-raitis\/2024-2\/seacht-n-ainmniuchan-faighte-ag-claracha-tg4-ag-gradaim-fheile-na-mean-ceilteach-2024\/"]}]},{"@type":"ImageObject","inLanguage":"ga","@id":"https:\/\/dev.tg4.ie\/ga\/eolas\/preas\/nuacht-raitis\/2024-2\/seacht-n-ainmniuchan-faighte-ag-claracha-tg4-ag-gradaim-fheile-na-mean-ceilteach-2024\/#primaryimage","url":"https:\/\/dev.tg4.ie\/wp-content\/uploads\/2022\/10\/Meanapas_Meon_Nua-Grainne_Seoige_1-1920x1080-1-700x394.jpg","contentUrl":"https:\/\/dev.tg4.ie\/wp-content\/uploads\/2022\/10\/Meanapas_Meon_Nua-Grainne_Seoige_1-1920x1080-1-700x394.jpg"},{"@type":"BreadcrumbList","@id":"https:\/\/dev.tg4.ie\/ga\/eolas\/preas\/nuacht-raitis\/2024-2\/seacht-n-ainmniuchan-faighte-ag-claracha-tg4-ag-gradaim-fheile-na-mean-ceilteach-2024\/#breadcrumb","itemListElement":[{"@type":"ListItem","position":1,"name":"Home","item":"https:\/\/dev.tg4.ie\/ga\/"},{"@type":"ListItem","position":2,"name":"Eolas","item":"https:\/\/dev.tg4.ie\/ga\/eolas\/"},{"@type":"ListItem","position":3,"name":"Preas","item":"https:\/\/dev.tg4.ie\/ga\/eolas\/preas\/"},{"@type":"ListItem","position":4,"name":"Nuacht R\u00e1itis","item":"https:\/\/dev.tg4.ie\/ga\/eolas\/preas\/nuacht-raitis\/"},{"@type":"ListItem","position":5,"name":"2024","item":"https:\/\/dev.tg4.ie\/ga\/eolas\/preas\/nuacht-raitis\/2024-2\/"},{"@type":"ListItem","position":6,"name":"Seacht n-ainmni\u00fach\u00e1n faighte ag cl\u00e1racha TG4 ag Gradaim Fh\u00e9ile na Me\u00e1n Ceilteach 2024"}]},{"@type":"WebSite","@id":"https:\/\/dev.tg4.ie\/en\/#website","url":"https:\/\/dev.tg4.ie\/en\/","name":"TG4","description":"S\u00fail Eile","potentialAction":[{"@type":"SearchAction","target":{"@type":"EntryPoint","urlTemplate":"https:\/\/dev.tg4.ie\/en\/?s={search_term_string}"},"query-input":"required name=search_term_string"}],"inLanguage":"ga"}]}},"_links":{"self":[{"href":"https:\/\/dev.tg4.ie\/ga\/wp-json\/wp\/v2\/pages\/212228"}],"collection":[{"href":"https:\/\/dev.tg4.ie\/ga\/wp-json\/wp\/v2\/pages"}],"about":[{"href":"https:\/\/dev.tg4.ie\/ga\/wp-json\/wp\/v2\/types\/page"}],"author":[{"embeddable":true,"href":"https:\/\/dev.tg4.ie\/ga\/wp-json\/wp\/v2\/users\/876"}],"replies":[{"embeddable":true,"href":"https:\/\/dev.tg4.ie\/ga\/wp-json\/wp\/v2\/comments?post=212228"}],"version-history":[{"count":0,"href":"https:\/\/dev.tg4.ie\/ga\/wp-json\/wp\/v2\/pages\/212228\/revisions"}],"up":[{"embeddable":true,"href":"https:\/\/dev.tg4.ie\/ga\/wp-json\/wp\/v2\/pages\/208148"}],"wp:attachment":[{"href":"https:\/\/dev.tg4.ie\/ga\/wp-json\/wp\/v2\/media?parent=212228"}],"curies":[{"name":"wp","href":"https:\/\/api.w.org\/{rel}","templated":true}]}}