{"id":212613,"date":"2024-03-14T12:09:16","date_gmt":"2024-03-14T12:09:16","guid":{"rendered":"https:\/\/dev.tg4.ie\/?page_id=212613"},"modified":"2025-10-10T11:14:32","modified_gmt":"2025-10-10T10:14:32","slug":"2024-2","status":"publish","type":"page","link":"https:\/\/dev.tg4.ie\/ga\/eolas\/gradaim\/2024-2\/","title":{"rendered":"2024"},"content":{"rendered":"<p><!--table>\n\n\n<tr>\n\n\n<td>\n\n<form><input style=\"padding: 20px; cursor: pointer; box-shadow: 6px 6px 5px; #999; -webkit-box-shadow: 6px 6px 5px #999; -moz-box-shadow: 6px 6px 5px #999; font-weight: bold; background: #ff126c; color: #ffffff; border-radius: 10px; border: 5px solid #ffffff; font-size: 150%;\" type=\"button\" value=\"Ainmni\u00fach\u00e1in\" onclick=\"window.location.href='https:\/\/adare.submit.com\/\/show\/49'\" \/>\n<\/form>\n\n<\/td>\n\n\n\n\n<td>\n\n<form><input style=\"padding: 20px; cursor: pointer; box-shadow: 6px 6px 5px; #999; -webkit-box-shadow: 6px 6px 5px #999; -moz-box-shadow: 6px 6px 5px #999; font-weight: bold; background: #ff126c; color: #ffffff; border-radius: 10px; border: 5px solid #ffffff; font-size: 150%;\" type=\"button\" value=\"Buaiteoir\u00ed\" onclick=\"window.location.href='https:\/\/adare.submit.com\/\/show\/49'\" \/>\n<\/form>\n\n<\/td>\n\n\n<\/tr>\n\n\n<\/table-->\n<h1>2024<\/h1>\n<table>\n<thead>\n<td><strong>Cl\u00e1r \/ Duine<\/strong><\/td>\n<td><strong>Gradam<\/strong><\/td>\n<td><strong>Eagras<\/strong><\/td>\n<\/thead>\n<p><!--tbody style=\"display: flex; flex-direction: column-reverse; \"--><\/p>\n<tbody>\n<tr>\n<td>Kneecap<\/td>\n<td>Scann\u00e1n \u00c9ireannach is Fearr<\/td>\n<td>Fleadh Scann\u00e1in na Gaillimhe<\/td>\n<\/tr>\n<tr>\n<td>Kneecap<\/td>\n<td>Scann\u00e1n Gaeilge is Fearr<\/td>\n<td>Fleadh Scann\u00e1in na Gaillimhe<\/td>\n<\/tr>\n<tr>\n<td>Kneecap<\/td>\n<td>Gradam an Lucht F\u00e9achana<\/td>\n<td>Fleadh Scann\u00e1in na Gaillimhe<\/td>\n<\/tr>\n<tr>\n<td>Fidil Ghorm<\/td>\n<td>An Ch\u00e9ad Scann\u00e1n L\u00e1nfhada \u00c9ireannach is Fearr<\/td>\n<td>Fleadh Scann\u00e1in na Gaillimhe<\/td>\n<\/tr>\n<\/tbody>\n<\/table>\n","protected":false},"excerpt":{"rendered":"<p>2024 Cl\u00e1r \/ Duine Gradam Eagras Kneecap Scann\u00e1n \u00c9ireannach is Fearr Fleadh Scann\u00e1in na Gaillimhe Kneecap Scann\u00e1n Gaeilge is Fearr Fleadh Scann\u00e1in na Gaillimhe Kneecap Gradam an Lucht F\u00e9achana Fleadh Scann\u00e1in na Gaillimhe Fidil Ghorm An Ch\u00e9ad Scann\u00e1n L\u00e1nfhada \u00c9ireannach is Fearr Fleadh Scann\u00e1in na Gaillimhe<\/p>\n","protected":false},"author":876,"featured_media":0,"parent":1219,"menu_order":26,"comment_status":"closed","ping_status":"closed","template":"page-templates\/template-corporate.php","meta":{"_acf_changed":false,"footnotes":""},"acf":[],"yoast_head":"<!-- This site is optimized with the Yoast SEO plugin v22.6 - https:\/\/yoast.com\/wordpress\/plugins\/seo\/ -->\n<title>Gradaim 2024 | TG4<\/title>\n<meta name=\"robots\" content=\"index, follow, max-snippet:-1, max-image-preview:large, max-video-preview:-1\" \/>\n<meta property=\"og:locale\" content=\"en_US\" \/>\n<meta property=\"og:type\" content=\"article\" \/>\n<meta property=\"og:title\" content=\"Gradaim 2024 | TG4\" \/>\n<meta property=\"og:description\" content=\"2024 Cl\u00e1r \/ Duine Gradam Eagras Kneecap Scann\u00e1n \u00c9ireannach is Fearr Fleadh Scann\u00e1in na Gaillimhe Kneecap Scann\u00e1n Gaeilge is Fearr Fleadh Scann\u00e1in na Gaillimhe Kneecap Gradam an Lucht F\u00e9achana Fleadh Scann\u00e1in na Gaillimhe Fidil Ghorm An Ch\u00e9ad Scann\u00e1n L\u00e1nfhada \u00c9ireannach is Fearr Fleadh Scann\u00e1in na Gaillimhe\" \/>\n<meta property=\"og:url\" content=\"https:\/\/dev.tg4.ie\/ga\/eolas\/gradaim\/2024-2\/\" \/>\n<meta property=\"og:site_name\" content=\"TG4\" \/>\n<meta property=\"article:publisher\" content=\"https:\/\/www.facebook.com\/TG4TV\" \/>\n<meta property=\"article:modified_time\" content=\"2025-10-10T10:14:32+00:00\" \/>\n<meta property=\"og:image\" content=\"https:\/\/tg4-docs.s3.amazonaws.com\/wp-content\/uploads\/2024\/11\/18151812\/TG4_2024_corcra_teal_1-1920x1080-1.jpg\" \/>\n\t<meta property=\"og:image:width\" content=\"1920\" \/>\n\t<meta property=\"og:image:height\" content=\"1080\" \/>\n\t<meta property=\"og:image:type\" content=\"image\/jpeg\" \/>\n<meta name=\"twitter:card\" content=\"summary_large_image\" \/>\n<meta name=\"twitter:site\" content=\"@TG4TV\" \/>\n<meta name=\"twitter:label1\" content=\"Est. reading time\" \/>\n\t<meta name=\"twitter:data1\" content=\"1 minute\" \/>\n<script type=\"application\/ld+json\" class=\"yoast-schema-graph\">{\"@context\":\"https:\/\/schema.org\",\"@graph\":[{\"@type\":\"WebPage\",\"@id\":\"https:\/\/dev.tg4.ie\/ga\/eolas\/gradaim\/2024-2\/\",\"url\":\"https:\/\/dev.tg4.ie\/ga\/eolas\/gradaim\/2024-2\/\",\"name\":\"Gradaim 2024 | TG4\",\"isPartOf\":{\"@id\":\"https:\/\/dev.tg4.ie\/en\/#website\"},\"datePublished\":\"2024-03-14T12:09:16+00:00\",\"dateModified\":\"2025-10-10T10:14:32+00:00\",\"breadcrumb\":{\"@id\":\"https:\/\/dev.tg4.ie\/ga\/eolas\/gradaim\/2024-2\/#breadcrumb\"},\"inLanguage\":\"ga\",\"potentialAction\":[{\"@type\":\"ReadAction\",\"target\":[\"https:\/\/dev.tg4.ie\/ga\/eolas\/gradaim\/2024-2\/\"]}]},{\"@type\":\"BreadcrumbList\",\"@id\":\"https:\/\/dev.tg4.ie\/ga\/eolas\/gradaim\/2024-2\/#breadcrumb\",\"itemListElement\":[{\"@type\":\"ListItem\",\"position\":1,\"name\":\"Home\",\"item\":\"https:\/\/dev.tg4.ie\/ga\/\"},{\"@type\":\"ListItem\",\"position\":2,\"name\":\"Eolas\",\"item\":\"https:\/\/dev.tg4.ie\/ga\/eolas\/\"},{\"@type\":\"ListItem\",\"position\":3,\"name\":\"Gradaim\",\"item\":\"https:\/\/dev.tg4.ie\/ga\/eolas\/gradaim\/\"},{\"@type\":\"ListItem\",\"position\":4,\"name\":\"2024\"}]},{\"@type\":\"WebSite\",\"@id\":\"https:\/\/dev.tg4.ie\/en\/#website\",\"url\":\"https:\/\/dev.tg4.ie\/en\/\",\"name\":\"TG4\",\"description\":\"S\u00fail Eile\",\"potentialAction\":[{\"@type\":\"SearchAction\",\"target\":{\"@type\":\"EntryPoint\",\"urlTemplate\":\"https:\/\/dev.tg4.ie\/en\/?s={search_term_string}\"},\"query-input\":\"required name=search_term_string\"}],\"inLanguage\":\"ga\"}]}<\/script>\n<!-- \/ Yoast SEO plugin. -->","yoast_head_json":{"title":"Gradaim 2024 | TG4","robots":{"index":"index","follow":"follow","max-snippet":"max-snippet:-1","max-image-preview":"max-image-preview:large","max-video-preview":"max-video-preview:-1"},"og_locale":"en_US","og_type":"article","og_title":"Gradaim 2024 | TG4","og_description":"2024 Cl\u00e1r \/ Duine Gradam Eagras Kneecap Scann\u00e1n \u00c9ireannach is Fearr Fleadh Scann\u00e1in na Gaillimhe Kneecap Scann\u00e1n Gaeilge is Fearr Fleadh Scann\u00e1in na Gaillimhe Kneecap Gradam an Lucht F\u00e9achana Fleadh Scann\u00e1in na Gaillimhe Fidil Ghorm An Ch\u00e9ad Scann\u00e1n L\u00e1nfhada \u00c9ireannach is Fearr Fleadh Scann\u00e1in na Gaillimhe","og_url":"https:\/\/dev.tg4.ie\/ga\/eolas\/gradaim\/2024-2\/","og_site_name":"TG4","article_publisher":"https:\/\/www.facebook.com\/TG4TV","article_modified_time":"2025-10-10T10:14:32+00:00","og_image":[{"width":1920,"height":1080,"url":"https:\/\/tg4-docs.s3.amazonaws.com\/wp-content\/uploads\/2024\/11\/18151812\/TG4_2024_corcra_teal_1-1920x1080-1.jpg","type":"image\/jpeg"}],"twitter_card":"summary_large_image","twitter_site":"@TG4TV","twitter_misc":{"Est. reading time":"1 minute"},"schema":{"@context":"https:\/\/schema.org","@graph":[{"@type":"WebPage","@id":"https:\/\/dev.tg4.ie\/ga\/eolas\/gradaim\/2024-2\/","url":"https:\/\/dev.tg4.ie\/ga\/eolas\/gradaim\/2024-2\/","name":"Gradaim 2024 | TG4","isPartOf":{"@id":"https:\/\/dev.tg4.ie\/en\/#website"},"datePublished":"2024-03-14T12:09:16+00:00","dateModified":"2025-10-10T10:14:32+00:00","breadcrumb":{"@id":"https:\/\/dev.tg4.ie\/ga\/eolas\/gradaim\/2024-2\/#breadcrumb"},"inLanguage":"ga","potentialAction":[{"@type":"ReadAction","target":["https:\/\/dev.tg4.ie\/ga\/eolas\/gradaim\/2024-2\/"]}]},{"@type":"BreadcrumbList","@id":"https:\/\/dev.tg4.ie\/ga\/eolas\/gradaim\/2024-2\/#breadcrumb","itemListElement":[{"@type":"ListItem","position":1,"name":"Home","item":"https:\/\/dev.tg4.ie\/ga\/"},{"@type":"ListItem","position":2,"name":"Eolas","item":"https:\/\/dev.tg4.ie\/ga\/eolas\/"},{"@type":"ListItem","position":3,"name":"Gradaim","item":"https:\/\/dev.tg4.ie\/ga\/eolas\/gradaim\/"},{"@type":"ListItem","position":4,"name":"2024"}]},{"@type":"WebSite","@id":"https:\/\/dev.tg4.ie\/en\/#website","url":"https:\/\/dev.tg4.ie\/en\/","name":"TG4","description":"S\u00fail Eile","potentialAction":[{"@type":"SearchAction","target":{"@type":"EntryPoint","urlTemplate":"https:\/\/dev.tg4.ie\/en\/?s={search_term_string}"},"query-input":"required name=search_term_string"}],"inLanguage":"ga"}]}},"_links":{"self":[{"href":"https:\/\/dev.tg4.ie\/ga\/wp-json\/wp\/v2\/pages\/212613"}],"collection":[{"href":"https:\/\/dev.tg4.ie\/ga\/wp-json\/wp\/v2\/pages"}],"about":[{"href":"https:\/\/dev.tg4.ie\/ga\/wp-json\/wp\/v2\/types\/page"}],"author":[{"embeddable":true,"href":"https:\/\/dev.tg4.ie\/ga\/wp-json\/wp\/v2\/users\/876"}],"replies":[{"embeddable":true,"href":"https:\/\/dev.tg4.ie\/ga\/wp-json\/wp\/v2\/comments?post=212613"}],"version-history":[{"count":0,"href":"https:\/\/dev.tg4.ie\/ga\/wp-json\/wp\/v2\/pages\/212613\/revisions"}],"up":[{"embeddable":true,"href":"https:\/\/dev.tg4.ie\/ga\/wp-json\/wp\/v2\/pages\/1219"}],"wp:attachment":[{"href":"https:\/\/dev.tg4.ie\/ga\/wp-json\/wp\/v2\/media?parent=212613"}],"curies":[{"name":"wp","href":"https:\/\/api.w.org\/{rel}","templated":true}]}}