{"id":212985,"date":"2024-03-21T10:02:35","date_gmt":"2024-03-21T10:02:35","guid":{"rendered":"https:\/\/dev.tg4.ie\/?page_id=212985"},"modified":"2024-03-21T10:04:12","modified_gmt":"2024-03-21T10:04:12","slug":"cuireann-tg4-failte-roimh-cheapuchan-chomhaltai-nua-ar-bhord-tg4","status":"publish","type":"page","link":"https:\/\/dev.tg4.ie\/ga\/eolas\/preas\/nuacht-raitis\/2024-2\/cuireann-tg4-failte-roimh-cheapuchan-chomhaltai-nua-ar-bhord-tg4\/","title":{"rendered":"Cuireann TG4 F\u00e1ilte Roimh Cheap\u00fach\u00e1n Chomhalta\u00ed Nua ar Bhord TG4"},"content":{"rendered":"<p>Dheimhnigh Catherine Martin, TD, an tAire Turas\u00f3ireachta, Cult\u00fair, Eala\u00edon, Gaeltachta, Sp\u00f3irt agus Me\u00e1n, (C\u00e9adaoin 20 M\u00e1rta 2024) ceapach\u00e1n chomhalta\u00ed nua ar Bhord TG4.<br \/>\n&nbsp;<br \/>\n<strong>Agus \u00ed ag deimhni\u00fa na gceapach\u00e1n, d\u00fairt an tAire Martin<\/strong>: <\/p>\n<p><em>\u201cAg cruinni\u00fa an Rialtais inniu, ceada\u00edodh ceapach\u00e1n beirt comhalta\u00ed nua ar Bhord RT\u00c9 agus beirt ar Bhord TG4. Thar ceann an Rialtais, ba mhaith liom gach rath a ghu\u00ed ar an gceathrar comhalta\u00ed nua agus iad ag tabhairt faoin r\u00f3l t\u00e1bhachtach seo le tac\u00fa le craolt\u00f3ireacht seirbh\u00edse poibl\u00ed in \u00c9irinn.\u201d <\/em><br \/>\n&nbsp;<br \/>\nCeapadh Noreen O\u2019Kelly agus Shirley Bradshaw ar Bhord RT\u00c9, agus is iad Muireann N\u00ed Ch\u00edobh\u00e1in agus \u00c9amonn \u00d3 h\u00c1rg\u00e1in at\u00e1 ceapaithe ar Bhord TG4.<br \/>\n&nbsp;<br \/>\n<strong>Ag d\u00e9anamh tagairt do na cepach\u00e1in ar Bhord TG4, d\u00fairt an tAire Martin<\/strong>: <\/p>\n<p><em>\u201cT\u00e1 taith\u00ed leathan ag Muireann agus \u00c9amonn beirth a chuirfidh le Bord TG4 agus iad ag tabhairt aghaidh n\u00ed hamh\u00e1in ar ardchaighde\u00e1n \u00e1bhair a shol\u00e1thar don lucht f\u00e9achana, ach freisin ar a r\u00f3l i gcur chun cinn na Gaeilge mar theanga laeth\u00fail i measc an phobail.\u201d<\/em><br \/>\n&nbsp;<br \/>\n\u2003 <\/p>\n<p><strong>N\u00f3ta\u00ed d\u2019Eagarth\u00f3ir\u00ed <\/strong><br \/>\n&nbsp;<br \/>\nD\u00e9antar na ceapach\u00e1in ar Bhord TG4 de r\u00e9ir for\u00e1lacha Roinn 81 den Acht Craolach\u00e1in, 2009.<br \/>\n&nbsp;<\/p>\n<p><strong>Muireann N\u00ed Ch\u00edobh\u00e1in<\/strong> <\/p>\n<p>Is scr\u00edbhneoir do phaist\u00ed (i mB\u00e9arla agus i nGaeilge), scr\u00edbhneoir scripte agus taibheoir \u00ed Muireann N\u00ed Ch\u00edobh\u00e1in. D\u2019oibrigh s\u00ed le TG4 agus RT\u00c9, ina measc mar Eagarth\u00f3ir Coimisi\u00fanaithe do Dhaoine \u00d3ga (C\u00fala 4) \u00f3 Nollaig 2022 go Nollaig 2023. Scr\u00edobh s\u00ed agus rinne s\u00ed eagarth\u00f3ireacht ar roinnt thogra\u00ed teilif\u00edse do phaist\u00ed ar RT\u00c9 agus ar TG4. I measc a saothar mar \u00fadar t\u00e1: Gealach agus Grian (Samhain 2023); Wild Wonders (Samhain 2023); Murphy&#8217;s Law (O&#8217;Brien Press &#8211; 2022); Eoin\u00edn (Futa Fata \u00c9ire 2021, 2022); GIY&#8217;s Know-It-ALLmanac (GIY Books, Ireland 2019).<br \/>\n&nbsp;<\/p>\n<p><strong>\u00c9amonn \u00d3 h\u00c1rg\u00e1in<\/strong> <\/p>\n<p>Is \u00e9 \u00c9amonn \u00d3 h\u00c1rg\u00e1in Uachtar\u00e1n Chomhaltas Ceolt\u00f3ir\u00ed \u00c9ireann agus d\u2019oibrigh s\u00e9 ar feadh 21 bliain le Foras na Gaeilge mar sti\u00farth\u00f3ir agus mar r\u00fana\u00ed an bhoird le Bord na Gaeilge. T\u00e1 \u00c9amonn mar chathaoirleach ar an gCoiste Comhairlich\u00e1in ar an nGaeilge le Comhairle Contae Chiarra\u00ed agus t\u00e1 s\u00e9 mar bhall den Choiste Monat\u00f3ireachta na Gaeilge in An Garda S\u00edoch\u00e1na. <\/p>\n<p>&nbsp;<br \/>\n&nbsp;<\/p>\n","protected":false},"excerpt":{"rendered":"<p>Dheimhnigh Catherine Martin, TD, an tAire Turas\u00f3ireachta, Cult\u00fair, Eala\u00edon, Gaeltachta, Sp\u00f3irt agus Me\u00e1n, (C\u00e9adaoin 20 M\u00e1rta 2024) ceapach\u00e1n chomhalta\u00ed nua ar Bhord TG4. &nbsp; Agus \u00ed ag deimhni\u00fa na gceapach\u00e1n, d\u00fairt an tAire Martin: \u201cAg cruinni\u00fa an Rialtais inniu, ceada\u00edodh ceapach\u00e1n beirt comhalta\u00ed nua ar Bhord RT\u00c9 agus beirt ar Bhord TG4. Thar ceann an [&hellip;]<\/p>\n","protected":false},"author":876,"featured_media":0,"parent":208148,"menu_order":8,"comment_status":"closed","ping_status":"closed","template":"page-templates\/template-pr.php","meta":{"_acf_changed":false,"footnotes":""},"acf":[],"yoast_head":"<!-- This site is optimized with the Yoast SEO plugin v22.6 - https:\/\/yoast.com\/wordpress\/plugins\/seo\/ -->\n<title>Cuireann TG4 F\u00e1ilte Roimh Cheap\u00fach\u00e1n Chomhalta\u00ed Nua ar Bhord TG4 | Preas R\u00e1iteas | TG4<\/title>\n<meta name=\"description\" content=\"Dheimhnigh Catherine Martin, TD, an tAire Turas\u00f3ireachta, Cult\u00fair, Eala\u00edon, Gaeltachta, Sp\u00f3irt agus Me\u00e1n, (C\u00e9adaoin 20 M\u00e1rta 2024) ceapach\u00e1n chomhalta\u00ed nua ar Bhord TG4.\" \/>\n<meta name=\"robots\" content=\"index, follow, max-snippet:-1, max-image-preview:large, max-video-preview:-1\" \/>\n<meta property=\"og:locale\" content=\"en_US\" \/>\n<meta property=\"og:type\" content=\"article\" \/>\n<meta property=\"og:title\" content=\"Cuireann TG4 F\u00e1ilte Roimh Cheap\u00fach\u00e1n Chomhalta\u00ed Nua ar Bhord TG4 | Preas R\u00e1iteas | TG4\" \/>\n<meta property=\"og:description\" content=\"Dheimhnigh Catherine Martin, TD, an tAire Turas\u00f3ireachta, Cult\u00fair, Eala\u00edon, Gaeltachta, Sp\u00f3irt agus Me\u00e1n, (C\u00e9adaoin 20 M\u00e1rta 2024) ceapach\u00e1n chomhalta\u00ed nua ar Bhord TG4.\" \/>\n<meta property=\"og:url\" content=\"https:\/\/dev.tg4.ie\/ga\/eolas\/preas\/nuacht-raitis\/2024-2\/cuireann-tg4-failte-roimh-cheapuchan-chomhaltai-nua-ar-bhord-tg4\/\" \/>\n<meta property=\"og:site_name\" content=\"TG4\" \/>\n<meta property=\"article:publisher\" content=\"https:\/\/www.facebook.com\/TG4TV\" \/>\n<meta property=\"article:modified_time\" content=\"2024-03-21T10:04:12+00:00\" \/>\n<meta property=\"og:image\" content=\"https:\/\/tg4-docs.s3.amazonaws.com\/wp-content\/uploads\/2024\/11\/18151812\/TG4_2024_corcra_teal_1-1920x1080-1.jpg\" \/>\n\t<meta property=\"og:image:width\" content=\"1920\" \/>\n\t<meta property=\"og:image:height\" content=\"1080\" \/>\n\t<meta property=\"og:image:type\" content=\"image\/jpeg\" \/>\n<meta name=\"twitter:card\" content=\"summary_large_image\" \/>\n<meta name=\"twitter:site\" content=\"@TG4TV\" \/>\n<meta name=\"twitter:label1\" content=\"Est. reading time\" \/>\n\t<meta name=\"twitter:data1\" content=\"2 minutes\" \/>\n<script type=\"application\/ld+json\" class=\"yoast-schema-graph\">{\"@context\":\"https:\/\/schema.org\",\"@graph\":[{\"@type\":\"WebPage\",\"@id\":\"https:\/\/dev.tg4.ie\/ga\/eolas\/preas\/nuacht-raitis\/2024-2\/cuireann-tg4-failte-roimh-cheapuchan-chomhaltai-nua-ar-bhord-tg4\/\",\"url\":\"https:\/\/dev.tg4.ie\/ga\/eolas\/preas\/nuacht-raitis\/2024-2\/cuireann-tg4-failte-roimh-cheapuchan-chomhaltai-nua-ar-bhord-tg4\/\",\"name\":\"Cuireann TG4 F\u00e1ilte Roimh Cheap\u00fach\u00e1n Chomhalta\u00ed Nua ar Bhord TG4 | Preas R\u00e1iteas | TG4\",\"isPartOf\":{\"@id\":\"https:\/\/dev.tg4.ie\/en\/#website\"},\"datePublished\":\"2024-03-21T10:02:35+00:00\",\"dateModified\":\"2024-03-21T10:04:12+00:00\",\"description\":\"Dheimhnigh Catherine Martin, TD, an tAire Turas\u00f3ireachta, Cult\u00fair, Eala\u00edon, Gaeltachta, Sp\u00f3irt agus Me\u00e1n, (C\u00e9adaoin 20 M\u00e1rta 2024) ceapach\u00e1n chomhalta\u00ed nua ar Bhord TG4.\",\"breadcrumb\":{\"@id\":\"https:\/\/dev.tg4.ie\/ga\/eolas\/preas\/nuacht-raitis\/2024-2\/cuireann-tg4-failte-roimh-cheapuchan-chomhaltai-nua-ar-bhord-tg4\/#breadcrumb\"},\"inLanguage\":\"ga\",\"potentialAction\":[{\"@type\":\"ReadAction\",\"target\":[\"https:\/\/dev.tg4.ie\/ga\/eolas\/preas\/nuacht-raitis\/2024-2\/cuireann-tg4-failte-roimh-cheapuchan-chomhaltai-nua-ar-bhord-tg4\/\"]}]},{\"@type\":\"BreadcrumbList\",\"@id\":\"https:\/\/dev.tg4.ie\/ga\/eolas\/preas\/nuacht-raitis\/2024-2\/cuireann-tg4-failte-roimh-cheapuchan-chomhaltai-nua-ar-bhord-tg4\/#breadcrumb\",\"itemListElement\":[{\"@type\":\"ListItem\",\"position\":1,\"name\":\"Home\",\"item\":\"https:\/\/dev.tg4.ie\/ga\/\"},{\"@type\":\"ListItem\",\"position\":2,\"name\":\"Eolas\",\"item\":\"https:\/\/dev.tg4.ie\/ga\/eolas\/\"},{\"@type\":\"ListItem\",\"position\":3,\"name\":\"Preas\",\"item\":\"https:\/\/dev.tg4.ie\/ga\/eolas\/preas\/\"},{\"@type\":\"ListItem\",\"position\":4,\"name\":\"Nuacht R\u00e1itis\",\"item\":\"https:\/\/dev.tg4.ie\/ga\/eolas\/preas\/nuacht-raitis\/\"},{\"@type\":\"ListItem\",\"position\":5,\"name\":\"2024\",\"item\":\"https:\/\/dev.tg4.ie\/ga\/eolas\/preas\/nuacht-raitis\/2024-2\/\"},{\"@type\":\"ListItem\",\"position\":6,\"name\":\"Cuireann TG4 F\u00e1ilte Roimh Cheap\u00fach\u00e1n Chomhalta\u00ed Nua ar Bhord TG4\"}]},{\"@type\":\"WebSite\",\"@id\":\"https:\/\/dev.tg4.ie\/en\/#website\",\"url\":\"https:\/\/dev.tg4.ie\/en\/\",\"name\":\"TG4\",\"description\":\"S\u00fail Eile\",\"potentialAction\":[{\"@type\":\"SearchAction\",\"target\":{\"@type\":\"EntryPoint\",\"urlTemplate\":\"https:\/\/dev.tg4.ie\/en\/?s={search_term_string}\"},\"query-input\":\"required name=search_term_string\"}],\"inLanguage\":\"ga\"}]}<\/script>\n<!-- \/ Yoast SEO plugin. -->","yoast_head_json":{"title":"Cuireann TG4 F\u00e1ilte Roimh Cheap\u00fach\u00e1n Chomhalta\u00ed Nua ar Bhord TG4 | Preas R\u00e1iteas | TG4","description":"Dheimhnigh Catherine Martin, TD, an tAire Turas\u00f3ireachta, Cult\u00fair, Eala\u00edon, Gaeltachta, Sp\u00f3irt agus Me\u00e1n, (C\u00e9adaoin 20 M\u00e1rta 2024) ceapach\u00e1n chomhalta\u00ed nua ar Bhord TG4.","robots":{"index":"index","follow":"follow","max-snippet":"max-snippet:-1","max-image-preview":"max-image-preview:large","max-video-preview":"max-video-preview:-1"},"og_locale":"en_US","og_type":"article","og_title":"Cuireann TG4 F\u00e1ilte Roimh Cheap\u00fach\u00e1n Chomhalta\u00ed Nua ar Bhord TG4 | Preas R\u00e1iteas | TG4","og_description":"Dheimhnigh Catherine Martin, TD, an tAire Turas\u00f3ireachta, Cult\u00fair, Eala\u00edon, Gaeltachta, Sp\u00f3irt agus Me\u00e1n, (C\u00e9adaoin 20 M\u00e1rta 2024) ceapach\u00e1n chomhalta\u00ed nua ar Bhord TG4.","og_url":"https:\/\/dev.tg4.ie\/ga\/eolas\/preas\/nuacht-raitis\/2024-2\/cuireann-tg4-failte-roimh-cheapuchan-chomhaltai-nua-ar-bhord-tg4\/","og_site_name":"TG4","article_publisher":"https:\/\/www.facebook.com\/TG4TV","article_modified_time":"2024-03-21T10:04:12+00:00","og_image":[{"width":1920,"height":1080,"url":"https:\/\/tg4-docs.s3.amazonaws.com\/wp-content\/uploads\/2024\/11\/18151812\/TG4_2024_corcra_teal_1-1920x1080-1.jpg","type":"image\/jpeg"}],"twitter_card":"summary_large_image","twitter_site":"@TG4TV","twitter_misc":{"Est. reading time":"2 minutes"},"schema":{"@context":"https:\/\/schema.org","@graph":[{"@type":"WebPage","@id":"https:\/\/dev.tg4.ie\/ga\/eolas\/preas\/nuacht-raitis\/2024-2\/cuireann-tg4-failte-roimh-cheapuchan-chomhaltai-nua-ar-bhord-tg4\/","url":"https:\/\/dev.tg4.ie\/ga\/eolas\/preas\/nuacht-raitis\/2024-2\/cuireann-tg4-failte-roimh-cheapuchan-chomhaltai-nua-ar-bhord-tg4\/","name":"Cuireann TG4 F\u00e1ilte Roimh Cheap\u00fach\u00e1n Chomhalta\u00ed Nua ar Bhord TG4 | Preas R\u00e1iteas | TG4","isPartOf":{"@id":"https:\/\/dev.tg4.ie\/en\/#website"},"datePublished":"2024-03-21T10:02:35+00:00","dateModified":"2024-03-21T10:04:12+00:00","description":"Dheimhnigh Catherine Martin, TD, an tAire Turas\u00f3ireachta, Cult\u00fair, Eala\u00edon, Gaeltachta, Sp\u00f3irt agus Me\u00e1n, (C\u00e9adaoin 20 M\u00e1rta 2024) ceapach\u00e1n chomhalta\u00ed nua ar Bhord TG4.","breadcrumb":{"@id":"https:\/\/dev.tg4.ie\/ga\/eolas\/preas\/nuacht-raitis\/2024-2\/cuireann-tg4-failte-roimh-cheapuchan-chomhaltai-nua-ar-bhord-tg4\/#breadcrumb"},"inLanguage":"ga","potentialAction":[{"@type":"ReadAction","target":["https:\/\/dev.tg4.ie\/ga\/eolas\/preas\/nuacht-raitis\/2024-2\/cuireann-tg4-failte-roimh-cheapuchan-chomhaltai-nua-ar-bhord-tg4\/"]}]},{"@type":"BreadcrumbList","@id":"https:\/\/dev.tg4.ie\/ga\/eolas\/preas\/nuacht-raitis\/2024-2\/cuireann-tg4-failte-roimh-cheapuchan-chomhaltai-nua-ar-bhord-tg4\/#breadcrumb","itemListElement":[{"@type":"ListItem","position":1,"name":"Home","item":"https:\/\/dev.tg4.ie\/ga\/"},{"@type":"ListItem","position":2,"name":"Eolas","item":"https:\/\/dev.tg4.ie\/ga\/eolas\/"},{"@type":"ListItem","position":3,"name":"Preas","item":"https:\/\/dev.tg4.ie\/ga\/eolas\/preas\/"},{"@type":"ListItem","position":4,"name":"Nuacht R\u00e1itis","item":"https:\/\/dev.tg4.ie\/ga\/eolas\/preas\/nuacht-raitis\/"},{"@type":"ListItem","position":5,"name":"2024","item":"https:\/\/dev.tg4.ie\/ga\/eolas\/preas\/nuacht-raitis\/2024-2\/"},{"@type":"ListItem","position":6,"name":"Cuireann TG4 F\u00e1ilte Roimh Cheap\u00fach\u00e1n Chomhalta\u00ed Nua ar Bhord TG4"}]},{"@type":"WebSite","@id":"https:\/\/dev.tg4.ie\/en\/#website","url":"https:\/\/dev.tg4.ie\/en\/","name":"TG4","description":"S\u00fail Eile","potentialAction":[{"@type":"SearchAction","target":{"@type":"EntryPoint","urlTemplate":"https:\/\/dev.tg4.ie\/en\/?s={search_term_string}"},"query-input":"required name=search_term_string"}],"inLanguage":"ga"}]}},"_links":{"self":[{"href":"https:\/\/dev.tg4.ie\/ga\/wp-json\/wp\/v2\/pages\/212985"}],"collection":[{"href":"https:\/\/dev.tg4.ie\/ga\/wp-json\/wp\/v2\/pages"}],"about":[{"href":"https:\/\/dev.tg4.ie\/ga\/wp-json\/wp\/v2\/types\/page"}],"author":[{"embeddable":true,"href":"https:\/\/dev.tg4.ie\/ga\/wp-json\/wp\/v2\/users\/876"}],"replies":[{"embeddable":true,"href":"https:\/\/dev.tg4.ie\/ga\/wp-json\/wp\/v2\/comments?post=212985"}],"version-history":[{"count":0,"href":"https:\/\/dev.tg4.ie\/ga\/wp-json\/wp\/v2\/pages\/212985\/revisions"}],"up":[{"embeddable":true,"href":"https:\/\/dev.tg4.ie\/ga\/wp-json\/wp\/v2\/pages\/208148"}],"wp:attachment":[{"href":"https:\/\/dev.tg4.ie\/ga\/wp-json\/wp\/v2\/media?parent=212985"}],"curies":[{"name":"wp","href":"https:\/\/api.w.org\/{rel}","templated":true}]}}