{"id":213707,"date":"2024-03-26T14:06:56","date_gmt":"2024-03-26T14:06:56","guid":{"rendered":"https:\/\/dev.tg4.ie\/?page_id=213707"},"modified":"2024-03-26T14:06:57","modified_gmt":"2024-03-26T14:06:57","slug":"na-moltoiri","status":"publish","type":"page","link":"https:\/\/dev.tg4.ie\/ga\/brandai-eile\/gradam-ceoil\/na-moltoiri\/","title":{"rendered":"Na Molt\u00f3ir\u00ed"},"content":{"rendered":"<h2>Na Molt\u00f3ir\u00ed<\/h2>\n<hr>\n<p>N\u00f3ta Neil Martin &#8211; Cathaoirleach Choiste Roghn\u00fach\u00e1in Ghradam Ceoil TG4 2024<\/p>\n<p><em>Nach iontach go deo an m\u00e9id at\u00e1 bainte amach ag an gceol agus ag an damhsa traidisi\u00fanta \u00f3 1998, nuair chuirtear le ch\u00e9ile f\u00eds Mary McPartlan agus cumas TG4 an fh\u00eds sin a thabhairt chun f\u00edre. Buaicphointe a bh\u00ed ann i ndialann bliana an cheoil thraidisi\u00fanta, iad ag lascadh leo \u00f3n t\u00fas, treibh ioml\u00e1n de cheolt\u00f3ir\u00ed agus daoine a bhfuil d\u00fail acu sa cheol agus iad ar b\u00eds le tabhairt faoi. Ceili\u00faradh, aitheantas, spleodar, ard\u00e1n at\u00e1 ann &#8211; agus is \u00e9 ag dul amach ar fud an domhain, \u00e1 chraoladh timpeall an domhain agus na m\u00edlte ag breathn\u00fa air. Ach taobh thiar den mhustar ar fad, cuid\u00edonn s\u00e9 le rud \u00e9igin at\u00e1 ar leibh\u00e9al eile, rud at\u00e1 beagnach dobhraite. Tugann s\u00e9 ugach at\u00e1 r\u00edth\u00e1bhachtach agus suntasach do gach buaiteoir, b\u00edodh s\u00e9 tar \u00e9is Ceolt\u00f3ir \u00d3g n\u00f3 Ghradam Saoil TG4 a bhuachan. Nearta\u00edonn s\u00e9 an duine ar bhealach at\u00e1 thar a bheith pearsanta, agus tugann s\u00e9 misneach do na buaiteoir\u00ed coinne\u00e1il orthu leis an rud a gcreideann siad ann, an rud at\u00e1 go smior iontu \u2013 iad f\u00e9in a chur in i\u00fal agus a gcro\u00ed a nochtadh don saol m\u00f3r. San amhr\u00e1n, san fhonn, sa ch\u00e9im \u2013 nochtann an taibheoir a chro\u00ed agus a anam, agus chun \u00e9 sin a dh\u00e9anamh teasta\u00edonn scil agus misneach dochreidte. Agus le go bhf\u00e9adfaidh an duine sin istigh ann f\u00e9in, a bh\u00edonn in amanna goilli\u00fanach, bl\u00e1th\u00fa ar n\u00f3s rud ar bith at\u00e1 ag f\u00e1s, caithfear \u00e9 a bheath\u00fa. Sin a dh\u00e9anann Gradam Ceoil TG4.<\/p>\n<p>Agus an domhan ag \u00e9ir\u00ed n\u00edos saolta agus spiorad agus cumas smaointeoireachta an duine daonna ar a laghad faoi sc\u00e1il \/ faoi bhagairt an AI, ba cheart go mbeadh n\u00edos m\u00f3 meas n\u00e1 riamh ar an rud at\u00e1 bar\u00e1nt\u00fail. Ins\u00edonn \u00e1r gceol agus \u00e1r n-amhr\u00e1in agus \u00e1r ndamhsa an fh\u00edrinne f\u00fainn. Is mar gheall air sin, agus muid ag breathn\u00fa cinn, go gcaithfimid n\u00edos m\u00f3 measa a bheith againn ar na Gradaim seo. Spreagann siad caidreamh idir na daoine agus cotha\u00edonn siad cro\u00ed na f\u00e9ini\u00falachta. Agus t\u00e1 s\u00e9 sin thar mholadh beirte.<\/em><br \/>\n&nbsp;<\/p>\n<hr>\n<p><strong>Neil Martin<\/strong><br \/>\n<a href=\"https:\/\/tg4-docs.s3.amazonaws.com\/wp-content\/uploads\/2024\/03\/25172240\/Neil_Martin_1-1000x1000-1.jpg\"><img loading=\"lazy\" decoding=\"async\" width=\"141\" height=\"141\" src=\"https:\/\/tg4-docs.s3.amazonaws.com\/wp-content\/uploads\/2024\/03\/25172240\/Neil_Martin_1-1000x1000-1-141x141.jpg\" alt=\"\" class=\"aligncenter size-thumbnail wp-image-213735\" srcset=\"https:\/\/tg4-docs.s3.amazonaws.com\/wp-content\/uploads\/2024\/03\/25172240\/Neil_Martin_1-1000x1000-1-141x141.jpg 141w, https:\/\/tg4-docs.s3.amazonaws.com\/wp-content\/uploads\/2024\/03\/25172240\/Neil_Martin_1-1000x1000-1-250x250.jpg 250w, https:\/\/tg4-docs.s3.amazonaws.com\/wp-content\/uploads\/2024\/03\/25172240\/Neil_Martin_1-1000x1000-1-700x700.jpg 700w, https:\/\/tg4-docs.s3.amazonaws.com\/wp-content\/uploads\/2024\/03\/25172240\/Neil_Martin_1-1000x1000-1-120x120.jpg 120w, https:\/\/tg4-docs.s3.amazonaws.com\/wp-content\/uploads\/2024\/03\/25172240\/Neil_Martin_1-1000x1000-1.jpg 1000w\" sizes=\"(max-width: 141px) 100vw, 141px\" \/><\/a><\/p>\n<p>Is cumad\u00f3ir agus ceolt\u00f3ir \u00e9 Neil Martin, a rugadh i mB\u00e9al Feirste agus a bhfuil gairm bheatha an-\u00e9ags\u00fail agus an-tairbheach aige. I measc an cheoil at\u00e1 cumtha aige le d\u00e9ana\u00ed t\u00e1 ceoldr\u00e1ma &#8211; Nobody\/Somebody (2023), coins\u00e9art\u00f3 veidhl\u00edn &#8211; dall\u2019ombra (2022), an p\u00edosa a chum s\u00e9 le haghaidh Lost Lives (2020) agus a bhain duaiseanna RTS amach, cumad\u00f3ireacht don amharclann agus ceol aireagail. I measc saothar eile t\u00e1 \u2013 Sweeney (2018), timthriall amhr\u00e1n ceolfhoirne; ochtr\u00e9ad, The Helping Hand (2017); this is an Irish dance (2015) disr\u00e9ad le haghaidh rinceoir agus dordveidhlead\u00f3ir; p\u00edosa cumad\u00f3ireachta le haghaidh De Profundis Oscar Wilde  (2017); An Siansa C\u00f3r\u00fail OSSA (2007).<\/p>\n<p>Mar dhordveidhlead\u00f3ir agus mar ph\u00edobaire uilleann d\u2019oibrigh Neil le go leor de na heala\u00edont\u00f3ir\u00ed is m\u00f3 le r\u00e1, \u00f3 Liam O&#8217;Flynn, Bryn Terfel, Seamus Heaney, Sam Shepard, Christy Moore, Stephen Rea, Josh Groban, Jean Butler agus Barry Douglas go dt\u00ed an LSO, RPO agus na pr\u00edomhcheolfhoirne uilig in \u00c9irinn. T\u00e1 ceol cumtha aige do dhr\u00e1ma\u00ed ar Broadway, sa West End agus san Eoraip, agus t\u00e1 a chuid ceoil ar n\u00edos m\u00f3 n\u00e1 c\u00e9ad albam. I measc na n-ionad taibhithe inar sheinn s\u00e9 t\u00e1 Carnegie Hall agus an Palazzo Vecchio agus t\u00e1 an obair cheannr\u00f3da\u00edoch a rinne s\u00e9 leis an West Ocean String Quartet molta ar fud an domhain, agus n\u00edos faide i gc\u00e9in \u2026 seinneadh a gcuid taifeadta\u00ed ar bord an St\u00e1isi\u00fain Sp\u00e1is Idirn\u00e1isi\u00fanta.<br \/>\n&nbsp;<\/p>\n<hr>\n<p><strong>Liam O&#8217;Brien<\/strong><br \/>\n<a href=\"https:\/\/tg4-docs.s3.amazonaws.com\/wp-content\/uploads\/2024\/03\/25172245\/Liam_OBrien_1-1000x1000-1.jpg\"><img loading=\"lazy\" decoding=\"async\" width=\"141\" height=\"141\" src=\"https:\/\/tg4-docs.s3.amazonaws.com\/wp-content\/uploads\/2024\/03\/25172245\/Liam_OBrien_1-1000x1000-1-141x141.jpg\" alt=\"\" class=\"aligncenter size-thumbnail wp-image-213737\" srcset=\"https:\/\/tg4-docs.s3.amazonaws.com\/wp-content\/uploads\/2024\/03\/25172245\/Liam_OBrien_1-1000x1000-1-141x141.jpg 141w, https:\/\/tg4-docs.s3.amazonaws.com\/wp-content\/uploads\/2024\/03\/25172245\/Liam_OBrien_1-1000x1000-1-250x250.jpg 250w, https:\/\/tg4-docs.s3.amazonaws.com\/wp-content\/uploads\/2024\/03\/25172245\/Liam_OBrien_1-1000x1000-1-700x700.jpg 700w, https:\/\/tg4-docs.s3.amazonaws.com\/wp-content\/uploads\/2024\/03\/25172245\/Liam_OBrien_1-1000x1000-1-120x120.jpg 120w, https:\/\/tg4-docs.s3.amazonaws.com\/wp-content\/uploads\/2024\/03\/25172245\/Liam_OBrien_1-1000x1000-1.jpg 1000w\" sizes=\"(max-width: 141px) 100vw, 141px\" \/><\/a><\/p>\n<p>D&#8217;fh\u00e1s Liam, ar as Sr\u00e1id na Cathrach \u00f3 dh\u00fachas \u00e9, an\u00edos i dteaghlach a bhfuil f\u00e9ith an cheoil ann. Thosaigh s\u00e9 ag foghlaim na fead\u00f3ige st\u00e1in \u00f3na mh\u00e1thair Br\u00edd nuair a bh\u00ed s\u00e9 ceithre bliana d\u2019aois agus bhog s\u00e9 ar aghaidh go dt\u00ed an consairt\u00edn ina dhiaidh sin. Rinne s\u00e9 staid\u00e9ar ar an gconsairt\u00edn faoi l\u00e1mh Noel Hill agus thosaigh s\u00e9 f\u00e9in \u00e1 mh\u00faineadh nuair a bh\u00ed s\u00e9 s\u00e9 bliana d\u00e9ag. Bhain Liam BA sa Cheol agus Damhsa Traidisi\u00fanta amach in Ollscoil Luimnigh agus bhuaigh s\u00e9 Gradam Ceolt\u00f3ir \u00d3g na Bliana TG4 in 2017. Ina dhiaidh sin, bhain Liam M\u00e1istreacht sa L\u00e9iri\u00fa agus Sti\u00faradh Scann\u00e1in amach agus t\u00e1 s\u00e9 ag obair i nGaillimh anois le Nuacht RT\u00c9 &#038; TG4. B\u00edonn Liam ag m\u00faineadh ag f\u00e9ilte agus col\u00e1ist\u00ed in \u00c9irinn agus thar lear lena n-\u00e1ir\u00edtear Scoil Samhraidh Willie Clancy agus D\u00e1mh Chruinne \u00c9ireann. B\u00edonn Liam f\u00f3s i mbun ceardlanna consairt\u00edn agus b\u00edonn s\u00e9 ag ceol ar fud an domhain i dt\u00edortha ar n\u00f3s na Seap\u00e1ine, St\u00e1it Aontaithe Mheirice\u00e1, na Tans\u00e1ine agus ar fud na hEorpa.<br \/>\n&nbsp;<\/p>\n<hr>\n<p><strong>Liz Doherty<\/strong><br \/>\n<a href=\"https:\/\/tg4-docs.s3.amazonaws.com\/wp-content\/uploads\/2024\/03\/25172242\/Liz_Doherty_1-1000x1000-1.jpg\"><img loading=\"lazy\" decoding=\"async\" width=\"141\" height=\"141\" src=\"https:\/\/tg4-docs.s3.amazonaws.com\/wp-content\/uploads\/2024\/03\/25172242\/Liz_Doherty_1-1000x1000-1-141x141.jpg\" alt=\"\" class=\"aligncenter size-thumbnail wp-image-213736\" srcset=\"https:\/\/tg4-docs.s3.amazonaws.com\/wp-content\/uploads\/2024\/03\/25172242\/Liz_Doherty_1-1000x1000-1-141x141.jpg 141w, https:\/\/tg4-docs.s3.amazonaws.com\/wp-content\/uploads\/2024\/03\/25172242\/Liz_Doherty_1-1000x1000-1-250x250.jpg 250w, https:\/\/tg4-docs.s3.amazonaws.com\/wp-content\/uploads\/2024\/03\/25172242\/Liz_Doherty_1-1000x1000-1-700x700.jpg 700w, https:\/\/tg4-docs.s3.amazonaws.com\/wp-content\/uploads\/2024\/03\/25172242\/Liz_Doherty_1-1000x1000-1-120x120.jpg 120w, https:\/\/tg4-docs.s3.amazonaws.com\/wp-content\/uploads\/2024\/03\/25172242\/Liz_Doherty_1-1000x1000-1.jpg 1000w\" sizes=\"(max-width: 141px) 100vw, 141px\" \/><\/a><\/p>\n<p>Is fidl\u00e9ir, oideachas\u00f3ir, comhairleoir eala\u00edon agus l\u00e9iritheoir \u00ed an Dr Liz Doherty as Co. Dh\u00fan na nGall.<br \/>\nIs \u00ed a bhunaigh agus a sti\u00farann I Teach Trad, a chuireann oili\u00faint agus forbairt ghairmi\u00fail ar f\u00e1il do mh\u00fainteoir\u00ed an cheoil thraidisi\u00fanta. I measc a cuid dinti\u00fair acad\u00fala t\u00e1 PhD (ceol fidle Cape Breton) agus d\u2019oibrigh s\u00ed mar l\u00e9acht\u00f3ir ar an gceol traidisi\u00fanta \u00f3 1994, in UCC agus in Ollscoil Uladh, i nDoire agus i gCeanada, sna St\u00e1it Aontaithe agus san Astr\u00e1il. Tugadh aitheantas d\u2019ardchaighde\u00e1n a cuid teagaisc nuair a bronnadh Comhaltacht N\u00e1isi\u00fanta Teagaisc uirthi \u00f3n Acadamh Ardoideachais in 2018. Chomh maith le l\u00edon suntasach leabhar agus p\u00e1ip\u00e9ar a bheith foilsithe aici, sheinn agus thaifead Liz le M\u00edche\u00e1l \u00d3 S\u00failleabh\u00e1in agus le Ceolfhoirne Siansa agus Ceolchoirme N\u00e1isi\u00fanta RT\u00c9, Riverdance -The Show, agus leis na banna\u00ed String Sisters, Bumblebees agus Nomos; th\u00e1inig Fiddlesticks, an banna a bhunaigh agus a sti\u00faraigh s\u00ed le linn di a bheith i gCol\u00e1iste na hOllscoile, Corcaigh le ch\u00e9ile ar\u00eds le d\u00e9ana\u00ed agus sheinn s\u00e9 ag Celtic Connections 2024. Ghlac s\u00ed p\u00e1irt i mbreis agus 20 taifeadadh, lena n-\u00e1ir\u00edtear 2 eisi\u00faint aonair. I measc shaothar Liz \u00f3 thaobh l\u00e9iri\u00fach\u00e1in de t\u00e1 Samhl\u00fa (TG4) a bhfuil gradaim buaite aige, agus an tsraith Fleadh de chuid TG4 (2020-). D&#8217;oibrigh s\u00ed leis an gComhairle Eala\u00edon, \u00e1it ar thug s\u00ed isteach an cl\u00e1r maoinithe Deis d&#8217;eala\u00edont\u00f3ir\u00ed  traidisi\u00fanta agus bh\u00ed s\u00ed ina ball de Shainchoiste Comhairleach Chult\u00far \u00c9ireann (2018-2024).<br \/>\n&nbsp;<\/p>\n<hr>\n<p><strong>Iarfhlaith \u00d3 Domhnaill<\/strong><br \/>\n<a href=\"https:\/\/tg4-docs.s3.amazonaws.com\/wp-content\/uploads\/2024\/03\/25172247\/Iarfhlaith_O_Domhnaill_1-1000x1000-1.jpg\"><img loading=\"lazy\" decoding=\"async\" width=\"141\" height=\"141\" src=\"https:\/\/tg4-docs.s3.amazonaws.com\/wp-content\/uploads\/2024\/03\/25172247\/Iarfhlaith_O_Domhnaill_1-1000x1000-1-141x141.jpg\" alt=\"\" class=\"aligncenter size-thumbnail wp-image-213738\" srcset=\"https:\/\/tg4-docs.s3.amazonaws.com\/wp-content\/uploads\/2024\/03\/25172247\/Iarfhlaith_O_Domhnaill_1-1000x1000-1-141x141.jpg 141w, https:\/\/tg4-docs.s3.amazonaws.com\/wp-content\/uploads\/2024\/03\/25172247\/Iarfhlaith_O_Domhnaill_1-1000x1000-1-250x250.jpg 250w, https:\/\/tg4-docs.s3.amazonaws.com\/wp-content\/uploads\/2024\/03\/25172247\/Iarfhlaith_O_Domhnaill_1-1000x1000-1-700x700.jpg 700w, https:\/\/tg4-docs.s3.amazonaws.com\/wp-content\/uploads\/2024\/03\/25172247\/Iarfhlaith_O_Domhnaill_1-1000x1000-1-120x120.jpg 120w, https:\/\/tg4-docs.s3.amazonaws.com\/wp-content\/uploads\/2024\/03\/25172247\/Iarfhlaith_O_Domhnaill_1-1000x1000-1.jpg 1000w\" sizes=\"(max-width: 141px) 100vw, 141px\" \/><\/a><\/p>\n<p>Is fidl\u00e9ir agus d\u00e9ant\u00f3ir scann\u00e1in faisn\u00e9ise as Cill Charthaigh, i gCo. Dh\u00fan na nGall \u00e9 Iarfhlaith. T\u00e1 s\u00e9 ag obair faoi l\u00e1thair mar L\u00e9iritheoir Faisn\u00e9ise do South Wind Blows, agus scann\u00e1in faisn\u00e9ise \u00e1 gcur ar f\u00e1il aige don phicti\u00farlann\/don chraoladh agus ceolchoirmeacha agus imeachta\u00ed ceoil don fh\u00e9ile cheoil Other Voices sa Daingean. D&#8217;oibrigh Iarfhlaith roimhe seo do Thaisce Cheol D\u00fachais \u00c9ireann (ITMA) mar Bhainisteoir Airgeadais agus mar L\u00e9iritheoir\/Eagarth\u00f3ir Faisn\u00e9ise. T\u00e1 s\u00e9 ina Chisteoir anois ar Bhord an ITMA. Cuirfidh Iarfhlaith a ch\u00e9ad albam, The Devil&#8217;s Dream, amach in 2024, in \u00e9ineacht leis seinnteoir pian\u00f3 Natalie N\u00ed Chasaide.<br \/>\n&nbsp;<\/p>\n<hr>\n<p><strong>Nell N\u00ed Chroin\u00edn<\/strong><br \/>\n<a href=\"https:\/\/tg4-docs.s3.amazonaws.com\/wp-content\/uploads\/2024\/03\/25172250\/Nell_Ni_Chroinin_1-1000x1000-1.jpg\"><img loading=\"lazy\" decoding=\"async\" width=\"141\" height=\"141\" src=\"https:\/\/tg4-docs.s3.amazonaws.com\/wp-content\/uploads\/2024\/03\/25172250\/Nell_Ni_Chroinin_1-1000x1000-1-141x141.jpg\" alt=\"\" class=\"aligncenter size-thumbnail wp-image-213739\" srcset=\"https:\/\/tg4-docs.s3.amazonaws.com\/wp-content\/uploads\/2024\/03\/25172250\/Nell_Ni_Chroinin_1-1000x1000-1-141x141.jpg 141w, https:\/\/tg4-docs.s3.amazonaws.com\/wp-content\/uploads\/2024\/03\/25172250\/Nell_Ni_Chroinin_1-1000x1000-1-250x250.jpg 250w, https:\/\/tg4-docs.s3.amazonaws.com\/wp-content\/uploads\/2024\/03\/25172250\/Nell_Ni_Chroinin_1-1000x1000-1-700x700.jpg 700w, https:\/\/tg4-docs.s3.amazonaws.com\/wp-content\/uploads\/2024\/03\/25172250\/Nell_Ni_Chroinin_1-1000x1000-1-120x120.jpg 120w, https:\/\/tg4-docs.s3.amazonaws.com\/wp-content\/uploads\/2024\/03\/25172250\/Nell_Ni_Chroinin_1-1000x1000-1.jpg 1000w\" sizes=\"(max-width: 141px) 100vw, 141px\" \/><\/a><\/p>\n<p>T\u00f3gadh Nell N\u00ed Chr\u00f3in\u00edn i mB\u00e9al \u00c1tha an Ghaorthaidh i nGaeltacht Mh\u00fascra\u00ed. Bh\u00ed ceol aici \u00f3 gach taobh \u2013 \u00f3 Mhuintir Riord\u00e1in agus Mhuirithe Ch\u00fail Aodha, agus \u00f3 Chr\u00f3in\u00ednigh Bh\u00e9al \u00c1tha an Ghaorthaidh. Nuair a bh\u00ed Nell aon bhliain d\u00e9ag, ghlac s\u00ed p\u00e1irt i Sc\u00e9im Amhr\u00e1na\u00edochta Aisling Gheal. Is ansin a th\u00e1inig s\u00ed faoi thionchar Mh\u00e1ire N\u00ed Ch\u00e9illeachair, amhr\u00e1na\u00ed den scoth, \u00f3na bhfuair s\u00ed st\u00f3r m\u00f3r d\u2019amhr\u00e1in an cheantair agus bhailigh s\u00ed tuilleadh \u00f3 amhr\u00e1naithe \u00e1iti\u00fala eile, Eoin\u00ed Madhic\u00ed \u00d3 S\u00failleabh\u00e1in agus Eil\u00eds N\u00ed Sh\u00failleabh\u00e1in ina measc si\u00fad. B\u2019\u00e9 toradh na hoibre seo gur thug Nell l\u00e9i Corn U\u00ed Riada in 2014 agus bronadh Gradam Ceoil TG4, Amhr\u00e1na\u00ed na Bliana uirthi in 2012. Faoi l\u00e1thair is \u00ed an pr\u00edomhamhr\u00e1na\u00ed \u00ed leis an ngr\u00fapa Dan\u00fa agus t\u00e9ann s\u00ed ar chamch\u00fairteanna ar fud na cruinne leo.<br \/>\n&nbsp;<\/p>\n<hr>\n<p><strong>Ellie Byrne<\/strong><br \/>\n<a href=\"https:\/\/tg4-docs.s3.amazonaws.com\/wp-content\/uploads\/2024\/03\/25172237\/Ellie_Byrne_1-1000x1000-1.jpg\"><img loading=\"lazy\" decoding=\"async\" width=\"141\" height=\"141\" src=\"https:\/\/tg4-docs.s3.amazonaws.com\/wp-content\/uploads\/2024\/03\/25172237\/Ellie_Byrne_1-1000x1000-1-141x141.jpg\" alt=\"\" class=\"aligncenter size-thumbnail wp-image-213734\" srcset=\"https:\/\/tg4-docs.s3.amazonaws.com\/wp-content\/uploads\/2024\/03\/25172237\/Ellie_Byrne_1-1000x1000-1-141x141.jpg 141w, https:\/\/tg4-docs.s3.amazonaws.com\/wp-content\/uploads\/2024\/03\/25172237\/Ellie_Byrne_1-1000x1000-1-250x250.jpg 250w, https:\/\/tg4-docs.s3.amazonaws.com\/wp-content\/uploads\/2024\/03\/25172237\/Ellie_Byrne_1-1000x1000-1-700x700.jpg 700w, https:\/\/tg4-docs.s3.amazonaws.com\/wp-content\/uploads\/2024\/03\/25172237\/Ellie_Byrne_1-1000x1000-1-120x120.jpg 120w, https:\/\/tg4-docs.s3.amazonaws.com\/wp-content\/uploads\/2024\/03\/25172237\/Ellie_Byrne_1-1000x1000-1.jpg 1000w\" sizes=\"(max-width: 141px) 100vw, 141px\" \/><\/a><\/p>\n<p>Chaith Ellie Byrne ocht mbliana d\u00e9ag mar Bhainisteoir Preasa agus Taibheala\u00edon in Acadamh Domhanda na h\u00c9ireann in Ollscoil Luimnigh, faoi sti\u00fair an Ollaimh M\u00edche\u00e1l \u00d3 S\u00failleabh\u00e1in, nach maireann. In 2014, d&#8217;fh\u00e1g s\u00ed OL chun a fiontar bainist\u00edochta PR agus eala\u00edon f\u00e9in a bhun\u00fa, EB Promotions. \u00d3 buna\u00edodh \u00e9, t\u00e1 ceolt\u00f3ir\u00ed, damhs\u00f3ir\u00ed, eala\u00edont\u00f3ir\u00ed aonair agus banna\u00ed a dteasta\u00edonn seirbh\u00eds\u00ed bainist\u00edochta preasa uathu ag roghn\u00fa an chomhlachta. I measc na n-eala\u00edont\u00f3ir\u00ed m\u00f3r le r\u00e1 a ndearna s\u00ed ionada\u00edocht orthu t\u00e1 Altan, Declan O&#8217;Rourke, Martin Hayes, Karan Casey, Kevin Burke, The Kilfenora C\u00e9il\u00ed Band &#038; Eiri\u00fa Dance Company.  T\u00e1 s\u00ed lonnaithe i gCill Chaoi, i gContae an Chl\u00e1ir.<br \/>\n&nbsp;<br \/>\n&nbsp;<\/p>\n","protected":false},"excerpt":{"rendered":"<p>Na Molt\u00f3ir\u00ed N\u00f3ta Neil Martin &#8211; Cathaoirleach Choiste Roghn\u00fach\u00e1in Ghradam Ceoil TG4 2024 Nach iontach go deo an m\u00e9id at\u00e1 bainte amach ag an gceol agus ag an damhsa traidisi\u00fanta \u00f3 1998, nuair chuirtear le ch\u00e9ile f\u00eds Mary McPartlan agus cumas TG4 an fh\u00eds sin a thabhairt chun f\u00edre. Buaicphointe a bh\u00ed ann i ndialann [&hellip;]<\/p>\n","protected":false},"author":876,"featured_media":0,"parent":12975,"menu_order":3,"comment_status":"closed","ping_status":"closed","template":"page-templates\/template-corporate.php","meta":{"_acf_changed":false,"footnotes":""},"acf":[],"yoast_head":"<!-- This site is optimized with the Yoast SEO plugin v22.6 - https:\/\/yoast.com\/wordpress\/plugins\/seo\/ -->\n<title>Gradam Ceoil TG4 2024 | Na Molt\u00f3ir\u00ed | TG4<\/title>\n<meta name=\"robots\" content=\"index, follow, max-snippet:-1, max-image-preview:large, max-video-preview:-1\" \/>\n<meta property=\"og:locale\" content=\"en_US\" \/>\n<meta property=\"og:type\" content=\"article\" \/>\n<meta property=\"og:title\" content=\"Gradam Ceoil TG4 2024 | Na Molt\u00f3ir\u00ed | TG4\" \/>\n<meta property=\"og:description\" content=\"Na Molt\u00f3ir\u00ed N\u00f3ta Neil Martin &#8211; Cathaoirleach Choiste Roghn\u00fach\u00e1in Ghradam Ceoil TG4 2024 Nach iontach go deo an m\u00e9id at\u00e1 bainte amach ag an gceol agus ag an damhsa traidisi\u00fanta \u00f3 1998, nuair chuirtear le ch\u00e9ile f\u00eds Mary McPartlan agus cumas TG4 an fh\u00eds sin a thabhairt chun f\u00edre. Buaicphointe a bh\u00ed ann i ndialann [&hellip;]\" \/>\n<meta property=\"og:url\" content=\"https:\/\/dev.tg4.ie\/ga\/brandai-eile\/gradam-ceoil\/na-moltoiri\/\" \/>\n<meta property=\"og:site_name\" content=\"TG4\" \/>\n<meta property=\"article:publisher\" content=\"https:\/\/www.facebook.com\/TG4TV\" \/>\n<meta property=\"article:modified_time\" content=\"2024-03-26T14:06:57+00:00\" \/>\n<meta property=\"og:image\" content=\"https:\/\/dev.tg4.ie\/wp-content\/uploads\/2024\/03\/Neil_Martin_1-1000x1000-1-141x141.jpg\" \/>\n<meta name=\"twitter:card\" content=\"summary_large_image\" \/>\n<meta name=\"twitter:site\" content=\"@TG4TV\" \/>\n<meta name=\"twitter:label1\" content=\"Est. reading time\" \/>\n\t<meta name=\"twitter:data1\" content=\"8 minutes\" \/>\n<script type=\"application\/ld+json\" class=\"yoast-schema-graph\">{\"@context\":\"https:\/\/schema.org\",\"@graph\":[{\"@type\":\"WebPage\",\"@id\":\"https:\/\/dev.tg4.ie\/ga\/brandai-eile\/gradam-ceoil\/na-moltoiri\/\",\"url\":\"https:\/\/dev.tg4.ie\/ga\/brandai-eile\/gradam-ceoil\/na-moltoiri\/\",\"name\":\"Gradam Ceoil TG4 2024 | Na Molt\u00f3ir\u00ed | TG4\",\"isPartOf\":{\"@id\":\"https:\/\/dev.tg4.ie\/en\/#website\"},\"primaryImageOfPage\":{\"@id\":\"https:\/\/dev.tg4.ie\/ga\/brandai-eile\/gradam-ceoil\/na-moltoiri\/#primaryimage\"},\"image\":{\"@id\":\"https:\/\/dev.tg4.ie\/ga\/brandai-eile\/gradam-ceoil\/na-moltoiri\/#primaryimage\"},\"thumbnailUrl\":\"https:\/\/dev.tg4.ie\/wp-content\/uploads\/2024\/03\/Neil_Martin_1-1000x1000-1-141x141.jpg\",\"datePublished\":\"2024-03-26T14:06:56+00:00\",\"dateModified\":\"2024-03-26T14:06:57+00:00\",\"breadcrumb\":{\"@id\":\"https:\/\/dev.tg4.ie\/ga\/brandai-eile\/gradam-ceoil\/na-moltoiri\/#breadcrumb\"},\"inLanguage\":\"ga\",\"potentialAction\":[{\"@type\":\"ReadAction\",\"target\":[\"https:\/\/dev.tg4.ie\/ga\/brandai-eile\/gradam-ceoil\/na-moltoiri\/\"]}]},{\"@type\":\"ImageObject\",\"inLanguage\":\"ga\",\"@id\":\"https:\/\/dev.tg4.ie\/ga\/brandai-eile\/gradam-ceoil\/na-moltoiri\/#primaryimage\",\"url\":\"https:\/\/dev.tg4.ie\/wp-content\/uploads\/2024\/03\/Neil_Martin_1-1000x1000-1-141x141.jpg\",\"contentUrl\":\"https:\/\/dev.tg4.ie\/wp-content\/uploads\/2024\/03\/Neil_Martin_1-1000x1000-1-141x141.jpg\"},{\"@type\":\"BreadcrumbList\",\"@id\":\"https:\/\/dev.tg4.ie\/ga\/brandai-eile\/gradam-ceoil\/na-moltoiri\/#breadcrumb\",\"itemListElement\":[{\"@type\":\"ListItem\",\"position\":1,\"name\":\"Home\",\"item\":\"https:\/\/dev.tg4.ie\/ga\/\"},{\"@type\":\"ListItem\",\"position\":2,\"name\":\"Branda\u00ed Eile\",\"item\":\"https:\/\/dev.tg4.ie\/ga\/brandai-eile\/\"},{\"@type\":\"ListItem\",\"position\":3,\"name\":\"Gradam Ceoil TG4\",\"item\":\"https:\/\/dev.tg4.ie\/ga\/brandai-eile\/gradam-ceoil\/\"},{\"@type\":\"ListItem\",\"position\":4,\"name\":\"Na Molt\u00f3ir\u00ed\"}]},{\"@type\":\"WebSite\",\"@id\":\"https:\/\/dev.tg4.ie\/en\/#website\",\"url\":\"https:\/\/dev.tg4.ie\/en\/\",\"name\":\"TG4\",\"description\":\"S\u00fail Eile\",\"potentialAction\":[{\"@type\":\"SearchAction\",\"target\":{\"@type\":\"EntryPoint\",\"urlTemplate\":\"https:\/\/dev.tg4.ie\/en\/?s={search_term_string}\"},\"query-input\":\"required name=search_term_string\"}],\"inLanguage\":\"ga\"}]}<\/script>\n<!-- \/ Yoast SEO plugin. -->","yoast_head_json":{"title":"Gradam Ceoil TG4 2024 | Na Molt\u00f3ir\u00ed | TG4","robots":{"index":"index","follow":"follow","max-snippet":"max-snippet:-1","max-image-preview":"max-image-preview:large","max-video-preview":"max-video-preview:-1"},"og_locale":"en_US","og_type":"article","og_title":"Gradam Ceoil TG4 2024 | Na Molt\u00f3ir\u00ed | TG4","og_description":"Na Molt\u00f3ir\u00ed N\u00f3ta Neil Martin &#8211; Cathaoirleach Choiste Roghn\u00fach\u00e1in Ghradam Ceoil TG4 2024 Nach iontach go deo an m\u00e9id at\u00e1 bainte amach ag an gceol agus ag an damhsa traidisi\u00fanta \u00f3 1998, nuair chuirtear le ch\u00e9ile f\u00eds Mary McPartlan agus cumas TG4 an fh\u00eds sin a thabhairt chun f\u00edre. Buaicphointe a bh\u00ed ann i ndialann [&hellip;]","og_url":"https:\/\/dev.tg4.ie\/ga\/brandai-eile\/gradam-ceoil\/na-moltoiri\/","og_site_name":"TG4","article_publisher":"https:\/\/www.facebook.com\/TG4TV","article_modified_time":"2024-03-26T14:06:57+00:00","og_image":[{"url":"https:\/\/dev.tg4.ie\/wp-content\/uploads\/2024\/03\/Neil_Martin_1-1000x1000-1-141x141.jpg"}],"twitter_card":"summary_large_image","twitter_site":"@TG4TV","twitter_misc":{"Est. reading time":"8 minutes"},"schema":{"@context":"https:\/\/schema.org","@graph":[{"@type":"WebPage","@id":"https:\/\/dev.tg4.ie\/ga\/brandai-eile\/gradam-ceoil\/na-moltoiri\/","url":"https:\/\/dev.tg4.ie\/ga\/brandai-eile\/gradam-ceoil\/na-moltoiri\/","name":"Gradam Ceoil TG4 2024 | Na Molt\u00f3ir\u00ed | TG4","isPartOf":{"@id":"https:\/\/dev.tg4.ie\/en\/#website"},"primaryImageOfPage":{"@id":"https:\/\/dev.tg4.ie\/ga\/brandai-eile\/gradam-ceoil\/na-moltoiri\/#primaryimage"},"image":{"@id":"https:\/\/dev.tg4.ie\/ga\/brandai-eile\/gradam-ceoil\/na-moltoiri\/#primaryimage"},"thumbnailUrl":"https:\/\/dev.tg4.ie\/wp-content\/uploads\/2024\/03\/Neil_Martin_1-1000x1000-1-141x141.jpg","datePublished":"2024-03-26T14:06:56+00:00","dateModified":"2024-03-26T14:06:57+00:00","breadcrumb":{"@id":"https:\/\/dev.tg4.ie\/ga\/brandai-eile\/gradam-ceoil\/na-moltoiri\/#breadcrumb"},"inLanguage":"ga","potentialAction":[{"@type":"ReadAction","target":["https:\/\/dev.tg4.ie\/ga\/brandai-eile\/gradam-ceoil\/na-moltoiri\/"]}]},{"@type":"ImageObject","inLanguage":"ga","@id":"https:\/\/dev.tg4.ie\/ga\/brandai-eile\/gradam-ceoil\/na-moltoiri\/#primaryimage","url":"https:\/\/dev.tg4.ie\/wp-content\/uploads\/2024\/03\/Neil_Martin_1-1000x1000-1-141x141.jpg","contentUrl":"https:\/\/dev.tg4.ie\/wp-content\/uploads\/2024\/03\/Neil_Martin_1-1000x1000-1-141x141.jpg"},{"@type":"BreadcrumbList","@id":"https:\/\/dev.tg4.ie\/ga\/brandai-eile\/gradam-ceoil\/na-moltoiri\/#breadcrumb","itemListElement":[{"@type":"ListItem","position":1,"name":"Home","item":"https:\/\/dev.tg4.ie\/ga\/"},{"@type":"ListItem","position":2,"name":"Branda\u00ed Eile","item":"https:\/\/dev.tg4.ie\/ga\/brandai-eile\/"},{"@type":"ListItem","position":3,"name":"Gradam Ceoil TG4","item":"https:\/\/dev.tg4.ie\/ga\/brandai-eile\/gradam-ceoil\/"},{"@type":"ListItem","position":4,"name":"Na Molt\u00f3ir\u00ed"}]},{"@type":"WebSite","@id":"https:\/\/dev.tg4.ie\/en\/#website","url":"https:\/\/dev.tg4.ie\/en\/","name":"TG4","description":"S\u00fail Eile","potentialAction":[{"@type":"SearchAction","target":{"@type":"EntryPoint","urlTemplate":"https:\/\/dev.tg4.ie\/en\/?s={search_term_string}"},"query-input":"required name=search_term_string"}],"inLanguage":"ga"}]}},"_links":{"self":[{"href":"https:\/\/dev.tg4.ie\/ga\/wp-json\/wp\/v2\/pages\/213707"}],"collection":[{"href":"https:\/\/dev.tg4.ie\/ga\/wp-json\/wp\/v2\/pages"}],"about":[{"href":"https:\/\/dev.tg4.ie\/ga\/wp-json\/wp\/v2\/types\/page"}],"author":[{"embeddable":true,"href":"https:\/\/dev.tg4.ie\/ga\/wp-json\/wp\/v2\/users\/876"}],"replies":[{"embeddable":true,"href":"https:\/\/dev.tg4.ie\/ga\/wp-json\/wp\/v2\/comments?post=213707"}],"version-history":[{"count":0,"href":"https:\/\/dev.tg4.ie\/ga\/wp-json\/wp\/v2\/pages\/213707\/revisions"}],"up":[{"embeddable":true,"href":"https:\/\/dev.tg4.ie\/ga\/wp-json\/wp\/v2\/pages\/12975"}],"wp:attachment":[{"href":"https:\/\/dev.tg4.ie\/ga\/wp-json\/wp\/v2\/media?parent=213707"}],"curies":[{"name":"wp","href":"https:\/\/api.w.org\/{rel}","templated":true}]}}