{"id":214604,"date":"2024-04-10T15:55:11","date_gmt":"2024-04-10T14:55:11","guid":{"rendered":"https:\/\/dev.tg4.ie\/?page_id=214604"},"modified":"2025-04-23T14:57:28","modified_gmt":"2025-04-23T13:57:28","slug":"sparanacht","status":"publish","type":"page","link":"https:\/\/dev.tg4.ie\/ga\/brandai-eile\/gradam-ceoil\/sparanacht\/","title":{"rendered":"Spar\u00e1nacht"},"content":{"rendered":"<h2>Gradam Ceoil TG4 2025 | Sc\u00e9im Spar\u00e1nacht<\/h2>\n<hr>\n<p>Rinne B\u00e9al Feirste \u00f3st\u00e1il ar an ngradam c\u00e1ili\u00fail, Gradam Ceoil TG4, ar feadh c\u00faig bliana. D\u2019fh\u00e1iltigh cathair Bh\u00e9al Feirste roimh an deis aitheantas a thabhairt do na ceolt\u00f3ir\u00ed cumasacha as gach cearn den oile\u00e1n agus don phaisean spreag\u00fail at\u00e1 acu do cheol traidisi\u00fanta na h\u00c9ireann. Chomh maith leis an mbr\u00ed agus an anam a chuir Gradam Ceoil TG4 sa saol ceoil \u00e1iti\u00fail, rinneadh Cathair Cheoil UNESCO de Bh\u00e9al Feirste i m\u00ed na Samhna 2021, lenar tugadh aitheantas d\u2019oidhreacht shaibhir cheoil na cathrach agus don t\u00e1bhacht a bhaineann le ceol do thodhcha\u00ed na cathrach. <\/p>\n<p>Mar gheall ar chomh maith agus a d\u2019\u00e9irigh leis an nGradam i mB\u00e9al Feirste, chruthaigh Comhairle Cathrach Bh\u00e9al Feirste an ch\u00e9ad Sc\u00e9im Spar\u00e1nachta do Ghradam Ceoil TG4 i gcomhph\u00e1irt\u00edocht le TG4, Ionad Eala\u00edon Duncairn agus Red Shoe Productions. T\u00e1 an sc\u00e9im oscailte do thri\u00far ceolt\u00f3ir\u00ed a sheinneann ceol traidisi\u00fanta na h\u00c9ireann, at\u00e1 lonnaithe i mB\u00e9al Feirste agus at\u00e1 idir 18 \u2013 25 bliain d&#8217;aois, agus faigheann siad spar\u00e1nacht \u00a33000 chomh maith le taca\u00edocht, oili\u00faint agus meant\u00f3ireacht luachmhar. <\/p>\n<p>Bh\u00ed tionchar dochreidte ag na spar\u00e1nachta\u00ed ar ghairmeacha na mbuaiteoir\u00ed \u00f3ga, de bharr go raibh siad in ann forbairt a dh\u00e9anamh ar a gcuid ceoil, agus toisc gur chuir s\u00e9 go leor deiseanna nua ar f\u00e1il d\u00f3ibh, ar n\u00f3s deis a bheith ar an teilif\u00eds  n\u00e1isi\u00fanta agus ar an raidi\u00f3.<br \/>\n&nbsp;<\/p>\n<hr>\n<h3>Erin Rose Mullan<\/h3>\n<p><a href=\"https:\/\/tg4-docs.s3.amazonaws.com\/wp-content\/uploads\/2025\/04\/23144350\/Erin_Rose_Mullan_1-1920x1080-1.jpg\"><img loading=\"lazy\" decoding=\"async\" width=\"250\" height=\"141\" src=\"https:\/\/tg4-docs.s3.amazonaws.com\/wp-content\/uploads\/2025\/04\/23144350\/Erin_Rose_Mullan_1-1920x1080-1-250x141.jpg\" alt=\"\" class=\"aligncenter size-medium wp-image-244709\" srcset=\"https:\/\/tg4-docs.s3.amazonaws.com\/wp-content\/uploads\/2025\/04\/23144350\/Erin_Rose_Mullan_1-1920x1080-1-250x141.jpg 250w, https:\/\/tg4-docs.s3.amazonaws.com\/wp-content\/uploads\/2025\/04\/23144350\/Erin_Rose_Mullan_1-1920x1080-1-700x394.jpg 700w, https:\/\/tg4-docs.s3.amazonaws.com\/wp-content\/uploads\/2025\/04\/23144350\/Erin_Rose_Mullan_1-1920x1080-1-252x141.jpg 252w, https:\/\/tg4-docs.s3.amazonaws.com\/wp-content\/uploads\/2025\/04\/23144350\/Erin_Rose_Mullan_1-1920x1080-1-1536x864.jpg 1536w, https:\/\/tg4-docs.s3.amazonaws.com\/wp-content\/uploads\/2025\/04\/23144350\/Erin_Rose_Mullan_1-1920x1080-1-120x68.jpg 120w, https:\/\/tg4-docs.s3.amazonaws.com\/wp-content\/uploads\/2025\/04\/23144350\/Erin_Rose_Mullan_1-1920x1080-1.jpg 1920w\" sizes=\"(max-width: 250px) 100vw, 250px\" \/><\/a><\/p>\n<p>Is ceolt\u00f3ir il-uirlise \u00ed Erin Rose Mullan, at\u00e1 19 mbliana d\u2019aois, as B\u00e9al Feirste, Co. Aontroma, a sheineann an fhidil, an bainse\u00f3 agus an bosca ceoil. Is cainteoir l\u00edofa Gaeilge \u00ed agus t\u00e1 s\u00ed ag tabhairt faoi ch\u00e9im sa Ghaeilge le Ceol faoi l\u00e1thair in Ollscoil Uladh. T\u00e1 ceangal teaghlaigh aici le Madden\u2019s Bar i mB\u00e9al Feirste, \u00e1it ar bhuail s\u00ed le roinnt de na ceolt\u00f3ir\u00ed traidisi\u00fanta is fearr in \u00c9irinn nuair a bh\u00ed s\u00ed \u00f3g. <\/p>\n<p>Bh\u00ed an-tionchar ag go leor ceolt\u00f3ir\u00ed uirthi ar n\u00f3s Ruadhra\u00ed O\u2019Kane, Laura agus Barry Kerr, Conor Calwell, Mair\u00e9ad Ford, Shane McAleer agus go leor eile. Thosaigh s\u00ed ag foghlaim leis an bhfidil a sheinm le Laura Kerr nuair a bh\u00ed s\u00ed seacht mbliana d\u2019aois agus go luath ina dhiaidh sin thosaigh s\u00ed ag seinm an bhainse\u00f3 le Bronagh Graham. T\u00e1 s\u00ed ag cleachtadh chun an bosca ceoil a sheinm le Damian McKee faoi l\u00e1thair.<\/p>\n<p>Sheinn s\u00ed in go leor ionad agus ag go leor f\u00e9ilte, mar shampla, Waterfront Hall Bh\u00e9al Feirste, Margadh Naomh Seoirse (le Four Men and a Dog), an Black Box, an Duncairn agus Electric Picnic. Fuair s\u00ed taith\u00ed ar cheol ceolfhoirne roimhe seo nuair a d\u2019fhreastail s\u00ed ar Scoil Samhraidh Mheitheal in 2022. Thosaigh s\u00ed ag m\u00faineadh ceoil le gairid i mbunscoileanna ar fud Bh\u00e9al Feirste. Bh\u00ed s\u00ed ina bean an t\u00ed ag seisi\u00fain ceoil thraidisi\u00fanta ar fud na h\u00c9ireann ag f\u00e9ilte ar n\u00f3s Fh\u00e9ile Cheoil Thraidisi\u00fanta Bh\u00e9al Feirste, F\u00e9ile an Phobail, F\u00e9ile Cheoil Thraidisi\u00fanta Inse agus Scoil Gheimhridh Ghaoth Dobhair. <\/p>\n<p>&nbsp;<\/p>\n<hr>\n<h3>Jude Scott<\/h3>\n<p><a href=\"https:\/\/tg4-docs.s3.amazonaws.com\/wp-content\/uploads\/2025\/04\/23144826\/Jude_Scott_1-1920x1080-1.jpg\"><img loading=\"lazy\" decoding=\"async\" width=\"250\" height=\"141\" src=\"https:\/\/tg4-docs.s3.amazonaws.com\/wp-content\/uploads\/2025\/04\/23144826\/Jude_Scott_1-1920x1080-1-250x141.jpg\" alt=\"\" class=\"aligncenter size-medium wp-image-244710\" srcset=\"https:\/\/tg4-docs.s3.amazonaws.com\/wp-content\/uploads\/2025\/04\/23144826\/Jude_Scott_1-1920x1080-1-250x141.jpg 250w, https:\/\/tg4-docs.s3.amazonaws.com\/wp-content\/uploads\/2025\/04\/23144826\/Jude_Scott_1-1920x1080-1-700x394.jpg 700w, https:\/\/tg4-docs.s3.amazonaws.com\/wp-content\/uploads\/2025\/04\/23144826\/Jude_Scott_1-1920x1080-1-252x141.jpg 252w, https:\/\/tg4-docs.s3.amazonaws.com\/wp-content\/uploads\/2025\/04\/23144826\/Jude_Scott_1-1920x1080-1-1536x864.jpg 1536w, https:\/\/tg4-docs.s3.amazonaws.com\/wp-content\/uploads\/2025\/04\/23144826\/Jude_Scott_1-1920x1080-1-120x68.jpg 120w, https:\/\/tg4-docs.s3.amazonaws.com\/wp-content\/uploads\/2025\/04\/23144826\/Jude_Scott_1-1920x1080-1.jpg 1920w\" sizes=\"(max-width: 250px) 100vw, 250px\" \/><\/a><\/p>\n<p>Is ceolt\u00f3ir \u00f3g \u00e9 Jude Scott as B\u00e9al Feirste, at\u00e1 ag d\u00e9anamh c\u00e9ime sa L\u00e9iri\u00fa Ceoil agus Fuaime faoi l\u00e1thair in Ollscoil na Banr\u00edona, B\u00e9al Feirste. Is \u00ed an fhli\u00fait an sainr\u00e9imse ceoil at\u00e1 aige agus t\u00e1 an-tionchar ag seinnteoir\u00ed fli\u00faite Bh\u00e9al Feirste air ar n\u00f3s Harry Bradley agus Desi Wilkinson, chomh maith le ceolt\u00f3ir\u00ed eile \u00f3 thuaidh ar n\u00f3s Gary Hastings agus Cathal McConnell.<br \/>\nT\u00e1 Jude ag seinm ceoil \u00f3 bh\u00ed s\u00e9 \u00f3g agus d&#8217;fhoghlaim s\u00e9 an fhead\u00f3g st\u00e1in i Scoil Cheoil Thraidisi\u00fanta Ghleann Gormlaith. Sheinn s\u00e9 mar chuid de ghr\u00fapa ceoil Scoil Cheoil Thraidisi\u00fanta Ghleann Gormlaith ag Gradam Ceoil TG4 in 2021, nuair a bronnadh an Gradam Comaoine ar an scoil. As sin, thosaigh Jude ag gn\u00f3th\u00fa cl\u00fa d\u00f3 f\u00e9in ag seisi\u00fain i mB\u00e9al Feirste, ag seinm go rialta sa Garrick, John Hewitt agus Madden\u2019s Bar. B\u00edonn s\u00e9 ina fhear an t\u00ed go rialta anois ar sheisi\u00fain in Madden\u2019s agus Seaton\u2019s of Sailortown.<\/p>\n<p>T\u00e1 an-taith\u00ed ag Jude ar bheith ag seinm ar st\u00e1itse cheana f\u00e9in, ag seinm lena dhearth\u00e1ir Martin agus leis an mbanna ceoil Dall. T\u00e1 seinnte aige in ionaid agus ag f\u00e9ilte \u00e9ags\u00fala i mB\u00e9al Feirste ar n\u00f3s Flutopia agus Festival Club ag F\u00e9ile Cheoil Thraidisi\u00fanta Bh\u00e9al Feirste, sheinn s\u00e9 ar shl\u00ed an tseisi\u00fain le F\u00e9ile an Phobail agus F\u00e9ile na hAbhann, agus is \u00e9 a bh\u00ed ar st\u00e1itse sula ndeachaigh Matt Molloy, John Carty agus Brian McGrath i mbun ceoil in Ionad Eala\u00edon an Crescent.<br \/>\nAgus \u00e9 ag s\u00fail le traidisi\u00fan na fli\u00faite a bhr\u00fa n\u00edos faide f\u00f3s chun cinn, f\u00e9achann Jude le taighde a dh\u00e9anamh ar fhoinn agus st\u00f3rtha ceoil \u00e1iti\u00fala agus iad a bhaili\u00fa, chomh maith le bheith ag seinm ag f\u00e9ilte agus ag ionaid \u00e9ags\u00fala i rith na bliana seo chugainn.<\/p>\n<p>&nbsp;<\/p>\n<hr>\n<h3>Ois\u00edn Murphy<\/h3>\n<p><a href=\"https:\/\/tg4-docs.s3.amazonaws.com\/wp-content\/uploads\/2025\/04\/23145118\/Oisin_Murphy_1-1920x1080-1.jpg\"><img loading=\"lazy\" decoding=\"async\" width=\"250\" height=\"141\" src=\"https:\/\/tg4-docs.s3.amazonaws.com\/wp-content\/uploads\/2025\/04\/23145118\/Oisin_Murphy_1-1920x1080-1-250x141.jpg\" alt=\"\" class=\"aligncenter size-medium wp-image-244711\" srcset=\"https:\/\/tg4-docs.s3.amazonaws.com\/wp-content\/uploads\/2025\/04\/23145118\/Oisin_Murphy_1-1920x1080-1-250x141.jpg 250w, https:\/\/tg4-docs.s3.amazonaws.com\/wp-content\/uploads\/2025\/04\/23145118\/Oisin_Murphy_1-1920x1080-1-700x394.jpg 700w, https:\/\/tg4-docs.s3.amazonaws.com\/wp-content\/uploads\/2025\/04\/23145118\/Oisin_Murphy_1-1920x1080-1-252x141.jpg 252w, https:\/\/tg4-docs.s3.amazonaws.com\/wp-content\/uploads\/2025\/04\/23145118\/Oisin_Murphy_1-1920x1080-1-1536x864.jpg 1536w, https:\/\/tg4-docs.s3.amazonaws.com\/wp-content\/uploads\/2025\/04\/23145118\/Oisin_Murphy_1-1920x1080-1-120x68.jpg 120w, https:\/\/tg4-docs.s3.amazonaws.com\/wp-content\/uploads\/2025\/04\/23145118\/Oisin_Murphy_1-1920x1080-1.jpg 1920w\" sizes=\"(max-width: 250px) 100vw, 250px\" \/><\/a><\/p>\n<p>Is as Scairbh na gCaorach i gCo. Mhuineach\u00e1in d\u2019Ois\u00edn agus is ceolt\u00f3ir ilchumasach \u00e9 a sheinneann an bainse\u00f3 agus an maindil\u00edn. Bhain s\u00e9 c\u00e9im amach sa Cheol in Ollscoil Uladh le gairid agus t\u00e1 seinnte aige ag ceolchoirmeacha go leor in \u00c9irinn agus san Eoraip, St\u00e1it Aontaithe Mheirice\u00e1, chomh maith le hAontas na n\u00c9im\u00edr\u00edochta\u00ed Arabacha agus an Aet\u00f3ip. Is cainteoir l\u00edofa Gaeilge \u00e9 Ois\u00edn agus d\u2019fhoghlaim s\u00e9 Gaeilge le linn a chuid oideachais dara leibh\u00e9al i gCol\u00e1iste Oiriall i Muineach\u00e1n agus tr\u00ed am a chaitheamh i gceantair Ghaeltachta \u00e9ags\u00fala. <\/p>\n<p>D\u2019\u00e9irigh go hiontach le hOis\u00edn ag aois an-\u00f3g ag fleadha, feiseanna agus f\u00e9ilte \u00e9ags\u00fala, ag cur lena chl\u00fa mar cheolt\u00f3ir lena st\u00edl ar leith ceoil agus t\u00e1 s\u00e9 ar a chompord ag seinm le daoine eile n\u00f3 ina aonar. T\u00e1 comhar fuinni\u00fail forbartha aige thar na mblianta leis an ngiot\u00e1ra\u00ed agus an t-amhr\u00e1na\u00ed Micky Fearon agus t\u00e1 seinnte aige le Sin\u00e9ad McKenna ar bronnadh Spar\u00e1nacht Ghradam Ceoil uirthi f\u00e9in.<\/p>\n<p>Anois agus \u00e9 ina ch\u00f3na\u00ed i mB\u00e9al Feirste, t\u00e1 Ois\u00edn b\u00e1ite i gceol traidisi\u00fanta br\u00edomhar na h\u00e1ite. B\u00edonn s\u00e9 ag freastal ar sheisi\u00fain ceoil bhr\u00edomhara go minic, ag seinm in \u00e9ineacht le roinnt de na ceolt\u00f3ir\u00ed is fearr sa chathair i saol an cheoil thraidisi\u00fanta agus an cheoil t\u00edre araon. T\u00e1 tionchar ag cine\u00e1lacha \u00e9ags\u00fala ceoil ar fud na h\u00c9ireann ar a chuid ceoil, go h\u00e1irithe oidhreacht shaibhir r\u00e9igi\u00fan na teorann idir Mhuineach\u00e1n, Th\u00edr Eoghain agus Fhear Manach.<\/p>\n<p>&nbsp;<\/p>\n","protected":false},"excerpt":{"rendered":"<p>Gradam Ceoil TG4 2025 | Sc\u00e9im Spar\u00e1nacht Rinne B\u00e9al Feirste \u00f3st\u00e1il ar an ngradam c\u00e1ili\u00fail, Gradam Ceoil TG4, ar feadh c\u00faig bliana. D\u2019fh\u00e1iltigh cathair Bh\u00e9al Feirste roimh an deis aitheantas a thabhairt do na ceolt\u00f3ir\u00ed cumasacha as gach cearn den oile\u00e1n agus don phaisean spreag\u00fail at\u00e1 acu do cheol traidisi\u00fanta na h\u00c9ireann. Chomh maith leis [&hellip;]<\/p>\n","protected":false},"author":4,"featured_media":213783,"parent":12975,"menu_order":6,"comment_status":"closed","ping_status":"closed","template":"page-templates\/template-corporate.php","meta":{"_acf_changed":false,"footnotes":""},"acf":[],"yoast_head":"<!-- This site is optimized with the Yoast SEO plugin v22.6 - https:\/\/yoast.com\/wordpress\/plugins\/seo\/ -->\n<title>Gradam Ceoil TG4 2025 | Sceim Spar\u00e1nacht | TG4<\/title>\n<meta name=\"description\" content=\"Mar gheall ar chomh maith agus a d\u2019\u00e9irigh leis an nGradam i mB\u00e9al Feirste, chruthaigh Comhairle Cathrach Bh\u00e9al Feirste an ch\u00e9ad Sc\u00e9im Spar\u00e1nachta do Ghradam Ceoil TG4 i gcomhph\u00e1irt\u00edocht le TG4, Ionad Eala\u00edon Duncairn agus Red Shoe Productions\" \/>\n<meta name=\"robots\" content=\"index, follow, max-snippet:-1, max-image-preview:large, max-video-preview:-1\" \/>\n<meta property=\"og:locale\" content=\"en_US\" \/>\n<meta property=\"og:type\" content=\"article\" \/>\n<meta property=\"og:title\" content=\"Gradam Ceoil TG4 2025 | Sceim Spar\u00e1nacht | TG4\" \/>\n<meta property=\"og:description\" content=\"Mar gheall ar chomh maith agus a d\u2019\u00e9irigh leis an nGradam i mB\u00e9al Feirste, chruthaigh Comhairle Cathrach Bh\u00e9al Feirste an ch\u00e9ad Sc\u00e9im Spar\u00e1nachta do Ghradam Ceoil TG4 i gcomhph\u00e1irt\u00edocht le TG4, Ionad Eala\u00edon Duncairn agus Red Shoe Productions\" \/>\n<meta property=\"og:url\" content=\"https:\/\/dev.tg4.ie\/ga\/brandai-eile\/gradam-ceoil\/sparanacht\/\" \/>\n<meta property=\"og:site_name\" content=\"TG4\" \/>\n<meta property=\"article:publisher\" content=\"https:\/\/www.facebook.com\/TG4TV\" \/>\n<meta property=\"article:modified_time\" content=\"2025-04-23T13:57:28+00:00\" \/>\n<meta property=\"og:image\" content=\"https:\/\/tg4-docs.s3.amazonaws.com\/wp-content\/uploads\/2025\/04\/23145418\/Sparanacht2025_1-1920x1080-1.jpg\" \/>\n\t<meta property=\"og:image:width\" content=\"1920\" \/>\n\t<meta property=\"og:image:height\" content=\"1080\" \/>\n\t<meta property=\"og:image:type\" content=\"image\/jpeg\" \/>\n<meta name=\"twitter:card\" content=\"summary_large_image\" \/>\n<meta name=\"twitter:image\" content=\"https:\/\/tg4-docs.s3.amazonaws.com\/wp-content\/uploads\/2025\/04\/23145418\/Sparanacht2025_1-1920x1080-1.jpg\" \/>\n<meta name=\"twitter:site\" content=\"@TG4TV\" \/>\n<meta name=\"twitter:label1\" content=\"Est. reading time\" \/>\n\t<meta name=\"twitter:data1\" content=\"6 minutes\" \/>\n<script type=\"application\/ld+json\" class=\"yoast-schema-graph\">{\"@context\":\"https:\/\/schema.org\",\"@graph\":[{\"@type\":\"WebPage\",\"@id\":\"https:\/\/dev.tg4.ie\/ga\/brandai-eile\/gradam-ceoil\/sparanacht\/\",\"url\":\"https:\/\/dev.tg4.ie\/ga\/brandai-eile\/gradam-ceoil\/sparanacht\/\",\"name\":\"Gradam Ceoil TG4 2025 | Sceim Spar\u00e1nacht | TG4\",\"isPartOf\":{\"@id\":\"https:\/\/dev.tg4.ie\/en\/#website\"},\"primaryImageOfPage\":{\"@id\":\"https:\/\/dev.tg4.ie\/ga\/brandai-eile\/gradam-ceoil\/sparanacht\/#primaryimage\"},\"image\":{\"@id\":\"https:\/\/dev.tg4.ie\/ga\/brandai-eile\/gradam-ceoil\/sparanacht\/#primaryimage\"},\"thumbnailUrl\":\"https:\/\/tg4-docs.s3.amazonaws.com\/wp-content\/uploads\/2024\/03\/26121050\/Gradam_Ceoil_TG4_glan_1-1920x1080-1.jpg\",\"datePublished\":\"2024-04-10T14:55:11+00:00\",\"dateModified\":\"2025-04-23T13:57:28+00:00\",\"description\":\"Mar gheall ar chomh maith agus a d\u2019\u00e9irigh leis an nGradam i mB\u00e9al Feirste, chruthaigh Comhairle Cathrach Bh\u00e9al Feirste an ch\u00e9ad Sc\u00e9im Spar\u00e1nachta do Ghradam Ceoil TG4 i gcomhph\u00e1irt\u00edocht le TG4, Ionad Eala\u00edon Duncairn agus Red Shoe Productions\",\"breadcrumb\":{\"@id\":\"https:\/\/dev.tg4.ie\/ga\/brandai-eile\/gradam-ceoil\/sparanacht\/#breadcrumb\"},\"inLanguage\":\"ga\",\"potentialAction\":[{\"@type\":\"ReadAction\",\"target\":[\"https:\/\/dev.tg4.ie\/ga\/brandai-eile\/gradam-ceoil\/sparanacht\/\"]}]},{\"@type\":\"ImageObject\",\"inLanguage\":\"ga\",\"@id\":\"https:\/\/dev.tg4.ie\/ga\/brandai-eile\/gradam-ceoil\/sparanacht\/#primaryimage\",\"url\":\"https:\/\/tg4-docs.s3.amazonaws.com\/wp-content\/uploads\/2024\/03\/26121050\/Gradam_Ceoil_TG4_glan_1-1920x1080-1.jpg\",\"contentUrl\":\"https:\/\/tg4-docs.s3.amazonaws.com\/wp-content\/uploads\/2024\/03\/26121050\/Gradam_Ceoil_TG4_glan_1-1920x1080-1.jpg\",\"width\":1920,\"height\":1080},{\"@type\":\"BreadcrumbList\",\"@id\":\"https:\/\/dev.tg4.ie\/ga\/brandai-eile\/gradam-ceoil\/sparanacht\/#breadcrumb\",\"itemListElement\":[{\"@type\":\"ListItem\",\"position\":1,\"name\":\"Home\",\"item\":\"https:\/\/dev.tg4.ie\/ga\/\"},{\"@type\":\"ListItem\",\"position\":2,\"name\":\"Branda\u00ed Eile\",\"item\":\"https:\/\/dev.tg4.ie\/ga\/brandai-eile\/\"},{\"@type\":\"ListItem\",\"position\":3,\"name\":\"Gradam Ceoil TG4\",\"item\":\"https:\/\/dev.tg4.ie\/ga\/brandai-eile\/gradam-ceoil\/\"},{\"@type\":\"ListItem\",\"position\":4,\"name\":\"Spar\u00e1nacht\"}]},{\"@type\":\"WebSite\",\"@id\":\"https:\/\/dev.tg4.ie\/en\/#website\",\"url\":\"https:\/\/dev.tg4.ie\/en\/\",\"name\":\"TG4\",\"description\":\"S\u00fail Eile\",\"potentialAction\":[{\"@type\":\"SearchAction\",\"target\":{\"@type\":\"EntryPoint\",\"urlTemplate\":\"https:\/\/dev.tg4.ie\/en\/?s={search_term_string}\"},\"query-input\":\"required name=search_term_string\"}],\"inLanguage\":\"ga\"}]}<\/script>\n<!-- \/ Yoast SEO plugin. -->","yoast_head_json":{"title":"Gradam Ceoil TG4 2025 | Sceim Spar\u00e1nacht | TG4","description":"Mar gheall ar chomh maith agus a d\u2019\u00e9irigh leis an nGradam i mB\u00e9al Feirste, chruthaigh Comhairle Cathrach Bh\u00e9al Feirste an ch\u00e9ad Sc\u00e9im Spar\u00e1nachta do Ghradam Ceoil TG4 i gcomhph\u00e1irt\u00edocht le TG4, Ionad Eala\u00edon Duncairn agus Red Shoe Productions","robots":{"index":"index","follow":"follow","max-snippet":"max-snippet:-1","max-image-preview":"max-image-preview:large","max-video-preview":"max-video-preview:-1"},"og_locale":"en_US","og_type":"article","og_title":"Gradam Ceoil TG4 2025 | Sceim Spar\u00e1nacht | TG4","og_description":"Mar gheall ar chomh maith agus a d\u2019\u00e9irigh leis an nGradam i mB\u00e9al Feirste, chruthaigh Comhairle Cathrach Bh\u00e9al Feirste an ch\u00e9ad Sc\u00e9im Spar\u00e1nachta do Ghradam Ceoil TG4 i gcomhph\u00e1irt\u00edocht le TG4, Ionad Eala\u00edon Duncairn agus Red Shoe Productions","og_url":"https:\/\/dev.tg4.ie\/ga\/brandai-eile\/gradam-ceoil\/sparanacht\/","og_site_name":"TG4","article_publisher":"https:\/\/www.facebook.com\/TG4TV","article_modified_time":"2025-04-23T13:57:28+00:00","og_image":[{"width":1920,"height":1080,"url":"https:\/\/tg4-docs.s3.amazonaws.com\/wp-content\/uploads\/2025\/04\/23145418\/Sparanacht2025_1-1920x1080-1.jpg","type":"image\/jpeg"}],"twitter_card":"summary_large_image","twitter_image":"https:\/\/tg4-docs.s3.amazonaws.com\/wp-content\/uploads\/2025\/04\/23145418\/Sparanacht2025_1-1920x1080-1.jpg","twitter_site":"@TG4TV","twitter_misc":{"Est. reading time":"6 minutes"},"schema":{"@context":"https:\/\/schema.org","@graph":[{"@type":"WebPage","@id":"https:\/\/dev.tg4.ie\/ga\/brandai-eile\/gradam-ceoil\/sparanacht\/","url":"https:\/\/dev.tg4.ie\/ga\/brandai-eile\/gradam-ceoil\/sparanacht\/","name":"Gradam Ceoil TG4 2025 | Sceim Spar\u00e1nacht | TG4","isPartOf":{"@id":"https:\/\/dev.tg4.ie\/en\/#website"},"primaryImageOfPage":{"@id":"https:\/\/dev.tg4.ie\/ga\/brandai-eile\/gradam-ceoil\/sparanacht\/#primaryimage"},"image":{"@id":"https:\/\/dev.tg4.ie\/ga\/brandai-eile\/gradam-ceoil\/sparanacht\/#primaryimage"},"thumbnailUrl":"https:\/\/tg4-docs.s3.amazonaws.com\/wp-content\/uploads\/2024\/03\/26121050\/Gradam_Ceoil_TG4_glan_1-1920x1080-1.jpg","datePublished":"2024-04-10T14:55:11+00:00","dateModified":"2025-04-23T13:57:28+00:00","description":"Mar gheall ar chomh maith agus a d\u2019\u00e9irigh leis an nGradam i mB\u00e9al Feirste, chruthaigh Comhairle Cathrach Bh\u00e9al Feirste an ch\u00e9ad Sc\u00e9im Spar\u00e1nachta do Ghradam Ceoil TG4 i gcomhph\u00e1irt\u00edocht le TG4, Ionad Eala\u00edon Duncairn agus Red Shoe Productions","breadcrumb":{"@id":"https:\/\/dev.tg4.ie\/ga\/brandai-eile\/gradam-ceoil\/sparanacht\/#breadcrumb"},"inLanguage":"ga","potentialAction":[{"@type":"ReadAction","target":["https:\/\/dev.tg4.ie\/ga\/brandai-eile\/gradam-ceoil\/sparanacht\/"]}]},{"@type":"ImageObject","inLanguage":"ga","@id":"https:\/\/dev.tg4.ie\/ga\/brandai-eile\/gradam-ceoil\/sparanacht\/#primaryimage","url":"https:\/\/tg4-docs.s3.amazonaws.com\/wp-content\/uploads\/2024\/03\/26121050\/Gradam_Ceoil_TG4_glan_1-1920x1080-1.jpg","contentUrl":"https:\/\/tg4-docs.s3.amazonaws.com\/wp-content\/uploads\/2024\/03\/26121050\/Gradam_Ceoil_TG4_glan_1-1920x1080-1.jpg","width":1920,"height":1080},{"@type":"BreadcrumbList","@id":"https:\/\/dev.tg4.ie\/ga\/brandai-eile\/gradam-ceoil\/sparanacht\/#breadcrumb","itemListElement":[{"@type":"ListItem","position":1,"name":"Home","item":"https:\/\/dev.tg4.ie\/ga\/"},{"@type":"ListItem","position":2,"name":"Branda\u00ed Eile","item":"https:\/\/dev.tg4.ie\/ga\/brandai-eile\/"},{"@type":"ListItem","position":3,"name":"Gradam Ceoil TG4","item":"https:\/\/dev.tg4.ie\/ga\/brandai-eile\/gradam-ceoil\/"},{"@type":"ListItem","position":4,"name":"Spar\u00e1nacht"}]},{"@type":"WebSite","@id":"https:\/\/dev.tg4.ie\/en\/#website","url":"https:\/\/dev.tg4.ie\/en\/","name":"TG4","description":"S\u00fail Eile","potentialAction":[{"@type":"SearchAction","target":{"@type":"EntryPoint","urlTemplate":"https:\/\/dev.tg4.ie\/en\/?s={search_term_string}"},"query-input":"required name=search_term_string"}],"inLanguage":"ga"}]}},"_links":{"self":[{"href":"https:\/\/dev.tg4.ie\/ga\/wp-json\/wp\/v2\/pages\/214604"}],"collection":[{"href":"https:\/\/dev.tg4.ie\/ga\/wp-json\/wp\/v2\/pages"}],"about":[{"href":"https:\/\/dev.tg4.ie\/ga\/wp-json\/wp\/v2\/types\/page"}],"author":[{"embeddable":true,"href":"https:\/\/dev.tg4.ie\/ga\/wp-json\/wp\/v2\/users\/4"}],"replies":[{"embeddable":true,"href":"https:\/\/dev.tg4.ie\/ga\/wp-json\/wp\/v2\/comments?post=214604"}],"version-history":[{"count":0,"href":"https:\/\/dev.tg4.ie\/ga\/wp-json\/wp\/v2\/pages\/214604\/revisions"}],"up":[{"embeddable":true,"href":"https:\/\/dev.tg4.ie\/ga\/wp-json\/wp\/v2\/pages\/12975"}],"wp:featuredmedia":[{"embeddable":true,"href":"https:\/\/dev.tg4.ie\/ga\/wp-json\/wp\/v2\/media\/213783"}],"wp:attachment":[{"href":"https:\/\/dev.tg4.ie\/ga\/wp-json\/wp\/v2\/media?parent=214604"}],"curies":[{"name":"wp","href":"https:\/\/api.w.org\/{rel}","templated":true}]}}